{"id":10814,"date":"2025-05-02T20:26:05","date_gmt":"2025-05-02T17:26:05","guid":{"rendered":"https:\/\/hand2noteguide.com\/?page_id=10814"},"modified":"2026-03-10T11:24:50","modified_gmt":"2026-03-10T08:24:50","slug":"exporting-and-importing-configuration-to-hand2note","status":"publish","type":"page","link":"https:\/\/hand2noteguide.com\/pt\/user-manual\/exporting-and-importing-configuration-to-hand2note\/","title":{"rendered":"Exportando e importando configura\u00e7\u00e3o no Hand2Note"},"content":{"rendered":"\n<p>O Hand2Note permite salvar (exportar) a configura\u00e7\u00e3o para um arquivo de configura\u00e7\u00e3o especial. Assim como instalar (importar) a configura\u00e7\u00e3o de um arquivo para o Hand2Note.<\/p>\n\n\n\n<p>A configura\u00e7\u00e3o inclui todos os pacotes de estat\u00edsticas, HUDs, popups, bem como todas as configura\u00e7\u00f5es, como posi\u00e7\u00f5es dos pain\u00e9is do HUD na mesa, entre muitas outras.<\/p>\n\n\n\n<p>Esta fun\u00e7\u00e3o \u00e9 \u00fatil no caso de transfer\u00eancia do Hand2Note de um dispositivo para outro, assim como para salvar todas as configura\u00e7\u00f5es em caso de risco de perda de dados.<\/p>\n\n\n\n<h2 class=\"wp-block-heading\">Exportando a configura\u00e7\u00e3o<\/h2>\n\n\n\n<p>Para exportar a configura\u00e7\u00e3o, encontre \u201cConfiguration\u201d (1) no menu superior da janela do Hand2Note e clique nele. Em seguida, clique em \u201cExport Config\u2026\u201d (2) na lista suspensa. Na janela que se abre, especifique o local de salvamento e o nome do arquivo de configura\u00e7\u00e3o do Hand2Note (3), depois clique em \u201cSave\u201d (4).<\/p>\n\n\n\n<figure class=\"wp-block-image size-large\"><img loading=\"lazy\" decoding=\"async\" width=\"1024\" height=\"576\" src=\"http:\/\/hand2noteguide.com\/wp-content\/uploads\/2025\/05\/\u0411\u0435\u0437-\u0438\u043c\u043532434\u043d\u0438-1-1024x576.jpg\" alt=\"\" class=\"wp-image-10831\" srcset=\"https:\/\/hand2noteguide.com\/wp-content\/uploads\/2025\/05\/\u0411\u0435\u0437-\u0438\u043c\u043532434\u043d\u0438-1-1024x576.jpg 1024w, https:\/\/hand2noteguide.com\/wp-content\/uploads\/2025\/05\/\u0411\u0435\u0437-\u0438\u043c\u043532434\u043d\u0438-1-300x169.jpg 300w, https:\/\/hand2noteguide.com\/wp-content\/uploads\/2025\/05\/\u0411\u0435\u0437-\u0438\u043c\u043532434\u043d\u0438-1-768x432.jpg 768w, https:\/\/hand2noteguide.com\/wp-content\/uploads\/2025\/05\/\u0411\u0435\u0437-\u0438\u043c\u043532434\u043d\u0438-1-1536x864.jpg 1536w, https:\/\/hand2noteguide.com\/wp-content\/uploads\/2025\/05\/\u0411\u0435\u0437-\u0438\u043c\u043532434\u043d\u0438-1-772x434.jpg 772w, https:\/\/hand2noteguide.com\/wp-content\/uploads\/2025\/05\/\u0411\u0435\u0437-\u0438\u043c\u043532434\u043d\u0438-1-624x351.jpg 624w, https:\/\/hand2noteguide.com\/wp-content\/uploads\/2025\/05\/\u0411\u0435\u0437-\u0438\u043c\u043532434\u043d\u0438-1.jpg 1920w\" sizes=\"auto, (max-width: 1024px) 100vw, 1024px\" \/><\/figure>\n\n\n\n<p><em>O arquivo de configura\u00e7\u00e3o, uma vez criado, deve ter a extens\u00e3o \u201c.h2nconfig\u201d.<\/em><\/p>\n\n\n\n<p>A fun\u00e7\u00e3o de Exportar e Importar Configura\u00e7\u00e3o n\u00e3o inclui salvar e instalar o banco de dados no Hand2Note. Para realizar a migra\u00e7\u00e3o do banco de dados, recomendamos ler este artigo:<em> <\/em><a href=\"https:\/\/hand2noteguide.com\/pt\/user-manual\/transferring-the-database-storage-location-as-well-as-creating-a-new-database\/\">Transferindo o Banco de Dados do Hand2Note para um Novo Diret\u00f3rio<\/a>.<\/p>\n\n\n\n<h2 class=\"wp-block-heading\">Importando a configura\u00e7\u00e3o<\/h2>\n\n\n\n<p>Para importar a configura\u00e7\u00e3o, encontre \u201cConfiguration\u201d (1) no menu superior da janela do Hand2Note e clique nele. Em seguida, clique em \u201cImport Config\u2026\u201d (2) na lista suspensa. Na janela aberta, encontre o local para salvar o arquivo de configura\u00e7\u00e3o do Hand2Note (com a extens\u00e3o de arquivo \u201c.h2nconfig\u201d) e selecione-o (3), depois clique em \u201cOpen\u201d (4).<\/p>\n\n\n\n<figure class=\"wp-block-image size-large\"><img loading=\"lazy\" decoding=\"async\" width=\"1024\" height=\"576\" src=\"http:\/\/hand2noteguide.com\/wp-content\/uploads\/2025\/05\/\u0411\u0435\u0437-werwer\u0438\u043c\u0435\u043d\u0438-1-1024x576.jpg\" alt=\"\" class=\"wp-image-10839\" srcset=\"https:\/\/hand2noteguide.com\/wp-content\/uploads\/2025\/05\/\u0411\u0435\u0437-werwer\u0438\u043c\u0435\u043d\u0438-1-1024x576.jpg 1024w, https:\/\/hand2noteguide.com\/wp-content\/uploads\/2025\/05\/\u0411\u0435\u0437-werwer\u0438\u043c\u0435\u043d\u0438-1-300x169.jpg 300w, https:\/\/hand2noteguide.com\/wp-content\/uploads\/2025\/05\/\u0411\u0435\u0437-werwer\u0438\u043c\u0435\u043d\u0438-1-768x432.jpg 768w, https:\/\/hand2noteguide.com\/wp-content\/uploads\/2025\/05\/\u0411\u0435\u0437-werwer\u0438\u043c\u0435\u043d\u0438-1-1536x864.jpg 1536w, https:\/\/hand2noteguide.com\/wp-content\/uploads\/2025\/05\/\u0411\u0435\u0437-werwer\u0438\u043c\u0435\u043d\u0438-1-772x434.jpg 772w, https:\/\/hand2noteguide.com\/wp-content\/uploads\/2025\/05\/\u0411\u0435\u0437-werwer\u0438\u043c\u0435\u043d\u0438-1-624x351.jpg 624w, https:\/\/hand2noteguide.com\/wp-content\/uploads\/2025\/05\/\u0411\u0435\u0437-werwer\u0438\u043c\u0435\u043d\u0438-1.jpg 1920w\" sizes=\"auto, (max-width: 1024px) 100vw, 1024px\" \/><\/figure>\n\n\n\n<p>Ap\u00f3s a importa\u00e7\u00e3o, permita que o Hand2Note reinicie o programa, isso permitir\u00e1 que todas as altera\u00e7\u00f5es entrem em vigor.<\/p>\n\n\n\n<p><em>Se ap\u00f3s a importa\u00e7\u00e3o da configura\u00e7\u00e3o voc\u00ea tiver algum problema com o Hand2Note (por exemplo &#8211; as fontes no cont\u00eainer de distribui\u00e7\u00e3o mudaram ou todo o texto neles se moveu para a direita) &#8211; reinicie seu computador, na maioria das situa\u00e7\u00f5es isso resolve tudo.<\/em><\/p>\n\n\n\n<h2 class=\"wp-block-heading\">Exporta\u00e7\u00e3o e importa\u00e7\u00e3o de notas<\/h2>\n\n\n\n<p>A fun\u00e7\u00e3o de exporta\u00e7\u00e3o e importa\u00e7\u00e3o de configura\u00e7\u00e3o n\u00e3o inclui notas.<\/p>\n\n\n\n<p>Para exportar e importar notas, siga os mesmos passos para exportar e importar a configura\u00e7\u00e3o. Encontre \u201cConfiguration\u201d (1) no menu superior da janela do Hand2Note e clique nele. Em seguida, na lista suspensa clique em \u201cExport Notes\u2026\u201d (2). Na janela que se abre, defina o local de salvamento e o nome do arquivo das notas do Hand2Note (3), depois clique em \u201cSave\u201d (4).<\/p>\n\n\n\n<p><em>O arquivo de notas, uma vez criado, deve ter a extens\u00e3o \u201c.h2nnotes\u201d.<\/em><\/p>\n\n\n\n<figure class=\"wp-block-image size-large\"><img loading=\"lazy\" decoding=\"async\" width=\"1024\" height=\"576\" src=\"http:\/\/hand2noteguide.com\/wp-content\/uploads\/2025\/05\/\u0411\u0435\u0437-\u0438561313767\u043c\u0435\u043d\u0438-1-1024x576.jpg\" alt=\"\" class=\"wp-image-10869\" srcset=\"https:\/\/hand2noteguide.com\/wp-content\/uploads\/2025\/05\/\u0411\u0435\u0437-\u0438561313767\u043c\u0435\u043d\u0438-1-1024x576.jpg 1024w, https:\/\/hand2noteguide.com\/wp-content\/uploads\/2025\/05\/\u0411\u0435\u0437-\u0438561313767\u043c\u0435\u043d\u0438-1-300x169.jpg 300w, https:\/\/hand2noteguide.com\/wp-content\/uploads\/2025\/05\/\u0411\u0435\u0437-\u0438561313767\u043c\u0435\u043d\u0438-1-768x432.jpg 768w, https:\/\/hand2noteguide.com\/wp-content\/uploads\/2025\/05\/\u0411\u0435\u0437-\u0438561313767\u043c\u0435\u043d\u0438-1-1536x864.jpg 1536w, https:\/\/hand2noteguide.com\/wp-content\/uploads\/2025\/05\/\u0411\u0435\u0437-\u0438561313767\u043c\u0435\u043d\u0438-1-772x434.jpg 772w, https:\/\/hand2noteguide.com\/wp-content\/uploads\/2025\/05\/\u0411\u0435\u0437-\u0438561313767\u043c\u0435\u043d\u0438-1-624x351.jpg 624w, https:\/\/hand2noteguide.com\/wp-content\/uploads\/2025\/05\/\u0411\u0435\u0437-\u0438561313767\u043c\u0435\u043d\u0438-1.jpg 1920w\" sizes=\"auto, (max-width: 1024px) 100vw, 1024px\" \/><\/figure>\n\n\n\n<p>Para importar notas, encontre \u201cConfiguration\u201d (5) no menu superior da janela do Hand2Note e clique nele. Em seguida, na lista suspensa clique em \u201cImport Notes\u2026\u201d (6). Na janela aberta, encontre o local para salvar o arquivo de notas do Hand2Note (com a extens\u00e3o de arquivo \u201c.h2nnotes\u201d) e selecione-o (7), depois clique em \u201cOpen\u201d (8).<\/p>\n\n\n\n<p>A exporta\u00e7\u00e3o e importa\u00e7\u00e3o de configura\u00e7\u00e3o, assim como a exporta\u00e7\u00e3o e importa\u00e7\u00e3o de notas, n\u00e3o incluem m\u00e3os marcadas. Para realizar a transfer\u00eancia de m\u00e3os marcadas, recomendamos ler o artigo:<em> <\/em><a href=\"https:\/\/hand2noteguide.com\/pt\/user-manual\/marking-hands-in-hand2note\/\">Marcando M\u00e3os no Hand2Note<\/a>.<\/p>\n","protected":false},"excerpt":{"rendered":"<p>O Hand2Note permite salvar (exportar) a configura\u00e7\u00e3o para um arquivo de configura\u00e7\u00e3o especial. Assim como instalar (importar) a configura\u00e7\u00e3o de um arquivo para o Hand2Note. A configura\u00e7\u00e3o inclui todos os pacotes de estat\u00edsticas, HUDs, popups, bem como todas as configura\u00e7\u00f5es, como posi\u00e7\u00f5es dos pain\u00e9is do HUD na mesa, entre muitas outras. Esta fun\u00e7\u00e3o \u00e9 \u00fatil &hellip; <a href=\"https:\/\/hand2noteguide.com\/pt\/user-manual\/exporting-and-importing-configuration-to-hand2note\/\" class=\"more-link\">Continue reading <span class=\"screen-reader-text\">Exportando e importando configura\u00e7\u00e3o no Hand2Note<\/span><\/a><\/p>\n","protected":false},"author":3,"featured_media":10974,"parent":9199,"menu_order":0,"comment_status":"closed","ping_status":"closed","template":"","meta":{"footnotes":""},"class_list":["post-10814","page","type-page","status-publish","has-post-thumbnail","hentry"],"translation":{"provider":"WPGlobus","version":"3.0.2","language":"pt","enabled_languages":["en","ru","pt","zh","es","fr","de","it","ja"],"languages":{"en":{"title":true,"content":true,"excerpt":false},"ru":{"title":true,"content":true,"excerpt":false},"pt":{"title":true,"content":true,"excerpt":false},"zh":{"title":true,"content":true,"excerpt":false},"es":{"title":true,"content":true,"excerpt":false},"fr":{"title":true,"content":true,"excerpt":false},"de":{"title":true,"content":true,"excerpt":false},"it":{"title":true,"content":true,"excerpt":false},"ja":{"title":true,"content":true,"excerpt":false}}},"yoast_head":"<!-- This site is optimized with the Yoast SEO plugin v27.0 - https:\/\/yoast.com\/product\/yoast-seo-wordpress\/ -->\n<title>Exportando e importando configura\u00e7\u00e3o no Hand2Note<\/title>\n<meta name=\"description\" content=\"Aprenda como exportar e importar configura\u00e7\u00f5es e notas do Hand2Note para transferir ou fazer backup com seguran\u00e7a das suas configura\u00e7\u00f5es de HUD.\" \/>\n<meta name=\"robots\" content=\"index, follow, max-snippet:-1, max-image-preview:large, max-video-preview:-1\" \/>\n<link rel=\"canonical\" href=\"https:\/\/hand2noteguide.com\/user-manual\/exporting-and-importing-configuration-to-hand2note\/\" \/>\n<meta property=\"og:locale\" content=\"pt_PT\" \/>\n<meta property=\"og:type\" content=\"article\" \/>\n<meta property=\"og:title\" content=\"Exportando e importando configura\u00e7\u00e3o no Hand2Note\" \/>\n<meta property=\"og:description\" content=\"Aprenda como exportar e importar configura\u00e7\u00f5es e notas do Hand2Note para transferir ou fazer backup com seguran\u00e7a das suas configura\u00e7\u00f5es de HUD.\" \/>\n<meta property=\"og:url\" content=\"https:\/\/hand2noteguide.com\/user-manual\/exporting-and-importing-configuration-to-hand2note\/\" \/>\n<meta property=\"og:site_name\" content=\"Hand2Note Guide\" \/>\n<meta property=\"article:modified_time\" content=\"2026-03-10T08:24:50+00:00\" \/>\n<meta property=\"og:image\" content=\"https:\/\/hand2noteguide.com\/wp-content\/uploads\/2025\/05\/export-import-h2n-min.png\" \/>\n\t<meta property=\"og:image:width\" content=\"1920\" \/>\n\t<meta property=\"og:image:height\" content=\"1400\" \/>\n\t<meta property=\"og:image:type\" content=\"image\/png\" \/>\n<meta name=\"twitter:card\" content=\"summary_large_image\" \/>\n<meta name=\"twitter:label1\" content=\"Est. reading time\" \/>\n\t<meta name=\"twitter:data1\" content=\"16 minutes\" \/>\n<!-- \/ Yoast SEO plugin. -->","yoast_head_json":{"title":"Exportando e importando configura\u00e7\u00e3o no Hand2Note","description":"Aprenda como exportar e importar configura\u00e7\u00f5es e notas do Hand2Note para transferir ou fazer backup com seguran\u00e7a das suas configura\u00e7\u00f5es de HUD.","robots":{"index":"index","follow":"follow","max-snippet":"max-snippet:-1","max-image-preview":"max-image-preview:large","max-video-preview":"max-video-preview:-1"},"canonical":"https:\/\/hand2noteguide.com\/user-manual\/exporting-and-importing-configuration-to-hand2note\/","og_locale":"pt_PT","og_type":"article","og_title":"Exportando e importando configura\u00e7\u00e3o no Hand2Note","og_description":"Aprenda como exportar e importar configura\u00e7\u00f5es e notas do Hand2Note para transferir ou fazer backup com seguran\u00e7a das suas configura\u00e7\u00f5es de HUD.","og_url":"https:\/\/hand2noteguide.com\/user-manual\/exporting-and-importing-configuration-to-hand2note\/","og_site_name":"Hand2Note Guide","article_modified_time":"2026-03-10T08:24:50+00:00","og_image":[{"width":1920,"height":1400,"url":"https:\/\/hand2noteguide.com\/wp-content\/uploads\/2025\/05\/export-import-h2n-min.png","type":"image\/png"}],"twitter_card":"summary_large_image","twitter_misc":{"Est. reading time":"16 minutes"},"schema":{"@context":"https:\/\/schema.org","@graph":[]}},"jetpack_sharing_enabled":true,"_links":{"self":[{"href":"https:\/\/hand2noteguide.com\/pt\/wp-json\/wp\/v2\/pages\/10814","targetHints":{"allow":["GET"]}}],"collection":[{"href":"https:\/\/hand2noteguide.com\/pt\/wp-json\/wp\/v2\/pages"}],"about":[{"href":"https:\/\/hand2noteguide.com\/pt\/wp-json\/wp\/v2\/types\/page"}],"author":[{"embeddable":true,"href":"https:\/\/hand2noteguide.com\/pt\/wp-json\/wp\/v2\/users\/3"}],"replies":[{"embeddable":true,"href":"https:\/\/hand2noteguide.com\/pt\/wp-json\/wp\/v2\/comments?post=10814"}],"version-history":[{"count":57,"href":"https:\/\/hand2noteguide.com\/pt\/wp-json\/wp\/v2\/pages\/10814\/revisions"}],"predecessor-version":[{"id":15625,"href":"https:\/\/hand2noteguide.com\/pt\/wp-json\/wp\/v2\/pages\/10814\/revisions\/15625"}],"up":[{"embeddable":true,"href":"https:\/\/hand2noteguide.com\/pt\/wp-json\/wp\/v2\/pages\/9199"}],"wp:featuredmedia":[{"embeddable":true,"href":"https:\/\/hand2noteguide.com\/pt\/wp-json\/wp\/v2\/media\/10974"}],"wp:attachment":[{"href":"https:\/\/hand2noteguide.com\/pt\/wp-json\/wp\/v2\/media?parent=10814"}],"curies":[{"name":"wp","href":"https:\/\/api.w.org\/{rel}","templated":true}]}}