{"id":11059,"date":"2025-05-10T13:34:35","date_gmt":"2025-05-10T10:34:35","guid":{"rendered":"https:\/\/hand2noteguide.com\/?page_id=11059"},"modified":"2026-03-10T11:26:40","modified_gmt":"2026-03-10T08:26:40","slug":"hand2note-sessions","status":"publish","type":"page","link":"https:\/\/hand2noteguide.com\/pt\/user-manual\/hand2note-sessions\/","title":{"rendered":"Ferramenta &#8220;Sessions&#8221; no Hand2Note"},"content":{"rendered":"\n<p>O Hand2Note permite que voc\u00ea visualize seus resultados no formato de sess\u00f5es de jogo \u2014 tanto durante o jogo quanto ap\u00f3s o t\u00e9rmino da sess\u00e3o.<\/p>\n\n\n\n<p>A se\u00e7\u00e3o Sessions exibe m\u00e9tricas chave do jogo para a sess\u00e3o, como: Win Rate EV, n\u00famero de m\u00e3os jogadas, dura\u00e7\u00e3o da sess\u00e3o e muitos outros.<\/p>\n\n\n\n<p>Este recurso \u00e9 \u00fatil para acompanhar seu desempenho atual em tempo real.<\/p>\n\n\n\n<h2 class=\"wp-block-heading\">Navegando no menu \u201cSessions\u201d<\/h2>\n\n\n\n<p>Para abrir o menu Sessions, clique em <strong>\u201cSessions\u201d (1)<\/strong>. Em seguida, certifique-se de que os dados da sess\u00e3o est\u00e3o mostrando informa\u00e7\u00f5es para o jogador correto: clique no <strong>\u00edcone de apelido do jogador (2)<\/strong> e selecione o jogador desejado.<\/p>\n\n\n\n<figure class=\"wp-block-image size-large\"><img loading=\"lazy\" decoding=\"async\" width=\"1024\" height=\"576\" src=\"http:\/\/hand2noteguide.com\/wp-content\/uploads\/2025\/05\/\u0411\u0435\u0437-\u0438\u043c\u0435567\u043d\u0438-1-1024x576.jpg\" alt=\"\" class=\"wp-image-11094\" srcset=\"https:\/\/hand2noteguide.com\/wp-content\/uploads\/2025\/05\/\u0411\u0435\u0437-\u0438\u043c\u0435567\u043d\u0438-1-1024x576.jpg 1024w, https:\/\/hand2noteguide.com\/wp-content\/uploads\/2025\/05\/\u0411\u0435\u0437-\u0438\u043c\u0435567\u043d\u0438-1-300x169.jpg 300w, https:\/\/hand2noteguide.com\/wp-content\/uploads\/2025\/05\/\u0411\u0435\u0437-\u0438\u043c\u0435567\u043d\u0438-1-768x432.jpg 768w, https:\/\/hand2noteguide.com\/wp-content\/uploads\/2025\/05\/\u0411\u0435\u0437-\u0438\u043c\u0435567\u043d\u0438-1-1536x864.jpg 1536w, https:\/\/hand2noteguide.com\/wp-content\/uploads\/2025\/05\/\u0411\u0435\u0437-\u0438\u043c\u0435567\u043d\u0438-1-772x434.jpg 772w, https:\/\/hand2noteguide.com\/wp-content\/uploads\/2025\/05\/\u0411\u0435\u0437-\u0438\u043c\u0435567\u043d\u0438-1-624x351.jpg 624w, https:\/\/hand2noteguide.com\/wp-content\/uploads\/2025\/05\/\u0411\u0435\u0437-\u0438\u043c\u0435567\u043d\u0438-1.jpg 1920w\" sizes=\"auto, (max-width: 1024px) 100vw, 1024px\" \/><\/figure>\n\n\n\n<p>Voc\u00ea tamb\u00e9m pode selecionar o <strong>per\u00edodo de tempo<\/strong> desejado para a lista de sess\u00f5es clicando em <strong>\u201cAll Time\u201d (3)<\/strong> e escolhendo o per\u00edodo que voc\u00ea precisa. Voc\u00ea pode filtrar por <strong>tipo de jogo<\/strong> no menu suspenso ap\u00f3s clicar em <strong>\u201cCash\u201d<\/strong> (ou <strong>\u201cTournament\u201d<\/strong>) <strong>(4)<\/strong>. Clicar no <strong>\u00edcone de engrenagem (5)<\/strong> permite personalizar as <strong>colunas vis\u00edveis<\/strong> na lista de sess\u00f5es <strong>(6)<\/strong>. Clicar em qualquer sess\u00e3o na lista <strong>(6)<\/strong> abrir\u00e1 informa\u00e7\u00f5es detalhadas no lado direito: estat\u00edsticas gerais com um <strong>gr\u00e1fico de ganhos\/perdas (7)<\/strong> e a <strong>lista de m\u00e3os (8)<\/strong>.<\/p>\n\n\n\n<p>Ao <strong>clicar com o bot\u00e3o esquerdo (1)<\/strong> em qualquer m\u00e3o na lista, uma <strong>visualiza\u00e7\u00e3o detalhada (2)<\/strong> da m\u00e3o aparecer\u00e1 no lado direito.<\/p>\n\n\n\n<figure class=\"wp-block-image size-large\"><img loading=\"lazy\" decoding=\"async\" width=\"1024\" height=\"700\" src=\"http:\/\/hand2noteguide.com\/wp-content\/uploads\/2025\/05\/\u0411\u0435\u0437-\u0438\u043c\u0435\u0432\u0430\u043f\u043d\u0438-2-1024x700.jpg\" alt=\"\" class=\"wp-image-11104\" srcset=\"https:\/\/hand2noteguide.com\/wp-content\/uploads\/2025\/05\/\u0411\u0435\u0437-\u0438\u043c\u0435\u0432\u0430\u043f\u043d\u0438-2-1024x700.jpg 1024w, https:\/\/hand2noteguide.com\/wp-content\/uploads\/2025\/05\/\u0411\u0435\u0437-\u0438\u043c\u0435\u0432\u0430\u043f\u043d\u0438-2-300x205.jpg 300w, https:\/\/hand2noteguide.com\/wp-content\/uploads\/2025\/05\/\u0411\u0435\u0437-\u0438\u043c\u0435\u0432\u0430\u043f\u043d\u0438-2-768x525.jpg 768w, https:\/\/hand2noteguide.com\/wp-content\/uploads\/2025\/05\/\u0411\u0435\u0437-\u0438\u043c\u0435\u0432\u0430\u043f\u043d\u0438-2-1536x1051.jpg 1536w, https:\/\/hand2noteguide.com\/wp-content\/uploads\/2025\/05\/\u0411\u0435\u0437-\u0438\u043c\u0435\u0432\u0430\u043f\u043d\u0438-2-772x528.jpg 772w, https:\/\/hand2noteguide.com\/wp-content\/uploads\/2025\/05\/\u0411\u0435\u0437-\u0438\u043c\u0435\u0432\u0430\u043f\u043d\u0438-2-624x427.jpg 624w, https:\/\/hand2noteguide.com\/wp-content\/uploads\/2025\/05\/\u0411\u0435\u0437-\u0438\u043c\u0435\u0432\u0430\u043f\u043d\u0438-2.jpg 1908w\" sizes=\"auto, (max-width: 1024px) 100vw, 1024px\" \/><\/figure>\n\n\n\n<p>Al\u00e9m disso, se voc\u00ea <strong>clicar com o bot\u00e3o direito<\/strong> em qualquer m\u00e3o na lista, um menu de contexto aparecer\u00e1 com as seguintes op\u00e7\u00f5es:<\/p>\n\n\n\n<ul class=\"wp-block-list\">\n<li><strong>\u201cOpen in Replayer\u201d (3)<\/strong> \u2013 visualizar a m\u00e3o no replayer;<\/li>\n\n\n\n<li><strong>\u201cShow Hand Details\u201d (4)<\/strong> \u2013 abrir detalhes da m\u00e3o em uma janela separada;<\/li>\n\n\n\n<li><strong>\u201cAdd to Player Note\u201d (5)<\/strong> \u2013 adicionar uma nota em qualquer jogador envolvido na m\u00e3o selecionada;<\/li>\n\n\n\n<li><strong>\u201cMark Hand\u201d (6)<\/strong> \u2013 <a href=\"https:\/\/hand2noteguide.com\/pt\/user-manual\/marking-hands-in-hand2note\/\">marcar a m\u00e3o<\/a> sem usar tags;<\/li>\n\n\n\n<li><strong>\u201cMark Hand With Tags\u2026\u201d (7)<\/strong> \u2013 marcar a m\u00e3o com uma tag selecionada;<\/li>\n\n\n\n<li><strong>\u201cCopy Hand History\u201d (8)<\/strong> \u2013 copiar o hist\u00f3rico da m\u00e3o como texto para a \u00e1rea de transfer\u00eancia;<\/li>\n\n\n\n<li><strong>\u201cShow Hand History\u201d (9)<\/strong> \u2013 abrir o hist\u00f3rico da m\u00e3o como texto simples;<\/li>\n\n\n\n<li><strong>\u201cExport Hands\u201d (10)<\/strong> \u2013 exportar todas as m\u00e3os da sess\u00e3o selecionada.<\/li>\n<\/ul>\n\n\n\n<h2 class=\"wp-block-heading\">Configurando o tempo de pausa da sess\u00e3o<\/h2>\n\n\n\n<p>O Hand2Note considera que uma sess\u00e3o come\u00e7a quando o jogador se senta \u00e0 mesa e termina quando ele sai de todas as mesas e permanece inativo por um per\u00edodo de tempo definido (n\u00e3o estando sentado em nenhuma mesa).<\/p>\n\n\n\n<p>Por padr\u00e3o, o Hand2Note define este <strong>per\u00edodo de inatividade<\/strong> para <strong>dez minutos<\/strong>, mas voc\u00ea pode alter\u00e1-lo para qualquer valor que lhe convier.<\/p>\n\n\n\n<figure class=\"wp-block-image size-large\"><img loading=\"lazy\" decoding=\"async\" width=\"1024\" height=\"576\" src=\"http:\/\/hand2noteguide.com\/wp-content\/uploads\/2025\/05\/\u0411\u0435\u0437-\u0438\u043c\u0435\u044b\u0444\u0432\u0444\u044b\u0432\u0444\u043d\u0438-3-1024x576.jpg\" alt=\"\" class=\"wp-image-11109\" srcset=\"https:\/\/hand2noteguide.com\/wp-content\/uploads\/2025\/05\/\u0411\u0435\u0437-\u0438\u043c\u0435\u044b\u0444\u0432\u0444\u044b\u0432\u0444\u043d\u0438-3-1024x576.jpg 1024w, https:\/\/hand2noteguide.com\/wp-content\/uploads\/2025\/05\/\u0411\u0435\u0437-\u0438\u043c\u0435\u044b\u0444\u0432\u0444\u044b\u0432\u0444\u043d\u0438-3-300x169.jpg 300w, https:\/\/hand2noteguide.com\/wp-content\/uploads\/2025\/05\/\u0411\u0435\u0437-\u0438\u043c\u0435\u044b\u0444\u0432\u0444\u044b\u0432\u0444\u043d\u0438-3-768x432.jpg 768w, https:\/\/hand2noteguide.com\/wp-content\/uploads\/2025\/05\/\u0411\u0435\u0437-\u0438\u043c\u0435\u044b\u0444\u0432\u0444\u044b\u0432\u0444\u043d\u0438-3-1536x864.jpg 1536w, https:\/\/hand2noteguide.com\/wp-content\/uploads\/2025\/05\/\u0411\u0435\u0437-\u0438\u043c\u0435\u044b\u0444\u0432\u0444\u044b\u0432\u0444\u043d\u0438-3-772x434.jpg 772w, https:\/\/hand2noteguide.com\/wp-content\/uploads\/2025\/05\/\u0411\u0435\u0437-\u0438\u043c\u0435\u044b\u0444\u0432\u0444\u044b\u0432\u0444\u043d\u0438-3-624x351.jpg 624w, https:\/\/hand2noteguide.com\/wp-content\/uploads\/2025\/05\/\u0411\u0435\u0437-\u0438\u043c\u0435\u044b\u0444\u0432\u0444\u044b\u0432\u0444\u043d\u0438-3.jpg 1920w\" sizes=\"auto, (max-width: 1024px) 100vw, 1024px\" \/><\/figure>\n\n\n\n<p>Para fazer isso:<\/p>\n\n\n\n<ol class=\"wp-block-list\" start=\"1\">\n<li>No janela principal do Hand2Note, v\u00e1 para <strong>\u201cConfiguration\u201d (1)<\/strong><\/li>\n\n\n\n<li>Abra a se\u00e7\u00e3o <strong>\u201cOther\u201d (2)<\/strong><\/li>\n\n\n\n<li>Encontre a configura\u00e7\u00e3o <strong>\u201cMax break between sessions (minutes)\u201d (3)<\/strong> e insira o valor desejado (em minutos)<\/li>\n<\/ol>\n","protected":false},"excerpt":{"rendered":"<p>O Hand2Note permite que voc\u00ea visualize seus resultados no formato de sess\u00f5es de jogo \u2014 tanto durante o jogo quanto ap\u00f3s o t\u00e9rmino da sess\u00e3o. A se\u00e7\u00e3o Sessions exibe m\u00e9tricas chave do jogo para a sess\u00e3o, como: Win Rate EV, n\u00famero de m\u00e3os jogadas, dura\u00e7\u00e3o da sess\u00e3o e muitos outros. Este recurso \u00e9 \u00fatil para &hellip; <a href=\"https:\/\/hand2noteguide.com\/pt\/user-manual\/hand2note-sessions\/\" class=\"more-link\">Continue reading <span class=\"screen-reader-text\">Ferramenta &#8220;Sessions&#8221; no Hand2Note<\/span><\/a><\/p>\n","protected":false},"author":3,"featured_media":11062,"parent":9199,"menu_order":0,"comment_status":"closed","ping_status":"closed","template":"","meta":{"footnotes":""},"class_list":["post-11059","page","type-page","status-publish","has-post-thumbnail","hentry"],"translation":{"provider":"WPGlobus","version":"3.0.2","language":"pt","enabled_languages":["en","ru","pt","zh","es","fr","de","it","ja"],"languages":{"en":{"title":true,"content":true,"excerpt":false},"ru":{"title":true,"content":true,"excerpt":false},"pt":{"title":true,"content":true,"excerpt":false},"zh":{"title":true,"content":true,"excerpt":false},"es":{"title":true,"content":true,"excerpt":false},"fr":{"title":true,"content":true,"excerpt":false},"de":{"title":true,"content":true,"excerpt":false},"it":{"title":true,"content":true,"excerpt":false},"ja":{"title":true,"content":true,"excerpt":false}}},"yoast_head":"<!-- This site is optimized with the Yoast SEO plugin v27.0 - https:\/\/yoast.com\/product\/yoast-seo-wordpress\/ -->\n<title>Ferramenta &quot;Sessions&quot; no Hand2Note<\/title>\n<meta name=\"description\" content=\"Visualize e analise os resultados das suas sess\u00f5es de poker no Hand2Note. Aprenda a navegar na ferramenta Sessions para acompanhar estat\u00edsticas chave e melhorar seu processo de revis\u00e3o de jogo.\" \/>\n<meta name=\"robots\" content=\"index, follow, max-snippet:-1, max-image-preview:large, max-video-preview:-1\" \/>\n<link rel=\"canonical\" href=\"https:\/\/hand2noteguide.com\/user-manual\/hand2note-sessions\/\" \/>\n<meta property=\"og:locale\" content=\"pt_PT\" \/>\n<meta property=\"og:type\" content=\"article\" \/>\n<meta property=\"og:title\" content=\"Ferramenta &quot;Sessions&quot; no Hand2Note\" \/>\n<meta property=\"og:description\" content=\"Visualize e analise os resultados das suas sess\u00f5es de poker no Hand2Note. Aprenda a navegar na ferramenta Sessions para acompanhar estat\u00edsticas chave e melhorar seu processo de revis\u00e3o de jogo.\" \/>\n<meta property=\"og:url\" content=\"https:\/\/hand2noteguide.com\/user-manual\/hand2note-sessions\/\" \/>\n<meta property=\"og:site_name\" content=\"Hand2Note Guide\" \/>\n<meta property=\"article:modified_time\" content=\"2026-03-10T08:26:40+00:00\" \/>\n<meta property=\"og:image\" content=\"https:\/\/hand2noteguide.com\/wp-content\/uploads\/2025\/05\/\u0411\u0435\u0437-\u0438\u043c\u0435\u043d\u0438-1-2.jpg\" \/>\n\t<meta property=\"og:image:width\" content=\"1907\" \/>\n\t<meta property=\"og:image:height\" content=\"1022\" \/>\n\t<meta property=\"og:image:type\" content=\"image\/jpeg\" \/>\n<meta name=\"twitter:card\" content=\"summary_large_image\" \/>\n<meta name=\"twitter:label1\" content=\"Est. reading time\" \/>\n\t<meta name=\"twitter:data1\" content=\"14 minutes\" \/>\n<!-- \/ Yoast SEO plugin. -->","yoast_head_json":{"title":"Ferramenta \"Sessions\" no Hand2Note","description":"Visualize e analise os resultados das suas sess\u00f5es de poker no Hand2Note. Aprenda a navegar na ferramenta Sessions para acompanhar estat\u00edsticas chave e melhorar seu processo de revis\u00e3o de jogo.","robots":{"index":"index","follow":"follow","max-snippet":"max-snippet:-1","max-image-preview":"max-image-preview:large","max-video-preview":"max-video-preview:-1"},"canonical":"https:\/\/hand2noteguide.com\/user-manual\/hand2note-sessions\/","og_locale":"pt_PT","og_type":"article","og_title":"Ferramenta \"Sessions\" no Hand2Note","og_description":"Visualize e analise os resultados das suas sess\u00f5es de poker no Hand2Note. Aprenda a navegar na ferramenta Sessions para acompanhar estat\u00edsticas chave e melhorar seu processo de revis\u00e3o de jogo.","og_url":"https:\/\/hand2noteguide.com\/user-manual\/hand2note-sessions\/","og_site_name":"Hand2Note Guide","article_modified_time":"2026-03-10T08:26:40+00:00","og_image":[{"width":1907,"height":1022,"url":"https:\/\/hand2noteguide.com\/wp-content\/uploads\/2025\/05\/\u0411\u0435\u0437-\u0438\u043c\u0435\u043d\u0438-1-2.jpg","type":"image\/jpeg"}],"twitter_card":"summary_large_image","twitter_misc":{"Est. reading time":"14 minutes"},"schema":{"@context":"https:\/\/schema.org","@graph":[]}},"jetpack_sharing_enabled":true,"_links":{"self":[{"href":"https:\/\/hand2noteguide.com\/pt\/wp-json\/wp\/v2\/pages\/11059","targetHints":{"allow":["GET"]}}],"collection":[{"href":"https:\/\/hand2noteguide.com\/pt\/wp-json\/wp\/v2\/pages"}],"about":[{"href":"https:\/\/hand2noteguide.com\/pt\/wp-json\/wp\/v2\/types\/page"}],"author":[{"embeddable":true,"href":"https:\/\/hand2noteguide.com\/pt\/wp-json\/wp\/v2\/users\/3"}],"replies":[{"embeddable":true,"href":"https:\/\/hand2noteguide.com\/pt\/wp-json\/wp\/v2\/comments?post=11059"}],"version-history":[{"count":31,"href":"https:\/\/hand2noteguide.com\/pt\/wp-json\/wp\/v2\/pages\/11059\/revisions"}],"predecessor-version":[{"id":15627,"href":"https:\/\/hand2noteguide.com\/pt\/wp-json\/wp\/v2\/pages\/11059\/revisions\/15627"}],"up":[{"embeddable":true,"href":"https:\/\/hand2noteguide.com\/pt\/wp-json\/wp\/v2\/pages\/9199"}],"wp:featuredmedia":[{"embeddable":true,"href":"https:\/\/hand2noteguide.com\/pt\/wp-json\/wp\/v2\/media\/11062"}],"wp:attachment":[{"href":"https:\/\/hand2noteguide.com\/pt\/wp-json\/wp\/v2\/media?parent=11059"}],"curies":[{"name":"wp","href":"https:\/\/api.w.org\/{rel}","templated":true}]}}