{"id":11131,"date":"2025-05-14T13:24:23","date_gmt":"2025-05-14T10:24:23","guid":{"rendered":"https:\/\/hand2noteguide.com\/?page_id=11131"},"modified":"2026-03-10T11:27:47","modified_gmt":"2026-03-10T08:27:47","slug":"the-use-and-possibilities-of-notes-in-hand2note","status":"publish","type":"page","link":"https:\/\/hand2noteguide.com\/pt\/user-manual\/the-use-and-possibilities-of-notes-in-hand2note\/","title":{"rendered":"Usando notas no Hand2Note"},"content":{"rendered":"\n<p>O Hand2Note permite que voc\u00ea escreva notas (coment\u00e1rios) sobre cada jogador na forma de texto ou modelos. Voc\u00ea tamb\u00e9m pode incluir qualquer m\u00e3o jogada nelas.<\/p>\n\n\n\n<p>Este recurso permite que voc\u00ea fa\u00e7a anota\u00e7\u00f5es sobre os jogadores, o que ajudar\u00e1 na tomada de decis\u00f5es durante uma m\u00e3o.<\/p>\n\n\n\n<h2 class=\"wp-block-heading\">Como fazer uma anota\u00e7\u00e3o sobre um oponente na mesa<\/h2>\n\n\n\n<p>Para adicionar uma nota sobre um oponente, encontre o \u00edcone de notas (1) no HUD e passe o ponteiro do mouse sobre ele.<\/p>\n\n\n\n<figure class=\"wp-block-image size-large\"><img loading=\"lazy\" decoding=\"async\" width=\"1024\" height=\"793\" src=\"http:\/\/hand2noteguide.com\/wp-content\/uploads\/2025\/05\/\u0411\u0435\u0437-\u0438\u043c\u0435\u043d\u0438-1-3-1024x793.jpg\" alt=\"\" class=\"wp-image-11139\" srcset=\"https:\/\/hand2noteguide.com\/wp-content\/uploads\/2025\/05\/\u0411\u0435\u0437-\u0438\u043c\u0435\u043d\u0438-1-3-1024x793.jpg 1024w, https:\/\/hand2noteguide.com\/wp-content\/uploads\/2025\/05\/\u0411\u0435\u0437-\u0438\u043c\u0435\u043d\u0438-1-3-300x232.jpg 300w, https:\/\/hand2noteguide.com\/wp-content\/uploads\/2025\/05\/\u0411\u0435\u0437-\u0438\u043c\u0435\u043d\u0438-1-3-768x594.jpg 768w, https:\/\/hand2noteguide.com\/wp-content\/uploads\/2025\/05\/\u0411\u0435\u0437-\u0438\u043c\u0435\u043d\u0438-1-3-772x598.jpg 772w, https:\/\/hand2noteguide.com\/wp-content\/uploads\/2025\/05\/\u0411\u0435\u0437-\u0438\u043c\u0435\u043d\u0438-1-3-624x483.jpg 624w, https:\/\/hand2noteguide.com\/wp-content\/uploads\/2025\/05\/\u0411\u0435\u0437-\u0438\u043c\u0435\u043d\u0438-1-3.jpg 1053w\" sizes=\"auto, (max-width: 1024px) 100vw, 1024px\" \/><figcaption class=\"wp-element-caption\">O exemplo usa o pacote de estat\u00edsticas, popups e HUD: &#8220;<a href=\"https:\/\/www.hudstore.poker\/products\/exploit-hud-facilitated\" target=\"_blank\" rel=\"noreferrer noopener\">Exploit HUD Facilitated<\/a>&#8220;.<\/figcaption><\/figure>\n\n\n\n<p>Quando voc\u00ea passar o mouse, uma janela aparecer\u00e1 onde voc\u00ea pode:<\/p>\n\n\n\n<ul class=\"wp-block-list\">\n<li>Escrever uma nota sobre o jogador (2);<\/li>\n\n\n\n<li>Adicionar uma nota a partir de modelos de notas (3);<\/li>\n\n\n\n<li>Adicionar a \u00faltima m\u00e3o jogada pelo oponente na mesa \u00e0 lista de notas (4);<\/li>\n\n\n\n<li>Adicionar uma nota a partir de modelos e a \u00faltima m\u00e3o jogada pelo oponente na mesa juntos, em uma linha da lista de notas (5).<\/li>\n<\/ul>\n\n\n\n<p>Ap\u00f3s adicionar notas, voc\u00ea pode visualiz\u00e1-las a qualquer momento. Para fazer isso, passe o ponteiro do mouse sobre o \u00edcone de notas no HUD (1) no jogador sobre o qual voc\u00ea escreveu notas anteriormente.<\/p>\n\n\n\n<p><em>Se houver notas escritas sobre um jogador, uma pequena imagem de l\u00e1pis aparecer\u00e1 no \u00edcone de notas.<\/em><\/p>\n\n\n\n<figure class=\"wp-block-image size-large\"><img loading=\"lazy\" decoding=\"async\" width=\"1024\" height=\"742\" src=\"http:\/\/hand2noteguide.com\/wp-content\/uploads\/2025\/05\/NUTS1-1-1024x742.jpg\" alt=\"\" class=\"wp-image-11236\" srcset=\"https:\/\/hand2noteguide.com\/wp-content\/uploads\/2025\/05\/NUTS1-1-1024x742.jpg 1024w, https:\/\/hand2noteguide.com\/wp-content\/uploads\/2025\/05\/NUTS1-1-300x217.jpg 300w, https:\/\/hand2noteguide.com\/wp-content\/uploads\/2025\/05\/NUTS1-1-768x557.jpg 768w, https:\/\/hand2noteguide.com\/wp-content\/uploads\/2025\/05\/NUTS1-1-772x560.jpg 772w, https:\/\/hand2noteguide.com\/wp-content\/uploads\/2025\/05\/NUTS1-1-624x452.jpg 624w, https:\/\/hand2noteguide.com\/wp-content\/uploads\/2025\/05\/NUTS1-1.jpg 1145w\" sizes=\"auto, (max-width: 1024px) 100vw, 1024px\" \/><\/figure>\n\n\n\n<p>Em seguida, na janela pop-up, voc\u00ea pode ver:<\/p>\n\n\n\n<ul class=\"wp-block-list\">\n<li>A \u00faltima m\u00e3o jogada pelo jogador adicionada e o modelo de nota (2);<\/li>\n\n\n\n<li>A \u00faltima m\u00e3o jogada pelo jogador adicionada (3);<\/li>\n\n\n\n<li>A nota adicionada ou a nota adicionada a partir de modelos de notas (4).<\/li>\n<\/ul>\n\n\n\n<p>Para excluir notas adicionadas, clique com o bot\u00e3o direito (bot\u00e3o direito do mouse) em qualquer nota adicionada na lista de notas e selecione &#8220;Remover Nota&#8221; (ou &#8220;Remover M\u00e3o&#8221; se voc\u00ea estiver excluindo uma m\u00e3o adicionada da lista de notas).<\/p>\n\n\n\n<h3 class=\"wp-block-heading\">Como escrever modelos na lista de modelos de notas<\/h3>\n\n\n\n<p>Encontre o \u00edcone de notas (1) no HUD e passe o ponteiro do mouse sobre ele.<\/p>\n\n\n\n<figure class=\"wp-block-image size-large\"><img loading=\"lazy\" decoding=\"async\" width=\"1024\" height=\"824\" src=\"http:\/\/hand2noteguide.com\/wp-content\/uploads\/2025\/05\/\u0411\u0435\u0437-\u0438\u043c\u0435\u043d\u0444\u044b\u0432\u0438-1-1024x824.jpg\" alt=\"\" class=\"wp-image-11159\" srcset=\"https:\/\/hand2noteguide.com\/wp-content\/uploads\/2025\/05\/\u0411\u0435\u0437-\u0438\u043c\u0435\u043d\u0444\u044b\u0432\u0438-1-1024x824.jpg 1024w, https:\/\/hand2noteguide.com\/wp-content\/uploads\/2025\/05\/\u0411\u0435\u0437-\u0438\u043c\u0435\u043d\u0444\u044b\u0432\u0438-1-300x242.jpg 300w, https:\/\/hand2noteguide.com\/wp-content\/uploads\/2025\/05\/\u0411\u0435\u0437-\u0438\u043c\u0435\u043d\u0444\u044b\u0432\u0438-1-768x618.jpg 768w, https:\/\/hand2noteguide.com\/wp-content\/uploads\/2025\/05\/\u0411\u0435\u0437-\u0438\u043c\u0435\u043d\u0444\u044b\u0432\u0438-1-772x621.jpg 772w, https:\/\/hand2noteguide.com\/wp-content\/uploads\/2025\/05\/\u0411\u0435\u0437-\u0438\u043c\u0435\u043d\u0444\u044b\u0432\u0438-1-624x502.jpg 624w, https:\/\/hand2noteguide.com\/wp-content\/uploads\/2025\/05\/\u0411\u0435\u0437-\u0438\u043c\u0435\u043d\u0444\u044b\u0432\u0438-1.jpg 1036w\" sizes=\"auto, (max-width: 1024px) 100vw, 1024px\" \/><\/figure>\n\n\n\n<p>Na janela pop-up, selecione &#8220;+ Modelo&#8221; (2) e depois &#8220;+ Criar Modelo&#8221; (3). Em seguida, insira o texto do modelo de nota e clique em &#8220;CRIAR&#8221; para salv\u00e1-lo.<\/p>\n\n\n\n<p>Ap\u00f3s criar um modelo de nota, ele pode ser encontrado na lista de modelos e adicionado a um jogador.<\/p>\n\n\n\n<figure class=\"wp-block-image size-large\"><img loading=\"lazy\" decoding=\"async\" width=\"1024\" height=\"803\" src=\"http:\/\/hand2noteguide.com\/wp-content\/uploads\/2025\/05\/NUTS3-1-1024x803.jpg\" alt=\"\" class=\"wp-image-11232\" srcset=\"https:\/\/hand2noteguide.com\/wp-content\/uploads\/2025\/05\/NUTS3-1-1024x803.jpg 1024w, https:\/\/hand2noteguide.com\/wp-content\/uploads\/2025\/05\/NUTS3-1-300x235.jpg 300w, https:\/\/hand2noteguide.com\/wp-content\/uploads\/2025\/05\/NUTS3-1-768x602.jpg 768w, https:\/\/hand2noteguide.com\/wp-content\/uploads\/2025\/05\/NUTS3-1-772x606.jpg 772w, https:\/\/hand2noteguide.com\/wp-content\/uploads\/2025\/05\/NUTS3-1-624x489.jpg 624w, https:\/\/hand2noteguide.com\/wp-content\/uploads\/2025\/05\/NUTS3-1.jpg 1053w\" sizes=\"auto, (max-width: 1024px) 100vw, 1024px\" \/><\/figure>\n\n\n\n<p><em>Ao criar modelos de notas atrav\u00e9s do HUD ou popup para um jogador, eles tamb\u00e9m estar\u00e3o vis\u00edveis e dispon\u00edveis para uso com outros jogadores.<\/em><\/p>\n\n\n\n<h3 class=\"wp-block-heading\">Capacidade de criar, editar ou adicionar notas atrav\u00e9s de um popup em um jogador<\/h3>\n\n\n\n<p>O Hand2Note permite que voc\u00ea insira e edite notas ou seus modelos atrav\u00e9s de popups em jogadores, assim como atrav\u00e9s de HUDs.<\/p>\n\n\n\n<p>Para fazer isso, no popup aberto em um jogador, encontre o r\u00f3tulo &#8220;Notas&#8221; (1) e clique nele. Na \u00e1rea (2), voc\u00ea pode ver as notas adicionadas, bem como editar a lista como mostrado acima, usando as mesmas a\u00e7\u00f5es que atrav\u00e9s das janelas do HUD.<\/p>\n\n\n\n<figure class=\"wp-block-image size-full\"><img loading=\"lazy\" decoding=\"async\" width=\"828\" height=\"625\" src=\"http:\/\/hand2noteguide.com\/wp-content\/uploads\/2025\/05\/NUTS2-1.jpg\" alt=\"\" class=\"wp-image-11234\" srcset=\"https:\/\/hand2noteguide.com\/wp-content\/uploads\/2025\/05\/NUTS2-1.jpg 828w, https:\/\/hand2noteguide.com\/wp-content\/uploads\/2025\/05\/NUTS2-1-300x226.jpg 300w, https:\/\/hand2noteguide.com\/wp-content\/uploads\/2025\/05\/NUTS2-1-768x580.jpg 768w, https:\/\/hand2noteguide.com\/wp-content\/uploads\/2025\/05\/NUTS2-1-772x583.jpg 772w, https:\/\/hand2noteguide.com\/wp-content\/uploads\/2025\/05\/NUTS2-1-624x471.jpg 624w\" sizes=\"auto, (max-width: 828px) 100vw, 828px\" \/><\/figure>\n\n\n\n<h3 class=\"wp-block-heading\">Adicionando uma nota em uma estat\u00edstica<\/h3>\n\n\n\n<p>No Hand2Note, voc\u00ea pode adicionar notas n\u00e3o apenas sobre jogadores atrav\u00e9s do HUD ou popup, mas tamb\u00e9m uma nota sobre qualquer estat\u00edstica de jogador atrav\u00e9s da janela popup na estat\u00edstica.<\/p>\n\n\n\n<p>Para fazer isso, na janela popup aberta na estat\u00edstica, fa\u00e7a as altera\u00e7\u00f5es como mostrado acima, usando as mesmas a\u00e7\u00f5es que atrav\u00e9s das janelas do HUD.<\/p>\n\n\n\n<figure class=\"wp-block-image size-full\"><img loading=\"lazy\" decoding=\"async\" width=\"617\" height=\"711\" src=\"http:\/\/hand2noteguide.com\/wp-content\/uploads\/2025\/05\/\u0411\u0435\u0437-\u0438\u0444\u044b\u0432\u0444\u044b\u0432\u043c\u0435\u043d\u0438-1.jpg\" alt=\"\" class=\"wp-image-11181\" srcset=\"https:\/\/hand2noteguide.com\/wp-content\/uploads\/2025\/05\/\u0411\u0435\u0437-\u0438\u0444\u044b\u0432\u0444\u044b\u0432\u043c\u0435\u043d\u0438-1.jpg 617w, https:\/\/hand2noteguide.com\/wp-content\/uploads\/2025\/05\/\u0411\u0435\u0437-\u0438\u0444\u044b\u0432\u0444\u044b\u0432\u043c\u0435\u043d\u0438-1-260x300.jpg 260w, https:\/\/hand2noteguide.com\/wp-content\/uploads\/2025\/05\/\u0411\u0435\u0437-\u0438\u0444\u044b\u0432\u0444\u044b\u0432\u043c\u0435\u043d\u0438-1-542x624.jpg 542w\" sizes=\"auto, (max-width: 617px) 100vw, 617px\" \/><\/figure>\n\n\n\n<p>As notas inseridas aparecer\u00e3o no popup na estat\u00edstica para aquele jogador e na estat\u00edstica onde voc\u00ea as inseriu.<\/p>\n\n\n\n<p><em>Al\u00e9m disso, se uma nota for inserida em uma estat\u00edstica, um pequeno ponto aparecer\u00e1 na janela do HUD ou popup ao lado da pr\u00f3pria estat\u00edstica, indicando a presen\u00e7a de uma nota.<\/em><\/p>\n\n\n\n<h2 class=\"wp-block-heading\">Editando a apar\u00eancia das notas<\/h2>\n\n\n\n<p>Para abrir o menu de edi\u00e7\u00e3o de apar\u00eancia das notas na janela principal do Hand2Note, encontre o r\u00f3tulo &#8220;Configura\u00e7\u00e3o&#8221; (1) e clique nele. Em seguida, selecione o menu &#8220;Notas&#8221; (2).<\/p>\n\n\n\n<figure class=\"wp-block-image size-large\"><img loading=\"lazy\" decoding=\"async\" width=\"1024\" height=\"576\" src=\"http:\/\/hand2noteguide.com\/wp-content\/uploads\/2025\/05\/\u0411\u0435\u0437-\u0438\u043c\u0443\u043a\u0435\u0443\u043a\u0435\u0443\u043a\u0435\u0435\u043d\u0438-1-1024x576.jpg\" alt=\"\" class=\"wp-image-11178\" srcset=\"https:\/\/hand2noteguide.com\/wp-content\/uploads\/2025\/05\/\u0411\u0435\u0437-\u0438\u043c\u0443\u043a\u0435\u0443\u043a\u0435\u0443\u043a\u0435\u0435\u043d\u0438-1-1024x576.jpg 1024w, https:\/\/hand2noteguide.com\/wp-content\/uploads\/2025\/05\/\u0411\u0435\u0437-\u0438\u043c\u0443\u043a\u0435\u0443\u043a\u0435\u0443\u043a\u0435\u0435\u043d\u0438-1-300x169.jpg 300w, https:\/\/hand2noteguide.com\/wp-content\/uploads\/2025\/05\/\u0411\u0435\u0437-\u0438\u043c\u0443\u043a\u0435\u0443\u043a\u0435\u0443\u043a\u0435\u0435\u043d\u0438-1-768x432.jpg 768w, https:\/\/hand2noteguide.com\/wp-content\/uploads\/2025\/05\/\u0411\u0435\u0437-\u0438\u043c\u0443\u043a\u0435\u0443\u043a\u0435\u0443\u043a\u0435\u0435\u043d\u0438-1-1536x864.jpg 1536w, https:\/\/hand2noteguide.com\/wp-content\/uploads\/2025\/05\/\u0411\u0435\u0437-\u0438\u043c\u0443\u043a\u0435\u0443\u043a\u0435\u0443\u043a\u0435\u0435\u043d\u0438-1-772x434.jpg 772w, https:\/\/hand2noteguide.com\/wp-content\/uploads\/2025\/05\/\u0411\u0435\u0437-\u0438\u043c\u0443\u043a\u0435\u0443\u043a\u0435\u0443\u043a\u0435\u0435\u043d\u0438-1-624x351.jpg 624w, https:\/\/hand2noteguide.com\/wp-content\/uploads\/2025\/05\/\u0411\u0435\u0437-\u0438\u043c\u0443\u043a\u0435\u0443\u043a\u0435\u0443\u043a\u0435\u0435\u043d\u0438-1.jpg 1920w\" sizes=\"auto, (max-width: 1024px) 100vw, 1024px\" \/><\/figure>\n\n\n\n<p>Neste menu, voc\u00ea pode:<\/p>\n\n\n\n<ul class=\"wp-block-list\">\n<li>Definir o tamanho da fonte das notas (3);<\/li>\n\n\n\n<li>Definir a cor da fonte das notas (4);<\/li>\n\n\n\n<li>Definir o tamanho da fonte da data em que as notas foram inseridas (5);<\/li>\n\n\n\n<li>Definir a cor da fonte da data em que as notas foram inseridas (6);<\/li>\n\n\n\n<li>Definir o fundo das notas (7);<\/li>\n\n\n\n<li>Definir a cor do indicador de nota em uma estat\u00edstica (8).<\/li>\n<\/ul>\n\n\n\n<p>Todas as altera\u00e7\u00f5es feitas neste menu podem ser vistas no bloco de visualiza\u00e7\u00e3o (9).<\/p>\n\n\n\n<h2 class=\"wp-block-heading\">Exportando e importando notas<\/h2>\n\n\n\n<p>Para exportar e importar notas para um novo dispositivo ou outro Hand2Note, encontre o r\u00f3tulo &#8220;Configura\u00e7\u00e3o&#8221; (1) no menu superior da janela do Hand2Note e clique nele. Em seguida, na lista suspensa, clique em &#8220;Exportar Notas&#8230;&#8221; (2). Na janela aberta, especifique o local de salvamento e o nome do arquivo de notas do Hand2Note (3), depois clique em &#8220;Salvar&#8221; (4).<\/p>\n\n\n\n<p><em>O arquivo de notas, ap\u00f3s sua cria\u00e7\u00e3o, deve ter a extens\u00e3o de arquivo &#8220;.h2nnotes&#8221;.<\/em><\/p>\n\n\n\n<figure class=\"wp-block-image\"><img loading=\"lazy\" decoding=\"async\" width=\"1024\" height=\"576\" src=\"http:\/\/hand2noteguide.com\/wp-content\/uploads\/2025\/05\/\u0411\u0435\u0437-\u0438561313767\u043c\u0435\u043d\u0438-1-1024x576.jpg\" alt=\"\" class=\"wp-image-10869\" srcset=\"https:\/\/hand2noteguide.com\/wp-content\/uploads\/2025\/05\/\u0411\u0435\u0437-\u0438561313767\u043c\u0435\u043d\u0438-1-1024x576.jpg 1024w, https:\/\/hand2noteguide.com\/wp-content\/uploads\/2025\/05\/\u0411\u0435\u0437-\u0438561313767\u043c\u0435\u043d\u0438-1-300x169.jpg 300w, https:\/\/hand2noteguide.com\/wp-content\/uploads\/2025\/05\/\u0411\u0435\u0437-\u0438561313767\u043c\u0435\u043d\u0438-1-768x432.jpg 768w, https:\/\/hand2noteguide.com\/wp-content\/uploads\/2025\/05\/\u0411\u0435\u0437-\u0438561313767\u043c\u0435\u043d\u0438-1-1536x864.jpg 1536w, https:\/\/hand2noteguide.com\/wp-content\/uploads\/2025\/05\/\u0411\u0435\u0437-\u0438561313767\u043c\u0435\u043d\u0438-1-772x434.jpg 772w, https:\/\/hand2noteguide.com\/wp-content\/uploads\/2025\/05\/\u0411\u0435\u0437-\u0438561313767\u043c\u0435\u043d\u0438-1-624x351.jpg 624w, https:\/\/hand2noteguide.com\/wp-content\/uploads\/2025\/05\/\u0411\u0435\u0437-\u0438561313767\u043c\u0435\u043d\u0438-1.jpg 1920w\" sizes=\"auto, (max-width: 1024px) 100vw, 1024px\" \/><\/figure>\n\n\n\n<p>Para realizar a importa\u00e7\u00e3o de notas, encontre o r\u00f3tulo &#8220;Configura\u00e7\u00e3o&#8221; (5) no menu superior da janela do Hand2Note e clique nele. Em seguida, na lista suspensa, clique em &#8220;Importar Notas&#8230;&#8221; (6). Na janela aberta, encontre o local de salvamento do arquivo de notas do Hand2Note (com a extens\u00e3o de arquivo &#8220;.h2nnotes&#8221;) e selecione-o (7), depois clique em &#8220;Abrir&#8221; (8).<\/p>\n\n\n\n<p>Veja tamb\u00e9m: <a href=\"https:\/\/hand2note.com\/Help\/Features\/notes\" target=\"_blank\" rel=\"noopener\">Manual oficial do Hand2Note: Usando Notas<\/a>.<\/p>\n","protected":false},"excerpt":{"rendered":"<p>O Hand2Note permite que voc\u00ea escreva notas (coment\u00e1rios) sobre cada jogador na forma de texto ou modelos. Voc\u00ea tamb\u00e9m pode incluir qualquer m\u00e3o jogada nelas. Este recurso permite que voc\u00ea fa\u00e7a anota\u00e7\u00f5es sobre os jogadores, o que ajudar\u00e1 na tomada de decis\u00f5es durante uma m\u00e3o. Como fazer uma anota\u00e7\u00e3o sobre um oponente na mesa Para &hellip; <a href=\"https:\/\/hand2noteguide.com\/pt\/user-manual\/the-use-and-possibilities-of-notes-in-hand2note\/\" class=\"more-link\">Continue reading <span class=\"screen-reader-text\">Usando notas no Hand2Note<\/span><\/a><\/p>\n","protected":false},"author":3,"featured_media":11133,"parent":9199,"menu_order":0,"comment_status":"closed","ping_status":"closed","template":"","meta":{"footnotes":""},"class_list":["post-11131","page","type-page","status-publish","has-post-thumbnail","hentry"],"translation":{"provider":"WPGlobus","version":"3.0.2","language":"pt","enabled_languages":["en","ru","pt","zh","es","fr","de","it","ja"],"languages":{"en":{"title":true,"content":true,"excerpt":false},"ru":{"title":true,"content":true,"excerpt":false},"pt":{"title":true,"content":true,"excerpt":false},"zh":{"title":true,"content":true,"excerpt":false},"es":{"title":true,"content":true,"excerpt":false},"fr":{"title":true,"content":true,"excerpt":false},"de":{"title":true,"content":true,"excerpt":false},"it":{"title":true,"content":true,"excerpt":false},"ja":{"title":true,"content":true,"excerpt":false}}},"yoast_head":"<!-- This site is optimized with the Yoast SEO plugin v27.0 - https:\/\/yoast.com\/product\/yoast-seo-wordpress\/ -->\n<title>Dominando as notas de jogadores no Hand2Note para um melhor jogo<\/title>\n<meta name=\"description\" content=\"No Hand2Note, voc\u00ea pode escrever notas sobre cada jogador na forma de texto ou modelos. Voc\u00ea tamb\u00e9m pode incluir m\u00e3os jogadas nelas.\" \/>\n<meta name=\"robots\" content=\"index, follow, max-snippet:-1, max-image-preview:large, max-video-preview:-1\" \/>\n<link rel=\"canonical\" href=\"https:\/\/hand2noteguide.com\/user-manual\/the-use-and-possibilities-of-notes-in-hand2note\/\" \/>\n<meta property=\"og:locale\" content=\"pt_PT\" \/>\n<meta property=\"og:type\" content=\"article\" \/>\n<meta property=\"og:title\" content=\"Dominando as notas de jogadores no Hand2Note para um melhor jogo\" \/>\n<meta property=\"og:description\" content=\"No Hand2Note, voc\u00ea pode escrever notas sobre cada jogador na forma de texto ou modelos. Voc\u00ea tamb\u00e9m pode incluir m\u00e3os jogadas nelas.\" \/>\n<meta property=\"og:url\" content=\"https:\/\/hand2noteguide.com\/user-manual\/the-use-and-possibilities-of-notes-in-hand2note\/\" \/>\n<meta property=\"og:site_name\" content=\"Hand2Note Guide\" \/>\n<meta property=\"article:modified_time\" content=\"2026-03-10T08:27:47+00:00\" \/>\n<meta property=\"og:image\" content=\"https:\/\/hand2noteguide.com\/wp-content\/uploads\/2025\/05\/fantasy-poker.jpg\" \/>\n\t<meta property=\"og:image:width\" content=\"1320\" \/>\n\t<meta property=\"og:image:height\" content=\"600\" \/>\n\t<meta property=\"og:image:type\" content=\"image\/jpeg\" \/>\n<meta name=\"twitter:card\" content=\"summary_large_image\" \/>\n<meta name=\"twitter:label1\" content=\"Est. reading time\" \/>\n\t<meta name=\"twitter:data1\" content=\"2 minutes\" \/>\n<!-- \/ Yoast SEO plugin. -->","yoast_head_json":{"title":"Dominando as notas de jogadores no Hand2Note para um melhor jogo","description":"No Hand2Note, voc\u00ea pode escrever notas sobre cada jogador na forma de texto ou modelos. Voc\u00ea tamb\u00e9m pode incluir m\u00e3os jogadas nelas.","robots":{"index":"index","follow":"follow","max-snippet":"max-snippet:-1","max-image-preview":"max-image-preview:large","max-video-preview":"max-video-preview:-1"},"canonical":"https:\/\/hand2noteguide.com\/user-manual\/the-use-and-possibilities-of-notes-in-hand2note\/","og_locale":"pt_PT","og_type":"article","og_title":"Dominando as notas de jogadores no Hand2Note para um melhor jogo","og_description":"No Hand2Note, voc\u00ea pode escrever notas sobre cada jogador na forma de texto ou modelos. Voc\u00ea tamb\u00e9m pode incluir m\u00e3os jogadas nelas.","og_url":"https:\/\/hand2noteguide.com\/user-manual\/the-use-and-possibilities-of-notes-in-hand2note\/","og_site_name":"Hand2Note Guide","article_modified_time":"2026-03-10T08:27:47+00:00","og_image":[{"width":1320,"height":600,"url":"https:\/\/hand2noteguide.com\/wp-content\/uploads\/2025\/05\/fantasy-poker.jpg","type":"image\/jpeg"}],"twitter_card":"summary_large_image","twitter_misc":{"Est. reading time":"2 minutes"},"schema":{"@context":"https:\/\/schema.org","@graph":[]}},"jetpack_sharing_enabled":true,"_links":{"self":[{"href":"https:\/\/hand2noteguide.com\/pt\/wp-json\/wp\/v2\/pages\/11131","targetHints":{"allow":["GET"]}}],"collection":[{"href":"https:\/\/hand2noteguide.com\/pt\/wp-json\/wp\/v2\/pages"}],"about":[{"href":"https:\/\/hand2noteguide.com\/pt\/wp-json\/wp\/v2\/types\/page"}],"author":[{"embeddable":true,"href":"https:\/\/hand2noteguide.com\/pt\/wp-json\/wp\/v2\/users\/3"}],"replies":[{"embeddable":true,"href":"https:\/\/hand2noteguide.com\/pt\/wp-json\/wp\/v2\/comments?post=11131"}],"version-history":[{"count":65,"href":"https:\/\/hand2noteguide.com\/pt\/wp-json\/wp\/v2\/pages\/11131\/revisions"}],"predecessor-version":[{"id":15628,"href":"https:\/\/hand2noteguide.com\/pt\/wp-json\/wp\/v2\/pages\/11131\/revisions\/15628"}],"up":[{"embeddable":true,"href":"https:\/\/hand2noteguide.com\/pt\/wp-json\/wp\/v2\/pages\/9199"}],"wp:featuredmedia":[{"embeddable":true,"href":"https:\/\/hand2noteguide.com\/pt\/wp-json\/wp\/v2\/media\/11133"}],"wp:attachment":[{"href":"https:\/\/hand2noteguide.com\/pt\/wp-json\/wp\/v2\/media?parent=11131"}],"curies":[{"name":"wp","href":"https:\/\/api.w.org\/{rel}","templated":true}]}}