{"id":113,"date":"2018-07-30T03:04:27","date_gmt":"2018-07-30T00:04:27","guid":{"rendered":"https:\/\/h2n312.wordpress.com\/?page_id=113"},"modified":"2025-06-04T19:17:32","modified_gmt":"2025-06-04T16:17:32","slug":"hand2note-version","status":"publish","type":"page","link":"https:\/\/hand2noteguide.com\/pt\/guide\/hand2note-version\/","title":{"rendered":"Vers\u00e3o usada. Atualiza\u00e7\u00e3o do Hand2Note."},"content":{"rendered":"\n<p>As informa\u00e7\u00f5es sobre a vers\u00e3o que voc\u00ea est\u00e1 usando s\u00e3o exibidas no canto inferior direito do software. O hist\u00f3rico de atualiza\u00e7\u00f5es do Hand2Note e dos m\u00f3dulos integrados pode ser visualizado clicando no link &#8220;Updates&#8221;. Caso a inscri\u00e7\u00e3o n\u00e3o esteja marcada em vermelho, atualmente n\u00e3o h\u00e1 atualiza\u00e7\u00f5es dispon\u00edveis, e voc\u00ea est\u00e1 usando a vers\u00e3o mais recente do produto.<\/p>\n\n\n\n<figure class=\"wp-block-image\"><img loading=\"lazy\" decoding=\"async\" width=\"195\" height=\"52\" src=\"https:\/\/hand2noteguide.com\/wp-content\/uploads\/2019\/07\/hand2note-version-up-to-date.png\" alt=\"hand2note version up to date\" class=\"wp-image-1616\" \/><\/figure>\n\n\n\n<p>Se a inscri\u00e7\u00e3o estiver em vermelho, ent\u00e3o h\u00e1 atualiza\u00e7\u00f5es dispon\u00edveis que s\u00e3o recomendadas para instala\u00e7\u00e3o.<\/p>\n\n\n\n<figure class=\"wp-block-image\"><img loading=\"lazy\" decoding=\"async\" width=\"223\" height=\"57\" src=\"https:\/\/hand2noteguide.com\/wp-content\/uploads\/2019\/07\/hand2note-version-update.png\" alt=\"hand2note version update\" class=\"wp-image-1618\" \/><\/figure>\n\n\n\n<p>Os m\u00f3dulos integrados podem ser atualizados independentemente em segundo plano, independentemente da vers\u00e3o do software usada. Para ver quando o m\u00f3dulo para sua sala foi atualizado pela \u00faltima vez, v\u00e1 para a pasta <em>C:\/Program Files\/Hand2Note\/external\/x64<\/em> e verifique as datas de \u00faltima modifica\u00e7\u00e3o. Por exemplo, na captura de tela abaixo, o m\u00f3dulo para o PokerStars foi atualizado pela \u00faltima vez em 19 de junho de 2019.<\/p>\n\n\n\n<figure class=\"wp-block-image\"><img loading=\"lazy\" decoding=\"async\" width=\"863\" height=\"375\" src=\"https:\/\/hand2noteguide.com\/wp-content\/uploads\/2019\/07\/hand2note-modules-update.png\" alt=\"hand2note modules update date\" class=\"wp-image-1470\" srcset=\"https:\/\/hand2noteguide.com\/wp-content\/uploads\/2019\/07\/hand2note-modules-update.png 863w, https:\/\/hand2noteguide.com\/wp-content\/uploads\/2019\/07\/hand2note-modules-update-300x130.png 300w, https:\/\/hand2noteguide.com\/wp-content\/uploads\/2019\/07\/hand2note-modules-update-768x334.png 768w, https:\/\/hand2noteguide.com\/wp-content\/uploads\/2019\/07\/hand2note-modules-update-772x335.png 772w, https:\/\/hand2noteguide.com\/wp-content\/uploads\/2019\/07\/hand2note-modules-update-624x271.png 624w\" sizes=\"auto, (max-width: 863px) 100vw, 863px\" \/><\/figure>\n","protected":false},"excerpt":{"rendered":"<p>As informa\u00e7\u00f5es sobre a vers\u00e3o que voc\u00ea est\u00e1 usando s\u00e3o exibidas no canto inferior direito do software. O hist\u00f3rico de atualiza\u00e7\u00f5es do Hand2Note e dos m\u00f3dulos integrados pode ser visualizado clicando no link &#8220;Updates&#8221;. Caso a inscri\u00e7\u00e3o n\u00e3o esteja marcada em vermelho, atualmente n\u00e3o h\u00e1 atualiza\u00e7\u00f5es dispon\u00edveis, e voc\u00ea est\u00e1 usando a vers\u00e3o mais recente &hellip; <a href=\"https:\/\/hand2noteguide.com\/pt\/guide\/hand2note-version\/\" class=\"more-link\">Continue reading <span class=\"screen-reader-text\">Vers\u00e3o usada. Atualiza\u00e7\u00e3o do Hand2Note.<\/span><\/a><\/p>\n","protected":false},"author":1,"featured_media":0,"parent":74,"menu_order":0,"comment_status":"closed","ping_status":"closed","template":"page-templates\/full-width-page.php","meta":{"footnotes":""},"class_list":["post-113","page","type-page","status-publish","hentry"],"translation":{"provider":"WPGlobus","version":"3.0.2","language":"pt","enabled_languages":["en","ru","pt","zh","es","fr","de","it","ja"],"languages":{"en":{"title":true,"content":true,"excerpt":false},"ru":{"title":true,"content":true,"excerpt":false},"pt":{"title":true,"content":true,"excerpt":false},"zh":{"title":true,"content":true,"excerpt":false},"es":{"title":true,"content":true,"excerpt":false},"fr":{"title":true,"content":true,"excerpt":false},"de":{"title":true,"content":true,"excerpt":false},"it":{"title":true,"content":true,"excerpt":false},"ja":{"title":true,"content":true,"excerpt":false}}},"yoast_head":"<!-- This site is optimized with the Yoast SEO plugin v27.0 - https:\/\/yoast.com\/product\/yoast-seo-wordpress\/ -->\n<title>Vers\u00e3o usada. Atualiza\u00e7\u00e3o do Hand2Note.<\/title>\n<meta name=\"description\" content=\"Verifique facilmente a vers\u00e3o do seu Hand2Note. Aprenda a atualizar para as \u00faltimas funcionalidades e garanta que seus m\u00f3dulos estejam atualizados para um desempenho ideal.\" \/>\n<meta name=\"robots\" content=\"index, follow, max-snippet:-1, max-image-preview:large, max-video-preview:-1\" \/>\n<link rel=\"canonical\" href=\"https:\/\/hand2noteguide.com\/guide\/hand2note-version\/\" \/>\n<meta property=\"og:locale\" content=\"pt_PT\" \/>\n<meta property=\"og:type\" content=\"article\" \/>\n<meta property=\"og:title\" content=\"Vers\u00e3o usada. Atualiza\u00e7\u00e3o do Hand2Note.\" \/>\n<meta property=\"og:description\" content=\"Verifique facilmente a vers\u00e3o do seu Hand2Note. Aprenda a atualizar para as \u00faltimas funcionalidades e garanta que seus m\u00f3dulos estejam atualizados para um desempenho ideal.\" \/>\n<meta property=\"og:url\" content=\"https:\/\/hand2noteguide.com\/guide\/hand2note-version\/\" \/>\n<meta property=\"og:site_name\" content=\"Hand2Note Guide\" \/>\n<meta property=\"article:modified_time\" content=\"2025-06-04T16:17:32+00:00\" \/>\n<meta property=\"og:image\" content=\"https:\/\/hand2noteguide.com\/wp-content\/uploads\/2019\/07\/hand2note-version-up-to-date.png\" \/>\n<meta name=\"twitter:card\" content=\"summary_large_image\" \/>\n<meta name=\"twitter:label1\" content=\"Est. reading time\" \/>\n\t<meta name=\"twitter:data1\" content=\"5 minutes\" \/>\n<!-- \/ Yoast SEO plugin. -->","yoast_head_json":{"title":"Vers\u00e3o usada. Atualiza\u00e7\u00e3o do Hand2Note.","description":"Verifique facilmente a vers\u00e3o do seu Hand2Note. Aprenda a atualizar para as \u00faltimas funcionalidades e garanta que seus m\u00f3dulos estejam atualizados para um desempenho ideal.","robots":{"index":"index","follow":"follow","max-snippet":"max-snippet:-1","max-image-preview":"max-image-preview:large","max-video-preview":"max-video-preview:-1"},"canonical":"https:\/\/hand2noteguide.com\/guide\/hand2note-version\/","og_locale":"pt_PT","og_type":"article","og_title":"Vers\u00e3o usada. Atualiza\u00e7\u00e3o do Hand2Note.","og_description":"Verifique facilmente a vers\u00e3o do seu Hand2Note. Aprenda a atualizar para as \u00faltimas funcionalidades e garanta que seus m\u00f3dulos estejam atualizados para um desempenho ideal.","og_url":"https:\/\/hand2noteguide.com\/guide\/hand2note-version\/","og_site_name":"Hand2Note Guide","article_modified_time":"2025-06-04T16:17:32+00:00","og_image":[{"url":"https:\/\/hand2noteguide.com\/wp-content\/uploads\/2019\/07\/hand2note-version-up-to-date.png","type":"","width":"","height":""}],"twitter_card":"summary_large_image","twitter_misc":{"Est. reading time":"5 minutes"},"schema":{"@context":"https:\/\/schema.org","@graph":[]}},"jetpack_sharing_enabled":false,"_links":{"self":[{"href":"https:\/\/hand2noteguide.com\/pt\/wp-json\/wp\/v2\/pages\/113","targetHints":{"allow":["GET"]}}],"collection":[{"href":"https:\/\/hand2noteguide.com\/pt\/wp-json\/wp\/v2\/pages"}],"about":[{"href":"https:\/\/hand2noteguide.com\/pt\/wp-json\/wp\/v2\/types\/page"}],"author":[{"embeddable":true,"href":"https:\/\/hand2noteguide.com\/pt\/wp-json\/wp\/v2\/users\/1"}],"replies":[{"embeddable":true,"href":"https:\/\/hand2noteguide.com\/pt\/wp-json\/wp\/v2\/comments?post=113"}],"version-history":[{"count":23,"href":"https:\/\/hand2noteguide.com\/pt\/wp-json\/wp\/v2\/pages\/113\/revisions"}],"predecessor-version":[{"id":13557,"href":"https:\/\/hand2noteguide.com\/pt\/wp-json\/wp\/v2\/pages\/113\/revisions\/13557"}],"up":[{"embeddable":true,"href":"https:\/\/hand2noteguide.com\/pt\/wp-json\/wp\/v2\/pages\/74"}],"wp:attachment":[{"href":"https:\/\/hand2noteguide.com\/pt\/wp-json\/wp\/v2\/media?parent=113"}],"curies":[{"name":"wp","href":"https:\/\/api.w.org\/{rel}","templated":true}]}}