{"id":11364,"date":"2025-05-21T17:15:08","date_gmt":"2025-05-21T14:15:08","guid":{"rendered":"https:\/\/hand2noteguide.com\/?page_id=11364"},"modified":"2026-03-10T11:28:33","modified_gmt":"2026-03-10T08:28:33","slug":"game-analysis-by-session-duration","status":"publish","type":"page","link":"https:\/\/hand2noteguide.com\/pt\/user-manual\/game-analysis-by-session-duration\/","title":{"rendered":"Analisando o jogo por dura\u00e7\u00e3o da sess\u00e3o com Hand2Note"},"content":{"rendered":"\n<p>Como regra geral, em qualquer atividade, as pessoas tendem a experimentar estados c\u00edclicos: do despertar ao \u00f3timo, do \u00f3timo \u00e0 fadiga. O p\u00f4quer n\u00e3o \u00e9 exce\u00e7\u00e3o.<\/p>\n\n\n\n<p>Neste artigo, mostraremos como um jogador pode usar o Hand2Note para determinar o intervalo de tempo ideal para a dura\u00e7\u00e3o das sess\u00f5es.<\/p>\n\n\n\n<h2 class=\"wp-block-heading\">Determinando o comprimento ideal da sess\u00e3o por tempo<\/h2>\n\n\n\n<div class=\"wp-block-group\"><div class=\"wp-block-group__inner-container is-layout-constrained wp-block-group-is-layout-constrained\">\n<p>Nosso indicador ser\u00e1 o resultado em WinRate EV, bb\/100, para sess\u00f5es com dura\u00e7\u00e3o de:<\/p>\n\n\n\n<ul class=\"wp-block-list\">\n<li>1 a 2 horas;<\/li>\n\n\n\n<li>2 a 3 horas;<\/li>\n\n\n\n<li>3 a 4 horas;<\/li>\n\n\n\n<li>4 a 5 horas;<\/li>\n\n\n\n<li>5 a 6 horas;<\/li>\n\n\n\n<li>6 a 7 horas;<\/li>\n\n\n\n<li>7 a 8 horas;<\/li>\n\n\n\n<li>8 a 9 horas;<\/li>\n\n\n\n<li>9 a 10 horas.<\/li>\n<\/ul>\n\n\n\n<h3 class=\"wp-block-heading\">Gerando um relat\u00f3rio de dura\u00e7\u00e3o da sess\u00e3o no Hand2Note<\/h3>\n\n\n\n<p>Para ver o WinRate EV geral, bb\/100 para sess\u00f5es de uma certa dura\u00e7\u00e3o, podemos usar a ferramenta <a href=\"https:\/\/hand2noteguide.com\/pt\/user-manual\/hand2note-report-menu\/\">&#8220;Reports&#8221;<\/a> no Hand2Note.<\/p>\n\n\n\n<p>Na janela principal do programa, selecione &#8220;Reports&#8221;(1) e clique no bot\u00e3o &#8220;+Filter&#8221;(2).<\/p>\n\n\n\n<figure class=\"wp-block-image size-large\"><img loading=\"lazy\" decoding=\"async\" width=\"1024\" height=\"549\" src=\"http:\/\/hand2noteguide.com\/wp-content\/uploads\/2025\/05\/123345-1-1024x549.jpg\" alt=\"\" class=\"wp-image-11681\" srcset=\"https:\/\/hand2noteguide.com\/wp-content\/uploads\/2025\/05\/123345-1-1024x549.jpg 1024w, https:\/\/hand2noteguide.com\/wp-content\/uploads\/2025\/05\/123345-1-300x161.jpg 300w, https:\/\/hand2noteguide.com\/wp-content\/uploads\/2025\/05\/123345-1-768x412.jpg 768w, https:\/\/hand2noteguide.com\/wp-content\/uploads\/2025\/05\/123345-1-1536x824.jpg 1536w, https:\/\/hand2noteguide.com\/wp-content\/uploads\/2025\/05\/123345-1-772x414.jpg 772w, https:\/\/hand2noteguide.com\/wp-content\/uploads\/2025\/05\/123345-1-624x335.jpg 624w, https:\/\/hand2noteguide.com\/wp-content\/uploads\/2025\/05\/123345-1.jpg 1919w\" sizes=\"auto, (max-width: 1024px) 100vw, 1024px\" \/><\/figure>\n<\/div><\/div>\n\n\n\n<p>Em seguida, v\u00e1 para &#8220;Sessions&#8221;(3) e encontre a linha &#8220;Sessions length (min)&#8221;(4). Insira nosso primeiro intervalo de tempo nela &#8211; de 1 a 2 horas, em minutos (de 60 a 120 minutos). Ap\u00f3s inserir o intervalo de tempo, clique em &#8220;APPLY&#8221;(5) para aplicar o filtro.<\/p>\n\n\n\n<p>Ap\u00f3s aplicar o filtro, podemos v\u00ea-lo ativo na \u00e1rea (1).<\/p>\n\n\n\n<figure class=\"wp-block-image size-large\"><img loading=\"lazy\" decoding=\"async\" width=\"1024\" height=\"551\" src=\"http:\/\/hand2noteguide.com\/wp-content\/uploads\/2025\/05\/456456464651-1-1024x551.jpg\" alt=\"\" class=\"wp-image-11755\" srcset=\"https:\/\/hand2noteguide.com\/wp-content\/uploads\/2025\/05\/456456464651-1-1024x551.jpg 1024w, https:\/\/hand2noteguide.com\/wp-content\/uploads\/2025\/05\/456456464651-1-300x161.jpg 300w, https:\/\/hand2noteguide.com\/wp-content\/uploads\/2025\/05\/456456464651-1-768x413.jpg 768w, https:\/\/hand2noteguide.com\/wp-content\/uploads\/2025\/05\/456456464651-1-1536x826.jpg 1536w, https:\/\/hand2noteguide.com\/wp-content\/uploads\/2025\/05\/456456464651-1-772x415.jpg 772w, https:\/\/hand2noteguide.com\/wp-content\/uploads\/2025\/05\/456456464651-1-624x336.jpg 624w, https:\/\/hand2noteguide.com\/wp-content\/uploads\/2025\/05\/456456464651-1.jpg 1919w\" sizes=\"auto, (max-width: 1024px) 100vw, 1024px\" \/><\/figure>\n\n\n\n<p>Al\u00e9m disso, ao encontrar o r\u00f3tulo &#8220;WinRate EV, bb\/100&#8243;(2), podemos notar que o WinRate EV, bb\/100 para sess\u00f5es com dura\u00e7\u00e3o de 1 a 2 horas \u00e9 1.5.<\/p>\n\n\n\n<p>Repetindo as a\u00e7\u00f5es descritas acima, mas configurando novos intervalos de tempo, nosso WinRate EV, bb\/100 \u00e9:<\/p>\n\n\n\n<ul class=\"wp-block-list\">\n<li>para uma sess\u00e3o de 1 a 2 horas \u2013 1.5;<\/li>\n\n\n\n<li>para uma sess\u00e3o de 2 a 3 horas \u2013 7.4;<\/li>\n\n\n\n<li>para uma sess\u00e3o de 3 a 4 horas \u2013 6.9;<\/li>\n\n\n\n<li>para uma sess\u00e3o de 4 a 5 horas \u2013 8.3;<\/li>\n\n\n\n<li>para uma sess\u00e3o de 5 a 6 horas \u2013 2.1;<\/li>\n\n\n\n<li>para uma sess\u00e3o de 6 a 7 horas \u2013 3.3;<\/li>\n\n\n\n<li>para uma sess\u00e3o de 7 a 8 horas \u2013 1.4;<\/li>\n\n\n\n<li>para uma sess\u00e3o de 8 a 9 horas \u2013 -0.8;<\/li>\n\n\n\n<li>para uma sess\u00e3o de 9 a 10 horas \u2013 -2.1.<\/li>\n<\/ul>\n\n\n\n<p>No final, pode-se notar que o jogo ideal est\u00e1 no intervalo de 2 a 5 horas de uma sess\u00e3o de jogo.<\/p>\n\n\n\n<p>Assim, voc\u00ea pode determinar seu intervalo de tempo ideal para a dura\u00e7\u00e3o das sess\u00f5es.<\/p>\n\n\n\n<p>\u00c9 importante notar que voc\u00ea precisa de um bom tamanho de amostra para este tipo de an\u00e1lise. Em bancos de dados pequenos, os resultados podem ser inconsistentes. Em nosso exemplo, a taxa de vit\u00f3ria para sess\u00f5es com dura\u00e7\u00e3o de 1 a 2 horas foi de apenas 1.5, enquanto para sess\u00f5es de 2 a 3 horas foi de 7.4. Claro, isso n\u00e3o significa que voc\u00ea deve sempre jogar por pelo menos 2 horas. Muito provavelmente, esses n\u00fameros se devem a um tamanho de amostra insuficiente.<\/p>\n\n\n\n<p>O que voc\u00ea realmente deve prestar aten\u00e7\u00e3o \u00e9 a partir de qual dura\u00e7\u00e3o de sess\u00e3o sua taxa de vit\u00f3ria come\u00e7a a cair. Em nosso exemplo, uma queda significativa \u00e9 vista ap\u00f3s 5 horas \u2014 e isso pode ser interpretado como um sinal de que voc\u00ea pode querer parar ap\u00f3s 4\u20135 horas de jogo e fazer uma pausa.<\/p>\n\n\n\n<p>Lembre-se de que todos t\u00eam caracter\u00edsticas individuais, e a capacidade de jogar bem por v\u00e1rias horas varia de pessoa para pessoa. Se voc\u00ea notar que seu desempenho cai mesmo ap\u00f3s 2 horas de jogo \u2014 isso tamb\u00e9m \u00e9 normal. Basta dividir suas sess\u00f5es em blocos de 1\u20132 horas e fazer pausas entre elas.<\/p>\n","protected":false},"excerpt":{"rendered":"<p>Como regra geral, em qualquer atividade, as pessoas tendem a experimentar estados c\u00edclicos: do despertar ao \u00f3timo, do \u00f3timo \u00e0 fadiga. O p\u00f4quer n\u00e3o \u00e9 exce\u00e7\u00e3o. Neste artigo, mostraremos como um jogador pode usar o Hand2Note para determinar o intervalo de tempo ideal para a dura\u00e7\u00e3o das sess\u00f5es. Determinando o comprimento ideal da sess\u00e3o por &hellip; <a href=\"https:\/\/hand2noteguide.com\/pt\/user-manual\/game-analysis-by-session-duration\/\" class=\"more-link\">Continue reading <span class=\"screen-reader-text\">Analisando o jogo por dura\u00e7\u00e3o da sess\u00e3o com Hand2Note<\/span><\/a><\/p>\n","protected":false},"author":3,"featured_media":11383,"parent":9199,"menu_order":0,"comment_status":"closed","ping_status":"closed","template":"","meta":{"footnotes":""},"class_list":["post-11364","page","type-page","status-publish","has-post-thumbnail","hentry"],"translation":{"provider":"WPGlobus","version":"3.0.2","language":"pt","enabled_languages":["en","ru","pt","zh","es","fr","de","it","ja"],"languages":{"en":{"title":true,"content":true,"excerpt":false},"ru":{"title":true,"content":true,"excerpt":false},"pt":{"title":true,"content":true,"excerpt":false},"zh":{"title":true,"content":true,"excerpt":false},"es":{"title":true,"content":true,"excerpt":false},"fr":{"title":true,"content":true,"excerpt":false},"de":{"title":true,"content":true,"excerpt":false},"it":{"title":true,"content":true,"excerpt":false},"ja":{"title":true,"content":true,"excerpt":false}}},"yoast_head":"<!-- This site is optimized with the Yoast SEO plugin v27.0 - https:\/\/yoast.com\/product\/yoast-seo-wordpress\/ -->\n<title>Analisando o jogo por dura\u00e7\u00e3o da sess\u00e3o com Hand2Note<\/title>\n<meta name=\"description\" content=\"Aprenda como analisar seu desempenho no p\u00f4quer pela dura\u00e7\u00e3o da sess\u00e3o usando o Hand2Note. Encontre o comprimento ideal da sess\u00e3o com base nas estat\u00edsticas de WinRate EV, bb\/100.\" \/>\n<meta name=\"robots\" content=\"index, follow, max-snippet:-1, max-image-preview:large, max-video-preview:-1\" \/>\n<link rel=\"canonical\" href=\"https:\/\/hand2noteguide.com\/user-manual\/game-analysis-by-session-duration\/\" \/>\n<meta property=\"og:locale\" content=\"pt_PT\" \/>\n<meta property=\"og:type\" content=\"article\" \/>\n<meta property=\"og:title\" content=\"Analisando o jogo por dura\u00e7\u00e3o da sess\u00e3o com Hand2Note\" \/>\n<meta property=\"og:description\" content=\"Aprenda como analisar seu desempenho no p\u00f4quer pela dura\u00e7\u00e3o da sess\u00e3o usando o Hand2Note. Encontre o comprimento ideal da sess\u00e3o com base nas estat\u00edsticas de WinRate EV, bb\/100.\" \/>\n<meta property=\"og:url\" content=\"https:\/\/hand2noteguide.com\/user-manual\/game-analysis-by-session-duration\/\" \/>\n<meta property=\"og:site_name\" content=\"Hand2Note Guide\" \/>\n<meta property=\"article:modified_time\" content=\"2026-03-10T08:28:33+00:00\" \/>\n<meta property=\"og:image\" content=\"https:\/\/hand2noteguide.com\/wp-content\/uploads\/2025\/05\/\u0440\u0440\u0440.jpg\" \/>\n\t<meta property=\"og:image:width\" content=\"1920\" \/>\n\t<meta property=\"og:image:height\" content=\"1080\" \/>\n\t<meta property=\"og:image:type\" content=\"image\/jpeg\" \/>\n<meta name=\"twitter:card\" content=\"summary_large_image\" \/>\n<meta name=\"twitter:label1\" content=\"Est. reading time\" \/>\n\t<meta name=\"twitter:data1\" content=\"16 minutes\" \/>\n<!-- \/ Yoast SEO plugin. -->","yoast_head_json":{"title":"Analisando o jogo por dura\u00e7\u00e3o da sess\u00e3o com Hand2Note","description":"Aprenda como analisar seu desempenho no p\u00f4quer pela dura\u00e7\u00e3o da sess\u00e3o usando o Hand2Note. Encontre o comprimento ideal da sess\u00e3o com base nas estat\u00edsticas de WinRate EV, bb\/100.","robots":{"index":"index","follow":"follow","max-snippet":"max-snippet:-1","max-image-preview":"max-image-preview:large","max-video-preview":"max-video-preview:-1"},"canonical":"https:\/\/hand2noteguide.com\/user-manual\/game-analysis-by-session-duration\/","og_locale":"pt_PT","og_type":"article","og_title":"Analisando o jogo por dura\u00e7\u00e3o da sess\u00e3o com Hand2Note","og_description":"Aprenda como analisar seu desempenho no p\u00f4quer pela dura\u00e7\u00e3o da sess\u00e3o usando o Hand2Note. Encontre o comprimento ideal da sess\u00e3o com base nas estat\u00edsticas de WinRate EV, bb\/100.","og_url":"https:\/\/hand2noteguide.com\/user-manual\/game-analysis-by-session-duration\/","og_site_name":"Hand2Note Guide","article_modified_time":"2026-03-10T08:28:33+00:00","og_image":[{"width":1920,"height":1080,"url":"https:\/\/hand2noteguide.com\/wp-content\/uploads\/2025\/05\/\u0440\u0440\u0440.jpg","type":"image\/jpeg"}],"twitter_card":"summary_large_image","twitter_misc":{"Est. reading time":"16 minutes"},"schema":{"@context":"https:\/\/schema.org","@graph":[]}},"jetpack_sharing_enabled":true,"_links":{"self":[{"href":"https:\/\/hand2noteguide.com\/pt\/wp-json\/wp\/v2\/pages\/11364","targetHints":{"allow":["GET"]}}],"collection":[{"href":"https:\/\/hand2noteguide.com\/pt\/wp-json\/wp\/v2\/pages"}],"about":[{"href":"https:\/\/hand2noteguide.com\/pt\/wp-json\/wp\/v2\/types\/page"}],"author":[{"embeddable":true,"href":"https:\/\/hand2noteguide.com\/pt\/wp-json\/wp\/v2\/users\/3"}],"replies":[{"embeddable":true,"href":"https:\/\/hand2noteguide.com\/pt\/wp-json\/wp\/v2\/comments?post=11364"}],"version-history":[{"count":64,"href":"https:\/\/hand2noteguide.com\/pt\/wp-json\/wp\/v2\/pages\/11364\/revisions"}],"predecessor-version":[{"id":15629,"href":"https:\/\/hand2noteguide.com\/pt\/wp-json\/wp\/v2\/pages\/11364\/revisions\/15629"}],"up":[{"embeddable":true,"href":"https:\/\/hand2noteguide.com\/pt\/wp-json\/wp\/v2\/pages\/9199"}],"wp:featuredmedia":[{"embeddable":true,"href":"https:\/\/hand2noteguide.com\/pt\/wp-json\/wp\/v2\/media\/11383"}],"wp:attachment":[{"href":"https:\/\/hand2noteguide.com\/pt\/wp-json\/wp\/v2\/media?parent=11364"}],"curies":[{"name":"wp","href":"https:\/\/api.w.org\/{rel}","templated":true}]}}