{"id":12071,"date":"2025-05-25T11:11:59","date_gmt":"2025-05-25T08:11:59","guid":{"rendered":"https:\/\/hand2noteguide.com\/?page_id=12071"},"modified":"2026-03-10T11:29:59","modified_gmt":"2026-03-10T08:29:59","slug":"creating-and-using-badges","status":"publish","type":"page","link":"https:\/\/hand2noteguide.com\/pt\/user-manual\/creating-and-using-badges\/","title":{"rendered":"Criando e usando badges"},"content":{"rendered":"\n<p>O Hand2Note permite o uso de badges em HUDs e popups. Um badge \u00e9 um r\u00f3tulo especial em um jogador, usado separadamente dos <a href=\"https:\/\/hand2noteguide.com\/pt\/user-manual\/why-it-is-important-to-mark-fish-and-regulars-in-hand2note-reg-vs-fish-function\/\">r\u00f3tulos principais<\/a>. Ele pode aparecer estritamente sobre aqueles jogadores cujos par\u00e2metros est\u00e3o embutidos nele.<\/p>\n\n\n\n<p>Neste artigo, consideraremos o processo de cria\u00e7\u00e3o de badges para jogadores agressivos e passivos, bem como um exemplo de seu uso.<\/p>\n\n\n\n<h2 class=\"wp-block-heading\">Identificando oponentes passivos e agressivos<\/h2>\n\n\n\n<p>Usaremos a estat\u00edstica Frequ\u00eancia de Agress\u00e3o (AFq) como crit\u00e9rio.<\/p>\n\n\n\n<p>AFq \u00e9 uma estat\u00edstica complexa que mostra a porcentagem de a\u00e7\u00f5es agressivas de um jogador (aposta e aumento) em rela\u00e7\u00e3o a todas as a\u00e7\u00f5es poss\u00edveis (aposta, aumento, call, check e fold) dentro de uma \u00fanica rua de escolha: flop, turn ou river.<\/p>\n\n\n\n<p>AFq \u00e9 criada usando a f\u00f3rmula:<\/p>\n\n\n\n<p>Flop AFq:<\/p>\n\n\n\n<pre class=\"wp-block-code\"><code>(Aposta no Flop + Aumento no Flop) \/ (Aposta no Flop + Aumento no Flop + Call no Flop + Check no Flop + Fold no Flop) * 100<\/code><\/pre>\n\n\n\n<p>Turn AFq:<\/p>\n\n\n\n<pre class=\"wp-block-code\"><code>(Aposta no Turn + Aumento no Turn) \/ (Aposta no Turn + Aumento no Turn + Call no Turn + Check no Turn + Fold no Turn) * 100<\/code><\/pre>\n\n\n\n<p>River AFq:<\/p>\n\n\n\n<pre class=\"wp-block-code\"><code>(Aposta no River + Aumento no River) \/ (Aposta no River + Aumento no River + Call no River + Check no River + Fold no River) * 100<\/code><\/pre>\n\n\n\n<p>Tipicamente, os valores de AFq para um jogador agressivo s\u00e3o:<\/p>\n\n\n\n<ul class=\"wp-block-list\">\n<li>Flop AFq \u2013 35 e acima;<\/li>\n\n\n\n<li>Turn AFq \u2013 35 e acima;<\/li>\n\n\n\n<li>River AFq \u2013 32 e acima.<\/li>\n<\/ul>\n\n\n\n<p>Os valores de AFq para um jogador passivo s\u00e3o:<\/p>\n\n\n\n<ul class=\"wp-block-list\">\n<li>Flop AFq \u2013 28 e abaixo;<\/li>\n\n\n\n<li>Turn AFq \u2013 28 e abaixo;<\/li>\n\n\n\n<li>River AFq \u2013 28 e abaixo.<\/li>\n<\/ul>\n\n\n\n<h2 class=\"wp-block-heading\">Criando badges<\/h2>\n\n\n\n<p>Para criar um badge, v\u00e1 para o &#8220;Stat editor&#8221; (1). Em seguida, selecione a pasta chamada &#8220;Badges&#8221; (2) e clique em &#8220;+ New badge&#8221; (3) no topo da janela.<\/p>\n\n\n\n<figure class=\"wp-block-image size-large\"><img loading=\"lazy\" decoding=\"async\" width=\"1024\" height=\"576\" src=\"http:\/\/hand2noteguide.com\/wp-content\/uploads\/2025\/05\/\u0411\u0435\u0437-\u0438\u043c\u0435\u043d\u0438-2-1-1024x576.jpg\" alt=\"\" class=\"wp-image-12094\" srcset=\"https:\/\/hand2noteguide.com\/wp-content\/uploads\/2025\/05\/\u0411\u0435\u0437-\u0438\u043c\u0435\u043d\u0438-2-1-1024x576.jpg 1024w, https:\/\/hand2noteguide.com\/wp-content\/uploads\/2025\/05\/\u0411\u0435\u0437-\u0438\u043c\u0435\u043d\u0438-2-1-300x169.jpg 300w, https:\/\/hand2noteguide.com\/wp-content\/uploads\/2025\/05\/\u0411\u0435\u0437-\u0438\u043c\u0435\u043d\u0438-2-1-768x432.jpg 768w, https:\/\/hand2noteguide.com\/wp-content\/uploads\/2025\/05\/\u0411\u0435\u0437-\u0438\u043c\u0435\u043d\u0438-2-1-1536x864.jpg 1536w, https:\/\/hand2noteguide.com\/wp-content\/uploads\/2025\/05\/\u0411\u0435\u0437-\u0438\u043c\u0435\u043d\u0438-2-1-772x434.jpg 772w, https:\/\/hand2noteguide.com\/wp-content\/uploads\/2025\/05\/\u0411\u0435\u0437-\u0438\u043c\u0435\u043d\u0438-2-1-624x351.jpg 624w, https:\/\/hand2noteguide.com\/wp-content\/uploads\/2025\/05\/\u0411\u0435\u0437-\u0438\u043c\u0435\u043d\u0438-2-1.jpg 1920w\" sizes=\"auto, (max-width: 1024px) 100vw, 1024px\" \/><\/figure>\n\n\n\n<p>Na janela pop-up, defina um nome para o badge na \u00e1rea (4) e clique em &#8220;OK&#8221; para cri\u00e1-lo.<\/p>\n\n\n\n<p>O badge que criamos pode ser visto na lista de badges \u00e0 direita (1).<\/p>\n\n\n\n<figure class=\"wp-block-image size-large\"><img loading=\"lazy\" decoding=\"async\" width=\"1024\" height=\"576\" src=\"http:\/\/hand2noteguide.com\/wp-content\/uploads\/2025\/05\/\u0411\u0435\u0437-\u0438\u043c\u0435\u043d\u0438-3-1024x576.jpg\" alt=\"\" class=\"wp-image-12103\" srcset=\"https:\/\/hand2noteguide.com\/wp-content\/uploads\/2025\/05\/\u0411\u0435\u0437-\u0438\u043c\u0435\u043d\u0438-3-1024x576.jpg 1024w, https:\/\/hand2noteguide.com\/wp-content\/uploads\/2025\/05\/\u0411\u0435\u0437-\u0438\u043c\u0435\u043d\u0438-3-300x169.jpg 300w, https:\/\/hand2noteguide.com\/wp-content\/uploads\/2025\/05\/\u0411\u0435\u0437-\u0438\u043c\u0435\u043d\u0438-3-768x432.jpg 768w, https:\/\/hand2noteguide.com\/wp-content\/uploads\/2025\/05\/\u0411\u0435\u0437-\u0438\u043c\u0435\u043d\u0438-3-1536x864.jpg 1536w, https:\/\/hand2noteguide.com\/wp-content\/uploads\/2025\/05\/\u0411\u0435\u0437-\u0438\u043c\u0435\u043d\u0438-3-772x434.jpg 772w, https:\/\/hand2noteguide.com\/wp-content\/uploads\/2025\/05\/\u0411\u0435\u0437-\u0438\u043c\u0435\u043d\u0438-3-624x351.jpg 624w, https:\/\/hand2noteguide.com\/wp-content\/uploads\/2025\/05\/\u0411\u0435\u0437-\u0438\u043c\u0435\u043d\u0438-3.jpg 1920w\" sizes=\"auto, (max-width: 1024px) 100vw, 1024px\" \/><\/figure>\n\n\n\n<p>A janela de cria\u00e7\u00e3o de badges permite que voc\u00ea:<\/p>\n\n\n\n<ul class=\"wp-block-list\">\n<li>Defina uma imagem para o badge usando &#8220;Badge image&#8221; (2);<\/li>\n\n\n\n<li>Defina o texto exibido dentro do badge usando &#8220;Badge header&#8221; (3);<\/li>\n\n\n\n<li>Defina uma descri\u00e7\u00e3o para o badge usando &#8220;Description&#8221; (4);<\/li>\n\n\n\n<li>Defina a cor de fundo do badge usando &#8220;Background&#8221; (5);<\/li>\n\n\n\n<li>Defina a cor, espessura e dire\u00e7\u00e3o da borda do badge usando (6);<\/li>\n\n\n\n<li>Defina a fonte, tamanho da fonte, cor e estilo do texto exibido dentro do badge usando a \u00e1rea (7);<\/li>\n\n\n\n<li>Na \u00e1rea (8), defina as condi\u00e7\u00f5es de exibi\u00e7\u00e3o do badge nos jogadores usando o modo de busca visual de estat\u00edsticas no Hand2Note e inclua-as em uma f\u00f3rmula l\u00f3gica;<\/li>\n\n\n\n<li>Use o toggle (9) para alternar o modo de busca visual de estat\u00edsticas no Hand2Note e sua inclus\u00e3o em uma f\u00f3rmula l\u00f3gica para &#8220;Textual Mode&#8221;. &#8220;Textual Mode&#8221; permite que o usu\u00e1rio insira manualmente as condi\u00e7\u00f5es de exibi\u00e7\u00e3o em texto;<\/li>\n\n\n\n<li>Veja a apar\u00eancia do badge criado na \u00e1rea (10).<\/li>\n<\/ul>\n\n\n\n<p>Ap\u00f3s configurar os par\u00e2metros visuais (1), ative o \u201cTextual Mode\u201d (2) para inserir a condi\u00e7\u00e3o usando uma f\u00f3rmula textual.<\/p>\n\n\n\n<figure class=\"wp-block-image size-large\"><img loading=\"lazy\" decoding=\"async\" width=\"1024\" height=\"576\" src=\"http:\/\/hand2noteguide.com\/wp-content\/uploads\/2025\/05\/\u0411\u0435\u0437-\u0438\u043c\u0435\u043d\u0438-4-1024x576.jpg\" alt=\"\" class=\"wp-image-12112\" srcset=\"https:\/\/hand2noteguide.com\/wp-content\/uploads\/2025\/05\/\u0411\u0435\u0437-\u0438\u043c\u0435\u043d\u0438-4-1024x576.jpg 1024w, https:\/\/hand2noteguide.com\/wp-content\/uploads\/2025\/05\/\u0411\u0435\u0437-\u0438\u043c\u0435\u043d\u0438-4-300x169.jpg 300w, https:\/\/hand2noteguide.com\/wp-content\/uploads\/2025\/05\/\u0411\u0435\u0437-\u0438\u043c\u0435\u043d\u0438-4-768x432.jpg 768w, https:\/\/hand2noteguide.com\/wp-content\/uploads\/2025\/05\/\u0411\u0435\u0437-\u0438\u043c\u0435\u043d\u0438-4-1536x864.jpg 1536w, https:\/\/hand2noteguide.com\/wp-content\/uploads\/2025\/05\/\u0411\u0435\u0437-\u0438\u043c\u0435\u043d\u0438-4-772x434.jpg 772w, https:\/\/hand2noteguide.com\/wp-content\/uploads\/2025\/05\/\u0411\u0435\u0437-\u0438\u043c\u0435\u043d\u0438-4-624x351.jpg 624w, https:\/\/hand2noteguide.com\/wp-content\/uploads\/2025\/05\/\u0411\u0435\u0437-\u0438\u043c\u0435\u043d\u0438-4.jpg 1920w\" sizes=\"auto, (max-width: 1024px) 100vw, 1024px\" \/><\/figure>\n\n\n\n<p>Agora precisamos criar corretamente uma f\u00f3rmula para o \u201cTextual Mode\u201d no Hand2Note. Para an\u00e1lise, usaremos o pacote de estat\u00edsticas &#8220;EXPLOIT HUD BASE&#8221;. As estat\u00edsticas necess\u00e1rias t\u00eam as seguintes f\u00f3rmulas:<\/p>\n\n\n\n<p>Flop AFq:<\/p>\n\n\n\n<pre class=\"wp-block-code\"><code>((Cases(tot_F_B) + Cases(tot_F_R)) \/ (Cases(tot_F_C) + Cases(tot_F_X) + Cases(tot_F_F) + Cases(tot_F_B) + Cases(tot_F_R))) * 100<\/code><\/pre>\n\n\n\n<p>Turn AFq:<\/p>\n\n\n\n<pre class=\"wp-block-code\"><code>((Cases(tot_T_B) + Cases(tot_T_R)) \/ (Cases(tot_T_C) + Cases(tot_T_X) + Cases(tot_T_F) + Cases(tot_T_B) + Cases(tot_T_R))) * 100<\/code><\/pre>\n\n\n\n<p>River AFq:<\/p>\n\n\n\n<pre class=\"wp-block-code\"><code>((Cases(tot_R_B) + Cases(tot_R_R)) \/ (Cases(tot_R_C) + Cases(tot_R_X) + Cases(tot_R_F) + Cases(tot_R_B) + Cases(tot_R_R))) * 100<\/code><\/pre>\n\n\n\n<p>A f\u00f3rmula final para jogadores agressivos ficar\u00e1 assim:<\/p>\n\n\n\n<pre class=\"wp-block-code\"><code>((Cases(tot_F_B) + Cases(tot_F_R)) \/ (Cases(tot_F_C) + Cases(tot_F_X) + Cases(tot_F_F) + Cases(tot_F_B) + Cases(tot_F_R))) * 100 &gt; 35 and ((Cases(tot_T_B) + Cases(tot_T_R)) \/ (Cases(tot_T_C) + Cases(tot_T_X) + Cases(tot_T_F) + Cases(tot_T_B) + Cases(tot_T_R))) * 100 &gt; 35 and ((Cases(tot_R_B) + Cases(tot_R_R)) \/ (Cases(tot_R_C) + Cases(tot_R_X) + Cases(tot_R_F) + Cases(tot_R_B) + Cases(tot_R_R))) * 100 &gt; 32<\/code><\/pre>\n\n\n\n<p><em>Usamos o operador &#8220;and&#8221; entre os valores na f\u00f3rmula para combin\u00e1-los em uma \u00fanica f\u00f3rmula. Al\u00e9m disso, para definir os crit\u00e9rios necess\u00e1rios, usamos os s\u00edmbolos matem\u00e1ticos &#8220;&gt;&#8221; e &#8220;&lt;&quot; ap\u00f3s cada valor.<\/em><\/p>\n\n\n\n<p>Insira a f\u00f3rmula composta na \u00e1rea (1).<\/p>\n\n\n\n<figure class=\"wp-block-image size-large\"><img loading=\"lazy\" decoding=\"async\" width=\"1024\" height=\"576\" src=\"http:\/\/hand2noteguide.com\/wp-content\/uploads\/2025\/05\/\u0411\u0435\u0437-\u0438\u043c\u0435\u043d\u0438-5-1024x576.jpg\" alt=\"\" class=\"wp-image-12116\" srcset=\"https:\/\/hand2noteguide.com\/wp-content\/uploads\/2025\/05\/\u0411\u0435\u0437-\u0438\u043c\u0435\u043d\u0438-5-1024x576.jpg 1024w, https:\/\/hand2noteguide.com\/wp-content\/uploads\/2025\/05\/\u0411\u0435\u0437-\u0438\u043c\u0435\u043d\u0438-5-300x169.jpg 300w, https:\/\/hand2noteguide.com\/wp-content\/uploads\/2025\/05\/\u0411\u0435\u0437-\u0438\u043c\u0435\u043d\u0438-5-768x432.jpg 768w, https:\/\/hand2noteguide.com\/wp-content\/uploads\/2025\/05\/\u0411\u0435\u0437-\u0438\u043c\u0435\u043d\u0438-5-1536x864.jpg 1536w, https:\/\/hand2noteguide.com\/wp-content\/uploads\/2025\/05\/\u0411\u0435\u0437-\u0438\u043c\u0435\u043d\u0438-5-772x434.jpg 772w, https:\/\/hand2noteguide.com\/wp-content\/uploads\/2025\/05\/\u0411\u0435\u0437-\u0438\u043c\u0435\u043d\u0438-5-624x351.jpg 624w, https:\/\/hand2noteguide.com\/wp-content\/uploads\/2025\/05\/\u0411\u0435\u0437-\u0438\u043c\u0435\u043d\u0438-5.jpg 1920w\" sizes=\"auto, (max-width: 1024px) 100vw, 1024px\" \/><\/figure>\n\n\n\n<p>Ao inserir a f\u00f3rmula, o Hand2Note verificar\u00e1 sua corre\u00e7\u00e3o, e se estiver correta, sublinhar\u00e1 com um check verde (2).<\/p>\n\n\n\n<p>O badge para jogadores agressivos est\u00e1 criado. Agora repita os passos para criar um badge como no exemplo acima, mas com um novo badge para jogadores passivos.<\/p>\n\n\n\n<p>A condi\u00e7\u00e3o &#8211; a f\u00f3rmula para jogadores passivos em nosso exemplo ficar\u00e1 assim:<\/p>\n\n\n\n<pre class=\"wp-block-code\"><code>((Cases(tot_F_B) + Cases(tot_F_R)) \/ (Cases(tot_F_C) + Cases(tot_F_X) + Cases(tot_F_F) + Cases(tot_F_B) + Cases(tot_F_R))) * 100 &lt; 28 and ((Cases(tot_T_B) + Cases(tot_T_R)) \/ (Cases(tot_T_C) + Cases(tot_T_X) + Cases(tot_T_F) + Cases(tot_T_B) + Cases(tot_T_R))) * 100 &lt; 28 and ((Cases(tot_R_B) + Cases(tot_R_R)) \/ (Cases(tot_R_C) + Cases(tot_R_X) + Cases(tot_R_F) + Cases(tot_R_B) + Cases(tot_R_R))) * 100 &lt; 28<\/code><\/pre>\n\n\n\n<p>Ap\u00f3s criar os badges, voc\u00ea pode v\u00ea-los no menu &#8220;Stat editor&#8221;.<\/p>\n\n\n\n<figure class=\"wp-block-image size-large\"><img loading=\"lazy\" decoding=\"async\" width=\"1024\" height=\"576\" src=\"http:\/\/hand2noteguide.com\/wp-content\/uploads\/2025\/05\/\u0411\u0435\u0437-\u0438\u043c\u0435\u043d\u0438-6-1024x576.jpg\" alt=\"\" class=\"wp-image-12121\" srcset=\"https:\/\/hand2noteguide.com\/wp-content\/uploads\/2025\/05\/\u0411\u0435\u0437-\u0438\u043c\u0435\u043d\u0438-6-1024x576.jpg 1024w, https:\/\/hand2noteguide.com\/wp-content\/uploads\/2025\/05\/\u0411\u0435\u0437-\u0438\u043c\u0435\u043d\u0438-6-300x169.jpg 300w, https:\/\/hand2noteguide.com\/wp-content\/uploads\/2025\/05\/\u0411\u0435\u0437-\u0438\u043c\u0435\u043d\u0438-6-768x432.jpg 768w, https:\/\/hand2noteguide.com\/wp-content\/uploads\/2025\/05\/\u0411\u0435\u0437-\u0438\u043c\u0435\u043d\u0438-6-1536x864.jpg 1536w, https:\/\/hand2noteguide.com\/wp-content\/uploads\/2025\/05\/\u0411\u0435\u0437-\u0438\u043c\u0435\u043d\u0438-6-772x434.jpg 772w, https:\/\/hand2noteguide.com\/wp-content\/uploads\/2025\/05\/\u0411\u0435\u0437-\u0438\u043c\u0435\u043d\u0438-6-624x351.jpg 624w, https:\/\/hand2noteguide.com\/wp-content\/uploads\/2025\/05\/\u0411\u0435\u0437-\u0438\u043c\u0435\u043d\u0438-6.jpg 1920w\" sizes=\"auto, (max-width: 1024px) 100vw, 1024px\" \/><\/figure>\n\n\n\n<h2 class=\"wp-block-heading\">Usando badges no HUD ou Popup<\/h2>\n\n\n\n<p>Os badges podem ser usados no HUD inserindo-os em qualquer c\u00e9lula livre. Para fazer isso, abra o editor de HUD clicando em &#8220;HUD Editor&#8221; (1). Nele, selecione o HUD que voc\u00ea precisa na lista suspensa (2).<\/p>\n\n\n\n<figure class=\"wp-block-image size-large\"><img loading=\"lazy\" decoding=\"async\" width=\"1024\" height=\"576\" src=\"http:\/\/hand2noteguide.com\/wp-content\/uploads\/2025\/05\/\u0411\u0435\u0437-\u0438\u043c\u0435\u043d\u0438-7-1024x576.jpg\" alt=\"\" class=\"wp-image-12125\" srcset=\"https:\/\/hand2noteguide.com\/wp-content\/uploads\/2025\/05\/\u0411\u0435\u0437-\u0438\u043c\u0435\u043d\u0438-7-1024x576.jpg 1024w, https:\/\/hand2noteguide.com\/wp-content\/uploads\/2025\/05\/\u0411\u0435\u0437-\u0438\u043c\u0435\u043d\u0438-7-300x169.jpg 300w, https:\/\/hand2noteguide.com\/wp-content\/uploads\/2025\/05\/\u0411\u0435\u0437-\u0438\u043c\u0435\u043d\u0438-7-768x432.jpg 768w, https:\/\/hand2noteguide.com\/wp-content\/uploads\/2025\/05\/\u0411\u0435\u0437-\u0438\u043c\u0435\u043d\u0438-7-1536x864.jpg 1536w, https:\/\/hand2noteguide.com\/wp-content\/uploads\/2025\/05\/\u0411\u0435\u0437-\u0438\u043c\u0435\u043d\u0438-7-772x434.jpg 772w, https:\/\/hand2noteguide.com\/wp-content\/uploads\/2025\/05\/\u0411\u0435\u0437-\u0438\u043c\u0435\u043d\u0438-7-624x351.jpg 624w, https:\/\/hand2noteguide.com\/wp-content\/uploads\/2025\/05\/\u0411\u0435\u0437-\u0438\u043c\u0435\u043d\u0438-7.jpg 1920w\" sizes=\"auto, (max-width: 1024px) 100vw, 1024px\" \/><\/figure>\n\n\n\n<p>Em seguida, clique com o bot\u00e3o direito (3) na c\u00e9lula livre onde deseja adicionar um badge e passe o mouse sobre &#8220;Insert&#8221; (4) no menu suspenso. No menu suspenso secund\u00e1rio, selecione &#8220;Badge&#8230;&#8221; (5). Na lista de busca de badges que se abre, expanda sua lista (6). Encontre o badge necess\u00e1rio e clique nele (7). Em seguida, clique em &#8220;OK&#8221; (8) para adicion\u00e1-lo \u00e0 c\u00e9lula do HUD.<\/p>\n\n\n\n<p>Repita os passos para adicionar um segundo badge a qualquer c\u00e9lula vazia ao lado do primeiro badge adicionado.<\/p>\n\n\n\n<p>Como resultado, se voc\u00ea fez tudo corretamente, os badges adicionados no editor de HUD parecer\u00e3o assim:<\/p>\n\n\n\n<figure class=\"wp-block-image size-large\"><img loading=\"lazy\" decoding=\"async\" width=\"1024\" height=\"576\" src=\"http:\/\/hand2noteguide.com\/wp-content\/uploads\/2025\/05\/\u0411\u0435\u0437-\u0438\u043c\u0435\u043d\u0438-8-1024x576.jpg\" alt=\"\" class=\"wp-image-12136\" srcset=\"https:\/\/hand2noteguide.com\/wp-content\/uploads\/2025\/05\/\u0411\u0435\u0437-\u0438\u043c\u0435\u043d\u0438-8-1024x576.jpg 1024w, https:\/\/hand2noteguide.com\/wp-content\/uploads\/2025\/05\/\u0411\u0435\u0437-\u0438\u043c\u0435\u043d\u0438-8-300x169.jpg 300w, https:\/\/hand2noteguide.com\/wp-content\/uploads\/2025\/05\/\u0411\u0435\u0437-\u0438\u043c\u0435\u043d\u0438-8-768x432.jpg 768w, https:\/\/hand2noteguide.com\/wp-content\/uploads\/2025\/05\/\u0411\u0435\u0437-\u0438\u043c\u0435\u043d\u0438-8-1536x864.jpg 1536w, https:\/\/hand2noteguide.com\/wp-content\/uploads\/2025\/05\/\u0411\u0435\u0437-\u0438\u043c\u0435\u043d\u0438-8-772x434.jpg 772w, https:\/\/hand2noteguide.com\/wp-content\/uploads\/2025\/05\/\u0411\u0435\u0437-\u0438\u043c\u0435\u043d\u0438-8-624x351.jpg 624w, https:\/\/hand2noteguide.com\/wp-content\/uploads\/2025\/05\/\u0411\u0435\u0437-\u0438\u043c\u0435\u043d\u0438-8.jpg 1920w\" sizes=\"auto, (max-width: 1024px) 100vw, 1024px\" \/><\/figure>\n\n\n\n<p>Os badges podem ser adicionados a um popup da mesma forma, atrav\u00e9s do menu &#8220;Popup Editor&#8221; (1).<\/p>\n\n\n\n<figure class=\"wp-block-image size-large\"><img loading=\"lazy\" decoding=\"async\" width=\"1024\" height=\"576\" src=\"http:\/\/hand2noteguide.com\/wp-content\/uploads\/2025\/05\/\u0411\u0435\u0437-\u0438\u043c\u0435\u043d\u0438-9-1024x576.jpg\" alt=\"\" class=\"wp-image-12139\" srcset=\"https:\/\/hand2noteguide.com\/wp-content\/uploads\/2025\/05\/\u0411\u0435\u0437-\u0438\u043c\u0435\u043d\u0438-9-1024x576.jpg 1024w, https:\/\/hand2noteguide.com\/wp-content\/uploads\/2025\/05\/\u0411\u0435\u0437-\u0438\u043c\u0435\u043d\u0438-9-300x169.jpg 300w, https:\/\/hand2noteguide.com\/wp-content\/uploads\/2025\/05\/\u0411\u0435\u0437-\u0438\u043c\u0435\u043d\u0438-9-768x432.jpg 768w, https:\/\/hand2noteguide.com\/wp-content\/uploads\/2025\/05\/\u0411\u0435\u0437-\u0438\u043c\u0435\u043d\u0438-9-1536x864.jpg 1536w, https:\/\/hand2noteguide.com\/wp-content\/uploads\/2025\/05\/\u0411\u0435\u0437-\u0438\u043c\u0435\u043d\u0438-9-772x434.jpg 772w, https:\/\/hand2noteguide.com\/wp-content\/uploads\/2025\/05\/\u0411\u0435\u0437-\u0438\u043c\u0435\u043d\u0438-9-624x351.jpg 624w, https:\/\/hand2noteguide.com\/wp-content\/uploads\/2025\/05\/\u0411\u0435\u0437-\u0438\u043c\u0435\u043d\u0438-9.jpg 1920w\" sizes=\"auto, (max-width: 1024px) 100vw, 1024px\" \/><\/figure>\n\n\n\n<p>O resultado final dos badges no HUD atrav\u00e9s do replayer do Hand2Note parece assim:<\/p>\n\n\n\n<figure class=\"wp-block-image size-large\"><img loading=\"lazy\" decoding=\"async\" width=\"1024\" height=\"576\" src=\"http:\/\/hand2noteguide.com\/wp-content\/uploads\/2025\/05\/\u0411\u0435\u0437-\u0438\u043c\u0435\u043d\u0438-10-1024x576.jpg\" alt=\"\" class=\"wp-image-12145\" srcset=\"https:\/\/hand2noteguide.com\/wp-content\/uploads\/2025\/05\/\u0411\u0435\u0437-\u0438\u043c\u0435\u043d\u0438-10-1024x576.jpg 1024w, https:\/\/hand2noteguide.com\/wp-content\/uploads\/2025\/05\/\u0411\u0435\u0437-\u0438\u043c\u0435\u043d\u0438-10-300x169.jpg 300w, https:\/\/hand2noteguide.com\/wp-content\/uploads\/2025\/05\/\u0411\u0435\u0437-\u0438\u043c\u0435\u043d\u0438-10-768x432.jpg 768w, https:\/\/hand2noteguide.com\/wp-content\/uploads\/2025\/05\/\u0411\u0435\u0437-\u0438\u043c\u0435\u043d\u0438-10-1536x864.jpg 1536w, https:\/\/hand2noteguide.com\/wp-content\/uploads\/2025\/05\/\u0411\u0435\u0437-\u0438\u043c\u0435\u043d\u0438-10-772x434.jpg 772w, https:\/\/hand2noteguide.com\/wp-content\/uploads\/2025\/05\/\u0411\u0435\u0437-\u0438\u043c\u0435\u043d\u0438-10-624x351.jpg 624w, https:\/\/hand2noteguide.com\/wp-content\/uploads\/2025\/05\/\u0411\u0435\u0437-\u0438\u043c\u0435\u043d\u0438-10.jpg 1920w\" sizes=\"auto, (max-width: 1024px) 100vw, 1024px\" \/><\/figure>\n\n\n\n<p>Para jogadores passivos, um badge \u00e9 exibido de acordo com a condi\u00e7\u00e3o com a letra &#8220;P&#8221; em azul. E para jogadores agressivos com a letra &#8220;A&#8221; em vermelho.<\/p>\n\n\n\n<p>Da mesma forma, os badges funcionam em popups em um jogador:<\/p>\n\n\n\n<figure class=\"wp-block-image size-large\"><img loading=\"lazy\" decoding=\"async\" width=\"1024\" height=\"576\" src=\"http:\/\/hand2noteguide.com\/wp-content\/uploads\/2025\/05\/\u0411\u0435\u0437-\u0438\u043c\u0435\u043d\u0438-11-1024x576.jpg\" alt=\"\" class=\"wp-image-12146\" srcset=\"https:\/\/hand2noteguide.com\/wp-content\/uploads\/2025\/05\/\u0411\u0435\u0437-\u0438\u043c\u0435\u043d\u0438-11-1024x576.jpg 1024w, https:\/\/hand2noteguide.com\/wp-content\/uploads\/2025\/05\/\u0411\u0435\u0437-\u0438\u043c\u0435\u043d\u0438-11-300x169.jpg 300w, https:\/\/hand2noteguide.com\/wp-content\/uploads\/2025\/05\/\u0411\u0435\u0437-\u0438\u043c\u0435\u043d\u0438-11-768x432.jpg 768w, https:\/\/hand2noteguide.com\/wp-content\/uploads\/2025\/05\/\u0411\u0435\u0437-\u0438\u043c\u0435\u043d\u0438-11-1536x864.jpg 1536w, https:\/\/hand2noteguide.com\/wp-content\/uploads\/2025\/05\/\u0411\u0435\u0437-\u0438\u043c\u0435\u043d\u0438-11-772x434.jpg 772w, https:\/\/hand2noteguide.com\/wp-content\/uploads\/2025\/05\/\u0411\u0435\u0437-\u0438\u043c\u0435\u043d\u0438-11-624x351.jpg 624w, https:\/\/hand2noteguide.com\/wp-content\/uploads\/2025\/05\/\u0411\u0435\u0437-\u0438\u043c\u0435\u043d\u0438-11.jpg 1920w\" sizes=\"auto, (max-width: 1024px) 100vw, 1024px\" \/><\/figure>\n\n\n\n<h2 class=\"wp-block-heading\">Resumo<\/h2>\n\n\n\n<p>Voc\u00ea pode criar badges para qualquer condi\u00e7\u00e3o \u2014 desde a frequ\u00eancia de 3bet-fold at\u00e9 estat\u00edsticas complexas como agress\u00e3o ou tend\u00eancias de overfold.<\/p>\n\n\n\n<p>Os badges simplificam muito a identifica\u00e7\u00e3o de falhas no jogo dos oponentes e aceleram a tomada de decis\u00f5es na mesa.<\/p>\n","protected":false},"excerpt":{"rendered":"<p>O Hand2Note permite o uso de badges em HUDs e popups. Um badge \u00e9 um r\u00f3tulo especial em um jogador, usado separadamente dos r\u00f3tulos principais. Ele pode aparecer estritamente sobre aqueles jogadores cujos par\u00e2metros est\u00e3o embutidos nele. Neste artigo, consideraremos o processo de cria\u00e7\u00e3o de badges para jogadores agressivos e passivos, bem como um exemplo &hellip; <a href=\"https:\/\/hand2noteguide.com\/pt\/user-manual\/creating-and-using-badges\/\" class=\"more-link\">Continue reading <span class=\"screen-reader-text\">Criando e usando badges<\/span><\/a><\/p>\n","protected":false},"author":3,"featured_media":12074,"parent":9199,"menu_order":0,"comment_status":"closed","ping_status":"closed","template":"","meta":{"footnotes":""},"class_list":["post-12071","page","type-page","status-publish","has-post-thumbnail","hentry"],"translation":{"provider":"WPGlobus","version":"3.0.2","language":"pt","enabled_languages":["en","ru","pt","zh","es","fr","de","it","ja"],"languages":{"en":{"title":true,"content":true,"excerpt":false},"ru":{"title":true,"content":true,"excerpt":false},"pt":{"title":true,"content":true,"excerpt":false},"zh":{"title":true,"content":true,"excerpt":false},"es":{"title":true,"content":true,"excerpt":false},"fr":{"title":true,"content":true,"excerpt":false},"de":{"title":true,"content":true,"excerpt":false},"it":{"title":true,"content":true,"excerpt":false},"ja":{"title":true,"content":true,"excerpt":false}}},"yoast_head":"<!-- This site is optimized with the Yoast SEO plugin v27.0 - https:\/\/yoast.com\/product\/yoast-seo-wordpress\/ -->\n<title>Criando e usando badges no Hand2Note<\/title>\n<meta name=\"description\" content=\"Aprenda a criar e usar badges no Hand2Note para identificar jogadores agressivos e passivos, melhorando seu jogo de poker.\" \/>\n<meta name=\"robots\" content=\"index, follow, max-snippet:-1, max-image-preview:large, max-video-preview:-1\" \/>\n<link rel=\"canonical\" href=\"https:\/\/hand2noteguide.com\/user-manual\/creating-and-using-badges\/\" \/>\n<meta property=\"og:locale\" content=\"pt_PT\" \/>\n<meta property=\"og:type\" content=\"article\" \/>\n<meta property=\"og:title\" content=\"Criando e usando badges no Hand2Note\" \/>\n<meta property=\"og:description\" content=\"Aprenda a criar e usar badges no Hand2Note para identificar jogadores agressivos e passivos, melhorando seu jogo de poker.\" \/>\n<meta property=\"og:url\" content=\"https:\/\/hand2noteguide.com\/user-manual\/creating-and-using-badges\/\" \/>\n<meta property=\"og:site_name\" content=\"Hand2Note Guide\" \/>\n<meta property=\"article:modified_time\" content=\"2026-03-10T08:29:59+00:00\" \/>\n<meta property=\"og:image\" content=\"https:\/\/hand2noteguide.com\/wp-content\/uploads\/2025\/05\/\u0411\u0435\u0437-\u0438\u043c\u0435\u043d\u0438-1-4.jpg\" \/>\n\t<meta property=\"og:image:width\" content=\"1920\" \/>\n\t<meta property=\"og:image:height\" content=\"1080\" \/>\n\t<meta property=\"og:image:type\" content=\"image\/jpeg\" \/>\n<meta name=\"twitter:card\" content=\"summary_large_image\" \/>\n<meta name=\"twitter:label1\" content=\"Est. reading time\" \/>\n\t<meta name=\"twitter:data1\" content=\"41 minutes\" \/>\n<!-- \/ Yoast SEO plugin. -->","yoast_head_json":{"title":"Criando e usando badges no Hand2Note","description":"Aprenda a criar e usar badges no Hand2Note para identificar jogadores agressivos e passivos, melhorando seu jogo de poker.","robots":{"index":"index","follow":"follow","max-snippet":"max-snippet:-1","max-image-preview":"max-image-preview:large","max-video-preview":"max-video-preview:-1"},"canonical":"https:\/\/hand2noteguide.com\/user-manual\/creating-and-using-badges\/","og_locale":"pt_PT","og_type":"article","og_title":"Criando e usando badges no Hand2Note","og_description":"Aprenda a criar e usar badges no Hand2Note para identificar jogadores agressivos e passivos, melhorando seu jogo de poker.","og_url":"https:\/\/hand2noteguide.com\/user-manual\/creating-and-using-badges\/","og_site_name":"Hand2Note Guide","article_modified_time":"2026-03-10T08:29:59+00:00","og_image":[{"width":1920,"height":1080,"url":"https:\/\/hand2noteguide.com\/wp-content\/uploads\/2025\/05\/\u0411\u0435\u0437-\u0438\u043c\u0435\u043d\u0438-1-4.jpg","type":"image\/jpeg"}],"twitter_card":"summary_large_image","twitter_misc":{"Est. reading time":"41 minutes"},"schema":{"@context":"https:\/\/schema.org","@graph":[]}},"jetpack_sharing_enabled":true,"_links":{"self":[{"href":"https:\/\/hand2noteguide.com\/pt\/wp-json\/wp\/v2\/pages\/12071","targetHints":{"allow":["GET"]}}],"collection":[{"href":"https:\/\/hand2noteguide.com\/pt\/wp-json\/wp\/v2\/pages"}],"about":[{"href":"https:\/\/hand2noteguide.com\/pt\/wp-json\/wp\/v2\/types\/page"}],"author":[{"embeddable":true,"href":"https:\/\/hand2noteguide.com\/pt\/wp-json\/wp\/v2\/users\/3"}],"replies":[{"embeddable":true,"href":"https:\/\/hand2noteguide.com\/pt\/wp-json\/wp\/v2\/comments?post=12071"}],"version-history":[{"count":65,"href":"https:\/\/hand2noteguide.com\/pt\/wp-json\/wp\/v2\/pages\/12071\/revisions"}],"predecessor-version":[{"id":15630,"href":"https:\/\/hand2noteguide.com\/pt\/wp-json\/wp\/v2\/pages\/12071\/revisions\/15630"}],"up":[{"embeddable":true,"href":"https:\/\/hand2noteguide.com\/pt\/wp-json\/wp\/v2\/pages\/9199"}],"wp:featuredmedia":[{"embeddable":true,"href":"https:\/\/hand2noteguide.com\/pt\/wp-json\/wp\/v2\/media\/12074"}],"wp:attachment":[{"href":"https:\/\/hand2noteguide.com\/pt\/wp-json\/wp\/v2\/media?parent=12071"}],"curies":[{"name":"wp","href":"https:\/\/api.w.org\/{rel}","templated":true}]}}