{"id":12168,"date":"2025-05-26T09:03:09","date_gmt":"2025-05-26T06:03:09","guid":{"rendered":"https:\/\/hand2noteguide.com\/?page_id=12168"},"modified":"2026-03-10T11:30:39","modified_gmt":"2026-03-10T08:30:39","slug":"analyzing-play-based-on-distance-to-the-fish","status":"publish","type":"page","link":"https:\/\/hand2noteguide.com\/pt\/user-manual\/analyzing-play-based-on-distance-to-the-fish\/","title":{"rendered":"Analisando o jogo pela dist\u00e2ncia para o fish usando Hand2Note"},"content":{"rendered":"\n<p>Ao jogar com um <a href=\"https:\/\/hand2noteguide.com\/pt\/user-manual\/fish-game-analysis-selection-win-rate-at-fish-tables\/\">jogo direcionado com fish<\/a>, h\u00e1 um ponto importante &#8211; voc\u00ea deve se esfor\u00e7ar para jogar em posi\u00e7\u00e3o contra o fish. Isso significa que o maior ganho em vit\u00f3rias \u00e9 alcan\u00e7ado quando o fish est\u00e1 sentado na mesa ou primeiro ou segundo \u00e0 sua direita.<\/p>\n\n\n\n<p>Neste artigo, vamos mostrar como ver seus resultados de jogo contra diferentes posi\u00e7\u00f5es de fish na mesa.<\/p>\n\n\n\n<h2 class=\"wp-block-heading\">Criando um relat\u00f3rio por dist\u00e2ncia para o fish usando Hand2Note<\/h2>\n\n\n\n<p>A ferramenta <a href=\"https:\/\/hand2noteguide.com\/pt\/user-manual\/hand2note-report-menu\/\">&#8220;Reports&#8221; no Hand2Note<\/a> nos ajudar\u00e1 a ver nossos resultados de jogo contra diferentes posi\u00e7\u00f5es de fish.<\/p>\n\n\n\n<p>Primeiro, lembre-se dos n\u00fameros dos assentos na mesa em rela\u00e7\u00e3o ao her\u00f3i de acordo com o esquema:<\/p>\n\n\n\n<figure class=\"wp-block-image size-full\"><img loading=\"lazy\" decoding=\"async\" width=\"953\" height=\"809\" src=\"http:\/\/hand2noteguide.com\/wp-content\/uploads\/2025\/05\/\u0411\u0435\u0437-\u0438\u043c\u0435\u043d\u0438-3-1.jpg\" alt=\"\" class=\"wp-image-12375\" srcset=\"https:\/\/hand2noteguide.com\/wp-content\/uploads\/2025\/05\/\u0411\u0435\u0437-\u0438\u043c\u0435\u043d\u0438-3-1.jpg 953w, https:\/\/hand2noteguide.com\/wp-content\/uploads\/2025\/05\/\u0411\u0435\u0437-\u0438\u043c\u0435\u043d\u0438-3-1-300x255.jpg 300w, https:\/\/hand2noteguide.com\/wp-content\/uploads\/2025\/05\/\u0411\u0435\u0437-\u0438\u043c\u0435\u043d\u0438-3-1-768x652.jpg 768w, https:\/\/hand2noteguide.com\/wp-content\/uploads\/2025\/05\/\u0411\u0435\u0437-\u0438\u043c\u0435\u043d\u0438-3-1-772x655.jpg 772w, https:\/\/hand2noteguide.com\/wp-content\/uploads\/2025\/05\/\u0411\u0435\u0437-\u0438\u043c\u0435\u043d\u0438-3-1-624x530.jpg 624w\" sizes=\"auto, (max-width: 953px) 100vw, 953px\" \/><\/figure>\n\n\n\n<p>Em seguida, abra os relat\u00f3rios no Hand2Note. Para fazer isso, clique em &#8220;Reports&#8221;(1). Depois, certifique-se de que voc\u00ea est\u00e1 gerando o relat\u00f3rio para si mesmo usando a \u00e1rea (2) e clique em &#8220;+ Filter&#8221;(3).<\/p>\n\n\n\n<figure class=\"wp-block-image size-large\"><img loading=\"lazy\" decoding=\"async\" width=\"1024\" height=\"576\" src=\"http:\/\/hand2noteguide.com\/wp-content\/uploads\/2025\/05\/\u0411\u0435\u0437-\u0438\u043c\u0435\u043d\u0438-2-2-1024x576.jpg\" alt=\"\" class=\"wp-image-12377\" srcset=\"https:\/\/hand2noteguide.com\/wp-content\/uploads\/2025\/05\/\u0411\u0435\u0437-\u0438\u043c\u0435\u043d\u0438-2-2-1024x576.jpg 1024w, https:\/\/hand2noteguide.com\/wp-content\/uploads\/2025\/05\/\u0411\u0435\u0437-\u0438\u043c\u0435\u043d\u0438-2-2-300x169.jpg 300w, https:\/\/hand2noteguide.com\/wp-content\/uploads\/2025\/05\/\u0411\u0435\u0437-\u0438\u043c\u0435\u043d\u0438-2-2-768x432.jpg 768w, https:\/\/hand2noteguide.com\/wp-content\/uploads\/2025\/05\/\u0411\u0435\u0437-\u0438\u043c\u0435\u043d\u0438-2-2-1536x864.jpg 1536w, https:\/\/hand2noteguide.com\/wp-content\/uploads\/2025\/05\/\u0411\u0435\u0437-\u0438\u043c\u0435\u043d\u0438-2-2-772x434.jpg 772w, https:\/\/hand2noteguide.com\/wp-content\/uploads\/2025\/05\/\u0411\u0435\u0437-\u0438\u043c\u0435\u043d\u0438-2-2-624x351.jpg 624w, https:\/\/hand2noteguide.com\/wp-content\/uploads\/2025\/05\/\u0411\u0435\u0437-\u0438\u043c\u0435\u043d\u0438-2-2.jpg 1920w\" sizes=\"auto, (max-width: 1024px) 100vw, 1024px\" \/><\/figure>\n\n\n\n<p>Na janela de filtro aberta, v\u00e1 para a aba &#8220;General&#8221;(4). Defina o n\u00famero de fish na mesa de 1 a 1 na \u00e1rea (5) e o VPIP necess\u00e1rio do fish na \u00e1rea (6). Usando o esquema acima, defina a posi\u00e7\u00e3o necess\u00e1ria do fish em rela\u00e7\u00e3o ao her\u00f3i na \u00e1rea (7) e clique em &#8220;OK&#8221;(8) para aplicar o filtro.<\/p>\n\n\n\n<p>Ap\u00f3s aplicar o filtro, voc\u00ea pode v\u00ea-lo na lista de filtros aplicados na \u00e1rea (1).<\/p>\n\n\n\n<figure class=\"wp-block-image size-large\"><img loading=\"lazy\" decoding=\"async\" width=\"1024\" height=\"576\" src=\"http:\/\/hand2noteguide.com\/wp-content\/uploads\/2025\/05\/\u0411\u0435\u0437-\u0438\u043c\u0435\u043d\u0438-4-1-1024x576.jpg\" alt=\"\" class=\"wp-image-12380\" srcset=\"https:\/\/hand2noteguide.com\/wp-content\/uploads\/2025\/05\/\u0411\u0435\u0437-\u0438\u043c\u0435\u043d\u0438-4-1-1024x576.jpg 1024w, https:\/\/hand2noteguide.com\/wp-content\/uploads\/2025\/05\/\u0411\u0435\u0437-\u0438\u043c\u0435\u043d\u0438-4-1-300x169.jpg 300w, https:\/\/hand2noteguide.com\/wp-content\/uploads\/2025\/05\/\u0411\u0435\u0437-\u0438\u043c\u0435\u043d\u0438-4-1-768x432.jpg 768w, https:\/\/hand2noteguide.com\/wp-content\/uploads\/2025\/05\/\u0411\u0435\u0437-\u0438\u043c\u0435\u043d\u0438-4-1-1536x864.jpg 1536w, https:\/\/hand2noteguide.com\/wp-content\/uploads\/2025\/05\/\u0411\u0435\u0437-\u0438\u043c\u0435\u043d\u0438-4-1-772x434.jpg 772w, https:\/\/hand2noteguide.com\/wp-content\/uploads\/2025\/05\/\u0411\u0435\u0437-\u0438\u043c\u0435\u043d\u0438-4-1-624x351.jpg 624w, https:\/\/hand2noteguide.com\/wp-content\/uploads\/2025\/05\/\u0411\u0435\u0437-\u0438\u043c\u0435\u043d\u0438-4-1.jpg 1920w\" sizes=\"auto, (max-width: 1024px) 100vw, 1024px\" \/><\/figure>\n\n\n\n<p>Voc\u00ea tamb\u00e9m pode revisar seus resultados de jogo quando o fish est\u00e1 sentado na posi\u00e7\u00e3o especificada em rela\u00e7\u00e3o a voc\u00ea (2).<\/p>\n\n\n\n<p>Para criar um relat\u00f3rio para outra posi\u00e7\u00e3o de fish em rela\u00e7\u00e3o a voc\u00ea, repita os passos das instru\u00e7\u00f5es, definindo uma posi\u00e7\u00e3o de fish diferente de acordo com o esquema acima.<\/p>\n\n\n\n<p>Dessa forma, voc\u00ea pode avaliar seu jogo em diferentes situa\u00e7\u00f5es de assento em rela\u00e7\u00e3o ao fish e escolher as prioridades.<\/p>\n","protected":false},"excerpt":{"rendered":"<p>Ao jogar com um jogo direcionado com fish, h\u00e1 um ponto importante &#8211; voc\u00ea deve se esfor\u00e7ar para jogar em posi\u00e7\u00e3o contra o fish. Isso significa que o maior ganho em vit\u00f3rias \u00e9 alcan\u00e7ado quando o fish est\u00e1 sentado na mesa ou primeiro ou segundo \u00e0 sua direita. Neste artigo, vamos mostrar como ver seus &hellip; <a href=\"https:\/\/hand2noteguide.com\/pt\/user-manual\/analyzing-play-based-on-distance-to-the-fish\/\" class=\"more-link\">Continue reading <span class=\"screen-reader-text\">Analisando o jogo pela dist\u00e2ncia para o fish usando Hand2Note<\/span><\/a><\/p>\n","protected":false},"author":3,"featured_media":12370,"parent":9199,"menu_order":0,"comment_status":"closed","ping_status":"closed","template":"","meta":{"footnotes":""},"class_list":["post-12168","page","type-page","status-publish","has-post-thumbnail","hentry"],"translation":{"provider":"WPGlobus","version":"3.0.2","language":"pt","enabled_languages":["en","ru","pt","zh","es","fr","de","it","ja"],"languages":{"en":{"title":true,"content":true,"excerpt":false},"ru":{"title":true,"content":true,"excerpt":false},"pt":{"title":true,"content":true,"excerpt":false},"zh":{"title":true,"content":true,"excerpt":false},"es":{"title":true,"content":true,"excerpt":false},"fr":{"title":true,"content":true,"excerpt":false},"de":{"title":true,"content":true,"excerpt":false},"it":{"title":true,"content":true,"excerpt":false},"ja":{"title":true,"content":true,"excerpt":false}}},"yoast_head":"<!-- This site is optimized with the Yoast SEO plugin v27.0 - https:\/\/yoast.com\/product\/yoast-seo-wordpress\/ -->\n<title>Analisando o jogo pela dist\u00e2ncia para o fish usando Hand2Note<\/title>\n<meta name=\"description\" content=\"Aprenda como analisar os resultados do jogo contra fish em diferentes posi\u00e7\u00f5es na mesa usando o Hand2Note para melhorar sua estrat\u00e9gia.\" \/>\n<meta name=\"robots\" content=\"index, follow, max-snippet:-1, max-image-preview:large, max-video-preview:-1\" \/>\n<link rel=\"canonical\" href=\"https:\/\/hand2noteguide.com\/user-manual\/analyzing-play-based-on-distance-to-the-fish\/\" \/>\n<meta property=\"og:locale\" content=\"pt_PT\" \/>\n<meta property=\"og:type\" content=\"article\" \/>\n<meta property=\"og:title\" content=\"Analisando o jogo pela dist\u00e2ncia para o fish usando Hand2Note\" \/>\n<meta property=\"og:description\" content=\"Aprenda como analisar os resultados do jogo contra fish em diferentes posi\u00e7\u00f5es na mesa usando o Hand2Note para melhorar sua estrat\u00e9gia.\" \/>\n<meta property=\"og:url\" content=\"https:\/\/hand2noteguide.com\/user-manual\/analyzing-play-based-on-distance-to-the-fish\/\" \/>\n<meta property=\"og:site_name\" content=\"Hand2Note Guide\" \/>\n<meta property=\"article:modified_time\" content=\"2026-03-10T08:30:39+00:00\" \/>\n<meta property=\"og:image\" content=\"https:\/\/hand2noteguide.com\/wp-content\/uploads\/2025\/05\/\u0411\u0435\u0437-\u0438\u043c\u0435\u043d\u0438-1-5.jpg\" \/>\n\t<meta property=\"og:image:width\" content=\"1920\" \/>\n\t<meta property=\"og:image:height\" content=\"1080\" \/>\n\t<meta property=\"og:image:type\" content=\"image\/jpeg\" \/>\n<meta name=\"twitter:card\" content=\"summary_large_image\" \/>\n<meta name=\"twitter:label1\" content=\"Est. reading time\" \/>\n\t<meta name=\"twitter:data1\" content=\"9 minutes\" \/>\n<!-- \/ Yoast SEO plugin. -->","yoast_head_json":{"title":"Analisando o jogo pela dist\u00e2ncia para o fish usando Hand2Note","description":"Aprenda como analisar os resultados do jogo contra fish em diferentes posi\u00e7\u00f5es na mesa usando o Hand2Note para melhorar sua estrat\u00e9gia.","robots":{"index":"index","follow":"follow","max-snippet":"max-snippet:-1","max-image-preview":"max-image-preview:large","max-video-preview":"max-video-preview:-1"},"canonical":"https:\/\/hand2noteguide.com\/user-manual\/analyzing-play-based-on-distance-to-the-fish\/","og_locale":"pt_PT","og_type":"article","og_title":"Analisando o jogo pela dist\u00e2ncia para o fish usando Hand2Note","og_description":"Aprenda como analisar os resultados do jogo contra fish em diferentes posi\u00e7\u00f5es na mesa usando o Hand2Note para melhorar sua estrat\u00e9gia.","og_url":"https:\/\/hand2noteguide.com\/user-manual\/analyzing-play-based-on-distance-to-the-fish\/","og_site_name":"Hand2Note Guide","article_modified_time":"2026-03-10T08:30:39+00:00","og_image":[{"width":1920,"height":1080,"url":"https:\/\/hand2noteguide.com\/wp-content\/uploads\/2025\/05\/\u0411\u0435\u0437-\u0438\u043c\u0435\u043d\u0438-1-5.jpg","type":"image\/jpeg"}],"twitter_card":"summary_large_image","twitter_misc":{"Est. reading time":"9 minutes"},"schema":{"@context":"https:\/\/schema.org","@graph":[]}},"jetpack_sharing_enabled":true,"_links":{"self":[{"href":"https:\/\/hand2noteguide.com\/pt\/wp-json\/wp\/v2\/pages\/12168","targetHints":{"allow":["GET"]}}],"collection":[{"href":"https:\/\/hand2noteguide.com\/pt\/wp-json\/wp\/v2\/pages"}],"about":[{"href":"https:\/\/hand2noteguide.com\/pt\/wp-json\/wp\/v2\/types\/page"}],"author":[{"embeddable":true,"href":"https:\/\/hand2noteguide.com\/pt\/wp-json\/wp\/v2\/users\/3"}],"replies":[{"embeddable":true,"href":"https:\/\/hand2noteguide.com\/pt\/wp-json\/wp\/v2\/comments?post=12168"}],"version-history":[{"count":37,"href":"https:\/\/hand2noteguide.com\/pt\/wp-json\/wp\/v2\/pages\/12168\/revisions"}],"predecessor-version":[{"id":15631,"href":"https:\/\/hand2noteguide.com\/pt\/wp-json\/wp\/v2\/pages\/12168\/revisions\/15631"}],"up":[{"embeddable":true,"href":"https:\/\/hand2noteguide.com\/pt\/wp-json\/wp\/v2\/pages\/9199"}],"wp:featuredmedia":[{"embeddable":true,"href":"https:\/\/hand2noteguide.com\/pt\/wp-json\/wp\/v2\/media\/12370"}],"wp:attachment":[{"href":"https:\/\/hand2noteguide.com\/pt\/wp-json\/wp\/v2\/media?parent=12168"}],"curies":[{"name":"wp","href":"https:\/\/api.w.org\/{rel}","templated":true}]}}