{"id":12396,"date":"2025-05-28T16:43:37","date_gmt":"2025-05-28T13:43:37","guid":{"rendered":"https:\/\/hand2noteguide.com\/?page_id=12396"},"modified":"2026-03-10T11:31:19","modified_gmt":"2026-03-10T08:31:19","slug":"displaying-a-hud-on-a-hero","status":"publish","type":"page","link":"https:\/\/hand2noteguide.com\/pt\/user-manual\/displaying-a-hud-on-a-hero\/","title":{"rendered":"Exibindo HUD no Hero"},"content":{"rendered":"\n<p>O Hand2Note permite que voc\u00ea exiba, al\u00e9m das janelas de HUD para cada oponente, uma janela de HUD adicional para o hero. Ela refletir\u00e1 as estat\u00edsticas do seu jogo.<\/p>\n\n\n\n<p>Este recurso mostra como suas estat\u00edsticas podem aparecer aos olhos dos oponentes. Isso, por sua vez, ajudar\u00e1 a evitar a explora\u00e7\u00e3o por parte deles.<\/p>\n\n\n\n<p><em>Explora\u00e7\u00e3o \u00e9 um jogo focado nas fraquezas do jogo do oponente.<\/em><\/p>\n\n\n\n<h2 class=\"wp-block-heading\">Criando um HUD para o Hero no Hand2Note<\/h2>\n\n\n\n<p>Para exibir o HUD no hero, voc\u00ea precisa:<\/p>\n\n\n\n<ul class=\"wp-block-list\">\n<li>Copiar o painel de HUD necess\u00e1rio no &#8220;HUD Editor&#8221; para exibi\u00e7\u00e3o no hero;<\/li>\n\n\n\n<li>Configurar os par\u00e2metros do painel de HUD copiado para exibir somente no hero;<\/li>\n\n\n\n<li>Limpar e reconstruir as estat\u00edsticas do banco de dados.<\/li>\n<\/ul>\n\n\n\n<p>Primeiro, abra o editor de HUD clicando em &#8220;HUD Editor&#8221;(1).<\/p>\n\n\n\n<figure class=\"wp-block-image size-large\"><img loading=\"lazy\" decoding=\"async\" width=\"1024\" height=\"576\" src=\"http:\/\/hand2noteguide.com\/wp-content\/uploads\/2025\/05\/\u0411\u0435\u0437-\u0438\u043c\u0435\u043d\u0438-2-3-1024x576.jpg\" alt=\"\" class=\"wp-image-12412\" srcset=\"https:\/\/hand2noteguide.com\/wp-content\/uploads\/2025\/05\/\u0411\u0435\u0437-\u0438\u043c\u0435\u043d\u0438-2-3-1024x576.jpg 1024w, https:\/\/hand2noteguide.com\/wp-content\/uploads\/2025\/05\/\u0411\u0435\u0437-\u0438\u043c\u0435\u043d\u0438-2-3-300x169.jpg 300w, https:\/\/hand2noteguide.com\/wp-content\/uploads\/2025\/05\/\u0411\u0435\u0437-\u0438\u043c\u0435\u043d\u0438-2-3-768x432.jpg 768w, https:\/\/hand2noteguide.com\/wp-content\/uploads\/2025\/05\/\u0411\u0435\u0437-\u0438\u043c\u0435\u043d\u0438-2-3-1536x864.jpg 1536w, https:\/\/hand2noteguide.com\/wp-content\/uploads\/2025\/05\/\u0411\u0435\u0437-\u0438\u043c\u0435\u043d\u0438-2-3-772x434.jpg 772w, https:\/\/hand2noteguide.com\/wp-content\/uploads\/2025\/05\/\u0411\u0435\u0437-\u0438\u043c\u0435\u043d\u0438-2-3-624x351.jpg 624w, https:\/\/hand2noteguide.com\/wp-content\/uploads\/2025\/05\/\u0411\u0435\u0437-\u0438\u043c\u0435\u043d\u0438-2-3.jpg 1920w\" sizes=\"auto, (max-width: 1024px) 100vw, 1024px\" \/><\/figure>\n\n\n\n<p>Em seguida, clique com o bot\u00e3o direito (RMB) na borda do painel de HUD (2) e selecione &#8220;Copy&#8221;(3) na lista suspensa. Clique com o bot\u00e3o direito (RMB) em qualquer \u00e1rea livre do editor de HUD (4) e selecione &#8220;Paste&#8221;(5) na lista suspensa. Assim, copiamos o painel de HUD necess\u00e1rio.<\/p>\n\n\n\n<p>Depois, clique na borda do painel de HUD copiado (1) e ative a op\u00e7\u00e3o &#8220;Show only on hero&#8221; no menu \u00e0 direita (2). Agora ativamos a exibi\u00e7\u00e3o apenas no hero no painel de HUD copiado.<\/p>\n\n\n\n<figure class=\"wp-block-image size-large\"><img loading=\"lazy\" decoding=\"async\" width=\"1024\" height=\"576\" src=\"http:\/\/hand2noteguide.com\/wp-content\/uploads\/2025\/05\/\u0411\u0435\u0437-\u0438\u043c\u0435\u043d\u0438-3-2-1024x576.jpg\" alt=\"\" class=\"wp-image-12413\" srcset=\"https:\/\/hand2noteguide.com\/wp-content\/uploads\/2025\/05\/\u0411\u0435\u0437-\u0438\u043c\u0435\u043d\u0438-3-2-1024x576.jpg 1024w, https:\/\/hand2noteguide.com\/wp-content\/uploads\/2025\/05\/\u0411\u0435\u0437-\u0438\u043c\u0435\u043d\u0438-3-2-300x169.jpg 300w, https:\/\/hand2noteguide.com\/wp-content\/uploads\/2025\/05\/\u0411\u0435\u0437-\u0438\u043c\u0435\u043d\u0438-3-2-768x432.jpg 768w, https:\/\/hand2noteguide.com\/wp-content\/uploads\/2025\/05\/\u0411\u0435\u0437-\u0438\u043c\u0435\u043d\u0438-3-2-1536x864.jpg 1536w, https:\/\/hand2noteguide.com\/wp-content\/uploads\/2025\/05\/\u0411\u0435\u0437-\u0438\u043c\u0435\u043d\u0438-3-2-772x434.jpg 772w, https:\/\/hand2noteguide.com\/wp-content\/uploads\/2025\/05\/\u0411\u0435\u0437-\u0438\u043c\u0435\u043d\u0438-3-2-624x351.jpg 624w, https:\/\/hand2noteguide.com\/wp-content\/uploads\/2025\/05\/\u0411\u0435\u0437-\u0438\u043c\u0435\u043d\u0438-3-2.jpg 1920w\" sizes=\"auto, (max-width: 1024px) 100vw, 1024px\" \/><\/figure>\n\n\n\n<p>Em seguida, voc\u00ea precisa limpar e reconstruir as estat\u00edsticas do banco de dados. Para fazer isso, encontre o menu \u201cDatabase\u201d (1) na linha superior da janela do programa e clique nele. Selecione \u201cClean &amp; Rebuild Statistics\u201d (2) na lista suspensa e clique em \u201cAPPLY\u201d (3) na janela \u201cBuild Statistics\u201d. Aguarde a conclus\u00e3o do rec\u00e1lculo das estat\u00edsticas.<\/p>\n\n\n\n<figure class=\"wp-block-image size-large\"><img loading=\"lazy\" decoding=\"async\" width=\"1024\" height=\"550\" src=\"http:\/\/hand2noteguide.com\/wp-content\/uploads\/2025\/05\/\u0421\u043d\u0438\u043c\u043e\u043a-\u044d\u043a\u0440\u0430\u043d\u0430-2025-05-28-173729-1024x550.jpg\" alt=\"\" class=\"wp-image-12414\" srcset=\"https:\/\/hand2noteguide.com\/wp-content\/uploads\/2025\/05\/\u0421\u043d\u0438\u043c\u043e\u043a-\u044d\u043a\u0440\u0430\u043d\u0430-2025-05-28-173729-1024x550.jpg 1024w, https:\/\/hand2noteguide.com\/wp-content\/uploads\/2025\/05\/\u0421\u043d\u0438\u043c\u043e\u043a-\u044d\u043a\u0440\u0430\u043d\u0430-2025-05-28-173729-300x161.jpg 300w, https:\/\/hand2noteguide.com\/wp-content\/uploads\/2025\/05\/\u0421\u043d\u0438\u043c\u043e\u043a-\u044d\u043a\u0440\u0430\u043d\u0430-2025-05-28-173729-768x413.jpg 768w, https:\/\/hand2noteguide.com\/wp-content\/uploads\/2025\/05\/\u0421\u043d\u0438\u043c\u043e\u043a-\u044d\u043a\u0440\u0430\u043d\u0430-2025-05-28-173729-1536x825.jpg 1536w, https:\/\/hand2noteguide.com\/wp-content\/uploads\/2025\/05\/\u0421\u043d\u0438\u043c\u043e\u043a-\u044d\u043a\u0440\u0430\u043d\u0430-2025-05-28-173729-772x415.jpg 772w, https:\/\/hand2noteguide.com\/wp-content\/uploads\/2025\/05\/\u0421\u043d\u0438\u043c\u043e\u043a-\u044d\u043a\u0440\u0430\u043d\u0430-2025-05-28-173729-624x335.jpg 624w, https:\/\/hand2noteguide.com\/wp-content\/uploads\/2025\/05\/\u0421\u043d\u0438\u043c\u043e\u043a-\u044d\u043a\u0440\u0430\u043d\u0430-2025-05-28-173729.jpg 1599w\" sizes=\"auto, (max-width: 1024px) 100vw, 1024px\" \/><\/figure>\n\n\n\n<p>Ap\u00f3s a conclus\u00e3o do c\u00e1lculo, voc\u00ea poder\u00e1 notar a janela de HUD do hero nas mesas e no replayer.<\/p>\n\n\n\n<figure class=\"wp-block-image size-large\"><img loading=\"lazy\" decoding=\"async\" width=\"1024\" height=\"931\" src=\"http:\/\/hand2noteguide.com\/wp-content\/uploads\/2025\/05\/Poker-Table-1024x931.jpg\" alt=\"\" class=\"wp-image-12415\" srcset=\"https:\/\/hand2noteguide.com\/wp-content\/uploads\/2025\/05\/Poker-Table-1024x931.jpg 1024w, https:\/\/hand2noteguide.com\/wp-content\/uploads\/2025\/05\/Poker-Table-300x273.jpg 300w, https:\/\/hand2noteguide.com\/wp-content\/uploads\/2025\/05\/Poker-Table-768x698.jpg 768w, https:\/\/hand2noteguide.com\/wp-content\/uploads\/2025\/05\/Poker-Table-772x702.jpg 772w, https:\/\/hand2noteguide.com\/wp-content\/uploads\/2025\/05\/Poker-Table-624x567.jpg 624w, https:\/\/hand2noteguide.com\/wp-content\/uploads\/2025\/05\/Poker-Table.jpg 1100w\" sizes=\"auto, (max-width: 1024px) 100vw, 1024px\" \/><\/figure>\n","protected":false},"excerpt":{"rendered":"<p>O Hand2Note permite que voc\u00ea exiba, al\u00e9m das janelas de HUD para cada oponente, uma janela de HUD adicional para o hero. Ela refletir\u00e1 as estat\u00edsticas do seu jogo. Este recurso mostra como suas estat\u00edsticas podem aparecer aos olhos dos oponentes. Isso, por sua vez, ajudar\u00e1 a evitar a explora\u00e7\u00e3o por parte deles. Explora\u00e7\u00e3o \u00e9 &hellip; <a href=\"https:\/\/hand2noteguide.com\/pt\/user-manual\/displaying-a-hud-on-a-hero\/\" class=\"more-link\">Continue reading <span class=\"screen-reader-text\">Exibindo HUD no Hero<\/span><\/a><\/p>\n","protected":false},"author":3,"featured_media":12399,"parent":9199,"menu_order":0,"comment_status":"closed","ping_status":"closed","template":"","meta":{"footnotes":""},"class_list":["post-12396","page","type-page","status-publish","has-post-thumbnail","hentry"],"translation":{"provider":"WPGlobus","version":"3.0.2","language":"pt","enabled_languages":["en","ru","pt","zh","es","fr","de","it","ja"],"languages":{"en":{"title":true,"content":true,"excerpt":false},"ru":{"title":true,"content":true,"excerpt":false},"pt":{"title":true,"content":true,"excerpt":false},"zh":{"title":true,"content":true,"excerpt":false},"es":{"title":true,"content":true,"excerpt":false},"fr":{"title":true,"content":true,"excerpt":false},"de":{"title":true,"content":true,"excerpt":false},"it":{"title":true,"content":true,"excerpt":false},"ja":{"title":true,"content":true,"excerpt":false}}},"yoast_head":"<!-- This site is optimized with the Yoast SEO plugin v27.0 - https:\/\/yoast.com\/product\/yoast-seo-wordpress\/ -->\n<title>Exibindo HUD no Hero com Hand2Note<\/title>\n<meta name=\"description\" content=\"Aprenda como configurar a exibi\u00e7\u00e3o da janela de HUD no hero no Hand2Note para visualizar suas estat\u00edsticas e evitar explora\u00e7\u00e3o por parte dos oponentes.\" \/>\n<meta name=\"robots\" content=\"index, follow, max-snippet:-1, max-image-preview:large, max-video-preview:-1\" \/>\n<link rel=\"canonical\" href=\"https:\/\/hand2noteguide.com\/user-manual\/displaying-a-hud-on-a-hero\/\" \/>\n<meta property=\"og:locale\" content=\"pt_PT\" \/>\n<meta property=\"og:type\" content=\"article\" \/>\n<meta property=\"og:title\" content=\"Exibindo HUD no Hero com Hand2Note\" \/>\n<meta property=\"og:description\" content=\"Aprenda como configurar a exibi\u00e7\u00e3o da janela de HUD no hero no Hand2Note para visualizar suas estat\u00edsticas e evitar explora\u00e7\u00e3o por parte dos oponentes.\" \/>\n<meta property=\"og:url\" content=\"https:\/\/hand2noteguide.com\/user-manual\/displaying-a-hud-on-a-hero\/\" \/>\n<meta property=\"og:site_name\" content=\"Hand2Note Guide\" \/>\n<meta property=\"article:modified_time\" content=\"2026-03-10T08:31:19+00:00\" \/>\n<meta property=\"og:image\" content=\"https:\/\/hand2noteguide.com\/wp-content\/uploads\/2025\/05\/\u0411\u0435\u0437-\u0438\u043c\u0435\u043d\u0438-1-6.jpg\" \/>\n\t<meta property=\"og:image:width\" content=\"1920\" \/>\n\t<meta property=\"og:image:height\" content=\"1080\" \/>\n\t<meta property=\"og:image:type\" content=\"image\/jpeg\" \/>\n<meta name=\"twitter:card\" content=\"summary_large_image\" \/>\n<meta name=\"twitter:label1\" content=\"Est. reading time\" \/>\n\t<meta name=\"twitter:data1\" content=\"9 minutes\" \/>\n<!-- \/ Yoast SEO plugin. -->","yoast_head_json":{"title":"Exibindo HUD no Hero com Hand2Note","description":"Aprenda como configurar a exibi\u00e7\u00e3o da janela de HUD no hero no Hand2Note para visualizar suas estat\u00edsticas e evitar explora\u00e7\u00e3o por parte dos oponentes.","robots":{"index":"index","follow":"follow","max-snippet":"max-snippet:-1","max-image-preview":"max-image-preview:large","max-video-preview":"max-video-preview:-1"},"canonical":"https:\/\/hand2noteguide.com\/user-manual\/displaying-a-hud-on-a-hero\/","og_locale":"pt_PT","og_type":"article","og_title":"Exibindo HUD no Hero com Hand2Note","og_description":"Aprenda como configurar a exibi\u00e7\u00e3o da janela de HUD no hero no Hand2Note para visualizar suas estat\u00edsticas e evitar explora\u00e7\u00e3o por parte dos oponentes.","og_url":"https:\/\/hand2noteguide.com\/user-manual\/displaying-a-hud-on-a-hero\/","og_site_name":"Hand2Note Guide","article_modified_time":"2026-03-10T08:31:19+00:00","og_image":[{"width":1920,"height":1080,"url":"https:\/\/hand2noteguide.com\/wp-content\/uploads\/2025\/05\/\u0411\u0435\u0437-\u0438\u043c\u0435\u043d\u0438-1-6.jpg","type":"image\/jpeg"}],"twitter_card":"summary_large_image","twitter_misc":{"Est. reading time":"9 minutes"},"schema":{"@context":"https:\/\/schema.org","@graph":[]}},"jetpack_sharing_enabled":true,"_links":{"self":[{"href":"https:\/\/hand2noteguide.com\/pt\/wp-json\/wp\/v2\/pages\/12396","targetHints":{"allow":["GET"]}}],"collection":[{"href":"https:\/\/hand2noteguide.com\/pt\/wp-json\/wp\/v2\/pages"}],"about":[{"href":"https:\/\/hand2noteguide.com\/pt\/wp-json\/wp\/v2\/types\/page"}],"author":[{"embeddable":true,"href":"https:\/\/hand2noteguide.com\/pt\/wp-json\/wp\/v2\/users\/3"}],"replies":[{"embeddable":true,"href":"https:\/\/hand2noteguide.com\/pt\/wp-json\/wp\/v2\/comments?post=12396"}],"version-history":[{"count":38,"href":"https:\/\/hand2noteguide.com\/pt\/wp-json\/wp\/v2\/pages\/12396\/revisions"}],"predecessor-version":[{"id":15632,"href":"https:\/\/hand2noteguide.com\/pt\/wp-json\/wp\/v2\/pages\/12396\/revisions\/15632"}],"up":[{"embeddable":true,"href":"https:\/\/hand2noteguide.com\/pt\/wp-json\/wp\/v2\/pages\/9199"}],"wp:featuredmedia":[{"embeddable":true,"href":"https:\/\/hand2noteguide.com\/pt\/wp-json\/wp\/v2\/media\/12399"}],"wp:attachment":[{"href":"https:\/\/hand2noteguide.com\/pt\/wp-json\/wp\/v2\/media?parent=12396"}],"curies":[{"name":"wp","href":"https:\/\/api.w.org\/{rel}","templated":true}]}}