{"id":124,"date":"2018-07-31T22:17:50","date_gmt":"2018-07-31T19:17:50","guid":{"rendered":"https:\/\/h2n312.wordpress.com\/?page_id=124"},"modified":"2025-06-04T19:16:49","modified_gmt":"2025-06-04T16:16:49","slug":"reinstall","status":"publish","type":"page","link":"https:\/\/hand2noteguide.com\/pt\/issues-resolving\/reinstall\/","title":{"rendered":"Reinstala\u00e7\u00e3o do Hand2Note"},"content":{"rendered":"<p>Se voc\u00ea decidir reinstalar o Hand2Note devido ao fato de que ele <a href=\"https:\/\/hand2noteguide.com\/pt\/issues-resolving\/hand2note-lags\/\">congela ou tem desempenho lento<\/a>, ou <a href=\"https:\/\/hand2noteguide.com\/pt\/issues-resolving\/h2n-takes-much-space\/\">ocupa muito espa\u00e7o<\/a>, antes de tudo, procure outras poss\u00edveis solu\u00e7\u00f5es nos links, voc\u00ea pode ser capaz de resolver o problema usando m\u00e9todos menos radicais.<\/p>\n<p>Para reinstalar o Hand2Note, siga estas instru\u00e7\u00f5es:<\/p>\n<ol>\n<li>Reinicie seu PC e n\u00e3o inicie nenhum outro aplicativo durante a reinstala\u00e7\u00e3o.<\/li>\n<li>Antes de remover o programa, voc\u00ea pode salvar suas <a href=\"https:\/\/hand2noteguide.com\/pt\/guide\/moving-hud-and-settings\/\">configura\u00e7\u00f5es<\/a>, <a href=\"https:\/\/hand2noteguide.com\/pt\/guide\/where-are-notes-stored\/\">notas<\/a> e <a href=\"https:\/\/hand2noteguide.com\/pt\/guide\/moving-marked-hands\/\">m\u00e3os marcadas<\/a>, se necess\u00e1rio.<\/li>\n<li>Em alguns casos, \u00e9 necess\u00e1rio remover o <a href=\"https:\/\/hand2noteguide.com\/pt\/guide\/database\/\">banco de dados<\/a>. Se voc\u00ea quiser fazer isso, exclua <a href=\"https:\/\/hand2noteguide.com\/pt\/guide\/database\/where-is-database-stored\/\">a pasta onde o banco de dados est\u00e1 armazenado<\/a> (por padr\u00e3o, \u00e9 <i>C:\/UsersYour\/Username\/AppData\/Roaming\/Hand2Note\/h2ndb<\/i>). Se voc\u00ea quiser manter seu banco de dados, pule esta etapa.<\/li>\n<li>Remova o Hand2Note atrav\u00e9s do painel de controle.<\/li>\n<li>Exclua manualmente todos os arquivos da pasta do programa. Por padr\u00e3o, \u00e9 <em>C:\/Program Files\/Hand2Note<\/em>.<\/li>\n<li><a href=\"https:\/\/hand2note.com\/?aid=c0\" target=\"_blank\" rel=\"noopener noreferrer\">Baixe<\/a> e instale o Hand2Note, <a href=\"https:\/\/hand2noteguide.com\/pt\/guide\/hand2note-version\/\">atualize para a vers\u00e3o mais recente<\/a> se necess\u00e1rio.<\/li>\n<li>Execute o Hand2Note como administrador na configura\u00e7\u00e3o padr\u00e3o (n\u00e3o restaure sua configura\u00e7\u00e3o), <a href=\"https:\/\/hand2noteguide.com\/pt\/guide\/serial-key\/\">insira a chave de licen\u00e7a<\/a> e verifique se o problema persiste que ocorreu antes da reinstala\u00e7\u00e3o.<\/li>\n<li>Se tudo estiver bem, retorne a configura\u00e7\u00e3o previamente salva para a pasta do programa. No entanto, se sua configura\u00e7\u00e3o estiver saturada com v\u00e1rios pacotes, uma boa solu\u00e7\u00e3o seria n\u00e3o restaur\u00e1-la, mas entrar em contato apenas com os desenvolvedores dos huds atualmente usados e instalar os pacotes necess\u00e1rios na configura\u00e7\u00e3o padr\u00e3o.<\/li>\n<li>Se voc\u00ea excluiu um banco de dados, pode importar m\u00e3os para um novo banco de dados a partir dos <a href=\"https:\/\/hand2noteguide.com\/pt\/guide\/hands-archive\/\">arquivos do programa<\/a>.<\/li>\n<\/ol>\n","protected":false},"excerpt":{"rendered":"<p>Se voc\u00ea decidir reinstalar o Hand2Note devido ao fato de que ele congela ou tem desempenho lento, ou ocupa muito espa\u00e7o, antes de tudo, procure outras poss\u00edveis solu\u00e7\u00f5es nos links, voc\u00ea pode ser capaz de resolver o problema usando m\u00e9todos menos radicais. Para reinstalar o Hand2Note, siga estas instru\u00e7\u00f5es: Reinicie seu PC e n\u00e3o inicie &hellip; <a href=\"https:\/\/hand2noteguide.com\/pt\/issues-resolving\/reinstall\/\" class=\"more-link\">Continue reading <span class=\"screen-reader-text\">Reinstala\u00e7\u00e3o do Hand2Note<\/span><\/a><\/p>\n","protected":false},"author":1,"featured_media":0,"parent":236,"menu_order":6,"comment_status":"closed","ping_status":"closed","template":"page-templates\/full-width-page.php","meta":{"footnotes":""},"class_list":["post-124","page","type-page","status-publish","hentry"],"translation":{"provider":"WPGlobus","version":"3.0.2","language":"pt","enabled_languages":["en","ru","pt","zh","es","fr","de","it","ja"],"languages":{"en":{"title":true,"content":true,"excerpt":false},"ru":{"title":true,"content":true,"excerpt":false},"pt":{"title":true,"content":true,"excerpt":false},"zh":{"title":true,"content":true,"excerpt":false},"es":{"title":true,"content":true,"excerpt":false},"fr":{"title":true,"content":true,"excerpt":false},"de":{"title":true,"content":true,"excerpt":false},"it":{"title":true,"content":true,"excerpt":false},"ja":{"title":true,"content":true,"excerpt":false}}},"yoast_head":"<!-- This site is optimized with the Yoast SEO plugin v27.0 - https:\/\/yoast.com\/product\/yoast-seo-wordpress\/ -->\n<title>Como Reinstalar o Hand2Note: Guia Passo a Passo<\/title>\n<meta name=\"description\" content=\"Aprenda a reinstalar o Hand2Note de forma eficaz com nosso guia passo a passo. Resolva problemas de desempenho e otimize sua configura\u00e7\u00e3o em poucos passos.\" \/>\n<meta name=\"robots\" content=\"index, follow, max-snippet:-1, max-image-preview:large, max-video-preview:-1\" \/>\n<link rel=\"canonical\" href=\"https:\/\/hand2noteguide.com\/issues-resolving\/reinstall\/\" \/>\n<meta property=\"og:locale\" content=\"pt_PT\" \/>\n<meta property=\"og:type\" content=\"article\" \/>\n<meta property=\"og:title\" content=\"Como Reinstalar o Hand2Note: Guia Passo a Passo\" \/>\n<meta property=\"og:description\" content=\"Aprenda a reinstalar o Hand2Note de forma eficaz com nosso guia passo a passo. Resolva problemas de desempenho e otimize sua configura\u00e7\u00e3o em poucos passos.\" \/>\n<meta property=\"og:url\" content=\"https:\/\/hand2noteguide.com\/issues-resolving\/reinstall\/\" \/>\n<meta property=\"og:site_name\" content=\"Hand2Note Guide\" \/>\n<meta property=\"article:modified_time\" content=\"2025-06-04T16:16:49+00:00\" \/>\n<meta name=\"twitter:card\" content=\"summary_large_image\" \/>\n<meta name=\"twitter:label1\" content=\"Est. reading time\" \/>\n\t<meta name=\"twitter:data1\" content=\"9 minutes\" \/>\n<!-- \/ Yoast SEO plugin. -->","yoast_head_json":{"title":"Como Reinstalar o Hand2Note: Guia Passo a Passo","description":"Aprenda a reinstalar o Hand2Note de forma eficaz com nosso guia passo a passo. Resolva problemas de desempenho e otimize sua configura\u00e7\u00e3o em poucos passos.","robots":{"index":"index","follow":"follow","max-snippet":"max-snippet:-1","max-image-preview":"max-image-preview:large","max-video-preview":"max-video-preview:-1"},"canonical":"https:\/\/hand2noteguide.com\/issues-resolving\/reinstall\/","og_locale":"pt_PT","og_type":"article","og_title":"Como Reinstalar o Hand2Note: Guia Passo a Passo","og_description":"Aprenda a reinstalar o Hand2Note de forma eficaz com nosso guia passo a passo. Resolva problemas de desempenho e otimize sua configura\u00e7\u00e3o em poucos passos.","og_url":"https:\/\/hand2noteguide.com\/issues-resolving\/reinstall\/","og_site_name":"Hand2Note Guide","article_modified_time":"2025-06-04T16:16:49+00:00","twitter_card":"summary_large_image","twitter_misc":{"Est. reading time":"9 minutes"},"schema":{"@context":"https:\/\/schema.org","@graph":[]}},"jetpack_sharing_enabled":false,"_links":{"self":[{"href":"https:\/\/hand2noteguide.com\/pt\/wp-json\/wp\/v2\/pages\/124","targetHints":{"allow":["GET"]}}],"collection":[{"href":"https:\/\/hand2noteguide.com\/pt\/wp-json\/wp\/v2\/pages"}],"about":[{"href":"https:\/\/hand2noteguide.com\/pt\/wp-json\/wp\/v2\/types\/page"}],"author":[{"embeddable":true,"href":"https:\/\/hand2noteguide.com\/pt\/wp-json\/wp\/v2\/users\/1"}],"replies":[{"embeddable":true,"href":"https:\/\/hand2noteguide.com\/pt\/wp-json\/wp\/v2\/comments?post=124"}],"version-history":[{"count":22,"href":"https:\/\/hand2noteguide.com\/pt\/wp-json\/wp\/v2\/pages\/124\/revisions"}],"predecessor-version":[{"id":13556,"href":"https:\/\/hand2noteguide.com\/pt\/wp-json\/wp\/v2\/pages\/124\/revisions\/13556"}],"up":[{"embeddable":true,"href":"https:\/\/hand2noteguide.com\/pt\/wp-json\/wp\/v2\/pages\/236"}],"wp:attachment":[{"href":"https:\/\/hand2noteguide.com\/pt\/wp-json\/wp\/v2\/media?parent=124"}],"curies":[{"name":"wp","href":"https:\/\/api.w.org\/{rel}","templated":true}]}}