{"id":12436,"date":"2025-05-29T16:23:34","date_gmt":"2025-05-29T13:23:34","guid":{"rendered":"https:\/\/hand2noteguide.com\/?page_id=12436"},"modified":"2026-03-10T11:32:08","modified_gmt":"2026-03-10T08:32:08","slug":"when-is-it-more-profitable-to-play-morning-or-evening","status":"publish","type":"page","link":"https:\/\/hand2noteguide.com\/pt\/user-manual\/when-is-it-more-profitable-to-play-morning-or-evening\/","title":{"rendered":"Quando \u00e9 mais lucrativo jogar \u2013 de manh\u00e3 ou \u00e0 noite?"},"content":{"rendered":"\n<p>Muitos jogadores de poker online eventualmente enfrentam a quest\u00e3o de mudar o hor\u00e1rio do dia em que jogam. Isso geralmente est\u00e1 relacionado a subir de limites ou mudar de plataformas de poker.<\/p>\n\n\n\n<p>Ap\u00f3s jogar um n\u00famero suficiente de m\u00e3os em um novo hor\u00e1rio, surge o desejo de comparar seus resultados de jogo com os resultados anteriores.<\/p>\n\n\n\n<p>O Hand2Note permite que voc\u00ea gere <a href=\"https:\/\/hand2noteguide.com\/pt\/user-manual\/hand2note-report-menu\/\">relat\u00f3rios de jogo<\/a> para diferentes hor\u00e1rios do dia. Isso ajudar\u00e1 voc\u00ea a ver visualmente seus resultados em diferentes hor\u00e1rios do dia ou da noite. Tamb\u00e9m ajudar\u00e1 a responder \u00e0 pergunta: voc\u00ea deve mudar seu hor\u00e1rio de jogo ou n\u00e3o.<\/p>\n\n\n\n<h2 class=\"wp-block-heading\">Gerando um relat\u00f3rio de jogo para um hor\u00e1rio espec\u00edfico do dia com o Hand2Note<\/h2>\n\n\n\n<p>Na janela principal do Hand2Note, abra os relat\u00f3rios clicando em &#8220;Reports&#8221; (1). Em seguida, clique em &#8220;+ Filter&#8221; (2) para abrir o menu de filtros r\u00e1pidos e v\u00e1 para a aba &#8220;Session&#8221; (3).<\/p>\n\n\n\n<figure class=\"wp-block-image size-large\"><img loading=\"lazy\" decoding=\"async\" width=\"1024\" height=\"576\" src=\"http:\/\/hand2noteguide.com\/wp-content\/uploads\/2025\/05\/\u0411\u0435\u0437-\u0438\u043c\u0435\u043d\u0438-2-4-1024x576.jpg\" alt=\"\" class=\"wp-image-12645\" srcset=\"https:\/\/hand2noteguide.com\/wp-content\/uploads\/2025\/05\/\u0411\u0435\u0437-\u0438\u043c\u0435\u043d\u0438-2-4-1024x576.jpg 1024w, https:\/\/hand2noteguide.com\/wp-content\/uploads\/2025\/05\/\u0411\u0435\u0437-\u0438\u043c\u0435\u043d\u0438-2-4-300x169.jpg 300w, https:\/\/hand2noteguide.com\/wp-content\/uploads\/2025\/05\/\u0411\u0435\u0437-\u0438\u043c\u0435\u043d\u0438-2-4-768x432.jpg 768w, https:\/\/hand2noteguide.com\/wp-content\/uploads\/2025\/05\/\u0411\u0435\u0437-\u0438\u043c\u0435\u043d\u0438-2-4-1536x864.jpg 1536w, https:\/\/hand2noteguide.com\/wp-content\/uploads\/2025\/05\/\u0411\u0435\u0437-\u0438\u043c\u0435\u043d\u0438-2-4-772x434.jpg 772w, https:\/\/hand2noteguide.com\/wp-content\/uploads\/2025\/05\/\u0411\u0435\u0437-\u0438\u043c\u0435\u043d\u0438-2-4-624x351.jpg 624w, https:\/\/hand2noteguide.com\/wp-content\/uploads\/2025\/05\/\u0411\u0435\u0437-\u0438\u043c\u0435\u043d\u0438-2-4.jpg 1920w\" sizes=\"auto, (max-width: 1024px) 100vw, 1024px\" \/><\/figure>\n\n\n\n<p>Na janela de configura\u00e7\u00f5es do filtro de sess\u00e3o, especifique o intervalo de tempo necess\u00e1rio para an\u00e1lise ao lado do par\u00e2metro &#8220;Time of Day&#8221; (4). Clique em &#8220;OK&#8221; (5) para aplicar o filtro.<\/p>\n\n\n\n<p>Ap\u00f3s aplicar o filtro, voc\u00ea pode ver sua atividade na \u00e1rea (1).<\/p>\n\n\n\n<figure class=\"wp-block-image size-large\"><img loading=\"lazy\" decoding=\"async\" width=\"1024\" height=\"576\" src=\"http:\/\/hand2noteguide.com\/wp-content\/uploads\/2025\/05\/\u0411\u0435\u0437-\u0438\u043c\u0435\u043d\u0438-3-3-1024x576.jpg\" alt=\"\" class=\"wp-image-12647\" srcset=\"https:\/\/hand2noteguide.com\/wp-content\/uploads\/2025\/05\/\u0411\u0435\u0437-\u0438\u043c\u0435\u043d\u0438-3-3-1024x576.jpg 1024w, https:\/\/hand2noteguide.com\/wp-content\/uploads\/2025\/05\/\u0411\u0435\u0437-\u0438\u043c\u0435\u043d\u0438-3-3-300x169.jpg 300w, https:\/\/hand2noteguide.com\/wp-content\/uploads\/2025\/05\/\u0411\u0435\u0437-\u0438\u043c\u0435\u043d\u0438-3-3-768x432.jpg 768w, https:\/\/hand2noteguide.com\/wp-content\/uploads\/2025\/05\/\u0411\u0435\u0437-\u0438\u043c\u0435\u043d\u0438-3-3-1536x864.jpg 1536w, https:\/\/hand2noteguide.com\/wp-content\/uploads\/2025\/05\/\u0411\u0435\u0437-\u0438\u043c\u0435\u043d\u0438-3-3-772x434.jpg 772w, https:\/\/hand2noteguide.com\/wp-content\/uploads\/2025\/05\/\u0411\u0435\u0437-\u0438\u043c\u0435\u043d\u0438-3-3-624x351.jpg 624w, https:\/\/hand2noteguide.com\/wp-content\/uploads\/2025\/05\/\u0411\u0435\u0437-\u0438\u043c\u0435\u043d\u0438-3-3.jpg 1920w\" sizes=\"auto, (max-width: 1024px) 100vw, 1024px\" \/><\/figure>\n\n\n\n<p>Abaixo da \u00e1rea (1), voc\u00ea pode ver seus resultados de jogo dentro do intervalo de tempo especificado.<\/p>\n\n\n\n<p>Dessa forma, voc\u00ea pode gerar um relat\u00f3rio do seu jogo para diferentes hor\u00e1rios do dia. Comparando os dados de jogo para diferentes intervalos de tempo, voc\u00ea pode tirar conclus\u00f5es sobre seus resultados ao mudar seu hor\u00e1rio de jogo.<\/p>\n","protected":false},"excerpt":{"rendered":"<p>Muitos jogadores de poker online eventualmente enfrentam a quest\u00e3o de mudar o hor\u00e1rio do dia em que jogam. Isso geralmente est\u00e1 relacionado a subir de limites ou mudar de plataformas de poker. Ap\u00f3s jogar um n\u00famero suficiente de m\u00e3os em um novo hor\u00e1rio, surge o desejo de comparar seus resultados de jogo com os resultados &hellip; <a href=\"https:\/\/hand2noteguide.com\/pt\/user-manual\/when-is-it-more-profitable-to-play-morning-or-evening\/\" class=\"more-link\">Continue reading <span class=\"screen-reader-text\">Quando \u00e9 mais lucrativo jogar \u2013 de manh\u00e3 ou \u00e0 noite?<\/span><\/a><\/p>\n","protected":false},"author":3,"featured_media":12692,"parent":9199,"menu_order":0,"comment_status":"closed","ping_status":"closed","template":"","meta":{"footnotes":""},"class_list":["post-12436","page","type-page","status-publish","has-post-thumbnail","hentry"],"translation":{"provider":"WPGlobus","version":"3.0.2","language":"pt","enabled_languages":["en","ru","pt","zh","es","fr","de","it","ja"],"languages":{"en":{"title":true,"content":true,"excerpt":false},"ru":{"title":true,"content":true,"excerpt":false},"pt":{"title":true,"content":true,"excerpt":false},"zh":{"title":true,"content":true,"excerpt":false},"es":{"title":true,"content":true,"excerpt":false},"fr":{"title":true,"content":true,"excerpt":false},"de":{"title":true,"content":true,"excerpt":false},"it":{"title":true,"content":true,"excerpt":false},"ja":{"title":true,"content":true,"excerpt":false}}},"yoast_head":"<!-- This site is optimized with the Yoast SEO plugin v27.0 - https:\/\/yoast.com\/product\/yoast-seo-wordpress\/ -->\n<title>Quando \u00e9 mais lucrativo jogar \u2013 de manh\u00e3 ou \u00e0 noite?<\/title>\n<meta name=\"description\" content=\"Descubra qual hor\u00e1rio do dia \u00e9 mais lucrativo para jogar poker. Compare os resultados e decida se voc\u00ea deve mudar seu hor\u00e1rio de jogo.\" \/>\n<meta name=\"robots\" content=\"index, follow, max-snippet:-1, max-image-preview:large, max-video-preview:-1\" \/>\n<link rel=\"canonical\" href=\"https:\/\/hand2noteguide.com\/user-manual\/when-is-it-more-profitable-to-play-morning-or-evening\/\" \/>\n<meta property=\"og:locale\" content=\"pt_PT\" \/>\n<meta property=\"og:type\" content=\"article\" \/>\n<meta property=\"og:title\" content=\"Quando \u00e9 mais lucrativo jogar \u2013 de manh\u00e3 ou \u00e0 noite?\" \/>\n<meta property=\"og:description\" content=\"Descubra qual hor\u00e1rio do dia \u00e9 mais lucrativo para jogar poker. Compare os resultados e decida se voc\u00ea deve mudar seu hor\u00e1rio de jogo.\" \/>\n<meta property=\"og:url\" content=\"https:\/\/hand2noteguide.com\/user-manual\/when-is-it-more-profitable-to-play-morning-or-evening\/\" \/>\n<meta property=\"og:site_name\" content=\"Hand2Note Guide\" \/>\n<meta property=\"article:modified_time\" content=\"2026-03-10T08:32:08+00:00\" \/>\n<meta property=\"og:image\" content=\"https:\/\/hand2noteguide.com\/wp-content\/uploads\/2025\/05\/day-or-night-play-min.jpg\" \/>\n\t<meta property=\"og:image:width\" content=\"1512\" \/>\n\t<meta property=\"og:image:height\" content=\"1024\" \/>\n\t<meta property=\"og:image:type\" content=\"image\/jpeg\" \/>\n<meta name=\"twitter:card\" content=\"summary_large_image\" \/>\n<meta name=\"twitter:label1\" content=\"Est. reading time\" \/>\n\t<meta name=\"twitter:data1\" content=\"8 minutes\" \/>\n<!-- \/ Yoast SEO plugin. -->","yoast_head_json":{"title":"Quando \u00e9 mais lucrativo jogar \u2013 de manh\u00e3 ou \u00e0 noite?","description":"Descubra qual hor\u00e1rio do dia \u00e9 mais lucrativo para jogar poker. Compare os resultados e decida se voc\u00ea deve mudar seu hor\u00e1rio de jogo.","robots":{"index":"index","follow":"follow","max-snippet":"max-snippet:-1","max-image-preview":"max-image-preview:large","max-video-preview":"max-video-preview:-1"},"canonical":"https:\/\/hand2noteguide.com\/user-manual\/when-is-it-more-profitable-to-play-morning-or-evening\/","og_locale":"pt_PT","og_type":"article","og_title":"Quando \u00e9 mais lucrativo jogar \u2013 de manh\u00e3 ou \u00e0 noite?","og_description":"Descubra qual hor\u00e1rio do dia \u00e9 mais lucrativo para jogar poker. Compare os resultados e decida se voc\u00ea deve mudar seu hor\u00e1rio de jogo.","og_url":"https:\/\/hand2noteguide.com\/user-manual\/when-is-it-more-profitable-to-play-morning-or-evening\/","og_site_name":"Hand2Note Guide","article_modified_time":"2026-03-10T08:32:08+00:00","og_image":[{"width":1512,"height":1024,"url":"https:\/\/hand2noteguide.com\/wp-content\/uploads\/2025\/05\/day-or-night-play-min.jpg","type":"image\/jpeg"}],"twitter_card":"summary_large_image","twitter_misc":{"Est. reading time":"8 minutes"},"schema":{"@context":"https:\/\/schema.org","@graph":[]}},"jetpack_sharing_enabled":true,"_links":{"self":[{"href":"https:\/\/hand2noteguide.com\/pt\/wp-json\/wp\/v2\/pages\/12436","targetHints":{"allow":["GET"]}}],"collection":[{"href":"https:\/\/hand2noteguide.com\/pt\/wp-json\/wp\/v2\/pages"}],"about":[{"href":"https:\/\/hand2noteguide.com\/pt\/wp-json\/wp\/v2\/types\/page"}],"author":[{"embeddable":true,"href":"https:\/\/hand2noteguide.com\/pt\/wp-json\/wp\/v2\/users\/3"}],"replies":[{"embeddable":true,"href":"https:\/\/hand2noteguide.com\/pt\/wp-json\/wp\/v2\/comments?post=12436"}],"version-history":[{"count":49,"href":"https:\/\/hand2noteguide.com\/pt\/wp-json\/wp\/v2\/pages\/12436\/revisions"}],"predecessor-version":[{"id":15633,"href":"https:\/\/hand2noteguide.com\/pt\/wp-json\/wp\/v2\/pages\/12436\/revisions\/15633"}],"up":[{"embeddable":true,"href":"https:\/\/hand2noteguide.com\/pt\/wp-json\/wp\/v2\/pages\/9199"}],"wp:featuredmedia":[{"embeddable":true,"href":"https:\/\/hand2noteguide.com\/pt\/wp-json\/wp\/v2\/media\/12692"}],"wp:attachment":[{"href":"https:\/\/hand2noteguide.com\/pt\/wp-json\/wp\/v2\/media?parent=12436"}],"curies":[{"name":"wp","href":"https:\/\/api.w.org\/{rel}","templated":true}]}}