{"id":12655,"date":"2025-05-30T18:27:45","date_gmt":"2025-05-30T15:27:45","guid":{"rendered":"https:\/\/hand2noteguide.com\/?page_id=12655"},"modified":"2026-03-10T11:32:47","modified_gmt":"2026-03-10T08:32:47","slug":"setting-up-a-quick-hand-preview-hand-view","status":"publish","type":"page","link":"https:\/\/hand2noteguide.com\/pt\/user-manual\/setting-up-a-quick-hand-preview-hand-view\/","title":{"rendered":"Configura\u00e7\u00e3o r\u00e1pida de revis\u00e3o de m\u00e3os"},"content":{"rendered":"\n<p>O Hand2Note oferece uma visualiza\u00e7\u00e3o de m\u00e3os baseada em texto conveniente &#8211; Revis\u00e3o R\u00e1pida de M\u00e3os. Est\u00e1 dispon\u00edvel na se\u00e7\u00e3o <a href=\"https:\/\/hand2noteguide.com\/pt\/user-manual\/hand2note-report-menu\/\">Relat\u00f3rios<\/a>, <a href=\"https:\/\/hand2noteguide.com\/pt\/user-manual\/hand2note-sessions\/\">Sess\u00f5es<\/a>, e tamb\u00e9m em <a href=\"https:\/\/hand2noteguide.com\/pt\/user-manual\/the-use-and-possibilities-of-notes-in-hand2note\/\">Notas<\/a>. Com a Revis\u00e3o R\u00e1pida de M\u00e3os, voc\u00ea pode rapidamente encontrar e analisar a m\u00e3o necess\u00e1ria entre muitas.<\/p>\n\n\n\n<p>A apar\u00eancia da Revis\u00e3o R\u00e1pida de M\u00e3os pode ser personalizada de acordo com suas prefer\u00eancias pessoais. Neste artigo, vamos mostrar onde est\u00e1 localizado o menu de configura\u00e7\u00f5es de apar\u00eancia para a Revis\u00e3o R\u00e1pida de M\u00e3os e quais op\u00e7\u00f5es ele oferece.<\/p>\n\n\n\n<h2 class=\"wp-block-heading\">Menu de configura\u00e7\u00f5es de apar\u00eancia para &#8220;Visualiza\u00e7\u00e3o de M\u00e3os&#8221;<\/h2>\n\n\n\n<p>Para abrir o menu de configura\u00e7\u00f5es de apar\u00eancia para a Revis\u00e3o R\u00e1pida de M\u00e3os, clique em &#8220;Configura\u00e7\u00e3o&#8221;(1). Em seguida, selecione o menu &#8220;Visualiza\u00e7\u00e3o de M\u00e3os&#8221; (2).<\/p>\n\n\n\n<figure class=\"wp-block-image size-large\"><img loading=\"lazy\" decoding=\"async\" width=\"1024\" height=\"576\" src=\"http:\/\/hand2noteguide.com\/wp-content\/uploads\/2025\/05\/\u0411\u0435\u0437-\u0438\u043c\u0435\u043d\u0438-7-1-1024x576.jpg\" alt=\"\" class=\"wp-image-12703\" srcset=\"https:\/\/hand2noteguide.com\/wp-content\/uploads\/2025\/05\/\u0411\u0435\u0437-\u0438\u043c\u0435\u043d\u0438-7-1-1024x576.jpg 1024w, https:\/\/hand2noteguide.com\/wp-content\/uploads\/2025\/05\/\u0411\u0435\u0437-\u0438\u043c\u0435\u043d\u0438-7-1-300x169.jpg 300w, https:\/\/hand2noteguide.com\/wp-content\/uploads\/2025\/05\/\u0411\u0435\u0437-\u0438\u043c\u0435\u043d\u0438-7-1-768x432.jpg 768w, https:\/\/hand2noteguide.com\/wp-content\/uploads\/2025\/05\/\u0411\u0435\u0437-\u0438\u043c\u0435\u043d\u0438-7-1-1536x864.jpg 1536w, https:\/\/hand2noteguide.com\/wp-content\/uploads\/2025\/05\/\u0411\u0435\u0437-\u0438\u043c\u0435\u043d\u0438-7-1-772x434.jpg 772w, https:\/\/hand2noteguide.com\/wp-content\/uploads\/2025\/05\/\u0411\u0435\u0437-\u0438\u043c\u0435\u043d\u0438-7-1-624x351.jpg 624w, https:\/\/hand2noteguide.com\/wp-content\/uploads\/2025\/05\/\u0411\u0435\u0437-\u0438\u043c\u0435\u043d\u0438-7-1.jpg 1920w\" sizes=\"auto, (max-width: 1024px) 100vw, 1024px\" \/><\/figure>\n\n\n\n<p>O menu de configura\u00e7\u00f5es de apar\u00eancia para a Revis\u00e3o R\u00e1pida de M\u00e3os consiste em blocos:<\/p>\n\n\n\n<ul class=\"wp-block-list\">\n<li>&#8220;Cores&#8221;(3) &#8211; permite personalizar a cor de cada elemento na linha da Revis\u00e3o R\u00e1pida de M\u00e3os;<\/li>\n\n\n\n<li>&#8220;Fontes&#8221;(4) &#8211; permite personalizar o tamanho da fonte para elementos de texto na linha da Revis\u00e3o R\u00e1pida de M\u00e3os;<\/li>\n\n\n\n<li>&#8220;Tamanho das Cartas&#8221;(5) &#8211; permite personalizar o tamanho das imagens das cartas na linha da Revis\u00e3o R\u00e1pida de M\u00e3os;<\/li>\n\n\n\n<li>&#8220;Op\u00e7\u00f5es&#8221;(6) &#8211; permite usar configura\u00e7\u00f5es adicionais de exibi\u00e7\u00e3o, tais como:\n<ul class=\"wp-block-list\">\n<li>&#8220;Tamanho da Aposta em BB&#8221; &#8211; altera a exibi\u00e7\u00e3o das apostas de valores monet\u00e1rios para big blinds;<\/li>\n\n\n\n<li>&#8220;Quantia Ganha em BB&#8221; &#8211; altera a exibi\u00e7\u00e3o do valor ganho (ou perdido) de valores monet\u00e1rios para big blinds;<\/li>\n\n\n\n<li>&#8220;Mostrar Quantia da A\u00e7\u00e3o&#8221; &#8211; ativa ou desativa a exibi\u00e7\u00e3o do valor ganho (ou perdido);<\/li>\n\n\n\n<li>&#8220;Mostrar Tamanho do Stack Efetivo&#8221; &#8211; ativa ou desativa a exibi\u00e7\u00e3o do tamanho do stack efetivo;<\/li>\n\n\n\n<li>&#8220;Pote em scopies&#8221; &#8211; ativa ou desativa a exibi\u00e7\u00e3o do tamanho do pote em cada street antes das a\u00e7\u00f5es dos jogadores &#8211; entre par\u00eanteses;<\/li>\n\n\n\n<li>&#8220;Tamanho do Stack Efetivo em scopies&#8221; &#8211; ativa ou desativa a exibi\u00e7\u00e3o do tamanho do stack efetivo &#8211; entre par\u00eanteses.<\/li>\n<\/ul>\n<\/li>\n\n\n\n<li>&#8220;Pr\u00e9-visualiza\u00e7\u00e3o&#8221;(7) &#8211; \u00e1rea de pr\u00e9-visualiza\u00e7\u00e3o, permite ver as altera\u00e7\u00f5es feitas nas configura\u00e7\u00f5es de &#8220;Visualiza\u00e7\u00e3o de M\u00e3os&#8221;.<\/li>\n<\/ul>\n\n\n\n<p>Assim, ao acessar o menu de configura\u00e7\u00f5es da Revis\u00e3o R\u00e1pida de M\u00e3os, voc\u00ea pode personalizar sua apar\u00eancia de acordo com suas prefer\u00eancias. Isso simplificar\u00e1 a percep\u00e7\u00e3o visual da &#8220;Visualiza\u00e7\u00e3o de M\u00e3os&#8221; e acelerar\u00e1 sua tomada de decis\u00e3o nas mesas ao usar <a href=\"https:\/\/hand2noteguide.com\/pt\/user-manual\/the-use-and-possibilities-of-notes-in-hand2note\/\">m\u00e3os inclu\u00eddas em notas<\/a>. Al\u00e9m disso, essa configura\u00e7\u00e3o facilitar\u00e1 a busca pela m\u00e3o necess\u00e1ria entre muitas atrav\u00e9s de qualquer menu de Revis\u00e3o R\u00e1pida de M\u00e3os.<\/p>\n\n\n\n<p>Veja tamb\u00e9m: <a href=\"https:\/\/hand2note.com\/Help\/Features\/compact-hand-view\" target=\"_blank\" rel=\"noreferrer noopener\">Manual oficial do Hand2Note: Visualiza\u00e7\u00e3o Compacta de M\u00e3os<\/a>.<\/p>\n","protected":false},"excerpt":{"rendered":"<p>O Hand2Note oferece uma visualiza\u00e7\u00e3o de m\u00e3os baseada em texto conveniente &#8211; Revis\u00e3o R\u00e1pida de M\u00e3os. Est\u00e1 dispon\u00edvel na se\u00e7\u00e3o Relat\u00f3rios, Sess\u00f5es, e tamb\u00e9m em Notas. Com a Revis\u00e3o R\u00e1pida de M\u00e3os, voc\u00ea pode rapidamente encontrar e analisar a m\u00e3o necess\u00e1ria entre muitas. A apar\u00eancia da Revis\u00e3o R\u00e1pida de M\u00e3os pode ser personalizada de acordo &hellip; <a href=\"https:\/\/hand2noteguide.com\/pt\/user-manual\/setting-up-a-quick-hand-preview-hand-view\/\" class=\"more-link\">Continue reading <span class=\"screen-reader-text\">Configura\u00e7\u00e3o r\u00e1pida de revis\u00e3o de m\u00e3os<\/span><\/a><\/p>\n","protected":false},"author":3,"featured_media":12745,"parent":9199,"menu_order":0,"comment_status":"closed","ping_status":"closed","template":"","meta":{"footnotes":""},"class_list":["post-12655","page","type-page","status-publish","has-post-thumbnail","hentry"],"translation":{"provider":"WPGlobus","version":"3.0.2","language":"pt","enabled_languages":["en","ru","pt","zh","es","fr","de","it","ja"],"languages":{"en":{"title":true,"content":true,"excerpt":false},"ru":{"title":true,"content":true,"excerpt":false},"pt":{"title":true,"content":true,"excerpt":false},"zh":{"title":true,"content":true,"excerpt":false},"es":{"title":true,"content":true,"excerpt":false},"fr":{"title":true,"content":true,"excerpt":false},"de":{"title":true,"content":true,"excerpt":false},"it":{"title":true,"content":true,"excerpt":false},"ja":{"title":true,"content":true,"excerpt":false}}},"yoast_head":"<!-- This site is optimized with the Yoast SEO plugin v27.0 - https:\/\/yoast.com\/product\/yoast-seo-wordpress\/ -->\n<title>Configura\u00e7\u00e3o r\u00e1pida de revis\u00e3o de m\u00e3os no Hand2Note<\/title>\n<meta name=\"description\" content=\"Personalize a apar\u00eancia da Revis\u00e3o R\u00e1pida de M\u00e3os no Hand2Note para facilitar a an\u00e1lise e a tomada de decis\u00f5es na mesa. Aprenda como alterar estilos e op\u00e7\u00f5es.\" \/>\n<meta name=\"robots\" content=\"index, follow, max-snippet:-1, max-image-preview:large, max-video-preview:-1\" \/>\n<link rel=\"canonical\" href=\"https:\/\/hand2noteguide.com\/user-manual\/setting-up-a-quick-hand-preview-hand-view\/\" \/>\n<meta property=\"og:locale\" content=\"pt_PT\" \/>\n<meta property=\"og:type\" content=\"article\" \/>\n<meta property=\"og:title\" content=\"Configura\u00e7\u00e3o r\u00e1pida de revis\u00e3o de m\u00e3os no Hand2Note\" \/>\n<meta property=\"og:description\" content=\"Personalize a apar\u00eancia da Revis\u00e3o R\u00e1pida de M\u00e3os no Hand2Note para facilitar a an\u00e1lise e a tomada de decis\u00f5es na mesa. Aprenda como alterar estilos e op\u00e7\u00f5es.\" \/>\n<meta property=\"og:url\" content=\"https:\/\/hand2noteguide.com\/user-manual\/setting-up-a-quick-hand-preview-hand-view\/\" \/>\n<meta property=\"og:site_name\" content=\"Hand2Note Guide\" \/>\n<meta property=\"article:modified_time\" content=\"2026-03-10T08:32:47+00:00\" \/>\n<meta property=\"og:image\" content=\"https:\/\/hand2noteguide.com\/wp-content\/uploads\/2025\/06\/\u0411\u0435\u0437-\u0438\u043c\u0435\u043d\u0438-5.jpg\" \/>\n\t<meta property=\"og:image:width\" content=\"1920\" \/>\n\t<meta property=\"og:image:height\" content=\"1080\" \/>\n\t<meta property=\"og:image:type\" content=\"image\/jpeg\" \/>\n<meta name=\"twitter:card\" content=\"summary_large_image\" \/>\n<meta name=\"twitter:label1\" content=\"Est. reading time\" \/>\n\t<meta name=\"twitter:data1\" content=\"3 minutes\" \/>\n<!-- \/ Yoast SEO plugin. -->","yoast_head_json":{"title":"Configura\u00e7\u00e3o r\u00e1pida de revis\u00e3o de m\u00e3os no Hand2Note","description":"Personalize a apar\u00eancia da Revis\u00e3o R\u00e1pida de M\u00e3os no Hand2Note para facilitar a an\u00e1lise e a tomada de decis\u00f5es na mesa. Aprenda como alterar estilos e op\u00e7\u00f5es.","robots":{"index":"index","follow":"follow","max-snippet":"max-snippet:-1","max-image-preview":"max-image-preview:large","max-video-preview":"max-video-preview:-1"},"canonical":"https:\/\/hand2noteguide.com\/user-manual\/setting-up-a-quick-hand-preview-hand-view\/","og_locale":"pt_PT","og_type":"article","og_title":"Configura\u00e7\u00e3o r\u00e1pida de revis\u00e3o de m\u00e3os no Hand2Note","og_description":"Personalize a apar\u00eancia da Revis\u00e3o R\u00e1pida de M\u00e3os no Hand2Note para facilitar a an\u00e1lise e a tomada de decis\u00f5es na mesa. Aprenda como alterar estilos e op\u00e7\u00f5es.","og_url":"https:\/\/hand2noteguide.com\/user-manual\/setting-up-a-quick-hand-preview-hand-view\/","og_site_name":"Hand2Note Guide","article_modified_time":"2026-03-10T08:32:47+00:00","og_image":[{"width":1920,"height":1080,"url":"https:\/\/hand2noteguide.com\/wp-content\/uploads\/2025\/06\/\u0411\u0435\u0437-\u0438\u043c\u0435\u043d\u0438-5.jpg","type":"image\/jpeg"}],"twitter_card":"summary_large_image","twitter_misc":{"Est. reading time":"3 minutes"},"schema":{"@context":"https:\/\/schema.org","@graph":[]}},"jetpack_sharing_enabled":true,"_links":{"self":[{"href":"https:\/\/hand2noteguide.com\/pt\/wp-json\/wp\/v2\/pages\/12655","targetHints":{"allow":["GET"]}}],"collection":[{"href":"https:\/\/hand2noteguide.com\/pt\/wp-json\/wp\/v2\/pages"}],"about":[{"href":"https:\/\/hand2noteguide.com\/pt\/wp-json\/wp\/v2\/types\/page"}],"author":[{"embeddable":true,"href":"https:\/\/hand2noteguide.com\/pt\/wp-json\/wp\/v2\/users\/3"}],"replies":[{"embeddable":true,"href":"https:\/\/hand2noteguide.com\/pt\/wp-json\/wp\/v2\/comments?post=12655"}],"version-history":[{"count":53,"href":"https:\/\/hand2noteguide.com\/pt\/wp-json\/wp\/v2\/pages\/12655\/revisions"}],"predecessor-version":[{"id":15634,"href":"https:\/\/hand2noteguide.com\/pt\/wp-json\/wp\/v2\/pages\/12655\/revisions\/15634"}],"up":[{"embeddable":true,"href":"https:\/\/hand2noteguide.com\/pt\/wp-json\/wp\/v2\/pages\/9199"}],"wp:featuredmedia":[{"embeddable":true,"href":"https:\/\/hand2noteguide.com\/pt\/wp-json\/wp\/v2\/media\/12745"}],"wp:attachment":[{"href":"https:\/\/hand2noteguide.com\/pt\/wp-json\/wp\/v2\/media?parent=12655"}],"curies":[{"name":"wp","href":"https:\/\/api.w.org\/{rel}","templated":true}]}}