{"id":12875,"date":"2025-06-02T21:40:43","date_gmt":"2025-06-02T18:40:43","guid":{"rendered":"https:\/\/hand2noteguide.com\/?page_id=12875"},"modified":"2026-02-20T17:34:14","modified_gmt":"2026-02-20T14:34:14","slug":"hand2note-3-free-version-is-gone-what-now","status":"publish","type":"page","link":"https:\/\/hand2noteguide.com\/pt\/hand2note-3-free-version-is-gone-what-now\/","title":{"rendered":"A vers\u00e3o gratuita do Hand2Note 3 acabou \u2013 E agora?"},"content":{"rendered":"\n<p><strong>Em 29 de maio de 2025<\/strong>, a <strong>vers\u00e3o gratuita (Base) do Hand2Note 3 foi oficialmente encerrada<\/strong> \ud83e\udd7a. Ap\u00f3s muitos anos de servi\u00e7o, esta ferramenta confi\u00e1vel n\u00e3o est\u00e1 mais dispon\u00edvel para novos ou antigos usu\u00e1rios. Esta decis\u00e3o foi tomada pela equipe do Hand2Note, e infelizmente, a vers\u00e3o gratuita n\u00e3o voltar\u00e1.<\/p>\n\n\n\n<p>A <strong>Vers\u00e3o Gratuita do Hand2Note<\/strong> foi um marco no mundo do poker por anos. Milhares de jogadores dependiam dela diariamente \u2014 desde grinders de pequenas apostas at\u00e9 regulares s\u00e9rios. Era leve, poderosa e, o mais importante \u2014 gratuita. Entendemos o quanto isso \u00e9 uma grande mudan\u00e7a. Muitos jogadores constru\u00edram sua rotina e revis\u00e3o de jogo em torno do Hand2Note, e perder essa ferramenta \u00e9 frustrante.<\/p>\n\n\n\n<p>Como um <strong>revendedor oficial do Hand2Note<\/strong>, queremos ser transparentes: esta <strong>n\u00e3o foi nossa decis\u00e3o<\/strong>, e n\u00e3o temos <strong>controle<\/strong> sobre isso. O que podemos fazer \u00e9 ajud\u00e1-lo a seguir em frente. Abaixo est\u00e3o dois caminhos claros que voc\u00ea pode seguir a partir daqui:<\/p>\n\n\n\n<h2 class=\"wp-block-heading\">\u2705 Op\u00e7\u00e3o 1: Obtenha o Hand2Note 3 PRO ou Hand2Note 4 com Desconto<\/h2>\n\n\n\n<p>Se voc\u00ea gostou da vers\u00e3o gratuita, vai adorar a vers\u00e3o completa PRO. Voc\u00ea pode fazer o upgrade para o <strong>Hand2Note 3 PRO<\/strong> ou para o novo <a href=\"https:\/\/hand2noteguide.com\/pt\/hand2note-4-getting-started\/\"><strong>Hand2Note 4<\/strong><\/a> com nosso exclusivo <a href=\"https:\/\/hand2noteguide.com\/pt\/promo\/\"><strong>c\u00f3digo promocional GUIDE10<\/strong><\/a>.<\/p>\n\n\n\n<p>Ao comprar conosco, voc\u00ea receber\u00e1:<\/p>\n\n\n\n<ul class=\"wp-block-list\">\n<li>\ud83c\udfaf <strong>10% de desconto<\/strong> em qualquer assinatura<\/li>\n\n\n\n<li>\ud83c\udf81 <a href=\"https:\/\/hand2noteguide.com\/pt\/hud-store\/simple-cash-pack-for-free\/\"><strong>Pacote premium de HUD gratuito<\/strong><\/a><\/li>\n\n\n\n<li>\ud83d\udcf9 <a href=\"https:\/\/hand2noteguide.com\/pt\/video-course\/\"><strong>Curso em v\u00eddeo gratuito<\/strong><\/a> para ajud\u00e1-lo a dominar o software rapidamente<\/li>\n<\/ul>\n\n\n\n<p>Aqui est\u00e3o as op\u00e7\u00f5es de assinatura atuais:<\/p>\n\n\n\n<ul class=\"wp-block-list\">\n<li><strong>1\ufe0f\u20e3 Hand2Note 3 PRO<\/strong> \u2013 $59,90\/m\u00eas ou $588\/ano<br>Com nosso desconto: <strong>$53,90\/m\u00eas<\/strong> ou <strong>$529,20\/ano<\/strong><\/li>\n\n\n\n<li><strong>2\ufe0f\u20e3 Hand2Note 4 PRO<\/strong> \u2013 $59,90\/m\u00eas ou $588\/ano<br>Com nosso desconto: <strong>$53,90\/m\u00eas<\/strong> ou <strong>$529,20\/ano<\/strong><\/li>\n\n\n\n<li><strong>3\ufe0f\u20e3 Hand2Note 4 Learner<\/strong> \u2013 $19,90\/m\u00eas ou $192\/ano<br>Com nosso desconto: <strong>$17,90\/m\u00eas<\/strong> ou <strong>$172,70\/ano<\/strong><\/li>\n<\/ul>\n\n\n\n<p><em>Nota:<\/em> Learner \u00e9 um novo tipo de licen\u00e7a projetado para micro-apostas (at\u00e9 NL25 ou buy-ins de $20) e inclui um limite de banco de dados de 200.000 m\u00e3os.<\/p>\n\n\n\n<p>Esta \u00e9 a melhor escolha se voc\u00ea deseja continuar usando o mesmo conjunto de ferramentas \u2014 agora com acesso total, melhores estat\u00edsticas e suporte premium.<\/p>\n\n\n\n<p style=\"margin-top:24px\">\n  <a href=\"https:\/\/hand2note3.hand2note.com\/\" class=\"article-action-link\" target=\"_blank\" rel=\"noopener\">\n     \ud83d\udfe2 Obtenha o Hand2Note 3 \u2192\n  <\/a>\n  <a href=\"https:\/\/hand2noteguide.com\/pt\/go\/hand2note\/\" class=\"article-action-link\" target=\"_blank\" rel=\"sponsored noopener\">\n     \ud83d\udd35 Obtenha o Hand2Note 4 \u2192\n  <\/a>\n<\/p>\n\n\n\n<h2 class=\"wp-block-heading\">\u2705 Op\u00e7\u00e3o 2: Experimente Software de Poker Alternativo<\/h2>\n\n\n\n<p>Se voc\u00ea sente que \u00e9 hora de seguir em frente do Hand2Note \u2014 entendemos. Talvez voc\u00ea queira um novo come\u00e7o ou uma experi\u00eancia diferente. Existem v\u00e1rias alternativas no mercado, e muitos jogadores est\u00e3o explorando outras op\u00e7\u00f5es tamb\u00e9m.<\/p>\n\n\n\n<p>Respeitamos completamente esse caminho. Voc\u00ea deve usar as ferramentas que funcionam melhor para seu estilo pessoal, or\u00e7amento e objetivos.<\/p>\n\n\n\n<h2 class=\"wp-block-heading\">Considera\u00e7\u00f5es Finais<\/h2>\n\n\n\n<p>Estamos realmente tristes em ver a Vers\u00e3o Gratuita do Hand2Note 3 acabar. Foi uma ferramenta confi\u00e1vel e querida por muitos anos, e seu encerramento deixa uma lacuna no mundo do software de poker.<\/p>\n\n\n\n<p>Mas esperamos que as op\u00e7\u00f5es que compartilhamos aqui ajudem voc\u00ea a seguir em frente. Seja fazendo o upgrade, mudando para CoinPoker ou experimentando algo diferente \u2014 desejamos a voc\u00ea tudo de melhor.<\/p>\n\n\n\n<p><strong>Escolha o que funciona melhor para voc\u00ea, e boa sorte em sua jornada no poker!<\/strong><\/p>\n\n\n\n<p><\/p>\n","protected":false},"excerpt":{"rendered":"<p>Em 29 de maio de 2025, a vers\u00e3o gratuita (Base) do Hand2Note 3 foi oficialmente encerrada \ud83e\udd7a. Ap\u00f3s muitos anos de servi\u00e7o, esta ferramenta confi\u00e1vel n\u00e3o est\u00e1 mais dispon\u00edvel para novos ou antigos usu\u00e1rios. Esta decis\u00e3o foi tomada pela equipe do Hand2Note, e infelizmente, a vers\u00e3o gratuita n\u00e3o voltar\u00e1. A Vers\u00e3o Gratuita do Hand2Note foi &hellip; <a href=\"https:\/\/hand2noteguide.com\/pt\/hand2note-3-free-version-is-gone-what-now\/\" class=\"more-link\">Continue reading <span class=\"screen-reader-text\">A vers\u00e3o gratuita do Hand2Note 3 acabou \u2013 E agora?<\/span><\/a><\/p>\n","protected":false},"author":1,"featured_media":12894,"parent":0,"menu_order":0,"comment_status":"closed","ping_status":"closed","template":"","meta":{"footnotes":""},"class_list":["post-12875","page","type-page","status-publish","has-post-thumbnail","hentry"],"translation":{"provider":"WPGlobus","version":"3.0.2","language":"pt","enabled_languages":["en","ru","pt","zh","es","fr","de","it","ja"],"languages":{"en":{"title":true,"content":true,"excerpt":false},"ru":{"title":true,"content":true,"excerpt":false},"pt":{"title":true,"content":true,"excerpt":false},"zh":{"title":true,"content":true,"excerpt":false},"es":{"title":true,"content":true,"excerpt":false},"fr":{"title":true,"content":true,"excerpt":false},"de":{"title":true,"content":true,"excerpt":false},"it":{"title":true,"content":true,"excerpt":false},"ja":{"title":true,"content":true,"excerpt":false}}},"yoast_head":"<!-- This site is optimized with the Yoast SEO plugin v27.0 - https:\/\/yoast.com\/product\/yoast-seo-wordpress\/ -->\n<title>A vers\u00e3o gratuita do Hand2Note 3 acabou \u2013 E agora?<\/title>\n<meta name=\"description\" content=\"A vers\u00e3o gratuita do Hand2Note 3 n\u00e3o est\u00e1 mais dispon\u00edvel. Veja suas op\u00e7\u00f5es: fa\u00e7a o upgrade com desconto, obtenha o PRO via CoinPoker ou explore alternativas.\" \/>\n<meta name=\"robots\" content=\"index, follow, max-snippet:-1, max-image-preview:large, max-video-preview:-1\" \/>\n<link rel=\"canonical\" href=\"https:\/\/hand2noteguide.com\/fr\/hand2note-3-free-version-is-gone-what-now\/\" \/>\n<meta property=\"og:locale\" content=\"pt_PT\" \/>\n<meta property=\"og:type\" content=\"article\" \/>\n<meta property=\"og:title\" content=\"A vers\u00e3o gratuita do Hand2Note 3 acabou \u2013 E agora?\" \/>\n<meta property=\"og:description\" content=\"A vers\u00e3o gratuita do Hand2Note 3 n\u00e3o est\u00e1 mais dispon\u00edvel. Veja suas op\u00e7\u00f5es: fa\u00e7a o upgrade com desconto, obtenha o PRO via CoinPoker ou explore alternativas.\" \/>\n<meta property=\"og:url\" content=\"https:\/\/hand2noteguide.com\/fr\/hand2note-3-free-version-is-gone-what-now\/\" \/>\n<meta property=\"og:site_name\" content=\"Hand2Note Guide\" \/>\n<meta property=\"article:modified_time\" content=\"2026-02-20T14:34:14+00:00\" \/>\n<meta property=\"og:image\" content=\"https:\/\/hand2noteguide.com\/wp-content\/uploads\/2025\/06\/free-hand2note-is-over.webp\" \/>\n\t<meta property=\"og:image:width\" content=\"1212\" \/>\n\t<meta property=\"og:image:height\" content=\"843\" \/>\n\t<meta property=\"og:image:type\" content=\"image\/webp\" \/>\n<meta name=\"twitter:card\" content=\"summary_large_image\" \/>\n<meta name=\"twitter:label1\" content=\"Est. reading time\" \/>\n\t<meta name=\"twitter:data1\" content=\"3 minutes\" \/>\n<!-- \/ Yoast SEO plugin. -->","yoast_head_json":{"title":"A vers\u00e3o gratuita do Hand2Note 3 acabou \u2013 E agora?","description":"A vers\u00e3o gratuita do Hand2Note 3 n\u00e3o est\u00e1 mais dispon\u00edvel. Veja suas op\u00e7\u00f5es: fa\u00e7a o upgrade com desconto, obtenha o PRO via CoinPoker ou explore alternativas.","robots":{"index":"index","follow":"follow","max-snippet":"max-snippet:-1","max-image-preview":"max-image-preview:large","max-video-preview":"max-video-preview:-1"},"canonical":"https:\/\/hand2noteguide.com\/fr\/hand2note-3-free-version-is-gone-what-now\/","og_locale":"pt_PT","og_type":"article","og_title":"A vers\u00e3o gratuita do Hand2Note 3 acabou \u2013 E agora?","og_description":"A vers\u00e3o gratuita do Hand2Note 3 n\u00e3o est\u00e1 mais dispon\u00edvel. Veja suas op\u00e7\u00f5es: fa\u00e7a o upgrade com desconto, obtenha o PRO via CoinPoker ou explore alternativas.","og_url":"https:\/\/hand2noteguide.com\/fr\/hand2note-3-free-version-is-gone-what-now\/","og_site_name":"Hand2Note Guide","article_modified_time":"2026-02-20T14:34:14+00:00","og_image":[{"width":1212,"height":843,"url":"https:\/\/hand2noteguide.com\/wp-content\/uploads\/2025\/06\/free-hand2note-is-over.webp","type":"image\/webp"}],"twitter_card":"summary_large_image","twitter_misc":{"Est. reading time":"3 minutes"},"schema":{"@context":"https:\/\/schema.org","@graph":[]}},"jetpack_sharing_enabled":true,"_links":{"self":[{"href":"https:\/\/hand2noteguide.com\/pt\/wp-json\/wp\/v2\/pages\/12875","targetHints":{"allow":["GET"]}}],"collection":[{"href":"https:\/\/hand2noteguide.com\/pt\/wp-json\/wp\/v2\/pages"}],"about":[{"href":"https:\/\/hand2noteguide.com\/pt\/wp-json\/wp\/v2\/types\/page"}],"author":[{"embeddable":true,"href":"https:\/\/hand2noteguide.com\/pt\/wp-json\/wp\/v2\/users\/1"}],"replies":[{"embeddable":true,"href":"https:\/\/hand2noteguide.com\/pt\/wp-json\/wp\/v2\/comments?post=12875"}],"version-history":[{"count":43,"href":"https:\/\/hand2noteguide.com\/pt\/wp-json\/wp\/v2\/pages\/12875\/revisions"}],"predecessor-version":[{"id":15068,"href":"https:\/\/hand2noteguide.com\/pt\/wp-json\/wp\/v2\/pages\/12875\/revisions\/15068"}],"wp:featuredmedia":[{"embeddable":true,"href":"https:\/\/hand2noteguide.com\/pt\/wp-json\/wp\/v2\/media\/12894"}],"wp:attachment":[{"href":"https:\/\/hand2noteguide.com\/pt\/wp-json\/wp\/v2\/media?parent=12875"}],"curies":[{"name":"wp","href":"https:\/\/api.w.org\/{rel}","templated":true}]}}