{"id":13653,"date":"2025-06-18T12:19:21","date_gmt":"2025-06-18T09:19:21","guid":{"rendered":"https:\/\/hand2noteguide.com\/?page_id=13653"},"modified":"2026-03-10T11:36:18","modified_gmt":"2026-03-10T08:36:18","slug":"hud-editor-creating-a-positional-hud","status":"publish","type":"page","link":"https:\/\/hand2noteguide.com\/pt\/user-manual\/hud-editor-creating-a-positional-hud\/","title":{"rendered":"Editor de HUD Parte 3: Criando um HUD Posicional"},"content":{"rendered":"\n<p>Al\u00e9m dos <a href=\"https:\/\/hand2noteguide.com\/pt\/user-manual\/hud-editor-creating-a-static-hud\/\">pain\u00e9is de HUD est\u00e1ticos<\/a>, o Hand2Note permite aplicar propriedades posicionais a eles. Isso ajuda a economizar espa\u00e7o nas mesas e torna as janelas do HUD mais ergon\u00f4micas. Elas tamb\u00e9m permitem a mudan\u00e7a autom\u00e1tica das exibi\u00e7\u00f5es de estat\u00edsticas no HUD para as mais relevantes, do ponto de vista das <a href=\"https:\/\/hand2noteguide.com\/pt\/poker\/poker-positions\/\">posi\u00e7\u00f5es dos jogadores nas mesas<\/a>.<\/p>\n\n\n\n<p>Neste artigo, mostraremos como aplicar propriedades posicionais ao HUD que criamos anteriormente no artigo <a href=\"https:\/\/hand2noteguide.com\/pt\/user-manual\/hud-editor-creating-a-static-hud\/\">Editor de HUD: Criando um HUD Est\u00e1tico<\/a>. Isso ajudar\u00e1 a torn\u00e1-lo mais compacto e a informa\u00e7\u00e3o exibida mais relevante do ponto de vista das posi\u00e7\u00f5es dos jogadores na mesa.<\/p>\n\n\n\n<h2 class=\"wp-block-heading\">Plano para Criar um HUD Posicional<\/h2>\n\n\n\n<p>Anteriormente, criamos um HUD onde o conjunto de estat\u00edsticas se parece com isto:<\/p>\n\n\n\n<figure class=\"wp-block-image size-large\"><img loading=\"lazy\" decoding=\"async\" width=\"1024\" height=\"576\" src=\"https:\/\/hand2noteguide.com\/wp-content\/uploads\/2025\/06\/static-hud-1024x576.jpg\" alt=\"\" class=\"wp-image-14045\" srcset=\"https:\/\/hand2noteguide.com\/wp-content\/uploads\/2025\/06\/static-hud-1024x576.jpg 1024w, https:\/\/hand2noteguide.com\/wp-content\/uploads\/2025\/06\/static-hud-300x169.jpg 300w, https:\/\/hand2noteguide.com\/wp-content\/uploads\/2025\/06\/static-hud-768x432.jpg 768w, https:\/\/hand2noteguide.com\/wp-content\/uploads\/2025\/06\/static-hud-1536x864.jpg 1536w, https:\/\/hand2noteguide.com\/wp-content\/uploads\/2025\/06\/static-hud-772x434.jpg 772w, https:\/\/hand2noteguide.com\/wp-content\/uploads\/2025\/06\/static-hud-624x351.jpg 624w, https:\/\/hand2noteguide.com\/wp-content\/uploads\/2025\/06\/static-hud.jpg 1920w\" sizes=\"auto, (max-width: 1024px) 100vw, 1024px\" \/><\/figure>\n\n\n\n<ul class=\"wp-block-list\">\n<li>Primeira linha do HUD, estat\u00edsticas em ordem da esquerda para a direita: &#8220;VPIP&#8221;, &#8220;PFR&#8221;, &#8220;Fold to 3Bet&#8221;, &#8220;<a href=\"https:\/\/hand2noteguide.com\/pt\/poker\/poker-hud-stats\/3bet-in-poker\/\">3Bet<\/a>&#8220;, &#8220;Fold to 4Bet&#8221;, &#8220;4Bet Range&#8221;;<\/li>\n\n\n\n<li>Segunda linha do HUD, estat\u00edsticas em ordem da esquerda para a direita: &#8220;WTSD%&#8221;, &#8220;WWSF%&#8221;, &#8220;WonSD%&#8221;, &#8220;Aggression Frq Flop%&#8221;, &#8220;Aggression Frq Turn%&#8221;, &#8220;Aggression Frq River%&#8221;;<\/li>\n\n\n\n<li>Terceira linha do HUD, estat\u00edsticas em ordem da esquerda para a direita: n\u00famero total de m\u00e3os (&#8220;Hands&#8221;), &#8220;Winrate bb\/100&#8221;.<\/li>\n<\/ul>\n\n\n\n<p>Neste artigo, vamos editar o conjunto de estat\u00edsticas e sua varia\u00e7\u00e3o de exibi\u00e7\u00e3o no HUD da seguinte forma:<\/p>\n\n\n\n<ul class=\"wp-block-list\">\n<li>Primeira linha do HUD, estat\u00edsticas em ordem da esquerda para a direita: &#8220;VPIP&#8221;, &#8220;PFR&#8221;, &#8220;Fold to 3Bet&#8221;, &#8220;3Bet&#8221;, &#8220;Fold to 4Bet&#8221;, &#8220;4Bet Range&#8221;;<\/li>\n\n\n\n<li>Segunda linha do HUD, estat\u00edsticas em ordem da esquerda para a direita: &#8220;WTSD%&#8221;, &#8220;WWSF%&#8221;, &#8220;WonSD%&#8221;, &#8220;Aggression Frq Flop%&#8221;, &#8220;Aggression Frq Turn%&#8221;, &#8220;Aggression Frq River%&#8221;;<\/li>\n\n\n\n<li><strong>A terceira (nova) linha do HUD usar\u00e1 condi\u00e7\u00f5es de exibi\u00e7\u00e3o posicionais e exibir\u00e1 as estat\u00edsticas &#8220;RFI UTG&#8221;, &#8220;RFI EP&#8221;, &#8220;RFI MP&#8221;, &#8220;RFI CO&#8221;, &#8220;RFI BTN&#8221;, &#8220;RFI SB&#8221;, &#8220;Fold to 3Bet IP p\u00f3s-flop&#8221;, &#8220;Fold to 3Bet OOP p\u00f3s-flop&#8221; &#8211; de acordo com as posi\u00e7\u00f5es do jogador e do her\u00f3i &#8211; simultaneamente;<\/strong><\/li>\n\n\n\n<li>Quarta linha do HUD, estat\u00edsticas em ordem da esquerda para a direita: n\u00famero total de m\u00e3os (&#8220;Hands&#8221;), &#8220;Winrate bb\/100&#8221;.<\/li>\n<\/ul>\n\n\n\n<h2 class=\"wp-block-heading\">Aplicando Condi\u00e7\u00f5es de Exibi\u00e7\u00e3o Posicionais<\/h2>\n\n\n\n<p>Primeiro, adicione uma nova linha ao HUD. Todas as estat\u00edsticas necess\u00e1rias foram previamente criadas no <a href=\"https:\/\/hand2noteguide.com\/pt\/user-manual\/creating-a-simple-stat-continued-bet-on-the-river-in-a-3bet-pot-position\/\">editor de estat\u00edsticas<\/a>.<\/p>\n\n\n\n<figure class=\"wp-block-image size-large\"><img loading=\"lazy\" decoding=\"async\" width=\"1024\" height=\"576\" src=\"http:\/\/hand2noteguide.com\/wp-content\/uploads\/2025\/06\/\u0411\u0435\u0437-\u0438\u043c\u0435\u043d\u0438-14-2-1024x576.jpg\" alt=\"\" class=\"wp-image-13707\" srcset=\"https:\/\/hand2noteguide.com\/wp-content\/uploads\/2025\/06\/\u0411\u0435\u0437-\u0438\u043c\u0435\u043d\u0438-14-2-1024x576.jpg 1024w, https:\/\/hand2noteguide.com\/wp-content\/uploads\/2025\/06\/\u0411\u0435\u0437-\u0438\u043c\u0435\u043d\u0438-14-2-300x169.jpg 300w, https:\/\/hand2noteguide.com\/wp-content\/uploads\/2025\/06\/\u0411\u0435\u0437-\u0438\u043c\u0435\u043d\u0438-14-2-768x432.jpg 768w, https:\/\/hand2noteguide.com\/wp-content\/uploads\/2025\/06\/\u0411\u0435\u0437-\u0438\u043c\u0435\u043d\u0438-14-2-1536x864.jpg 1536w, https:\/\/hand2noteguide.com\/wp-content\/uploads\/2025\/06\/\u0411\u0435\u0437-\u0438\u043c\u0435\u043d\u0438-14-2-772x434.jpg 772w, https:\/\/hand2noteguide.com\/wp-content\/uploads\/2025\/06\/\u0411\u0435\u0437-\u0438\u043c\u0435\u043d\u0438-14-2-624x351.jpg 624w, https:\/\/hand2noteguide.com\/wp-content\/uploads\/2025\/06\/\u0411\u0435\u0437-\u0438\u043c\u0435\u043d\u0438-14-2.jpg 1920w\" sizes=\"auto, (max-width: 1024px) 100vw, 1024px\" \/><figcaption class=\"wp-element-caption\">Apar\u00eancia do HUD no replayer com as novas estat\u00edsticas adicionadas na terceira linha:<\/figcaption><\/figure>\n\n\n\n<p>Agora precisamos definir propriedades posicionais para as c\u00e9lulas na terceira linha. Para isso, primeiro determine qual c\u00e9lula com qual estat\u00edstica deve aparecer e sob quais condi\u00e7\u00f5es:<\/p>\n\n\n\n<ul class=\"wp-block-list\">\n<li>C\u00e9lula com a estat\u00edstica &#8220;RFI UTG&#8221; &#8211; quando o jogador est\u00e1 na posi\u00e7\u00e3o &#8220;UTG&#8221;;<\/li>\n\n\n\n<li>C\u00e9lula com a estat\u00edstica &#8220;RFI EP&#8221; &#8211; quando o jogador est\u00e1 na posi\u00e7\u00e3o &#8220;EP&#8221;;<\/li>\n\n\n\n<li>C\u00e9lula com a estat\u00edstica &#8220;RFI MP&#8221; &#8211; quando o jogador est\u00e1 na posi\u00e7\u00e3o &#8220;MP&#8221;;<\/li>\n\n\n\n<li>C\u00e9lula com a estat\u00edstica &#8220;RFI CO&#8221; &#8211; quando o jogador est\u00e1 na posi\u00e7\u00e3o &#8220;CO&#8221;;<\/li>\n\n\n\n<li>C\u00e9lula com a estat\u00edstica &#8220;RFI BTN&#8221; &#8211; quando o jogador est\u00e1 na posi\u00e7\u00e3o &#8220;BTN&#8221;;<\/li>\n\n\n\n<li>C\u00e9lula com a estat\u00edstica &#8220;RFI SB&#8221; &#8211; quando o jogador est\u00e1 na posi\u00e7\u00e3o &#8220;SB&#8221;;<\/li>\n\n\n\n<li>C\u00e9lula com a estat\u00edstica &#8220;Fold to 3Bet IP p\u00f3s-flop&#8221; &#8211; quando o jogador est\u00e1 em uma posi\u00e7\u00e3o que permite estar em posi\u00e7\u00e3o no flop, turn ou river contra o her\u00f3i;<\/li>\n\n\n\n<li>C\u00e9lula com a estat\u00edstica &#8220;Fold to 3Bet OOP p\u00f3s-flop&#8221; &#8211; quando o jogador est\u00e1 em uma posi\u00e7\u00e3o que permite estar fora de posi\u00e7\u00e3o no flop, turn ou river contra o her\u00f3i.<\/li>\n<\/ul>\n\n\n\n<p>Para definir a posi\u00e7\u00e3o do jogador como uma condi\u00e7\u00e3o de exibi\u00e7\u00e3o para as c\u00e9lulas, v\u00e1 para o &#8220;HUD Editor&#8221; e selecione a c\u00e9lula com a estat\u00edstica necess\u00e1ria (por exemplo, &#8220;RFI UTG&#8221;) usando o bot\u00e3o esquerdo do mouse (1).<\/p>\n\n\n\n<figure class=\"wp-block-image size-large\"><img loading=\"lazy\" decoding=\"async\" width=\"1024\" height=\"576\" src=\"http:\/\/hand2noteguide.com\/wp-content\/uploads\/2025\/06\/\u0411\u0435\u0437-\u0438\u043c\u0435\u043d\u0438-15-1-1024x576.jpg\" alt=\"\" class=\"wp-image-13711\" srcset=\"https:\/\/hand2noteguide.com\/wp-content\/uploads\/2025\/06\/\u0411\u0435\u0437-\u0438\u043c\u0435\u043d\u0438-15-1-1024x576.jpg 1024w, https:\/\/hand2noteguide.com\/wp-content\/uploads\/2025\/06\/\u0411\u0435\u0437-\u0438\u043c\u0435\u043d\u0438-15-1-300x169.jpg 300w, https:\/\/hand2noteguide.com\/wp-content\/uploads\/2025\/06\/\u0411\u0435\u0437-\u0438\u043c\u0435\u043d\u0438-15-1-768x432.jpg 768w, https:\/\/hand2noteguide.com\/wp-content\/uploads\/2025\/06\/\u0411\u0435\u0437-\u0438\u043c\u0435\u043d\u0438-15-1-1536x864.jpg 1536w, https:\/\/hand2noteguide.com\/wp-content\/uploads\/2025\/06\/\u0411\u0435\u0437-\u0438\u043c\u0435\u043d\u0438-15-1-772x434.jpg 772w, https:\/\/hand2noteguide.com\/wp-content\/uploads\/2025\/06\/\u0411\u0435\u0437-\u0438\u043c\u0435\u043d\u0438-15-1-624x351.jpg 624w, https:\/\/hand2noteguide.com\/wp-content\/uploads\/2025\/06\/\u0411\u0435\u0437-\u0438\u043c\u0435\u043d\u0438-15-1.jpg 1920w\" sizes=\"auto, (max-width: 1024px) 100vw, 1024px\" \/><\/figure>\n\n\n\n<p>Em seguida, no menu \u00e0 direita, encontre o par\u00e2metro &#8220;Show when player position is:&#8221; e especifique as posi\u00e7\u00f5es necess\u00e1rias do jogador (2) (por exemplo, de UTG1 a UTG4).<\/p>\n\n\n\n<p>Repita a a\u00e7\u00e3o com cada c\u00e9lula contendo estat\u00edsticas de RFI, atribuindo-lhes posi\u00e7\u00f5es de acordo com as posi\u00e7\u00f5es das estat\u00edsticas de RFI nas pr\u00f3prias c\u00e9lulas.<\/p>\n\n\n\n<p>Para definir os par\u00e2metros de exibi\u00e7\u00e3o para a c\u00e9lula com a estat\u00edstica &#8220;Fold to 3Bet IP p\u00f3s-flop&#8221;, selecione-a usando o bot\u00e3o esquerdo do mouse (1).<\/p>\n\n\n\n<figure class=\"wp-block-image size-large\"><img loading=\"lazy\" decoding=\"async\" width=\"1024\" height=\"576\" src=\"http:\/\/hand2noteguide.com\/wp-content\/uploads\/2025\/06\/\u0411\u0435\u0437-\u0438\u043c\u0435\u043d\u0438-16-2-1024x576.jpg\" alt=\"\" class=\"wp-image-13712\" srcset=\"https:\/\/hand2noteguide.com\/wp-content\/uploads\/2025\/06\/\u0411\u0435\u0437-\u0438\u043c\u0435\u043d\u0438-16-2-1024x576.jpg 1024w, https:\/\/hand2noteguide.com\/wp-content\/uploads\/2025\/06\/\u0411\u0435\u0437-\u0438\u043c\u0435\u043d\u0438-16-2-300x169.jpg 300w, https:\/\/hand2noteguide.com\/wp-content\/uploads\/2025\/06\/\u0411\u0435\u0437-\u0438\u043c\u0435\u043d\u0438-16-2-768x432.jpg 768w, https:\/\/hand2noteguide.com\/wp-content\/uploads\/2025\/06\/\u0411\u0435\u0437-\u0438\u043c\u0435\u043d\u0438-16-2-1536x864.jpg 1536w, https:\/\/hand2noteguide.com\/wp-content\/uploads\/2025\/06\/\u0411\u0435\u0437-\u0438\u043c\u0435\u043d\u0438-16-2-772x434.jpg 772w, https:\/\/hand2noteguide.com\/wp-content\/uploads\/2025\/06\/\u0411\u0435\u0437-\u0438\u043c\u0435\u043d\u0438-16-2-624x351.jpg 624w, https:\/\/hand2noteguide.com\/wp-content\/uploads\/2025\/06\/\u0411\u0435\u0437-\u0438\u043c\u0435\u043d\u0438-16-2.jpg 1920w\" sizes=\"auto, (max-width: 1024px) 100vw, 1024px\" \/><\/figure>\n\n\n\n<p>Depois, no menu \u00e0 direita, encontre o par\u00e2metro &#8220;Postflop position relative to hero&#8221; e defina-o como &#8220;In Position&#8221; (2).<\/p>\n\n\n\n<p>Repita a a\u00e7\u00e3o com a c\u00e9lula contendo a estat\u00edstica &#8220;Fold to 3Bet IP p\u00f3s-flop&#8221;, mas agora defina o par\u00e2metro &#8220;Postflop position relative to hero&#8221; como &#8220;Out of Position&#8221;.<\/p>\n\n\n\n<p>Ap\u00f3s concluir as configura\u00e7\u00f5es, voc\u00ea pode visualizar o resultado no replayer usando &#8220;Preview&#8221;.<\/p>\n\n\n\n<figure class=\"wp-block-image size-large\"><img loading=\"lazy\" decoding=\"async\" width=\"1024\" height=\"576\" src=\"http:\/\/hand2noteguide.com\/wp-content\/uploads\/2025\/06\/\u0411\u0435\u0437-\u0438\u043c\u0435\u043d\u0438-17-2-1024x576.jpg\" alt=\"\" class=\"wp-image-13713\" srcset=\"https:\/\/hand2noteguide.com\/wp-content\/uploads\/2025\/06\/\u0411\u0435\u0437-\u0438\u043c\u0435\u043d\u0438-17-2-1024x576.jpg 1024w, https:\/\/hand2noteguide.com\/wp-content\/uploads\/2025\/06\/\u0411\u0435\u0437-\u0438\u043c\u0435\u043d\u0438-17-2-300x169.jpg 300w, https:\/\/hand2noteguide.com\/wp-content\/uploads\/2025\/06\/\u0411\u0435\u0437-\u0438\u043c\u0435\u043d\u0438-17-2-768x432.jpg 768w, https:\/\/hand2noteguide.com\/wp-content\/uploads\/2025\/06\/\u0411\u0435\u0437-\u0438\u043c\u0435\u043d\u0438-17-2-1536x864.jpg 1536w, https:\/\/hand2noteguide.com\/wp-content\/uploads\/2025\/06\/\u0411\u0435\u0437-\u0438\u043c\u0435\u043d\u0438-17-2-772x434.jpg 772w, https:\/\/hand2noteguide.com\/wp-content\/uploads\/2025\/06\/\u0411\u0435\u0437-\u0438\u043c\u0435\u043d\u0438-17-2-624x351.jpg 624w, https:\/\/hand2noteguide.com\/wp-content\/uploads\/2025\/06\/\u0411\u0435\u0437-\u0438\u043c\u0435\u043d\u0438-17-2.jpg 1920w\" sizes=\"auto, (max-width: 1024px) 100vw, 1024px\" \/><\/figure>\n\n\n\n<p>Agora, na terceira linha, n\u00e3o mais que duas estat\u00edsticas s\u00e3o vis\u00edveis. A primeira estat\u00edstica \u00e0 esquerda exibe o RFI de acordo com a posi\u00e7\u00e3o que o jogador ocupa. A segunda estat\u00edstica mostra Fold to 3Bet, de acordo com a posi\u00e7\u00e3o que o jogador pode ocupar no flop, turn ou river contra o her\u00f3i (em posi\u00e7\u00e3o &#8211; IP, ou fora de posi\u00e7\u00e3o &#8211; OOP).<\/p>\n\n\n\n<p>Como usamos propriedades comuns e posicionais de exibi\u00e7\u00e3o para as c\u00e9lulas ou pain\u00e9is do HUD, nosso HUD \u00e9 posicional.<\/p>\n\n\n\n<h2 class=\"wp-block-heading\">Conclus\u00e3o<\/h2>\n\n\n\n<p>Assim, voc\u00ea pode economizar espa\u00e7o nas mesas e tornar as janelas do HUD mais ergon\u00f4micas. Al\u00e9m disso, voc\u00ea pode configurar a exibi\u00e7\u00e3o das informa\u00e7\u00f5es necess\u00e1rias para serem mais relevantes do ponto de vista das posi\u00e7\u00f5es dos jogadores.<\/p>\n\n\n\n<p><em>Algumas salas de poker bloqueiam o HUD se ele usar condi\u00e7\u00f5es de exibi\u00e7\u00e3o din\u00e2micas ou posicionais. No momento da escrita, estas s\u00e3o: <a href=\"https:\/\/hand2noteguide.com\/pt\/pokerstars-hud\/\">PokerStars<\/a>, IPoker, Winamax. Recomendamos verificar essa nuance com o <a href=\"https:\/\/hand2noteguide.com\/pt\/hand2note-official-support\/\">suporte do Hand2Note<\/a> antes de editar o HUD.<\/em><\/p>\n\n\n\n<p>No pr\u00f3ximo artigo: <a href=\"https:\/\/hand2noteguide.com\/pt\/user-manual\/hud-editor-creating-a-dynamic-hud\/\">Editor de HUD: Criando um HUD Din\u00e2mico<\/a> &#8211; continuaremos editando o HUD e aplicaremos condi\u00e7\u00f5es de exibi\u00e7\u00e3o din\u00e2micas \u00e0s suas c\u00e9lulas. Isso proporcionar\u00e1 um entendimento de como aplicar propriedades din\u00e2micas ao HUD e torn\u00e1-lo ainda mais ergon\u00f4mico, com exibi\u00e7\u00f5es de estat\u00edsticas mais relevantes.<\/p>\n","protected":false},"excerpt":{"rendered":"<p>Al\u00e9m dos pain\u00e9is de HUD est\u00e1ticos, o Hand2Note permite aplicar propriedades posicionais a eles. Isso ajuda a economizar espa\u00e7o nas mesas e torna as janelas do HUD mais ergon\u00f4micas. Elas tamb\u00e9m permitem a mudan\u00e7a autom\u00e1tica das exibi\u00e7\u00f5es de estat\u00edsticas no HUD para as mais relevantes, do ponto de vista das posi\u00e7\u00f5es dos jogadores nas mesas. &hellip; <a href=\"https:\/\/hand2noteguide.com\/pt\/user-manual\/hud-editor-creating-a-positional-hud\/\" class=\"more-link\">Continue reading <span class=\"screen-reader-text\">Editor de HUD Parte 3: Criando um HUD Posicional<\/span><\/a><\/p>\n","protected":false},"author":3,"featured_media":13656,"parent":9199,"menu_order":0,"comment_status":"closed","ping_status":"closed","template":"","meta":{"footnotes":""},"class_list":["post-13653","page","type-page","status-publish","has-post-thumbnail","hentry"],"translation":{"provider":"WPGlobus","version":"3.0.2","language":"pt","enabled_languages":["en","ru","pt","zh","es","fr","de","it","ja"],"languages":{"en":{"title":true,"content":true,"excerpt":false},"ru":{"title":true,"content":true,"excerpt":false},"pt":{"title":true,"content":true,"excerpt":false},"zh":{"title":true,"content":true,"excerpt":false},"es":{"title":true,"content":true,"excerpt":false},"fr":{"title":true,"content":true,"excerpt":false},"de":{"title":true,"content":true,"excerpt":false},"it":{"title":true,"content":true,"excerpt":false},"ja":{"title":true,"content":true,"excerpt":false}}},"yoast_head":"<!-- This site is optimized with the Yoast SEO plugin v27.0 - https:\/\/yoast.com\/product\/yoast-seo-wordpress\/ -->\n<title>Editor de HUD do Hand2Note Parte 3: Criando um HUD Posicional<\/title>\n<meta name=\"description\" content=\"Aprenda a tornar seu HUD mais compacto e relevante aplicando propriedades posicionais no Hand2Note. Melhore a ergonomia e a efici\u00eancia do jogo.\" \/>\n<meta name=\"robots\" content=\"index, follow, max-snippet:-1, max-image-preview:large, max-video-preview:-1\" \/>\n<link rel=\"canonical\" href=\"https:\/\/hand2noteguide.com\/user-manual\/hud-editor-creating-a-positional-hud\/\" \/>\n<meta property=\"og:locale\" content=\"pt_PT\" \/>\n<meta property=\"og:type\" content=\"article\" \/>\n<meta property=\"og:title\" content=\"Editor de HUD do Hand2Note Parte 3: Criando um HUD Posicional\" \/>\n<meta property=\"og:description\" content=\"Aprenda a tornar seu HUD mais compacto e relevante aplicando propriedades posicionais no Hand2Note. Melhore a ergonomia e a efici\u00eancia do jogo.\" \/>\n<meta property=\"og:url\" content=\"https:\/\/hand2noteguide.com\/user-manual\/hud-editor-creating-a-positional-hud\/\" \/>\n<meta property=\"og:site_name\" content=\"Hand2Note Guide\" \/>\n<meta property=\"article:modified_time\" content=\"2026-03-10T08:36:18+00:00\" \/>\n<meta property=\"og:image\" content=\"https:\/\/hand2noteguide.com\/wp-content\/uploads\/2025\/06\/\u0411\u0435\u0437-\u0438\u043c\u0435\u043d\u0438-1-3-2.jpg\" \/>\n\t<meta property=\"og:image:width\" content=\"1920\" \/>\n\t<meta property=\"og:image:height\" content=\"1080\" \/>\n\t<meta property=\"og:image:type\" content=\"image\/jpeg\" \/>\n<meta name=\"twitter:card\" content=\"summary_large_image\" \/>\n<meta name=\"twitter:label1\" content=\"Est. reading time\" \/>\n\t<meta name=\"twitter:data1\" content=\"32 minutes\" \/>\n<!-- \/ Yoast SEO plugin. -->","yoast_head_json":{"title":"Editor de HUD do Hand2Note Parte 3: Criando um HUD Posicional","description":"Aprenda a tornar seu HUD mais compacto e relevante aplicando propriedades posicionais no Hand2Note. Melhore a ergonomia e a efici\u00eancia do jogo.","robots":{"index":"index","follow":"follow","max-snippet":"max-snippet:-1","max-image-preview":"max-image-preview:large","max-video-preview":"max-video-preview:-1"},"canonical":"https:\/\/hand2noteguide.com\/user-manual\/hud-editor-creating-a-positional-hud\/","og_locale":"pt_PT","og_type":"article","og_title":"Editor de HUD do Hand2Note Parte 3: Criando um HUD Posicional","og_description":"Aprenda a tornar seu HUD mais compacto e relevante aplicando propriedades posicionais no Hand2Note. Melhore a ergonomia e a efici\u00eancia do jogo.","og_url":"https:\/\/hand2noteguide.com\/user-manual\/hud-editor-creating-a-positional-hud\/","og_site_name":"Hand2Note Guide","article_modified_time":"2026-03-10T08:36:18+00:00","og_image":[{"width":1920,"height":1080,"url":"https:\/\/hand2noteguide.com\/wp-content\/uploads\/2025\/06\/\u0411\u0435\u0437-\u0438\u043c\u0435\u043d\u0438-1-3-2.jpg","type":"image\/jpeg"}],"twitter_card":"summary_large_image","twitter_misc":{"Est. reading time":"32 minutes"},"schema":{"@context":"https:\/\/schema.org","@graph":[]}},"jetpack_sharing_enabled":true,"_links":{"self":[{"href":"https:\/\/hand2noteguide.com\/pt\/wp-json\/wp\/v2\/pages\/13653","targetHints":{"allow":["GET"]}}],"collection":[{"href":"https:\/\/hand2noteguide.com\/pt\/wp-json\/wp\/v2\/pages"}],"about":[{"href":"https:\/\/hand2noteguide.com\/pt\/wp-json\/wp\/v2\/types\/page"}],"author":[{"embeddable":true,"href":"https:\/\/hand2noteguide.com\/pt\/wp-json\/wp\/v2\/users\/3"}],"replies":[{"embeddable":true,"href":"https:\/\/hand2noteguide.com\/pt\/wp-json\/wp\/v2\/comments?post=13653"}],"version-history":[{"count":70,"href":"https:\/\/hand2noteguide.com\/pt\/wp-json\/wp\/v2\/pages\/13653\/revisions"}],"predecessor-version":[{"id":15637,"href":"https:\/\/hand2noteguide.com\/pt\/wp-json\/wp\/v2\/pages\/13653\/revisions\/15637"}],"up":[{"embeddable":true,"href":"https:\/\/hand2noteguide.com\/pt\/wp-json\/wp\/v2\/pages\/9199"}],"wp:featuredmedia":[{"embeddable":true,"href":"https:\/\/hand2noteguide.com\/pt\/wp-json\/wp\/v2\/media\/13656"}],"wp:attachment":[{"href":"https:\/\/hand2noteguide.com\/pt\/wp-json\/wp\/v2\/media?parent=13653"}],"curies":[{"name":"wp","href":"https:\/\/api.w.org\/{rel}","templated":true}]}}