{"id":137,"date":"2018-07-31T23:12:53","date_gmt":"2018-07-31T20:12:53","guid":{"rendered":"https:\/\/h2n312.wordpress.com\/?page_id=137"},"modified":"2025-06-04T19:16:00","modified_gmt":"2025-06-04T16:16:00","slug":"connecting-to-server","status":"publish","type":"page","link":"https:\/\/hand2noteguide.com\/pt\/issues-resolving\/connecting-to-server\/","title":{"rendered":"Hand2Note trava em &#8220;Conectando ao servidor&#8221;"},"content":{"rendered":"\n<figure class=\"wp-block-image\"><img loading=\"lazy\" decoding=\"async\" width=\"347\" height=\"474\" src=\"https:\/\/hand2noteguide.com\/wp-content\/uploads\/2018\/07\/11111111111111111111.png\" alt=\"Connecting to server\" class=\"wp-image-138\" srcset=\"https:\/\/hand2noteguide.com\/wp-content\/uploads\/2018\/07\/11111111111111111111.png 347w, https:\/\/hand2noteguide.com\/wp-content\/uploads\/2018\/07\/11111111111111111111-220x300.png 220w\" sizes=\"auto, (max-width: 347px) 100vw, 347px\" \/><\/figure>\n\n\n\n<div class=\"red-block\">\n<p><strong>\ud83d\udc49 Atualiza\u00e7\u00e3o 2 Jun 2025:<\/strong> Se voc\u00ea encontrar este problema, provavelmente estava usando uma vers\u00e3o gratuita do Hand2Note. A partir de 29 de maio de 2025, <a href=\"https:\/\/hand2noteguide.com\/pt\/hand2note-3-free-version-is-gone-what-now\/\"><strong>a vers\u00e3o gratuita do Hand2Note n\u00e3o est\u00e1 mais dispon\u00edvel \ud83e\udd7a<\/strong><\/a>. Voc\u00ea precisa comprar uma assinatura para continuar usando o Hand2Note.<\/p>\n\n<p>Desculpe por decepcion\u00e1-lo, mas esta foi uma decis\u00e3o oficial do Hand2Note, e est\u00e1 al\u00e9m do nosso controle. Somos o revendedor n\u00famero 1 do Hand2Note e tudo o que podemos fazer \u00e9 oferecer a voc\u00ea o melhor neg\u00f3cio para adquirir o software.<\/p>\n\n<p>1\ufe0f\u20e3 Ent\u00e3o, se voc\u00ea decidir continuar com o Hand2Note, pode comprar uma assinatura do <strong><a href=\"https:\/\/hand2note3.hand2note.com\/?aid=c0\" target=\"_blank\" rel=\"noopener\">Hand2Note 3<\/a><\/strong> ou do <strong><a href=\"https:\/\/hand2note.com?rid=2250\" target=\"_blank\" rel=\"noopener\">Hand2Note 4<\/a><\/strong> com o nosso <a href=\"https:\/\/hand2noteguide.com\/pt\/promo\/\"><strong>c\u00f3digo promocional GUIDE10<\/strong><\/a>. Voc\u00ea receber\u00e1 <strong>um desconto instant\u00e2neo de 10% e b\u00f4nus extras<\/strong> \u2013 HUD gratuito e curso em v\u00eddeo<strong>.<\/strong><\/p>\n\n<p>2\ufe0f\u20e3 Voc\u00ea ainda pode <a href=\"https:\/\/hand2noteguide.com\/pt\/coinpoker-hand2note\/\">obter o Hand2Note PRO gratuitamente<\/a> se gerar $300 de rake mensalmente no Coinpoker.<\/p>\n\n<p>3\ufe0f\u20e3 Se voc\u00ea decidir <strong>parar de usar o Hand2Note<\/strong>, entendemos totalmente.<\/p>\n\n<p style=\"margin-bottom:0\">Obrigado.<\/p>\n<\/div>\n\n\n\n<p>Esta situa\u00e7\u00e3o pode ocorrer ao atualizar m\u00f3dulos no servidor. Primeiro de tudo, tente n\u00e3o fechar a janela e espere 15 minutos.<\/p>\n\n\n\n<p>Se o problema persistir, fa\u00e7a o seguinte:<\/p>\n\n\n\n<ol class=\"wp-block-list\">\n<li>Verifique sua conex\u00e3o com a internet<\/li>\n\n\n\n<li>Instale todas as atualiza\u00e7\u00f5es mais recentes do Windows<\/li>\n\n\n\n<li>Desative o antiv\u00edrus<\/li>\n\n\n\n<li>Reinicie o roteador<\/li>\n\n\n\n<li>Certifique-se de executar o Hand2Note como administrador<\/li>\n<\/ol>\n\n\n\n<p>Se isso n\u00e3o ajudar, voc\u00ea pode estar usando uma vers\u00e3o antiga do programa. Tente <a href=\"https:\/\/hand2noteguide.com\/pt\/issues-resolving\/reinstall\/\">reinstalar o Hand2Note<\/a> usando o instalador mais recente do site oficial.<\/p>\n\n\n\n<p>Se o Hand2Note continuar mostrando a mesma mensagem, entre em contato com o <a href=\"https:\/\/hand2noteguide.com\/pt\/hand2note-official-support\/\">servi\u00e7o de suporte<\/a>.<\/p>\n","protected":false},"excerpt":{"rendered":"<p>\ud83d\udc49 Atualiza\u00e7\u00e3o 2 Jun 2025: Se voc\u00ea encontrar este problema, provavelmente estava usando uma vers\u00e3o gratuita do Hand2Note. A partir de 29 de maio de 2025, a vers\u00e3o gratuita do Hand2Note n\u00e3o est\u00e1 mais dispon\u00edvel \ud83e\udd7a. Voc\u00ea precisa comprar uma assinatura para continuar usando o Hand2Note. Desculpe por decepcion\u00e1-lo, mas esta foi uma decis\u00e3o oficial &hellip; <a href=\"https:\/\/hand2noteguide.com\/pt\/issues-resolving\/connecting-to-server\/\" class=\"more-link\">Continue reading <span class=\"screen-reader-text\">Hand2Note trava em &#8220;Conectando ao servidor&#8221;<\/span><\/a><\/p>\n","protected":false},"author":1,"featured_media":0,"parent":236,"menu_order":1,"comment_status":"closed","ping_status":"closed","template":"page-templates\/full-width-page.php","meta":{"footnotes":""},"class_list":["post-137","page","type-page","status-publish","hentry"],"translation":{"provider":"WPGlobus","version":"3.0.2","language":"pt","enabled_languages":["en","ru","pt","zh","es","fr","de","it","ja"],"languages":{"en":{"title":true,"content":true,"excerpt":false},"ru":{"title":true,"content":true,"excerpt":false},"pt":{"title":true,"content":true,"excerpt":false},"zh":{"title":true,"content":true,"excerpt":false},"es":{"title":true,"content":true,"excerpt":false},"fr":{"title":true,"content":true,"excerpt":false},"de":{"title":true,"content":true,"excerpt":false},"it":{"title":true,"content":true,"excerpt":false},"ja":{"title":true,"content":true,"excerpt":false}}},"yoast_head":"<!-- This site is optimized with the Yoast SEO plugin v27.0 - https:\/\/yoast.com\/product\/yoast-seo-wordpress\/ -->\n<title>Hand2Note trava em &quot;Conectando ao servidor&quot;<\/title>\n<meta name=\"description\" content=\"Aprenda a resolver o problema quando o Hand2Note trava em &quot;Conectando ao servidor&quot;. Siga nosso guia passo a passo para solucionar e corrigir o problema.\" \/>\n<meta name=\"robots\" content=\"index, follow, max-snippet:-1, max-image-preview:large, max-video-preview:-1\" \/>\n<link rel=\"canonical\" href=\"https:\/\/hand2noteguide.com\/issues-resolving\/connecting-to-server\/\" \/>\n<meta property=\"og:locale\" content=\"pt_PT\" \/>\n<meta property=\"og:type\" content=\"article\" \/>\n<meta property=\"og:title\" content=\"Hand2Note trava em &quot;Conectando ao servidor&quot;\" \/>\n<meta property=\"og:description\" content=\"Aprenda a resolver o problema quando o Hand2Note trava em &quot;Conectando ao servidor&quot;. Siga nosso guia passo a passo para solucionar e corrigir o problema.\" \/>\n<meta property=\"og:url\" content=\"https:\/\/hand2noteguide.com\/issues-resolving\/connecting-to-server\/\" \/>\n<meta property=\"og:site_name\" content=\"Hand2Note Guide\" \/>\n<meta property=\"article:modified_time\" content=\"2025-06-04T16:16:00+00:00\" \/>\n<meta property=\"og:image\" content=\"https:\/\/hand2noteguide.com\/wp-content\/uploads\/2018\/07\/11111111111111111111.png\" \/>\n<meta name=\"twitter:card\" content=\"summary_large_image\" \/>\n<meta name=\"twitter:label1\" content=\"Est. reading time\" \/>\n\t<meta name=\"twitter:data1\" content=\"8 minutes\" \/>\n<!-- \/ Yoast SEO plugin. -->","yoast_head_json":{"title":"Hand2Note trava em \"Conectando ao servidor\"","description":"Aprenda a resolver o problema quando o Hand2Note trava em \"Conectando ao servidor\". Siga nosso guia passo a passo para solucionar e corrigir o problema.","robots":{"index":"index","follow":"follow","max-snippet":"max-snippet:-1","max-image-preview":"max-image-preview:large","max-video-preview":"max-video-preview:-1"},"canonical":"https:\/\/hand2noteguide.com\/issues-resolving\/connecting-to-server\/","og_locale":"pt_PT","og_type":"article","og_title":"Hand2Note trava em \"Conectando ao servidor\"","og_description":"Aprenda a resolver o problema quando o Hand2Note trava em \"Conectando ao servidor\". Siga nosso guia passo a passo para solucionar e corrigir o problema.","og_url":"https:\/\/hand2noteguide.com\/issues-resolving\/connecting-to-server\/","og_site_name":"Hand2Note Guide","article_modified_time":"2025-06-04T16:16:00+00:00","og_image":[{"url":"https:\/\/hand2noteguide.com\/wp-content\/uploads\/2018\/07\/11111111111111111111.png","type":"","width":"","height":""}],"twitter_card":"summary_large_image","twitter_misc":{"Est. reading time":"8 minutes"},"schema":{"@context":"https:\/\/schema.org","@graph":[]}},"jetpack_sharing_enabled":false,"_links":{"self":[{"href":"https:\/\/hand2noteguide.com\/pt\/wp-json\/wp\/v2\/pages\/137","targetHints":{"allow":["GET"]}}],"collection":[{"href":"https:\/\/hand2noteguide.com\/pt\/wp-json\/wp\/v2\/pages"}],"about":[{"href":"https:\/\/hand2noteguide.com\/pt\/wp-json\/wp\/v2\/types\/page"}],"author":[{"embeddable":true,"href":"https:\/\/hand2noteguide.com\/pt\/wp-json\/wp\/v2\/users\/1"}],"replies":[{"embeddable":true,"href":"https:\/\/hand2noteguide.com\/pt\/wp-json\/wp\/v2\/comments?post=137"}],"version-history":[{"count":55,"href":"https:\/\/hand2noteguide.com\/pt\/wp-json\/wp\/v2\/pages\/137\/revisions"}],"predecessor-version":[{"id":13555,"href":"https:\/\/hand2noteguide.com\/pt\/wp-json\/wp\/v2\/pages\/137\/revisions\/13555"}],"up":[{"embeddable":true,"href":"https:\/\/hand2noteguide.com\/pt\/wp-json\/wp\/v2\/pages\/236"}],"wp:attachment":[{"href":"https:\/\/hand2noteguide.com\/pt\/wp-json\/wp\/v2\/media?parent=137"}],"curies":[{"name":"wp","href":"https:\/\/api.w.org\/{rel}","templated":true}]}}