{"id":13718,"date":"2025-06-19T09:37:34","date_gmt":"2025-06-19T06:37:34","guid":{"rendered":"https:\/\/hand2noteguide.com\/?page_id=13718"},"modified":"2026-03-10T11:37:03","modified_gmt":"2026-03-10T08:37:03","slug":"hud-editor-creating-a-dynamic-hud","status":"publish","type":"page","link":"https:\/\/hand2noteguide.com\/pt\/user-manual\/hud-editor-creating-a-dynamic-hud\/","title":{"rendered":"Editor de HUD Parte 4: Criando um HUD Din\u00e2mico"},"content":{"rendered":"\n<p>O Hand2Note permite aplicar condi\u00e7\u00f5es de exibi\u00e7\u00e3o adaptativas e din\u00e2micas \u00e0s c\u00e9lulas ou pain\u00e9is do HUD. Isso ajuda a economizar espa\u00e7o nas mesas e adapta a exibi\u00e7\u00e3o das informa\u00e7\u00f5es, mostrando-as quando s\u00e3o mais relevantes.<\/p>\n\n\n\n<p>Nos artigos anteriores, <a href=\"https:\/\/hand2noteguide.com\/pt\/user-manual\/hud-editor-creating-a-static-hud\/\">Editor de HUD: Criando um HUD Est\u00e1tico<\/a> e <a href=\"https:\/\/hand2noteguide.com\/pt\/user-manual\/hud-editor-creating-a-positional-hud\/\">Editor de HUD: Criando um HUD Posicional<\/a>, mostramos como criar um HUD est\u00e1tico e como aplicar condi\u00e7\u00f5es de exibi\u00e7\u00e3o posicionais \u00e0s suas c\u00e9lulas ou pain\u00e9is. Neste artigo, continuaremos editando o HUD aplicando propriedades de exibi\u00e7\u00e3o din\u00e2micas \u00e0s suas c\u00e9lulas.<\/p>\n\n\n\n<h2 class=\"wp-block-heading\">Plano para Criar um HUD Din\u00e2mico<\/h2>\n\n\n\n<p>Nos dois artigos anteriores, criamos um HUD onde o conjunto de estat\u00edsticas se parece com isto:<\/p>\n\n\n\n<figure class=\"wp-block-image size-large\"><img loading=\"lazy\" decoding=\"async\" width=\"1024\" height=\"576\" src=\"http:\/\/hand2noteguide.com\/wp-content\/uploads\/2025\/06\/\u0411\u0435\u0437-\u0438\u043c\u0435\u043d\u0438-17-2-1024x576.jpg\" alt=\"\" class=\"wp-image-13713\" srcset=\"https:\/\/hand2noteguide.com\/wp-content\/uploads\/2025\/06\/\u0411\u0435\u0437-\u0438\u043c\u0435\u043d\u0438-17-2-1024x576.jpg 1024w, https:\/\/hand2noteguide.com\/wp-content\/uploads\/2025\/06\/\u0411\u0435\u0437-\u0438\u043c\u0435\u043d\u0438-17-2-300x169.jpg 300w, https:\/\/hand2noteguide.com\/wp-content\/uploads\/2025\/06\/\u0411\u0435\u0437-\u0438\u043c\u0435\u043d\u0438-17-2-768x432.jpg 768w, https:\/\/hand2noteguide.com\/wp-content\/uploads\/2025\/06\/\u0411\u0435\u0437-\u0438\u043c\u0435\u043d\u0438-17-2-1536x864.jpg 1536w, https:\/\/hand2noteguide.com\/wp-content\/uploads\/2025\/06\/\u0411\u0435\u0437-\u0438\u043c\u0435\u043d\u0438-17-2-772x434.jpg 772w, https:\/\/hand2noteguide.com\/wp-content\/uploads\/2025\/06\/\u0411\u0435\u0437-\u0438\u043c\u0435\u043d\u0438-17-2-624x351.jpg 624w, https:\/\/hand2noteguide.com\/wp-content\/uploads\/2025\/06\/\u0411\u0435\u0437-\u0438\u043c\u0435\u043d\u0438-17-2.jpg 1920w\" sizes=\"auto, (max-width: 1024px) 100vw, 1024px\" \/><\/figure>\n\n\n\n<ul class=\"wp-block-list\">\n<li>A primeira linha do HUD, estat\u00edsticas em ordem da esquerda para a direita: &#8220;VPIP&#8221;, &#8220;PFR&#8221;, &#8220;Fold to 3Bet&#8221;, &#8220;3Bet&#8221;, &#8220;Fold to 4Bet&#8221;, &#8220;4Bet Range&#8221;;<\/li>\n\n\n\n<li>A segunda linha do HUD, estat\u00edsticas em ordem da esquerda para a direita: &#8220;WTSD%&#8221;, &#8220;WWSF%&#8221;, &#8220;WonSD%&#8221;, &#8220;Frequ\u00eancia de Agress\u00e3o no Flop%&#8221;, &#8220;Frequ\u00eancia de Agress\u00e3o no Turn%&#8221;, &#8220;Frequ\u00eancia de Agress\u00e3o no River%&#8221;;<\/li>\n\n\n\n<li>A terceira linha usa condi\u00e7\u00f5es de exibi\u00e7\u00e3o posicionais e mostra as estat\u00edsticas &#8220;RFI UTG&#8221;, &#8220;RFI EP&#8221;, &#8220;RFI MP&#8221;, &#8220;RFI CO&#8221;, &#8220;RFI BTN&#8221;, &#8220;RFI SB&#8221;, &#8220;Fold to 3Bet IP p\u00f3s-flop&#8221;, &#8220;Fold to 3Bet OOP p\u00f3s-flop&#8221; de acordo com as posi\u00e7\u00f5es dos jogadores na mesa;<\/li>\n\n\n\n<li>A quarta linha do HUD, estat\u00edsticas em ordem da esquerda para a direita: n\u00famero total de m\u00e3os (&#8220;M\u00e3os&#8221;), &#8220;Winrate bb\/100&#8221;.<\/li>\n<\/ul>\n\n\n\n<p>Neste artigo, aplicaremos uma condi\u00e7\u00e3o de exibi\u00e7\u00e3o din\u00e2mica \u00e0s c\u00e9lulas da terceira linha (&#8220;RFI UTG&#8221;, &#8220;RFI EP&#8221;, &#8220;RFI MP&#8221;, &#8220;RFI CO&#8221;, &#8220;RFI BTN&#8221;, &#8220;RFI SB&#8221;, &#8220;Fold to 3Bet IP p\u00f3s-flop&#8221;, &#8220;Fold to 3Bet OOP p\u00f3s-flop&#8221;): elas aparecer\u00e3o apenas quando o jogador fizer um open raise.<\/p>\n\n\n\n<h2 class=\"wp-block-heading\">Aplicando Condi\u00e7\u00f5es de Exibi\u00e7\u00e3o Din\u00e2micas<\/h2>\n\n\n\n<p>Atualmente, as janelas do HUD cumprem condi\u00e7\u00f5es de exibi\u00e7\u00e3o gerais e posicionais. Para definir par\u00e2metros de exibi\u00e7\u00e3o din\u00e2mica para uma c\u00e9lula, v\u00e1 para o &#8220;HUD Editor&#8221; e selecione-a usando o bot\u00e3o esquerdo do mouse (1).<\/p>\n\n\n\n<figure class=\"wp-block-image size-large\"><img loading=\"lazy\" decoding=\"async\" width=\"1024\" height=\"576\" src=\"http:\/\/hand2noteguide.com\/wp-content\/uploads\/2025\/06\/\u0411\u0435\u0437-\u0438\u043c\u0435\u043d\u0438-1-6-1024x576.jpg\" alt=\"\" class=\"wp-image-13734\" srcset=\"https:\/\/hand2noteguide.com\/wp-content\/uploads\/2025\/06\/\u0411\u0435\u0437-\u0438\u043c\u0435\u043d\u0438-1-6-1024x576.jpg 1024w, https:\/\/hand2noteguide.com\/wp-content\/uploads\/2025\/06\/\u0411\u0435\u0437-\u0438\u043c\u0435\u043d\u0438-1-6-300x169.jpg 300w, https:\/\/hand2noteguide.com\/wp-content\/uploads\/2025\/06\/\u0411\u0435\u0437-\u0438\u043c\u0435\u043d\u0438-1-6-768x432.jpg 768w, https:\/\/hand2noteguide.com\/wp-content\/uploads\/2025\/06\/\u0411\u0435\u0437-\u0438\u043c\u0435\u043d\u0438-1-6-1536x864.jpg 1536w, https:\/\/hand2noteguide.com\/wp-content\/uploads\/2025\/06\/\u0411\u0435\u0437-\u0438\u043c\u0435\u043d\u0438-1-6-772x434.jpg 772w, https:\/\/hand2noteguide.com\/wp-content\/uploads\/2025\/06\/\u0411\u0435\u0437-\u0438\u043c\u0435\u043d\u0438-1-6-624x351.jpg 624w, https:\/\/hand2noteguide.com\/wp-content\/uploads\/2025\/06\/\u0411\u0435\u0437-\u0438\u043c\u0435\u043d\u0438-1-6.jpg 1920w\" sizes=\"auto, (max-width: 1024px) 100vw, 1024px\" \/><\/figure>\n\n\n\n<p>Em seguida, no menu de par\u00e2metros adicionais \u00e0 direita, selecione &#8220;Open Raise&#8221; no menu suspenso ao lado do par\u00e2metro &#8220;Did specific action&#8221; (2). Repita esta a\u00e7\u00e3o para todas as c\u00e9lulas necess\u00e1rias.<\/p>\n\n\n\n<p>Ap\u00f3s concluir as configura\u00e7\u00f5es, voc\u00ea pode visualizar o resultado no replayer usando &#8220;Preview&#8221;.<\/p>\n\n\n\n<p>A captura de tela abaixo mostra a visualiza\u00e7\u00e3o do HUD quando nenhum dos jogadores fez um open raise. Como voc\u00ea pode ver, a terceira linha est\u00e1 completamente ausente.<\/p>\n\n\n\n<figure class=\"wp-block-image size-full\"><img loading=\"lazy\" decoding=\"async\" width=\"976\" height=\"690\" src=\"http:\/\/hand2noteguide.com\/wp-content\/uploads\/2025\/06\/\u0411\u0435\u0437-\u0438\u043c\u0435\u043d\u0438-2-3.jpg\" alt=\"\" class=\"wp-image-13735\" srcset=\"https:\/\/hand2noteguide.com\/wp-content\/uploads\/2025\/06\/\u0411\u0435\u0437-\u0438\u043c\u0435\u043d\u0438-2-3.jpg 976w, https:\/\/hand2noteguide.com\/wp-content\/uploads\/2025\/06\/\u0411\u0435\u0437-\u0438\u043c\u0435\u043d\u0438-2-3-300x212.jpg 300w, https:\/\/hand2noteguide.com\/wp-content\/uploads\/2025\/06\/\u0411\u0435\u0437-\u0438\u043c\u0435\u043d\u0438-2-3-768x543.jpg 768w, https:\/\/hand2noteguide.com\/wp-content\/uploads\/2025\/06\/\u0411\u0435\u0437-\u0438\u043c\u0435\u043d\u0438-2-3-772x546.jpg 772w, https:\/\/hand2noteguide.com\/wp-content\/uploads\/2025\/06\/\u0411\u0435\u0437-\u0438\u043c\u0435\u043d\u0438-2-3-624x441.jpg 624w\" sizes=\"auto, (max-width: 976px) 100vw, 976px\" \/><\/figure>\n\n\n\n<p>No entanto, assim que um jogador faz um open raise, as estat\u00edsticas aparecem no HUD dele de acordo com os par\u00e2metros definidos.<\/p>\n\n\n\n<figure class=\"wp-block-image size-full\"><img loading=\"lazy\" decoding=\"async\" width=\"976\" height=\"690\" src=\"http:\/\/hand2noteguide.com\/wp-content\/uploads\/2025\/06\/\u0411\u0435\u0437-\u0438\u043c\u0435\u043d\u0438-3-2.jpg\" alt=\"\" class=\"wp-image-13736\" srcset=\"https:\/\/hand2noteguide.com\/wp-content\/uploads\/2025\/06\/\u0411\u0435\u0437-\u0438\u043c\u0435\u043d\u0438-3-2.jpg 976w, https:\/\/hand2noteguide.com\/wp-content\/uploads\/2025\/06\/\u0411\u0435\u0437-\u0438\u043c\u0435\u043d\u0438-3-2-300x212.jpg 300w, https:\/\/hand2noteguide.com\/wp-content\/uploads\/2025\/06\/\u0411\u0435\u0437-\u0438\u043c\u0435\u043d\u0438-3-2-768x543.jpg 768w, https:\/\/hand2noteguide.com\/wp-content\/uploads\/2025\/06\/\u0411\u0435\u0437-\u0438\u043c\u0435\u043d\u0438-3-2-772x546.jpg 772w, https:\/\/hand2noteguide.com\/wp-content\/uploads\/2025\/06\/\u0411\u0435\u0437-\u0438\u043c\u0435\u043d\u0438-3-2-624x441.jpg 624w\" sizes=\"auto, (max-width: 976px) 100vw, 976px\" \/><\/figure>\n\n\n\n<p>Agora, na terceira linha, n\u00e3o mais do que duas estat\u00edsticas s\u00e3o vis\u00edveis e apenas no HUD do jogador que fez o open raise. A primeira estat\u00edstica \u00e0 esquerda exibe o RFI de acordo com a posi\u00e7\u00e3o que o jogador ocupa. A segunda estat\u00edstica mostra o Fold to 3Bet, de acordo com a posi\u00e7\u00e3o que o jogador pode ocupar no flop, turn ou river contra o her\u00f3i (em posi\u00e7\u00e3o &#8211; IP, ou fora de posi\u00e7\u00e3o &#8211; OOP).<\/p>\n\n\n\n<p>Como usamos propriedades de exibi\u00e7\u00e3o gerais, posicionais e din\u00e2micas para as c\u00e9lulas ou pain\u00e9is do HUD, nosso HUD \u00e9 din\u00e2mico.<\/p>\n\n\n\n<p><em>Algumas salas de poker bloqueiam o funcionamento do HUD se ele usar condi\u00e7\u00f5es de exibi\u00e7\u00e3o din\u00e2micas ou posicionais. No momento da escrita, estas s\u00e3o: <a href=\"https:\/\/hand2noteguide.com\/pt\/pokerstars-hud\/\">PokerStars<\/a>, IPoker, Winamax. Recomendamos verificar esse detalhe com o <a href=\"https:\/\/hand2noteguide.com\/pt\/hand2note-official-support\/\">suporte do Hand2Note<\/a> antes de editar o HUD.<\/em><\/p>\n\n\n\n<h2 class=\"wp-block-heading\">Conclus\u00e3o<\/h2>\n\n\n\n<p>Assim, voc\u00ea pode criar ou editar qualquer HUD din\u00e2mico para seu conforto ou necessidades de jogo. Isso permitir\u00e1 que voc\u00ea economize mais espa\u00e7o nas mesas e adapte a exibi\u00e7\u00e3o das informa\u00e7\u00f5es ao momento em que s\u00e3o relevantes.<\/p>\n","protected":false},"excerpt":{"rendered":"<p>O Hand2Note permite aplicar condi\u00e7\u00f5es de exibi\u00e7\u00e3o adaptativas e din\u00e2micas \u00e0s c\u00e9lulas ou pain\u00e9is do HUD. Isso ajuda a economizar espa\u00e7o nas mesas e adapta a exibi\u00e7\u00e3o das informa\u00e7\u00f5es, mostrando-as quando s\u00e3o mais relevantes. Nos artigos anteriores, Editor de HUD: Criando um HUD Est\u00e1tico e Editor de HUD: Criando um HUD Posicional, mostramos como criar &hellip; <a href=\"https:\/\/hand2noteguide.com\/pt\/user-manual\/hud-editor-creating-a-dynamic-hud\/\" class=\"more-link\">Continue reading <span class=\"screen-reader-text\">Editor de HUD Parte 4: Criando um HUD Din\u00e2mico<\/span><\/a><\/p>\n","protected":false},"author":3,"featured_media":13720,"parent":9199,"menu_order":0,"comment_status":"closed","ping_status":"closed","template":"","meta":{"footnotes":""},"class_list":["post-13718","page","type-page","status-publish","has-post-thumbnail","hentry"],"translation":{"provider":"WPGlobus","version":"3.0.2","language":"pt","enabled_languages":["en","ru","pt","zh","es","fr","de","it","ja"],"languages":{"en":{"title":true,"content":true,"excerpt":false},"ru":{"title":true,"content":true,"excerpt":false},"pt":{"title":true,"content":true,"excerpt":false},"zh":{"title":true,"content":true,"excerpt":false},"es":{"title":true,"content":true,"excerpt":false},"fr":{"title":true,"content":true,"excerpt":false},"de":{"title":true,"content":true,"excerpt":false},"it":{"title":true,"content":true,"excerpt":false},"ja":{"title":true,"content":true,"excerpt":false}}},"yoast_head":"<!-- This site is optimized with the Yoast SEO plugin v27.0 - https:\/\/yoast.com\/product\/yoast-seo-wordpress\/ -->\n<title>Editor de HUD do Hand2Note Parte 4: Criando um HUD Din\u00e2mico<\/title>\n<meta name=\"description\" content=\"Aprenda a criar um HUD din\u00e2mico no Hand2Note aplicando condi\u00e7\u00f5es de exibi\u00e7\u00e3o adaptativas para economizar espa\u00e7o e garantir a relev\u00e2ncia das informa\u00e7\u00f5es.\" \/>\n<meta name=\"robots\" content=\"index, follow, max-snippet:-1, max-image-preview:large, max-video-preview:-1\" \/>\n<link rel=\"canonical\" href=\"https:\/\/hand2noteguide.com\/user-manual\/hud-editor-creating-a-dynamic-hud\/\" \/>\n<meta property=\"og:locale\" content=\"pt_PT\" \/>\n<meta property=\"og:type\" content=\"article\" \/>\n<meta property=\"og:title\" content=\"Editor de HUD do Hand2Note Parte 4: Criando um HUD Din\u00e2mico\" \/>\n<meta property=\"og:description\" content=\"Aprenda a criar um HUD din\u00e2mico no Hand2Note aplicando condi\u00e7\u00f5es de exibi\u00e7\u00e3o adaptativas para economizar espa\u00e7o e garantir a relev\u00e2ncia das informa\u00e7\u00f5es.\" \/>\n<meta property=\"og:url\" content=\"https:\/\/hand2noteguide.com\/user-manual\/hud-editor-creating-a-dynamic-hud\/\" \/>\n<meta property=\"og:site_name\" content=\"Hand2Note Guide\" \/>\n<meta property=\"article:modified_time\" content=\"2026-03-10T08:37:03+00:00\" \/>\n<meta property=\"og:image\" content=\"https:\/\/hand2noteguide.com\/wp-content\/uploads\/2025\/06\/\u0411\u0435\u0437-\u0438\u043c\u0435\u043d\u0438-1-3-3.jpg\" \/>\n\t<meta property=\"og:image:width\" content=\"1920\" \/>\n\t<meta property=\"og:image:height\" content=\"1080\" \/>\n\t<meta property=\"og:image:type\" content=\"image\/jpeg\" \/>\n<meta name=\"twitter:card\" content=\"summary_large_image\" \/>\n<meta name=\"twitter:label1\" content=\"Est. reading time\" \/>\n\t<meta name=\"twitter:data1\" content=\"20 minutes\" \/>\n<!-- \/ Yoast SEO plugin. -->","yoast_head_json":{"title":"Editor de HUD do Hand2Note Parte 4: Criando um HUD Din\u00e2mico","description":"Aprenda a criar um HUD din\u00e2mico no Hand2Note aplicando condi\u00e7\u00f5es de exibi\u00e7\u00e3o adaptativas para economizar espa\u00e7o e garantir a relev\u00e2ncia das informa\u00e7\u00f5es.","robots":{"index":"index","follow":"follow","max-snippet":"max-snippet:-1","max-image-preview":"max-image-preview:large","max-video-preview":"max-video-preview:-1"},"canonical":"https:\/\/hand2noteguide.com\/user-manual\/hud-editor-creating-a-dynamic-hud\/","og_locale":"pt_PT","og_type":"article","og_title":"Editor de HUD do Hand2Note Parte 4: Criando um HUD Din\u00e2mico","og_description":"Aprenda a criar um HUD din\u00e2mico no Hand2Note aplicando condi\u00e7\u00f5es de exibi\u00e7\u00e3o adaptativas para economizar espa\u00e7o e garantir a relev\u00e2ncia das informa\u00e7\u00f5es.","og_url":"https:\/\/hand2noteguide.com\/user-manual\/hud-editor-creating-a-dynamic-hud\/","og_site_name":"Hand2Note Guide","article_modified_time":"2026-03-10T08:37:03+00:00","og_image":[{"width":1920,"height":1080,"url":"https:\/\/hand2noteguide.com\/wp-content\/uploads\/2025\/06\/\u0411\u0435\u0437-\u0438\u043c\u0435\u043d\u0438-1-3-3.jpg","type":"image\/jpeg"}],"twitter_card":"summary_large_image","twitter_misc":{"Est. reading time":"20 minutes"},"schema":{"@context":"https:\/\/schema.org","@graph":[]}},"jetpack_sharing_enabled":true,"_links":{"self":[{"href":"https:\/\/hand2noteguide.com\/pt\/wp-json\/wp\/v2\/pages\/13718","targetHints":{"allow":["GET"]}}],"collection":[{"href":"https:\/\/hand2noteguide.com\/pt\/wp-json\/wp\/v2\/pages"}],"about":[{"href":"https:\/\/hand2noteguide.com\/pt\/wp-json\/wp\/v2\/types\/page"}],"author":[{"embeddable":true,"href":"https:\/\/hand2noteguide.com\/pt\/wp-json\/wp\/v2\/users\/3"}],"replies":[{"embeddable":true,"href":"https:\/\/hand2noteguide.com\/pt\/wp-json\/wp\/v2\/comments?post=13718"}],"version-history":[{"count":50,"href":"https:\/\/hand2noteguide.com\/pt\/wp-json\/wp\/v2\/pages\/13718\/revisions"}],"predecessor-version":[{"id":15638,"href":"https:\/\/hand2noteguide.com\/pt\/wp-json\/wp\/v2\/pages\/13718\/revisions\/15638"}],"up":[{"embeddable":true,"href":"https:\/\/hand2noteguide.com\/pt\/wp-json\/wp\/v2\/pages\/9199"}],"wp:featuredmedia":[{"embeddable":true,"href":"https:\/\/hand2noteguide.com\/pt\/wp-json\/wp\/v2\/media\/13720"}],"wp:attachment":[{"href":"https:\/\/hand2noteguide.com\/pt\/wp-json\/wp\/v2\/media?parent=13718"}],"curies":[{"name":"wp","href":"https:\/\/api.w.org\/{rel}","templated":true}]}}