{"id":14100,"date":"2025-06-20T18:40:50","date_gmt":"2025-06-20T15:40:50","guid":{"rendered":"https:\/\/hand2noteguide.com\/?page_id=14100"},"modified":"2026-03-10T11:38:53","modified_gmt":"2026-03-10T08:38:53","slug":"bet-sizing-cetegories","status":"publish","type":"page","link":"https:\/\/hand2noteguide.com\/pt\/user-manual\/bet-sizing-cetegories\/","title":{"rendered":"Definindo categorias de tamanhos de aposta"},"content":{"rendered":"\n<p>O Hand2Note permite que voc\u00ea edite e crie categorias de tamanhos de aposta que s\u00e3o exibidas no <a href=\"https:\/\/hand2noteguide.com\/pt\/user-manual\/popup-on-stat\/\">popup avan\u00e7ado no stat<\/a>. Isso permite que voc\u00ea veja n\u00e3o apenas os valores estat\u00edsticos gerais, mas tamb\u00e9m os analise dependendo de diferentes tamanhos de aposta.<\/p>\n\n\n\n<p>As categorias de tamanhos de aposta s\u00e3o exibidas na janela popup no stat na aba &#8220;Bet Sizes&#8221;. Elas cont\u00eam esclarecimentos sobre os tamanhos de aposta considerados na a\u00e7\u00e3o avaliada pelo stat.<\/p>\n\n\n\n<p>Por exemplo, na janela popup no stat &#8220;Flop Cbet&#8221; (aposta de continua\u00e7\u00e3o no flop), a aba &#8220;Bet Sizes&#8221; cont\u00e9m as seguintes informa\u00e7\u00f5es:<\/p>\n\n\n\n<figure class=\"wp-block-image size-large\"><img loading=\"lazy\" decoding=\"async\" width=\"1024\" height=\"576\" src=\"http:\/\/hand2noteguide.com\/wp-content\/uploads\/2025\/06\/45645\u0438646456-1024x576.jpg\" alt=\"\" class=\"wp-image-14148\" srcset=\"https:\/\/hand2noteguide.com\/wp-content\/uploads\/2025\/06\/45645\u0438646456-1024x576.jpg 1024w, https:\/\/hand2noteguide.com\/wp-content\/uploads\/2025\/06\/45645\u0438646456-300x169.jpg 300w, https:\/\/hand2noteguide.com\/wp-content\/uploads\/2025\/06\/45645\u0438646456-768x432.jpg 768w, https:\/\/hand2noteguide.com\/wp-content\/uploads\/2025\/06\/45645\u0438646456-1536x864.jpg 1536w, https:\/\/hand2noteguide.com\/wp-content\/uploads\/2025\/06\/45645\u0438646456-772x434.jpg 772w, https:\/\/hand2noteguide.com\/wp-content\/uploads\/2025\/06\/45645\u0438646456-624x351.jpg 624w, https:\/\/hand2noteguide.com\/wp-content\/uploads\/2025\/06\/45645\u0438646456.jpg 1919w\" sizes=\"auto, (max-width: 1024px) 100vw, 1024px\" \/><\/figure>\n\n\n\n<ul class=\"wp-block-list\">\n<li>Na \u00e1rea (1), s\u00e3o exibidos os ranges dos tamanhos de cbet no flop do jogador, representados em cada linha.<\/li>\n\n\n\n<li>Na \u00e1rea (2), \u00e9 mostrada a frequ\u00eancia de uso de cbet no flop do jogador com diferentes tamanhos de aposta.<\/li>\n\n\n\n<li>Na \u00e1rea (3), \u00e9 apresentado um gr\u00e1fico da distribui\u00e7\u00e3o de for\u00e7a das m\u00e3os quando o jogador faz um cbet no flop dependendo dos tamanhos de aposta.<\/li>\n\n\n\n<li>Na \u00e1rea (4), \u00e9 mostrada a rea\u00e7\u00e3o do jogador \u00e0s a\u00e7\u00f5es dos oponentes ap\u00f3s seu cbet no flop com diferentes tamanhos de aposta.<\/li>\n<\/ul>\n\n\n\n<p>Neste artigo, exploraremos as ferramentas para editar e criar categorias de tamanhos de aposta, bem como examinaremos um exemplo de cria\u00e7\u00e3o de uma nova categoria.<\/p>\n\n\n\n<h2 class=\"wp-block-heading\">Configura\u00e7\u00f5es de categorias de tamanhos de aposta<\/h2>\n\n\n\n<p>Para abrir o menu de configura\u00e7\u00f5es de categorias de tamanhos de aposta na janela principal do Hand2Note, selecione &#8220;Configuration&#8221;(1), depois v\u00e1 para &#8220;Bet Sizing Categories&#8221;(2).<\/p>\n\n\n\n<figure class=\"wp-block-image size-large\"><img loading=\"lazy\" decoding=\"async\" width=\"1024\" height=\"576\" src=\"http:\/\/hand2noteguide.com\/wp-content\/uploads\/2025\/06\/\u0411\u0435\u0437-\u0438\u043c\u0435\u043d\u0438-2-4-1024x576.jpg\" alt=\"\" class=\"wp-image-14118\" srcset=\"https:\/\/hand2noteguide.com\/wp-content\/uploads\/2025\/06\/\u0411\u0435\u0437-\u0438\u043c\u0435\u043d\u0438-2-4-1024x576.jpg 1024w, https:\/\/hand2noteguide.com\/wp-content\/uploads\/2025\/06\/\u0411\u0435\u0437-\u0438\u043c\u0435\u043d\u0438-2-4-300x169.jpg 300w, https:\/\/hand2noteguide.com\/wp-content\/uploads\/2025\/06\/\u0411\u0435\u0437-\u0438\u043c\u0435\u043d\u0438-2-4-768x432.jpg 768w, https:\/\/hand2noteguide.com\/wp-content\/uploads\/2025\/06\/\u0411\u0435\u0437-\u0438\u043c\u0435\u043d\u0438-2-4-1536x864.jpg 1536w, https:\/\/hand2noteguide.com\/wp-content\/uploads\/2025\/06\/\u0411\u0435\u0437-\u0438\u043c\u0435\u043d\u0438-2-4-772x434.jpg 772w, https:\/\/hand2noteguide.com\/wp-content\/uploads\/2025\/06\/\u0411\u0435\u0437-\u0438\u043c\u0435\u043d\u0438-2-4-624x351.jpg 624w, https:\/\/hand2noteguide.com\/wp-content\/uploads\/2025\/06\/\u0411\u0435\u0437-\u0438\u043c\u0435\u043d\u0438-2-4.jpg 1920w\" sizes=\"auto, (max-width: 1024px) 100vw, 1024px\" \/><\/figure>\n\n\n\n<p>No menu de configura\u00e7\u00f5es de categorias de tamanhos de aposta, voc\u00ea pode:<\/p>\n\n\n\n<ol class=\"wp-block-list\" start=\"1\">\n<li>Criar uma nova categoria clicando em &#8220;+ Add Bet Sizing Categories&#8221; (3).<\/li>\n\n\n\n<li>Ver ou editar a lista de todas as categorias de tamanhos de aposta ativas na \u00e1rea (4).<\/li>\n\n\n\n<li>Redefinir as categorias de tamanhos de aposta para as configura\u00e7\u00f5es padr\u00e3o clicando em &#8220;Reset to default&#8221; (5).<\/li>\n<\/ol>\n\n\n\n<p>Descri\u00e7\u00e3o das colunas na lista de categorias de tamanhos de aposta ativas:<\/p>\n\n\n\n<figure class=\"wp-block-image size-large\"><img loading=\"lazy\" decoding=\"async\" width=\"1024\" height=\"661\" src=\"http:\/\/hand2noteguide.com\/wp-content\/uploads\/2025\/06\/\u0411\u0435\u0437-\u0438\u043c\u0435\u043d\u0438-3-3-1024x661.jpg\" alt=\"\" class=\"wp-image-14124\" srcset=\"https:\/\/hand2noteguide.com\/wp-content\/uploads\/2025\/06\/\u0411\u0435\u0437-\u0438\u043c\u0435\u043d\u0438-3-3-1024x661.jpg 1024w, https:\/\/hand2noteguide.com\/wp-content\/uploads\/2025\/06\/\u0411\u0435\u0437-\u0438\u043c\u0435\u043d\u0438-3-3-300x194.jpg 300w, https:\/\/hand2noteguide.com\/wp-content\/uploads\/2025\/06\/\u0411\u0435\u0437-\u0438\u043c\u0435\u043d\u0438-3-3-768x496.jpg 768w, https:\/\/hand2noteguide.com\/wp-content\/uploads\/2025\/06\/\u0411\u0435\u0437-\u0438\u043c\u0435\u043d\u0438-3-3-772x498.jpg 772w, https:\/\/hand2noteguide.com\/wp-content\/uploads\/2025\/06\/\u0411\u0435\u0437-\u0438\u043c\u0435\u043d\u0438-3-3-624x403.jpg 624w, https:\/\/hand2noteguide.com\/wp-content\/uploads\/2025\/06\/\u0411\u0435\u0437-\u0438\u043c\u0435\u043d\u0438-3-3.jpg 1213w\" sizes=\"auto, (max-width: 1024px) 100vw, 1024px\" \/><\/figure>\n\n\n\n<ol class=\"wp-block-list\" start=\"1\">\n<li>&#8220;Name&#8221; \u2014 o nome da categoria.<\/li>\n\n\n\n<li>&#8220;Action&#8221; \u2014 a a\u00e7\u00e3o do jogador considerada na categoria.<\/li>\n\n\n\n<li>&#8220;Street&#8221; \u2014 a street onde a a\u00e7\u00e3o \u00e9 considerada.<\/li>\n\n\n\n<li>&#8220;Bet Size \/ x&#8221; \u2014 a propor\u00e7\u00e3o do tamanho da aposta para &#8220;X&#8221;. A sexta coluna permite escolher o que \u00e9 &#8220;X&#8221;.<\/li>\n\n\n\n<li>&#8220;Eff stack size \/ x&#8221; \u2014 a propor\u00e7\u00e3o do stack efetivo do jogador para &#8220;X&#8221;. A sexta coluna permite escolher o que \u00e9 &#8220;X&#8221;.<\/li>\n\n\n\n<li>&#8220;Where X&#8221; \u2014 a defini\u00e7\u00e3o do par\u00e2metro &#8220;X&#8221;. Isso pode ser:\n<ul class=\"wp-block-list\">\n<li>&#8220;Pot&#8221; \u2014 o tamanho do pote no momento em que o jogador faz a a\u00e7\u00e3o considerada pelo stat.<\/li>\n\n\n\n<li>&#8220;BB&#8221; \u2014 esta op\u00e7\u00e3o permite especificar o range exato de tamanhos de aposta considerados nos 4\u00ba e 5\u00ba par\u00e2metros, em big blinds.<\/li>\n\n\n\n<li>&#8220;M&#8221; \u2014 esta op\u00e7\u00e3o permite especificar o range exato de tamanhos de aposta considerados nos 4\u00ba e 5\u00ba par\u00e2metros, em small blinds.<\/li>\n\n\n\n<li>&#8220;Previous Action&#8221; \u2014 o tamanho da aposta do oponente antes que o jogador fa\u00e7a a a\u00e7\u00e3o considerada pelo stat.<\/li>\n<\/ul>\n<\/li>\n\n\n\n<li>&#8220;Is All-in&#8221; \u2014 se a aposta do jogador \u00e9 um all-in (uma aposta para todo o stack).<\/li>\n\n\n\n<li>Gerenciamento \u2014 mover a categoria na lista (setas para cima\/baixo) ou exclu\u00ed-la (cruz).<\/li>\n<\/ol>\n\n\n\n<h2 class=\"wp-block-heading\">Exemplo de cria\u00e7\u00e3o de uma categoria de tamanho de aposta: &#8220;Bet 101-135% pot&#8221;<\/h2>\n\n\n\n<p>Para criar uma nova categoria, clique em &#8220;+ Add Bet Sizing Categories&#8221; (1). A nova categoria aparecer\u00e1 no final da lista (2).<\/p>\n\n\n\n<figure class=\"wp-block-image size-large\"><img loading=\"lazy\" decoding=\"async\" width=\"1024\" height=\"576\" src=\"http:\/\/hand2noteguide.com\/wp-content\/uploads\/2025\/06\/\u0411\u0435\u0437-\u0438\u043c\u0435\u043d\u0438-4-4-1024x576.jpg\" alt=\"\" class=\"wp-image-14127\" srcset=\"https:\/\/hand2noteguide.com\/wp-content\/uploads\/2025\/06\/\u0411\u0435\u0437-\u0438\u043c\u0435\u043d\u0438-4-4-1024x576.jpg 1024w, https:\/\/hand2noteguide.com\/wp-content\/uploads\/2025\/06\/\u0411\u0435\u0437-\u0438\u043c\u0435\u043d\u0438-4-4-300x169.jpg 300w, https:\/\/hand2noteguide.com\/wp-content\/uploads\/2025\/06\/\u0411\u0435\u0437-\u0438\u043c\u0435\u043d\u0438-4-4-768x432.jpg 768w, https:\/\/hand2noteguide.com\/wp-content\/uploads\/2025\/06\/\u0411\u0435\u0437-\u0438\u043c\u0435\u043d\u0438-4-4-1536x864.jpg 1536w, https:\/\/hand2noteguide.com\/wp-content\/uploads\/2025\/06\/\u0411\u0435\u0437-\u0438\u043c\u0435\u043d\u0438-4-4-772x434.jpg 772w, https:\/\/hand2noteguide.com\/wp-content\/uploads\/2025\/06\/\u0411\u0435\u0437-\u0438\u043c\u0435\u043d\u0438-4-4-624x351.jpg 624w, https:\/\/hand2noteguide.com\/wp-content\/uploads\/2025\/06\/\u0411\u0435\u0437-\u0438\u043c\u0435\u043d\u0438-4-4.jpg 1919w\" sizes=\"auto, (max-width: 1024px) 100vw, 1024px\" \/><\/figure>\n\n\n\n<p>Em seguida, configure a categoria:<\/p>\n\n\n\n<ol class=\"wp-block-list\">\n<li>Use as setas no bloco (8) para mov\u00ea-la para a posi\u00e7\u00e3o desejada (9).<\/li>\n\n\n\n<li>Clique duas vezes com o bot\u00e3o esquerdo do mouse na \u00e1rea (1) para definir o nome (no exemplo \u2014 <em>Bet 101-135% pot<\/em>).<\/li>\n\n\n\n<li>Na \u00e1rea (2), selecione a a\u00e7\u00e3o que a categoria ir\u00e1 considerar (no exemplo \u2014 <em>Bet<\/em>).<\/li>\n\n\n\n<li>Na \u00e1rea (3), especifique as streets onde a a\u00e7\u00e3o se aplica (no exemplo \u2014 <em>Postflop<\/em>).<\/li>\n\n\n\n<li>Na \u00e1rea (4), defina o range de tamanho de aposta como uma porcentagem do pote (no exemplo \u2014 de <em>1.01<\/em> a <em>1.35<\/em>).<\/li>\n\n\n\n<li>Na \u00e1rea (5), especifique a propor\u00e7\u00e3o do stack efetivo do jogador para o pote (no exemplo \u2014 de <em>1.25<\/em> a <em>\u221e<\/em>).<\/li>\n\n\n\n<li>Na \u00e1rea (6), escolha a que os par\u00e2metros de (4) e (5) se referem (no exemplo \u2014 <em>tamanho do pote<\/em>).<\/li>\n\n\n\n<li>Na \u00e1rea (7), marque se a categoria considera all-in.<\/li>\n<\/ol>\n\n\n\n<figure class=\"wp-block-image size-large\"><img loading=\"lazy\" decoding=\"async\" width=\"1024\" height=\"576\" src=\"http:\/\/hand2noteguide.com\/wp-content\/uploads\/2025\/06\/45646456464654646-1024x576.jpg\" alt=\"\" class=\"wp-image-14135\" srcset=\"https:\/\/hand2noteguide.com\/wp-content\/uploads\/2025\/06\/45646456464654646-1024x576.jpg 1024w, https:\/\/hand2noteguide.com\/wp-content\/uploads\/2025\/06\/45646456464654646-300x169.jpg 300w, https:\/\/hand2noteguide.com\/wp-content\/uploads\/2025\/06\/45646456464654646-768x432.jpg 768w, https:\/\/hand2noteguide.com\/wp-content\/uploads\/2025\/06\/45646456464654646-1536x864.jpg 1536w, https:\/\/hand2noteguide.com\/wp-content\/uploads\/2025\/06\/45646456464654646-772x434.jpg 772w, https:\/\/hand2noteguide.com\/wp-content\/uploads\/2025\/06\/45646456464654646-624x351.jpg 624w, https:\/\/hand2noteguide.com\/wp-content\/uploads\/2025\/06\/45646456464654646.jpg 1919w\" sizes=\"auto, (max-width: 1024px) 100vw, 1024px\" \/><\/figure>\n\n\n\n<p>Ap\u00f3s configurar a categoria, voc\u00ea precisa reconstruir as estat\u00edsticas do banco de dados para aplicar todas as altera\u00e7\u00f5es feitas.<\/p>\n\n\n\n<p>Para fazer isso:<\/p>\n\n\n\n<ol class=\"wp-block-list\" start=\"1\">\n<li>Encontre o item &#8220;Database&#8221; (1) no topo da janela e clique nele.<\/li>\n\n\n\n<li>No menu suspenso, selecione &#8220;Clean &amp; Rebuild Statistics&#8221; (2).<\/li>\n<\/ol>\n\n\n\n<figure class=\"wp-block-image size-large\"><img loading=\"lazy\" decoding=\"async\" width=\"1024\" height=\"576\" src=\"http:\/\/hand2noteguide.com\/wp-content\/uploads\/2025\/06\/\u043f\u0440\u0430\u043f\u0440\u0430\u043f\u0440\u0430-1024x576.jpg\" alt=\"\" class=\"wp-image-14139\" srcset=\"https:\/\/hand2noteguide.com\/wp-content\/uploads\/2025\/06\/\u043f\u0440\u0430\u043f\u0440\u0430\u043f\u0440\u0430-1024x576.jpg 1024w, https:\/\/hand2noteguide.com\/wp-content\/uploads\/2025\/06\/\u043f\u0440\u0430\u043f\u0440\u0430\u043f\u0440\u0430-300x169.jpg 300w, https:\/\/hand2noteguide.com\/wp-content\/uploads\/2025\/06\/\u043f\u0440\u0430\u043f\u0440\u0430\u043f\u0440\u0430-768x432.jpg 768w, https:\/\/hand2noteguide.com\/wp-content\/uploads\/2025\/06\/\u043f\u0440\u0430\u043f\u0440\u0430\u043f\u0440\u0430-1536x864.jpg 1536w, https:\/\/hand2noteguide.com\/wp-content\/uploads\/2025\/06\/\u043f\u0440\u0430\u043f\u0440\u0430\u043f\u0440\u0430-772x434.jpg 772w, https:\/\/hand2noteguide.com\/wp-content\/uploads\/2025\/06\/\u043f\u0440\u0430\u043f\u0440\u0430\u043f\u0440\u0430-624x351.jpg 624w, https:\/\/hand2noteguide.com\/wp-content\/uploads\/2025\/06\/\u043f\u0440\u0430\u043f\u0440\u0430\u043f\u0440\u0430.jpg 1919w\" sizes=\"auto, (max-width: 1024px) 100vw, 1024px\" \/><\/figure>\n\n\n\n<p>Antes de criar a nova categoria de tamanho de aposta, a se\u00e7\u00e3o <em>Bet Sizes<\/em> na janela popup no stat parecia assim:<\/p>\n\n\n\n<figure class=\"wp-block-image size-large\"><img loading=\"lazy\" decoding=\"async\" width=\"1024\" height=\"576\" src=\"http:\/\/hand2noteguide.com\/wp-content\/uploads\/2025\/06\/\u0411\u0435\u0437-\u0438\u043c\u0435\u043d\u0438-66565-1024x576.jpg\" alt=\"\" class=\"wp-image-14142\" srcset=\"https:\/\/hand2noteguide.com\/wp-content\/uploads\/2025\/06\/\u0411\u0435\u0437-\u0438\u043c\u0435\u043d\u0438-66565-1024x576.jpg 1024w, https:\/\/hand2noteguide.com\/wp-content\/uploads\/2025\/06\/\u0411\u0435\u0437-\u0438\u043c\u0435\u043d\u0438-66565-300x169.jpg 300w, https:\/\/hand2noteguide.com\/wp-content\/uploads\/2025\/06\/\u0411\u0435\u0437-\u0438\u043c\u0435\u043d\u0438-66565-768x432.jpg 768w, https:\/\/hand2noteguide.com\/wp-content\/uploads\/2025\/06\/\u0411\u0435\u0437-\u0438\u043c\u0435\u043d\u0438-66565-1536x864.jpg 1536w, https:\/\/hand2noteguide.com\/wp-content\/uploads\/2025\/06\/\u0411\u0435\u0437-\u0438\u043c\u0435\u043d\u0438-66565-772x434.jpg 772w, https:\/\/hand2noteguide.com\/wp-content\/uploads\/2025\/06\/\u0411\u0435\u0437-\u0438\u043c\u0435\u043d\u0438-66565-624x351.jpg 624w, https:\/\/hand2noteguide.com\/wp-content\/uploads\/2025\/06\/\u0411\u0435\u0437-\u0438\u043c\u0435\u043d\u0438-66565.jpg 1919w\" sizes=\"auto, (max-width: 1024px) 100vw, 1024px\" \/><\/figure>\n\n\n\n<p>Ap\u00f3s criar a nova categoria e atualizar as estat\u00edsticas, ela agora aparece na mesma se\u00e7\u00e3o na janela popup no stat:<\/p>\n\n\n\n<figure class=\"wp-block-image size-large\"><img loading=\"lazy\" decoding=\"async\" width=\"1024\" height=\"576\" src=\"http:\/\/hand2noteguide.com\/wp-content\/uploads\/2025\/06\/\u0411\u0435\u0437-\u0438\u043c\u0435\u043d\u0438-6\u0446\u0443\u043a\u0446\u0443\u043a-1024x576.jpg\" alt=\"\" class=\"wp-image-14144\" srcset=\"https:\/\/hand2noteguide.com\/wp-content\/uploads\/2025\/06\/\u0411\u0435\u0437-\u0438\u043c\u0435\u043d\u0438-6\u0446\u0443\u043a\u0446\u0443\u043a-1024x576.jpg 1024w, https:\/\/hand2noteguide.com\/wp-content\/uploads\/2025\/06\/\u0411\u0435\u0437-\u0438\u043c\u0435\u043d\u0438-6\u0446\u0443\u043a\u0446\u0443\u043a-300x169.jpg 300w, https:\/\/hand2noteguide.com\/wp-content\/uploads\/2025\/06\/\u0411\u0435\u0437-\u0438\u043c\u0435\u043d\u0438-6\u0446\u0443\u043a\u0446\u0443\u043a-768x432.jpg 768w, https:\/\/hand2noteguide.com\/wp-content\/uploads\/2025\/06\/\u0411\u0435\u0437-\u0438\u043c\u0435\u043d\u0438-6\u0446\u0443\u043a\u0446\u0443\u043a-1536x864.jpg 1536w, https:\/\/hand2noteguide.com\/wp-content\/uploads\/2025\/06\/\u0411\u0435\u0437-\u0438\u043c\u0435\u043d\u0438-6\u0446\u0443\u043a\u0446\u0443\u043a-772x434.jpg 772w, https:\/\/hand2noteguide.com\/wp-content\/uploads\/2025\/06\/\u0411\u0435\u0437-\u0438\u043c\u0435\u043d\u0438-6\u0446\u0443\u043a\u0446\u0443\u043a-624x351.jpg 624w, https:\/\/hand2noteguide.com\/wp-content\/uploads\/2025\/06\/\u0411\u0435\u0437-\u0438\u043c\u0435\u043d\u0438-6\u0446\u0443\u043a\u0446\u0443\u043a.jpg 1919w\" sizes=\"auto, (max-width: 1024px) 100vw, 1024px\" \/><\/figure>\n\n\n\n<p>Isso permite que voc\u00ea personalize categorias de tamanhos de aposta para necessidades espec\u00edficas, melhorando a an\u00e1lise e ajudando a encontrar mais vulnerabilidades no jogo dos oponentes.<\/p>\n\n\n\n<p>Note que voc\u00ea tamb\u00e9m pode personalizar <a href=\"https:\/\/hand2noteguide.com\/pt\/user-manual\/setting-up-board-categories\/\">texturas de board<\/a> e <a href=\"https:\/\/hand2noteguide.com\/pt\/user-manual\/setting-up-hand-ranges\/\">ranges de for\u00e7a das m\u00e3os<\/a>.<\/p>\n","protected":false},"excerpt":{"rendered":"<p>O Hand2Note permite que voc\u00ea edite e crie categorias de tamanhos de aposta que s\u00e3o exibidas no popup avan\u00e7ado no stat. Isso permite que voc\u00ea veja n\u00e3o apenas os valores estat\u00edsticos gerais, mas tamb\u00e9m os analise dependendo de diferentes tamanhos de aposta. As categorias de tamanhos de aposta s\u00e3o exibidas na janela popup no stat &hellip; <a href=\"https:\/\/hand2noteguide.com\/pt\/user-manual\/bet-sizing-cetegories\/\" class=\"more-link\">Continue reading <span class=\"screen-reader-text\">Definindo categorias de tamanhos de aposta<\/span><\/a><\/p>\n","protected":false},"author":3,"featured_media":14107,"parent":9199,"menu_order":0,"comment_status":"closed","ping_status":"closed","template":"","meta":{"footnotes":""},"class_list":["post-14100","page","type-page","status-publish","has-post-thumbnail","hentry"],"translation":{"provider":"WPGlobus","version":"3.0.2","language":"pt","enabled_languages":["en","ru","pt","zh","es","fr","de","it","ja"],"languages":{"en":{"title":true,"content":true,"excerpt":false},"ru":{"title":true,"content":true,"excerpt":false},"pt":{"title":true,"content":true,"excerpt":false},"zh":{"title":true,"content":true,"excerpt":false},"es":{"title":true,"content":true,"excerpt":false},"fr":{"title":true,"content":true,"excerpt":false},"de":{"title":true,"content":true,"excerpt":false},"it":{"title":true,"content":true,"excerpt":false},"ja":{"title":true,"content":true,"excerpt":false}}},"yoast_head":"<!-- This site is optimized with the Yoast SEO plugin v27.0 - https:\/\/yoast.com\/product\/yoast-seo-wordpress\/ -->\n<title>Definindo categorias de tamanhos de aposta no Hand2Note<\/title>\n<meta name=\"description\" content=\"Configure categorias de tamanhos de aposta no Hand2Note para aprimorar a an\u00e1lise do jogo. Aprenda a criar e editar categorias para obter estat\u00edsticas mais precisas.\" \/>\n<meta name=\"robots\" content=\"index, follow, max-snippet:-1, max-image-preview:large, max-video-preview:-1\" \/>\n<link rel=\"canonical\" href=\"https:\/\/hand2noteguide.com\/user-manual\/bet-sizing-cetegories\/\" \/>\n<meta property=\"og:locale\" content=\"pt_PT\" \/>\n<meta property=\"og:type\" content=\"article\" \/>\n<meta property=\"og:title\" content=\"Definindo categorias de tamanhos de aposta no Hand2Note\" \/>\n<meta property=\"og:description\" content=\"Configure categorias de tamanhos de aposta no Hand2Note para aprimorar a an\u00e1lise do jogo. Aprenda a criar e editar categorias para obter estat\u00edsticas mais precisas.\" \/>\n<meta property=\"og:url\" content=\"https:\/\/hand2noteguide.com\/user-manual\/bet-sizing-cetegories\/\" \/>\n<meta property=\"og:site_name\" content=\"Hand2Note Guide\" \/>\n<meta property=\"article:modified_time\" content=\"2026-03-10T08:38:53+00:00\" \/>\n<meta property=\"og:image\" content=\"https:\/\/hand2noteguide.com\/wp-content\/uploads\/2025\/06\/\u041a\u0430\u0442\u0435\u0433\u043e\u0440\u0438\u0438-\u0440\u0430\u0437\u043c\u0435\u0440\u043e\u0432-\u0441\u0442\u0430\u0432\u043e\u043a222.jpg\" \/>\n\t<meta property=\"og:image:width\" content=\"1920\" \/>\n\t<meta property=\"og:image:height\" content=\"1080\" \/>\n\t<meta property=\"og:image:type\" content=\"image\/jpeg\" \/>\n<meta name=\"twitter:card\" content=\"summary_large_image\" \/>\n<meta name=\"twitter:label1\" content=\"Est. reading time\" \/>\n\t<meta name=\"twitter:data1\" content=\"26 minutes\" \/>\n<!-- \/ Yoast SEO plugin. -->","yoast_head_json":{"title":"Definindo categorias de tamanhos de aposta no Hand2Note","description":"Configure categorias de tamanhos de aposta no Hand2Note para aprimorar a an\u00e1lise do jogo. Aprenda a criar e editar categorias para obter estat\u00edsticas mais precisas.","robots":{"index":"index","follow":"follow","max-snippet":"max-snippet:-1","max-image-preview":"max-image-preview:large","max-video-preview":"max-video-preview:-1"},"canonical":"https:\/\/hand2noteguide.com\/user-manual\/bet-sizing-cetegories\/","og_locale":"pt_PT","og_type":"article","og_title":"Definindo categorias de tamanhos de aposta no Hand2Note","og_description":"Configure categorias de tamanhos de aposta no Hand2Note para aprimorar a an\u00e1lise do jogo. Aprenda a criar e editar categorias para obter estat\u00edsticas mais precisas.","og_url":"https:\/\/hand2noteguide.com\/user-manual\/bet-sizing-cetegories\/","og_site_name":"Hand2Note Guide","article_modified_time":"2026-03-10T08:38:53+00:00","og_image":[{"width":1920,"height":1080,"url":"https:\/\/hand2noteguide.com\/wp-content\/uploads\/2025\/06\/\u041a\u0430\u0442\u0435\u0433\u043e\u0440\u0438\u0438-\u0440\u0430\u0437\u043c\u0435\u0440\u043e\u0432-\u0441\u0442\u0430\u0432\u043e\u043a222.jpg","type":"image\/jpeg"}],"twitter_card":"summary_large_image","twitter_misc":{"Est. reading time":"26 minutes"},"schema":{"@context":"https:\/\/schema.org","@graph":[]}},"jetpack_sharing_enabled":true,"_links":{"self":[{"href":"https:\/\/hand2noteguide.com\/pt\/wp-json\/wp\/v2\/pages\/14100","targetHints":{"allow":["GET"]}}],"collection":[{"href":"https:\/\/hand2noteguide.com\/pt\/wp-json\/wp\/v2\/pages"}],"about":[{"href":"https:\/\/hand2noteguide.com\/pt\/wp-json\/wp\/v2\/types\/page"}],"author":[{"embeddable":true,"href":"https:\/\/hand2noteguide.com\/pt\/wp-json\/wp\/v2\/users\/3"}],"replies":[{"embeddable":true,"href":"https:\/\/hand2noteguide.com\/pt\/wp-json\/wp\/v2\/comments?post=14100"}],"version-history":[{"count":68,"href":"https:\/\/hand2noteguide.com\/pt\/wp-json\/wp\/v2\/pages\/14100\/revisions"}],"predecessor-version":[{"id":15640,"href":"https:\/\/hand2noteguide.com\/pt\/wp-json\/wp\/v2\/pages\/14100\/revisions\/15640"}],"up":[{"embeddable":true,"href":"https:\/\/hand2noteguide.com\/pt\/wp-json\/wp\/v2\/pages\/9199"}],"wp:featuredmedia":[{"embeddable":true,"href":"https:\/\/hand2noteguide.com\/pt\/wp-json\/wp\/v2\/media\/14107"}],"wp:attachment":[{"href":"https:\/\/hand2noteguide.com\/pt\/wp-json\/wp\/v2\/media?parent=14100"}],"curies":[{"name":"wp","href":"https:\/\/api.w.org\/{rel}","templated":true}]}}