{"id":14179,"date":"2025-06-22T14:52:53","date_gmt":"2025-06-22T11:52:53","guid":{"rendered":"https:\/\/hand2noteguide.com\/?page_id=14179"},"modified":"2026-03-10T11:39:54","modified_gmt":"2026-03-10T08:39:54","slug":"popup-on-stat","status":"publish","type":"page","link":"https:\/\/hand2noteguide.com\/pt\/user-manual\/popup-on-stat\/","title":{"rendered":"Popup avan\u00e7ado em Stat"},"content":{"rendered":"\n<p>O Hand2Note permite que voc\u00ea exiba um popup em um stat passando o cursor do mouse ou clicando nos stats no popup ou HUD. Ele cont\u00e9m informa\u00e7\u00f5es detalhadas, como ranges de pr\u00e9-flop, categorias de tamanhos de aposta, gr\u00e1ficos de for\u00e7a de m\u00e3os, WinRate da execu\u00e7\u00e3o do stat, entre muitos outros.<\/p>\n\n\n\n<p>Neste artigo, vamos analisar detalhadamente as informa\u00e7\u00f5es e capacidades fornecidas pelo popup em um stat.<\/p>\n\n\n\n<h2 class=\"wp-block-heading\">Como acionar um popup em um stat no Hand2Note e quais informa\u00e7\u00f5es ele fornece<\/h2>\n\n\n\n<p>A abertura de um popup em um stat no Hand2Note \u00e9 implementada passando o cursor do mouse sobre um stat no HUD ou popup, ou clicando no stat com o bot\u00e3o esquerdo do mouse (LMB). Ele cont\u00e9m informa\u00e7\u00f5es detalhadas e ampliadas sobre o stat.<\/p>\n\n\n\n<p>O popup em um stat \u00e9 exibido em duas variantes:<\/p>\n\n\n\n<ol class=\"wp-block-list\" start=\"1\">\n<li><strong>Para estat\u00edsticas de pr\u00e9-flop (1)<\/strong> &#8211; por exemplo, para o stat &#8220;Raise 1st in,&#8221; que mostra a frequ\u00eancia de open-raise do jogador.<\/li>\n\n\n\n<li><strong>Para estat\u00edsticas de p\u00f3s-flop (2)<\/strong> &#8211; por exemplo, para o stat &#8220;Raise 1st &#8211; Continuation Bet,&#8221; que mostra a frequ\u00eancia de continuation bet do jogador no flop.<\/li>\n<\/ol>\n\n\n\n<figure class=\"wp-block-image size-large\"><img loading=\"lazy\" decoding=\"async\" width=\"1024\" height=\"576\" src=\"http:\/\/hand2noteguide.com\/wp-content\/uploads\/2025\/06\/\u044b\u0432\u0430\u043f\u0440-1024x576.jpg\" alt=\"\" class=\"wp-image-14196\" srcset=\"https:\/\/hand2noteguide.com\/wp-content\/uploads\/2025\/06\/\u044b\u0432\u0430\u043f\u0440-1024x576.jpg 1024w, https:\/\/hand2noteguide.com\/wp-content\/uploads\/2025\/06\/\u044b\u0432\u0430\u043f\u0440-300x169.jpg 300w, https:\/\/hand2noteguide.com\/wp-content\/uploads\/2025\/06\/\u044b\u0432\u0430\u043f\u0440-768x432.jpg 768w, https:\/\/hand2noteguide.com\/wp-content\/uploads\/2025\/06\/\u044b\u0432\u0430\u043f\u0440-1536x864.jpg 1536w, https:\/\/hand2noteguide.com\/wp-content\/uploads\/2025\/06\/\u044b\u0432\u0430\u043f\u0440-772x434.jpg 772w, https:\/\/hand2noteguide.com\/wp-content\/uploads\/2025\/06\/\u044b\u0432\u0430\u043f\u0440-624x351.jpg 624w, https:\/\/hand2noteguide.com\/wp-content\/uploads\/2025\/06\/\u044b\u0432\u0430\u043f\u0440.jpg 1919w\" sizes=\"auto, (max-width: 1024px) 100vw, 1024px\" \/><\/figure>\n\n\n\n<h3 class=\"wp-block-heading\">Popup em Stat para Estat\u00edsticas de Pr\u00e9-flop<\/h3>\n\n\n\n<p>O popup em um stat para estat\u00edsticas de pr\u00e9-flop inclui os seguintes elementos:<\/p>\n\n\n\n<div class=\"wp-block-group is-vertical is-content-justification-center is-layout-flex wp-container-core-group-is-layout-4b2eccd6 wp-block-group-is-layout-flex\">\n<div class=\"wp-block-group is-content-justification-center is-nowrap is-layout-flex wp-container-core-group-is-layout-079bfc22 wp-block-group-is-layout-flex\">\n<figure class=\"wp-block-image size-full\"><img loading=\"lazy\" decoding=\"async\" width=\"402\" height=\"638\" src=\"http:\/\/hand2noteguide.com\/wp-content\/uploads\/2025\/06\/\u0440\u0435\u0439\u0437.jpg\" alt=\"\" class=\"wp-image-14207\" srcset=\"https:\/\/hand2noteguide.com\/wp-content\/uploads\/2025\/06\/\u0440\u0435\u0439\u0437.jpg 402w, https:\/\/hand2noteguide.com\/wp-content\/uploads\/2025\/06\/\u0440\u0435\u0439\u0437-189x300.jpg 189w, https:\/\/hand2noteguide.com\/wp-content\/uploads\/2025\/06\/\u0440\u0435\u0439\u0437-393x624.jpg 393w\" sizes=\"auto, (max-width: 402px) 100vw, 402px\" \/><\/figure>\n\n\n\n<figure class=\"wp-block-image size-full\"><img loading=\"lazy\" decoding=\"async\" width=\"403\" height=\"644\" src=\"http:\/\/hand2noteguide.com\/wp-content\/uploads\/2025\/06\/\u043a\u043e\u043b\u043b.jpg\" alt=\"\" class=\"wp-image-14208\" srcset=\"https:\/\/hand2noteguide.com\/wp-content\/uploads\/2025\/06\/\u043a\u043e\u043b\u043b.jpg 403w, https:\/\/hand2noteguide.com\/wp-content\/uploads\/2025\/06\/\u043a\u043e\u043b\u043b-188x300.jpg 188w, https:\/\/hand2noteguide.com\/wp-content\/uploads\/2025\/06\/\u043a\u043e\u043b\u043b-390x624.jpg 390w\" sizes=\"auto, (max-width: 403px) 100vw, 403px\" \/><\/figure>\n<\/div>\n\n\n\n<div class=\"wp-block-group is-content-justification-center is-nowrap is-layout-flex wp-container-core-group-is-layout-079bfc22 wp-block-group-is-layout-flex\">\n<figure class=\"wp-block-image size-full\"><img loading=\"lazy\" decoding=\"async\" width=\"403\" height=\"637\" src=\"http:\/\/hand2noteguide.com\/wp-content\/uploads\/2025\/06\/\u0447\u0435\u043a.jpg\" alt=\"\" class=\"wp-image-14204\" srcset=\"https:\/\/hand2noteguide.com\/wp-content\/uploads\/2025\/06\/\u0447\u0435\u043a.jpg 403w, https:\/\/hand2noteguide.com\/wp-content\/uploads\/2025\/06\/\u0447\u0435\u043a-190x300.jpg 190w, https:\/\/hand2noteguide.com\/wp-content\/uploads\/2025\/06\/\u0447\u0435\u043a-395x624.jpg 395w\" sizes=\"auto, (max-width: 403px) 100vw, 403px\" \/><\/figure>\n\n\n\n<figure class=\"wp-block-image size-full\"><img loading=\"lazy\" decoding=\"async\" width=\"403\" height=\"547\" src=\"http:\/\/hand2noteguide.com\/wp-content\/uploads\/2025\/06\/\u0431\u0435\u0442-\u0441\u0430\u0439\u0437\u0438\u043d\u0433.jpg\" alt=\"\" class=\"wp-image-14205\" srcset=\"https:\/\/hand2noteguide.com\/wp-content\/uploads\/2025\/06\/\u0431\u0435\u0442-\u0441\u0430\u0439\u0437\u0438\u043d\u0433.jpg 403w, https:\/\/hand2noteguide.com\/wp-content\/uploads\/2025\/06\/\u0431\u0435\u0442-\u0441\u0430\u0439\u0437\u0438\u043d\u0433-221x300.jpg 221w\" sizes=\"auto, (max-width: 403px) 100vw, 403px\" \/><\/figure>\n\n\n\n<figure class=\"wp-block-image size-large\"><img loading=\"lazy\" decoding=\"async\" width=\"1024\" height=\"779\" src=\"http:\/\/hand2noteguide.com\/wp-content\/uploads\/2025\/06\/\u0445\u0435\u043d\u0434\u0441-1024x779.jpg\" alt=\"\" class=\"wp-image-14206\" srcset=\"https:\/\/hand2noteguide.com\/wp-content\/uploads\/2025\/06\/\u0445\u0435\u043d\u0434\u0441-1024x779.jpg 1024w, https:\/\/hand2noteguide.com\/wp-content\/uploads\/2025\/06\/\u0445\u0435\u043d\u0434\u0441-300x228.jpg 300w, https:\/\/hand2noteguide.com\/wp-content\/uploads\/2025\/06\/\u0445\u0435\u043d\u0434\u0441-768x584.jpg 768w, https:\/\/hand2noteguide.com\/wp-content\/uploads\/2025\/06\/\u0445\u0435\u043d\u0434\u0441-772x587.jpg 772w, https:\/\/hand2noteguide.com\/wp-content\/uploads\/2025\/06\/\u0445\u0435\u043d\u0434\u0441-624x475.jpg 624w, https:\/\/hand2noteguide.com\/wp-content\/uploads\/2025\/06\/\u0445\u0435\u043d\u0434\u0441.jpg 1036w\" sizes=\"auto, (max-width: 1024px) 100vw, 1024px\" \/><\/figure>\n<\/div>\n<\/div>\n\n\n\n<ol class=\"wp-block-list\" start=\"1\">\n<li>Nome do Stat\n<ul class=\"wp-block-list\">\n<li>Passar o cursor sobre o c\u00edrculo no final do nome exibe a condi\u00e7\u00e3o l\u00f3gica do stat.<\/li>\n<\/ul>\n<\/li>\n\n\n\n<li>Configura\u00e7\u00e3o de Notas\n<ul class=\"wp-block-list\">\n<li>Uma linha para definir <a href=\"https:\/\/hand2noteguide.com\/pt\/user-manual\/the-use-and-possibilities-of-notes-in-hand2note\/\">notas sobre o stat do jogador<\/a>.<\/li>\n<\/ul>\n<\/li>\n\n\n\n<li>Par\u00e2metros Gerais\n<ul class=\"wp-block-list\">\n<li>Valor do Stat \u2014 frequ\u00eancia geral (em %) da execu\u00e7\u00e3o do stat.<\/li>\n\n\n\n<li>Valor do Stat Vs-Usu\u00e1rio \u2014 frequ\u00eancia da execu\u00e7\u00e3o do stat (em %), contra voc\u00ea.<\/li>\n\n\n\n<li>Lucro da A\u00e7\u00e3o \u2014 lucratividade da a\u00e7\u00e3o.<\/li>\n\n\n\n<li>M\u00e3os Vencidas \u2014 n\u00famero de m\u00e3os vencidas (em %).<\/li>\n\n\n\n<li>WTSD (Foi para o Showdown) \u2014 frequ\u00eancia de chegar ao showdown.<\/li>\n\n\n\n<li>E outros par\u00e2metros.<br><em>Todos os valores s\u00e3o calculados considerando a condi\u00e7\u00e3o do stat.<\/em><\/li>\n<\/ul>\n<\/li>\n\n\n\n<li>Aba &#8220;Raise&#8221;\n<ul class=\"wp-block-list\">\n<li>Se a a\u00e7\u00e3o do stat for um raise, seu range de pr\u00e9-flop (categorias de pr\u00e9-flop) \u00e9 exibido.<\/li>\n\n\n\n<li>Se n\u00e3o, o range de raise como a\u00e7\u00e3o alternativa \u00e9 mostrado.<\/li>\n<\/ul>\n<\/li>\n\n\n\n<li>Aba &#8220;Call&#8221;\n<ul class=\"wp-block-list\">\n<li>Se a a\u00e7\u00e3o do stat for um call, seu range de pr\u00e9-flop (categorias de pr\u00e9-flop) \u00e9 exibido.<\/li>\n\n\n\n<li>Se n\u00e3o, o range de call como a\u00e7\u00e3o alternativa \u00e9 mostrado.<\/li>\n<\/ul>\n<\/li>\n\n\n\n<li>Aba &#8220;Check&#8221;\n<ul class=\"wp-block-list\">\n<li>Se a a\u00e7\u00e3o do stat for um check, seu range de pr\u00e9-flop (categorias de pr\u00e9-flop) \u00e9 exibido.<\/li>\n\n\n\n<li>Se n\u00e3o, o range de check como a\u00e7\u00e3o alternativa \u00e9 mostrado.<\/li>\n<\/ul>\n<\/li>\n\n\n\n<li>Aba &#8220;Tamanhos de Aposta&#8221;\n<ul class=\"wp-block-list\">\n<li>Exibe categorias de tamanhos de aposta para o stat executado.<\/li>\n<\/ul>\n<\/li>\n\n\n\n<li>Aba &#8220;M\u00e3os&#8221;\n<ul class=\"wp-block-list\">\n<li>Lista de m\u00e3os do jogador que satisfazem a condi\u00e7\u00e3o do stat.<\/li>\n<\/ul>\n<\/li>\n\n\n\n<li>\u00c1rea de Dados\n<ul class=\"wp-block-list\">\n<li>Esta parte exibe valores correspondentes \u00e0 aba selecionada.<\/li>\n<\/ul>\n<\/li>\n<\/ol>\n\n\n\n<h3 class=\"wp-block-heading\">Popup em Stat para Estat\u00edsticas de P\u00f3s-flop<\/h3>\n\n\n\n<p>O popup em um stat para estat\u00edsticas de p\u00f3s-flop inclui os seguintes elementos:<\/p>\n\n\n\n<div class=\"wp-block-group is-vertical is-content-justification-center is-layout-flex wp-container-core-group-is-layout-4b2eccd6 wp-block-group-is-layout-flex\">\n<div class=\"wp-block-group is-content-justification-center is-nowrap is-layout-flex wp-container-core-group-is-layout-079bfc22 wp-block-group-is-layout-flex\">\n<figure class=\"wp-block-image size-full\"><img loading=\"lazy\" decoding=\"async\" width=\"491\" height=\"723\" src=\"http:\/\/hand2noteguide.com\/wp-content\/uploads\/2025\/06\/\u0440\u0435\u043d\u0436.jpg\" alt=\"\" class=\"wp-image-14224\" srcset=\"https:\/\/hand2noteguide.com\/wp-content\/uploads\/2025\/06\/\u0440\u0435\u043d\u0436.jpg 491w, https:\/\/hand2noteguide.com\/wp-content\/uploads\/2025\/06\/\u0440\u0435\u043d\u0436-204x300.jpg 204w, https:\/\/hand2noteguide.com\/wp-content\/uploads\/2025\/06\/\u0440\u0435\u043d\u0436-424x624.jpg 424w\" sizes=\"auto, (max-width: 491px) 100vw, 491px\" \/><\/figure>\n\n\n\n<figure class=\"wp-block-image size-full\"><img loading=\"lazy\" decoding=\"async\" width=\"591\" height=\"526\" src=\"http:\/\/hand2noteguide.com\/wp-content\/uploads\/2025\/06\/\u0431\u043e\u0440\u0434.jpg\" alt=\"\" class=\"wp-image-14225\" srcset=\"https:\/\/hand2noteguide.com\/wp-content\/uploads\/2025\/06\/\u0431\u043e\u0440\u0434.jpg 591w, https:\/\/hand2noteguide.com\/wp-content\/uploads\/2025\/06\/\u0431\u043e\u0440\u0434-300x267.jpg 300w\" sizes=\"auto, (max-width: 591px) 100vw, 591px\" \/><\/figure>\n<\/div>\n\n\n\n<div class=\"wp-block-group is-content-justification-center is-nowrap is-layout-flex wp-container-core-group-is-layout-35f56f29 wp-block-group-is-layout-flex\">\n<figure class=\"wp-block-image size-full\"><img loading=\"lazy\" decoding=\"async\" width=\"634\" height=\"529\" src=\"http:\/\/hand2noteguide.com\/wp-content\/uploads\/2025\/06\/\u0431\u0435\u0442-\u0441\u0430\u0439\u0437\u0438\u043d\u04332.jpg\" alt=\"\" class=\"wp-image-14226\" srcset=\"https:\/\/hand2noteguide.com\/wp-content\/uploads\/2025\/06\/\u0431\u0435\u0442-\u0441\u0430\u0439\u0437\u0438\u043d\u04332.jpg 634w, https:\/\/hand2noteguide.com\/wp-content\/uploads\/2025\/06\/\u0431\u0435\u0442-\u0441\u0430\u0439\u0437\u0438\u043d\u04332-300x250.jpg 300w, https:\/\/hand2noteguide.com\/wp-content\/uploads\/2025\/06\/\u0431\u0435\u0442-\u0441\u0430\u0439\u0437\u0438\u043d\u04332-624x521.jpg 624w\" sizes=\"auto, (max-width: 634px) 100vw, 634px\" \/><\/figure>\n\n\n\n<figure class=\"wp-block-image size-full\"><img loading=\"lazy\" decoding=\"async\" width=\"1019\" height=\"788\" src=\"http:\/\/hand2noteguide.com\/wp-content\/uploads\/2025\/06\/\u0445\u0435\u043d\u0434\u04412.jpg\" alt=\"\" class=\"wp-image-14227\" srcset=\"https:\/\/hand2noteguide.com\/wp-content\/uploads\/2025\/06\/\u0445\u0435\u043d\u0434\u04412.jpg 1019w, https:\/\/hand2noteguide.com\/wp-content\/uploads\/2025\/06\/\u0445\u0435\u043d\u0434\u04412-300x232.jpg 300w, https:\/\/hand2noteguide.com\/wp-content\/uploads\/2025\/06\/\u0445\u0435\u043d\u0434\u04412-768x594.jpg 768w, https:\/\/hand2noteguide.com\/wp-content\/uploads\/2025\/06\/\u0445\u0435\u043d\u0434\u04412-772x597.jpg 772w, https:\/\/hand2noteguide.com\/wp-content\/uploads\/2025\/06\/\u0445\u0435\u043d\u0434\u04412-624x483.jpg 624w\" sizes=\"auto, (max-width: 1019px) 100vw, 1019px\" \/><\/figure>\n<\/div>\n<\/div>\n\n\n\n<ul class=\"wp-block-list\">\n<ol class=\"wp-block-list\" start=\"1\">\n<li>Nome do Stat\n<ul class=\"wp-block-list\">\n<li>Passar o cursor sobre o c\u00edrculo no final do nome exibe a condi\u00e7\u00e3o l\u00f3gica do stat.<\/li>\n<\/ul>\n<\/li>\n\n\n\n<li>Configura\u00e7\u00e3o de Notas\n<ul class=\"wp-block-list\">\n<li>Uma linha para definir notas sobre o stat do jogador.<\/li>\n<\/ul>\n<\/li>\n\n\n\n<li>Par\u00e2metros Gerais\n<ul class=\"wp-block-list\">\n<li>Valor do Stat \u2014 frequ\u00eancia geral (em %) da execu\u00e7\u00e3o do stat.<\/li>\n\n\n\n<li>Valor do Stat Vs-Usu\u00e1rio \u2014 frequ\u00eancia da execu\u00e7\u00e3o do stat (em %), contra voc\u00ea.<\/li>\n\n\n\n<li>Lucro da A\u00e7\u00e3o \u2014 lucratividade da a\u00e7\u00e3o.<\/li>\n\n\n\n<li>M\u00e3os Vencidas \u2014 n\u00famero de m\u00e3os vencidas (em %).<\/li>\n\n\n\n<li>WTSD (Foi para o Showdown) \u2014 frequ\u00eancia de chegar ao showdown.<\/li>\n\n\n\n<li>E outros par\u00e2metros.<br><em>Todos os valores s\u00e3o calculados considerando a condi\u00e7\u00e3o do stat.<\/em><\/li>\n<\/ul>\n<\/li>\n\n\n\n<li>Aba &#8220;Range&#8221;\n<ul class=\"wp-block-list\">\n<li>Exibe o conte\u00fado da for\u00e7a das m\u00e3os na forma de histogramas.<\/li>\n<\/ul>\n<\/li>\n\n\n\n<li>Aba &#8220;Boards&#8221;\n<ul class=\"wp-block-list\">\n<li>Exibe as frequ\u00eancias da execu\u00e7\u00e3o do stat (em %) e histogramas de for\u00e7a das m\u00e3os distribu\u00eddos em diferentes tipos de board.<\/li>\n<\/ul>\n<\/li>\n\n\n\n<li>Aba &#8220;Tamanhos de Aposta&#8221;\n<ul class=\"wp-block-list\">\n<li>Exibe categorias de tamanhos de aposta para o stat executado e um histograma de for\u00e7a das m\u00e3os para cada um deles.<\/li>\n<\/ul>\n<\/li>\n\n\n\n<li>Aba &#8220;M\u00e3os&#8221;\n<ul class=\"wp-block-list\">\n<li>Lista de m\u00e3os do jogador que satisfazem a condi\u00e7\u00e3o do stat.<\/li>\n<\/ul>\n<\/li>\n\n\n\n<li>\u00c1rea de Dados\n<ul class=\"wp-block-list\">\n<li>Esta parte exibe valores correspondentes \u00e0 aba selecionada.<\/li>\n<\/ul>\n<\/li>\n<\/ol>\n<\/ul>\n\n\n\n<h2 class=\"wp-block-heading\">Configura\u00e7\u00f5es para acionar um popup em um stat<\/h2>\n\n\n\n<p>O acionamento de um popup em um stat no HUD ou popup pode ser configurado. Para isso, na janela principal do Hand2Note, v\u00e1 para as configura\u00e7\u00f5es selecionando &#8220;Configura\u00e7\u00e3o&#8221; (1). Em seguida, abra o menu &#8220;HUD&#8221; (2).<\/p>\n\n\n\n<figure class=\"wp-block-image size-large\"><img loading=\"lazy\" decoding=\"async\" width=\"1024\" height=\"576\" src=\"http:\/\/hand2noteguide.com\/wp-content\/uploads\/2025\/06\/78778878-1024x576.jpg\" alt=\"\" class=\"wp-image-14187\" srcset=\"https:\/\/hand2noteguide.com\/wp-content\/uploads\/2025\/06\/78778878-1024x576.jpg 1024w, https:\/\/hand2noteguide.com\/wp-content\/uploads\/2025\/06\/78778878-300x169.jpg 300w, https:\/\/hand2noteguide.com\/wp-content\/uploads\/2025\/06\/78778878-768x432.jpg 768w, https:\/\/hand2noteguide.com\/wp-content\/uploads\/2025\/06\/78778878-1536x864.jpg 1536w, https:\/\/hand2noteguide.com\/wp-content\/uploads\/2025\/06\/78778878-772x434.jpg 772w, https:\/\/hand2noteguide.com\/wp-content\/uploads\/2025\/06\/78778878-624x351.jpg 624w, https:\/\/hand2noteguide.com\/wp-content\/uploads\/2025\/06\/78778878.jpg 1919w\" sizes=\"auto, (max-width: 1024px) 100vw, 1024px\" \/><\/figure>\n\n\n\n<p>Nas <a href=\"https:\/\/hand2noteguide.com\/pt\/user-manual\/basic-settings-for-displaying-the-hada-in-hand2note\/\">configura\u00e7\u00f5es do HUD<\/a>, voc\u00ea tamb\u00e9m pode configurar a exibi\u00e7\u00e3o do popup em um stat usando os seguintes itens:<\/p>\n\n\n\n<ul class=\"wp-block-list\">\n<li>&#8220;Abrir popup em stat e popup principal por cliques esquerdo e direito&#8221; (3) &#8211; quando esta op\u00e7\u00e3o est\u00e1 ativada, abrir um popup em um stat ocorrer\u00e1 clicando o LMB no stat em vez de passar o cursor do mouse;<\/li>\n\n\n\n<li>Se a op\u00e7\u00e3o &#8220;Abrir popup em stat e popup principal por cliques esquerdo e direito&#8221; estiver desativada, voc\u00ea pode definir o atraso para abrir o popup ao passar o cursor sobre um stat usando a op\u00e7\u00e3o &#8220;Atraso para abrir popup em stat ap\u00f3s passar o mouse (em milissegundos)&#8221; (4) (o valor \u00e9 especificado em milissegundos). O atraso \u00e9 necess\u00e1rio para que os popups abram apenas quando voc\u00ea realmente quiser, e n\u00e3o pisquem a cada movimento acidental do mouse sobre os stats.<\/li>\n<\/ul>\n\n\n\n<h2 class=\"wp-block-heading\">Conclus\u00e3o<\/h2>\n\n\n\n<p>O popup em um stat fornece dados anal\u00edticos valiosos que podem ser usados tanto na an\u00e1lise de m\u00e3os quanto diretamente durante o jogo. A maioria dos par\u00e2metros est\u00e1 dispon\u00edvel para ajustes finos, permitindo que a ferramenta seja adaptada \u00e0s necessidades individuais do jogador.<\/p>\n\n\n\n<p>Tamb\u00e9m recomendamos estudar materiais adicionais sobre o trabalho com o popup em um stat:<\/p>\n\n\n\n<ul class=\"wp-block-list\">\n<li><a href=\"https:\/\/hand2noteguide.com\/pt\/user-manual\/bet-sizing-cetegories\/\">Configura\u00e7\u00e3o de Categorias de Tamanho de Aposta<\/a><\/li>\n\n\n\n<li><a href=\"https:\/\/hand2noteguide.com\/pt\/user-manual\/setting-up-board-categories\/\">Configura\u00e7\u00e3o de Texturas de Board<\/a><\/li>\n\n\n\n<li><a href=\"https:\/\/hand2noteguide.com\/pt\/user-manual\/setting-up-hand-ranges\/\">Configura\u00e7\u00e3o de Ranges de M\u00e3os<\/a><\/li>\n<\/ul>\n","protected":false},"excerpt":{"rendered":"<p>O Hand2Note permite que voc\u00ea exiba um popup em um stat passando o cursor do mouse ou clicando nos stats no popup ou HUD. Ele cont\u00e9m informa\u00e7\u00f5es detalhadas, como ranges de pr\u00e9-flop, categorias de tamanhos de aposta, gr\u00e1ficos de for\u00e7a de m\u00e3os, WinRate da execu\u00e7\u00e3o do stat, entre muitos outros. Neste artigo, vamos analisar detalhadamente &hellip; <a href=\"https:\/\/hand2noteguide.com\/pt\/user-manual\/popup-on-stat\/\" class=\"more-link\">Continue reading <span class=\"screen-reader-text\">Popup avan\u00e7ado em Stat<\/span><\/a><\/p>\n","protected":false},"author":3,"featured_media":14181,"parent":9199,"menu_order":0,"comment_status":"closed","ping_status":"closed","template":"","meta":{"footnotes":""},"class_list":["post-14179","page","type-page","status-publish","has-post-thumbnail","hentry"],"translation":{"provider":"WPGlobus","version":"3.0.2","language":"pt","enabled_languages":["en","ru","pt","zh","es","fr","de","it","ja"],"languages":{"en":{"title":true,"content":true,"excerpt":false},"ru":{"title":true,"content":true,"excerpt":false},"pt":{"title":true,"content":true,"excerpt":false},"zh":{"title":true,"content":true,"excerpt":false},"es":{"title":true,"content":true,"excerpt":false},"fr":{"title":true,"content":true,"excerpt":false},"de":{"title":true,"content":true,"excerpt":false},"it":{"title":true,"content":true,"excerpt":false},"ja":{"title":true,"content":true,"excerpt":false}}},"yoast_head":"<!-- This site is optimized with the Yoast SEO plugin v27.0 - https:\/\/yoast.com\/product\/yoast-seo-wordpress\/ -->\n<title>Popup avan\u00e7ado em Stat no Hand2Note<\/title>\n<meta name=\"description\" content=\"Aprenda a usar popups avan\u00e7ados em stat no Hand2Note para analisar estat\u00edsticas de pr\u00e9-flop e p\u00f3s-flop e melhorar seu jogo.\" \/>\n<meta name=\"robots\" content=\"index, follow, max-snippet:-1, max-image-preview:large, max-video-preview:-1\" \/>\n<link rel=\"canonical\" href=\"https:\/\/hand2noteguide.com\/user-manual\/popup-on-stat\/\" \/>\n<meta property=\"og:locale\" content=\"pt_PT\" \/>\n<meta property=\"og:type\" content=\"article\" \/>\n<meta property=\"og:title\" content=\"Popup avan\u00e7ado em Stat no Hand2Note\" \/>\n<meta property=\"og:description\" content=\"Aprenda a usar popups avan\u00e7ados em stat no Hand2Note para analisar estat\u00edsticas de pr\u00e9-flop e p\u00f3s-flop e melhorar seu jogo.\" \/>\n<meta property=\"og:url\" content=\"https:\/\/hand2noteguide.com\/user-manual\/popup-on-stat\/\" \/>\n<meta property=\"og:site_name\" content=\"Hand2Note Guide\" \/>\n<meta property=\"article:modified_time\" content=\"2026-03-10T08:39:54+00:00\" \/>\n<meta property=\"og:image\" content=\"https:\/\/hand2noteguide.com\/wp-content\/uploads\/2025\/06\/\u0411\u0435\u0437-\u0438\u043c\u0435\u043d\u0438-1-7.jpg\" \/>\n\t<meta property=\"og:image:width\" content=\"1920\" \/>\n\t<meta property=\"og:image:height\" content=\"1080\" \/>\n\t<meta property=\"og:image:type\" content=\"image\/jpeg\" \/>\n<meta name=\"twitter:card\" content=\"summary_large_image\" \/>\n<meta name=\"twitter:label1\" content=\"Est. reading time\" \/>\n\t<meta name=\"twitter:data1\" content=\"29 minutes\" \/>\n<!-- \/ Yoast SEO plugin. -->","yoast_head_json":{"title":"Popup avan\u00e7ado em Stat no Hand2Note","description":"Aprenda a usar popups avan\u00e7ados em stat no Hand2Note para analisar estat\u00edsticas de pr\u00e9-flop e p\u00f3s-flop e melhorar seu jogo.","robots":{"index":"index","follow":"follow","max-snippet":"max-snippet:-1","max-image-preview":"max-image-preview:large","max-video-preview":"max-video-preview:-1"},"canonical":"https:\/\/hand2noteguide.com\/user-manual\/popup-on-stat\/","og_locale":"pt_PT","og_type":"article","og_title":"Popup avan\u00e7ado em Stat no Hand2Note","og_description":"Aprenda a usar popups avan\u00e7ados em stat no Hand2Note para analisar estat\u00edsticas de pr\u00e9-flop e p\u00f3s-flop e melhorar seu jogo.","og_url":"https:\/\/hand2noteguide.com\/user-manual\/popup-on-stat\/","og_site_name":"Hand2Note Guide","article_modified_time":"2026-03-10T08:39:54+00:00","og_image":[{"width":1920,"height":1080,"url":"https:\/\/hand2noteguide.com\/wp-content\/uploads\/2025\/06\/\u0411\u0435\u0437-\u0438\u043c\u0435\u043d\u0438-1-7.jpg","type":"image\/jpeg"}],"twitter_card":"summary_large_image","twitter_misc":{"Est. reading time":"29 minutes"},"schema":{"@context":"https:\/\/schema.org","@graph":[]}},"jetpack_sharing_enabled":true,"_links":{"self":[{"href":"https:\/\/hand2noteguide.com\/pt\/wp-json\/wp\/v2\/pages\/14179","targetHints":{"allow":["GET"]}}],"collection":[{"href":"https:\/\/hand2noteguide.com\/pt\/wp-json\/wp\/v2\/pages"}],"about":[{"href":"https:\/\/hand2noteguide.com\/pt\/wp-json\/wp\/v2\/types\/page"}],"author":[{"embeddable":true,"href":"https:\/\/hand2noteguide.com\/pt\/wp-json\/wp\/v2\/users\/3"}],"replies":[{"embeddable":true,"href":"https:\/\/hand2noteguide.com\/pt\/wp-json\/wp\/v2\/comments?post=14179"}],"version-history":[{"count":68,"href":"https:\/\/hand2noteguide.com\/pt\/wp-json\/wp\/v2\/pages\/14179\/revisions"}],"predecessor-version":[{"id":15641,"href":"https:\/\/hand2noteguide.com\/pt\/wp-json\/wp\/v2\/pages\/14179\/revisions\/15641"}],"up":[{"embeddable":true,"href":"https:\/\/hand2noteguide.com\/pt\/wp-json\/wp\/v2\/pages\/9199"}],"wp:featuredmedia":[{"embeddable":true,"href":"https:\/\/hand2noteguide.com\/pt\/wp-json\/wp\/v2\/media\/14181"}],"wp:attachment":[{"href":"https:\/\/hand2noteguide.com\/pt\/wp-json\/wp\/v2\/media?parent=14179"}],"curies":[{"name":"wp","href":"https:\/\/api.w.org\/{rel}","templated":true}]}}