{"id":142,"date":"2018-07-31T23:22:45","date_gmt":"2018-07-31T20:22:45","guid":{"rendered":"https:\/\/h2n312.wordpress.com\/?page_id=142"},"modified":"2026-04-24T04:25:36","modified_gmt":"2026-04-24T01:25:36","slug":"hand2note-official-support","status":"publish","type":"page","link":"https:\/\/hand2noteguide.com\/pt\/hand2note-official-support\/","title":{"rendered":"Servi\u00e7o de suporte Hand2Note"},"content":{"rendered":"\n<p>Antes de entrar em contato com o suporte do Hand2Note, d\u00ea uma olhada nas poss\u00edveis solu\u00e7\u00f5es para seus problemas. Se voc\u00ea quer entender como uma funcionalidade espec\u00edfica funciona, voc\u00ea pode verificar as informa\u00e7\u00f5es no <a href=\"\/pt\/user-manual\/\">manual do usu\u00e1rio do Hand2Note<\/a> primeiro. Se voc\u00ea tiver problemas com o software, d\u00ea uma olhada na se\u00e7\u00e3o de <a href=\"https:\/\/hand2noteguide.com\/pt\/issues-resolving\/\">resolu\u00e7\u00e3o de problemas<\/a>.<\/p>\n\n\n\n<p>Caso n\u00e3o encontre respostas para suas perguntas, voc\u00ea pode contar com a ajuda de especialistas. A equipe de suporte do Hand2Note trabalha 24\/7 e est\u00e1 sempre pronta para ajud\u00e1-lo. Voc\u00ea pode entrar em contato com os operadores de uma das seguintes maneiras:<\/p>\n\n\n\n<ul class=\"wp-block-list\">\n<li><strong>Chat ao vivo:<\/strong> <a aria-label=\"undefined (opens in a new tab)\" href=\"https:\/\/hand2note.com?rid=2250\" target=\"_blank\" rel=\"noreferrer noopener\">http:\/\/www.hand2note.com\/<\/a><\/li>\n\n\n\n<li><strong>Discord:<\/strong> <a aria-label=\"undefined (opens in a new tab)\" href=\"https:\/\/discord.gg\/Hand2Note\" target=\"_blank\" rel=\"noreferrer noopener\">Servidor Discord do Hand2Note<\/a><\/li>\n\n\n\n<li><strong>Email:<\/strong> <a href=\"mailto:support@hand2note.com\" target=\"_blank\" rel=\"noreferrer noopener\">support@hand2note.com<\/a><\/li>\n<\/ul>\n\n\n<div class=\"wp-block-h2n-alert h2n-alert h2n-alert--info\"><div class=\"h2n-alert__icon\" aria-hidden=\"true\"><svg width=\"22\" height=\"22\" viewBox=\"0 0 24 24\" fill=\"none\" stroke=\"currentColor\" stroke-width=\"2\" stroke-linecap=\"round\" stroke-linejoin=\"round\"><circle cx=\"12\" cy=\"12\" r=\"10\"\/><line x1=\"12\" y1=\"16\" x2=\"12\" y2=\"12\"\/><circle cx=\"12\" cy=\"8\" r=\"1\" fill=\"currentColor\" stroke=\"none\"\/><\/svg><\/div><div class=\"h2n-alert__content\">Se voc\u00ea n\u00e3o v\u00ea a janela de chat no canto inferior direito do site hand2note.com, tente desativar extens\u00f5es de bloqueio de an\u00fancios ou usar o modo an\u00f4nimo do navegador. Se isso n\u00e3o ajudar, os operadores provavelmente est\u00e3o offline no momento. Tente outro meio da lista acima.<\/div><\/div>\n\n\n<p>Por favor, descreva claramente seu problema e forne\u00e7a aos operadores o m\u00e1ximo de informa\u00e7\u00f5es poss\u00edvel:<\/p>\n\n\n\n<ul class=\"wp-block-list\">\n<li>Qual vers\u00e3o do Hand2Note voc\u00ea instalou?<\/li>\n\n\n\n<li>Em qual sala de poker voc\u00ea est\u00e1 jogando atualmente?<\/li>\n\n\n\n<li>Que tipo de poker voc\u00ea joga nesta sala de poker?<\/li>\n\n\n\n<li>Voc\u00ea instalou pacotes de HUD comerciais?&nbsp;<\/li>\n<\/ul>\n\n\n\n<p>Obrigado.<\/p>\n","protected":false},"excerpt":{"rendered":"<p>Antes de entrar em contato com o suporte do Hand2Note, d\u00ea uma olhada nas poss\u00edveis solu\u00e7\u00f5es para seus problemas. Se voc\u00ea quer entender como uma funcionalidade espec\u00edfica funciona, voc\u00ea pode verificar as informa\u00e7\u00f5es no manual do usu\u00e1rio do Hand2Note primeiro. Se voc\u00ea tiver problemas com o software, d\u00ea uma olhada na se\u00e7\u00e3o de resolu\u00e7\u00e3o de &hellip; <a href=\"https:\/\/hand2noteguide.com\/pt\/hand2note-official-support\/\" class=\"more-link\">Continue reading <span class=\"screen-reader-text\">Servi\u00e7o de suporte Hand2Note<\/span><\/a><\/p>\n","protected":false},"author":1,"featured_media":0,"parent":0,"menu_order":0,"comment_status":"closed","ping_status":"closed","template":"page-templates\/full-width-page.php","meta":{"footnotes":""},"class_list":["post-142","page","type-page","status-publish","hentry"],"translation":{"provider":"WPGlobus","version":"3.0.2","language":"pt","enabled_languages":["en","ru","pt","zh","es","fr","de","it","ja"],"languages":{"en":{"title":true,"content":true,"excerpt":false},"ru":{"title":true,"content":true,"excerpt":false},"pt":{"title":true,"content":true,"excerpt":false},"zh":{"title":true,"content":true,"excerpt":false},"es":{"title":true,"content":true,"excerpt":false},"fr":{"title":true,"content":true,"excerpt":false},"de":{"title":true,"content":true,"excerpt":false},"it":{"title":true,"content":true,"excerpt":false},"ja":{"title":true,"content":true,"excerpt":false}}},"yoast_head":"<!-- This site is optimized with the Yoast SEO plugin v27.0 - https:\/\/yoast.com\/product\/yoast-seo-wordpress\/ -->\n<title>Servi\u00e7o de Suporte Hand2Note: Chat ao Vivo, Discord, Email<\/title>\n<meta name=\"description\" content=\"A equipe de suporte do Hand2Note trabalha 24\/7 e est\u00e1 sempre pronta para ajudar. Voc\u00ea pode nos contatar via chat ao vivo, email ou comunidade no Discord. Resolva seus problemas rapidamente!\" \/>\n<meta name=\"robots\" content=\"index, follow, max-snippet:-1, max-image-preview:large, max-video-preview:-1\" \/>\n<link rel=\"canonical\" href=\"https:\/\/hand2noteguide.com\/hand2note-official-support\/\" \/>\n<meta property=\"og:locale\" content=\"pt_PT\" \/>\n<meta property=\"og:type\" content=\"article\" \/>\n<meta property=\"og:title\" content=\"Servi\u00e7o de Suporte Hand2Note: Chat ao Vivo, Discord, Email\" \/>\n<meta property=\"og:description\" content=\"A equipe de suporte do Hand2Note trabalha 24\/7 e est\u00e1 sempre pronta para ajudar. Voc\u00ea pode nos contatar via chat ao vivo, email ou comunidade no Discord. Resolva seus problemas rapidamente!\" \/>\n<meta property=\"og:url\" content=\"https:\/\/hand2noteguide.com\/hand2note-official-support\/\" \/>\n<meta property=\"og:site_name\" content=\"Hand2Note Guide\" \/>\n<meta property=\"article:modified_time\" content=\"2026-04-24T01:25:36+00:00\" \/>\n<meta name=\"twitter:card\" content=\"summary_large_image\" \/>\n<meta name=\"twitter:label1\" content=\"Est. reading time\" \/>\n\t<meta name=\"twitter:data1\" content=\"1 minute\" \/>\n<!-- \/ Yoast SEO plugin. -->","yoast_head_json":{"title":"Servi\u00e7o de Suporte Hand2Note: Chat ao Vivo, Discord, Email","description":"A equipe de suporte do Hand2Note trabalha 24\/7 e est\u00e1 sempre pronta para ajudar. Voc\u00ea pode nos contatar via chat ao vivo, email ou comunidade no Discord. Resolva seus problemas rapidamente!","robots":{"index":"index","follow":"follow","max-snippet":"max-snippet:-1","max-image-preview":"max-image-preview:large","max-video-preview":"max-video-preview:-1"},"canonical":"https:\/\/hand2noteguide.com\/hand2note-official-support\/","og_locale":"pt_PT","og_type":"article","og_title":"Servi\u00e7o de Suporte Hand2Note: Chat ao Vivo, Discord, Email","og_description":"A equipe de suporte do Hand2Note trabalha 24\/7 e est\u00e1 sempre pronta para ajudar. Voc\u00ea pode nos contatar via chat ao vivo, email ou comunidade no Discord. Resolva seus problemas rapidamente!","og_url":"https:\/\/hand2noteguide.com\/hand2note-official-support\/","og_site_name":"Hand2Note Guide","article_modified_time":"2026-04-24T01:25:36+00:00","twitter_card":"summary_large_image","twitter_misc":{"Est. reading time":"1 minute"},"schema":{"@context":"https:\/\/schema.org","@graph":[]}},"jetpack_sharing_enabled":false,"_links":{"self":[{"href":"https:\/\/hand2noteguide.com\/pt\/wp-json\/wp\/v2\/pages\/142","targetHints":{"allow":["GET"]}}],"collection":[{"href":"https:\/\/hand2noteguide.com\/pt\/wp-json\/wp\/v2\/pages"}],"about":[{"href":"https:\/\/hand2noteguide.com\/pt\/wp-json\/wp\/v2\/types\/page"}],"author":[{"embeddable":true,"href":"https:\/\/hand2noteguide.com\/pt\/wp-json\/wp\/v2\/users\/1"}],"replies":[{"embeddable":true,"href":"https:\/\/hand2noteguide.com\/pt\/wp-json\/wp\/v2\/comments?post=142"}],"version-history":[{"count":48,"href":"https:\/\/hand2noteguide.com\/pt\/wp-json\/wp\/v2\/pages\/142\/revisions"}],"predecessor-version":[{"id":16405,"href":"https:\/\/hand2noteguide.com\/pt\/wp-json\/wp\/v2\/pages\/142\/revisions\/16405"}],"wp:attachment":[{"href":"https:\/\/hand2noteguide.com\/pt\/wp-json\/wp\/v2\/media?parent=142"}],"curies":[{"name":"wp","href":"https:\/\/api.w.org\/{rel}","templated":true}]}}