{"id":14539,"date":"2025-09-10T21:06:40","date_gmt":"2025-09-10T18:06:40","guid":{"rendered":"https:\/\/hand2noteguide.com\/?page_id=14539"},"modified":"2026-02-21T10:46:42","modified_gmt":"2026-02-21T07:46:42","slug":"editorial-policy","status":"publish","type":"page","link":"https:\/\/hand2noteguide.com\/pt\/editorial-policy\/","title":{"rendered":"Pol\u00edtica Editorial"},"content":{"rendered":"\n<h2>1. Prop\u00f3sito<\/h2>\n<p><strong>Hand2Note Guide<\/strong> \u00e9 um recurso educacional de p\u00f4quer. Nossa miss\u00e3o \u00e9 fornecer aos jogadores de p\u00f4quer informa\u00e7\u00f5es claras, pr\u00e1ticas e confi\u00e1veis sobre <strong>software de p\u00f4quer<\/strong>: HUDs, solvers, aplicativos de treinamento e outras ferramentas modernas de p\u00f4quer. Tamb\u00e9m publicamos guias simples e acess\u00edveis sobre <strong>regras de p\u00f4quer<\/strong> e t\u00e9cnicas b\u00e1sicas de jogo.<\/p>\n\n<h2>2. Princ\u00edpios de Conte\u00fado<\/h2>\n<p>Todo o nosso conte\u00fado \u00e9 baseado no uso em primeira m\u00e3o de software de p\u00f4quer, experi\u00eancia pr\u00e1tica em p\u00f4quer e aprendizado cont\u00ednuo. Antes da publica\u00e7\u00e3o, cada guia \u00e9 testado e revisado para garantir precis\u00e3o, clareza e independ\u00eancia. Focamos em explicar ferramentas complexas e conceitos te\u00f3ricos de forma simples, tornando-os acess\u00edveis e \u00fateis para jogadores de todos os n\u00edveis. Tamb\u00e9m levamos em considera\u00e7\u00e3o o feedback de nossos leitores e jogadores profissionais, atualizando e melhorando nossos guias quando novos insights ou corre\u00e7\u00f5es s\u00e3o necess\u00e1rios.<\/p>\n\n<h2>3. Atualiza\u00e7\u00f5es<\/h2>\n<p>Revisamos e atualizamos nossos guias regularmente para refletir novas vers\u00f5es de software e mudan\u00e7as na ind\u00fastria do p\u00f4quer. Quando relevante, anotamos a data da \u00faltima atualiza\u00e7\u00e3o diretamente na p\u00e1gina.<\/p>\n\n<h2>4. Autores e Especializa\u00e7\u00e3o<\/h2>\n<p>Nosso time principal inclui <a href=\"https:\/\/hand2noteguide.com\/pt\/author\/admin\/\"><strong>Nick Korolev<\/strong><\/a> \u2014 jogador profissional de No-Limit Holdem, autor do Manual oficial do Hand2Note 3 e membro de longa data de equipes de desenvolvimento de software de p\u00f4quer; <strong>Roman Belousov<\/strong> \u2014 jogador profissional de 6+ Holdem, especialista em HUD e criador da linha de produtos Cosmos HUD; e <a href=\"https:\/\/hand2noteguide.com\/pt\/author\/konstantinabakumov\/\"><strong>Konstantin Abbakumov<\/strong><\/a> \u2014 jogador profissional, especialista em solvers e criador do Exploit HUD. Juntos, eles trazem anos de experi\u00eancia pr\u00e1tica em p\u00f4quer e software, n\u00e3o apenas com o Hand2Note, mas tamb\u00e9m com solvers, aplicativos de treinamento e outras ferramentas de p\u00f4quer.<\/p>\n<p>Tamb\u00e9m colaboramos com outros jogadores respeitados, autores e treinadores. Estar em contato pr\u00f3ximo com desenvolvedores de software nos d\u00e1 uma compreens\u00e3o profunda dessas ferramentas e nos permite explic\u00e1-las claramente.<\/p>\n\n<h2>5. Independ\u00eancia e Links de Afiliados<\/h2>\n<p>\u00c0s vezes inclu\u00edmos links de afiliados para softwares e servi\u00e7os de p\u00f4quer, como Hand2Note, GTO Wizard e Freebetrange. Isso significa que podemos ganhar uma pequena comiss\u00e3o, sem custo adicional para voc\u00ea, se voc\u00ea optar por usar esses links. No entanto, parcerias de afiliados n\u00e3o influenciam nossas decis\u00f5es editoriais. Recomendamos apenas ferramentas que testamos e acreditamos genuinamente serem valiosas para os jogadores.<\/p>\n\n<h2>6. Nosso Compromisso<\/h2>\n<p>Nosso compromisso \u00e9 fornecer conte\u00fado educacional objetivo, transparente e \u00fatil para a comunidade global de p\u00f4quer. Nosso objetivo \u00e9 apoiar jogadores de todos os n\u00edveis tanto no dom\u00ednio das ferramentas quanto na melhoria do jogo em geral.<\/p>\n\n","protected":false},"excerpt":{"rendered":"<p>1. Prop\u00f3sito Hand2Note Guide \u00e9 um recurso educacional de p\u00f4quer. Nossa miss\u00e3o \u00e9 fornecer aos jogadores de p\u00f4quer informa\u00e7\u00f5es claras, pr\u00e1ticas e confi\u00e1veis sobre software de p\u00f4quer: HUDs, solvers, aplicativos de treinamento e outras ferramentas modernas de p\u00f4quer. Tamb\u00e9m publicamos guias simples e acess\u00edveis sobre regras de p\u00f4quer e t\u00e9cnicas b\u00e1sicas de jogo. 2. Princ\u00edpios &hellip; <a href=\"https:\/\/hand2noteguide.com\/pt\/editorial-policy\/\" class=\"more-link\">Continue reading <span class=\"screen-reader-text\">Pol\u00edtica Editorial<\/span><\/a><\/p>\n","protected":false},"author":1,"featured_media":0,"parent":0,"menu_order":0,"comment_status":"closed","ping_status":"closed","template":"page-templates\/full-width-page.php","meta":{"footnotes":""},"class_list":["post-14539","page","type-page","status-publish","hentry"],"translation":{"provider":"WPGlobus","version":"3.0.2","language":"pt","enabled_languages":["en","ru","pt","zh","es","fr","de","it","ja"],"languages":{"en":{"title":true,"content":true,"excerpt":false},"ru":{"title":true,"content":true,"excerpt":false},"pt":{"title":true,"content":true,"excerpt":false},"zh":{"title":true,"content":true,"excerpt":false},"es":{"title":true,"content":true,"excerpt":false},"fr":{"title":true,"content":true,"excerpt":false},"de":{"title":true,"content":true,"excerpt":false},"it":{"title":true,"content":true,"excerpt":false},"ja":{"title":true,"content":true,"excerpt":false}}},"yoast_head":"<!-- This site is optimized with the Yoast SEO plugin v27.0 - https:\/\/yoast.com\/product\/yoast-seo-wordpress\/ -->\n<title>Pol\u00edtica Editorial | Hand2Note Guide<\/title>\n<meta name=\"description\" content=\"Pol\u00edtica Editorial do Hand2Note Guide: todo o conte\u00fado \u00e9 escrito por especialistas em p\u00f4quer, revisado por profissionais e atualizado para garantir precis\u00e3o.\" \/>\n<meta name=\"robots\" content=\"index, follow, max-snippet:-1, max-image-preview:large, max-video-preview:-1\" \/>\n<link rel=\"canonical\" href=\"https:\/\/hand2noteguide.com\/editorial-policy\/\" \/>\n<meta property=\"og:locale\" content=\"pt_PT\" \/>\n<meta property=\"og:type\" content=\"article\" \/>\n<meta property=\"og:title\" content=\"Pol\u00edtica Editorial | Hand2Note Guide\" \/>\n<meta property=\"og:description\" content=\"Pol\u00edtica Editorial do Hand2Note Guide: todo o conte\u00fado \u00e9 escrito por especialistas em p\u00f4quer, revisado por profissionais e atualizado para garantir precis\u00e3o.\" \/>\n<meta property=\"og:url\" content=\"https:\/\/hand2noteguide.com\/editorial-policy\/\" \/>\n<meta property=\"og:site_name\" content=\"Hand2Note Guide\" \/>\n<meta property=\"article:modified_time\" content=\"2026-02-21T07:46:42+00:00\" \/>\n<meta name=\"twitter:card\" content=\"summary_large_image\" \/>\n<meta name=\"twitter:label1\" content=\"Est. reading time\" \/>\n\t<meta name=\"twitter:data1\" content=\"3 minutes\" \/>\n<!-- \/ Yoast SEO plugin. -->","yoast_head_json":{"title":"Pol\u00edtica Editorial | Hand2Note Guide","description":"Pol\u00edtica Editorial do Hand2Note Guide: todo o conte\u00fado \u00e9 escrito por especialistas em p\u00f4quer, revisado por profissionais e atualizado para garantir precis\u00e3o.","robots":{"index":"index","follow":"follow","max-snippet":"max-snippet:-1","max-image-preview":"max-image-preview:large","max-video-preview":"max-video-preview:-1"},"canonical":"https:\/\/hand2noteguide.com\/editorial-policy\/","og_locale":"pt_PT","og_type":"article","og_title":"Pol\u00edtica Editorial | Hand2Note Guide","og_description":"Pol\u00edtica Editorial do Hand2Note Guide: todo o conte\u00fado \u00e9 escrito por especialistas em p\u00f4quer, revisado por profissionais e atualizado para garantir precis\u00e3o.","og_url":"https:\/\/hand2noteguide.com\/editorial-policy\/","og_site_name":"Hand2Note Guide","article_modified_time":"2026-02-21T07:46:42+00:00","twitter_card":"summary_large_image","twitter_misc":{"Est. reading time":"3 minutes"},"schema":{"@context":"https:\/\/schema.org","@graph":[]}},"jetpack_sharing_enabled":true,"_links":{"self":[{"href":"https:\/\/hand2noteguide.com\/pt\/wp-json\/wp\/v2\/pages\/14539","targetHints":{"allow":["GET"]}}],"collection":[{"href":"https:\/\/hand2noteguide.com\/pt\/wp-json\/wp\/v2\/pages"}],"about":[{"href":"https:\/\/hand2noteguide.com\/pt\/wp-json\/wp\/v2\/types\/page"}],"author":[{"embeddable":true,"href":"https:\/\/hand2noteguide.com\/pt\/wp-json\/wp\/v2\/users\/1"}],"replies":[{"embeddable":true,"href":"https:\/\/hand2noteguide.com\/pt\/wp-json\/wp\/v2\/comments?post=14539"}],"version-history":[{"count":88,"href":"https:\/\/hand2noteguide.com\/pt\/wp-json\/wp\/v2\/pages\/14539\/revisions"}],"predecessor-version":[{"id":15046,"href":"https:\/\/hand2noteguide.com\/pt\/wp-json\/wp\/v2\/pages\/14539\/revisions\/15046"}],"wp:attachment":[{"href":"https:\/\/hand2noteguide.com\/pt\/wp-json\/wp\/v2\/media?parent=14539"}],"curies":[{"name":"wp","href":"https:\/\/api.w.org\/{rel}","templated":true}]}}