{"id":147,"date":"2018-08-01T10:53:26","date_gmt":"2018-08-01T07:53:26","guid":{"rendered":"https:\/\/h2n312.wordpress.com\/?page_id=147"},"modified":"2025-06-04T19:14:12","modified_gmt":"2025-06-04T16:14:12","slug":"failed-to-open-database-connection","status":"publish","type":"page","link":"https:\/\/hand2noteguide.com\/pt\/issues-resolving\/failed-to-open-database-connection\/","title":{"rendered":"Falha ao abrir conex\u00e3o com o banco de dados"},"content":{"rendered":"<p>Se tal erro ocorrer durante a inicializa\u00e7\u00e3o do programa, isso significa que o Hand2Note n\u00e3o consegue se conectar ao seu servidor de <a href=\"https:\/\/hand2noteguide.com\/pt\/guide\/database\/\">banco de dados<\/a> embutido. Para resolver este problema, fa\u00e7a o seguinte:<\/p>\n<ol>\n<li>Abra a lista de programas instalados e remova todos os pacotes do <em>Microsoft Visual C++ Redistributable<\/em> de 2013 e 2015 (n\u00e3o toque nos pacotes de outros anos).<\/li>\n<li>Baixe e instale novamente os seguintes pacotes (se voc\u00ea tiver o Windows 64 bits, instale as vers\u00f5es x86 e x64):\n<ul>\n<li><a href=\"https:\/\/www.microsoft.com\/en-US\/download\/details.aspx?id=40784\" target=\"_blank\" rel=\"noopener noreferrer\">Pacotes Redistribu\u00edveis do Visual C++ para o Visual Studio 2013<\/a><\/li>\n<li><a href=\"https:\/\/www.microsoft.com\/en-us\/download\/details.aspx?id=48145\" target=\"_blank\" rel=\"noopener noreferrer\">Redistribu\u00edvel do Visual C++ para o Visual Studio 2015<\/a><\/li>\n<\/ul>\n<\/li>\n<li>Exclua o arquivo <em>DbServer.cg<\/em> da pasta <em>C:\/Program Files\/Hand2Note<\/em>. Se n\u00e3o houver tal arquivo, pule esta etapa.<\/li>\n<li>Reinicie seu PC.<\/li>\n<\/ol>\n<p>Depois disso, tente executar o Hand2Note como administrador.<\/p>\n<p>Se o erro persistir, \u00e9 muito prov\u00e1vel que seu banco de dados tenha sido corrompido. Exclua <a href=\"https:\/\/hand2noteguide.com\/pt\/guide\/database\/where-is-database-stored\/\">a pasta com o banco de dados<\/a> (por padr\u00e3o, \u00e9 <em>C:\/Users\/SeuNomeDeUsu\u00e1rio\/AppData\/Roaming\/Hand2Note\/h2ndb<\/em>) e execute o programa. Ap\u00f3s o lan\u00e7amento, voc\u00ea pode <a href=\"https:\/\/hand2noteguide.com\/pt\/guide\/hands-archive\/\">importar suas m\u00e3os dos arquivos<\/a> para um banco de dados limpo.<\/p>\n","protected":false},"excerpt":{"rendered":"<p>Se tal erro ocorrer durante a inicializa\u00e7\u00e3o do programa, isso significa que o Hand2Note n\u00e3o consegue se conectar ao seu servidor de banco de dados embutido. Para resolver este problema, fa\u00e7a o seguinte: Abra a lista de programas instalados e remova todos os pacotes do Microsoft Visual C++ Redistributable de 2013 e 2015 (n\u00e3o toque &hellip; <a href=\"https:\/\/hand2noteguide.com\/pt\/issues-resolving\/failed-to-open-database-connection\/\" class=\"more-link\">Continue reading <span class=\"screen-reader-text\">Falha ao abrir conex\u00e3o com o banco de dados<\/span><\/a><\/p>\n","protected":false},"author":1,"featured_media":0,"parent":236,"menu_order":2,"comment_status":"closed","ping_status":"closed","template":"page-templates\/full-width-page.php","meta":{"footnotes":""},"class_list":["post-147","page","type-page","status-publish","hentry"],"translation":{"provider":"WPGlobus","version":"3.0.2","language":"pt","enabled_languages":["en","ru","pt","zh","es","fr","de","it","ja"],"languages":{"en":{"title":true,"content":true,"excerpt":false},"ru":{"title":true,"content":true,"excerpt":false},"pt":{"title":true,"content":true,"excerpt":false},"zh":{"title":true,"content":true,"excerpt":false},"es":{"title":true,"content":true,"excerpt":false},"fr":{"title":true,"content":true,"excerpt":false},"de":{"title":true,"content":true,"excerpt":false},"it":{"title":true,"content":true,"excerpt":false},"ja":{"title":true,"content":true,"excerpt":false}}},"yoast_head":"<!-- This site is optimized with the Yoast SEO plugin v27.0 - https:\/\/yoast.com\/product\/yoast-seo-wordpress\/ -->\n<title>Corrija o Erro de Conex\u00e3o do Banco de Dados do Hand2Note Rapidamente<\/title>\n<meta name=\"description\" content=\"Aprenda a resolver erros de conex\u00e3o do banco de dados do Hand2Note com nosso guia passo a passo. Siga estas etapas simples para que seu software funcione novamente sem problemas.\" \/>\n<meta name=\"robots\" content=\"index, follow, max-snippet:-1, max-image-preview:large, max-video-preview:-1\" \/>\n<link rel=\"canonical\" href=\"https:\/\/hand2noteguide.com\/issues-resolving\/failed-to-open-database-connection\/\" \/>\n<meta property=\"og:locale\" content=\"pt_PT\" \/>\n<meta property=\"og:type\" content=\"article\" \/>\n<meta property=\"og:title\" content=\"Corrija o Erro de Conex\u00e3o do Banco de Dados do Hand2Note Rapidamente\" \/>\n<meta property=\"og:description\" content=\"Aprenda a resolver erros de conex\u00e3o do banco de dados do Hand2Note com nosso guia passo a passo. Siga estas etapas simples para que seu software funcione novamente sem problemas.\" \/>\n<meta property=\"og:url\" content=\"https:\/\/hand2noteguide.com\/issues-resolving\/failed-to-open-database-connection\/\" \/>\n<meta property=\"og:site_name\" content=\"Hand2Note Guide\" \/>\n<meta property=\"article:modified_time\" content=\"2025-06-04T16:14:12+00:00\" \/>\n<meta name=\"twitter:card\" content=\"summary_large_image\" \/>\n<meta name=\"twitter:label1\" content=\"Est. reading time\" \/>\n\t<meta name=\"twitter:data1\" content=\"6 minutes\" \/>\n<!-- \/ Yoast SEO plugin. -->","yoast_head_json":{"title":"Corrija o Erro de Conex\u00e3o do Banco de Dados do Hand2Note Rapidamente","description":"Aprenda a resolver erros de conex\u00e3o do banco de dados do Hand2Note com nosso guia passo a passo. Siga estas etapas simples para que seu software funcione novamente sem problemas.","robots":{"index":"index","follow":"follow","max-snippet":"max-snippet:-1","max-image-preview":"max-image-preview:large","max-video-preview":"max-video-preview:-1"},"canonical":"https:\/\/hand2noteguide.com\/issues-resolving\/failed-to-open-database-connection\/","og_locale":"pt_PT","og_type":"article","og_title":"Corrija o Erro de Conex\u00e3o do Banco de Dados do Hand2Note Rapidamente","og_description":"Aprenda a resolver erros de conex\u00e3o do banco de dados do Hand2Note com nosso guia passo a passo. Siga estas etapas simples para que seu software funcione novamente sem problemas.","og_url":"https:\/\/hand2noteguide.com\/issues-resolving\/failed-to-open-database-connection\/","og_site_name":"Hand2Note Guide","article_modified_time":"2025-06-04T16:14:12+00:00","twitter_card":"summary_large_image","twitter_misc":{"Est. reading time":"6 minutes"},"schema":{"@context":"https:\/\/schema.org","@graph":[]}},"jetpack_sharing_enabled":false,"_links":{"self":[{"href":"https:\/\/hand2noteguide.com\/pt\/wp-json\/wp\/v2\/pages\/147","targetHints":{"allow":["GET"]}}],"collection":[{"href":"https:\/\/hand2noteguide.com\/pt\/wp-json\/wp\/v2\/pages"}],"about":[{"href":"https:\/\/hand2noteguide.com\/pt\/wp-json\/wp\/v2\/types\/page"}],"author":[{"embeddable":true,"href":"https:\/\/hand2noteguide.com\/pt\/wp-json\/wp\/v2\/users\/1"}],"replies":[{"embeddable":true,"href":"https:\/\/hand2noteguide.com\/pt\/wp-json\/wp\/v2\/comments?post=147"}],"version-history":[{"count":20,"href":"https:\/\/hand2noteguide.com\/pt\/wp-json\/wp\/v2\/pages\/147\/revisions"}],"predecessor-version":[{"id":13553,"href":"https:\/\/hand2noteguide.com\/pt\/wp-json\/wp\/v2\/pages\/147\/revisions\/13553"}],"up":[{"embeddable":true,"href":"https:\/\/hand2noteguide.com\/pt\/wp-json\/wp\/v2\/pages\/236"}],"wp:attachment":[{"href":"https:\/\/hand2noteguide.com\/pt\/wp-json\/wp\/v2\/media?parent=147"}],"curies":[{"name":"wp","href":"https:\/\/api.w.org\/{rel}","templated":true}]}}