{"id":14796,"date":"2026-01-21T19:18:53","date_gmt":"2026-01-21T16:18:53","guid":{"rendered":"https:\/\/hand2noteguide.com\/?page_id=14796"},"modified":"2026-03-10T11:43:05","modified_gmt":"2026-03-10T08:43:05","slug":"creating-expression-stats-in-hand2note","status":"publish","type":"page","link":"https:\/\/hand2noteguide.com\/pt\/user-manual\/creating-expression-stats-in-hand2note\/","title":{"rendered":"Criando estat\u00edsticas de express\u00e3o no Hand2Note"},"content":{"rendered":"\n<p>O Hand2Note permite que voc\u00ea crie e use m\u00e9tricas personalizadas baseadas em f\u00f3rmulas \u2014 estas s\u00e3o chamadas de &#8220;estat\u00edsticas de express\u00e3o&#8221;. <\/p>\n\n\n\n<p>Estat\u00edsticas simples apenas mostram a frequ\u00eancia de certas a\u00e7\u00f5es em uma m\u00e3o, como &#8220;Open Raise&#8221; ou &#8220;Any Bet flop&#8221;. Estat\u00edsticas de express\u00e3o, como &#8220;Frequ\u00eancia de Agress\u00e3o&#8221; ou &#8220;4Bet Range&#8221;, n\u00e3o s\u00e3o indicadores da frequ\u00eancia de quaisquer a\u00e7\u00f5es e s\u00e3o calculadas usando uma f\u00f3rmula matem\u00e1tica espec\u00edfica que toma estat\u00edsticas simples como seus argumentos.<\/p>\n\n\n\n<p>Cada estat\u00edstica de express\u00e3o \u00e9 essencialmente uma express\u00e3o matem\u00e1tica onde:<\/p>\n\n\n\n<ul class=\"wp-block-list\">\n<li>Os argumentos s\u00e3o as estat\u00edsticas simples que voc\u00ea escolhe.<\/li>\n\n\n\n<li>As fun\u00e7\u00f5es s\u00e3o opera\u00e7\u00f5es (adi\u00e7\u00e3o, multiplica\u00e7\u00e3o, operadores condicionais) que definem a l\u00f3gica do c\u00e1lculo da estat\u00edstica de express\u00e3o.<\/li>\n<\/ul>\n\n\n\n<p>Estat\u00edsticas de express\u00e3o permitem que voc\u00ea refine ou simplifique a an\u00e1lise de quaisquer estat\u00edsticas exibidas. Por exemplo, com a estat\u00edstica &#8220;Frequ\u00eancia de Agress\u00e3o&#8221;, um jogador pode ver tend\u00eancias simplificadas no estilo de jogo de um oponente. Ou refinar seu range de 4-bet, expressando-o n\u00e3o como uma porcentagem de uma a\u00e7\u00e3o espec\u00edfica, mas como uma porcentagem de todo o range de m\u00e3os \u2014 para isso, a estat\u00edstica &#8220;4Bet Range&#8221; \u00e9 usada.<\/p>\n\n\n\n<h2 class=\"wp-block-heading\">Exemplo de cria\u00e7\u00e3o da estat\u00edstica de express\u00e3o <strong>&#8220;<\/strong>4-Bet Range<strong>&#8220;<\/strong> no Hand2Note<\/h2>\n\n\n\n<p>Criar qualquer estat\u00edstica de express\u00e3o no Hand2Note ocorre em etapas:<\/p>\n\n\n\n<ol class=\"wp-block-list\">\n<li>Definindo a f\u00f3rmula l\u00f3gica embutida na estat\u00edstica (definindo a l\u00f3gica da estat\u00edstica).<\/li>\n\n\n\n<li>Criando a f\u00f3rmula para a estat\u00edstica de express\u00e3o, compreens\u00edvel para o Hand2Note.<\/li>\n\n\n\n<li>Criando a estat\u00edstica de express\u00e3o no Hand2Note.<\/li>\n<\/ol>\n\n\n\n<h3 class=\"wp-block-heading\">Definindo a l\u00f3gica da estat\u00edstica <strong>&#8220;<\/strong>4-Bet Range<strong>&#8220;<\/strong><\/h3>\n\n\n\n<p>Primeiro, voc\u00ea precisa determinar qual l\u00f3gica est\u00e1 embutida na estat\u00edstica &#8220;4-Bet Range&#8221;:<br>Ela mostra qual parte de <em>todas as m\u00e3os iniciais poss\u00edveis<\/em> um jogador usa para fazer um 4-bet em uma situa\u00e7\u00e3o espec\u00edfica (contra um 3-bet do oponente).<\/p>\n\n\n\n<p>Para calcular isso, olhamos para a sequ\u00eancia de a\u00e7\u00f5es que um jogador toma ao fazer um 4-bet:<\/p>\n\n\n\n<ol start=\"1\" class=\"wp-block-list\">\n<li><strong>Primeiro:<\/strong> O jogador faz um raise inicial (open raise). Este \u00e9 o primeiro argumento que reduz todo o range de m\u00e3os (100%) para o seu <strong>range de open raise<\/strong>.<\/li>\n\n\n\n<li><strong>Ent\u00e3o:<\/strong> Quando seu raise recebe um 3-bet, ele responde com um 4-bet. Este \u00e9 o segundo argumento que reduz ainda mais seu range de open raise para o <strong>range final de 4-bet<\/strong>.<\/li>\n<\/ol>\n\n\n\n<p>Em seguida, o valor obtido \u00e9 dividido por 100 para uma exibi\u00e7\u00e3o visual em porcentagens.<\/p>\n\n\n\n<p>Como resultado, a f\u00f3rmula l\u00f3gica para a estat\u00edstica &#8220;4-Bet Range&#8221; \u00e9:<\/p>\n\n\n\n<pre class=\"wp-block-code\"><code>Porcentagem de open raise do jogador * Porcentagem de 4-bet do jogador \/ 100<\/code><\/pre>\n\n\n\n<h3 class=\"wp-block-heading\">Criando a f\u00f3rmula para a estat\u00edstica de express\u00e3o <strong>&#8220;<\/strong>4-Bet Range<strong>&#8220;<\/strong>, compreens\u00edvel para o Hand2Note<\/h3>\n\n\n\n<p>No Hand2Note, os argumentos nas f\u00f3rmulas de estat\u00edsticas de express\u00e3o s\u00e3o estat\u00edsticas simples. No nosso caso, precisamos de duas <a href=\"https:\/\/hand2noteguide.com\/pt\/user-manual\/creating-a-simple-stat-continued-bet-on-the-river-in-a-3bet-pot-position\/\">estat\u00edsticas simples<\/a> que criamos no Hand2Note com anteced\u00eancia:<\/p>\n\n\n\n<ul class=\"wp-block-list\">\n<li>Estat\u00edstica <strong>&#8220;Open Raise&#8221;<\/strong> \u2014 exibe a porcentagem de open raise do jogador.<\/li>\n\n\n\n<li>Estat\u00edstica <strong>&#8220;4Bet&#8221;<\/strong> \u2014 exibe a porcentagem de 4-bet do jogador.<\/li>\n<\/ul>\n\n\n\n<p><em>Nas f\u00f3rmulas de estat\u00edsticas de express\u00e3o, voc\u00ea deve usar os nomes exatos das estat\u00edsticas simples. Al\u00e9m disso, evite situa\u00e7\u00f5es em que v\u00e1rias estat\u00edsticas simples com os mesmos nomes existam na configura\u00e7\u00e3o do Hand2Note.<\/em><\/p>\n\n\n\n<p>Agora voc\u00ea precisa determinar as fun\u00e7\u00f5es usadas na estat\u00edstica &#8220;4-Bet Range&#8221;.<\/p>\n\n\n\n<p>Ao criar f\u00f3rmulas de estat\u00edsticas de express\u00e3o, assim como em &#8220;<a href=\"https:\/\/hand2noteguide.com\/pt\/user-manual\/the-multiple-players-tool-in-hand2note-range-research\/\">m\u00faltiplos jogadores<\/a>&#8221; e <a href=\"https:\/\/hand2noteguide.com\/pt\/user-manual\/creating-and-using-badges\/\">badges<\/a> no Hand2Note, fun\u00e7\u00f5es s\u00e3o usadas:<\/p>\n\n\n\n<figure class=\"wp-block-table\"><table><tbody><tr><td>Value<\/td><td>Retorna o valor de execu\u00e7\u00e3o da estat\u00edstica em porcentagens.<\/td><\/tr><tr><td>Cases<\/td><td>Retorna o n\u00famero de casos para a estat\u00edstica. Em outras palavras, retorna o n\u00famero de m\u00e3os onde as a\u00e7\u00f5es do jogador atenderam \u00e0 condi\u00e7\u00e3o definida na estat\u00edstica.<\/td><\/tr><tr><td>Opps<\/td><td>Retorna o n\u00famero de m\u00e3os onde o jogador teve a oportunidade de atender \u00e0 condi\u00e7\u00e3o definida na estat\u00edstica. Este valor tamb\u00e9m \u00e9 chamado de &#8220;amostra&#8221; para a estat\u00edstica.<\/td><\/tr><tr><td>VsHeroCases<\/td><td>Retorna o n\u00famero de m\u00e3os onde o jogador jogou contra o Hero e suas a\u00e7\u00f5es atenderam \u00e0 condi\u00e7\u00e3o definida na estat\u00edstica.<\/td><\/tr><tr><td>vsHeroOpps<\/td><td>Retorna o n\u00famero de m\u00e3os onde o jogador jogou contra o Hero e teve a oportunidade de atender \u00e0 condi\u00e7\u00e3o definida na estat\u00edstica com sua pr\u00f3xima a\u00e7\u00e3o.<\/td><\/tr><tr><td>WonHandCases<\/td><td>Retorna o n\u00famero de m\u00e3os onde as a\u00e7\u00f5es do jogador atenderam \u00e0 condi\u00e7\u00e3o definida na estat\u00edstica, e ele ganhou a m\u00e3o.<\/td><\/tr><tr><td>WentToSDCases<\/td><td>Retorna o n\u00famero de m\u00e3os onde as a\u00e7\u00f5es do jogador atenderam \u00e0 condi\u00e7\u00e3o da estat\u00edstica, e ele foi para o showdown.<\/td><\/tr><tr><td>WonHandAtSDCases<\/td><td>O n\u00famero de m\u00e3os onde o jogador, tendo atendido \u00e0 condi\u00e7\u00e3o da estat\u00edstica, n\u00e3o apenas foi para o showdown, mas tamb\u00e9m ganhou.<\/td><\/tr><tr><td>AmountWon<\/td><td>Retorna o n\u00famero de big blinds ganhos em m\u00e3os que atenderam \u00e0 condi\u00e7\u00e3o definida na estat\u00edstica.<\/td><\/tr><tr><td>ActionProfit<\/td><td>Retorna o valor de ActionProfit em big blinds em m\u00e3os que atenderam \u00e0 condi\u00e7\u00e3o definida na estat\u00edstica.<\/td><\/tr><\/tbody><\/table><\/figure>\n\n\n\n<p>Ao usar cada fun\u00e7\u00e3o com estat\u00edsticas simples, a fun\u00e7\u00e3o deve ser escrita no in\u00edcio, seguida pelo nome da estat\u00edstica simples entre par\u00eanteses, por exemplo:<\/p>\n\n\n\n<pre class=\"wp-block-code\"><code>Cases(Open Raise)<\/code><\/pre>\n\n\n\n<p><em>Al\u00e9m disso, ao escrever f\u00f3rmulas de estat\u00edsticas de express\u00e3o, trabalhar com &#8220;m\u00faltiplos jogadores&#8221; ou criar badges no Hand2Note, voc\u00ea pode usar o operador condicional <code>if<\/code> e outras fun\u00e7\u00f5es matem\u00e1ticas.<\/em><\/p>\n\n\n\n<p>Como na nossa f\u00f3rmula ambas as estat\u00edsticas (&#8220;Open Raise&#8221; e &#8220;4Bet&#8221;) precisam exibir sua porcentagem de execu\u00e7\u00e3o, precisamos da fun\u00e7\u00e3o <code>Value<\/code>.<\/p>\n\n\n\n<p>Como resultado, a f\u00f3rmula para a estat\u00edstica &#8220;4-Bet Range&#8221; ser\u00e1:<\/p>\n\n\n\n<pre class=\"wp-block-code\"><code><code>Value(Open Raise) * Value(4Bet) \/ 100<\/code><\/code><\/pre>\n\n\n\n<h3 class=\"wp-block-heading\">Criando a estat\u00edstica de express\u00e3o &#8220;4-Bet Range&#8221; no Hand2Note<\/h3>\n\n\n\n<p>Para criar uma estat\u00edstica de express\u00e3o no Hand2Note, voc\u00ea precisa abrir o editor de estat\u00edsticas clicando com o bot\u00e3o esquerdo do mouse (LMB) no \u00edcone &#8220;Stat Editor&#8221; (1). Em seguida, para criar uma nova estat\u00edstica, clique em &#8220;+ New Stat&#8221; (2), na janela que aparece, defina o nome (3) (por exemplo, &#8220;4-Bet Range&#8221;) e clique em &#8220;OK&#8221; (4).<\/p>\n\n\n\n<figure class=\"wp-block-image size-large\"><img loading=\"lazy\" decoding=\"async\" width=\"1919\" height=\"1032\" src=\"http:\/\/hand2noteguide.com\/wp-content\/uploads\/2026\/01\/1-1024x551.jpg\" alt=\"\" class=\"wp-image-14834\" srcset=\"https:\/\/hand2noteguide.com\/wp-content\/uploads\/2026\/01\/1-1024x551.jpg 1024w, https:\/\/hand2noteguide.com\/wp-content\/uploads\/2026\/01\/1-300x161.jpg 300w, https:\/\/hand2noteguide.com\/wp-content\/uploads\/2026\/01\/1-768x413.jpg 768w, https:\/\/hand2noteguide.com\/wp-content\/uploads\/2026\/01\/1-1536x826.jpg 1536w, https:\/\/hand2noteguide.com\/wp-content\/uploads\/2026\/01\/1-772x415.jpg 772w, https:\/\/hand2noteguide.com\/wp-content\/uploads\/2026\/01\/1-624x336.jpg 624w, https:\/\/hand2noteguide.com\/wp-content\/uploads\/2026\/01\/1.jpg 1919w\" sizes=\"auto, (max-width: 1919px) 100vw, 1919px\" \/><\/figure>\n\n\n\n<p>Em seguida, voc\u00ea precisa definir os par\u00e2metros necess\u00e1rios para a estat\u00edstica &#8220;4-Bet Range&#8221; criada. Primeiro, certifique-se de que ap\u00f3s sua cria\u00e7\u00e3o, ela esteja aberta para edi\u00e7\u00e3o no editor de estat\u00edsticas (1). Depois v\u00e1 para o menu &#8220;Expression&#8221; (2) e selecione o formato de condi\u00e7\u00e3o de entrada necess\u00e1rio (3).<\/p>\n\n\n\n<figure class=\"wp-block-image size-large\"><img loading=\"lazy\" decoding=\"async\" width=\"1024\" height=\"549\" src=\"http:\/\/hand2noteguide.com\/wp-content\/uploads\/2026\/01\/2-1024x549.jpg\" alt=\"\" class=\"wp-image-14835\" srcset=\"https:\/\/hand2noteguide.com\/wp-content\/uploads\/2026\/01\/2-1024x549.jpg 1024w, https:\/\/hand2noteguide.com\/wp-content\/uploads\/2026\/01\/2-300x161.jpg 300w, https:\/\/hand2noteguide.com\/wp-content\/uploads\/2026\/01\/2-768x411.jpg 768w, https:\/\/hand2noteguide.com\/wp-content\/uploads\/2026\/01\/2-1536x823.jpg 1536w, https:\/\/hand2noteguide.com\/wp-content\/uploads\/2026\/01\/2-772x414.jpg 772w, https:\/\/hand2noteguide.com\/wp-content\/uploads\/2026\/01\/2-624x334.jpg 624w, https:\/\/hand2noteguide.com\/wp-content\/uploads\/2026\/01\/2.jpg 1919w\" sizes=\"auto, (max-width: 1024px) 100vw, 1024px\" \/><\/figure>\n\n\n\n<p><em>Neste exemplo, consideraremos a entrada da condi\u00e7\u00e3o de execu\u00e7\u00e3o da estat\u00edstica no &#8220;Modo Textual&#8221;. Voc\u00ea tamb\u00e9m pode usar o formato regular de condi\u00e7\u00e3o de entrada \u2014 isso n\u00e3o afeta o resultado, mas apenas fornece a oportunidade de editar a condi\u00e7\u00e3o de uma maneira que seja conveniente para voc\u00ea.<\/em><\/p>\n\n\n\n<p>Em seguida, na \u00e1rea de entrada da f\u00f3rmula, insira a f\u00f3rmula previamente composta para o indicador &#8220;4-Bet Range&#8221; (4). Se a f\u00f3rmula for inserida corretamente, uma marca de sele\u00e7\u00e3o verde deve aparecer abaixo dela (5).<\/p>\n\n\n\n<p>\u00c9 assim que as estat\u00edsticas de express\u00e3o s\u00e3o criadas no programa Hand2Note usando o indicador &#8220;4-Bet Range&#8221; como exemplo. Agora ele pode ser usado em HUDs e popups. Para adicionar e usar corretamente estat\u00edsticas de express\u00e3o em HUDs, recomendamos a leitura dos artigos:<\/p>\n\n\n\n<ul class=\"wp-block-list\">\n<li>&#8220;<a href=\"https:\/\/hand2noteguide.com\/pt\/user-manual\/hud-editor-features-and-navigation\/\">Editor de HUD Parte 1: Recursos e Navega\u00e7\u00e3o<\/a>&#8220;<\/li>\n\n\n\n<li>&#8220;<a href=\"https:\/\/hand2noteguide.com\/pt\/user-manual\/hud-editor-creating-a-static-hud\/\">Editor de HUD Parte 2: Criando um HUD Est\u00e1tico<\/a>&#8220;<\/li>\n\n\n\n<li>&#8220;<a href=\"https:\/\/hand2noteguide.com\/pt\/user-manual\/hud-editor-creating-a-positional-hud\/\">Editor de HUD Parte 3: Criando um HUD Posicional<\/a>&#8220;<\/li>\n\n\n\n<li>&#8220;<a href=\"https:\/\/hand2noteguide.com\/pt\/user-manual\/hud-editor-creating-a-dynamic-hud\/\">Editor de HUD Parte 4: Criando um HUD Din\u00e2mico<\/a>&#8220;<\/li>\n<\/ul>\n\n\n\n<h2 class=\"wp-block-heading\">Conclus\u00e3o<\/h2>\n\n\n\n<p>Compreender como funcionam as estat\u00edsticas de express\u00e3o abre caminho para uma an\u00e1lise refinada do jogo usando o Hand2Note. Como vimos, elas n\u00e3o apenas exibem n\u00fameros, mas <strong>revelam conex\u00f5es<\/strong> entre a\u00e7\u00f5es, transformando dados brutos de frequ\u00eancia em indicadores estrat\u00e9gicos significativos.<\/p>\n\n\n\n<p>Assim, voc\u00ea domina n\u00e3o apenas uma fun\u00e7\u00e3o do programa, mas <strong>v\u00e1rias an\u00e1lises dos jogos dos oponentes<\/strong>. Agora voc\u00ea pode construir estat\u00edsticas para testar quaisquer hip\u00f3teses sobre o jogo dos oponentes, transformando dados brutos em m\u00e9tricas personalizadas e estrategicamente significativas. Comece com f\u00f3rmulas simples, experimente \u2014 e seus HUDs e popups falar\u00e3o uma nova linguagem detalhada de estrat\u00e9gia.<\/p>\n","protected":false},"excerpt":{"rendered":"<p>O Hand2Note permite que voc\u00ea crie e use m\u00e9tricas personalizadas baseadas em f\u00f3rmulas \u2014 estas s\u00e3o chamadas de &#8220;estat\u00edsticas de express\u00e3o&#8221;. Estat\u00edsticas simples apenas mostram a frequ\u00eancia de certas a\u00e7\u00f5es em uma m\u00e3o, como &#8220;Open Raise&#8221; ou &#8220;Any Bet flop&#8221;. Estat\u00edsticas de express\u00e3o, como &#8220;Frequ\u00eancia de Agress\u00e3o&#8221; ou &#8220;4Bet Range&#8221;, n\u00e3o s\u00e3o indicadores da frequ\u00eancia &hellip; <a href=\"https:\/\/hand2noteguide.com\/pt\/user-manual\/creating-expression-stats-in-hand2note\/\" class=\"more-link\">Continue reading <span class=\"screen-reader-text\">Criando estat\u00edsticas de express\u00e3o no Hand2Note<\/span><\/a><\/p>\n","protected":false},"author":3,"featured_media":14799,"parent":9199,"menu_order":0,"comment_status":"closed","ping_status":"closed","template":"","meta":{"footnotes":""},"class_list":["post-14796","page","type-page","status-publish","has-post-thumbnail","hentry"],"translation":{"provider":"WPGlobus","version":"3.0.2","language":"pt","enabled_languages":["en","ru","pt","zh","es","fr","de","it","ja"],"languages":{"en":{"title":true,"content":true,"excerpt":false},"ru":{"title":true,"content":true,"excerpt":false},"pt":{"title":true,"content":true,"excerpt":false},"zh":{"title":true,"content":true,"excerpt":false},"es":{"title":true,"content":true,"excerpt":false},"fr":{"title":true,"content":true,"excerpt":false},"de":{"title":true,"content":true,"excerpt":false},"it":{"title":true,"content":true,"excerpt":false},"ja":{"title":true,"content":true,"excerpt":false}}},"yoast_head":"<!-- This site is optimized with the Yoast SEO plugin v27.0 - https:\/\/yoast.com\/product\/yoast-seo-wordpress\/ -->\n<title>Criando e usando estat\u00edsticas de express\u00e3o no Hand2Note<\/title>\n<meta name=\"description\" content=\"Aprenda a criar e usar estat\u00edsticas de express\u00e3o no Hand2Note para aprimorar a an\u00e1lise de jogo e as decis\u00f5es estrat\u00e9gicas no p\u00f4quer.\" \/>\n<meta name=\"robots\" content=\"index, follow, max-snippet:-1, max-image-preview:large, max-video-preview:-1\" \/>\n<link rel=\"canonical\" href=\"https:\/\/hand2noteguide.com\/user-manual\/creating-expression-stats-in-hand2note\/\" \/>\n<meta property=\"og:locale\" content=\"pt_PT\" \/>\n<meta property=\"og:type\" content=\"article\" \/>\n<meta property=\"og:title\" content=\"Criando e usando estat\u00edsticas de express\u00e3o no Hand2Note\" \/>\n<meta property=\"og:description\" content=\"Aprenda a criar e usar estat\u00edsticas de express\u00e3o no Hand2Note para aprimorar a an\u00e1lise de jogo e as decis\u00f5es estrat\u00e9gicas no p\u00f4quer.\" \/>\n<meta property=\"og:url\" content=\"https:\/\/hand2noteguide.com\/user-manual\/creating-expression-stats-in-hand2note\/\" \/>\n<meta property=\"og:site_name\" content=\"Hand2Note Guide\" \/>\n<meta property=\"article:modified_time\" content=\"2026-03-10T08:43:05+00:00\" \/>\n<meta property=\"og:image\" content=\"https:\/\/hand2noteguide.com\/wp-content\/uploads\/2026\/01\/\u0411\u0435\u0437-\u0438\u043c\u0435\u043d\u0438-1.jpg\" \/>\n\t<meta property=\"og:image:width\" content=\"1000\" \/>\n\t<meta property=\"og:image:height\" content=\"750\" \/>\n\t<meta property=\"og:image:type\" content=\"image\/jpeg\" \/>\n<meta name=\"twitter:card\" content=\"summary_large_image\" \/>\n<meta name=\"twitter:label1\" content=\"Est. reading time\" \/>\n\t<meta name=\"twitter:data1\" content=\"7 minutes\" \/>\n<!-- \/ Yoast SEO plugin. -->","yoast_head_json":{"title":"Criando e usando estat\u00edsticas de express\u00e3o no Hand2Note","description":"Aprenda a criar e usar estat\u00edsticas de express\u00e3o no Hand2Note para aprimorar a an\u00e1lise de jogo e as decis\u00f5es estrat\u00e9gicas no p\u00f4quer.","robots":{"index":"index","follow":"follow","max-snippet":"max-snippet:-1","max-image-preview":"max-image-preview:large","max-video-preview":"max-video-preview:-1"},"canonical":"https:\/\/hand2noteguide.com\/user-manual\/creating-expression-stats-in-hand2note\/","og_locale":"pt_PT","og_type":"article","og_title":"Criando e usando estat\u00edsticas de express\u00e3o no Hand2Note","og_description":"Aprenda a criar e usar estat\u00edsticas de express\u00e3o no Hand2Note para aprimorar a an\u00e1lise de jogo e as decis\u00f5es estrat\u00e9gicas no p\u00f4quer.","og_url":"https:\/\/hand2noteguide.com\/user-manual\/creating-expression-stats-in-hand2note\/","og_site_name":"Hand2Note Guide","article_modified_time":"2026-03-10T08:43:05+00:00","og_image":[{"width":1000,"height":750,"url":"https:\/\/hand2noteguide.com\/wp-content\/uploads\/2026\/01\/\u0411\u0435\u0437-\u0438\u043c\u0435\u043d\u0438-1.jpg","type":"image\/jpeg"}],"twitter_card":"summary_large_image","twitter_misc":{"Est. reading time":"7 minutes"},"schema":{"@context":"https:\/\/schema.org","@graph":[]}},"jetpack_sharing_enabled":true,"_links":{"self":[{"href":"https:\/\/hand2noteguide.com\/pt\/wp-json\/wp\/v2\/pages\/14796","targetHints":{"allow":["GET"]}}],"collection":[{"href":"https:\/\/hand2noteguide.com\/pt\/wp-json\/wp\/v2\/pages"}],"about":[{"href":"https:\/\/hand2noteguide.com\/pt\/wp-json\/wp\/v2\/types\/page"}],"author":[{"embeddable":true,"href":"https:\/\/hand2noteguide.com\/pt\/wp-json\/wp\/v2\/users\/3"}],"replies":[{"embeddable":true,"href":"https:\/\/hand2noteguide.com\/pt\/wp-json\/wp\/v2\/comments?post=14796"}],"version-history":[{"count":58,"href":"https:\/\/hand2noteguide.com\/pt\/wp-json\/wp\/v2\/pages\/14796\/revisions"}],"predecessor-version":[{"id":15644,"href":"https:\/\/hand2noteguide.com\/pt\/wp-json\/wp\/v2\/pages\/14796\/revisions\/15644"}],"up":[{"embeddable":true,"href":"https:\/\/hand2noteguide.com\/pt\/wp-json\/wp\/v2\/pages\/9199"}],"wp:featuredmedia":[{"embeddable":true,"href":"https:\/\/hand2noteguide.com\/pt\/wp-json\/wp\/v2\/media\/14799"}],"wp:attachment":[{"href":"https:\/\/hand2noteguide.com\/pt\/wp-json\/wp\/v2\/media?parent=14796"}],"curies":[{"name":"wp","href":"https:\/\/api.w.org\/{rel}","templated":true}]}}