{"id":1527,"date":"2019-07-09T12:57:20","date_gmt":"2019-07-09T09:57:20","guid":{"rendered":"http:\/\/hand2noteguide.com\/?page_id=1527"},"modified":"2025-06-04T17:42:58","modified_gmt":"2025-06-04T14:42:58","slug":"switch-profile","status":"publish","type":"page","link":"https:\/\/hand2noteguide.com\/pt\/guide\/hud\/switch-profile\/","title":{"rendered":"Como alternar o perfil do HUD"},"content":{"rendered":"\n<p>Voc\u00ea pode alternar o perfil do HUD durante o jogo. Clique no \u00edcone \u201cH\u201d na mesa e selecione o item apropriado no menu que aparece.<\/p>\n\n\n\n<figure class=\"wp-block-image\"><img loading=\"lazy\" decoding=\"async\" width=\"398\" height=\"190\" src=\"https:\/\/hand2noteguide.com\/wp-content\/uploads\/2019\/07\/hand2note-switch-profile-1.png\" alt=\"hand2note switch hud profile\" class=\"wp-image-1543\" srcset=\"https:\/\/hand2noteguide.com\/wp-content\/uploads\/2019\/07\/hand2note-switch-profile-1.png 398w, https:\/\/hand2noteguide.com\/wp-content\/uploads\/2019\/07\/hand2note-switch-profile-1-300x143.png 300w\" sizes=\"auto, (max-width: 398px) 100vw, 398px\" \/><\/figure>\n\n\n\n<p>No entanto, uma abordagem mais confi\u00e1vel e correta \u00e9 instalar os perfis necess\u00e1rios nas configura\u00e7\u00f5es do Hand2Note. Para fazer isso, v\u00e1 para <em>Configuration<\/em> \u2192 <em>Game Types<\/em> e selecione os perfis de HUD e popup desejados para cada tipo. Note que voc\u00ea pode <a href=\"https:\/\/hand2noteguide.com\/pt\/guide\/hud\/different-huds-in-different-rooms\/\">usar diferentes HUDs para diferentes salas<\/a>.<\/p>\n\n\n\n<figure class=\"wp-block-image\"><img loading=\"lazy\" decoding=\"async\" width=\"860\" height=\"766\" src=\"https:\/\/hand2noteguide.com\/wp-content\/uploads\/2019\/07\/hand2note-switch-profile-game-types-1.png\" alt=\"hand2note switch profile game types\" class=\"wp-image-1545\" srcset=\"https:\/\/hand2noteguide.com\/wp-content\/uploads\/2019\/07\/hand2note-switch-profile-game-types-1.png 860w, https:\/\/hand2noteguide.com\/wp-content\/uploads\/2019\/07\/hand2note-switch-profile-game-types-1-300x267.png 300w, https:\/\/hand2noteguide.com\/wp-content\/uploads\/2019\/07\/hand2note-switch-profile-game-types-1-768x684.png 768w, https:\/\/hand2noteguide.com\/wp-content\/uploads\/2019\/07\/hand2note-switch-profile-game-types-1-772x688.png 772w, https:\/\/hand2noteguide.com\/wp-content\/uploads\/2019\/07\/hand2note-switch-profile-game-types-1-624x556.png 624w\" sizes=\"auto, (max-width: 860px) 100vw, 860px\" \/><\/figure>\n\n\n\n<p>Para que todas as m\u00e3os jogadas anteriormente sejam levadas em conta no novo perfil, voc\u00ea precisa <a href=\"https:\/\/hand2noteguide.com\/pt\/guide\/rebuild-stats\/\">reconstruir as estat\u00edsticas<\/a> ap\u00f3s as altera\u00e7\u00f5es feitas. Sem reconstruir, o contador de m\u00e3os nos jogadores no novo HUD ser\u00e1 iniciado do zero.<\/p>\n","protected":false},"excerpt":{"rendered":"<p>Voc\u00ea pode alternar o perfil do HUD durante o jogo. Clique no \u00edcone \u201cH\u201d na mesa e selecione o item apropriado no menu que aparece. No entanto, uma abordagem mais confi\u00e1vel e correta \u00e9 instalar os perfis necess\u00e1rios nas configura\u00e7\u00f5es do Hand2Note. Para fazer isso, v\u00e1 para Configuration \u2192 Game Types e selecione os perfis &hellip; <a href=\"https:\/\/hand2noteguide.com\/pt\/guide\/hud\/switch-profile\/\" class=\"more-link\">Continue reading <span class=\"screen-reader-text\">Como alternar o perfil do HUD<\/span><\/a><\/p>\n","protected":false},"author":1,"featured_media":0,"parent":372,"menu_order":0,"comment_status":"closed","ping_status":"closed","template":"page-templates\/full-width-page.php","meta":{"footnotes":""},"class_list":["post-1527","page","type-page","status-publish","hentry"],"translation":{"provider":"WPGlobus","version":"3.0.2","language":"pt","enabled_languages":["en","ru","pt","zh","es","fr","de","it","ja"],"languages":{"en":{"title":true,"content":true,"excerpt":false},"ru":{"title":true,"content":true,"excerpt":false},"pt":{"title":true,"content":true,"excerpt":false},"zh":{"title":true,"content":true,"excerpt":false},"es":{"title":true,"content":true,"excerpt":false},"fr":{"title":true,"content":true,"excerpt":false},"de":{"title":true,"content":true,"excerpt":false},"it":{"title":true,"content":true,"excerpt":false},"ja":{"title":true,"content":true,"excerpt":false}}},"yoast_head":"<!-- This site is optimized with the Yoast SEO plugin v27.0 - https:\/\/yoast.com\/product\/yoast-seo-wordpress\/ -->\n<title>Como trocar o perfil de HUD no Hand2Note 3<\/title>\n<meta name=\"description\" content=\"Aprenda a trocar seu perfil de HUD durante uma sess\u00e3o de poker e configurar perfis no Hand2Note 3 para uma experi\u00eancia fluida.\" \/>\n<meta name=\"robots\" content=\"index, follow, max-snippet:-1, max-image-preview:large, max-video-preview:-1\" \/>\n<link rel=\"canonical\" href=\"https:\/\/hand2noteguide.com\/guide\/hud\/switch-profile\/\" \/>\n<meta property=\"og:locale\" content=\"pt_PT\" \/>\n<meta property=\"og:type\" content=\"article\" \/>\n<meta property=\"og:title\" content=\"Como trocar o perfil de HUD no Hand2Note 3\" \/>\n<meta property=\"og:description\" content=\"Aprenda a trocar seu perfil de HUD durante uma sess\u00e3o de poker e configurar perfis no Hand2Note 3 para uma experi\u00eancia fluida.\" \/>\n<meta property=\"og:url\" content=\"https:\/\/hand2noteguide.com\/guide\/hud\/switch-profile\/\" \/>\n<meta property=\"og:site_name\" content=\"Hand2Note Guide\" \/>\n<meta property=\"article:modified_time\" content=\"2025-06-04T14:42:58+00:00\" \/>\n<meta property=\"og:image\" content=\"https:\/\/hand2noteguide.com\/wp-content\/uploads\/2019\/07\/hand2note-switch-profile-1.png\" \/>\n<meta name=\"twitter:card\" content=\"summary_large_image\" \/>\n<meta name=\"twitter:label1\" content=\"Est. reading time\" \/>\n\t<meta name=\"twitter:data1\" content=\"4 minutes\" \/>\n<!-- \/ Yoast SEO plugin. -->","yoast_head_json":{"title":"Como trocar o perfil de HUD no Hand2Note 3","description":"Aprenda a trocar seu perfil de HUD durante uma sess\u00e3o de poker e configurar perfis no Hand2Note 3 para uma experi\u00eancia fluida.","robots":{"index":"index","follow":"follow","max-snippet":"max-snippet:-1","max-image-preview":"max-image-preview:large","max-video-preview":"max-video-preview:-1"},"canonical":"https:\/\/hand2noteguide.com\/guide\/hud\/switch-profile\/","og_locale":"pt_PT","og_type":"article","og_title":"Como trocar o perfil de HUD no Hand2Note 3","og_description":"Aprenda a trocar seu perfil de HUD durante uma sess\u00e3o de poker e configurar perfis no Hand2Note 3 para uma experi\u00eancia fluida.","og_url":"https:\/\/hand2noteguide.com\/guide\/hud\/switch-profile\/","og_site_name":"Hand2Note Guide","article_modified_time":"2025-06-04T14:42:58+00:00","og_image":[{"url":"https:\/\/hand2noteguide.com\/wp-content\/uploads\/2019\/07\/hand2note-switch-profile-1.png","type":"","width":"","height":""}],"twitter_card":"summary_large_image","twitter_misc":{"Est. reading time":"4 minutes"},"schema":{"@context":"https:\/\/schema.org","@graph":[]}},"jetpack_sharing_enabled":true,"_links":{"self":[{"href":"https:\/\/hand2noteguide.com\/pt\/wp-json\/wp\/v2\/pages\/1527","targetHints":{"allow":["GET"]}}],"collection":[{"href":"https:\/\/hand2noteguide.com\/pt\/wp-json\/wp\/v2\/pages"}],"about":[{"href":"https:\/\/hand2noteguide.com\/pt\/wp-json\/wp\/v2\/types\/page"}],"author":[{"embeddable":true,"href":"https:\/\/hand2noteguide.com\/pt\/wp-json\/wp\/v2\/users\/1"}],"replies":[{"embeddable":true,"href":"https:\/\/hand2noteguide.com\/pt\/wp-json\/wp\/v2\/comments?post=1527"}],"version-history":[{"count":29,"href":"https:\/\/hand2noteguide.com\/pt\/wp-json\/wp\/v2\/pages\/1527\/revisions"}],"predecessor-version":[{"id":13511,"href":"https:\/\/hand2noteguide.com\/pt\/wp-json\/wp\/v2\/pages\/1527\/revisions\/13511"}],"up":[{"embeddable":true,"href":"https:\/\/hand2noteguide.com\/pt\/wp-json\/wp\/v2\/pages\/372"}],"wp:attachment":[{"href":"https:\/\/hand2noteguide.com\/pt\/wp-json\/wp\/v2\/media?parent=1527"}],"curies":[{"name":"wp","href":"https:\/\/api.w.org\/{rel}","templated":true}]}}