{"id":1556,"date":"2019-07-09T13:50:42","date_gmt":"2019-07-09T10:50:42","guid":{"rendered":"http:\/\/hand2noteguide.com\/?page_id=1556"},"modified":"2025-06-04T17:42:09","modified_gmt":"2025-06-04T14:42:09","slug":"different-huds-in-different-rooms","status":"publish","type":"page","link":"https:\/\/hand2noteguide.com\/pt\/guide\/hud\/different-huds-in-different-rooms\/","title":{"rendered":"Usando diferentes HUDs em diferentes salas"},"content":{"rendered":"\n<p>Se voc\u00ea joga em v\u00e1rias salas e deseja usar diferentes perfis de HUD e popups em cada uma ou algumas delas, o Hand2Note oferece essa oportunidade. Para configurar a exibi\u00e7\u00e3o de certos HUDs em salas espec\u00edficas, siga as instru\u00e7\u00f5es abaixo.<\/p>\n\n\n\n<p>V\u00e1 para <em>Configuration<\/em> \u2192 <em>Game Types<\/em>. Antes de tudo, voc\u00ea pode redefinir as configura\u00e7\u00f5es para os valores padr\u00e3o para garantir que n\u00e3o alterou acidentalmente nenhum par\u00e2metro.<\/p>\n\n\n\n<figure class=\"wp-block-image\"><img loading=\"lazy\" decoding=\"async\" width=\"845\" height=\"753\" src=\"https:\/\/hand2noteguide.com\/wp-content\/uploads\/2019\/07\/hand2note-game-types-reset-to-default.png\" alt=\"hand2note game types reset to default\" class=\"wp-image-1589\" srcset=\"https:\/\/hand2noteguide.com\/wp-content\/uploads\/2019\/07\/hand2note-game-types-reset-to-default.png 845w, https:\/\/hand2noteguide.com\/wp-content\/uploads\/2019\/07\/hand2note-game-types-reset-to-default-300x267.png 300w, https:\/\/hand2noteguide.com\/wp-content\/uploads\/2019\/07\/hand2note-game-types-reset-to-default-768x684.png 768w, https:\/\/hand2noteguide.com\/wp-content\/uploads\/2019\/07\/hand2note-game-types-reset-to-default-772x688.png 772w, https:\/\/hand2noteguide.com\/wp-content\/uploads\/2019\/07\/hand2note-game-types-reset-to-default-624x556.png 624w\" sizes=\"auto, (max-width: 845px) 100vw, 845px\" \/><\/figure>\n\n\n\n<p>Defina os perfis a serem usados na maioria das salas por padr\u00e3o. Para jogos de cash, os tipos de jogos padr\u00e3o s\u00e3o <em>NL CASH 3-10 MAX<\/em> e <em>NL CASH HU<\/em>.<\/p>\n\n\n\n<figure class=\"wp-block-image\"><img loading=\"lazy\" decoding=\"async\" width=\"655\" height=\"365\" src=\"https:\/\/hand2noteguide.com\/wp-content\/uploads\/2019\/07\/hand2note-default-cash-game-types.png\" alt=\"hand2note default cash game types\" class=\"wp-image-1590\" srcset=\"https:\/\/hand2noteguide.com\/wp-content\/uploads\/2019\/07\/hand2note-default-cash-game-types.png 655w, https:\/\/hand2noteguide.com\/wp-content\/uploads\/2019\/07\/hand2note-default-cash-game-types-300x167.png 300w, https:\/\/hand2noteguide.com\/wp-content\/uploads\/2019\/07\/hand2note-default-cash-game-types-624x348.png 624w\" sizes=\"auto, (max-width: 655px) 100vw, 655px\" \/><\/figure>\n\n\n\n<p>Se voc\u00ea n\u00e3o quiser que as estat\u00edsticas para heads-up sejam contadas separadamente, simplesmente remova o tipo <em>NL CASH HU<\/em> e, em <em>NL CASH 3-10 MAX<\/em>, defina o filtro \u201cPlayers in the hand\u201d para \u201cde 2 a 10\u201d.<\/p>\n\n\n\n<figure class=\"wp-block-image\"><img loading=\"lazy\" decoding=\"async\" width=\"659\" height=\"469\" src=\"https:\/\/hand2noteguide.com\/wp-content\/uploads\/2019\/07\/hand2note-cash-2-10-max-game-type.png\" alt=\"hand2note cash 2-10 max game type\" class=\"wp-image-1591\" srcset=\"https:\/\/hand2noteguide.com\/wp-content\/uploads\/2019\/07\/hand2note-cash-2-10-max-game-type.png 659w, https:\/\/hand2noteguide.com\/wp-content\/uploads\/2019\/07\/hand2note-cash-2-10-max-game-type-300x214.png 300w, https:\/\/hand2noteguide.com\/wp-content\/uploads\/2019\/07\/hand2note-cash-2-10-max-game-type-624x444.png 624w\" sizes=\"auto, (max-width: 659px) 100vw, 659px\" \/><\/figure>\n\n\n\n<p>Agora voc\u00ea precisa criar tipos de jogos separados para as salas nas quais deseja ver um HUD diferente do que indicou na etapa anterior. Para adicionar um novo tipo de jogo, clique no &#8220;+&#8221; na parte inferior da lista de tipos existentes. Defina um nome arbitr\u00e1rio e o filtro &#8220;Room&#8221;. Os tipos criados devem ser colocados no topo da lista.<\/p>\n\n\n\n<figure class=\"wp-block-image\"><img loading=\"lazy\" decoding=\"async\" width=\"669\" height=\"617\" src=\"https:\/\/hand2noteguide.com\/wp-content\/uploads\/2019\/07\/hand2note-pokerstars-game-type-1.png\" alt=\"hand2note pokerstars game type\" class=\"wp-image-1592\" srcset=\"https:\/\/hand2noteguide.com\/wp-content\/uploads\/2019\/07\/hand2note-pokerstars-game-type-1.png 669w, https:\/\/hand2noteguide.com\/wp-content\/uploads\/2019\/07\/hand2note-pokerstars-game-type-1-300x277.png 300w, https:\/\/hand2noteguide.com\/wp-content\/uploads\/2019\/07\/hand2note-pokerstars-game-type-1-624x575.png 624w\" sizes=\"auto, (max-width: 669px) 100vw, 669px\" \/><\/figure>\n\n\n\n<p>Ap\u00f3s as altera\u00e7\u00f5es, \u00e9 necess\u00e1rio <a href=\"https:\/\/hand2noteguide.com\/pt\/guide\/rebuild-stats\/\">reconstruir as estat\u00edsticas<\/a> para que as novas configura\u00e7\u00f5es de tipo de jogo sejam aplicadas a todo o <a href=\"https:\/\/hand2noteguide.com\/pt\/guide\/database\/\">banco de dados<\/a>.<\/p>\n","protected":false},"excerpt":{"rendered":"<p>Se voc\u00ea joga em v\u00e1rias salas e deseja usar diferentes perfis de HUD e popups em cada uma ou algumas delas, o Hand2Note oferece essa oportunidade. Para configurar a exibi\u00e7\u00e3o de certos HUDs em salas espec\u00edficas, siga as instru\u00e7\u00f5es abaixo. V\u00e1 para Configuration \u2192 Game Types. Antes de tudo, voc\u00ea pode redefinir as configura\u00e7\u00f5es para &hellip; <a href=\"https:\/\/hand2noteguide.com\/pt\/guide\/hud\/different-huds-in-different-rooms\/\" class=\"more-link\">Continue reading <span class=\"screen-reader-text\">Usando diferentes HUDs em diferentes salas<\/span><\/a><\/p>\n","protected":false},"author":1,"featured_media":0,"parent":372,"menu_order":0,"comment_status":"closed","ping_status":"closed","template":"page-templates\/full-width-page.php","meta":{"footnotes":""},"class_list":["post-1556","page","type-page","status-publish","hentry"],"translation":{"provider":"WPGlobus","version":"3.0.2","language":"pt","enabled_languages":["en","ru","pt","zh","es","fr","de","it","ja"],"languages":{"en":{"title":true,"content":true,"excerpt":false},"ru":{"title":true,"content":true,"excerpt":false},"pt":{"title":true,"content":true,"excerpt":false},"zh":{"title":true,"content":true,"excerpt":false},"es":{"title":true,"content":true,"excerpt":false},"fr":{"title":true,"content":true,"excerpt":false},"de":{"title":true,"content":true,"excerpt":false},"it":{"title":true,"content":true,"excerpt":false},"ja":{"title":true,"content":true,"excerpt":false}}},"yoast_head":"<!-- This site is optimized with the Yoast SEO plugin v27.0 - https:\/\/yoast.com\/product\/yoast-seo-wordpress\/ -->\n<title>Personalizando Perfis de HUD para Diferentes Salas de Poker<\/title>\n<meta name=\"description\" content=\"Aprenda a personalizar perfis de HUD e popups para diferentes salas de poker usando o Hand2Note. Siga nosso guia passo a passo para otimizar sua estrat\u00e9gia de poker.\" \/>\n<meta name=\"robots\" content=\"index, follow, max-snippet:-1, max-image-preview:large, max-video-preview:-1\" \/>\n<link rel=\"canonical\" href=\"https:\/\/hand2noteguide.com\/guide\/hud\/different-huds-in-different-rooms\/\" \/>\n<meta property=\"og:locale\" content=\"pt_PT\" \/>\n<meta property=\"og:type\" content=\"article\" \/>\n<meta property=\"og:title\" content=\"Personalizando Perfis de HUD para Diferentes Salas de Poker\" \/>\n<meta property=\"og:description\" content=\"Aprenda a personalizar perfis de HUD e popups para diferentes salas de poker usando o Hand2Note. Siga nosso guia passo a passo para otimizar sua estrat\u00e9gia de poker.\" \/>\n<meta property=\"og:url\" content=\"https:\/\/hand2noteguide.com\/guide\/hud\/different-huds-in-different-rooms\/\" \/>\n<meta property=\"og:site_name\" content=\"Hand2Note Guide\" \/>\n<meta property=\"article:modified_time\" content=\"2025-06-04T14:42:09+00:00\" \/>\n<meta property=\"og:image\" content=\"https:\/\/hand2noteguide.com\/wp-content\/uploads\/2019\/07\/handnote-game-types-reset-to-default.png\" \/>\n<meta name=\"twitter:card\" content=\"summary_large_image\" \/>\n<meta name=\"twitter:label1\" content=\"Est. reading time\" \/>\n\t<meta name=\"twitter:data1\" content=\"7 minutes\" \/>\n<!-- \/ Yoast SEO plugin. -->","yoast_head_json":{"title":"Personalizando Perfis de HUD para Diferentes Salas de Poker","description":"Aprenda a personalizar perfis de HUD e popups para diferentes salas de poker usando o Hand2Note. Siga nosso guia passo a passo para otimizar sua estrat\u00e9gia de poker.","robots":{"index":"index","follow":"follow","max-snippet":"max-snippet:-1","max-image-preview":"max-image-preview:large","max-video-preview":"max-video-preview:-1"},"canonical":"https:\/\/hand2noteguide.com\/guide\/hud\/different-huds-in-different-rooms\/","og_locale":"pt_PT","og_type":"article","og_title":"Personalizando Perfis de HUD para Diferentes Salas de Poker","og_description":"Aprenda a personalizar perfis de HUD e popups para diferentes salas de poker usando o Hand2Note. Siga nosso guia passo a passo para otimizar sua estrat\u00e9gia de poker.","og_url":"https:\/\/hand2noteguide.com\/guide\/hud\/different-huds-in-different-rooms\/","og_site_name":"Hand2Note Guide","article_modified_time":"2025-06-04T14:42:09+00:00","og_image":[{"url":"https:\/\/hand2noteguide.com\/wp-content\/uploads\/2019\/07\/handnote-game-types-reset-to-default.png","type":"","width":"","height":""}],"twitter_card":"summary_large_image","twitter_misc":{"Est. reading time":"7 minutes"},"schema":{"@context":"https:\/\/schema.org","@graph":[]}},"jetpack_sharing_enabled":true,"_links":{"self":[{"href":"https:\/\/hand2noteguide.com\/pt\/wp-json\/wp\/v2\/pages\/1556","targetHints":{"allow":["GET"]}}],"collection":[{"href":"https:\/\/hand2noteguide.com\/pt\/wp-json\/wp\/v2\/pages"}],"about":[{"href":"https:\/\/hand2noteguide.com\/pt\/wp-json\/wp\/v2\/types\/page"}],"author":[{"embeddable":true,"href":"https:\/\/hand2noteguide.com\/pt\/wp-json\/wp\/v2\/users\/1"}],"replies":[{"embeddable":true,"href":"https:\/\/hand2noteguide.com\/pt\/wp-json\/wp\/v2\/comments?post=1556"}],"version-history":[{"count":30,"href":"https:\/\/hand2noteguide.com\/pt\/wp-json\/wp\/v2\/pages\/1556\/revisions"}],"predecessor-version":[{"id":13510,"href":"https:\/\/hand2noteguide.com\/pt\/wp-json\/wp\/v2\/pages\/1556\/revisions\/13510"}],"up":[{"embeddable":true,"href":"https:\/\/hand2noteguide.com\/pt\/wp-json\/wp\/v2\/pages\/372"}],"wp:attachment":[{"href":"https:\/\/hand2noteguide.com\/pt\/wp-json\/wp\/v2\/media?parent=1556"}],"curies":[{"name":"wp","href":"https:\/\/api.w.org\/{rel}","templated":true}]}}