{"id":15713,"date":"2026-03-13T13:27:46","date_gmt":"2026-03-13T10:27:46","guid":{"rendered":"https:\/\/hand2noteguide.com\/?page_id=15713"},"modified":"2026-03-13T13:37:20","modified_gmt":"2026-03-13T10:37:20","slug":"the_use_of_limp_limp-fold_and_limp-raise_stats","status":"publish","type":"page","link":"https:\/\/hand2noteguide.com\/pt\/user-manual\/the_use_of_limp_limp-fold_and_limp-raise_stats\/","title":{"rendered":"Como analisar ranges de jogadores recreativos: limp, limp-raise e limp-fold"},"content":{"rendered":"\n<p>Quando enfrentamos um jogador recreativo na mesa, pensar <em>\u201cele joga mal, ent\u00e3o eu devo ganhar\u201d<\/em> seria um erro. Ainda \u00e9 importante avaliar o jogo dele pela \u00f3tica de \u201crange vs range\u201d. Por\u00e9m, entender o range dele nem sempre \u00e9 f\u00e1cil. A maioria dos jogadores recreativos prefere uma estrat\u00e9gia com alta frequ\u00eancia de limp e baixa frequ\u00eancia de raise, outros utilizam raises grandes no preflop com pouqu\u00edssimos limps, e o menor grupo tem frequ\u00eancias de limp e raise relativamente equilibradas no preflop.<\/p>\n\n\n\n<p>Neste artigo, vamos mostrar <strong>como entender os padr\u00f5es de preflop dos jogadores recreativos ajuda voc\u00ea a jogar as m\u00e3os corretamente contra eles e a ganhar potes de forma consistente<\/strong>.<\/p>\n\n\n\n<h2 class=\"wp-block-heading\">Jogando contra um fish \u201cVIP\u201d<\/h2>\n\n\n\n<p><em>A an\u00e1lise da m\u00e3o foi feita usando o H2N vers\u00e3o 4.1.226 e o <a href=\"https:\/\/www.hudstore.poker\/products\/pbcp-hud\" target=\"_blank\" rel=\"noreferrer noopener\">PBCP HUD<\/a>.<\/em><\/p>\n\n\n\n<p>Como podemos entender a distribui\u00e7\u00e3o do range completo de um jogador recreativo entre diferentes linhas para construir nossa estrat\u00e9gia para a m\u00e3o?<\/p>\n\n\n\n<p>Para isso, eu uso as estat\u00edsticas de limp, limp-fold e limp-raise. No meu HUD elas aparecem como Total, e no popup est\u00e3o divididas por posi\u00e7\u00e3o.<\/p>\n\n\n\n<p>Vamos analisar um exemplo espec\u00edfico. Nesta m\u00e3o, o oponente tem estat\u00edsticas de VPIP 79% e PFR 4%. Este \u00e9 um exemplo cl\u00e1ssico de um fish \u201cVIP\u201d, que entra em potes demais, mas raramente demonstra agressividade antes do flop. Jogar contra esse tipo de oponente tem um valor esperado fortemente positivo, porque seus ranges s\u00e3o amplos demais e vulner\u00e1veis.<\/p>\n\n\n\n<figure class=\"wp-block-image size-full\"><img loading=\"lazy\" decoding=\"async\" width=\"221\" height=\"77\" src=\"https:\/\/hand2noteguide.com\/wp-content\/uploads\/2026\/03\/1.png\" alt=\"\" class=\"wp-image-15741\" \/><\/figure>\n\n\n\n<p>Aqui est\u00e1 a m\u00e3o em si:<\/p>\n\n\n\n<figure class=\"wp-block-image size-full\"><img loading=\"lazy\" decoding=\"async\" width=\"480\" height=\"689\" src=\"https:\/\/hand2noteguide.com\/wp-content\/uploads\/2026\/03\/2.png\" alt=\"\" class=\"wp-image-15742\" srcset=\"https:\/\/hand2noteguide.com\/wp-content\/uploads\/2026\/03\/2.png 480w, https:\/\/hand2noteguide.com\/wp-content\/uploads\/2026\/03\/2-209x300.png 209w\" sizes=\"auto, (max-width: 480px) 100vw, 480px\" \/><\/figure>\n\n\n\n<p>Estou no SB com um par \u2014 2 2. Fa\u00e7o um raise padr\u00e3o de isolamento, mas enfrento um limp-raise. O range m\u00e9dio de limp dele pode ser estimado em cerca de 70%, enquanto o limp-raise \u00e9 de cerca de 5\u20136%, o que significa que o range geral aqui dificilmente ultrapassa 3\u20135%. Com essa distribui\u00e7\u00e3o, o range dele estar\u00e1 fortemente concentrado em m\u00e3os fortes, com um pequeno n\u00famero de m\u00e3os aleat\u00f3rias misturadas.<\/p>\n\n\n\n<p>O raise \u00e9 de 8bb, e com 22 eu preciso pagar mais 3.5bb para pagar o min 3-bet, o que \u00e9 justificado pelas pot odds.<\/p>\n\n\n\n<p>O flop vem Ax \u2014 ruim para mim, porque todas as m\u00e3os AQ\u2013AK conectam com ele. Sem equidade adicional eu simplesmente foldaria 22. Mas eu tenho um gutshot. Preciso de 22.5% de equidade para pagar. Tenho 6 outs vivos, ent\u00e3o \u00e9 call.<\/p>\n\n\n\n<p>O turn \u00e9 +K.<\/p>\n\n\n\n<p>O oponente d\u00e1 check behind, o que me d\u00e1 uma chance no river.<\/p>\n\n\n\n<p>O river \u00e9 um blank (8x).<\/p>\n\n\n\n<p>Como avalio o range dele no river? O oponente tem frequ\u00eancias de agress\u00e3o de 15\/17\/42, ent\u00e3o devo assumir que ele tem alguns slowplays como TP2K, dois pares no topo, ou sets como AA ou KK (cerca de 15\u201317 combos jogados em slowplay), que eu nunca vou conseguir fazer foldar. Por outro lado, h\u00e1 m\u00e3os como TT\u2013QQ e KJ\u2013KQ que melhoraram no turn (digamos cerca de 25 combos). E uma pequena quantidade de m\u00e3os aleat\u00f3rias (5\u20137 combos).<\/p>\n\n\n\n<p>Aqui est\u00e1 o jogo dele em posi\u00e7\u00e3o:<\/p>\n\n\n\n<figure class=\"wp-block-image size-full\"><img loading=\"lazy\" decoding=\"async\" width=\"216\" height=\"249\" src=\"https:\/\/hand2noteguide.com\/wp-content\/uploads\/2026\/03\/3.png\" alt=\"\" class=\"wp-image-15744\" \/><\/figure>\n\n\n\n<p>Decidi tentar faz\u00ea-lo foldar m\u00e3os do tipo dois pares. Contra esse tipo de oponente, voc\u00ea precisa usar um sizing grande \u2014 uma aposta do tamanho do pote ou at\u00e9 um overbet. O showdown ficou assim:<\/p>\n\n\n\n<figure class=\"wp-block-image size-full\"><img loading=\"lazy\" decoding=\"async\" width=\"437\" height=\"128\" src=\"https:\/\/hand2noteguide.com\/wp-content\/uploads\/2026\/03\/4.png\" alt=\"\" class=\"wp-image-15746\" srcset=\"https:\/\/hand2noteguide.com\/wp-content\/uploads\/2026\/03\/4.png 437w, https:\/\/hand2noteguide.com\/wp-content\/uploads\/2026\/03\/4-300x88.png 300w\" sizes=\"auto, (max-width: 437px) 100vw, 437px\" \/><\/figure>\n\n\n\n<p>Depois de avaliar o range dele, parece que eu superestimei minha fold equity. Se eu planejei fazer uma certa categoria de m\u00e3os foldar e n\u00e3o consegui, ent\u00e3o o blefe foi ruim. No entanto, o range do oponente em si foi entendido corretamente.<\/p>\n\n\n\n<h2 class=\"wp-block-heading\">Jogando contra um jogador recreativo m\u00e9dio<\/h2>\n\n\n\n<p>Esta m\u00e3o foi jogada contra um jogador recreativo com estat\u00edsticas em torno de 45\/6 e alta frequ\u00eancia de limp-raise. Aqui est\u00e3o as estat\u00edsticas de limp do meu oponente:<\/p>\n\n\n\n<figure class=\"wp-block-image size-full\"><img loading=\"lazy\" decoding=\"async\" width=\"191\" height=\"76\" src=\"https:\/\/hand2noteguide.com\/wp-content\/uploads\/2026\/03\/5.png\" alt=\"\" class=\"wp-image-15753\" \/><\/figure>\n\n\n\n<p>A grande diferen\u00e7a na frequ\u00eancia de limp-raise entre EP\u2013MP e CO\u2013BU chama aten\u00e7\u00e3o imediatamente. Isso exige ajustes apropriados. Contra as duas primeiras posi\u00e7\u00f5es, voc\u00ea precisa de um range s\u00f3lido e deve estar pronto para jogar contra um range de 3-bet de 14\u201316%, enquanto contra as posi\u00e7\u00f5es finais muitas vezes \u00e9 poss\u00edvel obter lucro autom\u00e1tico ao isolar, o que permite ampliar seu range de raise de isolamento.<\/p>\n\n\n\n<p>Aqui est\u00e1 a m\u00e3o em si:<\/p>\n\n\n\n<figure class=\"wp-block-image size-full\"><img loading=\"lazy\" decoding=\"async\" width=\"484\" height=\"685\" src=\"https:\/\/hand2noteguide.com\/wp-content\/uploads\/2026\/03\/6.png\" alt=\"\" class=\"wp-image-15754\" srcset=\"https:\/\/hand2noteguide.com\/wp-content\/uploads\/2026\/03\/6.png 484w, https:\/\/hand2noteguide.com\/wp-content\/uploads\/2026\/03\/6-212x300.png 212w\" sizes=\"auto, (max-width: 484px) 100vw, 484px\" \/><\/figure>\n\n\n\n<p>No preflop, esta \u00e9 uma \u00f3tima m\u00e3o para isolar esse tipo de oponente. Ela \u00e9 alta, bloqueia algumas das m\u00e3os de raise dele e tem boa equidade quando conecta no p\u00f3s-flop.<\/p>\n\n\n\n<p>O flop vem Kx \u2014 tenho top pair com kicker fraco. Mas para construir uma estrat\u00e9gia para a m\u00e3o, precisamos avaliar o range dele. Ele d\u00e1 limp com 21% das m\u00e3os, das quais ele aumenta cerca de um quarto, folda dois ter\u00e7os e paga cerca de 15\u201320%, o que equivale aproximadamente a 3.5\u20134%. Com essa distribui\u00e7\u00e3o, o range de call deve consistir principalmente de m\u00e3os de for\u00e7a m\u00e9dia.<\/p>\n\n\n\n<p>Quero enfatizar novamente: sem as estat\u00edsticas de limp, limp-raise e limp-fold, eu provavelmente jogaria essa m\u00e3o de forma padr\u00e3o. Mas as estat\u00edsticas do oponente n\u00e3o s\u00e3o padr\u00e3o, o que significa que preciso fazer ajustes.<\/p>\n\n\n\n<p>Minha m\u00e3o est\u00e1 mais ou menos na fronteira entre duas ou tr\u00eas streets de valor.<\/p>\n\n\n\n<p>Aqui est\u00e3o as informa\u00e7\u00f5es que temos sobre o jogo dele em situa\u00e7\u00f5es de limp-call:<\/p>\n\n\n\n<figure class=\"wp-block-image size-full\"><img loading=\"lazy\" decoding=\"async\" width=\"257\" height=\"490\" src=\"https:\/\/hand2noteguide.com\/wp-content\/uploads\/2026\/03\/7.png\" alt=\"\" class=\"wp-image-15755\" srcset=\"https:\/\/hand2noteguide.com\/wp-content\/uploads\/2026\/03\/7.png 257w, https:\/\/hand2noteguide.com\/wp-content\/uploads\/2026\/03\/7-157x300.png 157w\" sizes=\"auto, (max-width: 257px) 100vw, 257px\" \/><\/figure>\n\n\n\n<p>Sabendo que esse oponente gosta de apostar e aumentar com frequ\u00eancia no p\u00f3s-flop quando est\u00e1 em posi\u00e7\u00e3o, constru\u00ed minha estrat\u00e9gia em torno de uma aposta pequena no flop para ampliar o range de call dele, seguida de um check protegido para dar a ele a chance de blefar.<\/p>\n\n\n\n<p>Eu me baseei no seguinte popup:<\/p>\n\n\n\n<figure class=\"wp-block-image size-full\"><img loading=\"lazy\" decoding=\"async\" width=\"221\" height=\"241\" src=\"https:\/\/hand2noteguide.com\/wp-content\/uploads\/2026\/03\/8.png\" alt=\"\" class=\"wp-image-15756\" \/><\/figure>\n\n\n\n<p>Infelizmente, o oponente n\u00e3o apostou no turn nem no river e mostrou o seguinte no showdown:<\/p>\n\n\n\n<figure class=\"wp-block-image size-full\"><img loading=\"lazy\" decoding=\"async\" width=\"416\" height=\"125\" src=\"https:\/\/hand2noteguide.com\/wp-content\/uploads\/2026\/03\/9.png\" alt=\"\" class=\"wp-image-15757\" srcset=\"https:\/\/hand2noteguide.com\/wp-content\/uploads\/2026\/03\/9.png 416w, https:\/\/hand2noteguide.com\/wp-content\/uploads\/2026\/03\/9-300x90.png 300w\" sizes=\"auto, (max-width: 416px) 100vw, 416px\" \/><\/figure>\n\n\n\n<p>Ele fez segundo par no turn e decidiu, de forma razo\u00e1vel, n\u00e3o transformar seu valor de showdown em blefe. No entanto, gostaria de destacar que ele pagou demais no flop \u2014 na verdade, a m\u00e3o dele deveria foldar ali. Isso sugere que o plano dele era me tirar do pote atrav\u00e9s de a\u00e7\u00f5es agressivas.<\/p>\n\n\n\n<h2 class=\"wp-block-heading\">Conclus\u00e3o<\/h2>\n\n\n\n<p>Entender os ranges dos oponentes provavelmente \u00e9 o principal fator que separa um jogador profissional de um jogador recreativo. E, como vimos nos dois exemplos acima, esse entendimento \u00e9 simplesmente imposs\u00edvel sem estat\u00edsticas de qualidade.<\/p>\n\n\n\n<p>Ent\u00e3o, da pr\u00f3xima vez que voc\u00ea se sentar \u00e0 mesa e vir um \u201cfish\u201d do outro lado, n\u00e3o pense: \u201cvou destru\u00ed\u2011lo porque ele joga mal\u201d. Em vez disso, pense: \u201co que eu sei sobre o limp-raise dele? Com que frequ\u00eancia ele faz slowplay? Com quais m\u00e3os ele paga no flop?\u201d. Abra seu popup \u2014 aquele que aprendemos a criar \u2014 e d\u00ea uma olhada. Nesses n\u00fameros secos, toda a hist\u00f3ria da m\u00e3o que voc\u00ea est\u00e1 prestes a jogar j\u00e1 est\u00e1 escrita. Tudo o que resta \u00e9 n\u00e3o confundir par de dois com ases no river e apertar check no momento certo.<\/p>\n\n\n\n<p>Hoje vimos como as estat\u00edsticas de \u201climp\u201d, \u201climp-raise\u201d e \u201climp-fold\u201d nos ajudam a construir uma imagem do range de um oponente. E lembre-se: elas devem ser analisadas em conjunto, e s\u00f3 ent\u00e3o voc\u00ea deve construir sua estrat\u00e9gia de jogo com base no range espec\u00edfico que atribui ao advers\u00e1rio.<\/p>\n","protected":false},"excerpt":{"rendered":"<p>Quando enfrentamos um jogador recreativo na mesa, pensar \u201cele joga mal, ent\u00e3o eu devo ganhar\u201d seria um erro. Ainda \u00e9 importante avaliar o jogo dele pela \u00f3tica de \u201crange vs range\u201d. Por\u00e9m, entender o range dele nem sempre \u00e9 f\u00e1cil. A maioria dos jogadores recreativos prefere uma estrat\u00e9gia com alta frequ\u00eancia de limp e baixa &hellip; <a href=\"https:\/\/hand2noteguide.com\/pt\/user-manual\/the_use_of_limp_limp-fold_and_limp-raise_stats\/\" class=\"more-link\">Continue reading <span class=\"screen-reader-text\">Como analisar ranges de jogadores recreativos: limp, limp-raise e limp-fold<\/span><\/a><\/p>\n","protected":false},"author":18,"featured_media":15716,"parent":9199,"menu_order":0,"comment_status":"closed","ping_status":"closed","template":"","meta":{"footnotes":""},"class_list":["post-15713","page","type-page","status-publish","has-post-thumbnail","hentry"],"translation":{"provider":"WPGlobus","version":"3.0.2","language":"pt","enabled_languages":["en","ru","pt","zh","es","fr","de","it","ja"],"languages":{"en":{"title":true,"content":true,"excerpt":false},"ru":{"title":true,"content":true,"excerpt":false},"pt":{"title":true,"content":true,"excerpt":false},"zh":{"title":true,"content":true,"excerpt":false},"es":{"title":true,"content":true,"excerpt":false},"fr":{"title":true,"content":true,"excerpt":false},"de":{"title":true,"content":true,"excerpt":false},"it":{"title":true,"content":true,"excerpt":false},"ja":{"title":true,"content":true,"excerpt":false}}},"yoast_head":"<!-- This site is optimized with the Yoast SEO plugin v27.0 - https:\/\/yoast.com\/product\/yoast-seo-wordpress\/ -->\n<title>Analise fish com stats de limp e limp-raise<\/title>\n<meta name=\"description\" content=\"Aprenda como os stats de limp, limp-raise e limp-fold ajudam a estimar ranges de fish, ajustar isolations e achar linhas lucrativas no p\u00f3s-flop.\" \/>\n<meta name=\"robots\" content=\"index, follow, max-snippet:-1, max-image-preview:large, max-video-preview:-1\" \/>\n<link rel=\"canonical\" href=\"https:\/\/hand2noteguide.com\/user-manual\/the_use_of_limp_limp-fold_and_limp-raise_stats\/\" \/>\n<meta property=\"og:locale\" content=\"pt_PT\" \/>\n<meta property=\"og:type\" content=\"article\" \/>\n<meta property=\"og:title\" content=\"Analise fish com stats de limp e limp-raise\" \/>\n<meta property=\"og:description\" content=\"Aprenda como os stats de limp, limp-raise e limp-fold ajudam a estimar ranges de fish, ajustar isolations e achar linhas lucrativas no p\u00f3s-flop.\" \/>\n<meta property=\"og:url\" content=\"https:\/\/hand2noteguide.com\/user-manual\/the_use_of_limp_limp-fold_and_limp-raise_stats\/\" \/>\n<meta property=\"og:site_name\" content=\"Hand2Note Guide\" \/>\n<meta property=\"article:modified_time\" content=\"2026-03-13T10:37:20+00:00\" \/>\n<meta property=\"og:image\" content=\"https:\/\/hand2noteguide.com\/wp-content\/uploads\/2026\/03\/\u0413\u043b\u0430\u0432\u043d\u0430\u044f-\u0432\u0441-\u043b\u0438\u043c\u043f-1024x540.png\" \/>\n\t<meta property=\"og:image:width\" content=\"1024\" \/>\n\t<meta property=\"og:image:height\" content=\"540\" \/>\n\t<meta property=\"og:image:type\" content=\"image\/png\" \/>\n<meta name=\"twitter:card\" content=\"summary_large_image\" \/>\n<meta name=\"twitter:label1\" content=\"Est. reading time\" \/>\n\t<meta name=\"twitter:data1\" content=\"7 minutes\" \/>\n<!-- \/ Yoast SEO plugin. -->","yoast_head_json":{"title":"Analise fish com stats de limp e limp-raise","description":"Aprenda como os stats de limp, limp-raise e limp-fold ajudam a estimar ranges de fish, ajustar isolations e achar linhas lucrativas no p\u00f3s-flop.","robots":{"index":"index","follow":"follow","max-snippet":"max-snippet:-1","max-image-preview":"max-image-preview:large","max-video-preview":"max-video-preview:-1"},"canonical":"https:\/\/hand2noteguide.com\/user-manual\/the_use_of_limp_limp-fold_and_limp-raise_stats\/","og_locale":"pt_PT","og_type":"article","og_title":"Analise fish com stats de limp e limp-raise","og_description":"Aprenda como os stats de limp, limp-raise e limp-fold ajudam a estimar ranges de fish, ajustar isolations e achar linhas lucrativas no p\u00f3s-flop.","og_url":"https:\/\/hand2noteguide.com\/user-manual\/the_use_of_limp_limp-fold_and_limp-raise_stats\/","og_site_name":"Hand2Note Guide","article_modified_time":"2026-03-13T10:37:20+00:00","og_image":[{"width":1024,"height":540,"url":"https:\/\/hand2noteguide.com\/wp-content\/uploads\/2026\/03\/\u0413\u043b\u0430\u0432\u043d\u0430\u044f-\u0432\u0441-\u043b\u0438\u043c\u043f-1024x540.png","type":"image\/png"}],"twitter_card":"summary_large_image","twitter_misc":{"Est. reading time":"7 minutes"},"schema":{"@context":"https:\/\/schema.org","@graph":[]}},"jetpack_sharing_enabled":true,"_links":{"self":[{"href":"https:\/\/hand2noteguide.com\/pt\/wp-json\/wp\/v2\/pages\/15713","targetHints":{"allow":["GET"]}}],"collection":[{"href":"https:\/\/hand2noteguide.com\/pt\/wp-json\/wp\/v2\/pages"}],"about":[{"href":"https:\/\/hand2noteguide.com\/pt\/wp-json\/wp\/v2\/types\/page"}],"author":[{"embeddable":true,"href":"https:\/\/hand2noteguide.com\/pt\/wp-json\/wp\/v2\/users\/18"}],"replies":[{"embeddable":true,"href":"https:\/\/hand2noteguide.com\/pt\/wp-json\/wp\/v2\/comments?post=15713"}],"version-history":[{"count":19,"href":"https:\/\/hand2noteguide.com\/pt\/wp-json\/wp\/v2\/pages\/15713\/revisions"}],"predecessor-version":[{"id":15907,"href":"https:\/\/hand2noteguide.com\/pt\/wp-json\/wp\/v2\/pages\/15713\/revisions\/15907"}],"up":[{"embeddable":true,"href":"https:\/\/hand2noteguide.com\/pt\/wp-json\/wp\/v2\/pages\/9199"}],"wp:featuredmedia":[{"embeddable":true,"href":"https:\/\/hand2noteguide.com\/pt\/wp-json\/wp\/v2\/media\/15716"}],"wp:attachment":[{"href":"https:\/\/hand2noteguide.com\/pt\/wp-json\/wp\/v2\/media?parent=15713"}],"curies":[{"name":"wp","href":"https:\/\/api.w.org\/{rel}","templated":true}]}}