{"id":15886,"date":"2026-03-13T12:30:40","date_gmt":"2026-03-13T09:30:40","guid":{"rendered":"https:\/\/hand2noteguide.com\/?page_id=15886"},"modified":"2026-03-13T12:39:21","modified_gmt":"2026-03-13T09:39:21","slug":"preflop-gto-trainer","status":"publish","type":"page","link":"https:\/\/hand2noteguide.com\/pt\/poker\/free-poker-tools\/preflop-gto-trainer\/","title":{"rendered":"Treinador GTO de pr\u00e9-flop"},"content":{"rendered":"","protected":false},"excerpt":{"rendered":"","protected":false},"author":1,"featured_media":0,"parent":15195,"menu_order":0,"comment_status":"closed","ping_status":"closed","template":"page-templates\/preflop-trainer.php","meta":{"footnotes":""},"class_list":["post-15886","page","type-page","status-publish","hentry"],"translation":{"provider":"WPGlobus","version":"3.0.2","language":"pt","enabled_languages":["en","ru","pt","zh","es","fr","de","it","ja"],"languages":{"en":{"title":true,"content":false,"excerpt":false},"ru":{"title":true,"content":false,"excerpt":false},"pt":{"title":true,"content":false,"excerpt":false},"zh":{"title":true,"content":false,"excerpt":false},"es":{"title":true,"content":false,"excerpt":false},"fr":{"title":true,"content":false,"excerpt":false},"de":{"title":true,"content":false,"excerpt":false},"it":{"title":true,"content":false,"excerpt":false},"ja":{"title":true,"content":false,"excerpt":false}}},"yoast_head":"<!-- This site is optimized with the Yoast SEO plugin v27.0 - https:\/\/yoast.com\/product\/yoast-seo-wordpress\/ -->\n<title>Treinador GTO de pr\u00e9-flop \u2013 treine estrat\u00e9gia \u00f3tima<\/title>\n<meta name=\"description\" content=\"Treine ranges GTO no nosso treinador interativo de pr\u00e9-flop. Jogue contra oponentes GTO em v\u00e1rias posi\u00e7\u00f5es e cen\u00e1rios.\" \/>\n<meta name=\"robots\" content=\"index, follow, max-snippet:-1, max-image-preview:large, max-video-preview:-1\" \/>\n<link rel=\"canonical\" href=\"https:\/\/hand2noteguide.com\/poker\/free-poker-tools\/preflop-gto-trainer\/\" \/>\n<meta property=\"og:locale\" content=\"pt_PT\" \/>\n<meta property=\"og:type\" content=\"article\" \/>\n<meta property=\"og:title\" content=\"Treinador GTO de pr\u00e9-flop \u2013 treine estrat\u00e9gia \u00f3tima\" \/>\n<meta property=\"og:description\" content=\"Treine ranges GTO no nosso treinador interativo de pr\u00e9-flop. Jogue contra oponentes GTO em v\u00e1rias posi\u00e7\u00f5es e cen\u00e1rios.\" \/>\n<meta property=\"og:url\" content=\"https:\/\/hand2noteguide.com\/poker\/free-poker-tools\/preflop-gto-trainer\/\" \/>\n<meta property=\"og:site_name\" content=\"Hand2Note Guide\" \/>\n<meta property=\"article:modified_time\" content=\"2026-03-13T09:39:21+00:00\" \/>\n<meta name=\"twitter:card\" content=\"summary_large_image\" \/>\n<!-- \/ Yoast SEO plugin. -->","yoast_head_json":{"title":"Treinador GTO de pr\u00e9-flop \u2013 treine estrat\u00e9gia \u00f3tima","description":"Treine ranges GTO no nosso treinador interativo de pr\u00e9-flop. Jogue contra oponentes GTO em v\u00e1rias posi\u00e7\u00f5es e cen\u00e1rios.","robots":{"index":"index","follow":"follow","max-snippet":"max-snippet:-1","max-image-preview":"max-image-preview:large","max-video-preview":"max-video-preview:-1"},"canonical":"https:\/\/hand2noteguide.com\/poker\/free-poker-tools\/preflop-gto-trainer\/","og_locale":"pt_PT","og_type":"article","og_title":"Treinador GTO de pr\u00e9-flop \u2013 treine estrat\u00e9gia \u00f3tima","og_description":"Treine ranges GTO no nosso treinador interativo de pr\u00e9-flop. Jogue contra oponentes GTO em v\u00e1rias posi\u00e7\u00f5es e cen\u00e1rios.","og_url":"https:\/\/hand2noteguide.com\/poker\/free-poker-tools\/preflop-gto-trainer\/","og_site_name":"Hand2Note Guide","article_modified_time":"2026-03-13T09:39:21+00:00","twitter_card":"summary_large_image","schema":{"@context":"https:\/\/schema.org","@graph":[]}},"jetpack_sharing_enabled":true,"_links":{"self":[{"href":"https:\/\/hand2noteguide.com\/pt\/wp-json\/wp\/v2\/pages\/15886","targetHints":{"allow":["GET"]}}],"collection":[{"href":"https:\/\/hand2noteguide.com\/pt\/wp-json\/wp\/v2\/pages"}],"about":[{"href":"https:\/\/hand2noteguide.com\/pt\/wp-json\/wp\/v2\/types\/page"}],"author":[{"embeddable":true,"href":"https:\/\/hand2noteguide.com\/pt\/wp-json\/wp\/v2\/users\/1"}],"replies":[{"embeddable":true,"href":"https:\/\/hand2noteguide.com\/pt\/wp-json\/wp\/v2\/comments?post=15886"}],"version-history":[{"count":9,"href":"https:\/\/hand2noteguide.com\/pt\/wp-json\/wp\/v2\/pages\/15886\/revisions"}],"predecessor-version":[{"id":15895,"href":"https:\/\/hand2noteguide.com\/pt\/wp-json\/wp\/v2\/pages\/15886\/revisions\/15895"}],"up":[{"embeddable":true,"href":"https:\/\/hand2noteguide.com\/pt\/wp-json\/wp\/v2\/pages\/15195"}],"wp:attachment":[{"href":"https:\/\/hand2noteguide.com\/pt\/wp-json\/wp\/v2\/media?parent=15886"}],"curies":[{"name":"wp","href":"https:\/\/api.w.org\/{rel}","templated":true}]}}