{"id":15922,"date":"2026-03-28T13:03:50","date_gmt":"2026-03-28T10:03:50","guid":{"rendered":"https:\/\/hand2noteguide.com\/?page_id=15922"},"modified":"2026-03-28T13:12:22","modified_gmt":"2026-03-28T10:12:22","slug":"hand2note_popup_editor_creating_a_professional_popup","status":"publish","type":"page","link":"https:\/\/hand2noteguide.com\/pt\/user-manual\/hand2note_popup_editor_creating_a_professional_popup\/","title":{"rendered":"Hand2Note Popup Editor: criando um popup profissional"},"content":{"rendered":"\n<p>Na \u00faltima vez, conclu\u00edmos a etapa de \u201cfamiliariza\u00e7\u00e3o\u201d: aprendemos a navegar pela interface do editor de popups e criamos um popup simples.<\/p>\n\n\n\n<p>Hoje, o objetivo \u00e9 mais ambicioso \u2014 criar uma ferramenta complexa e multin\u00edvel. Vamos ver como adicionar abas a um popup, integrar histogramas de for\u00e7a de m\u00e3os no p\u00f3s-flop, usar diagramas de pr\u00e9-flop e configurar estat\u00edsticas detalhadas para uma an\u00e1lise mais profunda do jogo.<\/p>\n\n\n\n<h2 class=\"wp-block-heading\">Como ser\u00e1 o popup final?<\/h2>\n\n\n\n<p>Anteriormente, ao trabalhar com o editor de popups, criamos um popup que se parece com isto:<\/p>\n\n\n\n<figure class=\"wp-block-image size-large\"><img loading=\"lazy\" decoding=\"async\" width=\"1024\" height=\"540\" src=\"https:\/\/hand2noteguide.com\/wp-content\/uploads\/2026\/03\/\u041f\u0440\u0438\u043c\u0435\u0440-\u043f\u043e\u043f\u0430\u043f\u0430-1024x540.jpg\" alt=\"\" class=\"wp-image-15441\" srcset=\"https:\/\/hand2noteguide.com\/wp-content\/uploads\/2026\/03\/\u041f\u0440\u0438\u043c\u0435\u0440-\u043f\u043e\u043f\u0430\u043f\u0430-1024x540.jpg 1024w, https:\/\/hand2noteguide.com\/wp-content\/uploads\/2026\/03\/\u041f\u0440\u0438\u043c\u0435\u0440-\u043f\u043e\u043f\u0430\u043f\u0430-300x158.jpg 300w, https:\/\/hand2noteguide.com\/wp-content\/uploads\/2026\/03\/\u041f\u0440\u0438\u043c\u0435\u0440-\u043f\u043e\u043f\u0430\u043f\u0430-768x405.jpg 768w, https:\/\/hand2noteguide.com\/wp-content\/uploads\/2026\/03\/\u041f\u0440\u0438\u043c\u0435\u0440-\u043f\u043e\u043f\u0430\u043f\u0430-1536x811.jpg 1536w, https:\/\/hand2noteguide.com\/wp-content\/uploads\/2026\/03\/\u041f\u0440\u0438\u043c\u0435\u0440-\u043f\u043e\u043f\u0430\u043f\u0430-2048x1081.jpg 2048w, https:\/\/hand2noteguide.com\/wp-content\/uploads\/2026\/03\/\u041f\u0440\u0438\u043c\u0435\u0440-\u043f\u043e\u043f\u0430\u043f\u0430-772x407.jpg 772w\" sizes=\"auto, (max-width: 1024px) 100vw, 1024px\" \/><\/figure>\n\n\n\n<p>Agora \u00e9 hora de evolu\u00ed-lo: adicionar abas aninhadas, exibi\u00e7\u00f5es gr\u00e1ficas de ranges e outros elementos que transformam estat\u00edsticas b\u00e1sicas em uma ferramenta anal\u00edtica completa:<\/p>\n\n\n\n<figure class=\"wp-block-image size-large\"><img loading=\"lazy\" decoding=\"async\" width=\"1024\" height=\"540\" src=\"https:\/\/hand2noteguide.com\/wp-content\/uploads\/2026\/03\/\u0421\u043b\u043e\u0436\u043d\u044b\u0439-\u043f\u043e\u043f\u0430\u043f-\u043f\u0440\u0435\u0432\u044c\u044e-1024x540.jpg\" alt=\"\" class=\"wp-image-15935\" srcset=\"https:\/\/hand2noteguide.com\/wp-content\/uploads\/2026\/03\/\u0421\u043b\u043e\u0436\u043d\u044b\u0439-\u043f\u043e\u043f\u0430\u043f-\u043f\u0440\u0435\u0432\u044c\u044e-1024x540.jpg 1024w, https:\/\/hand2noteguide.com\/wp-content\/uploads\/2026\/03\/\u0421\u043b\u043e\u0436\u043d\u044b\u0439-\u043f\u043e\u043f\u0430\u043f-\u043f\u0440\u0435\u0432\u044c\u044e-300x158.jpg 300w, https:\/\/hand2noteguide.com\/wp-content\/uploads\/2026\/03\/\u0421\u043b\u043e\u0436\u043d\u044b\u0439-\u043f\u043e\u043f\u0430\u043f-\u043f\u0440\u0435\u0432\u044c\u044e-768x405.jpg 768w, https:\/\/hand2noteguide.com\/wp-content\/uploads\/2026\/03\/\u0421\u043b\u043e\u0436\u043d\u044b\u0439-\u043f\u043e\u043f\u0430\u043f-\u043f\u0440\u0435\u0432\u044c\u044e-1536x811.jpg 1536w, https:\/\/hand2noteguide.com\/wp-content\/uploads\/2026\/03\/\u0421\u043b\u043e\u0436\u043d\u044b\u0439-\u043f\u043e\u043f\u0430\u043f-\u043f\u0440\u0435\u0432\u044c\u044e-2048x1081.jpg 2048w, https:\/\/hand2noteguide.com\/wp-content\/uploads\/2026\/03\/\u0421\u043b\u043e\u0436\u043d\u044b\u0439-\u043f\u043e\u043f\u0430\u043f-\u043f\u0440\u0435\u0432\u044c\u044e-772x407.jpg 772w\" sizes=\"auto, (max-width: 1024px) 100vw, 1024px\" \/><\/figure>\n\n\n\n<h2 class=\"wp-block-heading\">Criando uma nova aba no popup<\/h2>\n\n\n\n<p>Usando os m\u00e9todos descritos no artigo &#8220;<a href=\"https:\/\/hand2noteguide.com\/pt\/user-manual\/popup_editor_navigation_and_creating_a_simple_popup_in_hand2note\/\" id=\"https:\/\/hand2noteguide.com\/user-manual\/popup_editor_navigation_and_creating_a_simple_popup_in_hand2note\/\">Hand2Note Popup Editor: criando um popup simples<\/a>&#8220;, crie uma nova aba no popup, aplique um painel de popup a ela e preencha com as estat\u00edsticas e r\u00f3tulos necess\u00e1rios. Vale destacar que, para este exemplo, n\u00f3s <a href=\"https:\/\/hand2noteguide.com\/pt\/user-manual\/creating-a-simple-stat-continued-bet-on-the-river-in-a-3bet-pot-position\/\" id=\"https:\/\/hand2noteguide.com\/user-manual\/creating-a-simple-stat-continued-bet-on-the-river-in-a-3bet-pot-position\/\">criamos previamente as estat\u00edsticas necess\u00e1rias<\/a>. Um exemplo da aba rec\u00e9m-criada \u201cRFI+\u201d:<\/p>\n\n\n\n<figure class=\"wp-block-image size-large\"><img loading=\"lazy\" decoding=\"async\" width=\"1024\" height=\"540\" src=\"https:\/\/hand2noteguide.com\/wp-content\/uploads\/2026\/03\/\u0421\u043b\u043e\u0436\u043d\u044b\u0439-\u043f\u043e\u043f\u0430\u043f-1-1024x540.jpg\" alt=\"\" class=\"wp-image-15965\" srcset=\"https:\/\/hand2noteguide.com\/wp-content\/uploads\/2026\/03\/\u0421\u043b\u043e\u0436\u043d\u044b\u0439-\u043f\u043e\u043f\u0430\u043f-1-1024x540.jpg 1024w, https:\/\/hand2noteguide.com\/wp-content\/uploads\/2026\/03\/\u0421\u043b\u043e\u0436\u043d\u044b\u0439-\u043f\u043e\u043f\u0430\u043f-1-300x158.jpg 300w, https:\/\/hand2noteguide.com\/wp-content\/uploads\/2026\/03\/\u0421\u043b\u043e\u0436\u043d\u044b\u0439-\u043f\u043e\u043f\u0430\u043f-1-768x405.jpg 768w, https:\/\/hand2noteguide.com\/wp-content\/uploads\/2026\/03\/\u0421\u043b\u043e\u0436\u043d\u044b\u0439-\u043f\u043e\u043f\u0430\u043f-1-1536x811.jpg 1536w, https:\/\/hand2noteguide.com\/wp-content\/uploads\/2026\/03\/\u0421\u043b\u043e\u0436\u043d\u044b\u0439-\u043f\u043e\u043f\u0430\u043f-1-2048x1081.jpg 2048w, https:\/\/hand2noteguide.com\/wp-content\/uploads\/2026\/03\/\u0421\u043b\u043e\u0436\u043d\u044b\u0439-\u043f\u043e\u043f\u0430\u043f-1-772x407.jpg 772w\" sizes=\"auto, (max-width: 1024px) 100vw, 1024px\" \/><\/figure>\n\n\n\n<h3 class=\"wp-block-heading\">Adicionando histogramas de p\u00f3s-flop<\/h3>\n\n\n\n<p>Vamos come\u00e7ar adicionando histogramas de p\u00f3s-flop ao lado das estat\u00edsticas que refletem a frequ\u00eancia de continuation bet de um jogador.<\/p>\n\n\n\n<figure class=\"wp-block-image size-large\"><img loading=\"lazy\" decoding=\"async\" width=\"1024\" height=\"540\" src=\"https:\/\/hand2noteguide.com\/wp-content\/uploads\/2026\/03\/\u0421\u043b\u043e\u0436\u043d\u044b\u0439-\u043f\u043e\u043f\u0430\u043f-2-1024x540.jpg\" alt=\"\" class=\"wp-image-15967\" srcset=\"https:\/\/hand2noteguide.com\/wp-content\/uploads\/2026\/03\/\u0421\u043b\u043e\u0436\u043d\u044b\u0439-\u043f\u043e\u043f\u0430\u043f-2-1024x540.jpg 1024w, https:\/\/hand2noteguide.com\/wp-content\/uploads\/2026\/03\/\u0421\u043b\u043e\u0436\u043d\u044b\u0439-\u043f\u043e\u043f\u0430\u043f-2-300x158.jpg 300w, https:\/\/hand2noteguide.com\/wp-content\/uploads\/2026\/03\/\u0421\u043b\u043e\u0436\u043d\u044b\u0439-\u043f\u043e\u043f\u0430\u043f-2-768x405.jpg 768w, https:\/\/hand2noteguide.com\/wp-content\/uploads\/2026\/03\/\u0421\u043b\u043e\u0436\u043d\u044b\u0439-\u043f\u043e\u043f\u0430\u043f-2-1536x811.jpg 1536w, https:\/\/hand2noteguide.com\/wp-content\/uploads\/2026\/03\/\u0421\u043b\u043e\u0436\u043d\u044b\u0439-\u043f\u043e\u043f\u0430\u043f-2-2048x1081.jpg 2048w, https:\/\/hand2noteguide.com\/wp-content\/uploads\/2026\/03\/\u0421\u043b\u043e\u0436\u043d\u044b\u0439-\u043f\u043e\u043f\u0430\u043f-2-772x407.jpg 772w\" sizes=\"auto, (max-width: 1024px) 100vw, 1024px\" \/><\/figure>\n\n\n\n<p>Para adicionar um histograma, clique com o bot\u00e3o direito na c\u00e9lula desejada. Em seguida, no menu que aparecer, passe o cursor sobre \u201cInsert\u201d e selecione \u201cPostflop histogram\u201d na lista suspensa.<\/p>\n\n\n\n<figure class=\"wp-block-image size-large\"><img loading=\"lazy\" decoding=\"async\" width=\"1024\" height=\"540\" src=\"https:\/\/hand2noteguide.com\/wp-content\/uploads\/2026\/03\/\u0421\u043b\u043e\u0436\u043d\u044b\u0439-\u043f\u043e\u043f\u0430\u043f-4-1024x540.jpg\" alt=\"\" class=\"wp-image-15971\" srcset=\"https:\/\/hand2noteguide.com\/wp-content\/uploads\/2026\/03\/\u0421\u043b\u043e\u0436\u043d\u044b\u0439-\u043f\u043e\u043f\u0430\u043f-4-1024x540.jpg 1024w, https:\/\/hand2noteguide.com\/wp-content\/uploads\/2026\/03\/\u0421\u043b\u043e\u0436\u043d\u044b\u0439-\u043f\u043e\u043f\u0430\u043f-4-300x158.jpg 300w, https:\/\/hand2noteguide.com\/wp-content\/uploads\/2026\/03\/\u0421\u043b\u043e\u0436\u043d\u044b\u0439-\u043f\u043e\u043f\u0430\u043f-4-768x405.jpg 768w, https:\/\/hand2noteguide.com\/wp-content\/uploads\/2026\/03\/\u0421\u043b\u043e\u0436\u043d\u044b\u0439-\u043f\u043e\u043f\u0430\u043f-4-1536x811.jpg 1536w, https:\/\/hand2noteguide.com\/wp-content\/uploads\/2026\/03\/\u0421\u043b\u043e\u0436\u043d\u044b\u0439-\u043f\u043e\u043f\u0430\u043f-4-2048x1081.jpg 2048w, https:\/\/hand2noteguide.com\/wp-content\/uploads\/2026\/03\/\u0421\u043b\u043e\u0436\u043d\u044b\u0439-\u043f\u043e\u043f\u0430\u043f-4-772x407.jpg 772w\" sizes=\"auto, (max-width: 1024px) 100vw, 1024px\" \/><\/figure>\n\n\n\n<p>Para expandir o histograma de p\u00f3s-flop pelo n\u00famero necess\u00e1rio de c\u00e9lulas, selecione-as, clique com o bot\u00e3o direito e escolha \u201cMerge\u201d. Regra importante: ao mesclar, a c\u00e9lula que cont\u00e9m o histograma deve sempre estar no canto superior esquerdo da \u00e1rea selecionada.<\/p>\n\n\n\n<p>Agora voc\u00ea precisa atribuir a estat\u00edstica que cada histograma ir\u00e1 exibir.<\/p>\n\n\n\n<figure class=\"wp-block-image size-large\"><img loading=\"lazy\" decoding=\"async\" width=\"1024\" height=\"540\" src=\"https:\/\/hand2noteguide.com\/wp-content\/uploads\/2026\/03\/\u0421\u043b\u043e\u0436\u043d\u044b\u0439-\u043f\u043e\u043f\u0430\u043f-5-1024x540.jpg\" alt=\"\" class=\"wp-image-15973\" srcset=\"https:\/\/hand2noteguide.com\/wp-content\/uploads\/2026\/03\/\u0421\u043b\u043e\u0436\u043d\u044b\u0439-\u043f\u043e\u043f\u0430\u043f-5-1024x540.jpg 1024w, https:\/\/hand2noteguide.com\/wp-content\/uploads\/2026\/03\/\u0421\u043b\u043e\u0436\u043d\u044b\u0439-\u043f\u043e\u043f\u0430\u043f-5-300x158.jpg 300w, https:\/\/hand2noteguide.com\/wp-content\/uploads\/2026\/03\/\u0421\u043b\u043e\u0436\u043d\u044b\u0439-\u043f\u043e\u043f\u0430\u043f-5-768x405.jpg 768w, https:\/\/hand2noteguide.com\/wp-content\/uploads\/2026\/03\/\u0421\u043b\u043e\u0436\u043d\u044b\u0439-\u043f\u043e\u043f\u0430\u043f-5-1536x811.jpg 1536w, https:\/\/hand2noteguide.com\/wp-content\/uploads\/2026\/03\/\u0421\u043b\u043e\u0436\u043d\u044b\u0439-\u043f\u043e\u043f\u0430\u043f-5-2048x1081.jpg 2048w, https:\/\/hand2noteguide.com\/wp-content\/uploads\/2026\/03\/\u0421\u043b\u043e\u0436\u043d\u044b\u0439-\u043f\u043e\u043f\u0430\u043f-5-772x407.jpg 772w\" sizes=\"auto, (max-width: 1024px) 100vw, 1024px\" \/><\/figure>\n\n\n\n<p>Para adicionar uma estat\u00edstica a um histograma, abra o menu de navega\u00e7\u00e3o \u201cStats\u201d no lado esquerdo da janela, encontre a estat\u00edstica desejada e arraste-a diretamente para o histograma.<\/p>\n\n\n\n<h3 class=\"wp-block-heading\">Criando abas internas e adicionando diagramas de pr\u00e9-flop<\/h3>\n\n\n\n<p>Agora vamos ver como adicionar abas internas e inserir diagramas de pr\u00e9-flop dentro delas para as estat\u00edsticas necess\u00e1rias.<\/p>\n\n\n\n<p>Clique com o bot\u00e3o direito em uma \u00e1rea vazia no espa\u00e7o de trabalho do popup e selecione \u201cInner Tabs\u201d \u2014 isso adicionar\u00e1 um painel vazio com abas internas.<\/p>\n\n\n\n<figure class=\"wp-block-image size-large\"><img loading=\"lazy\" decoding=\"async\" width=\"1024\" height=\"540\" src=\"https:\/\/hand2noteguide.com\/wp-content\/uploads\/2026\/03\/\u0421\u043b\u043e\u0436\u043d\u044b\u0439-\u043f\u043e\u043f\u0430\u043f-6-1024x540.jpg\" alt=\"\" class=\"wp-image-15980\" srcset=\"https:\/\/hand2noteguide.com\/wp-content\/uploads\/2026\/03\/\u0421\u043b\u043e\u0436\u043d\u044b\u0439-\u043f\u043e\u043f\u0430\u043f-6-1024x540.jpg 1024w, https:\/\/hand2noteguide.com\/wp-content\/uploads\/2026\/03\/\u0421\u043b\u043e\u0436\u043d\u044b\u0439-\u043f\u043e\u043f\u0430\u043f-6-300x158.jpg 300w, https:\/\/hand2noteguide.com\/wp-content\/uploads\/2026\/03\/\u0421\u043b\u043e\u0436\u043d\u044b\u0439-\u043f\u043e\u043f\u0430\u043f-6-768x405.jpg 768w, https:\/\/hand2noteguide.com\/wp-content\/uploads\/2026\/03\/\u0421\u043b\u043e\u0436\u043d\u044b\u0439-\u043f\u043e\u043f\u0430\u043f-6-1536x811.jpg 1536w, https:\/\/hand2noteguide.com\/wp-content\/uploads\/2026\/03\/\u0421\u043b\u043e\u0436\u043d\u044b\u0439-\u043f\u043e\u043f\u0430\u043f-6-2048x1081.jpg 2048w, https:\/\/hand2noteguide.com\/wp-content\/uploads\/2026\/03\/\u0421\u043b\u043e\u0436\u043d\u044b\u0439-\u043f\u043e\u043f\u0430\u043f-6-772x407.jpg 772w\" sizes=\"auto, (max-width: 1024px) 100vw, 1024px\" \/><\/figure>\n\n\n\n<p>Em seguida, ajuste a apar\u00eancia: para deixar as abas mais compactas, clique no \u00edcone de engrenagem no canto superior direito e ative a op\u00e7\u00e3o \u201cSmaller Tabs\u201d. Depois, crie o n\u00famero necess\u00e1rio de abas e renomeie-as \u2014 clique no nome da aba, selecione \u201cRename\u201d e atribua um nome conveniente. Repita esses passos para cada aba, por exemplo: \u201cRFI EP\u201d, \u201cRFI MP\u201d, \u201cRFI CO\u201d, \u201cRFI BTN\u201d, \u201cRFI SB\u201d.<\/p>\n\n\n\n<figure class=\"wp-block-image size-large\"><img loading=\"lazy\" decoding=\"async\" width=\"1024\" height=\"540\" src=\"https:\/\/hand2noteguide.com\/wp-content\/uploads\/2026\/03\/\u0421\u043b\u043e\u0436\u043d\u044b\u0439-\u043f\u043e\u043f\u0430\u043f-7-1024x540.jpg\" alt=\"\" class=\"wp-image-15981\" srcset=\"https:\/\/hand2noteguide.com\/wp-content\/uploads\/2026\/03\/\u0421\u043b\u043e\u0436\u043d\u044b\u0439-\u043f\u043e\u043f\u0430\u043f-7-1024x540.jpg 1024w, https:\/\/hand2noteguide.com\/wp-content\/uploads\/2026\/03\/\u0421\u043b\u043e\u0436\u043d\u044b\u0439-\u043f\u043e\u043f\u0430\u043f-7-300x158.jpg 300w, https:\/\/hand2noteguide.com\/wp-content\/uploads\/2026\/03\/\u0421\u043b\u043e\u0436\u043d\u044b\u0439-\u043f\u043e\u043f\u0430\u043f-7-768x405.jpg 768w, https:\/\/hand2noteguide.com\/wp-content\/uploads\/2026\/03\/\u0421\u043b\u043e\u0436\u043d\u044b\u0439-\u043f\u043e\u043f\u0430\u043f-7-1536x811.jpg 1536w, https:\/\/hand2noteguide.com\/wp-content\/uploads\/2026\/03\/\u0421\u043b\u043e\u0436\u043d\u044b\u0439-\u043f\u043e\u043f\u0430\u043f-7-2048x1081.jpg 2048w, https:\/\/hand2noteguide.com\/wp-content\/uploads\/2026\/03\/\u0421\u043b\u043e\u0436\u043d\u044b\u0439-\u043f\u043e\u043f\u0430\u043f-7-772x407.jpg 772w\" sizes=\"auto, (max-width: 1024px) 100vw, 1024px\" \/><\/figure>\n\n\n\n<p>Agora voc\u00ea precisa adicionar um diagrama de pr\u00e9-flop a cada uma das abas internas criadas. Para isso, clique com o bot\u00e3o direito em um espa\u00e7o vazio dentro da aba desejada e selecione \u201cPreflop Diagram\u201d.<\/p>\n\n\n\n<figure class=\"wp-block-image size-large\"><img loading=\"lazy\" decoding=\"async\" width=\"1024\" height=\"540\" src=\"https:\/\/hand2noteguide.com\/wp-content\/uploads\/2026\/03\/\u0421\u043b\u043e\u0436\u043d\u044b\u0439-\u043f\u043e\u043f\u0430\u043f-8-1024x540.jpg\" alt=\"\" class=\"wp-image-15983\" srcset=\"https:\/\/hand2noteguide.com\/wp-content\/uploads\/2026\/03\/\u0421\u043b\u043e\u0436\u043d\u044b\u0439-\u043f\u043e\u043f\u0430\u043f-8-1024x540.jpg 1024w, https:\/\/hand2noteguide.com\/wp-content\/uploads\/2026\/03\/\u0421\u043b\u043e\u0436\u043d\u044b\u0439-\u043f\u043e\u043f\u0430\u043f-8-300x158.jpg 300w, https:\/\/hand2noteguide.com\/wp-content\/uploads\/2026\/03\/\u0421\u043b\u043e\u0436\u043d\u044b\u0439-\u043f\u043e\u043f\u0430\u043f-8-768x405.jpg 768w, https:\/\/hand2noteguide.com\/wp-content\/uploads\/2026\/03\/\u0421\u043b\u043e\u0436\u043d\u044b\u0439-\u043f\u043e\u043f\u0430\u043f-8-1536x811.jpg 1536w, https:\/\/hand2noteguide.com\/wp-content\/uploads\/2026\/03\/\u0421\u043b\u043e\u0436\u043d\u044b\u0439-\u043f\u043e\u043f\u0430\u043f-8-2048x1081.jpg 2048w, https:\/\/hand2noteguide.com\/wp-content\/uploads\/2026\/03\/\u0421\u043b\u043e\u0436\u043d\u044b\u0439-\u043f\u043e\u043f\u0430\u043f-8-772x407.jpg 772w\" sizes=\"auto, (max-width: 1024px) 100vw, 1024px\" \/><\/figure>\n\n\n\n<p>Em seguida, voc\u00ea precisa atribuir a estat\u00edstica que cada diagrama ir\u00e1 exibir.<\/p>\n\n\n\n<figure class=\"wp-block-image size-large\"><img loading=\"lazy\" decoding=\"async\" width=\"1024\" height=\"540\" src=\"https:\/\/hand2noteguide.com\/wp-content\/uploads\/2026\/03\/\u0421\u043b\u043e\u0436\u043d\u044b\u0439-\u043f\u043e\u043f\u0430\u043f-9-1024x540.jpg\" alt=\"\" class=\"wp-image-15984\" srcset=\"https:\/\/hand2noteguide.com\/wp-content\/uploads\/2026\/03\/\u0421\u043b\u043e\u0436\u043d\u044b\u0439-\u043f\u043e\u043f\u0430\u043f-9-1024x540.jpg 1024w, https:\/\/hand2noteguide.com\/wp-content\/uploads\/2026\/03\/\u0421\u043b\u043e\u0436\u043d\u044b\u0439-\u043f\u043e\u043f\u0430\u043f-9-300x158.jpg 300w, https:\/\/hand2noteguide.com\/wp-content\/uploads\/2026\/03\/\u0421\u043b\u043e\u0436\u043d\u044b\u0439-\u043f\u043e\u043f\u0430\u043f-9-768x405.jpg 768w, https:\/\/hand2noteguide.com\/wp-content\/uploads\/2026\/03\/\u0421\u043b\u043e\u0436\u043d\u044b\u0439-\u043f\u043e\u043f\u0430\u043f-9-1536x811.jpg 1536w, https:\/\/hand2noteguide.com\/wp-content\/uploads\/2026\/03\/\u0421\u043b\u043e\u0436\u043d\u044b\u0439-\u043f\u043e\u043f\u0430\u043f-9-2048x1081.jpg 2048w, https:\/\/hand2noteguide.com\/wp-content\/uploads\/2026\/03\/\u0421\u043b\u043e\u0436\u043d\u044b\u0439-\u043f\u043e\u043f\u0430\u043f-9-772x407.jpg 772w\" sizes=\"auto, (max-width: 1024px) 100vw, 1024px\" \/><\/figure>\n\n\n\n<p>Para adicionar uma estat\u00edstica a um diagrama, abra o menu de navega\u00e7\u00e3o \u201cStats\u201d no lado esquerdo da janela, encontre a estat\u00edstica desejada e arraste-a diretamente para o diagrama.<\/p>\n\n\n\n<p>Da mesma forma, crie abas e adicione diagramas de pr\u00e9-flop para cada estat\u00edstica que voc\u00ea deseja exibir. Ap\u00f3s isso, a cria\u00e7\u00e3o de um popup profissional complexo pode ser considerada conclu\u00edda.<\/p>\n\n\n\n<h2 class=\"wp-block-heading\">Conclus\u00e3o<\/h2>\n\n\n\n<p>Resumindo, criar um popup complexo \u00e9 um processo composto por v\u00e1rias etapas l\u00f3gicas que voc\u00ea agora domina.<\/p>\n\n\n\n<p>Primeiro, a interface foi aprimorada com histogramas visuais de p\u00f3s-flop que mostram as frequ\u00eancias de continuation bet, e depois foi organizada uma estrutura de abas internas. Gra\u00e7as a essas abas, tornou-se poss\u00edvel exibir v\u00e1rios diagramas de pr\u00e9-flop ao mesmo tempo de forma organizada. O resultado \u00e9 uma ferramenta compacta, por\u00e9m poderosa: em vez de n\u00fameros dispersos, voc\u00ea agora tem representa\u00e7\u00f5es visuais de ranges e das principais a\u00e7\u00f5es agressivas, tornando a an\u00e1lise mais r\u00e1pida e precisa.<\/p>\n","protected":false},"excerpt":{"rendered":"<p>Na \u00faltima vez, conclu\u00edmos a etapa de \u201cfamiliariza\u00e7\u00e3o\u201d: aprendemos a navegar pela interface do editor de popups e criamos um popup simples. Hoje, o objetivo \u00e9 mais ambicioso \u2014 criar uma ferramenta complexa e multin\u00edvel. Vamos ver como adicionar abas a um popup, integrar histogramas de for\u00e7a de m\u00e3os no p\u00f3s-flop, usar diagramas de pr\u00e9-flop &hellip; <a href=\"https:\/\/hand2noteguide.com\/pt\/user-manual\/hand2note_popup_editor_creating_a_professional_popup\/\" class=\"more-link\">Continue reading <span class=\"screen-reader-text\">Hand2Note Popup Editor: criando um popup profissional<\/span><\/a><\/p>\n","protected":false},"author":3,"featured_media":15927,"parent":9199,"menu_order":0,"comment_status":"closed","ping_status":"closed","template":"","meta":{"footnotes":""},"class_list":["post-15922","page","type-page","status-publish","has-post-thumbnail","hentry"],"translation":{"provider":"WPGlobus","version":"3.0.2","language":"pt","enabled_languages":["en","ru","pt","zh","es","fr","de","it","ja"],"languages":{"en":{"title":true,"content":true,"excerpt":false},"ru":{"title":true,"content":true,"excerpt":false},"pt":{"title":true,"content":true,"excerpt":false},"zh":{"title":true,"content":true,"excerpt":false},"es":{"title":true,"content":true,"excerpt":false},"fr":{"title":true,"content":true,"excerpt":false},"de":{"title":true,"content":true,"excerpt":false},"it":{"title":true,"content":true,"excerpt":false},"ja":{"title":true,"content":true,"excerpt":false}}},"yoast_head":"<!-- This site is optimized with the Yoast SEO plugin v27.0 - https:\/\/yoast.com\/product\/yoast-seo-wordpress\/ -->\n<title>Criando um popup profissional no Hand2Note<\/title>\n<meta name=\"description\" content=\"Aprenda a criar um popup profissional no Hand2Note: abas, histogramas, diagramas de pr\u00e9-flop e stats para an\u00e1lise de poker eficiente\" \/>\n<meta name=\"robots\" content=\"index, follow, max-snippet:-1, max-image-preview:large, max-video-preview:-1\" \/>\n<link rel=\"canonical\" href=\"https:\/\/hand2noteguide.com\/user-manual\/hand2note_popup_editor_creating_a_professional_popup\/\" \/>\n<meta property=\"og:locale\" content=\"pt_PT\" \/>\n<meta property=\"og:type\" content=\"article\" \/>\n<meta property=\"og:title\" content=\"Criando um popup profissional no Hand2Note\" \/>\n<meta property=\"og:description\" content=\"Aprenda a criar um popup profissional no Hand2Note: abas, histogramas, diagramas de pr\u00e9-flop e stats para an\u00e1lise de poker eficiente\" \/>\n<meta property=\"og:url\" content=\"https:\/\/hand2noteguide.com\/user-manual\/hand2note_popup_editor_creating_a_professional_popup\/\" \/>\n<meta property=\"og:site_name\" content=\"Hand2Note Guide\" \/>\n<meta property=\"article:modified_time\" content=\"2026-03-28T10:12:22+00:00\" \/>\n<meta property=\"og:image\" content=\"https:\/\/hand2noteguide.com\/wp-content\/uploads\/2026\/03\/\u0413\u043b\u0430\u0432\u043d\u0430\u044f-\u0441\u043b\u043e\u0436\u043d\u044b\u0435-\u043f\u043e\u043f\u0430\u043f\u044b-1-1024x540.png\" \/>\n\t<meta property=\"og:image:width\" content=\"1024\" \/>\n\t<meta property=\"og:image:height\" content=\"540\" \/>\n\t<meta property=\"og:image:type\" content=\"image\/png\" \/>\n<meta name=\"twitter:card\" content=\"summary_large_image\" \/>\n<meta name=\"twitter:label1\" content=\"Est. reading time\" \/>\n\t<meta name=\"twitter:data1\" content=\"5 minutes\" \/>\n<!-- \/ Yoast SEO plugin. -->","yoast_head_json":{"title":"Criando um popup profissional no Hand2Note","description":"Aprenda a criar um popup profissional no Hand2Note: abas, histogramas, diagramas de pr\u00e9-flop e stats para an\u00e1lise de poker eficiente","robots":{"index":"index","follow":"follow","max-snippet":"max-snippet:-1","max-image-preview":"max-image-preview:large","max-video-preview":"max-video-preview:-1"},"canonical":"https:\/\/hand2noteguide.com\/user-manual\/hand2note_popup_editor_creating_a_professional_popup\/","og_locale":"pt_PT","og_type":"article","og_title":"Criando um popup profissional no Hand2Note","og_description":"Aprenda a criar um popup profissional no Hand2Note: abas, histogramas, diagramas de pr\u00e9-flop e stats para an\u00e1lise de poker eficiente","og_url":"https:\/\/hand2noteguide.com\/user-manual\/hand2note_popup_editor_creating_a_professional_popup\/","og_site_name":"Hand2Note Guide","article_modified_time":"2026-03-28T10:12:22+00:00","og_image":[{"width":1024,"height":540,"url":"https:\/\/hand2noteguide.com\/wp-content\/uploads\/2026\/03\/\u0413\u043b\u0430\u0432\u043d\u0430\u044f-\u0441\u043b\u043e\u0436\u043d\u044b\u0435-\u043f\u043e\u043f\u0430\u043f\u044b-1-1024x540.png","type":"image\/png"}],"twitter_card":"summary_large_image","twitter_misc":{"Est. reading time":"5 minutes"},"schema":{"@context":"https:\/\/schema.org","@graph":[]}},"jetpack_sharing_enabled":true,"_links":{"self":[{"href":"https:\/\/hand2noteguide.com\/pt\/wp-json\/wp\/v2\/pages\/15922","targetHints":{"allow":["GET"]}}],"collection":[{"href":"https:\/\/hand2noteguide.com\/pt\/wp-json\/wp\/v2\/pages"}],"about":[{"href":"https:\/\/hand2noteguide.com\/pt\/wp-json\/wp\/v2\/types\/page"}],"author":[{"embeddable":true,"href":"https:\/\/hand2noteguide.com\/pt\/wp-json\/wp\/v2\/users\/3"}],"replies":[{"embeddable":true,"href":"https:\/\/hand2noteguide.com\/pt\/wp-json\/wp\/v2\/comments?post=15922"}],"version-history":[{"count":41,"href":"https:\/\/hand2noteguide.com\/pt\/wp-json\/wp\/v2\/pages\/15922\/revisions"}],"predecessor-version":[{"id":16008,"href":"https:\/\/hand2noteguide.com\/pt\/wp-json\/wp\/v2\/pages\/15922\/revisions\/16008"}],"up":[{"embeddable":true,"href":"https:\/\/hand2noteguide.com\/pt\/wp-json\/wp\/v2\/pages\/9199"}],"wp:featuredmedia":[{"embeddable":true,"href":"https:\/\/hand2noteguide.com\/pt\/wp-json\/wp\/v2\/media\/15927"}],"wp:attachment":[{"href":"https:\/\/hand2noteguide.com\/pt\/wp-json\/wp\/v2\/media?parent=15922"}],"curies":[{"name":"wp","href":"https:\/\/api.w.org\/{rel}","templated":true}]}}