{"id":15941,"date":"2026-03-19T11:27:39","date_gmt":"2026-03-19T08:27:39","guid":{"rendered":"https:\/\/hand2noteguide.com\/?page_id=15941"},"modified":"2026-03-19T15:21:39","modified_gmt":"2026-03-19T12:21:39","slug":"hand2note-pro-pricing-reduced-in-2026","status":"publish","type":"page","link":"https:\/\/hand2noteguide.com\/pt\/user-manual\/hand2note-pro-pricing-reduced-in-2026\/","title":{"rendered":"Pre\u00e7os do Hand2Note Pro reduzidos em 2026"},"content":{"rendered":"\n\n<p>A equipe da Hand2Note atualizou os pre\u00e7os do Pro para tornar a assinatura mais acess\u00edvel para a comunidade de poker. Se voc\u00ea estava esperando um momento melhor para fazer upgrade, este \u00e9 um excelente momento.<\/p>\n\n\n\n<p>O <a href=\"https:\/\/hand2noteguide.com\/pt\/promo\/\">c\u00f3digo promocional GUIDE10<\/a> continua v\u00e1lido com os novos pre\u00e7os, oferecendo 10% de desconto adicional, al\u00e9m de configura\u00e7\u00e3o profissional de HUD e curso em v\u00eddeo.<\/p>\n\n\n\n<figure class=\"wp-block-image size-large\"><img decoding=\"async\" src=\"https:\/\/hand2noteguide.com\/wp-content\/uploads\/2026\/03\/hand2note-discord-pro-pricing-drop.png\" alt=\"An\u00fancio de redu\u00e7\u00e3o de pre\u00e7o Pro no Discord da Hand2Note\" \/><figcaption>Fonte: <a href=\"https:\/\/discord.gg\/hand2note\">canal oficial no Discord da Hand2Note<\/a>.<\/figcaption><\/figure>\n\n\n\n<h2 class=\"wp-block-heading\">Pre\u00e7os antigos vs. novos do Hand2Note Pro<\/h2>\n\n\n\n<figure class=\"wp-block-table\"><table><thead><tr><th>Plano<\/th><th>Op\u00e7\u00e3o de cobran\u00e7a<\/th><th>Pre\u00e7o antigo<\/th><th>Novo pre\u00e7o<\/th><th>Novo pre\u00e7o com GUIDE10<\/th><\/tr><\/thead><tbody><tr><td>Pro<\/td><td>Mensal (1 m\u00eas)<\/td><td>$61.25 \/ m\u00eas<\/td><td>$49.00 \/ m\u00eas<\/td><td>$44.10 \/ m\u00eas<\/td><\/tr><tr><td>Pro<\/td><td>Anual (12 meses)<\/td><td>$49.00 \/ m\u00eas ($588.00 total)<\/td><td>$39.00 \/ m\u00eas ($468.00 total)<\/td><td>$35.10 \/ m\u00eas ($421.20 total)<\/td><\/tr><\/tbody><\/table><\/figure>\n\n\n\n<h2 class=\"wp-block-heading\">Por que esta atualiza\u00e7\u00e3o importa<\/h2>\n\n\n\n<p>O Hand2Note 4 est\u00e1 evoluindo ativamente agora. Os desenvolvedores mant\u00eam contato direto com os usu\u00e1rios, coletam feedback cont\u00ednuo e transformam isso em prioridades de produto.<\/p>\n\n\n\n<p>Em 2025-2026, o Hand2Note recebeu muitas melhorias importantes e novos recursos. Leia nossa an\u00e1lise detalhada aqui: <a href=\"https:\/\/hand2noteguide.com\/pt\/user-manual\/how_hand2note_has_changed_major_recent_updates\/\">Como o Hand2Note mudou: principais atualiza\u00e7\u00f5es recentes<\/a>.<\/p>\n\n\n\n<p>No momento, o Hand2Note 4 est\u00e1 em excelente forma. Se voc\u00ea ainda n\u00e3o usou a vers\u00e3o paga ou ainda est\u00e1 no Hand2Note 3, este \u00e9 um \u00f3timo momento para migrar para o novo software.<\/p>\n\n\n\n<p>Para come\u00e7ar rapidamente, use este guia: <a href=\"https:\/\/hand2noteguide.com\/pt\/hand2note-4-getting-started\/\">Guia de primeiros passos no Hand2Note 4<\/a>.<\/p>\n\n\n\n<p>E para aproveitar ao m\u00e1ximo sua assinatura Pro, explore nosso <a href=\"https:\/\/hand2noteguide.com\/pt\/user-manual\/\">hub completo de guias de Hand2Note 4<\/a>.<\/p>\n","protected":false},"excerpt":{"rendered":"<p>A equipe da Hand2Note atualizou os pre\u00e7os do Pro para tornar a assinatura mais acess\u00edvel para a comunidade de poker. Se voc\u00ea estava esperando um momento melhor para fazer upgrade, este \u00e9 um excelente momento. O c\u00f3digo promocional GUIDE10 continua v\u00e1lido com os novos pre\u00e7os, oferecendo 10% de desconto adicional, al\u00e9m de configura\u00e7\u00e3o profissional de &hellip; <a href=\"https:\/\/hand2noteguide.com\/pt\/user-manual\/hand2note-pro-pricing-reduced-in-2026\/\" class=\"more-link\">Continue reading <span class=\"screen-reader-text\">Pre\u00e7os do Hand2Note Pro reduzidos em 2026<\/span><\/a><\/p>\n","protected":false},"author":1,"featured_media":15957,"parent":9199,"menu_order":0,"comment_status":"closed","ping_status":"closed","template":"","meta":{"footnotes":""},"class_list":["post-15941","page","type-page","status-publish","has-post-thumbnail","hentry"],"translation":{"provider":"WPGlobus","version":"3.0.2","language":"pt","enabled_languages":["en","ru","pt","zh","es","fr","de","it","ja"],"languages":{"en":{"title":true,"content":true,"excerpt":false},"ru":{"title":true,"content":true,"excerpt":false},"pt":{"title":true,"content":true,"excerpt":false},"zh":{"title":true,"content":true,"excerpt":false},"es":{"title":true,"content":true,"excerpt":false},"fr":{"title":true,"content":true,"excerpt":false},"de":{"title":true,"content":true,"excerpt":false},"it":{"title":true,"content":true,"excerpt":false},"ja":{"title":true,"content":true,"excerpt":false}}},"yoast_head":"<!-- This site is optimized with the Yoast SEO plugin v27.0 - https:\/\/yoast.com\/product\/yoast-seo-wordpress\/ -->\n<title>Pre\u00e7os do Hand2Note Pro reduzidos em 2026<\/title>\n<meta name=\"description\" content=\"Pre\u00e7o do Hand2Note Pro caiu em 2026. Veja os novos valores, compare planos antigos x novos e ganhe 10% off com o c\u00f3digo GUIDE10.\" \/>\n<meta name=\"robots\" content=\"index, follow, max-snippet:-1, max-image-preview:large, max-video-preview:-1\" \/>\n<link rel=\"canonical\" href=\"https:\/\/hand2noteguide.com\/user-manual\/hand2note-pro-pricing-reduced-in-2026\/\" \/>\n<meta property=\"og:locale\" content=\"pt_PT\" \/>\n<meta property=\"og:type\" content=\"article\" \/>\n<meta property=\"og:title\" content=\"Pre\u00e7os do Hand2Note Pro reduzidos em 2026\" \/>\n<meta property=\"og:description\" content=\"Pre\u00e7o do Hand2Note Pro caiu em 2026. Veja os novos valores, compare planos antigos x novos e ganhe 10% off com o c\u00f3digo GUIDE10.\" \/>\n<meta property=\"og:url\" content=\"https:\/\/hand2noteguide.com\/user-manual\/hand2note-pro-pricing-reduced-in-2026\/\" \/>\n<meta property=\"og:site_name\" content=\"Hand2Note Guide\" \/>\n<meta property=\"article:modified_time\" content=\"2026-03-19T12:21:39+00:00\" \/>\n<meta property=\"og:image\" content=\"https:\/\/hand2noteguide.com\/wp-content\/uploads\/2026\/03\/price-reduced-scaled.webp\" \/>\n\t<meta property=\"og:image:width\" content=\"2560\" \/>\n\t<meta property=\"og:image:height\" content=\"1351\" \/>\n\t<meta property=\"og:image:type\" content=\"image\/webp\" \/>\n<meta name=\"twitter:card\" content=\"summary_large_image\" \/>\n<meta name=\"twitter:label1\" content=\"Est. reading time\" \/>\n\t<meta name=\"twitter:data1\" content=\"2 minutes\" \/>\n<!-- \/ Yoast SEO plugin. -->","yoast_head_json":{"title":"Pre\u00e7os do Hand2Note Pro reduzidos em 2026","description":"Pre\u00e7o do Hand2Note Pro caiu em 2026. Veja os novos valores, compare planos antigos x novos e ganhe 10% off com o c\u00f3digo GUIDE10.","robots":{"index":"index","follow":"follow","max-snippet":"max-snippet:-1","max-image-preview":"max-image-preview:large","max-video-preview":"max-video-preview:-1"},"canonical":"https:\/\/hand2noteguide.com\/user-manual\/hand2note-pro-pricing-reduced-in-2026\/","og_locale":"pt_PT","og_type":"article","og_title":"Pre\u00e7os do Hand2Note Pro reduzidos em 2026","og_description":"Pre\u00e7o do Hand2Note Pro caiu em 2026. Veja os novos valores, compare planos antigos x novos e ganhe 10% off com o c\u00f3digo GUIDE10.","og_url":"https:\/\/hand2noteguide.com\/user-manual\/hand2note-pro-pricing-reduced-in-2026\/","og_site_name":"Hand2Note Guide","article_modified_time":"2026-03-19T12:21:39+00:00","og_image":[{"width":2560,"height":1351,"url":"https:\/\/hand2noteguide.com\/wp-content\/uploads\/2026\/03\/price-reduced-scaled.webp","type":"image\/webp"}],"twitter_card":"summary_large_image","twitter_misc":{"Est. reading time":"2 minutes"},"schema":{"@context":"https:\/\/schema.org","@graph":[]}},"jetpack_sharing_enabled":true,"_links":{"self":[{"href":"https:\/\/hand2noteguide.com\/pt\/wp-json\/wp\/v2\/pages\/15941","targetHints":{"allow":["GET"]}}],"collection":[{"href":"https:\/\/hand2noteguide.com\/pt\/wp-json\/wp\/v2\/pages"}],"about":[{"href":"https:\/\/hand2noteguide.com\/pt\/wp-json\/wp\/v2\/types\/page"}],"author":[{"embeddable":true,"href":"https:\/\/hand2noteguide.com\/pt\/wp-json\/wp\/v2\/users\/1"}],"replies":[{"embeddable":true,"href":"https:\/\/hand2noteguide.com\/pt\/wp-json\/wp\/v2\/comments?post=15941"}],"version-history":[{"count":14,"href":"https:\/\/hand2noteguide.com\/pt\/wp-json\/wp\/v2\/pages\/15941\/revisions"}],"predecessor-version":[{"id":15956,"href":"https:\/\/hand2noteguide.com\/pt\/wp-json\/wp\/v2\/pages\/15941\/revisions\/15956"}],"up":[{"embeddable":true,"href":"https:\/\/hand2noteguide.com\/pt\/wp-json\/wp\/v2\/pages\/9199"}],"wp:featuredmedia":[{"embeddable":true,"href":"https:\/\/hand2noteguide.com\/pt\/wp-json\/wp\/v2\/media\/15957"}],"wp:attachment":[{"href":"https:\/\/hand2noteguide.com\/pt\/wp-json\/wp\/v2\/media?parent=15941"}],"curies":[{"name":"wp","href":"https:\/\/api.w.org\/{rel}","templated":true}]}}