{"id":1629,"date":"2019-07-18T11:51:02","date_gmt":"2019-07-18T08:51:02","guid":{"rendered":"http:\/\/hand2noteguide.com\/?page_id=1629"},"modified":"2025-06-04T17:41:18","modified_gmt":"2025-06-04T14:41:18","slug":"asia-loss-of-hands","status":"publish","type":"page","link":"https:\/\/hand2noteguide.com\/pt\/issues-resolving\/asia-loss-of-hands\/","title":{"rendered":"Perda de m\u00e3os em salas asi\u00e1ticas"},"content":{"rendered":"\n<p>Ocasionalmente, o Hand2Note pode perder algumas m\u00e3os enquanto joga em <a href=\"https:\/\/hand2noteguide.com\/pt\/asian\/\">salas asi\u00e1ticas<\/a> devido \u00e0 especificidade do processo de coleta de m\u00e3os desses aplicativos. As salas asi\u00e1ticas n\u00e3o salvam nenhum hist\u00f3rico de m\u00e3os, o Hand2Note captura todas as m\u00e3os diretamente do tr\u00e1fego. A menor falha na rede pode levar \u00e0 perda de pacotes e, como resultado, \u00e0 perda de m\u00e3os.<\/p>\n\n\n\n<p>A equipe do Hand2Note est\u00e1 trabalhando arduamente para melhorar a estabilidade, e as perdas n\u00e3o excedem 1-2% do n\u00famero total de m\u00e3os. As perdas ocorrem em pontos aleat\u00f3rios no tempo, ent\u00e3o praticamente n\u00e3o afetam o resultado geral e, mais importante, o valor das stats a longo prazo.<\/p>\n\n\n\n<p>Algumas coisas que voc\u00ea pode fazer para reduzir a probabilidade de perdas:<\/p>\n\n\n\n<ol class=\"wp-block-list\"><li>Use uma conex\u00e3o de internet est\u00e1vel<\/li><li><a href=\"https:\/\/hand2noteguide.com\/pt\/guide\/hand2note-version\/\">Mantenha<\/a> o Hand2Note atualizado<\/li><li>Adicione o Hand2Note \u00e0 lista de exce\u00e7\u00f5es do seu antiv\u00edrus<\/li><li>Sempre execute o Hand2Note e o emulador como administrador<\/li><\/ol>\n\n\n\n<p>Se voc\u00ea notar que o Hand2Note est\u00e1 perdendo muito mais m\u00e3os do que o normal, por favor, entre em contato com o <a href=\"https:\/\/hand2noteguide.com\/pt\/hand2note-official-support\/\">servi\u00e7o de suporte ao cliente<\/a>.<\/p>\n","protected":false},"excerpt":{"rendered":"<p>Ocasionalmente, o Hand2Note pode perder algumas m\u00e3os enquanto joga em salas asi\u00e1ticas devido \u00e0 especificidade do processo de coleta de m\u00e3os desses aplicativos. As salas asi\u00e1ticas n\u00e3o salvam nenhum hist\u00f3rico de m\u00e3os, o Hand2Note captura todas as m\u00e3os diretamente do tr\u00e1fego. A menor falha na rede pode levar \u00e0 perda de pacotes e, como resultado, &hellip; <a href=\"https:\/\/hand2noteguide.com\/pt\/issues-resolving\/asia-loss-of-hands\/\" class=\"more-link\">Continue reading <span class=\"screen-reader-text\">Perda de m\u00e3os em salas asi\u00e1ticas<\/span><\/a><\/p>\n","protected":false},"author":1,"featured_media":0,"parent":236,"menu_order":0,"comment_status":"closed","ping_status":"closed","template":"page-templates\/full-width-page.php","meta":{"footnotes":""},"class_list":["post-1629","page","type-page","status-publish","hentry"],"translation":{"provider":"WPGlobus","version":"3.0.2","language":"pt","enabled_languages":["en","ru","pt","zh","es","fr","de","it","ja"],"languages":{"en":{"title":true,"content":true,"excerpt":false},"ru":{"title":true,"content":true,"excerpt":false},"pt":{"title":true,"content":true,"excerpt":false},"zh":{"title":true,"content":true,"excerpt":false},"es":{"title":true,"content":true,"excerpt":false},"fr":{"title":true,"content":true,"excerpt":false},"de":{"title":true,"content":true,"excerpt":false},"it":{"title":true,"content":true,"excerpt":false},"ja":{"title":true,"content":true,"excerpt":false}}},"yoast_head":"<!-- This site is optimized with the Yoast SEO plugin v27.0 - https:\/\/yoast.com\/product\/yoast-seo-wordpress\/ -->\n<title>Prevenindo a Perda de M\u00e3os em Salas Asi\u00e1ticas com Hand2Note<\/title>\n<meta name=\"description\" content=\"Aprenda a minimizar a perda de m\u00e3os em salas de poker asi\u00e1ticas com o Hand2Note. Siga nossas dicas para uma conex\u00e3o est\u00e1vel e desempenho ideal do software.\" \/>\n<meta name=\"robots\" content=\"index, follow, max-snippet:-1, max-image-preview:large, max-video-preview:-1\" \/>\n<link rel=\"canonical\" href=\"https:\/\/hand2noteguide.com\/issues-resolving\/asia-loss-of-hands\/\" \/>\n<meta property=\"og:locale\" content=\"pt_PT\" \/>\n<meta property=\"og:type\" content=\"article\" \/>\n<meta property=\"og:title\" content=\"Prevenindo a Perda de M\u00e3os em Salas Asi\u00e1ticas com Hand2Note\" \/>\n<meta property=\"og:description\" content=\"Aprenda a minimizar a perda de m\u00e3os em salas de poker asi\u00e1ticas com o Hand2Note. Siga nossas dicas para uma conex\u00e3o est\u00e1vel e desempenho ideal do software.\" \/>\n<meta property=\"og:url\" content=\"https:\/\/hand2noteguide.com\/issues-resolving\/asia-loss-of-hands\/\" \/>\n<meta property=\"og:site_name\" content=\"Hand2Note Guide\" \/>\n<meta property=\"article:modified_time\" content=\"2025-06-04T14:41:18+00:00\" \/>\n<meta name=\"twitter:card\" content=\"summary_large_image\" \/>\n<meta name=\"twitter:label1\" content=\"Est. reading time\" \/>\n\t<meta name=\"twitter:data1\" content=\"6 minutes\" \/>\n<!-- \/ Yoast SEO plugin. -->","yoast_head_json":{"title":"Prevenindo a Perda de M\u00e3os em Salas Asi\u00e1ticas com Hand2Note","description":"Aprenda a minimizar a perda de m\u00e3os em salas de poker asi\u00e1ticas com o Hand2Note. Siga nossas dicas para uma conex\u00e3o est\u00e1vel e desempenho ideal do software.","robots":{"index":"index","follow":"follow","max-snippet":"max-snippet:-1","max-image-preview":"max-image-preview:large","max-video-preview":"max-video-preview:-1"},"canonical":"https:\/\/hand2noteguide.com\/issues-resolving\/asia-loss-of-hands\/","og_locale":"pt_PT","og_type":"article","og_title":"Prevenindo a Perda de M\u00e3os em Salas Asi\u00e1ticas com Hand2Note","og_description":"Aprenda a minimizar a perda de m\u00e3os em salas de poker asi\u00e1ticas com o Hand2Note. Siga nossas dicas para uma conex\u00e3o est\u00e1vel e desempenho ideal do software.","og_url":"https:\/\/hand2noteguide.com\/issues-resolving\/asia-loss-of-hands\/","og_site_name":"Hand2Note Guide","article_modified_time":"2025-06-04T14:41:18+00:00","twitter_card":"summary_large_image","twitter_misc":{"Est. reading time":"6 minutes"},"schema":{"@context":"https:\/\/schema.org","@graph":[]}},"jetpack_sharing_enabled":true,"_links":{"self":[{"href":"https:\/\/hand2noteguide.com\/pt\/wp-json\/wp\/v2\/pages\/1629","targetHints":{"allow":["GET"]}}],"collection":[{"href":"https:\/\/hand2noteguide.com\/pt\/wp-json\/wp\/v2\/pages"}],"about":[{"href":"https:\/\/hand2noteguide.com\/pt\/wp-json\/wp\/v2\/types\/page"}],"author":[{"embeddable":true,"href":"https:\/\/hand2noteguide.com\/pt\/wp-json\/wp\/v2\/users\/1"}],"replies":[{"embeddable":true,"href":"https:\/\/hand2noteguide.com\/pt\/wp-json\/wp\/v2\/comments?post=1629"}],"version-history":[{"count":19,"href":"https:\/\/hand2noteguide.com\/pt\/wp-json\/wp\/v2\/pages\/1629\/revisions"}],"predecessor-version":[{"id":13509,"href":"https:\/\/hand2noteguide.com\/pt\/wp-json\/wp\/v2\/pages\/1629\/revisions\/13509"}],"up":[{"embeddable":true,"href":"https:\/\/hand2noteguide.com\/pt\/wp-json\/wp\/v2\/pages\/236"}],"wp:attachment":[{"href":"https:\/\/hand2noteguide.com\/pt\/wp-json\/wp\/v2\/media?parent=1629"}],"curies":[{"name":"wp","href":"https:\/\/api.w.org\/{rel}","templated":true}]}}