{"id":166,"date":"2018-08-01T15:43:21","date_gmt":"2018-08-01T12:43:21","guid":{"rendered":"https:\/\/h2n312.wordpress.com\/?page_id=166"},"modified":"2025-06-04T19:11:45","modified_gmt":"2025-06-04T16:11:45","slug":"export-hands","status":"publish","type":"page","link":"https:\/\/hand2noteguide.com\/pt\/guide\/export-hands\/","title":{"rendered":"Exportar m\u00e3os do Hand2Note"},"content":{"rendered":"<p>Hand2Note <a href=\"https:\/\/hand2noteguide.com\/pt\/guide\/hands-archive\/\">salva todas as m\u00e3os processadas<\/a> por padr\u00e3o, para que voc\u00ea possa pegar hist\u00f3ricos de m\u00e3os das pastas de arquivo.<\/p>\n<p>Se voc\u00ea quiser importar todas as m\u00e3os para o Hand2Note em outro dispositivo, voc\u00ea pode simplesmente <a href=\"https:\/\/hand2noteguide.com\/pt\/guide\/database\/move-database-to-another-pc\/\">copiar todo o banco de dados<\/a>.<\/p>\n<p>Hist\u00f3ricos de m\u00e3os de um jogador espec\u00edfico para um determinado per\u00edodo podem ser exportados atrav\u00e9s da se\u00e7\u00e3o de reports. Para fazer isso, siga os pr\u00f3ximos passos:<\/p>\n<ol>\n<li>V\u00e1 para a se\u00e7\u00e3o de Reports.<br \/>\n<img loading=\"lazy\" decoding=\"async\" class=\"alignnone size-full wp-image-967\" src=\"https:\/\/hand2noteguide.com\/wp-content\/uploads\/2019\/05\/hand2note-reports-menu.png\" alt=\"hand2note reports menu\" width=\"311\" height=\"144\" srcset=\"https:\/\/hand2noteguide.com\/wp-content\/uploads\/2019\/05\/hand2note-reports-menu.png 311w, https:\/\/hand2noteguide.com\/wp-content\/uploads\/2019\/05\/hand2note-reports-menu-300x139.png 300w\" sizes=\"auto, (max-width: 311px) 100vw, 311px\" \/><\/li>\n<li>Defina o apelido do jogador ou <a href=\"https:\/\/hand2noteguide.com\/pt\/guide\/alias\/\">alias<\/a>, selecione o intervalo de datas desejado. Se desejar, voc\u00ea tamb\u00e9m pode especificar outros filtros.<br \/>\n<img loading=\"lazy\" decoding=\"async\" class=\"alignnone size-full wp-image-968\" src=\"https:\/\/hand2noteguide.com\/wp-content\/uploads\/2019\/05\/hand2note-reports-set-hero-and-date-range.png\" alt=\"hand2note reports set hero and date range\" width=\"1092\" height=\"494\" srcset=\"https:\/\/hand2noteguide.com\/wp-content\/uploads\/2019\/05\/hand2note-reports-set-hero-and-date-range.png 1092w, https:\/\/hand2noteguide.com\/wp-content\/uploads\/2019\/05\/hand2note-reports-set-hero-and-date-range-300x136.png 300w, https:\/\/hand2noteguide.com\/wp-content\/uploads\/2019\/05\/hand2note-reports-set-hero-and-date-range-768x347.png 768w, https:\/\/hand2noteguide.com\/wp-content\/uploads\/2019\/05\/hand2note-reports-set-hero-and-date-range-1024x463.png 1024w, https:\/\/hand2noteguide.com\/wp-content\/uploads\/2019\/05\/hand2note-reports-set-hero-and-date-range-772x349.png 772w, https:\/\/hand2noteguide.com\/wp-content\/uploads\/2019\/05\/hand2note-reports-set-hero-and-date-range-624x282.png 624w\" sizes=\"auto, (max-width: 1092px) 100vw, 1092px\" \/><\/li>\n<li>Clique com o bot\u00e3o direito nos resultados e selecione &#8220;Exportar todas as m\u00e3os&#8221;.<br \/>\n<img loading=\"lazy\" decoding=\"async\" class=\"alignnone size-full wp-image-969\" src=\"https:\/\/hand2noteguide.com\/wp-content\/uploads\/2019\/05\/hand2note-export-hands-from-reports.png\" alt=\"hand2note export hands from reports\" width=\"705\" height=\"251\" srcset=\"https:\/\/hand2noteguide.com\/wp-content\/uploads\/2019\/05\/hand2note-export-hands-from-reports.png 705w, https:\/\/hand2noteguide.com\/wp-content\/uploads\/2019\/05\/hand2note-export-hands-from-reports-300x107.png 300w, https:\/\/hand2noteguide.com\/wp-content\/uploads\/2019\/05\/hand2note-export-hands-from-reports-624x222.png 624w\" sizes=\"auto, (max-width: 705px) 100vw, 705px\" \/><\/li>\n<li>Na janela que aparece, especifique o caminho de exporta\u00e7\u00e3o e clique em &#8220;Selecionar Pasta&#8221;. O processo de exporta\u00e7\u00e3o come\u00e7ar\u00e1.<br \/>\n<img loading=\"lazy\" decoding=\"async\" class=\"alignnone size-full wp-image-974\" src=\"https:\/\/hand2noteguide.com\/wp-content\/uploads\/2019\/05\/hand2note-export-process-1.png\" alt=\"hand2note export process\" width=\"437\" height=\"296\" srcset=\"https:\/\/hand2noteguide.com\/wp-content\/uploads\/2019\/05\/hand2note-export-process-1.png 437w, https:\/\/hand2noteguide.com\/wp-content\/uploads\/2019\/05\/hand2note-export-process-1-300x203.png 300w\" sizes=\"auto, (max-width: 437px) 100vw, 437px\" \/><\/li>\n<li>Aguarde at\u00e9 que a exporta\u00e7\u00e3o seja conclu\u00edda.<br \/>\n<img loading=\"lazy\" decoding=\"async\" class=\"alignnone size-full wp-image-971\" src=\"https:\/\/hand2noteguide.com\/wp-content\/uploads\/2019\/05\/hand2note-export-completed.png\" alt=\"hand2note export completed\" width=\"198\" height=\"186\" \/><\/li>\n<\/ol>\n","protected":false},"excerpt":{"rendered":"<p>Hand2Note salva todas as m\u00e3os processadas por padr\u00e3o, para que voc\u00ea possa pegar hist\u00f3ricos de m\u00e3os das pastas de arquivo. Se voc\u00ea quiser importar todas as m\u00e3os para o Hand2Note em outro dispositivo, voc\u00ea pode simplesmente copiar todo o banco de dados. Hist\u00f3ricos de m\u00e3os de um jogador espec\u00edfico para um determinado per\u00edodo podem ser &hellip; <a href=\"https:\/\/hand2noteguide.com\/pt\/guide\/export-hands\/\" class=\"more-link\">Continue reading <span class=\"screen-reader-text\">Exportar m\u00e3os do Hand2Note<\/span><\/a><\/p>\n","protected":false},"author":1,"featured_media":0,"parent":74,"menu_order":0,"comment_status":"closed","ping_status":"closed","template":"page-templates\/full-width-page.php","meta":{"footnotes":""},"class_list":["post-166","page","type-page","status-publish","hentry"],"translation":{"provider":"WPGlobus","version":"3.0.2","language":"pt","enabled_languages":["en","ru","pt","zh","es","fr","de","it","ja"],"languages":{"en":{"title":true,"content":true,"excerpt":false},"ru":{"title":true,"content":true,"excerpt":false},"pt":{"title":true,"content":true,"excerpt":false},"zh":{"title":true,"content":true,"excerpt":false},"es":{"title":true,"content":true,"excerpt":false},"fr":{"title":true,"content":true,"excerpt":false},"de":{"title":true,"content":true,"excerpt":false},"it":{"title":true,"content":true,"excerpt":false},"ja":{"title":true,"content":true,"excerpt":false}}},"yoast_head":"<!-- This site is optimized with the Yoast SEO plugin v27.0 - https:\/\/yoast.com\/product\/yoast-seo-wordpress\/ -->\n<title>Como Exportar M\u00e3os de Poker do Hand2Note Facilmente<\/title>\n<meta name=\"description\" content=\"Aprenda a exportar m\u00e3os de poker do Hand2Note facilmente. Siga nosso guia passo a passo para salvar e transferir hist\u00f3ricos de m\u00e3os para outro dispositivo.\" \/>\n<meta name=\"robots\" content=\"index, follow, max-snippet:-1, max-image-preview:large, max-video-preview:-1\" \/>\n<link rel=\"canonical\" href=\"https:\/\/hand2noteguide.com\/guide\/export-hands\/\" \/>\n<meta property=\"og:locale\" content=\"pt_PT\" \/>\n<meta property=\"og:type\" content=\"article\" \/>\n<meta property=\"og:title\" content=\"Como Exportar M\u00e3os de Poker do Hand2Note Facilmente\" \/>\n<meta property=\"og:description\" content=\"Aprenda a exportar m\u00e3os de poker do Hand2Note facilmente. Siga nosso guia passo a passo para salvar e transferir hist\u00f3ricos de m\u00e3os para outro dispositivo.\" \/>\n<meta property=\"og:url\" content=\"https:\/\/hand2noteguide.com\/guide\/export-hands\/\" \/>\n<meta property=\"og:site_name\" content=\"Hand2Note Guide\" \/>\n<meta property=\"article:modified_time\" content=\"2025-06-04T16:11:45+00:00\" \/>\n<meta property=\"og:image\" content=\"https:\/\/hand2noteguide.com\/wp-content\/uploads\/2018\/08\/d0b1d0b5d0b7d18bd0bcd18fd0bdd0bdd18bd0b91.png\" \/>\n<meta name=\"twitter:card\" content=\"summary_large_image\" \/>\n<meta name=\"twitter:label1\" content=\"Est. reading time\" \/>\n\t<meta name=\"twitter:data1\" content=\"4 minutes\" \/>\n<!-- \/ Yoast SEO plugin. -->","yoast_head_json":{"title":"Como Exportar M\u00e3os de Poker do Hand2Note Facilmente","description":"Aprenda a exportar m\u00e3os de poker do Hand2Note facilmente. Siga nosso guia passo a passo para salvar e transferir hist\u00f3ricos de m\u00e3os para outro dispositivo.","robots":{"index":"index","follow":"follow","max-snippet":"max-snippet:-1","max-image-preview":"max-image-preview:large","max-video-preview":"max-video-preview:-1"},"canonical":"https:\/\/hand2noteguide.com\/guide\/export-hands\/","og_locale":"pt_PT","og_type":"article","og_title":"Como Exportar M\u00e3os de Poker do Hand2Note Facilmente","og_description":"Aprenda a exportar m\u00e3os de poker do Hand2Note facilmente. Siga nosso guia passo a passo para salvar e transferir hist\u00f3ricos de m\u00e3os para outro dispositivo.","og_url":"https:\/\/hand2noteguide.com\/guide\/export-hands\/","og_site_name":"Hand2Note Guide","article_modified_time":"2025-06-04T16:11:45+00:00","og_image":[{"url":"https:\/\/hand2noteguide.com\/wp-content\/uploads\/2018\/08\/d0b1d0b5d0b7d18bd0bcd18fd0bdd0bdd18bd0b91.png","type":"","width":"","height":""}],"twitter_card":"summary_large_image","twitter_misc":{"Est. reading time":"4 minutes"},"schema":{"@context":"https:\/\/schema.org","@graph":[]}},"jetpack_sharing_enabled":false,"_links":{"self":[{"href":"https:\/\/hand2noteguide.com\/pt\/wp-json\/wp\/v2\/pages\/166","targetHints":{"allow":["GET"]}}],"collection":[{"href":"https:\/\/hand2noteguide.com\/pt\/wp-json\/wp\/v2\/pages"}],"about":[{"href":"https:\/\/hand2noteguide.com\/pt\/wp-json\/wp\/v2\/types\/page"}],"author":[{"embeddable":true,"href":"https:\/\/hand2noteguide.com\/pt\/wp-json\/wp\/v2\/users\/1"}],"replies":[{"embeddable":true,"href":"https:\/\/hand2noteguide.com\/pt\/wp-json\/wp\/v2\/comments?post=166"}],"version-history":[{"count":17,"href":"https:\/\/hand2noteguide.com\/pt\/wp-json\/wp\/v2\/pages\/166\/revisions"}],"predecessor-version":[{"id":13550,"href":"https:\/\/hand2noteguide.com\/pt\/wp-json\/wp\/v2\/pages\/166\/revisions\/13550"}],"up":[{"embeddable":true,"href":"https:\/\/hand2noteguide.com\/pt\/wp-json\/wp\/v2\/pages\/74"}],"wp:attachment":[{"href":"https:\/\/hand2noteguide.com\/pt\/wp-json\/wp\/v2\/media?parent=166"}],"curies":[{"name":"wp","href":"https:\/\/api.w.org\/{rel}","templated":true}]}}