{"id":1730,"date":"2020-03-07T03:33:45","date_gmt":"2020-03-07T00:33:45","guid":{"rendered":"http:\/\/hand2noteguide.com\/?page_id=1730"},"modified":"2025-06-04T17:40:27","modified_gmt":"2025-06-04T14:40:27","slug":"hand2note-for-free","status":"publish","type":"page","link":"https:\/\/hand2noteguide.com\/pt\/hand2note-for-free\/","title":{"rendered":"Obtenha o Hand2Note gratuitamente (Hand2Note crack)"},"content":{"rendered":"\n<p>Muitos jogadores de poker est\u00e3o procurando por Hand2Note crack. Mas, neste caso, voc\u00ea n\u00e3o precisa de um crack no sentido tradicional. Voc\u00ea pode usar o Hand2Note facilmente sem pagar nada!<\/p>\n\n\n\n<div class=\"red-block\">\n<p><strong>\ud83d\udc49 Atualiza\u00e7\u00e3o 2 Jun 2025:<\/strong> Infelizmente, a partir de 29 de maio de 2025, <a href=\"https:\/\/hand2noteguide.com\/pt\/hand2note-3-free-version-is-gone-what-now\/\"><strong>a vers\u00e3o gratuita do Hand2Note n\u00e3o est\u00e1 mais dispon\u00edvel \ud83e\udd7a<\/strong><\/a>. Voc\u00ea precisa comprar uma assinatura para continuar usando o Hand2Note.<\/p>\n\n<p>Desculpe por desapont\u00e1-lo, mas esta foi uma decis\u00e3o oficial do Hand2Note, e est\u00e1 al\u00e9m do nosso controle. Somos o revendedor n\u00ba 1 do Hand2Note e tudo o que podemos fazer \u00e9 oferecer o melhor neg\u00f3cio para voc\u00ea adquirir o software.<\/p>\n\n<p>1\ufe0f\u20e3 Ent\u00e3o, se voc\u00ea decidir continuar com o Hand2Note, voc\u00ea pode comprar uma assinatura do <strong><a href=\"https:\/\/hand2note3.hand2note.com\/?aid=c0\" target=\"_blank\" rel=\"noopener\">Hand2Note 3<\/a><\/strong> ou do <strong><a href=\"https:\/\/hand2note.com?rid=2250\" target=\"_blank\" rel=\"noopener\">Hand2Note 4<\/a><\/strong> com nosso <a href=\"https:\/\/hand2noteguide.com\/pt\/promo\/\"><strong>c\u00f3digo promocional GUIDE10<\/strong><\/a>. Voc\u00ea receber\u00e1 <strong>um desconto instant\u00e2neo de 10% e b\u00f4nus extras<\/strong> \u2013 HUD gratuito e curso em v\u00eddeo<strong>.<\/strong><\/p>\n\n<p>2\ufe0f\u20e3 Voc\u00ea ainda pode <a href=\"https:\/\/hand2noteguide.com\/pt\/coinpoker-hand2note\/\">obter o Hand2Note PRO gratuitamente<\/a> se gerar $300 de rake mensalmente no Coinpoker.<\/p>\n\n<p>3\ufe0f\u20e3 Se voc\u00ea decidir <strong>parar de usar o Hand2Note<\/strong>, n\u00f3s entendemos totalmente.<\/p>\n\n<p style=\"margin-bottom:0\">Obrigado.<\/p>\n<\/div>\n\n\n\n<p>O software \u00e9 completamente gratuito para qualquer limite, apenas com algumas limita\u00e7\u00f5es de funcionalidade. Mas os recursos pagos n\u00e3o s\u00e3o realmente importantes no in\u00edcio. Ent\u00e3o, tudo o que voc\u00ea precisa fazer agora \u00e9 <a href=\"https:\/\/hand2note.com\/pt\/\" target=\"_blank\" aria-label=\"undefined (abre em uma nova aba)\" rel=\"noreferrer noopener\"><strong>baixar e instalar o Hand2Note Free<\/strong><\/a>.<\/p>\n\n\n\n<figure class=\"wp-block-image\"><img loading=\"lazy\" decoding=\"async\" width=\"800\" height=\"554\" src=\"https:\/\/hand2noteguide.com\/wp-content\/uploads\/2020\/03\/hand2note-free-version-2.png\" alt=\"hand2note free version\" class=\"wp-image-1736\" srcset=\"https:\/\/hand2noteguide.com\/wp-content\/uploads\/2020\/03\/hand2note-free-version-2.png 800w, https:\/\/hand2noteguide.com\/wp-content\/uploads\/2020\/03\/hand2note-free-version-2-300x208.png 300w, https:\/\/hand2noteguide.com\/wp-content\/uploads\/2020\/03\/hand2note-free-version-2-768x532.png 768w, https:\/\/hand2noteguide.com\/wp-content\/uploads\/2020\/03\/hand2note-free-version-2-772x535.png 772w, https:\/\/hand2noteguide.com\/wp-content\/uploads\/2020\/03\/hand2note-free-version-2-624x432.png 624w\" sizes=\"auto, (max-width: 800px) 100vw, 800px\" \/><figcaption class=\"wp-element-caption\">Vers\u00e3o gratuita do Hand2Note<\/figcaption><\/figure>\n\n\n\n<p>Observe que voc\u00ea tamb\u00e9m pode <a href=\"https:\/\/hand2noteguide.com\/pt\/free-hud\/\">obter um HUD gratuito<\/a>. Assim, voc\u00ea n\u00e3o precisa gastar dinheiro para come\u00e7ar a usar <a href=\"https:\/\/hand2noteguide.com\/pt\/best-poker-tracker-software\/\">o software de poker mais avan\u00e7ado<\/a>.<\/p>\n\n\n\n<h2 class=\"wp-block-heading\">Quais s\u00e3o as limita\u00e7\u00f5es?<\/h2>\n\n\n\n<p>Os recursos mais avan\u00e7ados do Hand2Note, como HUD posicional e din\u00e2mico, <a href=\"https:\/\/hand2noteguide.com\/pt\/guide\/range-research\/\">Range Research<\/a>, An\u00e1lise de Decis\u00e3o e Popup estendido em estat\u00edsticas n\u00e3o est\u00e3o dispon\u00edveis na vers\u00e3o gratuita. Mas mesmo com essas restri\u00e7\u00f5es, o Hand2Note \u00e9 muito melhor do que o Holdem Manager e o Poker Tracker. Ent\u00e3o, se voc\u00ea pode obter o melhor tracker gratuitamente, definitivamente deveria faz\u00ea-lo, certo?<\/p>\n\n\n\n<div class=\"green-block\">\n<p style=\"margin-bottom:10px\">\ud83d\ude80 <b>Gere $300 de rake<\/b> no <a href=\"\/pt\/coinpoker-hand2note\/\"><b>CoinPoker<\/b><\/a> e voc\u00ea <b>obter\u00e1 o Hand2Note PRO gratuitamente!<\/b><\/p>\n<p style=\"margin-bottom:0px\"><a href=\"\/pt\/coinpoker-hand2note\/\"><b>Saiba mais \u2192<\/b><\/a><\/p>\n<\/div>\n\n\n\n<h2 class=\"wp-block-heading\">Existe um crack para a vers\u00e3o completa?<\/h2>\n\n\n\n<p>N\u00e3o, mas voc\u00ea pode obter um per\u00edodo de teste gratuito de 30 dias. Al\u00e9m disso, h\u00e1 um teste gratuito de 14 dias para <a href=\"https:\/\/hand2noteguide.com\/pt\/asian\/\">aplicativos asi\u00e1ticos<\/a>. Durante o per\u00edodo de teste, voc\u00ea poder\u00e1 usar todos os recursos do software, exceto o Range Research. Ap\u00f3s o t\u00e9rmino do per\u00edodo de teste, o Hand2Note mudar\u00e1 automaticamente para uma vers\u00e3o gratuita chamada BASE. Voc\u00ea n\u00e3o precisa fazer nada e n\u00e3o perder\u00e1 nenhum dado.<\/p>\n\n\n\n<p>No entanto, vale a pena notar que a vers\u00e3o paga do Hand2Note oferece <a href=\"https:\/\/hand2noteguide.com\/pt\/why-purchase-hand2note\/\">os recursos mais avan\u00e7ados<\/a>. Ent\u00e3o, depois de usar a vers\u00e3o gratuita, voc\u00ea pode pensar em comprar. Com a ajuda das ferramentas, voc\u00ea pode melhorar significativamente seu jogo e ganhar vantagem sobre seus oponentes.<\/p>\n\n\n\n<figure class=\"wp-block-image size-large\"><img loading=\"lazy\" decoding=\"async\" width=\"721\" height=\"551\" src=\"https:\/\/hand2noteguide.com\/wp-content\/uploads\/2020\/07\/hand2note-extended-popup.png\" alt=\"\" class=\"wp-image-3199\" srcset=\"https:\/\/hand2noteguide.com\/wp-content\/uploads\/2020\/07\/hand2note-extended-popup.png 721w, https:\/\/hand2noteguide.com\/wp-content\/uploads\/2020\/07\/hand2note-extended-popup-300x229.png 300w, https:\/\/hand2noteguide.com\/wp-content\/uploads\/2020\/07\/hand2note-extended-popup-624x477.png 624w\" sizes=\"auto, (max-width: 721px) 100vw, 721px\" \/><figcaption class=\"wp-element-caption\">Os popups estendidos do Hand2Note est\u00e3o dispon\u00edveis apenas com licen\u00e7a PRO ou EDGE<\/figcaption><\/figure>\n\n\n\n<h2 class=\"wp-block-heading\">Como se ajustar ao novo software?<\/h2>\n\n\n\n<p>O software Hand2Note pode ser bastante complicado, mas <a href=\"\/pt\/why-hand2note\/\">vale totalmente a pena estud\u00e1-lo<\/a>. Em primeiro lugar, d\u00ea uma olhada no <a aria-label=\"manual oficial (abre em uma nova aba)\" rel=\"noreferrer noopener\" href=\"https:\/\/hand2note.com\/Help\/\" target=\"_blank\">manual oficial<\/a>. Ele tamb\u00e9m \u00e9 completamente gratuito e cont\u00e9m a descri\u00e7\u00e3o de todas as fun\u00e7\u00f5es. Se voc\u00ea achar muito grande e complicado, preste aten\u00e7\u00e3o aos meus <a href=\"https:\/\/hand2noteguide.com\/pt\/video-course\/\">v\u00eddeos de treinamento de poker<\/a> e \u00e0s ofertas de <a href=\"https:\/\/hand2noteguide.com\/pt\/training\/\">coaching pessoal<\/a>. Isso o ajudar\u00e1 a estudar o Hand2Note de forma muito r\u00e1pida e eficiente.<\/p>\n\n\n\n<h2 class=\"wp-block-heading\">Em conclus\u00e3o<\/h2>\n\n\n\n<p>O Hand2Note \u00e9 o software de poker mais poderoso e avan\u00e7ado. Usar software moderno nas condi\u00e7\u00f5es atuais do poker \u00e9 muito importante. E agora ele \u00e9 gratuito para qualquer limite. N\u00e3o \u00e9 necess\u00e1rio crack do Hand2Note, basta usar a vers\u00e3o oficial. Voc\u00ea deve aproveitar esta oportunidade para levar seu jogo ao pr\u00f3ximo n\u00edvel.<\/p>\n","protected":false},"excerpt":{"rendered":"<p>Muitos jogadores de poker est\u00e3o procurando por Hand2Note crack. Mas, neste caso, voc\u00ea n\u00e3o precisa de um crack no sentido tradicional. Voc\u00ea pode usar o Hand2Note facilmente sem pagar nada! \ud83d\udc49 Atualiza\u00e7\u00e3o 2 Jun 2025: Infelizmente, a partir de 29 de maio de 2025, a vers\u00e3o gratuita do Hand2Note n\u00e3o est\u00e1 mais dispon\u00edvel \ud83e\udd7a. Voc\u00ea &hellip; <a href=\"https:\/\/hand2noteguide.com\/pt\/hand2note-for-free\/\" class=\"more-link\">Continue reading <span class=\"screen-reader-text\">Obtenha o Hand2Note gratuitamente (Hand2Note crack)<\/span><\/a><\/p>\n","protected":false},"author":1,"featured_media":0,"parent":0,"menu_order":0,"comment_status":"closed","ping_status":"closed","template":"page-templates\/full-width-page.php","meta":{"footnotes":""},"class_list":["post-1730","page","type-page","status-publish","hentry"],"translation":{"provider":"WPGlobus","version":"3.0.2","language":"pt","enabled_languages":["en","ru","pt","zh","es","fr","de","it","ja"],"languages":{"en":{"title":true,"content":true,"excerpt":false},"ru":{"title":true,"content":true,"excerpt":false},"pt":{"title":true,"content":true,"excerpt":false},"zh":{"title":true,"content":true,"excerpt":false},"es":{"title":true,"content":true,"excerpt":false},"fr":{"title":true,"content":true,"excerpt":false},"de":{"title":true,"content":true,"excerpt":false},"it":{"title":true,"content":true,"excerpt":false},"ja":{"title":true,"content":true,"excerpt":false}}},"yoast_head":"<!-- This site is optimized with the Yoast SEO plugin v27.0 - https:\/\/yoast.com\/product\/yoast-seo-wordpress\/ -->\n<title>Hand2Note (crack) GRATUITO agora - Guia Hand2Note<\/title>\n<meta name=\"description\" content=\"Hand2Note \u00e9 o melhor software de rastreamento de poker do mercado. Comece a usar este programa de poker gratuitamente com o engenhoso crack do Hand2Note!\" \/>\n<meta name=\"robots\" content=\"index, follow, max-snippet:-1, max-image-preview:large, max-video-preview:-1\" \/>\n<link rel=\"canonical\" href=\"https:\/\/hand2noteguide.com\/hand2note-for-free\/\" \/>\n<meta property=\"og:locale\" content=\"pt_PT\" \/>\n<meta property=\"og:type\" content=\"article\" \/>\n<meta property=\"og:title\" content=\"Hand2Note (crack) GRATUITO agora - Guia Hand2Note\" \/>\n<meta property=\"og:description\" content=\"Hand2Note \u00e9 o melhor software de rastreamento de poker do mercado. Comece a usar este programa de poker gratuitamente com o engenhoso crack do Hand2Note!\" \/>\n<meta property=\"og:url\" content=\"https:\/\/hand2noteguide.com\/hand2note-for-free\/\" \/>\n<meta property=\"og:site_name\" content=\"Hand2Note Guide\" \/>\n<meta property=\"article:modified_time\" content=\"2025-06-04T14:40:27+00:00\" \/>\n<meta property=\"og:image\" content=\"https:\/\/hand2noteguide.com\/wp-content\/uploads\/2020\/03\/hand2note-free-version-2.png\" \/>\n<meta name=\"twitter:card\" content=\"summary_large_image\" \/>\n<meta name=\"twitter:label1\" content=\"Est. reading time\" \/>\n\t<meta name=\"twitter:data1\" content=\"20 minutes\" \/>\n<!-- \/ Yoast SEO plugin. -->","yoast_head_json":{"title":"Hand2Note (crack) GRATUITO agora - Guia Hand2Note","description":"Hand2Note \u00e9 o melhor software de rastreamento de poker do mercado. Comece a usar este programa de poker gratuitamente com o engenhoso crack do Hand2Note!","robots":{"index":"index","follow":"follow","max-snippet":"max-snippet:-1","max-image-preview":"max-image-preview:large","max-video-preview":"max-video-preview:-1"},"canonical":"https:\/\/hand2noteguide.com\/hand2note-for-free\/","og_locale":"pt_PT","og_type":"article","og_title":"Hand2Note (crack) GRATUITO agora - Guia Hand2Note","og_description":"Hand2Note \u00e9 o melhor software de rastreamento de poker do mercado. Comece a usar este programa de poker gratuitamente com o engenhoso crack do Hand2Note!","og_url":"https:\/\/hand2noteguide.com\/hand2note-for-free\/","og_site_name":"Hand2Note Guide","article_modified_time":"2025-06-04T14:40:27+00:00","og_image":[{"url":"https:\/\/hand2noteguide.com\/wp-content\/uploads\/2020\/03\/hand2note-free-version-2.png","type":"","width":"","height":""}],"twitter_card":"summary_large_image","twitter_misc":{"Est. reading time":"20 minutes"},"schema":{"@context":"https:\/\/schema.org","@graph":[]}},"jetpack_sharing_enabled":true,"_links":{"self":[{"href":"https:\/\/hand2noteguide.com\/pt\/wp-json\/wp\/v2\/pages\/1730","targetHints":{"allow":["GET"]}}],"collection":[{"href":"https:\/\/hand2noteguide.com\/pt\/wp-json\/wp\/v2\/pages"}],"about":[{"href":"https:\/\/hand2noteguide.com\/pt\/wp-json\/wp\/v2\/types\/page"}],"author":[{"embeddable":true,"href":"https:\/\/hand2noteguide.com\/pt\/wp-json\/wp\/v2\/users\/1"}],"replies":[{"embeddable":true,"href":"https:\/\/hand2noteguide.com\/pt\/wp-json\/wp\/v2\/comments?post=1730"}],"version-history":[{"count":110,"href":"https:\/\/hand2noteguide.com\/pt\/wp-json\/wp\/v2\/pages\/1730\/revisions"}],"predecessor-version":[{"id":13508,"href":"https:\/\/hand2noteguide.com\/pt\/wp-json\/wp\/v2\/pages\/1730\/revisions\/13508"}],"wp:attachment":[{"href":"https:\/\/hand2noteguide.com\/pt\/wp-json\/wp\/v2\/media?parent=1730"}],"curies":[{"name":"wp","href":"https:\/\/api.w.org\/{rel}","templated":true}]}}