{"id":1759,"date":"2020-03-07T09:42:57","date_gmt":"2020-03-07T06:42:57","guid":{"rendered":"http:\/\/hand2noteguide.com\/?page_id=1759"},"modified":"2025-06-04T17:39:12","modified_gmt":"2025-06-04T14:39:12","slug":"hand2note-hud","status":"publish","type":"page","link":"https:\/\/hand2noteguide.com\/pt\/hand2note-hud\/","title":{"rendered":"Hand2Note HUD: qual \u00e9 o melhor?"},"content":{"rendered":"\n<p>Vamos supor que voc\u00ea j\u00e1 tenha instalado o Hand2Note e come\u00e7ado a us\u00e1-lo. Muito provavelmente, voc\u00ea enfrentou a quest\u00e3o importante: qual HUD do Hand2Note \u00e9 melhor para usar? Preciso configurar o HUD por conta pr\u00f3pria? Ou n\u00e3o vale a pena perder tempo e \u00e9 melhor encontrar uma solu\u00e7\u00e3o pronta? Vamos tentar descobrir neste artigo qual \u00e9 a melhor op\u00e7\u00e3o para voc\u00ea.<\/p>\n\n\n\n<h2 class=\"wp-block-heading\">Experimente perfis padr\u00e3o<\/h2>\n\n\n\n<p>Existem muitos HUDs diferentes para o Hand2Note. Em primeiro lugar, h\u00e1 dois perfis padr\u00e3o no programa por padr\u00e3o. Quando dizemos &#8220;perfil&#8221; ou &#8220;pacote&#8221;, nos referimos ao conjunto de stats, HUD e popups. Ent\u00e3o, no in\u00edcio, voc\u00ea pode usar o HUD padr\u00e3o. Ele cont\u00e9m apenas as informa\u00e7\u00f5es mais b\u00e1sicas e importantes: apelido, VPIP, PFR e n\u00famero de m\u00e3os.<\/p>\n\n\n\n<figure class=\"wp-block-image\"><img loading=\"lazy\" decoding=\"async\" width=\"681\" height=\"436\" src=\"https:\/\/hand2noteguide.com\/wp-content\/uploads\/2020\/03\/hand2note-default-hud-1.png\" alt=\"hand2note default HUD\" class=\"wp-image-1820\" srcset=\"https:\/\/hand2noteguide.com\/wp-content\/uploads\/2020\/03\/hand2note-default-hud-1.png 681w, https:\/\/hand2noteguide.com\/wp-content\/uploads\/2020\/03\/hand2note-default-hud-1-300x192.png 300w, https:\/\/hand2noteguide.com\/wp-content\/uploads\/2020\/03\/hand2note-default-hud-1-624x400.png 624w\" sizes=\"auto, (max-width: 681px) 100vw, 681px\" \/><figcaption>HUD padr\u00e3o do Hand2Note<\/figcaption><\/figure>\n\n\n\n<h2 class=\"wp-block-heading\">Crie seu pr\u00f3prio HUD no Hand2Note<\/h2>\n\n\n\n<p>Se voc\u00ea acha que o HUD padr\u00e3o simples n\u00e3o \u00e9 suficiente para voc\u00ea, pode considerar diferentes op\u00e7\u00f5es. Principalmente, ningu\u00e9m criar\u00e1 um HUD adequado para voc\u00ea melhor do que voc\u00ea mesmo. E dado que o Hand2Note oferece ferramentas flex\u00edveis e intuitivas, voc\u00ea pode criar seu pr\u00f3prio perfil.<\/p>\n\n\n\n<figure class=\"wp-block-image\"><img loading=\"lazy\" decoding=\"async\" width=\"1024\" height=\"611\" src=\"https:\/\/hand2noteguide.com\/wp-content\/uploads\/2020\/03\/hand2note-hud-editor-1024x611.png\" alt=\"hand2note hud editor\" class=\"wp-image-1825\" srcset=\"https:\/\/hand2noteguide.com\/wp-content\/uploads\/2020\/03\/hand2note-hud-editor-1024x611.png 1024w, https:\/\/hand2noteguide.com\/wp-content\/uploads\/2020\/03\/hand2note-hud-editor-300x179.png 300w, https:\/\/hand2noteguide.com\/wp-content\/uploads\/2020\/03\/hand2note-hud-editor-768x458.png 768w, https:\/\/hand2noteguide.com\/wp-content\/uploads\/2020\/03\/hand2note-hud-editor-772x460.png 772w, https:\/\/hand2noteguide.com\/wp-content\/uploads\/2020\/03\/hand2note-hud-editor-624x372.png 624w, https:\/\/hand2noteguide.com\/wp-content\/uploads\/2020\/03\/hand2note-hud-editor.png 1489w\" sizes=\"auto, (max-width: 1024px) 100vw, 1024px\" \/><figcaption>Editor de HUD do Hand2Note<\/figcaption><\/figure>\n\n\n\n<p>Vale a pena notar que, embora o processo de cria\u00e7\u00e3o de HUD, popups e stats n\u00e3o seja t\u00e3o complicado, pode levar muito tempo.<\/p>\n\n\n\n<h2 class=\"wp-block-heading\">Explore HUDs comerciais<\/h2>\n\n\n\n<p>Se voc\u00ea quer economizar tempo, deve prestar aten\u00e7\u00e3o \u00e0s solu\u00e7\u00f5es prontas. A <a href=\"https:\/\/hand2noteguide.com\/pt\/hud-store\/\">loja de HUD&amp;popup do Hand2Note<\/a> cont\u00e9m os melhores pacotes para diferentes tipos de jogo. Todos os HUDs s\u00e3o feitos em colabora\u00e7\u00e3o com jogadores profissionais e bem testados a longo prazo. Al\u00e9m disso, todos os perfis em nossa loja est\u00e3o abertos para edi\u00e7\u00e3o, ent\u00e3o voc\u00ea poder\u00e1 modific\u00e1-los como quiser.<\/p>\n\n\n\n<figure class=\"wp-block-image size-large\"><img loading=\"lazy\" decoding=\"async\" width=\"1024\" height=\"508\" src=\"https:\/\/hand2noteguide.com\/wp-content\/uploads\/2020\/07\/hand2note-best-hud-1-1024x508.png\" alt=\"hand2note commercial popup\" class=\"wp-image-3261\" srcset=\"https:\/\/hand2noteguide.com\/wp-content\/uploads\/2020\/07\/hand2note-best-hud-1-1024x508.png 1024w, https:\/\/hand2noteguide.com\/wp-content\/uploads\/2020\/07\/hand2note-best-hud-1-300x149.png 300w, https:\/\/hand2noteguide.com\/wp-content\/uploads\/2020\/07\/hand2note-best-hud-1-768x381.png 768w, https:\/\/hand2noteguide.com\/wp-content\/uploads\/2020\/07\/hand2note-best-hud-1-772x383.png 772w, https:\/\/hand2noteguide.com\/wp-content\/uploads\/2020\/07\/hand2note-best-hud-1-624x310.png 624w, https:\/\/hand2noteguide.com\/wp-content\/uploads\/2020\/07\/hand2note-best-hud-1.png 1155w\" sizes=\"auto, (max-width: 1024px) 100vw, 1024px\" \/><figcaption>Exemplo de popup comercial. \u00c9 parte do pacote Venom da loja<\/figcaption><\/figure>\n\n\n\n<h2 class=\"wp-block-heading\">Encomende um HUD privado<\/h2>\n\n\n\n<p>Caso voc\u00ea n\u00e3o goste de nenhum dos HUDs comerciais prontos, mas ainda queira economizar tempo, pode <a href=\"https:\/\/hand2noteguide.com\/pt\/hud-store\/custom-hud-order\/\">encomendar um HUD privado<\/a>. Esta op\u00e7\u00e3o tamb\u00e9m seria \u00f3tima para os jogadores que est\u00e3o indo <a href=\"https:\/\/hand2noteguide.com\/pt\/switch-from-hm2\/\">migrar para o Hand2Note de outros trackers<\/a>. A equipe profissional projetar\u00e1 o HUD de acordo com o seu modelo. Todos os stats ser\u00e3o testados para garantir que tudo funcione corretamente.<\/p>\n\n\n\n<div class=\"wpcf7 no-js\" id=\"wpcf7-f4410-o1\" lang=\"en-US\" dir=\"ltr\" data-wpcf7-id=\"4410\">\n<div class=\"screen-reader-response\"><p role=\"status\" aria-live=\"polite\" aria-atomic=\"true\"><\/p> <ul><\/ul><\/div>\n<form action=\"\/pt\/wp-json\/wp\/v2\/pages\/1759#wpcf7-f4410-o1\" method=\"post\" class=\"wpcf7-form init\" aria-label=\"Contact form\" novalidate=\"novalidate\" data-status=\"init\">\n<fieldset class=\"hidden-fields-container\"><input type=\"hidden\" name=\"_wpcf7\" value=\"4410\" \/><input type=\"hidden\" name=\"_wpcf7_version\" value=\"6.1.5\" \/><input type=\"hidden\" name=\"_wpcf7_locale\" value=\"en_US\" \/><input type=\"hidden\" name=\"_wpcf7_unit_tag\" value=\"wpcf7-f4410-o1\" \/><input type=\"hidden\" name=\"_wpcf7_container_post\" value=\"0\" \/><input type=\"hidden\" name=\"_wpcf7_posted_data_hash\" value=\"\" \/><input type=\"hidden\" name=\"_wpcf7_recaptcha_response\" value=\"\" \/>\n<\/fieldset>\n<p>Your Email, Skype or Discord<br \/>\n<span class=\"wpcf7-form-control-wrap\" data-name=\"Contact\"><input size=\"40\" maxlength=\"400\" class=\"wpcf7-form-control wpcf7-text wpcf7-validates-as-required\" aria-required=\"true\" aria-invalid=\"false\" value=\"\" type=\"text\" name=\"Contact\" \/><\/span>\n<\/p>\n<p style=\"margin:-18px 0 20px 0\" class=\"secure-payment\">We'll contact you in the preferred way.\n<\/p>\n<p>Briefly describe your request<br \/>\n<span class=\"wpcf7-form-control-wrap\" data-name=\"Info\"><textarea cols=\"40\" rows=\"10\" maxlength=\"2000\" class=\"wpcf7-form-control wpcf7-textarea\" aria-invalid=\"false\" name=\"Info\"><\/textarea><\/span>\n<\/p>\n<p style=\"margin:-18px 0 20px 0\" class=\"secure-payment\">You may also leave the field empty for now, we can discuss the details personally.\n<\/p>\n<p><input class=\"wpcf7-form-control wpcf7-submit has-spinner\" type=\"submit\" value=\"Send\" \/>\n<\/p><div class=\"wpcf7-response-output\" aria-hidden=\"true\"><\/div>\n<\/form>\n<\/div>\n\n\n\n\n<h2 class=\"wp-block-heading\">Use HUD autom\u00e1tico<\/h2>\n\n\n\n<p>A \u00faltima op\u00e7\u00e3o na lista \u00e9 o <a aria-label=\"Auto HUD (\u043e\u0442\u043a\u0440\u043e\u0435\u0442\u0441\u044f \u0432 \u043d\u043e\u0432\u043e\u0439 \u0432\u043a\u043b\u0430\u0434\u043a\u0435)\" href=\"https:\/\/www.hand2note.com\/Help\/pages\/AutoHud\/\" target=\"_blank\" rel=\"noreferrer noopener\">Auto HUD<\/a>. Este \u00e9 o novo recurso do Hand2Note. Ele mostra automaticamente as estat\u00edsticas mais relevantes para a situa\u00e7\u00e3o atual do jogo. Voc\u00ea n\u00e3o precisa configurar nada para faz\u00ea-lo funcionar. \u00c9 um recurso muito \u00fatil, mas a maioria dos jogadores o usa como um complemento ao HUD principal. Provavelmente o HUD padr\u00e3o + auto HUD ser\u00e1 suficiente e voc\u00ea n\u00e3o precisar\u00e1 procurar pacotes comerciais ou gastar tempo na personaliza\u00e7\u00e3o do HUD.<\/p>\n\n\n\n<figure class=\"wp-block-image\"><img loading=\"lazy\" decoding=\"async\" width=\"396\" height=\"252\" src=\"https:\/\/hand2noteguide.com\/wp-content\/uploads\/2020\/03\/hand2note-auto-hud.png\" alt=\"hand2note auto hud\" class=\"wp-image-1843\" srcset=\"https:\/\/hand2noteguide.com\/wp-content\/uploads\/2020\/03\/hand2note-auto-hud.png 396w, https:\/\/hand2noteguide.com\/wp-content\/uploads\/2020\/03\/hand2note-auto-hud-300x191.png 300w\" sizes=\"auto, (max-width: 396px) 100vw, 396px\" \/><figcaption>Exemplo de Auto HUD do Hand2Note: Mostra o valor da estat\u00edstica de open raise do jogador quando ele realmente faz um open raise<\/figcaption><\/figure>\n\n\n\n<p>O Auto HUD est\u00e1 dispon\u00edvel apenas na assinatura PRO. Ent\u00e3o voc\u00ea pode <a href=\"https:\/\/hand2noteguide.com\/pt\/promo\/\">comprar a vers\u00e3o PRO com desconto<\/a> para ter acesso a essa fun\u00e7\u00e3o.<\/p>\n\n\n\n<h2 class=\"wp-block-heading\">Conclus\u00e3o<\/h2>\n\n\n\n<p>Existem muitas op\u00e7\u00f5es diferentes de HUD para o Hand2Note. Voc\u00ea pode:<\/p>\n\n\n\n<ul class=\"wp-block-list\"><li>usar perfis de HUD padr\u00e3o;<\/li><li>criar seu pr\u00f3prio HUD com as ferramentas do Hand2Note;<\/li><li>comprar um pacote pronto em nossa loja;<\/li><li>encomendar um HUD privado;<\/li><li>usar o novo recurso de auto HUD.<\/li><\/ul>\n\n\n\n<p>Preste aten\u00e7\u00e3o a todas as op\u00e7\u00f5es poss\u00edveis e escolha o melhor HUD para voc\u00ea.<\/p>\n","protected":false},"excerpt":{"rendered":"<p>Vamos supor que voc\u00ea j\u00e1 tenha instalado o Hand2Note e come\u00e7ado a us\u00e1-lo. Muito provavelmente, voc\u00ea enfrentou a quest\u00e3o importante: qual HUD do Hand2Note \u00e9 melhor para usar? Preciso configurar o HUD por conta pr\u00f3pria? Ou n\u00e3o vale a pena perder tempo e \u00e9 melhor encontrar uma solu\u00e7\u00e3o pronta? Vamos tentar descobrir neste artigo qual &hellip; <a href=\"https:\/\/hand2noteguide.com\/pt\/hand2note-hud\/\" class=\"more-link\">Continue reading <span class=\"screen-reader-text\">Hand2Note HUD: qual \u00e9 o melhor?<\/span><\/a><\/p>\n","protected":false},"author":1,"featured_media":0,"parent":0,"menu_order":0,"comment_status":"closed","ping_status":"closed","template":"page-templates\/full-width-page.php","meta":{"footnotes":""},"class_list":["post-1759","page","type-page","status-publish","hentry"],"translation":{"provider":"WPGlobus","version":"3.0.2","language":"pt","enabled_languages":["en","ru","pt","zh","es","fr","de","it","ja"],"languages":{"en":{"title":true,"content":true,"excerpt":false},"ru":{"title":true,"content":true,"excerpt":false},"pt":{"title":true,"content":true,"excerpt":false},"zh":{"title":true,"content":true,"excerpt":false},"es":{"title":true,"content":true,"excerpt":false},"fr":{"title":true,"content":true,"excerpt":false},"de":{"title":true,"content":true,"excerpt":false},"it":{"title":true,"content":true,"excerpt":false},"ja":{"title":true,"content":true,"excerpt":false}}},"yoast_head":"<!-- This site is optimized with the Yoast SEO plugin v27.0 - https:\/\/yoast.com\/product\/yoast-seo-wordpress\/ -->\n<title>Melhor HUD do Hand2Note: Escolha a Op\u00e7\u00e3o Certa para Voc\u00ea<\/title>\n<meta name=\"description\" content=\"Como entender qual HUD do Hand2Note \u00e9 melhor e como come\u00e7ar a us\u00e1-lo? Confira este artigo e voc\u00ea poder\u00e1 rapidamente encontrar o HUD certo para suas necessidades.\" \/>\n<meta name=\"robots\" content=\"index, follow, max-snippet:-1, max-image-preview:large, max-video-preview:-1\" \/>\n<link rel=\"canonical\" href=\"https:\/\/hand2noteguide.com\/hand2note-hud\/\" \/>\n<meta property=\"og:locale\" content=\"pt_PT\" \/>\n<meta property=\"og:type\" content=\"article\" \/>\n<meta property=\"og:title\" content=\"Melhor HUD do Hand2Note: Escolha a Op\u00e7\u00e3o Certa para Voc\u00ea\" \/>\n<meta property=\"og:description\" content=\"Como entender qual HUD do Hand2Note \u00e9 melhor e como come\u00e7ar a us\u00e1-lo? Confira este artigo e voc\u00ea poder\u00e1 rapidamente encontrar o HUD certo para suas necessidades.\" \/>\n<meta property=\"og:url\" content=\"https:\/\/hand2noteguide.com\/hand2note-hud\/\" \/>\n<meta property=\"og:site_name\" content=\"Hand2Note Guide\" \/>\n<meta property=\"article:modified_time\" content=\"2025-06-04T14:39:12+00:00\" \/>\n<meta property=\"og:image\" content=\"https:\/\/hand2noteguide.com\/wp-content\/uploads\/2020\/03\/hand2note-default-hud-1.png\" \/>\n<meta name=\"twitter:card\" content=\"summary_large_image\" \/>\n<meta name=\"twitter:label1\" content=\"Est. reading time\" \/>\n\t<meta name=\"twitter:data1\" content=\"18 minutes\" \/>\n<!-- \/ Yoast SEO plugin. -->","yoast_head_json":{"title":"Melhor HUD do Hand2Note: Escolha a Op\u00e7\u00e3o Certa para Voc\u00ea","description":"Como entender qual HUD do Hand2Note \u00e9 melhor e como come\u00e7ar a us\u00e1-lo? Confira este artigo e voc\u00ea poder\u00e1 rapidamente encontrar o HUD certo para suas necessidades.","robots":{"index":"index","follow":"follow","max-snippet":"max-snippet:-1","max-image-preview":"max-image-preview:large","max-video-preview":"max-video-preview:-1"},"canonical":"https:\/\/hand2noteguide.com\/hand2note-hud\/","og_locale":"pt_PT","og_type":"article","og_title":"Melhor HUD do Hand2Note: Escolha a Op\u00e7\u00e3o Certa para Voc\u00ea","og_description":"Como entender qual HUD do Hand2Note \u00e9 melhor e como come\u00e7ar a us\u00e1-lo? Confira este artigo e voc\u00ea poder\u00e1 rapidamente encontrar o HUD certo para suas necessidades.","og_url":"https:\/\/hand2noteguide.com\/hand2note-hud\/","og_site_name":"Hand2Note Guide","article_modified_time":"2025-06-04T14:39:12+00:00","og_image":[{"url":"https:\/\/hand2noteguide.com\/wp-content\/uploads\/2020\/03\/hand2note-default-hud-1.png","type":"","width":"","height":""}],"twitter_card":"summary_large_image","twitter_misc":{"Est. reading time":"18 minutes"},"schema":{"@context":"https:\/\/schema.org","@graph":[]}},"jetpack_sharing_enabled":true,"_links":{"self":[{"href":"https:\/\/hand2noteguide.com\/pt\/wp-json\/wp\/v2\/pages\/1759","targetHints":{"allow":["GET"]}}],"collection":[{"href":"https:\/\/hand2noteguide.com\/pt\/wp-json\/wp\/v2\/pages"}],"about":[{"href":"https:\/\/hand2noteguide.com\/pt\/wp-json\/wp\/v2\/types\/page"}],"author":[{"embeddable":true,"href":"https:\/\/hand2noteguide.com\/pt\/wp-json\/wp\/v2\/users\/1"}],"replies":[{"embeddable":true,"href":"https:\/\/hand2noteguide.com\/pt\/wp-json\/wp\/v2\/comments?post=1759"}],"version-history":[{"count":71,"href":"https:\/\/hand2noteguide.com\/pt\/wp-json\/wp\/v2\/pages\/1759\/revisions"}],"predecessor-version":[{"id":13507,"href":"https:\/\/hand2noteguide.com\/pt\/wp-json\/wp\/v2\/pages\/1759\/revisions\/13507"}],"wp:attachment":[{"href":"https:\/\/hand2noteguide.com\/pt\/wp-json\/wp\/v2\/media?parent=1759"}],"curies":[{"name":"wp","href":"https:\/\/api.w.org\/{rel}","templated":true}]}}