{"id":1766,"date":"2020-03-09T07:11:39","date_gmt":"2020-03-09T04:11:39","guid":{"rendered":"http:\/\/hand2noteguide.com\/?page_id=1766"},"modified":"2026-04-24T04:02:31","modified_gmt":"2026-04-24T01:02:31","slug":"free-hud","status":"publish","type":"page","link":"https:\/\/hand2noteguide.com\/pt\/free-hud\/","title":{"rendered":"HUD gr\u00e1tis"},"content":{"rendered":"\n<p>Montar um HUD do zero leva tempo, e comprar um pack premium nem sempre \u00e9 necess\u00e1rio \u2014 especialmente se voc\u00ea est\u00e1 come\u00e7ando. Neste artigo, reunimos os melhores HUDs gratuitos para Hand2Note, adequados tanto para cash games quanto para torneios, para que voc\u00ea configure um HUD totalmente funcional em minutos, sem gastar nada.<\/p>\n\n\n\n<p>Todos os HUDs mencionados abaixo s\u00e3o adequados para as vers\u00f5es&nbsp;<a href=\"https:\/\/hand2noteguide.com\/pt\/basic-setup\/\">Hand2Note 3<\/a>&nbsp;e&nbsp;<a href=\"https:\/\/hand2noteguide.com\/pt\/hand2note-4-getting-started\/\">Hand2Note 4<\/a>.<\/p>\n\n\n\n<h2 class=\"wp-block-heading\">Obtenha o HUD Cosmos Gratuito por Roman Belousov<\/h2>\n\n\n\n<p>Primeiramente, oferecemos um HUD completamente gratuito de <a aria-label=\"undefined (abre em uma nova aba)\" href=\"https:\/\/hudstore.poker\/vendors\/belousov-roman\" target=\"_blank\" rel=\"noreferrer noopener\">Roman Belousov<\/a> &#8211; o especialista oficial em HUD do Hand2Note. Existem duas vers\u00f5es para jogadores de Cash e torneios. Ambas as vers\u00f5es cont\u00eam as estat\u00edsticas mais relevantes e \u00fateis.<\/p>\n\n\n\n<figure class=\"wp-block-gallery has-nested-images columns-default is-cropped wp-block-gallery-1 is-layout-flex wp-block-gallery-is-layout-flex\">\n<figure class=\"wp-block-image size-large\"><img loading=\"lazy\" decoding=\"async\" width=\"1024\" height=\"737\" data-id=\"9049\" src=\"http:\/\/hand2noteguide.com\/wp-content\/uploads\/2025\/02\/cosmos-free-cash-1024x737.webp\" alt=\"Cosmos Free Cash Poker HUD\" class=\"wp-image-9049\" srcset=\"https:\/\/hand2noteguide.com\/wp-content\/uploads\/2025\/02\/cosmos-free-cash-1024x737.webp 1024w, https:\/\/hand2noteguide.com\/wp-content\/uploads\/2025\/02\/cosmos-free-cash-300x216.webp 300w, https:\/\/hand2noteguide.com\/wp-content\/uploads\/2025\/02\/cosmos-free-cash-768x553.webp 768w, https:\/\/hand2noteguide.com\/wp-content\/uploads\/2025\/02\/cosmos-free-cash-1536x1106.webp 1536w, https:\/\/hand2noteguide.com\/wp-content\/uploads\/2025\/02\/cosmos-free-cash-772x556.webp 772w, https:\/\/hand2noteguide.com\/wp-content\/uploads\/2025\/02\/cosmos-free-cash-624x449.webp 624w, https:\/\/hand2noteguide.com\/wp-content\/uploads\/2025\/02\/cosmos-free-cash.webp 1560w\" sizes=\"auto, (max-width: 1024px) 100vw, 1024px\" \/><\/figure>\n\n\n\n<figure class=\"wp-block-image size-large\"><img loading=\"lazy\" decoding=\"async\" width=\"1024\" height=\"728\" data-id=\"9048\" src=\"http:\/\/hand2noteguide.com\/wp-content\/uploads\/2025\/02\/cosmos-free-mtt-1024x728.webp\" alt=\"Cosmos Free MTT Poker HUD\" class=\"wp-image-9048\" srcset=\"https:\/\/hand2noteguide.com\/wp-content\/uploads\/2025\/02\/cosmos-free-mtt-1024x728.webp 1024w, https:\/\/hand2noteguide.com\/wp-content\/uploads\/2025\/02\/cosmos-free-mtt-300x213.webp 300w, https:\/\/hand2noteguide.com\/wp-content\/uploads\/2025\/02\/cosmos-free-mtt-768x546.webp 768w, https:\/\/hand2noteguide.com\/wp-content\/uploads\/2025\/02\/cosmos-free-mtt-1536x1093.webp 1536w, https:\/\/hand2noteguide.com\/wp-content\/uploads\/2025\/02\/cosmos-free-mtt-772x549.webp 772w, https:\/\/hand2noteguide.com\/wp-content\/uploads\/2025\/02\/cosmos-free-mtt-624x444.webp 624w, https:\/\/hand2noteguide.com\/wp-content\/uploads\/2025\/02\/cosmos-free-mtt.webp 1590w\" sizes=\"auto, (max-width: 1024px) 100vw, 1024px\" \/><\/figure>\n<\/figure>\n\n\n\n<p>Este HUD de poker n\u00e3o cont\u00e9m op\u00e7\u00f5es posicionais e din\u00e2micas, ent\u00e3o voc\u00ea pode us\u00e1-lo como seu <a href=\"https:\/\/hand2noteguide.com\/pt\/pokerstars-hud\/\">HUD principal para PokerStars<\/a>. Ele est\u00e1 totalmente em conformidade com a pol\u00edtica desta sala. Todas as estat\u00edsticas adicionais para diferentes posi\u00e7\u00f5es est\u00e3o nos popups.<\/p>\n\n\n\n<p style=\"margin-top:24px\"><a style=\"font-weight:bold !important;background-color: #2682a9\" href=\"\/pt\/free-hud\/get-hand2note-cosmos-hud\/\" class=\"article-action-link\">Obtenha o HUD Cosmos \u2192<\/a><\/p>\n\n\n\n<h2 class=\"wp-block-heading\">Obtenha o Simple Cash HUD por Nick Korolev<\/h2>\n\n\n\n<p>Se voc\u00ea \u00e9 um jogador regular de jogos de cash, d\u00ea uma olhada no pacote <a aria-label=\"undefined (abre em uma nova aba)\" href=\"https:\/\/hudstore.poker\/products\/simple-cash\" target=\"_blank\" rel=\"noreferrer noopener\">Simple Cash<\/a> de <a href=\"https:\/\/hand2noteguide.com\/pt\/about-us\/\">Nick Korolev<\/a> &#8211; membro da equipe Hand2Note e profissional de jogos de cash. Ele cont\u00e9m 3 HUDs simples, mas eficazes, com popups especiais atribu\u00eddos a cada c\u00e9lula.<\/p>\n\n\n\n<figure class=\"wp-block-gallery has-nested-images columns-default is-cropped wp-block-gallery-2 is-layout-flex wp-block-gallery-is-layout-flex\">\n<figure class=\"wp-block-image size-large\"><img loading=\"lazy\" decoding=\"async\" width=\"1024\" height=\"737\" data-id=\"9046\" src=\"http:\/\/hand2noteguide.com\/wp-content\/uploads\/2025\/02\/simple-cash-hud-1024x737.webp\" alt=\"Simple Cash Hand2Note HUD\" class=\"wp-image-9046\" srcset=\"https:\/\/hand2noteguide.com\/wp-content\/uploads\/2025\/02\/simple-cash-hud-1024x737.webp 1024w, https:\/\/hand2noteguide.com\/wp-content\/uploads\/2025\/02\/simple-cash-hud-300x216.webp 300w, https:\/\/hand2noteguide.com\/wp-content\/uploads\/2025\/02\/simple-cash-hud-768x552.webp 768w, https:\/\/hand2noteguide.com\/wp-content\/uploads\/2025\/02\/simple-cash-hud-1536x1105.webp 1536w, https:\/\/hand2noteguide.com\/wp-content\/uploads\/2025\/02\/simple-cash-hud-772x555.webp 772w, https:\/\/hand2noteguide.com\/wp-content\/uploads\/2025\/02\/simple-cash-hud-624x449.webp 624w, https:\/\/hand2noteguide.com\/wp-content\/uploads\/2025\/02\/simple-cash-hud.webp 1607w\" sizes=\"auto, (max-width: 1024px) 100vw, 1024px\" \/><figcaption class=\"wp-element-caption\">HUD<\/figcaption><\/figure>\n\n\n\n<figure class=\"wp-block-image size-large\"><img loading=\"lazy\" decoding=\"async\" width=\"1024\" height=\"706\" data-id=\"9045\" src=\"http:\/\/hand2noteguide.com\/wp-content\/uploads\/2025\/02\/simple-cash-popup-1024x706.webp\" alt=\"Simple Cash Hand2Note Popup\" class=\"wp-image-9045\" srcset=\"https:\/\/hand2noteguide.com\/wp-content\/uploads\/2025\/02\/simple-cash-popup-1024x706.webp 1024w, https:\/\/hand2noteguide.com\/wp-content\/uploads\/2025\/02\/simple-cash-popup-300x207.webp 300w, https:\/\/hand2noteguide.com\/wp-content\/uploads\/2025\/02\/simple-cash-popup-768x530.webp 768w, https:\/\/hand2noteguide.com\/wp-content\/uploads\/2025\/02\/simple-cash-popup-1536x1059.webp 1536w, https:\/\/hand2noteguide.com\/wp-content\/uploads\/2025\/02\/simple-cash-popup-772x533.webp 772w, https:\/\/hand2noteguide.com\/wp-content\/uploads\/2025\/02\/simple-cash-popup-624x430.webp 624w, https:\/\/hand2noteguide.com\/wp-content\/uploads\/2025\/02\/simple-cash-popup.webp 1731w\" sizes=\"auto, (max-width: 1024px) 100vw, 1024px\" \/><figcaption class=\"wp-element-caption\">Popup<\/figcaption><\/figure>\n<\/figure>\n\n\n\n<p>Voc\u00ea pode obter o Simple Cash e outros 6 HUDs para todos os tipos de jogos gratuitamente como parte da <a href=\"https:\/\/hand2noteguide.com\/pt\/promo\/\">promo\u00e7\u00e3o GUIDE10<\/a>.<\/p>\n\n\n\n<p style=\"margin-top:24px\"><a style=\"font-weight:bold !important\" href=\"\/pt\/hud-store\/simple-cash-pack-for-free\/\" class=\"article-action-link\">Obtenha o Simple Cash HUD \u2192<\/a><\/p>\n\n\n\n<h2 class=\"wp-block-heading\">Experimente o HUD padr\u00e3o<\/h2>\n\n\n\n<p>Al\u00e9m disso, voc\u00ea pode usar os perfis padr\u00e3o de HUD e popups do Hand2Note que est\u00e3o presentes no software por padr\u00e3o. Eles s\u00e3o chamados de &#8220;default&#8221; e &#8220;PokerMaster default&#8221;. Esses perfis cont\u00eam um conjunto b\u00e1sico de estat\u00edsticas que ser\u00e3o suficientes para o in\u00edcio. Jogadores mais experientes tamb\u00e9m podem achar este HUD utiliz\u00e1vel, em <a href=\"https:\/\/hand2noteguide.com\/pt\/asian\/\">aplicativos asi\u00e1ticos<\/a>, por exemplo.<\/p>\n\n\n\n<figure class=\"wp-block-image\"><img loading=\"lazy\" decoding=\"async\" width=\"728\" height=\"455\" src=\"https:\/\/hand2noteguide.com\/wp-content\/uploads\/2020\/03\/hand2note-default-hud-2.png\" alt=\"hand2note default hud\" class=\"wp-image-1850\" srcset=\"https:\/\/hand2noteguide.com\/wp-content\/uploads\/2020\/03\/hand2note-default-hud-2.png 728w, https:\/\/hand2noteguide.com\/wp-content\/uploads\/2020\/03\/hand2note-default-hud-2-300x188.png 300w, https:\/\/hand2noteguide.com\/wp-content\/uploads\/2020\/03\/hand2note-default-hud-2-624x390.png 624w\" sizes=\"auto, (max-width: 728px) 100vw, 728px\" \/><figcaption class=\"wp-element-caption\">HUD padr\u00e3o do Hand2Note<\/figcaption><\/figure>\n\n\n\n<p>O popup padr\u00e3o cont\u00e9m informa\u00e7\u00f5es mais detalhadas sobre o jogador.<\/p>\n\n\n\n<figure class=\"wp-block-image\"><img loading=\"lazy\" decoding=\"async\" width=\"687\" height=\"686\" src=\"https:\/\/hand2noteguide.com\/wp-content\/uploads\/2020\/03\/hand2note-default-popup.png\" alt=\"hand2note default popup\" class=\"wp-image-1851\" srcset=\"https:\/\/hand2noteguide.com\/wp-content\/uploads\/2020\/03\/hand2note-default-popup.png 687w, https:\/\/hand2noteguide.com\/wp-content\/uploads\/2020\/03\/hand2note-default-popup-150x150.png 150w, https:\/\/hand2noteguide.com\/wp-content\/uploads\/2020\/03\/hand2note-default-popup-300x300.png 300w, https:\/\/hand2noteguide.com\/wp-content\/uploads\/2020\/03\/hand2note-default-popup-96x96.png 96w, https:\/\/hand2noteguide.com\/wp-content\/uploads\/2020\/03\/hand2note-default-popup-624x624.png 624w\" sizes=\"auto, (max-width: 687px) 100vw, 687px\" \/><figcaption class=\"wp-element-caption\">Popup padr\u00e3o do Hand2Note<\/figcaption><\/figure>\n\n\n\n<p>Esses HUDs e popups padr\u00e3o s\u00e3o completamente gratuitos e v\u00eam com o programa por padr\u00e3o. Assim, voc\u00ea pode come\u00e7ar a usar o Hand2Note com este HUD gratuito. Nenhuma configura\u00e7\u00e3o adicional \u00e9 necess\u00e1ria, basta seguir as instru\u00e7\u00f5es de <a href=\"https:\/\/hand2noteguide.com\/pt\/basic-setup\/\">configura\u00e7\u00e3o inicial<\/a>.<\/p>\n\n\n\n<h2 class=\"wp-block-heading\">Ajuste o HUD para suas necessidades<\/h2>\n\n\n\n<p>Voc\u00ea tamb\u00e9m pode modificar o HUD e adicionar algumas estat\u00edsticas para torn\u00e1-lo mais informativo. Voc\u00ea precisa usar o editor de HUD. Ele possui uma interface bastante intuitiva. Basta adicionar novas linhas ou colunas e arrastar e soltar as estat\u00edsticas necess\u00e1rias nas c\u00e9lulas da lista na parte esquerda da tela. Existem muitas estat\u00edsticas prontas dispon\u00edveis no Hand2Note, como <a href=\"https:\/\/hand2noteguide.com\/pt\/poker\/poker-hud-stats\/3bet-in-poker\/\">3Bet<\/a>, 4Bet, Squeeze, etc.<\/p>\n\n\n\n<figure class=\"wp-block-image\"><img loading=\"lazy\" decoding=\"async\" width=\"1024\" height=\"584\" src=\"https:\/\/hand2noteguide.com\/wp-content\/uploads\/2020\/03\/hand2note-modify-hud-1024x584.png\" alt=\"hand2note modify hud\" class=\"wp-image-1853\" srcset=\"https:\/\/hand2noteguide.com\/wp-content\/uploads\/2020\/03\/hand2note-modify-hud-1024x584.png 1024w, https:\/\/hand2noteguide.com\/wp-content\/uploads\/2020\/03\/hand2note-modify-hud-300x171.png 300w, https:\/\/hand2noteguide.com\/wp-content\/uploads\/2020\/03\/hand2note-modify-hud-768x438.png 768w, https:\/\/hand2noteguide.com\/wp-content\/uploads\/2020\/03\/hand2note-modify-hud-772x441.png 772w, https:\/\/hand2noteguide.com\/wp-content\/uploads\/2020\/03\/hand2note-modify-hud-624x356.png 624w, https:\/\/hand2noteguide.com\/wp-content\/uploads\/2020\/03\/hand2note-modify-hud.png 1088w\" sizes=\"auto, (max-width: 1024px) 100vw, 1024px\" \/><figcaption class=\"wp-element-caption\">Modificando o HUD padr\u00e3o no editor<\/figcaption><\/figure>\n\n\n\n<p>Voc\u00ea tamb\u00e9m pode criar um novo perfil e construir um perfil de HUD mais complexo para suas necessidades. Os editores de HUD e estat\u00edsticas est\u00e3o dispon\u00edveis na vers\u00e3o gratuita do Hand2Note. O processo de cria\u00e7\u00e3o de um HUD profissional \u00e9 descrito em detalhes no <a aria-label=\"undefined (abre em uma nova aba)\" href=\"https:\/\/nickjames.teachable.com\/courses\/hand2note-professional-usage\/lectures\/14423550?utm_source=hand2noteguide.com&amp;utm_medium=referral&amp;utm_campaign=hand2noteguide.com\" target=\"_blank\" rel=\"noreferrer noopener\">curso em v\u00eddeo<\/a>.<\/p>\n\n\n\n<h2 class=\"wp-block-heading\">Considere um HUD mais avan\u00e7ado<\/h2>\n\n\n\n<p>Voc\u00ea pode come\u00e7ar a usar o Hand2Note com um HUD gratuito, como discutimos acima. Mas \u00e9 apenas um HUD est\u00e1tico, que n\u00e3o reflete todo o poder do melhor software de rastreamento de poker. Ent\u00e3o, quando voc\u00ea estiver pronto para ir para o pr\u00f3ximo n\u00edvel, preste aten\u00e7\u00e3o aos <a href=\"https:\/\/hand2noteguide.com\/pt\/hud-store\/\">HUDs de poker mais avan\u00e7ados<\/a>.<\/p>\n\n\n\n<figure class=\"wp-block-image size-large\"><img loading=\"lazy\" decoding=\"async\" width=\"1024\" height=\"735\" src=\"http:\/\/hand2noteguide.com\/wp-content\/uploads\/2025\/02\/pro-cash-hud-1024x735.webp\" alt=\"\" class=\"wp-image-9053\" srcset=\"https:\/\/hand2noteguide.com\/wp-content\/uploads\/2025\/02\/pro-cash-hud-1024x735.webp 1024w, https:\/\/hand2noteguide.com\/wp-content\/uploads\/2025\/02\/pro-cash-hud-300x215.webp 300w, https:\/\/hand2noteguide.com\/wp-content\/uploads\/2025\/02\/pro-cash-hud-768x551.webp 768w, https:\/\/hand2noteguide.com\/wp-content\/uploads\/2025\/02\/pro-cash-hud-1536x1102.webp 1536w, https:\/\/hand2noteguide.com\/wp-content\/uploads\/2025\/02\/pro-cash-hud-772x554.webp 772w, https:\/\/hand2noteguide.com\/wp-content\/uploads\/2025\/02\/pro-cash-hud-624x448.webp 624w, https:\/\/hand2noteguide.com\/wp-content\/uploads\/2025\/02\/pro-cash-hud.webp 1557w\" sizes=\"auto, (max-width: 1024px) 100vw, 1024px\" \/><figcaption class=\"wp-element-caption\">Exemplo de HUD posicional do Hand2Note: <a href=\"https:\/\/hand2noteguide.com\/pt\/hud-store\/pro-cash\/\">pacote PRO Cash<\/a><\/figcaption><\/figure>\n\n\n\n<p>Al\u00e9m de HUDs posicionais e din\u00e2micos, voc\u00ea obter\u00e1 um conjunto rico de outras ferramentas de poker que o ajudar\u00e3o a melhorar significativamente a qualidade do seu jogo. D\u00ea uma olhada em nossa <a href=\"https:\/\/hand2noteguide.com\/pt\/why-purchase-hand2note\/\">vis\u00e3o geral dessas funcionalidades<\/a>.<\/p>\n","protected":false},"excerpt":{"rendered":"<p>Montar um HUD do zero leva tempo, e comprar um pack premium nem sempre \u00e9 necess\u00e1rio \u2014 especialmente se voc\u00ea est\u00e1 come\u00e7ando. Neste artigo, reunimos os melhores HUDs gratuitos para Hand2Note, adequados tanto para cash games quanto para torneios, para que voc\u00ea configure um HUD totalmente funcional em minutos, sem gastar nada. Todos os HUDs &hellip; <a href=\"https:\/\/hand2noteguide.com\/pt\/free-hud\/\" class=\"more-link\">Continue reading <span class=\"screen-reader-text\">HUD gr\u00e1tis<\/span><\/a><\/p>\n","protected":false},"author":1,"featured_media":0,"parent":0,"menu_order":0,"comment_status":"closed","ping_status":"closed","template":"","meta":{"footnotes":""},"class_list":["post-1766","page","type-page","status-publish","hentry"],"translation":{"provider":"WPGlobus","version":"3.0.2","language":"pt","enabled_languages":["en","ru","pt","zh","es","fr","de","it","ja"],"languages":{"en":{"title":true,"content":true,"excerpt":false},"ru":{"title":true,"content":true,"excerpt":false},"pt":{"title":true,"content":true,"excerpt":false},"zh":{"title":true,"content":true,"excerpt":false},"es":{"title":true,"content":true,"excerpt":false},"fr":{"title":true,"content":true,"excerpt":false},"de":{"title":true,"content":true,"excerpt":false},"it":{"title":true,"content":true,"excerpt":false},"ja":{"title":true,"content":true,"excerpt":false}}},"yoast_head":"<!-- This site is optimized with the Yoast SEO plugin v27.0 - https:\/\/yoast.com\/product\/yoast-seo-wordpress\/ -->\n<title>HUD gr\u00e1tis do Hand2Note para poker \u2013 cash e MTT<\/title>\n<meta name=\"description\" content=\"Baixe o HUD gr\u00e1tis do Hand2Note para cash ou torneios. Use um dos melhores trackers de poker e ganhe vantagem sobre seus advers\u00e1rios!\" \/>\n<meta name=\"robots\" content=\"index, follow, max-snippet:-1, max-image-preview:large, max-video-preview:-1\" \/>\n<link rel=\"canonical\" href=\"https:\/\/hand2noteguide.com\/free-hud\/\" \/>\n<meta property=\"og:locale\" content=\"pt_PT\" \/>\n<meta property=\"og:type\" content=\"article\" \/>\n<meta property=\"og:title\" content=\"HUD gr\u00e1tis do Hand2Note para poker \u2013 cash e MTT\" \/>\n<meta property=\"og:description\" content=\"Baixe o HUD gr\u00e1tis do Hand2Note para cash ou torneios. Use um dos melhores trackers de poker e ganhe vantagem sobre seus advers\u00e1rios!\" \/>\n<meta property=\"og:url\" content=\"https:\/\/hand2noteguide.com\/free-hud\/\" \/>\n<meta property=\"og:site_name\" content=\"Hand2Note Guide\" \/>\n<meta property=\"article:modified_time\" content=\"2026-04-24T01:02:31+00:00\" \/>\n<meta property=\"og:image\" content=\"http:\/\/hand2noteguide.com\/wp-content\/uploads\/2025\/02\/cosmos-free-cash-1024x737.webp\" \/>\n<meta name=\"twitter:card\" content=\"summary_large_image\" \/>\n<meta name=\"twitter:label1\" content=\"Est. reading time\" \/>\n\t<meta name=\"twitter:data1\" content=\"5 minutes\" \/>\n<!-- \/ Yoast SEO plugin. -->","yoast_head_json":{"title":"HUD gr\u00e1tis do Hand2Note para poker \u2013 cash e MTT","description":"Baixe o HUD gr\u00e1tis do Hand2Note para cash ou torneios. Use um dos melhores trackers de poker e ganhe vantagem sobre seus advers\u00e1rios!","robots":{"index":"index","follow":"follow","max-snippet":"max-snippet:-1","max-image-preview":"max-image-preview:large","max-video-preview":"max-video-preview:-1"},"canonical":"https:\/\/hand2noteguide.com\/free-hud\/","og_locale":"pt_PT","og_type":"article","og_title":"HUD gr\u00e1tis do Hand2Note para poker \u2013 cash e MTT","og_description":"Baixe o HUD gr\u00e1tis do Hand2Note para cash ou torneios. Use um dos melhores trackers de poker e ganhe vantagem sobre seus advers\u00e1rios!","og_url":"https:\/\/hand2noteguide.com\/free-hud\/","og_site_name":"Hand2Note Guide","article_modified_time":"2026-04-24T01:02:31+00:00","og_image":[{"url":"http:\/\/hand2noteguide.com\/wp-content\/uploads\/2025\/02\/cosmos-free-cash-1024x737.webp","type":"","width":"","height":""}],"twitter_card":"summary_large_image","twitter_misc":{"Est. reading time":"5 minutes"},"schema":{"@context":"https:\/\/schema.org","@graph":[]}},"jetpack_sharing_enabled":true,"_links":{"self":[{"href":"https:\/\/hand2noteguide.com\/pt\/wp-json\/wp\/v2\/pages\/1766","targetHints":{"allow":["GET"]}}],"collection":[{"href":"https:\/\/hand2noteguide.com\/pt\/wp-json\/wp\/v2\/pages"}],"about":[{"href":"https:\/\/hand2noteguide.com\/pt\/wp-json\/wp\/v2\/types\/page"}],"author":[{"embeddable":true,"href":"https:\/\/hand2noteguide.com\/pt\/wp-json\/wp\/v2\/users\/1"}],"replies":[{"embeddable":true,"href":"https:\/\/hand2noteguide.com\/pt\/wp-json\/wp\/v2\/comments?post=1766"}],"version-history":[{"count":141,"href":"https:\/\/hand2noteguide.com\/pt\/wp-json\/wp\/v2\/pages\/1766\/revisions"}],"predecessor-version":[{"id":16401,"href":"https:\/\/hand2noteguide.com\/pt\/wp-json\/wp\/v2\/pages\/1766\/revisions\/16401"}],"wp:attachment":[{"href":"https:\/\/hand2noteguide.com\/pt\/wp-json\/wp\/v2\/media?parent=1766"}],"curies":[{"name":"wp","href":"https:\/\/api.w.org\/{rel}","templated":true}]}}