{"id":196,"date":"2018-08-01T16:32:12","date_gmt":"2018-08-01T13:32:12","guid":{"rendered":"https:\/\/h2n312.wordpress.com\/?page_id=196"},"modified":"2025-06-04T19:10:59","modified_gmt":"2025-06-04T16:10:59","slug":"where-is-database-stored","status":"publish","type":"page","link":"https:\/\/hand2noteguide.com\/pt\/guide\/database\/where-is-database-stored\/","title":{"rendered":"Onde o banco de dados \u00e9 armazenado?"},"content":{"rendered":"\n<p>Por padr\u00e3o, o banco de dados do Hand2Note \u00e9 armazenado na pasta <em>C:\/Users\/SeuNomeDeUsu\u00e1rio\/AppData\/Roaming\/Hand2Note\/h2ndb<\/em>. Voc\u00ea pode alterar a localiza\u00e7\u00e3o do banco de dados nas configura\u00e7\u00f5es:<\/p>\n\n\n\n<figure class=\"wp-block-image\"><img loading=\"lazy\" decoding=\"async\" width=\"1022\" height=\"941\" src=\"https:\/\/hand2noteguide.com\/wp-content\/uploads\/2019\/05\/hand2note-database-location-path.png\" alt=\"caminho da localiza\u00e7\u00e3o do banco de dados do hand2note\" class=\"wp-image-965\" srcset=\"https:\/\/hand2noteguide.com\/wp-content\/uploads\/2019\/05\/hand2note-database-location-path.png 1022w, https:\/\/hand2noteguide.com\/wp-content\/uploads\/2019\/05\/hand2note-database-location-path-300x276.png 300w, https:\/\/hand2noteguide.com\/wp-content\/uploads\/2019\/05\/hand2note-database-location-path-768x707.png 768w, https:\/\/hand2noteguide.com\/wp-content\/uploads\/2019\/05\/hand2note-database-location-path-772x711.png 772w, https:\/\/hand2noteguide.com\/wp-content\/uploads\/2019\/05\/hand2note-database-location-path-624x575.png 624w\" sizes=\"auto, (max-width: 1022px) 100vw, 1022px\" \/><figcaption>Localiza\u00e7\u00e3o dos arquivos do banco de dados do Hand2Note<\/figcaption><\/figure>\n\n\n\n<p>Veja tamb\u00e9m:<\/p>\n\n\n\n<ul class=\"page-list wp-block-list\"><li><a href=\"https:\/\/hand2noteguide.com\/pt\/guide\/database\/move-database-to-another-drive\/\">Movendo o banco de dados para outro drive<\/a><\/li><li><a href=\"https:\/\/hand2noteguide.com\/pt\/guide\/database\/move-database-to-another-pc\/\">Movendo o banco de dados para outro PC<\/a><\/li><\/ul>\n","protected":false},"excerpt":{"rendered":"<p>Por padr\u00e3o, o banco de dados do Hand2Note \u00e9 armazenado na pasta C:\/Users\/SeuNomeDeUsu\u00e1rio\/AppData\/Roaming\/Hand2Note\/h2ndb. Voc\u00ea pode alterar a localiza\u00e7\u00e3o do banco de dados nas configura\u00e7\u00f5es: Veja tamb\u00e9m: Movendo o banco de dados para outro drive Movendo o banco de dados para outro PC<\/p>\n","protected":false},"author":1,"featured_media":0,"parent":221,"menu_order":0,"comment_status":"closed","ping_status":"closed","template":"page-templates\/full-width-page.php","meta":{"footnotes":""},"class_list":["post-196","page","type-page","status-publish","hentry"],"translation":{"provider":"WPGlobus","version":"3.0.2","language":"pt","enabled_languages":["en","ru","pt","zh","es","fr","de","it","ja"],"languages":{"en":{"title":true,"content":true,"excerpt":false},"ru":{"title":true,"content":true,"excerpt":false},"pt":{"title":true,"content":true,"excerpt":false},"zh":{"title":true,"content":true,"excerpt":false},"es":{"title":true,"content":true,"excerpt":false},"fr":{"title":true,"content":true,"excerpt":false},"de":{"title":true,"content":true,"excerpt":false},"it":{"title":true,"content":true,"excerpt":false},"ja":{"title":true,"content":true,"excerpt":false}}},"yoast_head":"<!-- This site is optimized with the Yoast SEO plugin v27.0 - https:\/\/yoast.com\/product\/yoast-seo-wordpress\/ -->\n<title>Onde Est\u00e1 Armazenado Seu Banco de Dados Hand2Note? Descubra Aqui<\/title>\n<meta name=\"description\" content=\"Descubra onde seu banco de dados Hand2Note \u00e9 armazenado por padr\u00e3o e como alterar sua localiza\u00e7\u00e3o. Siga nosso guia para f\u00e1cil gerenciamento do banco de dados.\" \/>\n<meta name=\"robots\" content=\"index, follow, max-snippet:-1, max-image-preview:large, max-video-preview:-1\" \/>\n<link rel=\"canonical\" href=\"https:\/\/hand2noteguide.com\/guide\/database\/where-is-database-stored\/\" \/>\n<meta property=\"og:locale\" content=\"pt_PT\" \/>\n<meta property=\"og:type\" content=\"article\" \/>\n<meta property=\"og:title\" content=\"Onde Est\u00e1 Armazenado Seu Banco de Dados Hand2Note? Descubra Aqui\" \/>\n<meta property=\"og:description\" content=\"Descubra onde seu banco de dados Hand2Note \u00e9 armazenado por padr\u00e3o e como alterar sua localiza\u00e7\u00e3o. Siga nosso guia para f\u00e1cil gerenciamento do banco de dados.\" \/>\n<meta property=\"og:url\" content=\"https:\/\/hand2noteguide.com\/guide\/database\/where-is-database-stored\/\" \/>\n<meta property=\"og:site_name\" content=\"Hand2Note Guide\" \/>\n<meta property=\"article:modified_time\" content=\"2025-06-04T16:10:59+00:00\" \/>\n<meta property=\"og:image\" content=\"https:\/\/hand2noteguide.com\/wp-content\/uploads\/2018\/08\/d0b1d0b5d0b7d18bd0bcd18fd0bdd0bdd18bd0b96.png\" \/>\n<meta name=\"twitter:card\" content=\"summary_large_image\" \/>\n<meta name=\"twitter:label1\" content=\"Est. reading time\" \/>\n\t<meta name=\"twitter:data1\" content=\"2 minutes\" \/>\n<!-- \/ Yoast SEO plugin. -->","yoast_head_json":{"title":"Onde Est\u00e1 Armazenado Seu Banco de Dados Hand2Note? Descubra Aqui","description":"Descubra onde seu banco de dados Hand2Note \u00e9 armazenado por padr\u00e3o e como alterar sua localiza\u00e7\u00e3o. Siga nosso guia para f\u00e1cil gerenciamento do banco de dados.","robots":{"index":"index","follow":"follow","max-snippet":"max-snippet:-1","max-image-preview":"max-image-preview:large","max-video-preview":"max-video-preview:-1"},"canonical":"https:\/\/hand2noteguide.com\/guide\/database\/where-is-database-stored\/","og_locale":"pt_PT","og_type":"article","og_title":"Onde Est\u00e1 Armazenado Seu Banco de Dados Hand2Note? Descubra Aqui","og_description":"Descubra onde seu banco de dados Hand2Note \u00e9 armazenado por padr\u00e3o e como alterar sua localiza\u00e7\u00e3o. Siga nosso guia para f\u00e1cil gerenciamento do banco de dados.","og_url":"https:\/\/hand2noteguide.com\/guide\/database\/where-is-database-stored\/","og_site_name":"Hand2Note Guide","article_modified_time":"2025-06-04T16:10:59+00:00","og_image":[{"url":"https:\/\/hand2noteguide.com\/wp-content\/uploads\/2018\/08\/d0b1d0b5d0b7d18bd0bcd18fd0bdd0bdd18bd0b96.png","type":"","width":"","height":""}],"twitter_card":"summary_large_image","twitter_misc":{"Est. reading time":"2 minutes"},"schema":{"@context":"https:\/\/schema.org","@graph":[]}},"jetpack_sharing_enabled":false,"_links":{"self":[{"href":"https:\/\/hand2noteguide.com\/pt\/wp-json\/wp\/v2\/pages\/196","targetHints":{"allow":["GET"]}}],"collection":[{"href":"https:\/\/hand2noteguide.com\/pt\/wp-json\/wp\/v2\/pages"}],"about":[{"href":"https:\/\/hand2noteguide.com\/pt\/wp-json\/wp\/v2\/types\/page"}],"author":[{"embeddable":true,"href":"https:\/\/hand2noteguide.com\/pt\/wp-json\/wp\/v2\/users\/1"}],"replies":[{"embeddable":true,"href":"https:\/\/hand2noteguide.com\/pt\/wp-json\/wp\/v2\/comments?post=196"}],"version-history":[{"count":18,"href":"https:\/\/hand2noteguide.com\/pt\/wp-json\/wp\/v2\/pages\/196\/revisions"}],"predecessor-version":[{"id":13549,"href":"https:\/\/hand2noteguide.com\/pt\/wp-json\/wp\/v2\/pages\/196\/revisions\/13549"}],"up":[{"embeddable":true,"href":"https:\/\/hand2noteguide.com\/pt\/wp-json\/wp\/v2\/pages\/221"}],"wp:attachment":[{"href":"https:\/\/hand2noteguide.com\/pt\/wp-json\/wp\/v2\/media?parent=196"}],"curies":[{"name":"wp","href":"https:\/\/api.w.org\/{rel}","templated":true}]}}