{"id":199,"date":"2018-08-01T16:43:30","date_gmt":"2018-08-01T13:43:30","guid":{"rendered":"https:\/\/h2n312.wordpress.com\/?page_id=199"},"modified":"2025-06-04T19:10:22","modified_gmt":"2025-06-04T16:10:22","slug":"move-database-to-another-drive","status":"publish","type":"page","link":"https:\/\/hand2noteguide.com\/pt\/guide\/database\/move-database-to-another-drive\/","title":{"rendered":"Como mover o banco de dados para outro drive"},"content":{"rendered":"<p>Por padr\u00e3o, o <a href=\"https:\/\/hand2noteguide.com\/pt\/guide\/database\/where-is-database-stored\/\">banco de dados do Hand2Note \u00e9 armazenado no drive C<\/a>. Se desejar, voc\u00ea pode alterar a localiza\u00e7\u00e3o do banco de dados, por exemplo, se ficar sem espa\u00e7o livre nesse drive.<\/p>\n<p>Para mover os arquivos do banco de dados para outro diret\u00f3rio, fa\u00e7a o seguinte:<\/p>\n<ol>\n<li>V\u00e1 para <em>Configuration \u2192 Database<\/em>.<\/li>\n<li>Clique em <em>Open Folder<\/em>.<\/li>\n<li>Mova o conte\u00fado da pasta aberta para o diret\u00f3rio desejado.<\/li>\n<li>Clique em <em>Change folder<\/em> e defina o caminho para a pasta onde voc\u00ea moveu os arquivos na etapa anterior.<\/li>\n<li>Aguarde o Hand2Note reiniciar.<\/li>\n<\/ol>\n","protected":false},"excerpt":{"rendered":"<p>Por padr\u00e3o, o banco de dados do Hand2Note \u00e9 armazenado no drive C. Se desejar, voc\u00ea pode alterar a localiza\u00e7\u00e3o do banco de dados, por exemplo, se ficar sem espa\u00e7o livre nesse drive. Para mover os arquivos do banco de dados para outro diret\u00f3rio, fa\u00e7a o seguinte: V\u00e1 para Configuration \u2192 Database. Clique em Open &hellip; <a href=\"https:\/\/hand2noteguide.com\/pt\/guide\/database\/move-database-to-another-drive\/\" class=\"more-link\">Continue reading <span class=\"screen-reader-text\">Como mover o banco de dados para outro drive<\/span><\/a><\/p>\n","protected":false},"author":1,"featured_media":0,"parent":221,"menu_order":0,"comment_status":"closed","ping_status":"closed","template":"page-templates\/full-width-page.php","meta":{"footnotes":""},"class_list":["post-199","page","type-page","status-publish","hentry"],"translation":{"provider":"WPGlobus","version":"3.0.2","language":"pt","enabled_languages":["en","ru","pt","zh","es","fr","de","it","ja"],"languages":{"en":{"title":true,"content":true,"excerpt":false},"ru":{"title":true,"content":true,"excerpt":false},"pt":{"title":true,"content":true,"excerpt":false},"zh":{"title":true,"content":true,"excerpt":false},"es":{"title":true,"content":true,"excerpt":false},"fr":{"title":true,"content":true,"excerpt":false},"de":{"title":true,"content":true,"excerpt":false},"it":{"title":true,"content":true,"excerpt":false},"ja":{"title":true,"content":true,"excerpt":false}}},"yoast_head":"<!-- This site is optimized with the Yoast SEO plugin v27.0 - https:\/\/yoast.com\/product\/yoast-seo-wordpress\/ -->\n<title>Como Mover Facilmente o Banco de Dados do Hand2Note para Outro Drive<\/title>\n<meta name=\"description\" content=\"Aprenda a mover seu banco de dados do Hand2Note para outro drive para liberar espa\u00e7o e otimizar o desempenho. Siga nosso guia passo a passo f\u00e1cil.\" \/>\n<meta name=\"robots\" content=\"index, follow, max-snippet:-1, max-image-preview:large, max-video-preview:-1\" \/>\n<link rel=\"canonical\" href=\"https:\/\/hand2noteguide.com\/guide\/database\/move-database-to-another-drive\/\" \/>\n<meta property=\"og:locale\" content=\"pt_PT\" \/>\n<meta property=\"og:type\" content=\"article\" \/>\n<meta property=\"og:title\" content=\"Como Mover Facilmente o Banco de Dados do Hand2Note para Outro Drive\" \/>\n<meta property=\"og:description\" content=\"Aprenda a mover seu banco de dados do Hand2Note para outro drive para liberar espa\u00e7o e otimizar o desempenho. Siga nosso guia passo a passo f\u00e1cil.\" \/>\n<meta property=\"og:url\" content=\"https:\/\/hand2noteguide.com\/guide\/database\/move-database-to-another-drive\/\" \/>\n<meta property=\"og:site_name\" content=\"Hand2Note Guide\" \/>\n<meta property=\"article:modified_time\" content=\"2025-06-04T16:10:22+00:00\" \/>\n<meta name=\"twitter:card\" content=\"summary_large_image\" \/>\n<meta name=\"twitter:label1\" content=\"Est. reading time\" \/>\n\t<meta name=\"twitter:data1\" content=\"3 minutes\" \/>\n<!-- \/ Yoast SEO plugin. -->","yoast_head_json":{"title":"Como Mover Facilmente o Banco de Dados do Hand2Note para Outro Drive","description":"Aprenda a mover seu banco de dados do Hand2Note para outro drive para liberar espa\u00e7o e otimizar o desempenho. Siga nosso guia passo a passo f\u00e1cil.","robots":{"index":"index","follow":"follow","max-snippet":"max-snippet:-1","max-image-preview":"max-image-preview:large","max-video-preview":"max-video-preview:-1"},"canonical":"https:\/\/hand2noteguide.com\/guide\/database\/move-database-to-another-drive\/","og_locale":"pt_PT","og_type":"article","og_title":"Como Mover Facilmente o Banco de Dados do Hand2Note para Outro Drive","og_description":"Aprenda a mover seu banco de dados do Hand2Note para outro drive para liberar espa\u00e7o e otimizar o desempenho. Siga nosso guia passo a passo f\u00e1cil.","og_url":"https:\/\/hand2noteguide.com\/guide\/database\/move-database-to-another-drive\/","og_site_name":"Hand2Note Guide","article_modified_time":"2025-06-04T16:10:22+00:00","twitter_card":"summary_large_image","twitter_misc":{"Est. reading time":"3 minutes"},"schema":{"@context":"https:\/\/schema.org","@graph":[]}},"jetpack_sharing_enabled":false,"_links":{"self":[{"href":"https:\/\/hand2noteguide.com\/pt\/wp-json\/wp\/v2\/pages\/199","targetHints":{"allow":["GET"]}}],"collection":[{"href":"https:\/\/hand2noteguide.com\/pt\/wp-json\/wp\/v2\/pages"}],"about":[{"href":"https:\/\/hand2noteguide.com\/pt\/wp-json\/wp\/v2\/types\/page"}],"author":[{"embeddable":true,"href":"https:\/\/hand2noteguide.com\/pt\/wp-json\/wp\/v2\/users\/1"}],"replies":[{"embeddable":true,"href":"https:\/\/hand2noteguide.com\/pt\/wp-json\/wp\/v2\/comments?post=199"}],"version-history":[{"count":12,"href":"https:\/\/hand2noteguide.com\/pt\/wp-json\/wp\/v2\/pages\/199\/revisions"}],"predecessor-version":[{"id":13548,"href":"https:\/\/hand2noteguide.com\/pt\/wp-json\/wp\/v2\/pages\/199\/revisions\/13548"}],"up":[{"embeddable":true,"href":"https:\/\/hand2noteguide.com\/pt\/wp-json\/wp\/v2\/pages\/221"}],"wp:attachment":[{"href":"https:\/\/hand2noteguide.com\/pt\/wp-json\/wp\/v2\/media?parent=199"}],"curies":[{"name":"wp","href":"https:\/\/api.w.org\/{rel}","templated":true}]}}