{"id":204,"date":"2018-08-01T19:50:47","date_gmt":"2018-08-01T16:50:47","guid":{"rendered":"https:\/\/h2n312.wordpress.com\/?page_id=204"},"modified":"2025-06-04T19:09:10","modified_gmt":"2025-06-04T16:09:10","slug":"delete-hands","status":"publish","type":"page","link":"https:\/\/hand2noteguide.com\/pt\/guide\/database\/delete-hands\/","title":{"rendered":"Como excluir m\u00e3os do banco de dados"},"content":{"rendered":"<p>Voc\u00ea n\u00e3o pode remover m\u00e3os separadamente do banco de dados. Esta funcionalidade n\u00e3o foi implementada, pois a viola\u00e7\u00e3o da integridade dos dados reduz significativamente o desempenho do banco de dados.<\/p>\n<p>Voc\u00ea pode <a href=\"https:\/\/hand2noteguide.com\/pt\/guide\/database\/create-database\/\">criar um novo banco de dados<\/a> e importar apenas as m\u00e3os necess\u00e1rias para ele.<\/p>\n","protected":false},"excerpt":{"rendered":"<p>Voc\u00ea n\u00e3o pode remover m\u00e3os separadamente do banco de dados. Esta funcionalidade n\u00e3o foi implementada, pois a viola\u00e7\u00e3o da integridade dos dados reduz significativamente o desempenho do banco de dados. Voc\u00ea pode criar um novo banco de dados e importar apenas as m\u00e3os necess\u00e1rias para ele.<\/p>\n","protected":false},"author":1,"featured_media":0,"parent":221,"menu_order":0,"comment_status":"closed","ping_status":"closed","template":"page-templates\/full-width-page.php","meta":{"footnotes":""},"class_list":["post-204","page","type-page","status-publish","hentry"],"translation":{"provider":"WPGlobus","version":"3.0.2","language":"pt","enabled_languages":["en","ru","pt","zh","es","fr","de","it","ja"],"languages":{"en":{"title":true,"content":true,"excerpt":false},"ru":{"title":true,"content":true,"excerpt":false},"pt":{"title":true,"content":true,"excerpt":false},"zh":{"title":true,"content":true,"excerpt":false},"es":{"title":true,"content":true,"excerpt":false},"fr":{"title":true,"content":true,"excerpt":false},"de":{"title":true,"content":true,"excerpt":false},"it":{"title":true,"content":true,"excerpt":false},"ja":{"title":true,"content":true,"excerpt":false}}},"yoast_head":"<!-- This site is optimized with the Yoast SEO plugin v27.0 - https:\/\/yoast.com\/product\/yoast-seo-wordpress\/ -->\n<title>Como Remover M\u00e3os com Seguran\u00e7a do Seu Banco de Dados de Poker<\/title>\n<meta name=\"description\" content=\"Saiba por que voc\u00ea n\u00e3o pode excluir m\u00e3os individualmente do seu banco de dados de poker e descubra como criar um novo banco de dados para gerenciar suas m\u00e3os de forma eficiente.\" \/>\n<meta name=\"robots\" content=\"index, follow, max-snippet:-1, max-image-preview:large, max-video-preview:-1\" \/>\n<link rel=\"canonical\" href=\"https:\/\/hand2noteguide.com\/guide\/database\/delete-hands\/\" \/>\n<meta property=\"og:locale\" content=\"pt_PT\" \/>\n<meta property=\"og:type\" content=\"article\" \/>\n<meta property=\"og:title\" content=\"Como Remover M\u00e3os com Seguran\u00e7a do Seu Banco de Dados de Poker\" \/>\n<meta property=\"og:description\" content=\"Saiba por que voc\u00ea n\u00e3o pode excluir m\u00e3os individualmente do seu banco de dados de poker e descubra como criar um novo banco de dados para gerenciar suas m\u00e3os de forma eficiente.\" \/>\n<meta property=\"og:url\" content=\"https:\/\/hand2noteguide.com\/guide\/database\/delete-hands\/\" \/>\n<meta property=\"og:site_name\" content=\"Hand2Note Guide\" \/>\n<meta property=\"article:modified_time\" content=\"2025-06-04T16:09:10+00:00\" \/>\n<meta name=\"twitter:card\" content=\"summary_large_image\" \/>\n<meta name=\"twitter:label1\" content=\"Est. reading time\" \/>\n\t<meta name=\"twitter:data1\" content=\"1 minute\" \/>\n<!-- \/ Yoast SEO plugin. -->","yoast_head_json":{"title":"Como Remover M\u00e3os com Seguran\u00e7a do Seu Banco de Dados de Poker","description":"Saiba por que voc\u00ea n\u00e3o pode excluir m\u00e3os individualmente do seu banco de dados de poker e descubra como criar um novo banco de dados para gerenciar suas m\u00e3os de forma eficiente.","robots":{"index":"index","follow":"follow","max-snippet":"max-snippet:-1","max-image-preview":"max-image-preview:large","max-video-preview":"max-video-preview:-1"},"canonical":"https:\/\/hand2noteguide.com\/guide\/database\/delete-hands\/","og_locale":"pt_PT","og_type":"article","og_title":"Como Remover M\u00e3os com Seguran\u00e7a do Seu Banco de Dados de Poker","og_description":"Saiba por que voc\u00ea n\u00e3o pode excluir m\u00e3os individualmente do seu banco de dados de poker e descubra como criar um novo banco de dados para gerenciar suas m\u00e3os de forma eficiente.","og_url":"https:\/\/hand2noteguide.com\/guide\/database\/delete-hands\/","og_site_name":"Hand2Note Guide","article_modified_time":"2025-06-04T16:09:10+00:00","twitter_card":"summary_large_image","twitter_misc":{"Est. reading time":"1 minute"},"schema":{"@context":"https:\/\/schema.org","@graph":[]}},"jetpack_sharing_enabled":false,"_links":{"self":[{"href":"https:\/\/hand2noteguide.com\/pt\/wp-json\/wp\/v2\/pages\/204","targetHints":{"allow":["GET"]}}],"collection":[{"href":"https:\/\/hand2noteguide.com\/pt\/wp-json\/wp\/v2\/pages"}],"about":[{"href":"https:\/\/hand2noteguide.com\/pt\/wp-json\/wp\/v2\/types\/page"}],"author":[{"embeddable":true,"href":"https:\/\/hand2noteguide.com\/pt\/wp-json\/wp\/v2\/users\/1"}],"replies":[{"embeddable":true,"href":"https:\/\/hand2noteguide.com\/pt\/wp-json\/wp\/v2\/comments?post=204"}],"version-history":[{"count":14,"href":"https:\/\/hand2noteguide.com\/pt\/wp-json\/wp\/v2\/pages\/204\/revisions"}],"predecessor-version":[{"id":13547,"href":"https:\/\/hand2noteguide.com\/pt\/wp-json\/wp\/v2\/pages\/204\/revisions\/13547"}],"up":[{"embeddable":true,"href":"https:\/\/hand2noteguide.com\/pt\/wp-json\/wp\/v2\/pages\/221"}],"wp:attachment":[{"href":"https:\/\/hand2noteguide.com\/pt\/wp-json\/wp\/v2\/media?parent=204"}],"curies":[{"name":"wp","href":"https:\/\/api.w.org\/{rel}","templated":true}]}}