{"id":208,"date":"2018-08-01T20:09:20","date_gmt":"2018-08-01T17:09:20","guid":{"rendered":"https:\/\/h2n312.wordpress.com\/?page_id=208"},"modified":"2025-06-04T19:08:27","modified_gmt":"2025-06-04T16:08:27","slug":"create-database","status":"publish","type":"page","link":"https:\/\/hand2noteguide.com\/pt\/guide\/database\/create-database\/","title":{"rendered":"Como criar um novo banco de dados"},"content":{"rendered":"<p>Para criar um novo banco de dados:<\/p>\n<ol>\n<li>V\u00e1 para <em>Configuration \u2192 Database<\/em>.<\/li>\n<li>Clique em \u00ab<em>Create database&#8230;<\/em>\u00bb.<\/li>\n<li>Digite o nome do novo banco de dados.<\/li>\n<li>Clique em \u00ab<em>Activate<\/em>\u00bb.<\/li>\n<li>Aguarde enquanto o Hand2Note reinicia.<\/li>\n<li>Agora voc\u00ea pode voltar para <em>Configuration<\/em> \u2192 <em>Database<\/em> e excluir o banco de dados antigo, se necess\u00e1rio.<\/li>\n<\/ol>\n<p>Voc\u00ea pode importar m\u00e3os para um novo banco de dados, seja <a href=\"https:\/\/hand2noteguide.com\/pt\/guide\/export-hands\/\">exportando-as previamente do banco de dados antigo<\/a> ou a partir de <a href=\"https:\/\/hand2noteguide.com\/pt\/guide\/hands-archive\/\">pastas de arquivo<\/a>.<\/p>\n","protected":false},"excerpt":{"rendered":"<p>Para criar um novo banco de dados: V\u00e1 para Configuration \u2192 Database. Clique em \u00abCreate database&#8230;\u00bb. Digite o nome do novo banco de dados. Clique em \u00abActivate\u00bb. Aguarde enquanto o Hand2Note reinicia. Agora voc\u00ea pode voltar para Configuration \u2192 Database e excluir o banco de dados antigo, se necess\u00e1rio. Voc\u00ea pode importar m\u00e3os para um &hellip; <a href=\"https:\/\/hand2noteguide.com\/pt\/guide\/database\/create-database\/\" class=\"more-link\">Continue reading <span class=\"screen-reader-text\">Como criar um novo banco de dados<\/span><\/a><\/p>\n","protected":false},"author":1,"featured_media":0,"parent":221,"menu_order":0,"comment_status":"closed","ping_status":"closed","template":"page-templates\/full-width-page.php","meta":{"footnotes":""},"class_list":["post-208","page","type-page","status-publish","hentry"],"translation":{"provider":"WPGlobus","version":"3.0.2","language":"pt","enabled_languages":["en","ru","pt","zh","es","fr","de","it","ja"],"languages":{"en":{"title":true,"content":true,"excerpt":false},"ru":{"title":true,"content":true,"excerpt":false},"pt":{"title":true,"content":true,"excerpt":false},"zh":{"title":true,"content":true,"excerpt":false},"es":{"title":true,"content":true,"excerpt":false},"fr":{"title":true,"content":true,"excerpt":false},"de":{"title":true,"content":true,"excerpt":false},"it":{"title":true,"content":true,"excerpt":false},"ja":{"title":true,"content":true,"excerpt":false}}},"yoast_head":"<!-- This site is optimized with the Yoast SEO plugin v27.0 - https:\/\/yoast.com\/product\/yoast-seo-wordpress\/ -->\n<title>Criando um Novo Banco de Dados no Hand2Note: Guia Passo a Passo<\/title>\n<meta name=\"description\" content=\"Aprenda a criar um novo banco de dados no Hand2Note com nosso guia passo a passo f\u00e1cil. Siga estas instru\u00e7\u00f5es para gerenciar seus dados de poker de forma eficiente.\" \/>\n<meta name=\"robots\" content=\"index, follow, max-snippet:-1, max-image-preview:large, max-video-preview:-1\" \/>\n<link rel=\"canonical\" href=\"https:\/\/hand2noteguide.com\/guide\/database\/create-database\/\" \/>\n<meta property=\"og:locale\" content=\"pt_PT\" \/>\n<meta property=\"og:type\" content=\"article\" \/>\n<meta property=\"og:title\" content=\"Criando um Novo Banco de Dados no Hand2Note: Guia Passo a Passo\" \/>\n<meta property=\"og:description\" content=\"Aprenda a criar um novo banco de dados no Hand2Note com nosso guia passo a passo f\u00e1cil. Siga estas instru\u00e7\u00f5es para gerenciar seus dados de poker de forma eficiente.\" \/>\n<meta property=\"og:url\" content=\"https:\/\/hand2noteguide.com\/guide\/database\/create-database\/\" \/>\n<meta property=\"og:site_name\" content=\"Hand2Note Guide\" \/>\n<meta property=\"article:modified_time\" content=\"2025-06-04T16:08:27+00:00\" \/>\n<meta name=\"twitter:card\" content=\"summary_large_image\" \/>\n<meta name=\"twitter:label1\" content=\"Est. reading time\" \/>\n\t<meta name=\"twitter:data1\" content=\"2 minutes\" \/>\n<!-- \/ Yoast SEO plugin. -->","yoast_head_json":{"title":"Criando um Novo Banco de Dados no Hand2Note: Guia Passo a Passo","description":"Aprenda a criar um novo banco de dados no Hand2Note com nosso guia passo a passo f\u00e1cil. Siga estas instru\u00e7\u00f5es para gerenciar seus dados de poker de forma eficiente.","robots":{"index":"index","follow":"follow","max-snippet":"max-snippet:-1","max-image-preview":"max-image-preview:large","max-video-preview":"max-video-preview:-1"},"canonical":"https:\/\/hand2noteguide.com\/guide\/database\/create-database\/","og_locale":"pt_PT","og_type":"article","og_title":"Criando um Novo Banco de Dados no Hand2Note: Guia Passo a Passo","og_description":"Aprenda a criar um novo banco de dados no Hand2Note com nosso guia passo a passo f\u00e1cil. Siga estas instru\u00e7\u00f5es para gerenciar seus dados de poker de forma eficiente.","og_url":"https:\/\/hand2noteguide.com\/guide\/database\/create-database\/","og_site_name":"Hand2Note Guide","article_modified_time":"2025-06-04T16:08:27+00:00","twitter_card":"summary_large_image","twitter_misc":{"Est. reading time":"2 minutes"},"schema":{"@context":"https:\/\/schema.org","@graph":[]}},"jetpack_sharing_enabled":false,"_links":{"self":[{"href":"https:\/\/hand2noteguide.com\/pt\/wp-json\/wp\/v2\/pages\/208","targetHints":{"allow":["GET"]}}],"collection":[{"href":"https:\/\/hand2noteguide.com\/pt\/wp-json\/wp\/v2\/pages"}],"about":[{"href":"https:\/\/hand2noteguide.com\/pt\/wp-json\/wp\/v2\/types\/page"}],"author":[{"embeddable":true,"href":"https:\/\/hand2noteguide.com\/pt\/wp-json\/wp\/v2\/users\/1"}],"replies":[{"embeddable":true,"href":"https:\/\/hand2noteguide.com\/pt\/wp-json\/wp\/v2\/comments?post=208"}],"version-history":[{"count":15,"href":"https:\/\/hand2noteguide.com\/pt\/wp-json\/wp\/v2\/pages\/208\/revisions"}],"predecessor-version":[{"id":13546,"href":"https:\/\/hand2noteguide.com\/pt\/wp-json\/wp\/v2\/pages\/208\/revisions\/13546"}],"up":[{"embeddable":true,"href":"https:\/\/hand2noteguide.com\/pt\/wp-json\/wp\/v2\/pages\/221"}],"wp:attachment":[{"href":"https:\/\/hand2noteguide.com\/pt\/wp-json\/wp\/v2\/media?parent=208"}],"curies":[{"name":"wp","href":"https:\/\/api.w.org\/{rel}","templated":true}]}}