{"id":221,"date":"2018-08-01T20:21:23","date_gmt":"2018-08-01T17:21:23","guid":{"rendered":"https:\/\/h2n312.wordpress.com\/?page_id=221"},"modified":"2025-06-04T19:07:47","modified_gmt":"2025-06-04T16:07:47","slug":"database","status":"publish","type":"page","link":"https:\/\/hand2noteguide.com\/pt\/guide\/database\/","title":{"rendered":"Banco de dados"},"content":{"rendered":"<p>Hand2Note <a href=\"http:\/\/www.hand2note.com\/Help\/Index\/Database\" target=\"_blank\" rel=\"noopener noreferrer\">usa<\/a> seu servidor de banco de dados interno por padr\u00e3o.<\/p>\n<p>A gest\u00e3o do banco de dados \u00e9 realizada em <em>Configura\u00e7\u00e3o \u2192 Banco de Dados<\/em>.<\/p>\n<p>Apenas um banco de dados pode estar ativo por vez. Voc\u00ea pode excluir apenas bancos de dados inativos.<\/p>\n<p>Fundir dois bancos de dados em um \u00e9 imposs\u00edvel. Voc\u00ea pode apenas <a href=\"https:\/\/hand2noteguide.com\/pt\/guide\/export-hands\/\">exportar m\u00e3os<\/a> manualmente de um banco de dados e import\u00e1-las em outro.<\/p>\n<p>Note que as <a href=\"https:\/\/hand2noteguide.com\/pt\/guide\/where-are-notes-stored\/\">notas e marcadores de cor n\u00e3o s\u00e3o armazenados no banco de dados<\/a>.<\/p>\n\n<!-- Page-list plugin v.5.2 wordpress.org\/plugins\/page-list\/ -->\n<ul class=\"page-list subpages-page-list \">\n<li class=\"page_item page-item-196\"><a href=\"https:\/\/hand2noteguide.com\/pt\/guide\/database\/where-is-database-stored\/\">Onde o banco de dados \u00e9 armazenado?<\/a><\/li>\n<li class=\"page_item page-item-199\"><a href=\"https:\/\/hand2noteguide.com\/pt\/guide\/database\/move-database-to-another-drive\/\">Como mover o banco de dados para outro drive<\/a><\/li>\n<li class=\"page_item page-item-160\"><a href=\"https:\/\/hand2noteguide.com\/pt\/guide\/database\/move-database-to-another-pc\/\">Como mover o banco de dados para outro PC<\/a><\/li>\n<li class=\"page_item page-item-208\"><a href=\"https:\/\/hand2noteguide.com\/pt\/guide\/database\/create-database\/\">Como criar um novo banco de dados<\/a><\/li>\n<li class=\"page_item page-item-204\"><a href=\"https:\/\/hand2noteguide.com\/pt\/guide\/database\/delete-hands\/\">Como excluir m\u00e3os do banco de dados<\/a><\/li>\n\n<\/ul>\n","protected":false},"excerpt":{"rendered":"<p>Hand2Note usa seu servidor de banco de dados interno por padr\u00e3o. A gest\u00e3o do banco de dados \u00e9 realizada em Configura\u00e7\u00e3o \u2192 Banco de Dados. Apenas um banco de dados pode estar ativo por vez. Voc\u00ea pode excluir apenas bancos de dados inativos. Fundir dois bancos de dados em um \u00e9 imposs\u00edvel. Voc\u00ea pode apenas &hellip; <a href=\"https:\/\/hand2noteguide.com\/pt\/guide\/database\/\" class=\"more-link\">Continue reading <span class=\"screen-reader-text\">Banco de dados<\/span><\/a><\/p>\n","protected":false},"author":1,"featured_media":0,"parent":74,"menu_order":0,"comment_status":"closed","ping_status":"closed","template":"page-templates\/full-width-page.php","meta":{"footnotes":""},"class_list":["post-221","page","type-page","status-publish","hentry"],"translation":{"provider":"WPGlobus","version":"3.0.2","language":"pt","enabled_languages":["en","ru","pt","zh","es","fr","de","it","ja"],"languages":{"en":{"title":true,"content":true,"excerpt":false},"ru":{"title":true,"content":true,"excerpt":false},"pt":{"title":true,"content":true,"excerpt":false},"zh":{"title":true,"content":true,"excerpt":false},"es":{"title":true,"content":true,"excerpt":false},"fr":{"title":true,"content":true,"excerpt":false},"de":{"title":true,"content":true,"excerpt":false},"it":{"title":true,"content":true,"excerpt":false},"ja":{"title":true,"content":true,"excerpt":false}}},"yoast_head":"<!-- This site is optimized with the Yoast SEO plugin v27.0 - https:\/\/yoast.com\/product\/yoast-seo-wordpress\/ -->\n<title>Gerenciamento de banco de dados no Hand2Note 3<\/title>\n<meta name=\"description\" content=\"Aprenda a gerenciar seu banco de dados Hand2Note 3 de forma eficiente. Descubra dicas sobre como ativar, excluir e exportar m\u00e3os entre bancos de dados facilmente.\" \/>\n<meta name=\"robots\" content=\"index, follow, max-snippet:-1, max-image-preview:large, max-video-preview:-1\" \/>\n<link rel=\"canonical\" href=\"https:\/\/hand2noteguide.com\/guide\/database\/\" \/>\n<meta property=\"og:locale\" content=\"pt_PT\" \/>\n<meta property=\"og:type\" content=\"article\" \/>\n<meta property=\"og:title\" content=\"Gerenciamento de banco de dados no Hand2Note 3\" \/>\n<meta property=\"og:description\" content=\"Aprenda a gerenciar seu banco de dados Hand2Note 3 de forma eficiente. Descubra dicas sobre como ativar, excluir e exportar m\u00e3os entre bancos de dados facilmente.\" \/>\n<meta property=\"og:url\" content=\"https:\/\/hand2noteguide.com\/guide\/database\/\" \/>\n<meta property=\"og:site_name\" content=\"Hand2Note Guide\" \/>\n<meta property=\"article:modified_time\" content=\"2025-06-04T16:07:47+00:00\" \/>\n<meta name=\"twitter:card\" content=\"summary_large_image\" \/>\n<meta name=\"twitter:label1\" content=\"Est. reading time\" \/>\n\t<meta name=\"twitter:data1\" content=\"3 minutes\" \/>\n<!-- \/ Yoast SEO plugin. -->","yoast_head_json":{"title":"Gerenciamento de banco de dados no Hand2Note 3","description":"Aprenda a gerenciar seu banco de dados Hand2Note 3 de forma eficiente. Descubra dicas sobre como ativar, excluir e exportar m\u00e3os entre bancos de dados facilmente.","robots":{"index":"index","follow":"follow","max-snippet":"max-snippet:-1","max-image-preview":"max-image-preview:large","max-video-preview":"max-video-preview:-1"},"canonical":"https:\/\/hand2noteguide.com\/guide\/database\/","og_locale":"pt_PT","og_type":"article","og_title":"Gerenciamento de banco de dados no Hand2Note 3","og_description":"Aprenda a gerenciar seu banco de dados Hand2Note 3 de forma eficiente. Descubra dicas sobre como ativar, excluir e exportar m\u00e3os entre bancos de dados facilmente.","og_url":"https:\/\/hand2noteguide.com\/guide\/database\/","og_site_name":"Hand2Note Guide","article_modified_time":"2025-06-04T16:07:47+00:00","twitter_card":"summary_large_image","twitter_misc":{"Est. reading time":"3 minutes"},"schema":{"@context":"https:\/\/schema.org","@graph":[]}},"jetpack_sharing_enabled":false,"_links":{"self":[{"href":"https:\/\/hand2noteguide.com\/pt\/wp-json\/wp\/v2\/pages\/221","targetHints":{"allow":["GET"]}}],"collection":[{"href":"https:\/\/hand2noteguide.com\/pt\/wp-json\/wp\/v2\/pages"}],"about":[{"href":"https:\/\/hand2noteguide.com\/pt\/wp-json\/wp\/v2\/types\/page"}],"author":[{"embeddable":true,"href":"https:\/\/hand2noteguide.com\/pt\/wp-json\/wp\/v2\/users\/1"}],"replies":[{"embeddable":true,"href":"https:\/\/hand2noteguide.com\/pt\/wp-json\/wp\/v2\/comments?post=221"}],"version-history":[{"count":17,"href":"https:\/\/hand2noteguide.com\/pt\/wp-json\/wp\/v2\/pages\/221\/revisions"}],"predecessor-version":[{"id":13545,"href":"https:\/\/hand2noteguide.com\/pt\/wp-json\/wp\/v2\/pages\/221\/revisions\/13545"}],"up":[{"embeddable":true,"href":"https:\/\/hand2noteguide.com\/pt\/wp-json\/wp\/v2\/pages\/74"}],"wp:attachment":[{"href":"https:\/\/hand2noteguide.com\/pt\/wp-json\/wp\/v2\/media?parent=221"}],"curies":[{"name":"wp","href":"https:\/\/api.w.org\/{rel}","templated":true}]}}