{"id":2253,"date":"2020-06-30T19:06:22","date_gmt":"2020-06-30T16:06:22","guid":{"rendered":"http:\/\/hand2noteguide.com\/?page_id=2253"},"modified":"2025-06-04T17:36:38","modified_gmt":"2025-06-04T14:36:38","slug":"basic-setup","status":"publish","type":"page","link":"https:\/\/hand2noteguide.com\/pt\/basic-setup\/","title":{"rendered":"Hand2Note 3: Configura\u00e7\u00e3o B\u00e1sica"},"content":{"rendered":"\n<p>Hoje \u00e9 um dia marcante na sua carreira de poker, pois voc\u00ea est\u00e1 come\u00e7ando a usar o melhor software de rastreamento de poker. Vamos garantir que sua jornada com o Hand2Note seja suave e eficiente.<\/p>\n\n\n\n<p>A configura\u00e7\u00e3o do Hand2Note \u00e9 muito f\u00e1cil e praticamente n\u00e3o requer nenhuma a\u00e7\u00e3o de sua parte. Siga os passos simples abaixo para come\u00e7ar a usar o Hand2Note no PokerStars ou em qualquer outro site suportado.<\/p>\n\n\n\n<div class=\"red-block\">\n<p style=\"margin-bottom:0\">\u26a0\ufe0f Este guia descreve como come\u00e7ar com o Hand2Note 3, que agora est\u00e1 desatualizado. Recomendamos <a href=\"https:\/\/hand2noteguide.com\/pt\/hand2note-4-getting-started\/\"><strong>come\u00e7ar com o Hand2Note 4<\/strong><\/a>.<\/p>\n<\/div>\n\n\n\n<h2 class=\"wp-block-heading\">1. Baixar &amp; Instalar<\/h2>\n\n\n\n<p>Para come\u00e7ar, <a href=\"https:\/\/h2n-uptoyou.azureedge.net\/main\/Hand2NoteInstaller.exe\" target=\"_blank\" aria-label=\"undefined (abre em uma nova aba)\" rel=\"noreferrer noopener nofollow\">baixe o Hand2Note 3<\/a> e instale o programa. A instala\u00e7\u00e3o \u00e9 f\u00e1cil: execute o arquivo de instala\u00e7\u00e3o, clique em &#8220;Next&#8221; e depois em &#8220;Install&#8221;. Nenhum software adicional \u00e9 necess\u00e1rio para o funcionamento adequado do Hand2Note.<\/p>\n\n\n\n<figure class=\"wp-block-image size-large\"><img loading=\"lazy\" decoding=\"async\" width=\"495\" height=\"392\" src=\"https:\/\/hand2noteguide.com\/wp-content\/uploads\/2020\/04\/install-hand2note.png\" alt=\"\" class=\"wp-image-2256\" srcset=\"https:\/\/hand2noteguide.com\/wp-content\/uploads\/2020\/04\/install-hand2note.png 495w, https:\/\/hand2noteguide.com\/wp-content\/uploads\/2020\/04\/install-hand2note-300x238.png 300w\" sizes=\"auto, (max-width: 495px) 100vw, 495px\" \/><figcaption class=\"wp-element-caption\">Instala\u00e7\u00e3o do Hand2Note<\/figcaption><\/figure>\n\n\n\n<div class=\"green-block\">\n<p style=\"margin-bottom:0\">\u261d Recomendamos tamb\u00e9m criar uma conta no <a href=\"https:\/\/hand2note3.hand2note.com\/?aid=c0\" target=\"_blank\" rel=\"noopener\">Hand2Note.com<\/a>. Voc\u00ea precisar\u00e1 dela no futuro para gerenciar sua licen\u00e7a, atribuir HUDs, etc.<\/p><\/div>\n\n\n\n<h2 class=\"wp-block-heading\">2. Use o Teste Gratuito ou Compre uma Licen\u00e7a<\/h2>\n\n\n\n<p>Imediatamente ap\u00f3s instalar o Hand2Note, um per\u00edodo de teste gratuito de 30 dias ser\u00e1 ativado. Ele tamb\u00e9m n\u00e3o requer nenhuma configura\u00e7\u00e3o da sua parte. H\u00e1 um teste separado de 14 dias para <a href=\"https:\/\/hand2noteguide.com\/pt\/asian\/\">salas asi\u00e1ticas<\/a>. Ele tamb\u00e9m \u00e9 ativado automaticamente quando voc\u00ea inicia seu aplicativo de sala pela primeira vez com o Hand2Note.<\/p>\n\n\n\n<figure class=\"wp-block-image size-large\"><img loading=\"lazy\" decoding=\"async\" width=\"423\" height=\"92\" src=\"https:\/\/hand2noteguide.com\/wp-content\/uploads\/2020\/04\/hand2note-trial.png\" alt=\"\" class=\"wp-image-2258\" srcset=\"https:\/\/hand2noteguide.com\/wp-content\/uploads\/2020\/04\/hand2note-trial.png 423w, https:\/\/hand2noteguide.com\/wp-content\/uploads\/2020\/04\/hand2note-trial-300x65.png 300w\" sizes=\"auto, (max-width: 423px) 100vw, 423px\" \/><figcaption class=\"wp-element-caption\">Teste gratuito do Hand2Note<\/figcaption><\/figure>\n\n\n\n<p>Durante o per\u00edodo de teste, todos os recursos do Hand2Note est\u00e3o dispon\u00edveis, exceto o <a href=\"https:\/\/hand2noteguide.com\/pt\/guide\/range-research\/\">Range Research<\/a>.<\/p>\n\n\n\n<p>Ap\u00f3s o t\u00e9rmino do teste, o Hand2Note mudar\u00e1 automaticamente para uma <a href=\"https:\/\/hand2noteguide.com\/pt\/hand2note-for-free\/\">vers\u00e3o gratuita<\/a>. Voc\u00ea n\u00e3o perder\u00e1 nenhum dado e ainda poder\u00e1 usar os recursos b\u00e1sicos do software.<\/p>\n\n\n\n<div class=\"green-block\">\n<p>\ud83d\udc49 Se voc\u00ea \u00e9 um jogador profissional ou est\u00e1 tentando se tornar um, recomendamos adquirir uma licen\u00e7a paga. Confira <a href=\"https:\/\/hand2noteguide.com\/pt\/why-purchase-hand2note\/\">quais benef\u00edcios<\/a> voc\u00ea obter\u00e1 com o plano de assinatura paga.<\/p>\n<p style=\"margin-bottom:0\">Certifique-se de <strong>usar o <a href=\"https:\/\/hand2noteguide.com\/pt\/promo\/\"><b>c\u00f3digo promocional GUIDE10<\/b><\/a> para obter um desconto de 10%, <a href=\"\/pt\/hud-store\/simple-cash-pack-for-free\/\"><b>HUD b\u00f4nus<\/b><\/a> e um <a href=\"\/pt\/video-course\/\"><b>curso em v\u00eddeo<\/b><\/a> gratuitamente.<\/strong><\/p><\/div>\n\n\n\n<h2 class=\"wp-block-heading\">3. Iniciar HUD<\/h2>\n\n\n\n<p>O HandNote possui suporte embutido para salas, ent\u00e3o nenhuma configura\u00e7\u00e3o especial \u00e9 necess\u00e1ria. Tudo o que voc\u00ea precisa para o HUD iniciar \u00e9 lan\u00e7ar o Hand2Note e o aplicativo da sua sala.<\/p>\n\n\n\n<figure class=\"wp-block-image size-large\"><img loading=\"lazy\" decoding=\"async\" width=\"1024\" height=\"693\" src=\"https:\/\/hand2noteguide.com\/wp-content\/uploads\/2020\/03\/hand2note-pokerstars-1024x693.png\" alt=\"hand2note pokerstars\" class=\"wp-image-2016\" srcset=\"https:\/\/hand2noteguide.com\/wp-content\/uploads\/2020\/03\/hand2note-pokerstars-1024x693.png 1024w, https:\/\/hand2noteguide.com\/wp-content\/uploads\/2020\/03\/hand2note-pokerstars-300x203.png 300w, https:\/\/hand2noteguide.com\/wp-content\/uploads\/2020\/03\/hand2note-pokerstars-768x520.png 768w, https:\/\/hand2noteguide.com\/wp-content\/uploads\/2020\/03\/hand2note-pokerstars-772x522.png 772w, https:\/\/hand2noteguide.com\/wp-content\/uploads\/2020\/03\/hand2note-pokerstars-624x422.png 624w, https:\/\/hand2noteguide.com\/wp-content\/uploads\/2020\/03\/hand2note-pokerstars.png 1045w\" sizes=\"auto, (max-width: 1024px) 100vw, 1024px\" \/><figcaption class=\"wp-element-caption\"><a href=\"https:\/\/hand2noteguide.com\/pt\/pokerstars-hud\/\">Comece a jogar com o HUD do Hand2Note no PokerStars<\/a><\/figcaption><\/figure>\n\n\n\n<p>Ap\u00f3s o primeiro lan\u00e7amento, voc\u00ea ver\u00e1 um HUD padr\u00e3o com as estat\u00edsticas mais b\u00e1sicas: <em>VPIP\/PFR\/hands<\/em>. Voc\u00ea tamb\u00e9m pode usar nosso <a href=\"https:\/\/hand2noteguide.com\/pt\/free-hud\/\">HUD gratuito<\/a>. Se precisar de um HUD mais avan\u00e7ado, tamb\u00e9m oferecemos <a href=\"https:\/\/hand2noteguide.com\/pt\/hud-store\/\">os melhores perfis de HUD para Hand2Note<\/a>.<\/p>\n\n\n\n<p>Se o HUD n\u00e3o for exibido, siga <a href=\"https:\/\/hand2noteguide.com\/pt\/issues-resolving\/hud-not-showing\/\">estas instru\u00e7\u00f5es<\/a>. Se elas n\u00e3o ajudarem, voc\u00ea pode contatar o <a href=\"https:\/\/hand2noteguide.com\/pt\/hand2note-official-support\/\">suporte<\/a>.<\/p>\n\n\n\n<h2 class=\"wp-block-heading\">O que vem a seguir?<\/h2>\n\n\n\n<p>Agora que voc\u00ea instalou o Hand2Note e iniciou o HUD, pode estudar o software em mais detalhes e fazer configura\u00e7\u00f5es mais espec\u00edficas. O Hand2Note fornece um conjunto incr\u00edvel de ferramentas para otimizar o processo de jogo e a an\u00e1lise fora da mesa.<\/p>\n\n\n\n<p>Primeiramente, voc\u00ea pode se familiarizar com o <a href=\"https:\/\/hand2noteguide.com\/pt\/guide\/\">manual<\/a>.<\/p>\n\n\n\n<div class=\"green-block\">\n<p style=\"margin-bottom:0\">\ud83d\udca1 Recomendamos verificar o artigo <a href=\"https:\/\/www.hudstore.poker\/hand2note-must-read-starting-tips\" target=\"_blank\" rel=\"noopener\"><b>Hand2Note: Dicas Iniciais Imperd\u00edveis<\/b><\/a>.<\/p><\/div>\n\n\n\n<p>Para um dom\u00ednio mais r\u00e1pido e eficiente de todos os recursos do software, preste aten\u00e7\u00e3o ao <a href=\"https:\/\/hand2noteguide.com\/pt\/video-course\/\">curso em v\u00eddeo sobre o uso profissional do Hand2Note<\/a>, bem como ao <a href=\"\/pt\/training\/\">treinamento pessoal<\/a>.<\/p>\n","protected":false},"excerpt":{"rendered":"<p>Hoje \u00e9 um dia marcante na sua carreira de poker, pois voc\u00ea est\u00e1 come\u00e7ando a usar o melhor software de rastreamento de poker. Vamos garantir que sua jornada com o Hand2Note seja suave e eficiente. A configura\u00e7\u00e3o do Hand2Note \u00e9 muito f\u00e1cil e praticamente n\u00e3o requer nenhuma a\u00e7\u00e3o de sua parte. Siga os passos simples &hellip; <a href=\"https:\/\/hand2noteguide.com\/pt\/basic-setup\/\" class=\"more-link\">Continue reading <span class=\"screen-reader-text\">Hand2Note 3: Configura\u00e7\u00e3o B\u00e1sica<\/span><\/a><\/p>\n","protected":false},"author":1,"featured_media":0,"parent":0,"menu_order":0,"comment_status":"closed","ping_status":"closed","template":"page-templates\/full-width-page.php","meta":{"footnotes":""},"class_list":["post-2253","page","type-page","status-publish","hentry"],"translation":{"provider":"WPGlobus","version":"3.0.2","language":"pt","enabled_languages":["en","ru","pt","zh","es","fr","de","it","ja"],"languages":{"en":{"title":true,"content":true,"excerpt":false},"ru":{"title":true,"content":true,"excerpt":false},"pt":{"title":true,"content":true,"excerpt":false},"zh":{"title":true,"content":true,"excerpt":false},"es":{"title":true,"content":true,"excerpt":false},"fr":{"title":true,"content":true,"excerpt":false},"de":{"title":true,"content":true,"excerpt":false},"it":{"title":true,"content":true,"excerpt":false},"ja":{"title":true,"content":true,"excerpt":false}}},"yoast_head":"<!-- This site is optimized with the Yoast SEO plugin v27.0 - https:\/\/yoast.com\/product\/yoast-seo-wordpress\/ -->\n<title>Configura\u00e7\u00e3o do Hand2Note 3: instala\u00e7\u00e3o, licen\u00e7a e in\u00edcio do HUD<\/title>\n<meta name=\"description\" content=\"Configure tudo para come\u00e7ar a usar o melhor software de rastreamento de poker. Manual passo a passo de como instalar o Hand2Note, obter uma licen\u00e7a gratuita e o melhor HUD.\" \/>\n<meta name=\"robots\" content=\"index, follow, max-snippet:-1, max-image-preview:large, max-video-preview:-1\" \/>\n<link rel=\"canonical\" href=\"https:\/\/hand2noteguide.com\/ja\/basic-setup\/\" \/>\n<meta property=\"og:locale\" content=\"pt_PT\" \/>\n<meta property=\"og:type\" content=\"article\" \/>\n<meta property=\"og:title\" content=\"Configura\u00e7\u00e3o do Hand2Note 3: instala\u00e7\u00e3o, licen\u00e7a e in\u00edcio do HUD\" \/>\n<meta property=\"og:description\" content=\"Configure tudo para come\u00e7ar a usar o melhor software de rastreamento de poker. Manual passo a passo de como instalar o Hand2Note, obter uma licen\u00e7a gratuita e o melhor HUD.\" \/>\n<meta property=\"og:url\" content=\"https:\/\/hand2noteguide.com\/ja\/basic-setup\/\" \/>\n<meta property=\"og:site_name\" content=\"Hand2Note Guide\" \/>\n<meta property=\"article:modified_time\" content=\"2025-06-04T14:36:38+00:00\" \/>\n<meta property=\"og:image\" content=\"https:\/\/hand2noteguide.com\/wp-content\/uploads\/2020\/04\/install-hand2note.png\" \/>\n<meta name=\"twitter:card\" content=\"summary_large_image\" \/>\n<meta name=\"twitter:label1\" content=\"Est. reading time\" \/>\n\t<meta name=\"twitter:data1\" content=\"17 minutes\" \/>\n<!-- \/ Yoast SEO plugin. -->","yoast_head_json":{"title":"Configura\u00e7\u00e3o do Hand2Note 3: instala\u00e7\u00e3o, licen\u00e7a e in\u00edcio do HUD","description":"Configure tudo para come\u00e7ar a usar o melhor software de rastreamento de poker. Manual passo a passo de como instalar o Hand2Note, obter uma licen\u00e7a gratuita e o melhor HUD.","robots":{"index":"index","follow":"follow","max-snippet":"max-snippet:-1","max-image-preview":"max-image-preview:large","max-video-preview":"max-video-preview:-1"},"canonical":"https:\/\/hand2noteguide.com\/ja\/basic-setup\/","og_locale":"pt_PT","og_type":"article","og_title":"Configura\u00e7\u00e3o do Hand2Note 3: instala\u00e7\u00e3o, licen\u00e7a e in\u00edcio do HUD","og_description":"Configure tudo para come\u00e7ar a usar o melhor software de rastreamento de poker. Manual passo a passo de como instalar o Hand2Note, obter uma licen\u00e7a gratuita e o melhor HUD.","og_url":"https:\/\/hand2noteguide.com\/ja\/basic-setup\/","og_site_name":"Hand2Note Guide","article_modified_time":"2025-06-04T14:36:38+00:00","og_image":[{"url":"https:\/\/hand2noteguide.com\/wp-content\/uploads\/2020\/04\/install-hand2note.png","type":"","width":"","height":""}],"twitter_card":"summary_large_image","twitter_misc":{"Est. reading time":"17 minutes"},"schema":{"@context":"https:\/\/schema.org","@graph":[]}},"jetpack_sharing_enabled":true,"_links":{"self":[{"href":"https:\/\/hand2noteguide.com\/pt\/wp-json\/wp\/v2\/pages\/2253","targetHints":{"allow":["GET"]}}],"collection":[{"href":"https:\/\/hand2noteguide.com\/pt\/wp-json\/wp\/v2\/pages"}],"about":[{"href":"https:\/\/hand2noteguide.com\/pt\/wp-json\/wp\/v2\/types\/page"}],"author":[{"embeddable":true,"href":"https:\/\/hand2noteguide.com\/pt\/wp-json\/wp\/v2\/users\/1"}],"replies":[{"embeddable":true,"href":"https:\/\/hand2noteguide.com\/pt\/wp-json\/wp\/v2\/comments?post=2253"}],"version-history":[{"count":85,"href":"https:\/\/hand2noteguide.com\/pt\/wp-json\/wp\/v2\/pages\/2253\/revisions"}],"predecessor-version":[{"id":13505,"href":"https:\/\/hand2noteguide.com\/pt\/wp-json\/wp\/v2\/pages\/2253\/revisions\/13505"}],"wp:attachment":[{"href":"https:\/\/hand2noteguide.com\/pt\/wp-json\/wp\/v2\/media?parent=2253"}],"curies":[{"name":"wp","href":"https:\/\/api.w.org\/{rel}","templated":true}]}}