{"id":2285,"date":"2020-05-25T17:49:54","date_gmt":"2020-05-25T14:49:54","guid":{"rendered":"http:\/\/hand2noteguide.com\/?page_id=2285"},"modified":"2025-06-04T17:34:25","modified_gmt":"2025-06-04T14:34:25","slug":"why-purchase-hand2note","status":"publish","type":"page","link":"https:\/\/hand2noteguide.com\/pt\/why-purchase-hand2note\/","title":{"rendered":"Por que comprar o Hand2Note?"},"content":{"rendered":"\n<p>J\u00e1 determinamos por que <a href=\"https:\/\/hand2noteguide.com\/pt\/why-hand2note\/\">vale a pena come\u00e7ar a usar o software Hand2Note<\/a>. E como voc\u00ea j\u00e1 deve saber, \u00e9 poss\u00edvel <a href=\"https:\/\/hand2noteguide.com\/pt\/hand2note-for-free\/\">usar o Hand2Note gratuitamente<\/a> e at\u00e9 mesmo <a href=\"https:\/\/hand2noteguide.com\/pt\/free-hud\/\">obter um HUD gratuito<\/a>. Ent\u00e3o, por que comprar algo? Neste artigo, mostraremos as possibilidades excepcionais que voc\u00ea pode obter com uma assinatura paga do Hand2Note PRO.<\/p>\n\n\n\n<h2 class=\"wp-block-heading\">1. Smart Reports (Novidade no <a href=\"https:\/\/hand2noteguide.com\/pt\/hand2note-4-getting-started\/\">Hand2Note 4<\/a>)<\/h2>\n\n\n\n<p>O Hand2Note oferece uma enorme quantidade de relat\u00f3rios prontos, onde voc\u00ea pode estudar minuciosamente seu jogo e o de seus oponentes. Explore o jogo de todos os \u00e2ngulos poss\u00edveis. An\u00e1lise detalhada por todas as linhas de jogo, posi\u00e7\u00f5es, tamanhos de aposta, texturas de bordo e muito mais.<\/p>\n\n\n\n<figure class=\"wp-block-gallery has-nested-images columns-default is-cropped wp-block-gallery-1 is-layout-flex wp-block-gallery-is-layout-flex\">\n<figure class=\"wp-block-image size-large\"><img loading=\"lazy\" decoding=\"async\" width=\"1024\" height=\"671\" data-id=\"9210\" src=\"https:\/\/hand2noteguide.com\/wp-content\/uploads\/2025\/03\/h2n4-1-min-1024x671.png\" alt=\"Hand2Note 4 Reports\" class=\"wp-image-9210\" srcset=\"https:\/\/hand2noteguide.com\/wp-content\/uploads\/2025\/03\/h2n4-1-min-1024x671.png 1024w, https:\/\/hand2noteguide.com\/wp-content\/uploads\/2025\/03\/h2n4-1-min-300x197.png 300w, https:\/\/hand2noteguide.com\/wp-content\/uploads\/2025\/03\/h2n4-1-min-768x503.png 768w, https:\/\/hand2noteguide.com\/wp-content\/uploads\/2025\/03\/h2n4-1-min-1536x1006.png 1536w, https:\/\/hand2noteguide.com\/wp-content\/uploads\/2025\/03\/h2n4-1-min-2048x1342.png 2048w, https:\/\/hand2noteguide.com\/wp-content\/uploads\/2025\/03\/h2n4-1-min-772x506.png 772w, https:\/\/hand2noteguide.com\/wp-content\/uploads\/2025\/03\/h2n4-1-min-624x409.png 624w\" sizes=\"auto, (max-width: 1024px) 100vw, 1024px\" \/><\/figure>\n\n\n\n<figure class=\"wp-block-image size-large\"><img loading=\"lazy\" decoding=\"async\" width=\"1024\" height=\"670\" data-id=\"9209\" src=\"https:\/\/hand2noteguide.com\/wp-content\/uploads\/2025\/03\/h2n4-2-min-1024x670.png\" alt=\"Hand2Note 4 Select Report\" class=\"wp-image-9209\" srcset=\"https:\/\/hand2noteguide.com\/wp-content\/uploads\/2025\/03\/h2n4-2-min-1024x670.png 1024w, https:\/\/hand2noteguide.com\/wp-content\/uploads\/2025\/03\/h2n4-2-min-300x196.png 300w, https:\/\/hand2noteguide.com\/wp-content\/uploads\/2025\/03\/h2n4-2-min-768x503.png 768w, https:\/\/hand2noteguide.com\/wp-content\/uploads\/2025\/03\/h2n4-2-min-1536x1005.png 1536w, https:\/\/hand2noteguide.com\/wp-content\/uploads\/2025\/03\/h2n4-2-min-2048x1340.png 2048w, https:\/\/hand2noteguide.com\/wp-content\/uploads\/2025\/03\/h2n4-2-min-772x505.png 772w, https:\/\/hand2noteguide.com\/wp-content\/uploads\/2025\/03\/h2n4-2-min-624x408.png 624w\" sizes=\"auto, (max-width: 1024px) 100vw, 1024px\" \/><\/figure>\n<\/figure>\n\n\n\n<h2 class=\"wp-block-heading\">2. HUD conveniente e eficaz<\/h2>\n\n\n\n<p>Com a vers\u00e3o gratuita do Hand2Note, voc\u00ea pode usar apenas o HUD est\u00e1tico. O HUD est\u00e1tico mostra o mesmo conjunto de estat\u00edsticas para qualquer oponente em qualquer est\u00e1gio de uma m\u00e3o. Este \u00e9 um HUD cl\u00e1ssico que voc\u00ea j\u00e1 pode ter usado em outros rastreadores desatualizados.<\/p>\n\n\n\n<figure class=\"wp-block-image size-large is-resized\"><img loading=\"lazy\" decoding=\"async\" src=\"https:\/\/hand2noteguide.com\/wp-content\/uploads\/2020\/05\/pro-cash-hud.png\" alt=\"\" class=\"wp-image-2348\" width=\"587\" height=\"482\" srcset=\"https:\/\/hand2noteguide.com\/wp-content\/uploads\/2020\/05\/pro-cash-hud.png 783w, https:\/\/hand2noteguide.com\/wp-content\/uploads\/2020\/05\/pro-cash-hud-300x246.png 300w, https:\/\/hand2noteguide.com\/wp-content\/uploads\/2020\/05\/pro-cash-hud-768x631.png 768w, https:\/\/hand2noteguide.com\/wp-content\/uploads\/2020\/05\/pro-cash-hud-772x634.png 772w, https:\/\/hand2noteguide.com\/wp-content\/uploads\/2020\/05\/pro-cash-hud-624x512.png 624w\" sizes=\"auto, (max-width: 587px) 100vw, 587px\" \/><\/figure>\n\n\n\n<p>O Hand2Note permite que voc\u00ea use HUDs posicionais e din\u00e2micos. Esse tipo de HUD pode mostrar diferentes estat\u00edsticas para:<\/p>\n\n\n\n<ul class=\"wp-block-list\">\n<li>regs e fishes;<\/li>\n\n\n\n<li>jogadores em diferentes posi\u00e7\u00f5es;<\/li>\n\n\n\n<li>jogadores com diferentes tamanhos de stack;<\/li>\n\n\n\n<li>jogadores que agem antes ou depois do Hero no preflop;<\/li>\n\n\n\n<li>jogadores que est\u00e3o IP ou OOP em rela\u00e7\u00e3o ao Hero;<\/li>\n\n\n\n<li>etc.<\/li>\n<\/ul>\n\n\n\n<p>Voc\u00ea pode ter muitas estat\u00edsticas no seu HUD, mas apenas as estat\u00edsticas relevantes para a situa\u00e7\u00e3o atual e jogador ser\u00e3o exibidas.<\/p>\n\n\n\n<p>Voc\u00ea pode encontrar <a href=\"https:\/\/hand2noteguide.com\/pt\/hud-store\/\">os melhores perfis de HUD para Hand2Note<\/a> em nossa loja.<\/p>\n\n\n\n<h2 class=\"wp-block-heading\">3. Popups autom\u00e1ticos em modo God para cada estat\u00edstica<\/h2>\n\n\n\n<p>O Hand2Note gera automaticamente um popup estendido para cada estat\u00edstica no seu HUD. Este popup cont\u00e9m dados extremamente \u00fateis em v\u00e1rios formatos. Voc\u00ea pode obter muitas informa\u00e7\u00f5es cruciais sobre seus oponentes em segundos, diretamente no jogo. Isso permite que voc\u00ea encontre rapidamente fraquezas e explore seus advers\u00e1rios na mesa de forma agressiva.<\/p>\n\n\n\n<figure class=\"wp-block-gallery has-nested-images columns-default is-cropped wp-block-gallery-2 is-layout-flex wp-block-gallery-is-layout-flex\">\n<figure class=\"wp-block-image size-full\"><img loading=\"lazy\" decoding=\"async\" width=\"816\" height=\"1327\" data-id=\"9211\" src=\"https:\/\/hand2noteguide.com\/wp-content\/uploads\/2025\/03\/popup0-min.png\" alt=\"\" class=\"wp-image-9211\" srcset=\"https:\/\/hand2noteguide.com\/wp-content\/uploads\/2025\/03\/popup0-min.png 816w, https:\/\/hand2noteguide.com\/wp-content\/uploads\/2025\/03\/popup0-min-184x300.png 184w, https:\/\/hand2noteguide.com\/wp-content\/uploads\/2025\/03\/popup0-min-630x1024.png 630w, https:\/\/hand2noteguide.com\/wp-content\/uploads\/2025\/03\/popup0-min-768x1249.png 768w, https:\/\/hand2noteguide.com\/wp-content\/uploads\/2025\/03\/popup0-min-772x1255.png 772w, https:\/\/hand2noteguide.com\/wp-content\/uploads\/2025\/03\/popup0-min-384x624.png 384w\" sizes=\"auto, (max-width: 816px) 100vw, 816px\" \/><figcaption class=\"wp-element-caption\">Preflop<\/figcaption><\/figure>\n\n\n\n<figure class=\"wp-block-image size-full\"><img loading=\"lazy\" decoding=\"async\" width=\"934\" height=\"1635\" data-id=\"9215\" src=\"https:\/\/hand2noteguide.com\/wp-content\/uploads\/2025\/03\/postflop-min.png\" alt=\"\" class=\"wp-image-9215\" srcset=\"https:\/\/hand2noteguide.com\/wp-content\/uploads\/2025\/03\/postflop-min.png 934w, https:\/\/hand2noteguide.com\/wp-content\/uploads\/2025\/03\/postflop-min-171x300.png 171w, https:\/\/hand2noteguide.com\/wp-content\/uploads\/2025\/03\/postflop-min-585x1024.png 585w, https:\/\/hand2noteguide.com\/wp-content\/uploads\/2025\/03\/postflop-min-768x1344.png 768w, https:\/\/hand2noteguide.com\/wp-content\/uploads\/2025\/03\/postflop-min-877x1536.png 877w, https:\/\/hand2noteguide.com\/wp-content\/uploads\/2025\/03\/postflop-min-772x1351.png 772w, https:\/\/hand2noteguide.com\/wp-content\/uploads\/2025\/03\/postflop-min-356x624.png 356w\" sizes=\"auto, (max-width: 934px) 100vw, 934px\" \/><figcaption class=\"wp-element-caption\">Postflop<\/figcaption><\/figure>\n<\/figure>\n\n\n\n<h2 class=\"wp-block-heading\">4. Explorando tend\u00eancias dos oponentes (MDA)<\/h2>\n\n\n\n<p>Voc\u00ea pode explorar minuciosamente todo o pool de jogadores com quem joga. Voc\u00ea descobrir\u00e1 como diferentes tipos de jogadores agem em diferentes situa\u00e7\u00f5es. Voc\u00ea conhecer\u00e1 seus ranges e frequ\u00eancias em qualquer cen\u00e1rio de jogo poss\u00edvel. Por exemplo:<\/p>\n\n\n\n<ul class=\"wp-block-list\">\n<li>Qual range os fishes usam para 4bet no preflop?<\/li>\n\n\n\n<li>Com que frequ\u00eancia os regs aplicam o segundo barrel em um pote de 3bet em uma carta que completa o flush?<\/li>\n\n\n\n<li>Com que range e com que frequ\u00eancia os fishes fazem overbet no river?<\/li>\n\n\n\n<li>etc.<\/li>\n<\/ul>\n\n\n\n<p>Esse conhecimento melhorar\u00e1 significativamente sua compreens\u00e3o de como extrair o m\u00e1ximo valor de seus oponentes.<\/p>\n\n\n\n<figure class=\"wp-block-image size-large\"><img loading=\"lazy\" decoding=\"async\" width=\"1024\" height=\"643\" src=\"https:\/\/hand2noteguide.com\/wp-content\/uploads\/2025\/03\/RANGE_RESEARCH-NEW-m-1024x643.png\" alt=\"Hand2Note 4 Range Research\" class=\"wp-image-9217\" srcset=\"https:\/\/hand2noteguide.com\/wp-content\/uploads\/2025\/03\/RANGE_RESEARCH-NEW-m-1024x643.png 1024w, https:\/\/hand2noteguide.com\/wp-content\/uploads\/2025\/03\/RANGE_RESEARCH-NEW-m-300x188.png 300w, https:\/\/hand2noteguide.com\/wp-content\/uploads\/2025\/03\/RANGE_RESEARCH-NEW-m-768x482.png 768w, https:\/\/hand2noteguide.com\/wp-content\/uploads\/2025\/03\/RANGE_RESEARCH-NEW-m-1536x965.png 1536w, https:\/\/hand2noteguide.com\/wp-content\/uploads\/2025\/03\/RANGE_RESEARCH-NEW-m-2048x1287.png 2048w, https:\/\/hand2noteguide.com\/wp-content\/uploads\/2025\/03\/RANGE_RESEARCH-NEW-m-772x485.png 772w, https:\/\/hand2noteguide.com\/wp-content\/uploads\/2025\/03\/RANGE_RESEARCH-NEW-m-624x392.png 624w\" sizes=\"auto, (max-width: 1024px) 100vw, 1024px\" \/><\/figure>\n\n\n\n<h2 class=\"wp-block-heading\">5. Analisando a rentabilidade de todas as suas linhas<\/h2>\n\n\n\n<p>Investigar a rentabilidade de todas as suas decis\u00f5es torna-se muito f\u00e1cil e eficaz com o Hand2Note. Voc\u00ea pode verificar todas as suas a\u00e7\u00f5es em qualquer ponto de jogo poss\u00edvel. Voc\u00ea pode encontrar respostas para as seguintes perguntas:<\/p>\n\n\n\n<ul class=\"wp-block-list\">\n<li>o que \u00e9 melhor, dar call ou 3bet com \u00c1s suited contra um open raise do CO?<\/li>\n\n\n\n<li>vale a pena abrir conectores m\u00e9dios do UTG ou n\u00e3o?<\/li>\n\n\n\n<li>como construir meu range de aposta e check no postflop?<\/li>\n\n\n\n<li>etc.<\/li>\n<\/ul>\n\n\n\n<figure class=\"wp-block-image size-large\"><img loading=\"lazy\" decoding=\"async\" width=\"1024\" height=\"306\" src=\"https:\/\/hand2noteguide.com\/wp-content\/uploads\/2025\/03\/image-1-1024x306.png\" alt=\"\" class=\"wp-image-9227\" srcset=\"https:\/\/hand2noteguide.com\/wp-content\/uploads\/2025\/03\/image-1-1024x306.png 1024w, https:\/\/hand2noteguide.com\/wp-content\/uploads\/2025\/03\/image-1-300x90.png 300w, https:\/\/hand2noteguide.com\/wp-content\/uploads\/2025\/03\/image-1-768x230.png 768w, https:\/\/hand2noteguide.com\/wp-content\/uploads\/2025\/03\/image-1-1536x460.png 1536w, https:\/\/hand2noteguide.com\/wp-content\/uploads\/2025\/03\/image-1-2048x613.png 2048w, https:\/\/hand2noteguide.com\/wp-content\/uploads\/2025\/03\/image-1-772x231.png 772w, https:\/\/hand2noteguide.com\/wp-content\/uploads\/2025\/03\/image-1-624x187.png 624w\" sizes=\"auto, (max-width: 1024px) 100vw, 1024px\" \/><\/figure>\n\n\n\n<div class=\"green-block\">\n<p style=\"margin-bottom:0\">Aprenda a usar todos os recursos passo a passo com nosso <a href=\"\/pt\/video-course\/\">\ud83d\udc68\u200d\ud83c\udfeb <b>curso em v\u00eddeo do Hand2Note<\/b><\/a>.<\/p>\n<\/div>\n\n\n\n<h2 class=\"wp-block-heading\">6. Ampla cobertura de sites de poker suportados<\/h2>\n\n\n\n<p>O Hand2Note suporta quase todas as salas de poker. Al\u00e9m disso, voc\u00ea n\u00e3o precisar\u00e1 mais de nenhum software adicional, como conversores de m\u00e3os. O Hand2Note cont\u00e9m m\u00f3dulos integrados para processar m\u00e3os de todos os formatos poss\u00edveis. Al\u00e9m disso, os desenvolvedores sempre atualizam rapidamente esses m\u00f3dulos em caso de quaisquer altera\u00e7\u00f5es por parte das salas.<\/p>\n\n\n\n<figure class=\"wp-block-image size-large\"><img loading=\"lazy\" decoding=\"async\" width=\"1024\" height=\"767\" src=\"http:\/\/hand2noteguide.com\/wp-content\/uploads\/2025\/04\/coinpoker-hud-min-1024x767.png\" alt=\"\" class=\"wp-image-10568\" srcset=\"https:\/\/hand2noteguide.com\/wp-content\/uploads\/2025\/04\/coinpoker-hud-min-1024x767.png 1024w, https:\/\/hand2noteguide.com\/wp-content\/uploads\/2025\/04\/coinpoker-hud-min-300x225.png 300w, https:\/\/hand2noteguide.com\/wp-content\/uploads\/2025\/04\/coinpoker-hud-min-768x575.png 768w, https:\/\/hand2noteguide.com\/wp-content\/uploads\/2025\/04\/coinpoker-hud-min-1536x1150.png 1536w, https:\/\/hand2noteguide.com\/wp-content\/uploads\/2025\/04\/coinpoker-hud-min-2048x1533.png 2048w, https:\/\/hand2noteguide.com\/wp-content\/uploads\/2025\/04\/coinpoker-hud-min-772x578.png 772w, https:\/\/hand2noteguide.com\/wp-content\/uploads\/2025\/04\/coinpoker-hud-min-624x467.png 624w\" sizes=\"auto, (max-width: 1024px) 100vw, 1024px\" \/><\/figure>\n\n\n\n<p>Onde quer que voc\u00ea jogue &#8211; <a href=\"https:\/\/hand2noteguide.com\/pt\/pokerstars-hud\/\">PokerStars<\/a>, <a href=\"https:\/\/hand2noteguide.com\/pt\/pokerbros-hud\/\">PokerBros<\/a>, <a href=\"https:\/\/hand2noteguide.com\/pt\/coinpoker-hud\/\">CoinPoker<\/a>, ou qualquer outro site pouco conhecido &#8211; o Hand2Note \u00e9 adequado para voc\u00ea.<\/p>\n\n\n\n<h2 class=\"wp-block-heading\">7. Suporte premium<\/h2>\n\n\n\n<p><a href=\"https:\/\/hand2noteguide.com\/pt\/hand2note-official-support\/\">Suporte 24\/7<\/a> est\u00e1 inclu\u00eddo no pre\u00e7o da assinatura. Qualquer problema t\u00e9cnico ou d\u00favida geral sobre o programa ser\u00e1 prontamente resolvido por agentes de suporte que conhecem a fundo a funcionalidade do aplicativo e t\u00eam experi\u00eancia em jogar poker profissional.<\/p>\n\n\n\n<p>Ao adquirir uma assinatura do Hand2Note, voc\u00ea se torna membro de um clube de elite dos jogadores mais fortes!<\/p>\n\n\n\n<p style=\"margin-top:24px\"><a style=\"font-weight:bold !important\" class=\"article-action-link\" href=\"https:\/\/hand2noteguide.com\/pt\/hand2note-4-getting-started\/\">Comece a usar o Hand2Note \u2192<\/a><\/p>\n","protected":false},"excerpt":{"rendered":"<p>J\u00e1 determinamos por que vale a pena come\u00e7ar a usar o software Hand2Note. E como voc\u00ea j\u00e1 deve saber, \u00e9 poss\u00edvel usar o Hand2Note gratuitamente e at\u00e9 mesmo obter um HUD gratuito. Ent\u00e3o, por que comprar algo? Neste artigo, mostraremos as possibilidades excepcionais que voc\u00ea pode obter com uma assinatura paga do Hand2Note PRO. 1. &hellip; <a href=\"https:\/\/hand2noteguide.com\/pt\/why-purchase-hand2note\/\" class=\"more-link\">Continue reading <span class=\"screen-reader-text\">Por que comprar o Hand2Note?<\/span><\/a><\/p>\n","protected":false},"author":1,"featured_media":10164,"parent":0,"menu_order":0,"comment_status":"closed","ping_status":"closed","template":"page-templates\/full-width-page.php","meta":{"footnotes":""},"class_list":["post-2285","page","type-page","status-publish","has-post-thumbnail","hentry"],"translation":{"provider":"WPGlobus","version":"3.0.2","language":"pt","enabled_languages":["en","ru","pt","zh","es","fr","de","it","ja"],"languages":{"en":{"title":true,"content":true,"excerpt":false},"ru":{"title":true,"content":true,"excerpt":false},"pt":{"title":true,"content":true,"excerpt":false},"zh":{"title":true,"content":true,"excerpt":false},"es":{"title":true,"content":true,"excerpt":false},"fr":{"title":true,"content":true,"excerpt":false},"de":{"title":true,"content":true,"excerpt":false},"it":{"title":true,"content":true,"excerpt":false},"ja":{"title":true,"content":true,"excerpt":false}}},"yoast_head":"<!-- This site is optimized with the Yoast SEO plugin v27.0 - https:\/\/yoast.com\/product\/yoast-seo-wordpress\/ -->\n<title>Por que Comprar o Hand2Note? 7 Raz\u00f5es Indiscut\u00edveis<\/title>\n<meta name=\"description\" content=\"Ainda est\u00e1 se perguntando se precisa do Hand2Note? Aqui est\u00e1 uma vis\u00e3o geral de 7 raz\u00f5es indiscut\u00edveis para usar o Hand2Note PRO e levar sua carreira no poker para o pr\u00f3ximo n\u00edvel.\" \/>\n<meta name=\"robots\" content=\"index, follow, max-snippet:-1, max-image-preview:large, max-video-preview:-1\" \/>\n<link rel=\"canonical\" href=\"https:\/\/hand2noteguide.com\/ru\/why-purchase-hand2note\/\" \/>\n<meta property=\"og:locale\" content=\"pt_PT\" \/>\n<meta property=\"og:type\" content=\"article\" \/>\n<meta property=\"og:title\" content=\"Por que Comprar o Hand2Note? 7 Raz\u00f5es Indiscut\u00edveis\" \/>\n<meta property=\"og:description\" content=\"Ainda est\u00e1 se perguntando se precisa do Hand2Note? Aqui est\u00e1 uma vis\u00e3o geral de 7 raz\u00f5es indiscut\u00edveis para usar o Hand2Note PRO e levar sua carreira no poker para o pr\u00f3ximo n\u00edvel.\" \/>\n<meta property=\"og:url\" content=\"https:\/\/hand2noteguide.com\/ru\/why-purchase-hand2note\/\" \/>\n<meta property=\"og:site_name\" content=\"Hand2Note Guide\" \/>\n<meta property=\"article:modified_time\" content=\"2025-06-04T14:34:25+00:00\" \/>\n<meta property=\"og:image\" content=\"https:\/\/hand2noteguide.com\/wp-content\/uploads\/2025\/04\/h2n4-1-min-2048x1342-1.png\" \/>\n\t<meta property=\"og:image:width\" content=\"700\" \/>\n\t<meta property=\"og:image:height\" content=\"458\" \/>\n\t<meta property=\"og:image:type\" content=\"image\/png\" \/>\n<meta name=\"twitter:card\" content=\"summary_large_image\" \/>\n<meta name=\"twitter:label1\" content=\"Est. reading time\" \/>\n\t<meta name=\"twitter:data1\" content=\"21 minutes\" \/>\n<!-- \/ Yoast SEO plugin. -->","yoast_head_json":{"title":"Por que Comprar o Hand2Note? 7 Raz\u00f5es Indiscut\u00edveis","description":"Ainda est\u00e1 se perguntando se precisa do Hand2Note? Aqui est\u00e1 uma vis\u00e3o geral de 7 raz\u00f5es indiscut\u00edveis para usar o Hand2Note PRO e levar sua carreira no poker para o pr\u00f3ximo n\u00edvel.","robots":{"index":"index","follow":"follow","max-snippet":"max-snippet:-1","max-image-preview":"max-image-preview:large","max-video-preview":"max-video-preview:-1"},"canonical":"https:\/\/hand2noteguide.com\/ru\/why-purchase-hand2note\/","og_locale":"pt_PT","og_type":"article","og_title":"Por que Comprar o Hand2Note? 7 Raz\u00f5es Indiscut\u00edveis","og_description":"Ainda est\u00e1 se perguntando se precisa do Hand2Note? Aqui est\u00e1 uma vis\u00e3o geral de 7 raz\u00f5es indiscut\u00edveis para usar o Hand2Note PRO e levar sua carreira no poker para o pr\u00f3ximo n\u00edvel.","og_url":"https:\/\/hand2noteguide.com\/ru\/why-purchase-hand2note\/","og_site_name":"Hand2Note Guide","article_modified_time":"2025-06-04T14:34:25+00:00","og_image":[{"width":700,"height":458,"url":"https:\/\/hand2noteguide.com\/wp-content\/uploads\/2025\/04\/h2n4-1-min-2048x1342-1.png","type":"image\/png"}],"twitter_card":"summary_large_image","twitter_misc":{"Est. reading time":"21 minutes"},"schema":{"@context":"https:\/\/schema.org","@graph":[]}},"jetpack_sharing_enabled":true,"_links":{"self":[{"href":"https:\/\/hand2noteguide.com\/pt\/wp-json\/wp\/v2\/pages\/2285","targetHints":{"allow":["GET"]}}],"collection":[{"href":"https:\/\/hand2noteguide.com\/pt\/wp-json\/wp\/v2\/pages"}],"about":[{"href":"https:\/\/hand2noteguide.com\/pt\/wp-json\/wp\/v2\/types\/page"}],"author":[{"embeddable":true,"href":"https:\/\/hand2noteguide.com\/pt\/wp-json\/wp\/v2\/users\/1"}],"replies":[{"embeddable":true,"href":"https:\/\/hand2noteguide.com\/pt\/wp-json\/wp\/v2\/comments?post=2285"}],"version-history":[{"count":136,"href":"https:\/\/hand2noteguide.com\/pt\/wp-json\/wp\/v2\/pages\/2285\/revisions"}],"predecessor-version":[{"id":13503,"href":"https:\/\/hand2noteguide.com\/pt\/wp-json\/wp\/v2\/pages\/2285\/revisions\/13503"}],"wp:featuredmedia":[{"embeddable":true,"href":"https:\/\/hand2noteguide.com\/pt\/wp-json\/wp\/v2\/media\/10164"}],"wp:attachment":[{"href":"https:\/\/hand2noteguide.com\/pt\/wp-json\/wp\/v2\/media?parent=2285"}],"curies":[{"name":"wp","href":"https:\/\/api.w.org\/{rel}","templated":true}]}}