{"id":236,"date":"2018-08-02T13:05:22","date_gmt":"2018-08-02T10:05:22","guid":{"rendered":"https:\/\/h2n312.wordpress.com\/?page_id=236"},"modified":"2025-06-04T19:06:58","modified_gmt":"2025-06-04T16:06:58","slug":"issues-resolving","status":"publish","type":"page","link":"https:\/\/hand2noteguide.com\/pt\/issues-resolving\/","title":{"rendered":"Solu\u00e7\u00e3o de Problemas"},"content":{"rendered":"\n<p>Nesta se\u00e7\u00e3o, voc\u00ea encontrar\u00e1 instru\u00e7\u00f5es para resolver os problemas mais comuns encontrados ao usar o Hand2Note.<\/p>\n\n\n\n<p>Na maioria dos casos, o Hand2Note funciona sem problemas, mas \u00e0s vezes ocorrem problemas com qualquer software de poker. No caso do Hand2Note, pode haver problemas com o HUD ou o banco de dados, ou erros cr\u00edticos que aparecem ao usar o programa. Na lista abaixo, temos solu\u00e7\u00f5es para a maioria desses problemas.<\/p>\n\n\n\n<h2 class=\"wp-block-heading\">Solu\u00e7\u00f5es para problemas t\u00edpicos do Hand2Note<\/h2>\n\n\n\n<ul class=\"page-list subpages-page-list \">\n<li><a href=\"https:\/\/hand2noteguide.com\/pt\/issues-resolving\/hud-not-showing\/\"><strong>HUD n\u00e3o funciona<\/strong><\/a><\/li>\n<li><a href=\"https:\/\/hand2noteguide.com\/pt\/issues-resolving\/dashes-instead-of-stats\/\">Tra\u00e7os em vez de estat\u00edsticas ou 0 m\u00e3os nos jogadores no HUD<\/a><\/li>\n<li><a href=\"https:\/\/hand2noteguide.com\/pt\/issues-resolving\/asia-loss-of-hands\/\">Perda de m\u00e3os em salas asi\u00e1ticas<\/a><\/li>\n<li class=\"page_item page-item-137\"><a href=\"https:\/\/hand2noteguide.com\/pt\/issues-resolving\/connecting-to-server\/\">Hand2Note trava em \u201cConectando ao servidor\u201d<\/a><\/li>\n<li><a href=\"https:\/\/hand2noteguide.com\/pt\/issues-resolving\/failed-to-open-database-connection\/\">Falha ao abrir conex\u00e3o com o banco de dados<\/a><\/li>\n<li><a href=\"https:\/\/hand2noteguide.com\/pt\/issues-resolving\/h2n-takes-much-space\/\">Hand2Note ocupa muito espa\u00e7o<\/a><\/li>\n<li><a href=\"https:\/\/hand2noteguide.com\/pt\/issues-resolving\/hand2note-lags\/\">Hand2Note congela ou funciona lentamente<\/a><\/li>\n<li><a href=\"https:\/\/hand2noteguide.com\/pt\/issues-resolving\/crash-when-entering-reports\/\">Hand2Note trava ao entrar em Sessions\/Reports<\/a><\/li>\n<li><a href=\"https:\/\/hand2noteguide.com\/pt\/issues-resolving\/reinstall\/\">Reinstala\u00e7\u00e3o do Hand2Note<\/a><\/li>\n\n<\/ul>\n\n\n\n<p>Se o seu caso n\u00e3o estiver listado, ou ap\u00f3s realizar as a\u00e7\u00f5es recomendadas o problema persistir, entre em contato com o <a href=\"https:\/\/hand2noteguide.com\/pt\/hand2note-official-support\/\">suporte do Hand2Note<\/a>. A equipe ajudar\u00e1 a resolver seus problemas rapidamente.<\/p>\n","protected":false},"excerpt":{"rendered":"<p>Solving the most common problems when using Hand2Note<\/p>\n","protected":false},"author":1,"featured_media":0,"parent":0,"menu_order":6,"comment_status":"closed","ping_status":"closed","template":"page-templates\/full-width-page.php","meta":{"footnotes":""},"class_list":["post-236","page","type-page","status-publish","hentry"],"translation":{"provider":"WPGlobus","version":"3.0.2","language":"pt","enabled_languages":["en","ru","pt","zh","es","fr","de","it","ja"],"languages":{"en":{"title":true,"content":true,"excerpt":true},"ru":{"title":true,"content":true,"excerpt":true},"pt":{"title":true,"content":true,"excerpt":false},"zh":{"title":true,"content":true,"excerpt":true},"es":{"title":true,"content":true,"excerpt":false},"fr":{"title":true,"content":true,"excerpt":false},"de":{"title":true,"content":true,"excerpt":false},"it":{"title":true,"content":true,"excerpt":false},"ja":{"title":true,"content":true,"excerpt":false}}},"yoast_head":"<!-- This site is optimized with the Yoast SEO plugin v27.0 - https:\/\/yoast.com\/product\/yoast-seo-wordpress\/ -->\n<title>Solu\u00e7\u00e3o de Problemas. Sem HUD, erros de banco de dados - Guia Hand2Note<\/title>\n<meta name=\"description\" content=\"Encontre solu\u00e7\u00f5es para problemas comuns do Hand2Note, como erros de HUD e problemas de banco de dados. Obtenha corre\u00e7\u00f5es r\u00e1pidas e suporte para garantir sess\u00f5es de poker sem problemas.\" \/>\n<meta name=\"robots\" content=\"index, follow, max-snippet:-1, max-image-preview:large, max-video-preview:-1\" \/>\n<link rel=\"canonical\" href=\"https:\/\/hand2noteguide.com\/issues-resolving\/\" \/>\n<meta property=\"og:locale\" content=\"pt_PT\" \/>\n<meta property=\"og:type\" content=\"article\" \/>\n<meta property=\"og:title\" content=\"Solu\u00e7\u00e3o de Problemas. Sem HUD, erros de banco de dados - Guia Hand2Note\" \/>\n<meta property=\"og:description\" content=\"Encontre solu\u00e7\u00f5es para problemas comuns do Hand2Note, como erros de HUD e problemas de banco de dados. Obtenha corre\u00e7\u00f5es r\u00e1pidas e suporte para garantir sess\u00f5es de poker sem problemas.\" \/>\n<meta property=\"og:url\" content=\"https:\/\/hand2noteguide.com\/issues-resolving\/\" \/>\n<meta property=\"og:site_name\" content=\"Hand2Note Guide\" \/>\n<meta property=\"article:modified_time\" content=\"2025-06-04T16:06:58+00:00\" \/>\n<meta name=\"twitter:card\" content=\"summary_large_image\" \/>\n<meta name=\"twitter:label1\" content=\"Est. reading time\" \/>\n\t<meta name=\"twitter:data1\" content=\"6 minutes\" \/>\n<!-- \/ Yoast SEO plugin. -->","yoast_head_json":{"title":"Solu\u00e7\u00e3o de Problemas. Sem HUD, erros de banco de dados - Guia Hand2Note","description":"Encontre solu\u00e7\u00f5es para problemas comuns do Hand2Note, como erros de HUD e problemas de banco de dados. Obtenha corre\u00e7\u00f5es r\u00e1pidas e suporte para garantir sess\u00f5es de poker sem problemas.","robots":{"index":"index","follow":"follow","max-snippet":"max-snippet:-1","max-image-preview":"max-image-preview:large","max-video-preview":"max-video-preview:-1"},"canonical":"https:\/\/hand2noteguide.com\/issues-resolving\/","og_locale":"pt_PT","og_type":"article","og_title":"Solu\u00e7\u00e3o de Problemas. Sem HUD, erros de banco de dados - Guia Hand2Note","og_description":"Encontre solu\u00e7\u00f5es para problemas comuns do Hand2Note, como erros de HUD e problemas de banco de dados. Obtenha corre\u00e7\u00f5es r\u00e1pidas e suporte para garantir sess\u00f5es de poker sem problemas.","og_url":"https:\/\/hand2noteguide.com\/issues-resolving\/","og_site_name":"Hand2Note Guide","article_modified_time":"2025-06-04T16:06:58+00:00","twitter_card":"summary_large_image","twitter_misc":{"Est. reading time":"6 minutes"},"schema":{"@context":"https:\/\/schema.org","@graph":[]}},"jetpack_sharing_enabled":false,"_links":{"self":[{"href":"https:\/\/hand2noteguide.com\/pt\/wp-json\/wp\/v2\/pages\/236","targetHints":{"allow":["GET"]}}],"collection":[{"href":"https:\/\/hand2noteguide.com\/pt\/wp-json\/wp\/v2\/pages"}],"about":[{"href":"https:\/\/hand2noteguide.com\/pt\/wp-json\/wp\/v2\/types\/page"}],"author":[{"embeddable":true,"href":"https:\/\/hand2noteguide.com\/pt\/wp-json\/wp\/v2\/users\/1"}],"replies":[{"embeddable":true,"href":"https:\/\/hand2noteguide.com\/pt\/wp-json\/wp\/v2\/comments?post=236"}],"version-history":[{"count":36,"href":"https:\/\/hand2noteguide.com\/pt\/wp-json\/wp\/v2\/pages\/236\/revisions"}],"predecessor-version":[{"id":13544,"href":"https:\/\/hand2noteguide.com\/pt\/wp-json\/wp\/v2\/pages\/236\/revisions\/13544"}],"wp:attachment":[{"href":"https:\/\/hand2noteguide.com\/pt\/wp-json\/wp\/v2\/media?parent=236"}],"curies":[{"name":"wp","href":"https:\/\/api.w.org\/{rel}","templated":true}]}}