{"id":243,"date":"2018-08-02T13:24:59","date_gmt":"2018-08-02T10:24:59","guid":{"rendered":"https:\/\/h2n312.wordpress.com\/?page_id=243"},"modified":"2025-06-04T19:06:04","modified_gmt":"2025-06-04T16:06:04","slug":"serial-key","status":"publish","type":"page","link":"https:\/\/hand2noteguide.com\/pt\/guide\/serial-key\/","title":{"rendered":"Chave de licen\u00e7a"},"content":{"rendered":"\n<p>A chave de licen\u00e7a do Hand2Note \u00e9 emitida vitaliciamente ao adquirir qualquer <a href=\"https:\/\/hand2noteguide.com\/pt\/guide\/choose-subscription\/\">assinatura<\/a>. Todas as suas assinaturas e licen\u00e7as para <a href=\"http:\/\/www.hand2note.com\/Shop\" target=\"_blank\" rel=\"noreferrer noopener\">pacotes comerciais<\/a> estar\u00e3o vinculadas a esta chave.<\/p>\n\n\n\n<p>Voc\u00ea sempre pode encontrar sua chave em <a href=\"http:\/\/www.hand2note.com\/Profile\" target=\"_blank\" rel=\"noreferrer noopener\">seu perfil<\/a> no site oficial.<\/p>\n\n\n\n<p>A chave deve ser inserida no software em <em>Configuration \u2192 Other options \u2192 License<\/em>:<\/p>\n\n\n\n<figure class=\"wp-block-image\"><img loading=\"lazy\" decoding=\"async\" width=\"1024\" height=\"926\" src=\"https:\/\/hand2noteguide.com\/wp-content\/uploads\/2019\/05\/hand2note-enter-license-key-1024x926.png\" alt=\"hand2note enter license key\" class=\"wp-image-951\" srcset=\"https:\/\/hand2noteguide.com\/wp-content\/uploads\/2019\/05\/hand2note-enter-license-key-1024x926.png 1024w, https:\/\/hand2noteguide.com\/wp-content\/uploads\/2019\/05\/hand2note-enter-license-key-300x271.png 300w, https:\/\/hand2noteguide.com\/wp-content\/uploads\/2019\/05\/hand2note-enter-license-key-768x694.png 768w, https:\/\/hand2noteguide.com\/wp-content\/uploads\/2019\/05\/hand2note-enter-license-key-772x698.png 772w, https:\/\/hand2noteguide.com\/wp-content\/uploads\/2019\/05\/hand2note-enter-license-key-624x564.png 624w, https:\/\/hand2noteguide.com\/wp-content\/uploads\/2019\/05\/hand2note-enter-license-key.png 1052w\" sizes=\"auto, (max-width: 1024px) 100vw, 1024px\" \/><figcaption class=\"wp-element-caption\">Insira a chave serial no Hand2Note<\/figcaption><\/figure>\n\n\n\n<p>Voc\u00ea pode usar sua chave em qualquer n\u00famero de computadores, mas n\u00e3o simultaneamente. Se voc\u00ea executar o Hand2Note com a mesma chave em dois PCs ao mesmo tempo, o programa ser\u00e1 encerrado em todos os dispositivos.<\/p>\n","protected":false},"excerpt":{"rendered":"<p>A chave de licen\u00e7a do Hand2Note \u00e9 emitida vitaliciamente ao adquirir qualquer assinatura. Todas as suas assinaturas e licen\u00e7as para pacotes comerciais estar\u00e3o vinculadas a esta chave. Voc\u00ea sempre pode encontrar sua chave em seu perfil no site oficial. A chave deve ser inserida no software em Configuration \u2192 Other options \u2192 License: Voc\u00ea pode &hellip; <a href=\"https:\/\/hand2noteguide.com\/pt\/guide\/serial-key\/\" class=\"more-link\">Continue reading <span class=\"screen-reader-text\">Chave de licen\u00e7a<\/span><\/a><\/p>\n","protected":false},"author":1,"featured_media":0,"parent":74,"menu_order":0,"comment_status":"closed","ping_status":"closed","template":"page-templates\/full-width-page.php","meta":{"footnotes":""},"class_list":["post-243","page","type-page","status-publish","hentry"],"translation":{"provider":"WPGlobus","version":"3.0.2","language":"pt","enabled_languages":["en","ru","pt","zh","es","fr","de","it","ja"],"languages":{"en":{"title":true,"content":true,"excerpt":false},"ru":{"title":true,"content":true,"excerpt":false},"pt":{"title":true,"content":true,"excerpt":false},"zh":{"title":true,"content":true,"excerpt":false},"es":{"title":true,"content":true,"excerpt":false},"fr":{"title":true,"content":true,"excerpt":false},"de":{"title":true,"content":true,"excerpt":false},"it":{"title":true,"content":true,"excerpt":false},"ja":{"title":true,"content":true,"excerpt":false}}},"yoast_head":"<!-- This site is optimized with the Yoast SEO plugin v27.0 - https:\/\/yoast.com\/product\/yoast-seo-wordpress\/ -->\n<title>Onde inserir a chave de licen\u00e7a no Hand2Note 3<\/title>\n<meta name=\"robots\" content=\"index, follow, max-snippet:-1, max-image-preview:large, max-video-preview:-1\" \/>\n<link rel=\"canonical\" href=\"https:\/\/hand2noteguide.com\/ru\/guide\/serial-key\/\" \/>\n<meta property=\"og:locale\" content=\"pt_PT\" \/>\n<meta property=\"og:type\" content=\"article\" \/>\n<meta property=\"og:title\" content=\"Onde inserir a chave de licen\u00e7a no Hand2Note 3\" \/>\n<meta property=\"og:url\" content=\"https:\/\/hand2noteguide.com\/ru\/guide\/serial-key\/\" \/>\n<meta property=\"og:site_name\" content=\"Hand2Note Guide\" \/>\n<meta property=\"article:modified_time\" content=\"2025-06-04T16:06:04+00:00\" \/>\n<meta property=\"og:image\" content=\"https:\/\/hand2noteguide.com\/wp-content\/uploads\/2018\/08\/hand2note-d0bbd0b8d186d0b5d0bdd0b7d0b8d0bed0bdd0bdd18bd0b9-d0bad0bbd18ed187.png\" \/>\n<meta name=\"twitter:card\" content=\"summary_large_image\" \/>\n<meta name=\"twitter:label1\" content=\"Est. reading time\" \/>\n\t<meta name=\"twitter:data1\" content=\"3 minutes\" \/>\n<!-- \/ Yoast SEO plugin. -->","yoast_head_json":{"title":"Onde inserir a chave de licen\u00e7a no Hand2Note 3","robots":{"index":"index","follow":"follow","max-snippet":"max-snippet:-1","max-image-preview":"max-image-preview:large","max-video-preview":"max-video-preview:-1"},"canonical":"https:\/\/hand2noteguide.com\/ru\/guide\/serial-key\/","og_locale":"pt_PT","og_type":"article","og_title":"Onde inserir a chave de licen\u00e7a no Hand2Note 3","og_url":"https:\/\/hand2noteguide.com\/ru\/guide\/serial-key\/","og_site_name":"Hand2Note Guide","article_modified_time":"2025-06-04T16:06:04+00:00","og_image":[{"url":"https:\/\/hand2noteguide.com\/wp-content\/uploads\/2018\/08\/hand2note-d0bbd0b8d186d0b5d0bdd0b7d0b8d0bed0bdd0bdd18bd0b9-d0bad0bbd18ed187.png","type":"","width":"","height":""}],"twitter_card":"summary_large_image","twitter_misc":{"Est. reading time":"3 minutes"},"schema":{"@context":"https:\/\/schema.org","@graph":[]}},"jetpack_sharing_enabled":false,"_links":{"self":[{"href":"https:\/\/hand2noteguide.com\/pt\/wp-json\/wp\/v2\/pages\/243","targetHints":{"allow":["GET"]}}],"collection":[{"href":"https:\/\/hand2noteguide.com\/pt\/wp-json\/wp\/v2\/pages"}],"about":[{"href":"https:\/\/hand2noteguide.com\/pt\/wp-json\/wp\/v2\/types\/page"}],"author":[{"embeddable":true,"href":"https:\/\/hand2noteguide.com\/pt\/wp-json\/wp\/v2\/users\/1"}],"replies":[{"embeddable":true,"href":"https:\/\/hand2noteguide.com\/pt\/wp-json\/wp\/v2\/comments?post=243"}],"version-history":[{"count":20,"href":"https:\/\/hand2noteguide.com\/pt\/wp-json\/wp\/v2\/pages\/243\/revisions"}],"predecessor-version":[{"id":13543,"href":"https:\/\/hand2noteguide.com\/pt\/wp-json\/wp\/v2\/pages\/243\/revisions\/13543"}],"up":[{"embeddable":true,"href":"https:\/\/hand2noteguide.com\/pt\/wp-json\/wp\/v2\/pages\/74"}],"wp:attachment":[{"href":"https:\/\/hand2noteguide.com\/pt\/wp-json\/wp\/v2\/media?parent=243"}],"curies":[{"name":"wp","href":"https:\/\/api.w.org\/{rel}","templated":true}]}}