{"id":2465,"date":"2020-07-04T14:51:40","date_gmt":"2020-07-04T11:51:40","guid":{"rendered":"http:\/\/hand2noteguide.com\/?page_id=2465"},"modified":"2026-03-10T13:42:42","modified_gmt":"2026-03-10T13:42:42","slug":"pokerstars-hud","status":"publish","type":"page","link":"https:\/\/hand2noteguide.com\/pt\/pokerstars-hud\/","title":{"rendered":"Melhores Op\u00e7\u00f5es de HUD para PokerStars &#8211; Comece a Usar HUD Agora"},"content":{"rendered":"\n<p>PokerStars e uma das principais salas de poker online do mundo, com:<\/p>\n\n\n\n<ul class=\"wp-block-list\">\n<li>um dos <strong>fields mais desafiadores<\/strong> do mundo;<\/li>\n\n\n\n<li>a <strong>politica mais rigorosa<\/strong> sobre softwares de terceiros.<\/li>\n<\/ul>\n\n\n\n<p>Por isso, voce precisa ter cuidado ao escolher um <strong>HUD de poker<\/strong> para essa sala. O software ideal deve <strong>oferecer recursos avancados<\/strong> para gerar vantagem e, ao mesmo tempo, <strong>seguir todas as regras<\/strong> da sala.<\/p>\n\n\n\n<h2 class=\"wp-block-heading\">PokerStars permite HUD?<\/h2>\n\n\n\n<p><strong>Sim, com algumas restricoes<\/strong>. De acordo com a politica da sala, voce pode usar HUD nas mesas. Mas existem regras que nao podem ser quebradas. Por exemplo:<\/p>\n\n\n\n<ul class=\"wp-block-list\">\n<li>O HUD nao pode mudar de acordo com as acoes da mao (o chamado <strong><a href=\"https:\/\/hand2noteguide.com\/pt\/user-manual\/hud-editor-creating-a-dynamic-hud\/\" type=\"page\" id=\"13718\">Dynamic HUD e proibido<\/a><\/strong>)<\/li>\n\n\n\n<li>A cor do texto das estatisticas nao pode mudar com base nos valores dessas estatisticas.<\/li>\n\n\n\n<li>Marcacao automatica de jogadores por tipo reg\/fish e proibida.<\/li>\n\n\n\n<li>E mais.<\/li>\n<\/ul>\n\n\n\n<p><strong>Os softwares que recomendamos atendem a todas as exigencias da sala<\/strong>. Os desenvolvedores monitoram mudancas na politica do PokerStars e aplicam atualizacoes quando necessario. Basta usar as <strong>versoes mais recentes<\/strong> dos programas.<\/p>\n\n\n\n<h2 class=\"wp-block-heading\">Qual e o melhor HUD para PokerStars?<\/h2>\n\n\n\n<p>Neste artigo, vamos responder as principais perguntas sobre HUD no PokerStars e analisar as <strong>2 melhores opcoes<\/strong>: <strong>Hand2Note<\/strong> e <strong>StarsCaption<\/strong>. O melhor de tudo: voce nao precisa escolher entre eles, porque se complementam.<\/p>\n\n\n\n<h2 class=\"wp-block-heading\">Hand2Note<\/h2>\n\n\n\n<p>Hand2Note e um tracker de poker de nova geracao. Ele oferece HUD e popups poderosos e faceis de usar no PokerStars, respeitando as restricoes da sala.<\/p>\n\n\n<div class=\"wp-block-h2n-cta-button\" style=\"text-align: left;\"><a href=\"https:\/\/hand2noteguide.com\/pt\/go\/hand2note\/\" class=\"btn btn-primary\" target=\"_blank\" rel=\"noopener noreferrer nofollow sponsored\">Ir para o site Hand2Note<\/a><\/div>\n\n\n<figure class=\"wp-block-image size-large\"><img loading=\"lazy\" decoding=\"async\" width=\"1024\" height=\"641\" src=\"https:\/\/hand2noteguide.com\/wp-content\/uploads\/2024\/05\/hand2note-robot-new-min-1024x641.webp\" alt=\"\" class=\"wp-image-6802\" srcset=\"https:\/\/hand2noteguide.com\/wp-content\/uploads\/2024\/05\/hand2note-robot-new-min-1024x641.webp 1024w, https:\/\/hand2noteguide.com\/wp-content\/uploads\/2024\/05\/hand2note-robot-new-min-300x188.webp 300w, https:\/\/hand2noteguide.com\/wp-content\/uploads\/2024\/05\/hand2note-robot-new-min-768x481.webp 768w, https:\/\/hand2noteguide.com\/wp-content\/uploads\/2024\/05\/hand2note-robot-new-min-1536x962.webp 1536w, https:\/\/hand2noteguide.com\/wp-content\/uploads\/2024\/05\/hand2note-robot-new-min-772x483.webp 772w, https:\/\/hand2noteguide.com\/wp-content\/uploads\/2024\/05\/hand2note-robot-new-min-624x391.webp 624w, https:\/\/hand2noteguide.com\/wp-content\/uploads\/2024\/05\/hand2note-robot-new-min.webp 1584w\" sizes=\"auto, (max-width: 1024px) 100vw, 1024px\" \/><\/figure>\n\n\n\n<p>Um HUD simples com estatisticas basicas fica disponivel logo apos a instalacao. Voce tambem pode criar seu proprio HUD, popups e stats com editores intuitivos. Outra opcao e usar nosso <a href=\"https:\/\/hand2noteguide.com\/pt\/free-hud\/\">HUD gratuito<\/a>. Se quiser algo mais avancado, veja nossa <a href=\"\/pt\/hud-store\/\">HUD Store<\/a> com pacotes prontos de desenvolvedores profissionais.<\/p>\n\n\n\n<figure class=\"wp-block-image size-full\"><img loading=\"lazy\" decoding=\"async\" width=\"907\" height=\"627\" src=\"https:\/\/hand2noteguide.com\/wp-content\/uploads\/2024\/05\/hud-2-min.png\" alt=\"\" class=\"wp-image-6823\" srcset=\"https:\/\/hand2noteguide.com\/wp-content\/uploads\/2024\/05\/hud-2-min.png 907w, https:\/\/hand2noteguide.com\/wp-content\/uploads\/2024\/05\/hud-2-min-300x207.png 300w, https:\/\/hand2noteguide.com\/wp-content\/uploads\/2024\/05\/hud-2-min-768x531.png 768w, https:\/\/hand2noteguide.com\/wp-content\/uploads\/2024\/05\/hud-2-min-772x534.png 772w, https:\/\/hand2noteguide.com\/wp-content\/uploads\/2024\/05\/hud-2-min-624x431.png 624w\" sizes=\"auto, (max-width: 907px) 100vw, 907px\" \/><figcaption class=\"wp-element-caption\">Hand2Note HUD na mesa do PokerStars<\/figcaption><\/figure>\n\n\n\n<h3 class=\"wp-block-heading\">Hand2Note e permitido no PokerStars?<\/h3>\n\n\n\n<p>Sim. Hand2Note e permitido no PokerStars. Todas as restricoes de HUD da sala sao aplicadas automaticamente.<\/p>\n\n\n\n<figure class=\"wp-block-image size-large\"><img loading=\"lazy\" decoding=\"async\" width=\"1024\" height=\"578\" src=\"https:\/\/hand2noteguide.com\/wp-content\/uploads\/2024\/05\/hand2note-pokerstars-permitted-min-1024x578.png\" alt=\"\" class=\"wp-image-6803\" srcset=\"https:\/\/hand2noteguide.com\/wp-content\/uploads\/2024\/05\/hand2note-pokerstars-permitted-min-1024x578.png 1024w, https:\/\/hand2noteguide.com\/wp-content\/uploads\/2024\/05\/hand2note-pokerstars-permitted-min-300x169.png 300w, https:\/\/hand2noteguide.com\/wp-content\/uploads\/2024\/05\/hand2note-pokerstars-permitted-min-768x433.png 768w, https:\/\/hand2noteguide.com\/wp-content\/uploads\/2024\/05\/hand2note-pokerstars-permitted-min-1536x867.png 1536w, https:\/\/hand2noteguide.com\/wp-content\/uploads\/2024\/05\/hand2note-pokerstars-permitted-min-772x436.png 772w, https:\/\/hand2noteguide.com\/wp-content\/uploads\/2024\/05\/hand2note-pokerstars-permitted-min-624x352.png 624w, https:\/\/hand2noteguide.com\/wp-content\/uploads\/2024\/05\/hand2note-pokerstars-permitted-min.png 1870w\" sizes=\"auto, (max-width: 1024px) 100vw, 1024px\" \/><figcaption class=\"wp-element-caption\">Lista de softwares permitidos no PokerStars<\/figcaption><\/figure>\n\n\n\n<h3 class=\"wp-block-heading\">Existem varios HUDs para Hand2Note. Qual usar no PS?<\/h3>\n\n\n\n<p>Existe uma grande selecao de <a href=\"https:\/\/hand2noteguide.com\/pt\/hud-store\/\">pacotes de HUD e popups<\/a>. Como saber qual e ideal para voce e permitido no PokerStars?<\/p>\n\n\n\n<p>Voce pode escolher com seguranca qualquer pacote da nossa <a href=\"https:\/\/hand2noteguide.com\/pt\/hud-store\/\">Store<\/a>. <strong>Cada produto inclui HUDs compativeis com as regras do PokerStars<\/strong>. Alem disso, e possivel testar cada pacote gratis por alguns dias. Basta <a href=\"https:\/\/hand2noteguide.com\/pt\/contact-us\/\">falar com a gente<\/a>.<\/p>\n\n\n\n<p><a href=\"https:\/\/www.hudstore.poker\/products\/simple-cash\" target=\"_blank\" rel=\"noreferrer noopener\">Simple Cash<\/a> e um bom pacote de HUD e popups para iniciantes\/intermediarios no PokerStars em relacao custo-beneficio.<\/p>\n\n\n\n<figure class=\"wp-block-gallery has-nested-images columns-default is-cropped wp-block-gallery-1 is-layout-flex wp-block-gallery-is-layout-flex\">\n<figure class=\"wp-block-image size-large\"><img loading=\"lazy\" decoding=\"async\" width=\"1024\" height=\"675\" data-id=\"6806\" src=\"https:\/\/hand2noteguide.com\/wp-content\/uploads\/2024\/05\/simple-cash-1.png\" alt=\"Simpe Cash HUD #1\" class=\"wp-image-6806\" srcset=\"https:\/\/hand2noteguide.com\/wp-content\/uploads\/2024\/05\/simple-cash-1.png 1024w, https:\/\/hand2noteguide.com\/wp-content\/uploads\/2024\/05\/simple-cash-1-300x198.png 300w, https:\/\/hand2noteguide.com\/wp-content\/uploads\/2024\/05\/simple-cash-1-768x506.png 768w, https:\/\/hand2noteguide.com\/wp-content\/uploads\/2024\/05\/simple-cash-1-772x509.png 772w, https:\/\/hand2noteguide.com\/wp-content\/uploads\/2024\/05\/simple-cash-1-624x411.png 624w\" sizes=\"auto, (max-width: 1024px) 100vw, 1024px\" \/><figcaption class=\"wp-element-caption\">Simple Cash HUD #1<\/figcaption><\/figure>\n\n\n\n<figure class=\"wp-block-image size-full\"><img loading=\"lazy\" decoding=\"async\" width=\"1024\" height=\"666\" data-id=\"6807\" src=\"https:\/\/hand2noteguide.com\/wp-content\/uploads\/2024\/05\/simple-cash-4.png\" alt=\"Simple Cash HUD #2\" class=\"wp-image-6807\" srcset=\"https:\/\/hand2noteguide.com\/wp-content\/uploads\/2024\/05\/simple-cash-4.png 1024w, https:\/\/hand2noteguide.com\/wp-content\/uploads\/2024\/05\/simple-cash-4-300x195.png 300w, https:\/\/hand2noteguide.com\/wp-content\/uploads\/2024\/05\/simple-cash-4-768x500.png 768w, https:\/\/hand2noteguide.com\/wp-content\/uploads\/2024\/05\/simple-cash-4-772x502.png 772w, https:\/\/hand2noteguide.com\/wp-content\/uploads\/2024\/05\/simple-cash-4-624x406.png 624w\" sizes=\"auto, (max-width: 1024px) 100vw, 1024px\" \/><figcaption class=\"wp-element-caption\">Simple Cash HUD #2<\/figcaption><\/figure>\n\n\n\n<figure class=\"wp-block-image size-large\"><img loading=\"lazy\" decoding=\"async\" width=\"893\" height=\"609\" data-id=\"6805\" src=\"https:\/\/hand2noteguide.com\/wp-content\/uploads\/2024\/05\/simple-cash-2.png\" alt=\"Simple Cash Popup\" class=\"wp-image-6805\" srcset=\"https:\/\/hand2noteguide.com\/wp-content\/uploads\/2024\/05\/simple-cash-2.png 893w, https:\/\/hand2noteguide.com\/wp-content\/uploads\/2024\/05\/simple-cash-2-300x205.png 300w, https:\/\/hand2noteguide.com\/wp-content\/uploads\/2024\/05\/simple-cash-2-768x524.png 768w, https:\/\/hand2noteguide.com\/wp-content\/uploads\/2024\/05\/simple-cash-2-772x526.png 772w, https:\/\/hand2noteguide.com\/wp-content\/uploads\/2024\/05\/simple-cash-2-624x426.png 624w\" sizes=\"auto, (max-width: 893px) 100vw, 893px\" \/><figcaption class=\"wp-element-caption\">Simple Cash Popup<\/figcaption><\/figure>\n<\/figure>\n\n\n\n<h3 class=\"wp-block-heading\">Como iniciar o HUD do Hand2Note no PokerStars?<\/h3>\n\n\n\n<p>Comecar com Hand2Note no PokerStars e muito simples. Rode os dois programas ao mesmo tempo e o HUD aparecera automaticamente.<\/p>\n\n\n\n<figure class=\"wp-block-image size-full\"><img loading=\"lazy\" decoding=\"async\" width=\"902\" height=\"623\" src=\"https:\/\/hand2noteguide.com\/wp-content\/uploads\/2024\/05\/hud-1-min.png\" alt=\"\" class=\"wp-image-6824\" srcset=\"https:\/\/hand2noteguide.com\/wp-content\/uploads\/2024\/05\/hud-1-min.png 902w, https:\/\/hand2noteguide.com\/wp-content\/uploads\/2024\/05\/hud-1-min-300x207.png 300w, https:\/\/hand2noteguide.com\/wp-content\/uploads\/2024\/05\/hud-1-min-768x530.png 768w, https:\/\/hand2noteguide.com\/wp-content\/uploads\/2024\/05\/hud-1-min-772x533.png 772w, https:\/\/hand2noteguide.com\/wp-content\/uploads\/2024\/05\/hud-1-min-624x431.png 624w\" sizes=\"auto, (max-width: 902px) 100vw, 902px\" \/><\/figure>\n\n\n\n<p>Para melhorar a precisao da coleta de maos, recomendamos configurar o Auto Import. Ative o salvamento de historico de maos no cliente PokerStars e adicione a pasta correspondente na secao <strong>Auto Import<\/strong> do Hand2Note. Veja nosso <strong><a href=\"https:\/\/hand2noteguide.com\/pt\/user-manual\/setting-up-an-auto-import-in-hand2note\/\" type=\"page\" id=\"9299\">guia de Auto Import<\/a><\/strong>.<\/p>\n\n\n<div class=\"wp-block-h2n-alert h2n-alert h2n-alert--warning\"><div class=\"h2n-alert__icon\" aria-hidden=\"true\"><svg width=\"22\" height=\"22\" viewBox=\"0 0 24 24\" fill=\"none\" stroke=\"currentColor\" stroke-width=\"2\" stroke-linecap=\"round\" stroke-linejoin=\"round\"><path d=\"M10.29 3.86L1.82 18a2 2 0 001.71 3h16.94a2 2 0 001.71-3L13.71 3.86a2 2 0 00-3.42 0z\"\/><line x1=\"12\" y1=\"9\" x2=\"12\" y2=\"13\"\/><circle cx=\"12\" cy=\"17\" r=\"1\" fill=\"currentColor\" stroke=\"none\"\/><\/svg><\/div><div class=\"h2n-alert__content\">Certifique-se de que os historicos de maos sao salvos em <strong>ingles<\/strong> \u2014 caso contrario, a importacao no Hand2Note nao funcionara.<\/div><\/div>\n\n\n<p>Alem do HUD, o Hand2Note oferece muitos recursos para melhorar seu jogo (analise de maos, relatorios, Pool Research e mais). Veja nosso artigo: <a href=\"https:\/\/hand2noteguide.com\/pt\/why-purchase-hand2note\/\" type=\"page\" id=\"2285\">por que vale a pena comprar uma licenca Hand2Note<\/a>. Observe que HUD posicional e dinamico sao proibidos no PokerStars, mas os demais recursos seguem disponiveis.<\/p>\n\n\n\n<h2 class=\"wp-block-heading\">StarsCaption \u2b50<\/h2>\n\n\n\n<p style=\"margin-top:24px\"><a class=\"article-action-link\" target=\"_blank\" href=\"https:\/\/hand2noteguide.com\/pt\/starscaption\/\" rel=\"noopener\">Ir para a p\u00e1gina do StarsCaption<\/a><\/p>\n\n\n\n<p><a href=\"https:\/\/hand2noteguide.com\/pt\/starscaption\/\">StarsCaption<\/a> e um software assistente para jogar no PokerStars com mais conforto. Com o HUD do StarsCaption, voce tem informacoes importantes da mao atual, como:<\/p>\n\n\n\n<ul class=\"wp-block-list\">\n<li><a href=\"https:\/\/hand2noteguide.com\/pt\/poker\/poker-positions\/\">Nomes de posicao dos jogadores<\/a><\/li>\n\n\n\n<li>Historico da mao (sequencia de <a href=\"https:\/\/hand2noteguide.com\/pt\/poker\/poker-actions\/\">acoes<\/a> dos oponentes em todas as streets)<\/li>\n\n\n\n<li>Seus <a href=\"https:\/\/hand2noteguide.com\/pt\/poker\/free-poker-tools\/pot-odds-calculator\/\">Pot Odds<\/a><\/li>\n\n\n\n<li>Numero de jogadores ainda na mao<\/li>\n\n\n\n<li>Sua <a href=\"https:\/\/hand2noteguide.com\/pt\/poker\/poker-bluff\/\">Bluff Equity<\/a><\/li>\n\n\n\n<li>E muito mais.<\/li>\n<\/ul>\n\n\n\n<figure class=\"wp-block-image size-full\"><img loading=\"lazy\" decoding=\"async\" width=\"808\" height=\"557\" src=\"http:\/\/hand2noteguide.com\/wp-content\/uploads\/2024\/05\/starscaption-0-table-min.png\" alt=\"Starscaption Real Table Example\" class=\"wp-image-6685\" srcset=\"https:\/\/hand2noteguide.com\/wp-content\/uploads\/2024\/05\/starscaption-0-table-min.png 808w, https:\/\/hand2noteguide.com\/wp-content\/uploads\/2024\/05\/starscaption-0-table-min-300x207.png 300w, https:\/\/hand2noteguide.com\/wp-content\/uploads\/2024\/05\/starscaption-0-table-min-768x529.png 768w, https:\/\/hand2noteguide.com\/wp-content\/uploads\/2024\/05\/starscaption-0-table-min-772x532.png 772w, https:\/\/hand2noteguide.com\/wp-content\/uploads\/2024\/05\/starscaption-0-table-min-624x430.png 624w\" sizes=\"auto, (max-width: 808px) 100vw, 808px\" \/><figcaption class=\"wp-element-caption\">Usando StarsCaption no PokerStars. Veja stacks em BB, nomes de posicao e info adicional na mesa.<\/figcaption><\/figure>\n\n\n\n<p>Enquanto o Hand2Note mostra estatisticas dos adversarios, o StarsCaption ajuda voce com o restante. Nao precisa calcular odds manualmente nem lembrar das acoes da street anterior (muito util em multi-tabling). Tudo fica visivel na mesa com o HUD do StarsCaption.<\/p>\n\n\n\n<p>Alem do HUD, o StarsCaption oferece varios outros recursos para melhorar sua experiencia no PokerStars. Veja a <a href=\"https:\/\/hand2noteguide.com\/pt\/starscaption\/\">pagina do StarsCaption<\/a>.<\/p>\n\n\n\n<h3 class=\"wp-block-heading\">StarsCaption e permitido no PokerStars?<\/h3>\n\n\n\n<p>Sim, StarsCaption esta na lista oficial de softwares permitidos.<\/p>\n\n\n\n<figure class=\"wp-block-image size-large\"><img loading=\"lazy\" decoding=\"async\" width=\"1024\" height=\"513\" src=\"https:\/\/hand2noteguide.com\/wp-content\/uploads\/2024\/05\/starscaption-ps-approved-min-1024x513.png\" alt=\"StarsCaption is permitted to use on PokerStars\" class=\"wp-image-6808\" srcset=\"https:\/\/hand2noteguide.com\/wp-content\/uploads\/2024\/05\/starscaption-ps-approved-min-1024x513.png 1024w, https:\/\/hand2noteguide.com\/wp-content\/uploads\/2024\/05\/starscaption-ps-approved-min-300x150.png 300w, https:\/\/hand2noteguide.com\/wp-content\/uploads\/2024\/05\/starscaption-ps-approved-min-768x385.png 768w, https:\/\/hand2noteguide.com\/wp-content\/uploads\/2024\/05\/starscaption-ps-approved-min-1536x769.png 1536w, https:\/\/hand2noteguide.com\/wp-content\/uploads\/2024\/05\/starscaption-ps-approved-min-772x387.png 772w, https:\/\/hand2noteguide.com\/wp-content\/uploads\/2024\/05\/starscaption-ps-approved-min-624x313.png 624w, https:\/\/hand2noteguide.com\/wp-content\/uploads\/2024\/05\/starscaption-ps-approved-min.png 1841w\" sizes=\"auto, (max-width: 1024px) 100vw, 1024px\" \/><figcaption class=\"wp-element-caption\">StarsCaption e permitido no PokerStars<\/figcaption><\/figure>\n\n\n\n<h2 class=\"wp-block-heading\">Conclusao<\/h2>\n\n\n\n<p>Escolher o HUD certo pode elevar muito seu jogo no PokerStars. O software ideal deve ser fluido, poderoso e compativel com a politica da sala. Nossas duas melhores escolhas sao Hand2Note e <a href=\"https:\/\/hand2noteguide.com\/pt\/starscaption\/\">StarsCaption<\/a>. Usando os dois juntos, voce tem uma das melhores solucoes de HUD para PokerStars.<\/p>\n","protected":false},"excerpt":{"rendered":"<p>PokerStars e uma das principais salas de poker online do mundo, com: Por isso, voce precisa ter cuidado ao escolher um HUD de poker para essa sala. O software ideal deve oferecer recursos avancados para gerar vantagem e, ao mesmo tempo, seguir todas as regras da sala. PokerStars permite HUD? Sim, com algumas restricoes. De &hellip; <a href=\"https:\/\/hand2noteguide.com\/pt\/pokerstars-hud\/\" class=\"more-link\">Continue reading <span class=\"screen-reader-text\">Melhores Op\u00e7\u00f5es de HUD para PokerStars &#8211; Comece a Usar HUD Agora<\/span><\/a><\/p>\n","protected":false},"author":1,"featured_media":6826,"parent":0,"menu_order":0,"comment_status":"closed","ping_status":"closed","template":"","meta":{"footnotes":""},"class_list":["post-2465","page","type-page","status-publish","has-post-thumbnail","hentry"],"translation":{"provider":"WPGlobus","version":"3.0.2","language":"pt","enabled_languages":["en","ru","pt","zh","es","fr","de","it","ja"],"languages":{"en":{"title":true,"content":true,"excerpt":false},"ru":{"title":true,"content":true,"excerpt":false},"pt":{"title":true,"content":true,"excerpt":false},"zh":{"title":true,"content":true,"excerpt":false},"es":{"title":true,"content":true,"excerpt":false},"fr":{"title":true,"content":true,"excerpt":false},"de":{"title":true,"content":true,"excerpt":false},"it":{"title":true,"content":true,"excerpt":false},"ja":{"title":true,"content":true,"excerpt":false}}},"yoast_head":"<!-- This site is optimized with the Yoast SEO plugin v27.0 - https:\/\/yoast.com\/product\/yoast-seo-wordpress\/ -->\n<title>2 Melhores Op\u00e7\u00f5es de HUD para PokerStars: Comece a Usar Agora<\/title>\n<meta name=\"description\" content=\"Hand2Note e StarsCaption s\u00e3o as escolhas ideais de HUD para PokerStars. Aprenda as principais caracter\u00edsticas e passos simples para a instala\u00e7\u00e3o em nosso artigo.\" \/>\n<meta name=\"robots\" content=\"index, follow, max-snippet:-1, max-image-preview:large, max-video-preview:-1\" \/>\n<link rel=\"canonical\" href=\"https:\/\/hand2noteguide.com\/pokerstars-hud\/\" \/>\n<meta property=\"og:locale\" content=\"pt_PT\" \/>\n<meta property=\"og:type\" content=\"article\" \/>\n<meta property=\"og:title\" content=\"2 Melhores Op\u00e7\u00f5es de HUD para PokerStars: Comece a Usar Agora\" \/>\n<meta property=\"og:description\" content=\"Hand2Note e StarsCaption s\u00e3o as escolhas ideais de HUD para PokerStars. Aprenda as principais caracter\u00edsticas e passos simples para a instala\u00e7\u00e3o em nosso artigo.\" \/>\n<meta property=\"og:url\" content=\"https:\/\/hand2noteguide.com\/pokerstars-hud\/\" \/>\n<meta property=\"og:site_name\" content=\"Hand2Note Guide\" \/>\n<meta property=\"article:modified_time\" content=\"2026-03-10T13:42:42+00:00\" \/>\n<meta property=\"og:image\" content=\"https:\/\/hand2noteguide.com\/wp-content\/uploads\/2024\/05\/pokerstars-hud-min.png\" \/>\n\t<meta property=\"og:image:width\" content=\"905\" \/>\n\t<meta property=\"og:image:height\" content=\"623\" \/>\n\t<meta property=\"og:image:type\" content=\"image\/png\" \/>\n<meta name=\"twitter:card\" content=\"summary_large_image\" \/>\n<meta name=\"twitter:label1\" content=\"Est. reading time\" \/>\n\t<meta name=\"twitter:data1\" content=\"8 minutes\" \/>\n<!-- \/ Yoast SEO plugin. -->","yoast_head_json":{"title":"2 Melhores Op\u00e7\u00f5es de HUD para PokerStars: Comece a Usar Agora","description":"Hand2Note e StarsCaption s\u00e3o as escolhas ideais de HUD para PokerStars. Aprenda as principais caracter\u00edsticas e passos simples para a instala\u00e7\u00e3o em nosso artigo.","robots":{"index":"index","follow":"follow","max-snippet":"max-snippet:-1","max-image-preview":"max-image-preview:large","max-video-preview":"max-video-preview:-1"},"canonical":"https:\/\/hand2noteguide.com\/pokerstars-hud\/","og_locale":"pt_PT","og_type":"article","og_title":"2 Melhores Op\u00e7\u00f5es de HUD para PokerStars: Comece a Usar Agora","og_description":"Hand2Note e StarsCaption s\u00e3o as escolhas ideais de HUD para PokerStars. Aprenda as principais caracter\u00edsticas e passos simples para a instala\u00e7\u00e3o em nosso artigo.","og_url":"https:\/\/hand2noteguide.com\/pokerstars-hud\/","og_site_name":"Hand2Note Guide","article_modified_time":"2026-03-10T13:42:42+00:00","og_image":[{"width":905,"height":623,"url":"https:\/\/hand2noteguide.com\/wp-content\/uploads\/2024\/05\/pokerstars-hud-min.png","type":"image\/png"}],"twitter_card":"summary_large_image","twitter_misc":{"Est. reading time":"8 minutes"},"schema":{"@context":"https:\/\/schema.org","@graph":[]}},"jetpack_sharing_enabled":true,"_links":{"self":[{"href":"https:\/\/hand2noteguide.com\/pt\/wp-json\/wp\/v2\/pages\/2465","targetHints":{"allow":["GET"]}}],"collection":[{"href":"https:\/\/hand2noteguide.com\/pt\/wp-json\/wp\/v2\/pages"}],"about":[{"href":"https:\/\/hand2noteguide.com\/pt\/wp-json\/wp\/v2\/types\/page"}],"author":[{"embeddable":true,"href":"https:\/\/hand2noteguide.com\/pt\/wp-json\/wp\/v2\/users\/1"}],"replies":[{"embeddable":true,"href":"https:\/\/hand2noteguide.com\/pt\/wp-json\/wp\/v2\/comments?post=2465"}],"version-history":[{"count":78,"href":"https:\/\/hand2noteguide.com\/pt\/wp-json\/wp\/v2\/pages\/2465\/revisions"}],"predecessor-version":[{"id":15551,"href":"https:\/\/hand2noteguide.com\/pt\/wp-json\/wp\/v2\/pages\/2465\/revisions\/15551"}],"wp:featuredmedia":[{"embeddable":true,"href":"https:\/\/hand2noteguide.com\/pt\/wp-json\/wp\/v2\/media\/6826"}],"wp:attachment":[{"href":"https:\/\/hand2noteguide.com\/pt\/wp-json\/wp\/v2\/media?parent=2465"}],"curies":[{"name":"wp","href":"https:\/\/api.w.org\/{rel}","templated":true}]}}