{"id":256,"date":"2018-08-02T17:08:05","date_gmt":"2018-08-02T14:08:05","guid":{"rendered":"https:\/\/h2n312.wordpress.com\/?page_id=256"},"modified":"2025-06-04T19:04:30","modified_gmt":"2025-06-04T16:04:30","slug":"moving-hud-and-settings","status":"publish","type":"page","link":"https:\/\/hand2noteguide.com\/pt\/guide\/moving-hud-and-settings\/","title":{"rendered":"Movendo o HUD e configura\u00e7\u00f5es"},"content":{"rendered":"<p>Todo o <a href=\"https:\/\/hand2noteguide.com\/pt\/guide\/hud\/\">HUD e popups<\/a> utilizados, assim como as configura\u00e7\u00f5es do usu\u00e1rio, s\u00e3o armazenados na pasta <em>Config<\/em> no diret\u00f3rio de instala\u00e7\u00e3o do Hand2Note (<em>C:\/Program Files\/Hand2Note\/<\/em> por padr\u00e3o).<\/p>\n<p><img loading=\"lazy\" decoding=\"async\" class=\"alignnone size-full wp-image-939\" src=\"https:\/\/hand2noteguide.com\/wp-content\/uploads\/2019\/05\/hand2note-config-folder.png\" alt=\"hand2note config folder\" width=\"1037\" height=\"735\" srcset=\"https:\/\/hand2noteguide.com\/wp-content\/uploads\/2019\/05\/hand2note-config-folder.png 1037w, https:\/\/hand2noteguide.com\/wp-content\/uploads\/2019\/05\/hand2note-config-folder-300x213.png 300w, https:\/\/hand2noteguide.com\/wp-content\/uploads\/2019\/05\/hand2note-config-folder-768x544.png 768w, https:\/\/hand2noteguide.com\/wp-content\/uploads\/2019\/05\/hand2note-config-folder-1024x726.png 1024w, https:\/\/hand2noteguide.com\/wp-content\/uploads\/2019\/05\/hand2note-config-folder-772x547.png 772w, https:\/\/hand2noteguide.com\/wp-content\/uploads\/2019\/05\/hand2note-config-folder-624x442.png 624w\" sizes=\"auto, (max-width: 1037px) 100vw, 1037px\" \/><\/p>\n<p>Se voc\u00ea precisar salvar as configura\u00e7\u00f5es antes de <a href=\"https:\/\/hand2noteguide.com\/pt\/issues-resolving\/reinstall\/\">desinstalar o Hand2Note<\/a>, basta fazer uma c\u00f3pia da pasta <em>Config<\/em> e guard\u00e1-la em um local seguro.<\/p>\n<p>Se voc\u00ea quiser compartilhar seus HUDs ou configura\u00e7\u00f5es com um amigo ou transferi-los para outro dispositivo, tamb\u00e9m \u00e9 suficiente fazer uma c\u00f3pia da pasta <em>Config<\/em> e coloc\u00e1-la no diret\u00f3rio de instala\u00e7\u00e3o do Hand2Note em outro computador.<\/p>\n<p>Veja tamb\u00e9m:<\/p>\n<ul>\n<li><a href=\"https:\/\/hand2noteguide.com\/pt\/guide\/database\/move-database-to-another-pc\/\">Movendo banco de dados<\/a><\/li>\n<li><a href=\"https:\/\/hand2noteguide.com\/pt\/guide\/where-are-notes-stored\/\">Movendo notas<\/a><\/li>\n<li><a href=\"https:\/\/hand2noteguide.com\/pt\/guide\/moving-marked-hands\/\">Movendo m\u00e3os marcadas<\/a><\/li>\n<\/ul>\n","protected":false},"excerpt":{"rendered":"<p>Todo o HUD e popups utilizados, assim como as configura\u00e7\u00f5es do usu\u00e1rio, s\u00e3o armazenados na pasta Config no diret\u00f3rio de instala\u00e7\u00e3o do Hand2Note (C:\/Program Files\/Hand2Note\/ por padr\u00e3o). Se voc\u00ea precisar salvar as configura\u00e7\u00f5es antes de desinstalar o Hand2Note, basta fazer uma c\u00f3pia da pasta Config e guard\u00e1-la em um local seguro. Se voc\u00ea quiser compartilhar &hellip; <a href=\"https:\/\/hand2noteguide.com\/pt\/guide\/moving-hud-and-settings\/\" class=\"more-link\">Continue reading <span class=\"screen-reader-text\">Movendo o HUD e configura\u00e7\u00f5es<\/span><\/a><\/p>\n","protected":false},"author":1,"featured_media":0,"parent":74,"menu_order":0,"comment_status":"closed","ping_status":"closed","template":"page-templates\/full-width-page.php","meta":{"footnotes":""},"class_list":["post-256","page","type-page","status-publish","hentry"],"translation":{"provider":"WPGlobus","version":"3.0.2","language":"pt","enabled_languages":["en","ru","pt","zh","es","fr","de","it","ja"],"languages":{"en":{"title":true,"content":true,"excerpt":false},"ru":{"title":true,"content":true,"excerpt":false},"pt":{"title":true,"content":true,"excerpt":false},"zh":{"title":true,"content":true,"excerpt":false},"es":{"title":true,"content":true,"excerpt":false},"fr":{"title":true,"content":true,"excerpt":false},"de":{"title":true,"content":true,"excerpt":false},"it":{"title":true,"content":true,"excerpt":false},"ja":{"title":true,"content":true,"excerpt":false}}},"yoast_head":"<!-- This site is optimized with the Yoast SEO plugin v27.0 - https:\/\/yoast.com\/product\/yoast-seo-wordpress\/ -->\n<title>Como Mover HUD e Configura\u00e7\u00f5es no Hand2Note Facilmente<\/title>\n<meta name=\"description\" content=\"Aprenda como mover facilmente seu HUD e configura\u00e7\u00f5es no Hand2Note. Siga nosso guia passo a passo para salvar, compartilhar ou transferir suas configura\u00e7\u00f5es com seguran\u00e7a.\" \/>\n<meta name=\"robots\" content=\"index, follow, max-snippet:-1, max-image-preview:large, max-video-preview:-1\" \/>\n<link rel=\"canonical\" href=\"https:\/\/hand2noteguide.com\/guide\/moving-hud-and-settings\/\" \/>\n<meta property=\"og:locale\" content=\"pt_PT\" \/>\n<meta property=\"og:type\" content=\"article\" \/>\n<meta property=\"og:title\" content=\"Como Mover HUD e Configura\u00e7\u00f5es no Hand2Note Facilmente\" \/>\n<meta property=\"og:description\" content=\"Aprenda como mover facilmente seu HUD e configura\u00e7\u00f5es no Hand2Note. Siga nosso guia passo a passo para salvar, compartilhar ou transferir suas configura\u00e7\u00f5es com seguran\u00e7a.\" \/>\n<meta property=\"og:url\" content=\"https:\/\/hand2noteguide.com\/guide\/moving-hud-and-settings\/\" \/>\n<meta property=\"og:site_name\" content=\"Hand2Note Guide\" \/>\n<meta property=\"article:modified_time\" content=\"2025-06-04T16:04:30+00:00\" \/>\n<meta property=\"og:image\" content=\"https:\/\/hand2noteguide.com\/wp-content\/uploads\/2018\/08\/hand2note-d0bfd0b0d0bfd0bad0b0-config.png\" \/>\n<meta name=\"twitter:card\" content=\"summary_large_image\" \/>\n<meta name=\"twitter:label1\" content=\"Est. reading time\" \/>\n\t<meta name=\"twitter:data1\" content=\"4 minutes\" \/>\n<!-- \/ Yoast SEO plugin. -->","yoast_head_json":{"title":"Como Mover HUD e Configura\u00e7\u00f5es no Hand2Note Facilmente","description":"Aprenda como mover facilmente seu HUD e configura\u00e7\u00f5es no Hand2Note. Siga nosso guia passo a passo para salvar, compartilhar ou transferir suas configura\u00e7\u00f5es com seguran\u00e7a.","robots":{"index":"index","follow":"follow","max-snippet":"max-snippet:-1","max-image-preview":"max-image-preview:large","max-video-preview":"max-video-preview:-1"},"canonical":"https:\/\/hand2noteguide.com\/guide\/moving-hud-and-settings\/","og_locale":"pt_PT","og_type":"article","og_title":"Como Mover HUD e Configura\u00e7\u00f5es no Hand2Note Facilmente","og_description":"Aprenda como mover facilmente seu HUD e configura\u00e7\u00f5es no Hand2Note. Siga nosso guia passo a passo para salvar, compartilhar ou transferir suas configura\u00e7\u00f5es com seguran\u00e7a.","og_url":"https:\/\/hand2noteguide.com\/guide\/moving-hud-and-settings\/","og_site_name":"Hand2Note Guide","article_modified_time":"2025-06-04T16:04:30+00:00","og_image":[{"url":"https:\/\/hand2noteguide.com\/wp-content\/uploads\/2018\/08\/hand2note-d0bfd0b0d0bfd0bad0b0-config.png","type":"","width":"","height":""}],"twitter_card":"summary_large_image","twitter_misc":{"Est. reading time":"4 minutes"},"schema":{"@context":"https:\/\/schema.org","@graph":[]}},"jetpack_sharing_enabled":false,"_links":{"self":[{"href":"https:\/\/hand2noteguide.com\/pt\/wp-json\/wp\/v2\/pages\/256","targetHints":{"allow":["GET"]}}],"collection":[{"href":"https:\/\/hand2noteguide.com\/pt\/wp-json\/wp\/v2\/pages"}],"about":[{"href":"https:\/\/hand2noteguide.com\/pt\/wp-json\/wp\/v2\/types\/page"}],"author":[{"embeddable":true,"href":"https:\/\/hand2noteguide.com\/pt\/wp-json\/wp\/v2\/users\/1"}],"replies":[{"embeddable":true,"href":"https:\/\/hand2noteguide.com\/pt\/wp-json\/wp\/v2\/comments?post=256"}],"version-history":[{"count":12,"href":"https:\/\/hand2noteguide.com\/pt\/wp-json\/wp\/v2\/pages\/256\/revisions"}],"predecessor-version":[{"id":13541,"href":"https:\/\/hand2noteguide.com\/pt\/wp-json\/wp\/v2\/pages\/256\/revisions\/13541"}],"up":[{"embeddable":true,"href":"https:\/\/hand2noteguide.com\/pt\/wp-json\/wp\/v2\/pages\/74"}],"wp:attachment":[{"href":"https:\/\/hand2noteguide.com\/pt\/wp-json\/wp\/v2\/media?parent=256"}],"curies":[{"name":"wp","href":"https:\/\/api.w.org\/{rel}","templated":true}]}}