{"id":263,"date":"2018-08-02T19:02:40","date_gmt":"2018-08-02T16:02:40","guid":{"rendered":"https:\/\/h2n312.wordpress.com\/?page_id=263"},"modified":"2025-06-04T19:03:46","modified_gmt":"2025-06-04T16:03:46","slug":"moving-marked-hands","status":"publish","type":"page","link":"https:\/\/hand2noteguide.com\/pt\/guide\/moving-marked-hands\/","title":{"rendered":"Movendo m\u00e3os marcadas"},"content":{"rendered":"<p>Hand2Note salva <a href=\"https:\/\/hand2noteguide.com\/pt\/guide\/how-to-mark-hands\/\">m\u00e3os marcadas<\/a> separadamente do <a href=\"https:\/\/hand2noteguide.com\/pt\/guide\/database\/\">banco de dados<\/a> na pasta <em>MarkedHands<\/em> no diret\u00f3rio de instala\u00e7\u00e3o (<em>C:\/Program Files\/Hand2Note\/<\/em> por padr\u00e3o).<\/p>\n<p><img loading=\"lazy\" decoding=\"async\" class=\"alignnone size-full wp-image-935\" src=\"https:\/\/hand2noteguide.com\/wp-content\/uploads\/2019\/05\/hand2note-marked-hands-folder.png\" alt=\"hand2note marked hands folder\" width=\"1016\" height=\"731\" srcset=\"https:\/\/hand2noteguide.com\/wp-content\/uploads\/2019\/05\/hand2note-marked-hands-folder.png 1016w, https:\/\/hand2noteguide.com\/wp-content\/uploads\/2019\/05\/hand2note-marked-hands-folder-300x216.png 300w, https:\/\/hand2noteguide.com\/wp-content\/uploads\/2019\/05\/hand2note-marked-hands-folder-768x553.png 768w, https:\/\/hand2noteguide.com\/wp-content\/uploads\/2019\/05\/hand2note-marked-hands-folder-772x555.png 772w, https:\/\/hand2noteguide.com\/wp-content\/uploads\/2019\/05\/hand2note-marked-hands-folder-624x449.png 624w\" sizes=\"auto, (max-width: 1016px) 100vw, 1016px\" \/><\/p>\n<p>Voc\u00ea pode facilmente salvar e mover as m\u00e3os marcadas para outro computador simplesmente copiando a pasta mencionada.<\/p>\n","protected":false},"excerpt":{"rendered":"<p>Hand2Note salva m\u00e3os marcadas separadamente do banco de dados na pasta MarkedHands no diret\u00f3rio de instala\u00e7\u00e3o (C:\/Program Files\/Hand2Note\/ por padr\u00e3o). Voc\u00ea pode facilmente salvar e mover as m\u00e3os marcadas para outro computador simplesmente copiando a pasta mencionada.<\/p>\n","protected":false},"author":1,"featured_media":0,"parent":74,"menu_order":0,"comment_status":"closed","ping_status":"closed","template":"page-templates\/full-width-page.php","meta":{"footnotes":""},"class_list":["post-263","page","type-page","status-publish","hentry"],"translation":{"provider":"WPGlobus","version":"3.0.2","language":"pt","enabled_languages":["en","ru","pt","zh","es","fr","de","it","ja"],"languages":{"en":{"title":true,"content":true,"excerpt":false},"ru":{"title":true,"content":true,"excerpt":false},"pt":{"title":true,"content":true,"excerpt":false},"zh":{"title":true,"content":true,"excerpt":false},"es":{"title":true,"content":true,"excerpt":false},"fr":{"title":true,"content":true,"excerpt":false},"de":{"title":true,"content":true,"excerpt":false},"it":{"title":true,"content":true,"excerpt":false},"ja":{"title":true,"content":true,"excerpt":false}}},"yoast_head":"<!-- This site is optimized with the Yoast SEO plugin v27.0 - https:\/\/yoast.com\/product\/yoast-seo-wordpress\/ -->\n<title>Como Mover Facilmente M\u00e3os Marcadas no Hand2Note<\/title>\n<meta name=\"description\" content=\"Aprenda a salvar e transferir m\u00e3os marcadas no Hand2Note sem esfor\u00e7o. Siga nosso guia para mover seus dados com seguran\u00e7a entre computadores.\" \/>\n<meta name=\"robots\" content=\"index, follow, max-snippet:-1, max-image-preview:large, max-video-preview:-1\" \/>\n<link rel=\"canonical\" href=\"https:\/\/hand2noteguide.com\/guide\/moving-marked-hands\/\" \/>\n<meta property=\"og:locale\" content=\"pt_PT\" \/>\n<meta property=\"og:type\" content=\"article\" \/>\n<meta property=\"og:title\" content=\"Como Mover Facilmente M\u00e3os Marcadas no Hand2Note\" \/>\n<meta property=\"og:description\" content=\"Aprenda a salvar e transferir m\u00e3os marcadas no Hand2Note sem esfor\u00e7o. Siga nosso guia para mover seus dados com seguran\u00e7a entre computadores.\" \/>\n<meta property=\"og:url\" content=\"https:\/\/hand2noteguide.com\/guide\/moving-marked-hands\/\" \/>\n<meta property=\"og:site_name\" content=\"Hand2Note Guide\" \/>\n<meta property=\"article:modified_time\" content=\"2025-06-04T16:03:46+00:00\" \/>\n<meta property=\"og:image\" content=\"https:\/\/hand2noteguide.com\/wp-content\/uploads\/2018\/08\/hand2note-d0bfd0b0d0bfd0bad0b0-markedhands1.png\" \/>\n<meta name=\"twitter:card\" content=\"summary_large_image\" \/>\n<meta name=\"twitter:label1\" content=\"Est. reading time\" \/>\n\t<meta name=\"twitter:data1\" content=\"2 minutes\" \/>\n<!-- \/ Yoast SEO plugin. -->","yoast_head_json":{"title":"Como Mover Facilmente M\u00e3os Marcadas no Hand2Note","description":"Aprenda a salvar e transferir m\u00e3os marcadas no Hand2Note sem esfor\u00e7o. Siga nosso guia para mover seus dados com seguran\u00e7a entre computadores.","robots":{"index":"index","follow":"follow","max-snippet":"max-snippet:-1","max-image-preview":"max-image-preview:large","max-video-preview":"max-video-preview:-1"},"canonical":"https:\/\/hand2noteguide.com\/guide\/moving-marked-hands\/","og_locale":"pt_PT","og_type":"article","og_title":"Como Mover Facilmente M\u00e3os Marcadas no Hand2Note","og_description":"Aprenda a salvar e transferir m\u00e3os marcadas no Hand2Note sem esfor\u00e7o. Siga nosso guia para mover seus dados com seguran\u00e7a entre computadores.","og_url":"https:\/\/hand2noteguide.com\/guide\/moving-marked-hands\/","og_site_name":"Hand2Note Guide","article_modified_time":"2025-06-04T16:03:46+00:00","og_image":[{"url":"https:\/\/hand2noteguide.com\/wp-content\/uploads\/2018\/08\/hand2note-d0bfd0b0d0bfd0bad0b0-markedhands1.png","type":"","width":"","height":""}],"twitter_card":"summary_large_image","twitter_misc":{"Est. reading time":"2 minutes"},"schema":{"@context":"https:\/\/schema.org","@graph":[]}},"jetpack_sharing_enabled":false,"_links":{"self":[{"href":"https:\/\/hand2noteguide.com\/pt\/wp-json\/wp\/v2\/pages\/263","targetHints":{"allow":["GET"]}}],"collection":[{"href":"https:\/\/hand2noteguide.com\/pt\/wp-json\/wp\/v2\/pages"}],"about":[{"href":"https:\/\/hand2noteguide.com\/pt\/wp-json\/wp\/v2\/types\/page"}],"author":[{"embeddable":true,"href":"https:\/\/hand2noteguide.com\/pt\/wp-json\/wp\/v2\/users\/1"}],"replies":[{"embeddable":true,"href":"https:\/\/hand2noteguide.com\/pt\/wp-json\/wp\/v2\/comments?post=263"}],"version-history":[{"count":16,"href":"https:\/\/hand2noteguide.com\/pt\/wp-json\/wp\/v2\/pages\/263\/revisions"}],"predecessor-version":[{"id":13540,"href":"https:\/\/hand2noteguide.com\/pt\/wp-json\/wp\/v2\/pages\/263\/revisions\/13540"}],"up":[{"embeddable":true,"href":"https:\/\/hand2noteguide.com\/pt\/wp-json\/wp\/v2\/pages\/74"}],"wp:attachment":[{"href":"https:\/\/hand2noteguide.com\/pt\/wp-json\/wp\/v2\/media?parent=263"}],"curies":[{"name":"wp","href":"https:\/\/api.w.org\/{rel}","templated":true}]}}