{"id":2853,"date":"2020-07-07T20:51:39","date_gmt":"2020-07-07T17:51:39","guid":{"rendered":"http:\/\/hand2noteguide.com\/?page_id=2853"},"modified":"2026-02-22T15:24:12","modified_gmt":"2026-02-22T12:24:12","slug":"best-poker-tracker-software","status":"publish","type":"page","link":"https:\/\/hand2noteguide.com\/pt\/best-poker-tracker-software\/","title":{"rendered":"O melhor software de rastreamento de poker: Hand2Note vs HM3 &amp; PT4"},"content":{"rendered":"\n<p><a href=\"https:\/\/hand2note.com\/\" target=\"_blank\" aria-label=\"undefined (opens in a new tab)\" rel=\"noreferrer noopener\">Hand2Note<\/a> \u00e9 o l\u00edder indiscut\u00edvel entre todos os trackers de poker do mercado. Com o lan\u00e7amento do <strong>Hand2Note 4<\/strong>, a dist\u00e2ncia entre o H2N e alternativas mais antigas como Holdem Manager 3 ou PokerTracker 4 ficou ainda maior. N\u00e3o se trata apenas de uma atualiza\u00e7\u00e3o incremental \u2014 \u00e9 um produto completamente reconstru\u00eddo com relat\u00f3rios avan\u00e7ados, an\u00e1lise interativa e desempenho drasticamente melhorado. Voc\u00ea tamb\u00e9m encontrar\u00e1 o H2N em praticamente qualquer <a href=\"https:\/\/hand2noteguide.com\/pt\/poker\/5-best-online-poker-software\/\">ranking dos melhores softwares de poker<\/a>.<\/p>\n\n\n\n<p>Vamos analisar exatamente por que o Hand2Note \u00e9 o melhor tracker de poker dispon\u00edvel atualmente \u2014 e o que torna a vers\u00e3o 4 uma verdadeira revolu\u00e7\u00e3o.<\/p>\n\n\n\n<h2 class=\"wp-block-heading\">1. O que h\u00e1 de novo no Hand2Note 4<\/h2>\n\n\n\n<p>O Hand2Note 4 foi reconstru\u00eddo do zero ao longo de tr\u00eas anos de desenvolvimento \u2014 e o resultado \u00e9 uma ferramenta dramaticamente mais poderosa.<\/p>\n\n\n\n<figure class=\"wp-block-image size-large\"><img loading=\"lazy\" decoding=\"async\" width=\"1024\" height=\"705\" src=\"https:\/\/hand2noteguide.com\/wp-content\/uploads\/2025\/04\/hand2note4-new-min-1024x705.png\" alt=\"Hand2Note 4 \u2014 software tracker de poker\" class=\"wp-image-9780\" srcset=\"https:\/\/hand2noteguide.com\/wp-content\/uploads\/2025\/04\/hand2note4-new-min-1024x705.png 1024w, https:\/\/hand2noteguide.com\/wp-content\/uploads\/2025\/04\/hand2note4-new-min-300x207.png 300w, https:\/\/hand2noteguide.com\/wp-content\/uploads\/2025\/04\/hand2note4-new-min-768x529.png 768w, https:\/\/hand2noteguide.com\/wp-content\/uploads\/2025\/04\/hand2note4-new-min-1536x1058.png 1536w, https:\/\/hand2noteguide.com\/wp-content\/uploads\/2025\/04\/hand2note4-new-min-2048x1411.png 2048w, https:\/\/hand2noteguide.com\/wp-content\/uploads\/2025\/04\/hand2note4-new-min-772x532.png 772w, https:\/\/hand2noteguide.com\/wp-content\/uploads\/2025\/04\/hand2note4-new-min-624x430.png 624w\" sizes=\"auto, (max-width: 1024px) 100vw, 1024px\" \/><figcaption class=\"wp-element-caption\">Hand2Note 4 \u2014 melhor software tracker de poker<\/figcaption><\/figure>\n\n\n\n<p>Aqui est\u00e3o as principais melhorias em compara\u00e7\u00e3o com a vers\u00e3o anterior:<\/p>\n\n\n\n<ul class=\"wp-block-list\">\n<li><strong><a href=\"https:\/\/hand2noteguide.com\/pt\/user-manual\/hand2note-report-menu\/\">Smart Reports<\/a><\/strong> \u2014 o software exibe automaticamente as estat\u00edsticas mais relevantes para qualquer filtro aplicado. Selecione o filtro Continuation Bet Flop, e o H2N4 mostra instantaneamente as rea\u00e7\u00f5es dos oponentes, frequ\u00eancias de barrel e muito mais.<\/li>\n\n\n\n<li><strong>Interactive Reports<\/strong> \u2014 clique em qualquer estat\u00edstica para acessar um sub-relat\u00f3rio detalhado. Isso permite encadear relat\u00f3rios e explorar as tend\u00eancias dos oponentes em tempo real.<\/li>\n\n\n\n<li><strong><a href=\"https:\/\/hand2noteguide.com\/pt\/user-manual\/creating-a-simple-stat-continued-bet-on-the-river-in-a-3bet-pot-position\/\">Custom Filters<\/a><\/strong> \u2014 crie seus pr\u00f3prios filtros para qualquer cen\u00e1rio que deseja estudar (por exemplo, todos os spots onde o oponente faz c-bet de metade do pote).<\/li>\n\n\n\n<li><strong>Banco de dados 50% menor<\/strong> \u2014 atualiza\u00e7\u00f5es recentes reduziram o tamanho do banco de dados pela metade, com op\u00e7\u00f5es para excluir arquivos de hist\u00f3rico de m\u00e3os ou relat\u00f3rios do armazenamento, acelerando a constru\u00e7\u00e3o de estat\u00edsticas em 2\u20133x.<\/li>\n\n\n\n<li><strong>Replayer de m\u00e3os redesenhado<\/strong> \u2014 interface mais limpa com op\u00e7\u00e3o de modo smartphone.<\/li>\n\n\n\n<li><strong><a href=\"https:\/\/hand2noteguide.com\/pt\/user-manual\/the-multiple-players-tool-in-hand2note-range-research\/\">Multi-Player Reports<\/a><\/strong> \u2014 a ferramenta Range Research foi renomeada e aprimorada, tornando a an\u00e1lise do pool de jogadores mais r\u00e1pida e intuitiva.<\/li>\n\n\n\n<li><strong>Suporte a 6-Card Omaha e bomb pot<\/strong> \u2014 cobertura expandida de tipos de jogo.<\/li>\n\n\n\n<li><strong>Rastreamento de mesas an\u00f4nimas<\/strong> \u2014 IDs \u00fanicos de jogadores para coleta de estat\u00edsticas em mesas an\u00f4nimas.<\/li>\n<\/ul>\n\n\n\n<p>O Hand2Note 4 est\u00e1 em total conformidade com os termos e condi\u00e7\u00f5es do PokerStars e est\u00e1 dispon\u00edvel em v\u00e1rios idiomas, incluindo ingl\u00eas, russo, chin\u00eas, espanhol e portugu\u00eas.<\/p>\n\n\n\n<h2 class=\"wp-block-heading\">2. HUD avan\u00e7ado<\/h2>\n\n\n\n<p>A principal fun\u00e7\u00e3o de qualquer tracker de poker \u00e9 o <a href=\"https:\/\/hand2noteguide.com\/pt\/poker\/poker-hud\/\">HUD de poker<\/a> \u2014 ele permite ver estat\u00edsticas em tempo real dos seus oponentes diretamente na mesa. Todo jogador de poker s\u00e9rio utiliza um HUD durante suas sess\u00f5es.<\/p>\n\n\n\n<figure class=\"wp-block-image size-large\"><img decoding=\"async\" src=\"https:\/\/hand2noteguide.com\/wp-content\/uploads\/2026\/02\/pppoker-hud-with-hand2note.webp\" alt=\"HUD para PPPoker com Hand2Note\" \/><figcaption class=\"wp-element-caption\">HUD do Hand2Note no PPPoker<\/figcaption><\/figure>\n\n\n\n<p>Se voc\u00ea j\u00e1 usou trackers mais antigos, conhece a experi\u00eancia t\u00edpica do HUD: um conjunto est\u00e1tico de n\u00fameros exibido para cada jogador o tempo todo. O Hand2Note leva isso a um n\u00edvel completamente diferente com op\u00e7\u00f5es de HUD posicional e din\u00e2mico. Isso significa que o HUD se adapta e mostra os dados mais relevantes para cada oponente dependendo de:<\/p>\n\n\n\n<ul class=\"wp-block-list\">\n<li><a href=\"https:\/\/hand2noteguide.com\/pt\/poker\/poker-positions\/\">posi\u00e7\u00e3o do jogador<\/a>;<\/li>\n\n\n\n<li>tamanho efetivo do stack;<\/li>\n\n\n\n<li>tamanho da amostra de m\u00e3os;<\/li>\n\n\n\n<li><a href=\"https:\/\/hand2noteguide.com\/pt\/poker\/poker-actions\/\">a\u00e7\u00e3o na m\u00e3o<\/a>;<\/li>\n\n\n\n<li>e muito mais.<\/li>\n<\/ul>\n\n\n\n<p>Al\u00e9m disso, o Hand2Note oferece funcionalidades exclusivas de HUD que nenhum outro tracker possui:<\/p>\n\n\n\n<ul class=\"wp-block-list\">\n<li><strong>HUD desde a primeira m\u00e3o<\/strong> \u2014 voc\u00ea obt\u00e9m dados imediatamente, sem esperar a constru\u00e7\u00e3o de uma amostra;<\/li>\n\n\n\n<li><strong>Last Showdown Indicator<\/strong> \u2014 veja instantaneamente o showdown mais recente de qualquer oponente;<\/li>\n\n\n\n<li><strong>Oculta\u00e7\u00e3o autom\u00e1tica no fold<\/strong> \u2014 o HUD desaparece quando voc\u00ea d\u00e1 fold, mantendo a mesa limpa;<\/li>\n\n\n\n<li><strong>Abas e atalhos do HUD<\/strong> \u2014 alterne entre pain\u00e9is de estat\u00edsticas sem abrir popups.<\/li>\n<\/ul>\n\n\n\n<p>Voc\u00ea pode ter milhares de estat\u00edsticas no seu HUD, mas ver apenas os dados mais relevantes para o spot atual e o tipo de oponente. Confira nossa <a href=\"https:\/\/hand2noteguide.com\/pt\/hud-store\/\">loja de HUDs<\/a> para obter a melhor op\u00e7\u00e3o de HUD para o Hand2Note.<\/p>\n\n\n\n<h2 class=\"wp-block-heading\">3. An\u00e1lise de banco de dados e relat\u00f3rios<\/h2>\n\n\n\n<p>O Hand2Note \u00e9 muito mais do que uma simples ferramenta de exibi\u00e7\u00e3o de HUD. Ele fornece instrumentos excepcionais para an\u00e1lise profunda do seu pr\u00f3prio jogo e das tend\u00eancias dos seus oponentes.<\/p>\n\n\n\n<figure class=\"wp-block-image size-large\"><img decoding=\"async\" src=\"https:\/\/hand2noteguide.com\/wp-content\/uploads\/2026\/02\/multi-player-report-h2n-scaled.webp\" alt=\"Funcionalidade Multi-Player Reports do Hand2Note\" \/><figcaption class=\"wp-element-caption\">Multi-Player Reports no Hand2Note 4<\/figcaption><\/figure>\n\n\n\n<p>Com os Smart Reports, Interactive Reports e Custom Filters do Hand2Note 4, a profundidade de an\u00e1lise \u00e9 incompar\u00e1vel. Voc\u00ea pode encontrar respostas para perguntas cruciais sobre seus oponentes:<\/p>\n\n\n\n<ul class=\"wp-block-list\">\n<li>Como eles constroem seus <a href=\"https:\/\/blog.freebetrange.com\/article\/poker-preflop-ranges-a-comprehensive-guide\" target=\"_blank\" aria-label=\"undefined (opens in a new tab)\" rel=\"noreferrer noopener\">ranges<\/a>?<\/li>\n\n\n\n<li>Em quais spots eles <a href=\"https:\/\/hand2noteguide.com\/pt\/poker\/poker-bluff\/\">blefam<\/a> demais ou de menos?<\/li>\n\n\n\n<li>Quais s\u00e3o as frequ\u00eancias de a\u00e7\u00f5es espec\u00edficas em diferentes texturas de board com diferentes sizings?<\/li>\n<\/ul>\n\n\n\n<p>Para aprender todas as funcionalidades do Hand2Note de forma r\u00e1pida e eficaz, confira nossa <a href=\"https:\/\/hand2noteguide.com\/pt\/training\/\">oferta de treinamento<\/a> ou nosso <a href=\"https:\/\/hand2noteguide.com\/pt\/video-course\/\">curso completo em v\u00eddeo do Hand2Note<\/a>.<\/p>\n\n\n\n<h2 class=\"wp-block-heading\">4. Velocidade e desempenho<\/h2>\n\n\n\n<p>O Hand2Note 4 \u00e9 constru\u00eddo sobre um motor otimizado que utiliza totalmente os processadores multi-core modernos e a mem\u00f3ria RAM. A diferen\u00e7a de velocidade em compara\u00e7\u00e3o com o PokerTracker 4 ou o Holdem Manager 3 \u00e9 dr\u00e1stica:<\/p>\n\n\n\n<ul class=\"wp-block-list\">\n<li><strong>Velocidade de importa\u00e7\u00e3o<\/strong> \u2014 classificada como &#8220;muito alta&#8221; em benchmarks, enquanto o PT4 \u00e9 classificado como &#8220;baixa&#8221; e o HM3 como &#8220;m\u00e9dia&#8221;.<\/li>\n\n\n\n<li><strong>Otimiza\u00e7\u00e3o do banco de dados<\/strong> \u2014 atualiza\u00e7\u00f5es recentes reduziram o tamanho do banco de dados em 50%, e a constru\u00e7\u00e3o de estat\u00edsticas ficou 2\u20133x mais r\u00e1pida com op\u00e7\u00f5es para excluir dados desnecess\u00e1rios do armazenamento.<\/li>\n\n\n\n<li><strong>Bancos de dados massivos<\/strong> \u2014 o Hand2Note lida tranquilamente com mais de 240 milh\u00f5es de m\u00e3os, enquanto trackers mais antigos frequentemente desaceleram significativamente com grandes volumes de dados.<\/li>\n\n\n\n<li><strong>Velocidade de relat\u00f3rios e popups<\/strong> \u2014 os relat\u00f3rios carregam rapidamente mesmo em bancos de dados grandes, e os popups abrem sem atraso percept\u00edvel.<\/li>\n<\/ul>\n\n\n\n<p>Ao mesmo tempo, o software \u00e9 bem otimizado e funciona suavemente mesmo em hardware modesto.<\/p>\n\n\n\n<figure class=\"wp-block-image size-large\"><img decoding=\"async\" src=\"https:\/\/hand2noteguide.com\/wp-content\/uploads\/2026\/01\/hand2note-import-speed.webp\" alt=\"Benchmark de velocidade de importa\u00e7\u00e3o do Hand2Note\" \/><figcaption class=\"wp-element-caption\">Velocidade de importa\u00e7\u00e3o do Hand2Note<\/figcaption><\/figure>\n\n\n\n<h2 class=\"wp-block-heading\">5. Mais de 50 salas de poker suportadas<\/h2>\n\n\n\n<p>O Hand2Note suporta mais de 50 sites e aplicativos de poker, incluindo todas as principais redes e muitas plataformas menos conhecidas. As principais salas suportadas com integra\u00e7\u00e3o nativa completa incluem PokerStars, PartyPoker, Winamax, iPoker, Winning Network e 888.<\/p>\n\n\n\n<p>Al\u00e9m disso, o Hand2Note oferece HUD e rastreamento para uma ampla gama de salas adicionais: <a href=\"https:\/\/hand2noteguide.com\/pt\/pokerstars-hud\/\">PokerStars<\/a>, <a href=\"https:\/\/hand2noteguide.com\/pt\/pokerbros-hud\/\">PokerBros<\/a>, Ignition, BetOnline, Chico, CoinPoker e dezenas de outras.<\/p>\n\n\n\n<p>Os tipos de jogo suportados incluem No Limit Hold&#8217;em, PLO, PLO5, 6-Card Omaha, Short Deck (6+), Limit, e formatos Cash e MTT, incluindo variantes Zoom\/fast-fold.<\/p>\n\n\n\n<h2 class=\"wp-block-heading\">6. Hand2Note vs PokerTracker 4 vs Holdem Manager 3<\/h2>\n\n\n\n<p>Veja como o Hand2Note se compara aos dois outros trackers de poker populares (baseado na <a href=\"https:\/\/hand2note.com\/Help\/hand2note-vs-other-tools\" target=\"_blank\" rel=\"noreferrer noopener\">compara\u00e7\u00e3o oficial<\/a>):<\/p>\n\n\n\n<figure class=\"wp-block-table is-style-stripes\"><table><thead><tr><th>Funcionalidade<\/th><th>Hand2Note 4<\/th><th>PokerTracker 4<\/th><th>Holdem Manager 3<\/th><\/tr><\/thead><tbody><tr><td><strong>HUD<\/strong><\/td><td>Posicional, din\u00e2mico, oculta\u00e7\u00e3o autom\u00e1tica, abas, atalhos<\/td><td>Apenas est\u00e1tico<\/td><td>Apenas est\u00e1tico<\/td><\/tr><tr><td><strong>HUD desde a primeira m\u00e3o<\/strong><\/td><td>Sim<\/td><td>N\u00e3o<\/td><td>N\u00e3o<\/td><\/tr><tr><td><strong>Smart Reports<\/strong><\/td><td>Sim<\/td><td>N\u00e3o<\/td><td>N\u00e3o<\/td><\/tr><tr><td><strong>Interactive Reports<\/strong><\/td><td>Sim<\/td><td>N\u00e3o<\/td><td>N\u00e3o<\/td><\/tr><tr><td><strong>Custom Filters<\/strong><\/td><td>Sim<\/td><td>N\u00e3o<\/td><td>N\u00e3o<\/td><\/tr><tr><td><strong>Visualiza\u00e7\u00e3o de ranges<\/strong><\/td><td>Preflop + postflop + mixing<\/td><td>N\u00e3o<\/td><td>Preflop + postflop via NoteCaddy (sem mixing)<\/td><\/tr><tr><td><strong>Distribui\u00e7\u00e3o de sizings<\/strong><\/td><td>Em cada estat\u00edstica<\/td><td>N\u00e3o<\/td><td>N\u00e3o<\/td><\/tr><tr><td><strong>Action Profit<\/strong><\/td><td>Sim<\/td><td>N\u00e3o<\/td><td>Via NoteCaddy<\/td><\/tr><tr><td><strong>Notas com m\u00e3os<\/strong><\/td><td>Sim \u2014 templates, m\u00e3os dentro das notas, notas nas estat\u00edsticas<\/td><td>Texto + notas autom\u00e1ticas<\/td><td>Texto + notas autom\u00e1ticas (via NoteCaddy)<\/td><\/tr><tr><td><strong>Velocidade de importa\u00e7\u00e3o<\/strong><\/td><td>Muito alta<\/td><td>Baixa<\/td><td>M\u00e9dia<\/td><\/tr><tr><td><strong>Desempenho de relat\u00f3rios<\/strong><\/td><td>Muito alto<\/td><td>Baixo<\/td><td>M\u00e9dio<\/td><\/tr><tr><td><strong>Salas suportadas<\/strong><\/td><td>50+<\/td><td>15+<\/td><td>15+<\/td><\/tr><tr><td><strong>Pre\u00e7o<\/strong><\/td><td>$49\/m\u00eas (anual) ou $62,50\/m\u00eas<\/td><td>$99,99 + ~$40\/ano para atualiza\u00e7\u00f5es<\/td><td>$100 + ~$60\/ano para atualiza\u00e7\u00f5es<\/td><\/tr><\/tbody><\/table><figcaption class=\"wp-element-caption\">Compara\u00e7\u00e3o Hand2Note vs PokerTracker 4 vs Holdem Manager 3<\/figcaption><\/figure>\n\n\n\n<p>Como a compara\u00e7\u00e3o mostra, o Hand2Note oferece um n\u00edvel de funcionalidade fundamentalmente diferente \u2014 desde Smart Reports e Interactive Reports at\u00e9 HUD posicional e visualiza\u00e7\u00e3o de ranges em tempo real. Se voc\u00ea leva o poker a s\u00e9rio, Hand2Note \u00e9 a escolha certa.<\/p>\n\n","protected":false},"excerpt":{"rendered":"<p>Hand2Note \u00e9 o l\u00edder indiscut\u00edvel entre todos os trackers de poker do mercado. Com o lan\u00e7amento do Hand2Note 4, a dist\u00e2ncia entre o H2N e alternativas mais antigas como Holdem Manager 3 ou PokerTracker 4 ficou ainda maior. N\u00e3o se trata apenas de uma atualiza\u00e7\u00e3o incremental \u2014 \u00e9 um produto completamente reconstru\u00eddo com relat\u00f3rios avan\u00e7ados, &hellip; <a href=\"https:\/\/hand2noteguide.com\/pt\/best-poker-tracker-software\/\" class=\"more-link\">Continue reading <span class=\"screen-reader-text\">O melhor software de rastreamento de poker: Hand2Note vs HM3 &amp; PT4<\/span><\/a><\/p>\n","protected":false},"author":1,"featured_media":15286,"parent":0,"menu_order":0,"comment_status":"closed","ping_status":"closed","template":"","meta":{"footnotes":""},"class_list":["post-2853","page","type-page","status-publish","has-post-thumbnail","hentry"],"translation":{"provider":"WPGlobus","version":"3.0.2","language":"pt","enabled_languages":["en","ru","pt","zh","es","fr","de","it","ja"],"languages":{"en":{"title":true,"content":true,"excerpt":false},"ru":{"title":true,"content":true,"excerpt":false},"pt":{"title":true,"content":true,"excerpt":false},"zh":{"title":true,"content":true,"excerpt":false},"es":{"title":true,"content":true,"excerpt":false},"fr":{"title":true,"content":true,"excerpt":false},"de":{"title":true,"content":true,"excerpt":false},"it":{"title":true,"content":true,"excerpt":false},"ja":{"title":true,"content":true,"excerpt":false}}},"yoast_head":"<!-- This site is optimized with the Yoast SEO plugin v27.0 - https:\/\/yoast.com\/product\/yoast-seo-wordpress\/ -->\n<title>O melhor software de rastreamento de poker: Hand2Note vs HM3 &amp; PT4<\/title>\n<meta name=\"description\" content=\"Hand2Note 4 \u00e9 o melhor software de rastreamento de poker de 2026. Obtenha ferramentas avan\u00e7adas de HUD e an\u00e1lise. Compara\u00e7\u00e3o r\u00e1pida com HM3 e PT4.\" \/>\n<meta name=\"robots\" content=\"index, follow, max-snippet:-1, max-image-preview:large, max-video-preview:-1\" \/>\n<link rel=\"canonical\" href=\"https:\/\/hand2noteguide.com\/best-poker-tracker-software\/\" \/>\n<meta property=\"og:locale\" content=\"pt_PT\" \/>\n<meta property=\"og:type\" content=\"article\" \/>\n<meta property=\"og:title\" content=\"O melhor software de rastreamento de poker: Hand2Note vs HM3 &amp; PT4\" \/>\n<meta property=\"og:description\" content=\"Hand2Note 4 \u00e9 o melhor software de rastreamento de poker de 2026. Obtenha ferramentas avan\u00e7adas de HUD e an\u00e1lise. Compara\u00e7\u00e3o r\u00e1pida com HM3 e PT4.\" \/>\n<meta property=\"og:url\" content=\"https:\/\/hand2noteguide.com\/best-poker-tracker-software\/\" \/>\n<meta property=\"og:site_name\" content=\"Hand2Note Guide\" \/>\n<meta property=\"article:modified_time\" content=\"2026-02-22T12:24:12+00:00\" \/>\n<meta property=\"og:image\" content=\"https:\/\/hand2noteguide.com\/wp-content\/uploads\/2026\/02\/best-poker-hud.jpg\" \/>\n\t<meta property=\"og:image:width\" content=\"1024\" \/>\n\t<meta property=\"og:image:height\" content=\"559\" \/>\n\t<meta property=\"og:image:type\" content=\"image\/jpeg\" \/>\n<meta name=\"twitter:card\" content=\"summary_large_image\" \/>\n<meta name=\"twitter:label1\" content=\"Est. reading time\" \/>\n\t<meta name=\"twitter:data1\" content=\"7 minutes\" \/>\n<!-- \/ Yoast SEO plugin. -->","yoast_head_json":{"title":"O melhor software de rastreamento de poker: Hand2Note vs HM3 & PT4","description":"Hand2Note 4 \u00e9 o melhor software de rastreamento de poker de 2026. Obtenha ferramentas avan\u00e7adas de HUD e an\u00e1lise. Compara\u00e7\u00e3o r\u00e1pida com HM3 e PT4.","robots":{"index":"index","follow":"follow","max-snippet":"max-snippet:-1","max-image-preview":"max-image-preview:large","max-video-preview":"max-video-preview:-1"},"canonical":"https:\/\/hand2noteguide.com\/best-poker-tracker-software\/","og_locale":"pt_PT","og_type":"article","og_title":"O melhor software de rastreamento de poker: Hand2Note vs HM3 & PT4","og_description":"Hand2Note 4 \u00e9 o melhor software de rastreamento de poker de 2026. Obtenha ferramentas avan\u00e7adas de HUD e an\u00e1lise. Compara\u00e7\u00e3o r\u00e1pida com HM3 e PT4.","og_url":"https:\/\/hand2noteguide.com\/best-poker-tracker-software\/","og_site_name":"Hand2Note Guide","article_modified_time":"2026-02-22T12:24:12+00:00","og_image":[{"width":1024,"height":559,"url":"https:\/\/hand2noteguide.com\/wp-content\/uploads\/2026\/02\/best-poker-hud.jpg","type":"image\/jpeg"}],"twitter_card":"summary_large_image","twitter_misc":{"Est. reading time":"7 minutes"},"schema":{"@context":"https:\/\/schema.org","@graph":[]}},"jetpack_sharing_enabled":true,"_links":{"self":[{"href":"https:\/\/hand2noteguide.com\/pt\/wp-json\/wp\/v2\/pages\/2853","targetHints":{"allow":["GET"]}}],"collection":[{"href":"https:\/\/hand2noteguide.com\/pt\/wp-json\/wp\/v2\/pages"}],"about":[{"href":"https:\/\/hand2noteguide.com\/pt\/wp-json\/wp\/v2\/types\/page"}],"author":[{"embeddable":true,"href":"https:\/\/hand2noteguide.com\/pt\/wp-json\/wp\/v2\/users\/1"}],"replies":[{"embeddable":true,"href":"https:\/\/hand2noteguide.com\/pt\/wp-json\/wp\/v2\/comments?post=2853"}],"version-history":[{"count":87,"href":"https:\/\/hand2noteguide.com\/pt\/wp-json\/wp\/v2\/pages\/2853\/revisions"}],"predecessor-version":[{"id":15304,"href":"https:\/\/hand2noteguide.com\/pt\/wp-json\/wp\/v2\/pages\/2853\/revisions\/15304"}],"wp:featuredmedia":[{"embeddable":true,"href":"https:\/\/hand2noteguide.com\/pt\/wp-json\/wp\/v2\/media\/15286"}],"wp:attachment":[{"href":"https:\/\/hand2noteguide.com\/pt\/wp-json\/wp\/v2\/media?parent=2853"}],"curies":[{"name":"wp","href":"https:\/\/api.w.org\/{rel}","templated":true}]}}