{"id":2898,"date":"2020-07-08T06:43:42","date_gmt":"2020-07-08T03:43:42","guid":{"rendered":"http:\/\/hand2noteguide.com\/?page_id=2898"},"modified":"2026-02-21T21:21:02","modified_gmt":"2026-02-21T18:21:02","slug":"pokerbros-hud","status":"publish","type":"page","link":"https:\/\/hand2noteguide.com\/pt\/pokerbros-hud\/","title":{"rendered":"HUD para PokerBros"},"content":{"rendered":"\n<p>O PokerBros \u00e9 um dos aplicativos de poker m\u00f3vel chin\u00eas mais populares. Esta sala tem muitos jogos diferentes com um pool de jogadores muito fraco. Usar HUD no PokerBros ajudar\u00e1 voc\u00ea a melhorar a qualidade de suas decis\u00f5es e explorar efetivamente seus oponentes.<\/p>\n\n\n\n<h2 class=\"wp-block-heading\">Obtenha um HUD para PokerBros suave e preciso com Hand2Note<\/h2>\n\n\n\n<p><strong>Hand2Note<\/strong> \u00e9 o melhor software de rastreamento de poker para exibir HUD em aplicativos asi\u00e1ticos. E ele tamb\u00e9m oferece suporte total \u00e0 sala PokerBros. Voc\u00ea pode come\u00e7ar a usar o HUD para PokerBros com o Hand2Note gratuitamente com um <strong>per\u00edodo de teste de 14 dias<\/strong>. Ap\u00f3s o t\u00e9rmino do teste, voc\u00ea pode obter a <strong>licen\u00e7a PRO do Hand2Note com 10% de desconto<\/strong> usando nosso <a href=\"https:\/\/hand2noteguide.com\/pt\/promo\/\">c\u00f3digo promocional GUIDE10<\/a>.<\/p>\n\n\n<div class=\"wp-block-h2n-cta-button\" style=\"text-align: left;\"><a href=\"https:\/\/hand2noteguide.com\/pt\/go\/hand2note\/\" class=\"btn btn-primary\" target=\"_blank\" rel=\"noopener noreferrer nofollow sponsored\">Baixar Hand2Note HUD<\/a><\/div>\n\n\n<p>O HUD do Hand2Note \u00e9 <strong>r\u00e1pido, compacto e preciso<\/strong>. Portanto, \u00e9 perfeito para aplicativos asi\u00e1ticos onde o jogo \u00e9 muito din\u00e2mico, voc\u00ea n\u00e3o tem amostras suficientes dos oponentes nem muito espa\u00e7o para pain\u00e9is de HUD nas mesas.<\/p>\n\n\n\n<figure class=\"wp-block-image size-large\"><img loading=\"lazy\" decoding=\"async\" width=\"416\" height=\"765\" src=\"https:\/\/hand2noteguide.com\/wp-content\/uploads\/2020\/07\/pokerbros-hud.png\" alt=\"PokerBros HUD\" class=\"wp-image-2927\" srcset=\"https:\/\/hand2noteguide.com\/wp-content\/uploads\/2020\/07\/pokerbros-hud.png 416w, https:\/\/hand2noteguide.com\/wp-content\/uploads\/2020\/07\/pokerbros-hud-163x300.png 163w, https:\/\/hand2noteguide.com\/wp-content\/uploads\/2020\/07\/pokerbros-hud-339x624.png 339w\" sizes=\"auto, (max-width: 416px) 100vw, 416px\" \/><figcaption class=\"wp-element-caption\">HUD para PokerBros com Hand2Note<\/figcaption><\/figure>\n\n\n\n<p>Por padr\u00e3o, um HUD simples com as estat\u00edsticas mais comuns \u00e9 exibido nas mesas. Voc\u00ea tamb\u00e9m pode <a href=\"https:\/\/hand2noteguide.com\/pt\/hud-store\/\">obter HUDs mais complexos e eficazes<\/a> em nossa loja.<\/p>\n\n\n\n<h2 class=\"wp-block-heading\">Como configur\u00e1-lo?<\/h2>\n\n\n\n<p>\u00c9 muito f\u00e1cil. <strong>Basta executar o Hand2Note e a mesa do PokerBros ao mesmo tempo<\/strong>. O HUD aparecer\u00e1 automaticamente na mesa. D\u00ea uma olhada em nosso <a href=\"https:\/\/hand2noteguide.com\/pt\/hand2note-4-getting-started\/\">manual de introdu\u00e7\u00e3o<\/a>.<\/p>\n\n\n<div class=\"wp-block-h2n-alert h2n-alert h2n-alert--info\"><div class=\"h2n-alert__icon\" aria-hidden=\"true\"><svg width=\"22\" height=\"22\" viewBox=\"0 0 24 24\" fill=\"none\" stroke=\"currentColor\" stroke-width=\"2\" stroke-linecap=\"round\" stroke-linejoin=\"round\"><circle cx=\"12\" cy=\"12\" r=\"10\"\/><line x1=\"12\" y1=\"16\" x2=\"12\" y2=\"12\"\/><circle cx=\"12\" cy=\"8\" r=\"1\" fill=\"currentColor\" stroke=\"none\"\/><\/svg><\/div><div class=\"h2n-alert__content\">Recomendamos fortemente seguir nosso <a href=\"https:\/\/hand2noteguide.com\/pt\/user-manual\/configuring-hand2note-to-play-in-applications-via-an-emulator-using-the-example-of-pokerbros\/\">guia de configura\u00e7\u00e3o do Hand2Note para jogar em apps via emulador<\/a>, baseado na experi\u00eancia da equipe de suporte do Hand2Note, para garantir uma opera\u00e7\u00e3o est\u00e1vel e de longo prazo do HUD nas suas mesas.<\/div><\/div>\n\n\n<p>O multi-tabling tamb\u00e9m \u00e9 suportado, ent\u00e3o voc\u00ea pode abrir quantas mesas quiser. O Hand2Note capturar\u00e1 as m\u00e3os de cada uma delas.<\/p>\n\n\n\n<figure class=\"wp-block-image size-large\"><img loading=\"lazy\" decoding=\"async\" width=\"1024\" height=\"609\" src=\"https:\/\/hand2noteguide.com\/wp-content\/uploads\/2020\/07\/hand2note-asian-1024x609.png\" alt=\"\" class=\"wp-image-2976\" srcset=\"https:\/\/hand2noteguide.com\/wp-content\/uploads\/2020\/07\/hand2note-asian-1024x609.png 1024w, https:\/\/hand2noteguide.com\/wp-content\/uploads\/2020\/07\/hand2note-asian-300x179.png 300w, https:\/\/hand2noteguide.com\/wp-content\/uploads\/2020\/07\/hand2note-asian-768x457.png 768w, https:\/\/hand2noteguide.com\/wp-content\/uploads\/2020\/07\/hand2note-asian-772x459.png 772w, https:\/\/hand2noteguide.com\/wp-content\/uploads\/2020\/07\/hand2note-asian-624x371.png 624w, https:\/\/hand2noteguide.com\/wp-content\/uploads\/2020\/07\/hand2note-asian.png 1531w\" sizes=\"auto, (max-width: 1024px) 100vw, 1024px\" \/><figcaption class=\"wp-element-caption\">Execute o HUD de poker em v\u00e1rios emuladores ao mesmo tempo<\/figcaption><\/figure>\n\n\n\n<p>Se o HUD n\u00e3o funcionar ap\u00f3s voc\u00ea executar o Hand2Note e o aplicativo PokerBros, siga nosso <a href=\"https:\/\/hand2noteguide.com\/pt\/user-manual\/hand2note4-hud-problem\/\">guia de solu\u00e7\u00e3o de problemas passo a passo<\/a> para resolver o problema. Se isso n\u00e3o ajudar, voc\u00ea pode entrar em contato com a <a href=\"https:\/\/hand2noteguide.com\/pt\/hand2note-official-support\/\">equipe de suporte<\/a>.<\/p>\n\n\n\n<p>Observe que o Hand2Note tamb\u00e9m funciona com outros aplicativos como <a href=\"https:\/\/hand2noteguide.com\/pt\/pppoker-hud\/\">PPPoker<\/a> ou <a href=\"https:\/\/hand2noteguide.com\/pt\/coinpoker-hud\/\">CoinPoker<\/a>.<\/p>\n\n\n\n<h2 class=\"wp-block-heading\">E quanto a outros recursos do Hand2Note?<\/h2>\n\n\n\n<p>Al\u00e9m do HUD, o Hand2Note oferece muitas outras ferramentas profissionais para o jogo e an\u00e1lise. Confira nossa <a href=\"\/pt\/why-purchase-hand2note\/\">vis\u00e3o geral das possibilidades excepcionais do Hand2Note<\/a> que voc\u00ea obter\u00e1 com uma assinatura PRO. Voc\u00ea definitivamente deve considerar come\u00e7ar a us\u00e1-los. Com as capacidades do Hand2Note, voc\u00ea pode levar sua rotina de poker para o pr\u00f3ximo n\u00edvel. Isso se aplica tanto aos jogos quanto \u00e0 an\u00e1lise fora das mesas. O Hand2Note permite que voc\u00ea desenvolva suas habilidades em todas as dire\u00e7\u00f5es.<\/p>\n\n\n\n<p>Em 2026, a vers\u00e3o mais recente do <strong>Hand2Note 4<\/strong> tornou-se ainda mais orientada para desempenho e rica em recursos. Agora, o Hand2Note \u00e9 uma escolha ainda mais adequada para exibir seu HUD no PokerBros. O software \u00e9 perfeitamente otimizado para lidar com as altas demandas de recursos dos emuladores Android modernos.<\/p>\n\n\n\n<figure class=\"wp-block-image size-large\"><img loading=\"lazy\" decoding=\"async\" width=\"1024\" height=\"594\" src=\"http:\/\/hand2noteguide.com\/wp-content\/uploads\/2026\/02\/hand2note4-sessions-1-1024x594.png\" alt=\"Interface do Hand2Note 4\" class=\"wp-image-15256\" srcset=\"https:\/\/hand2noteguide.com\/wp-content\/uploads\/2026\/02\/hand2note4-sessions-1-1024x594.png 1024w, https:\/\/hand2noteguide.com\/wp-content\/uploads\/2026\/02\/hand2note4-sessions-1-300x174.png 300w, https:\/\/hand2noteguide.com\/wp-content\/uploads\/2026\/02\/hand2note4-sessions-1-768x445.png 768w, https:\/\/hand2noteguide.com\/wp-content\/uploads\/2026\/02\/hand2note4-sessions-1-1536x890.png 1536w, https:\/\/hand2noteguide.com\/wp-content\/uploads\/2026\/02\/hand2note4-sessions-1-2048x1187.png 2048w, https:\/\/hand2noteguide.com\/wp-content\/uploads\/2026\/02\/hand2note4-sessions-1-772x447.png 772w\" sizes=\"auto, (max-width: 1024px) 100vw, 1024px\" \/><figcaption class=\"wp-element-caption\">Interface do Hand2Note 4<\/figcaption><\/figure>\n","protected":false},"excerpt":{"rendered":"<p>O PokerBros \u00e9 um dos aplicativos de poker m\u00f3vel chin\u00eas mais populares. Esta sala tem muitos jogos diferentes com um pool de jogadores muito fraco. Usar HUD no PokerBros ajudar\u00e1 voc\u00ea a melhorar a qualidade de suas decis\u00f5es e explorar efetivamente seus oponentes. Obtenha um HUD para PokerBros suave e preciso com Hand2Note Hand2Note \u00e9 &hellip; <a href=\"https:\/\/hand2noteguide.com\/pt\/pokerbros-hud\/\" class=\"more-link\">Continue reading <span class=\"screen-reader-text\">HUD para PokerBros<\/span><\/a><\/p>\n","protected":false},"author":1,"featured_media":0,"parent":0,"menu_order":0,"comment_status":"closed","ping_status":"closed","template":"","meta":{"footnotes":""},"class_list":["post-2898","page","type-page","status-publish","hentry"],"translation":{"provider":"WPGlobus","version":"3.0.2","language":"pt","enabled_languages":["en","ru","pt","zh","es","fr","de","it","ja"],"languages":{"en":{"title":true,"content":true,"excerpt":false},"ru":{"title":true,"content":true,"excerpt":false},"pt":{"title":true,"content":true,"excerpt":false},"zh":{"title":true,"content":true,"excerpt":false},"es":{"title":true,"content":true,"excerpt":false},"fr":{"title":true,"content":true,"excerpt":false},"de":{"title":true,"content":true,"excerpt":false},"it":{"title":true,"content":true,"excerpt":false},"ja":{"title":true,"content":true,"excerpt":false}}},"yoast_head":"<!-- This site is optimized with the Yoast SEO plugin v27.0 - https:\/\/yoast.com\/product\/yoast-seo-wordpress\/ -->\n<title>HUD para PokerBros r\u00e1pido e preciso - Guia Hand2Note<\/title>\n<meta name=\"description\" content=\"Use um HUD r\u00e1pido, eficaz e preciso no PokerBros e em outros aplicativos asi\u00e1ticos. O Hand2Note oferece o melhor HUD e popups para salas chinesas.\" \/>\n<meta name=\"robots\" content=\"index, follow, max-snippet:-1, max-image-preview:large, max-video-preview:-1\" \/>\n<link rel=\"canonical\" href=\"https:\/\/hand2noteguide.com\/zh\/pokerbros-hud\/\" \/>\n<meta property=\"og:locale\" content=\"pt_PT\" \/>\n<meta property=\"og:type\" content=\"article\" \/>\n<meta property=\"og:title\" content=\"HUD para PokerBros r\u00e1pido e preciso - Guia Hand2Note\" \/>\n<meta property=\"og:description\" content=\"Use um HUD r\u00e1pido, eficaz e preciso no PokerBros e em outros aplicativos asi\u00e1ticos. O Hand2Note oferece o melhor HUD e popups para salas chinesas.\" \/>\n<meta property=\"og:url\" content=\"https:\/\/hand2noteguide.com\/zh\/pokerbros-hud\/\" \/>\n<meta property=\"og:site_name\" content=\"Hand2Note Guide\" \/>\n<meta property=\"article:modified_time\" content=\"2026-02-21T18:21:02+00:00\" \/>\n<meta property=\"og:image\" content=\"https:\/\/hand2noteguide.com\/wp-content\/uploads\/2020\/07\/pokerbros-hud.png\" \/>\n<meta name=\"twitter:card\" content=\"summary_large_image\" \/>\n<meta name=\"twitter:label1\" content=\"Est. reading time\" \/>\n\t<meta name=\"twitter:data1\" content=\"3 minutes\" \/>\n<!-- \/ Yoast SEO plugin. -->","yoast_head_json":{"title":"HUD para PokerBros r\u00e1pido e preciso - Guia Hand2Note","description":"Use um HUD r\u00e1pido, eficaz e preciso no PokerBros e em outros aplicativos asi\u00e1ticos. O Hand2Note oferece o melhor HUD e popups para salas chinesas.","robots":{"index":"index","follow":"follow","max-snippet":"max-snippet:-1","max-image-preview":"max-image-preview:large","max-video-preview":"max-video-preview:-1"},"canonical":"https:\/\/hand2noteguide.com\/zh\/pokerbros-hud\/","og_locale":"pt_PT","og_type":"article","og_title":"HUD para PokerBros r\u00e1pido e preciso - Guia Hand2Note","og_description":"Use um HUD r\u00e1pido, eficaz e preciso no PokerBros e em outros aplicativos asi\u00e1ticos. O Hand2Note oferece o melhor HUD e popups para salas chinesas.","og_url":"https:\/\/hand2noteguide.com\/zh\/pokerbros-hud\/","og_site_name":"Hand2Note Guide","article_modified_time":"2026-02-21T18:21:02+00:00","og_image":[{"url":"https:\/\/hand2noteguide.com\/wp-content\/uploads\/2020\/07\/pokerbros-hud.png","type":"","width":"","height":""}],"twitter_card":"summary_large_image","twitter_misc":{"Est. reading time":"3 minutes"},"schema":{"@context":"https:\/\/schema.org","@graph":[]}},"jetpack_sharing_enabled":true,"_links":{"self":[{"href":"https:\/\/hand2noteguide.com\/pt\/wp-json\/wp\/v2\/pages\/2898","targetHints":{"allow":["GET"]}}],"collection":[{"href":"https:\/\/hand2noteguide.com\/pt\/wp-json\/wp\/v2\/pages"}],"about":[{"href":"https:\/\/hand2noteguide.com\/pt\/wp-json\/wp\/v2\/types\/page"}],"author":[{"embeddable":true,"href":"https:\/\/hand2noteguide.com\/pt\/wp-json\/wp\/v2\/users\/1"}],"replies":[{"embeddable":true,"href":"https:\/\/hand2noteguide.com\/pt\/wp-json\/wp\/v2\/comments?post=2898"}],"version-history":[{"count":88,"href":"https:\/\/hand2noteguide.com\/pt\/wp-json\/wp\/v2\/pages\/2898\/revisions"}],"predecessor-version":[{"id":15260,"href":"https:\/\/hand2noteguide.com\/pt\/wp-json\/wp\/v2\/pages\/2898\/revisions\/15260"}],"wp:attachment":[{"href":"https:\/\/hand2noteguide.com\/pt\/wp-json\/wp\/v2\/media?parent=2898"}],"curies":[{"name":"wp","href":"https:\/\/api.w.org\/{rel}","templated":true}]}}