{"id":296,"date":"2018-08-03T14:54:27","date_gmt":"2018-08-03T11:54:27","guid":{"rendered":"https:\/\/h2n312.wordpress.com\/?page_id=296"},"modified":"2025-06-04T19:02:21","modified_gmt":"2025-06-04T16:02:21","slug":"upgrade-subscription","status":"publish","type":"page","link":"https:\/\/hand2noteguide.com\/pt\/guide\/upgrade-subscription\/","title":{"rendered":"Como atualizar\/diminuir o plano de assinatura?"},"content":{"rendered":"<p>Para alterar seu <a href=\"https:\/\/hand2noteguide.com\/pt\/guide\/choose-subscription\/\">plano de assinatura<\/a>, voc\u00ea s\u00f3 precisa adquirir pelo menos 1 m\u00eas da assinatura desejada.<\/p>\n<p>Os dias restantes no plano anterior n\u00e3o ser\u00e3o perdidos, mas ser\u00e3o automaticamente convertidos em uma nova assinatura.<\/p>\n<p>Por exemplo:<\/p>\n<ol>\n<li>Voc\u00ea tem 12 dias restantes na assinatura BEGINNER e decide fazer um upgrade para EDGE. Ap\u00f3s adquirir um m\u00eas de EDGE, voc\u00ea ter\u00e1 34 dias de EDGE na sua conta (31 dias da compra + 3 dias como rec\u00e1lculo dos 12 dias de BEGINNER)<\/li>\n<li>Voc\u00ea tem 20 dias restantes no HYPER para <a href=\"https:\/\/hand2noteguide.com\/pt\/asian\/\">salas asi\u00e1ticas<\/a> e quer fazer um downgrade para a vers\u00e3o STANDARD. Voc\u00ea s\u00f3 precisa comprar 1 m\u00eas de STANDARD, e 71 dias dessa assinatura estar\u00e3o ativos na sua conta (31 dias da compra + 40 dias como rec\u00e1lculo dos 20 dias de HYPER)<\/li>\n<\/ol>\n","protected":false},"excerpt":{"rendered":"<p>Para alterar seu plano de assinatura, voc\u00ea s\u00f3 precisa adquirir pelo menos 1 m\u00eas da assinatura desejada. Os dias restantes no plano anterior n\u00e3o ser\u00e3o perdidos, mas ser\u00e3o automaticamente convertidos em uma nova assinatura. Por exemplo: Voc\u00ea tem 12 dias restantes na assinatura BEGINNER e decide fazer um upgrade para EDGE. Ap\u00f3s adquirir um m\u00eas &hellip; <a href=\"https:\/\/hand2noteguide.com\/pt\/guide\/upgrade-subscription\/\" class=\"more-link\">Continue reading <span class=\"screen-reader-text\">Como atualizar\/diminuir o plano de assinatura?<\/span><\/a><\/p>\n","protected":false},"author":1,"featured_media":0,"parent":74,"menu_order":0,"comment_status":"closed","ping_status":"closed","template":"page-templates\/full-width-page.php","meta":{"footnotes":""},"class_list":["post-296","page","type-page","status-publish","hentry"],"translation":{"provider":"WPGlobus","version":"3.0.2","language":"pt","enabled_languages":["en","ru","pt","zh","es","fr","de","it","ja"],"languages":{"en":{"title":true,"content":true,"excerpt":false},"ru":{"title":true,"content":true,"excerpt":false},"pt":{"title":true,"content":true,"excerpt":false},"zh":{"title":true,"content":true,"excerpt":false},"es":{"title":true,"content":true,"excerpt":false},"fr":{"title":true,"content":true,"excerpt":false},"de":{"title":true,"content":true,"excerpt":false},"it":{"title":true,"content":true,"excerpt":false},"ja":{"title":true,"content":true,"excerpt":false}}},"yoast_head":"<!-- This site is optimized with the Yoast SEO plugin v27.0 - https:\/\/yoast.com\/product\/yoast-seo-wordpress\/ -->\n<title>Atualize ou Reduza Seu Plano de Assinatura Facilmente<\/title>\n<meta name=\"description\" content=\"Aprenda a alterar facilmente seu plano de assinatura. Atualize ou reduza sem perder os dias restantes. Siga nosso guia passo a passo para uma transi\u00e7\u00e3o suave.\" \/>\n<meta name=\"robots\" content=\"index, follow, max-snippet:-1, max-image-preview:large, max-video-preview:-1\" \/>\n<link rel=\"canonical\" href=\"https:\/\/hand2noteguide.com\/guide\/upgrade-subscription\/\" \/>\n<meta property=\"og:locale\" content=\"pt_PT\" \/>\n<meta property=\"og:type\" content=\"article\" \/>\n<meta property=\"og:title\" content=\"Atualize ou Reduza Seu Plano de Assinatura Facilmente\" \/>\n<meta property=\"og:description\" content=\"Aprenda a alterar facilmente seu plano de assinatura. Atualize ou reduza sem perder os dias restantes. Siga nosso guia passo a passo para uma transi\u00e7\u00e3o suave.\" \/>\n<meta property=\"og:url\" content=\"https:\/\/hand2noteguide.com\/guide\/upgrade-subscription\/\" \/>\n<meta property=\"og:site_name\" content=\"Hand2Note Guide\" \/>\n<meta property=\"article:modified_time\" content=\"2025-06-04T16:02:21+00:00\" \/>\n<meta name=\"twitter:card\" content=\"summary_large_image\" \/>\n<meta name=\"twitter:label1\" content=\"Est. reading time\" \/>\n\t<meta name=\"twitter:data1\" content=\"4 minutes\" \/>\n<!-- \/ Yoast SEO plugin. -->","yoast_head_json":{"title":"Atualize ou Reduza Seu Plano de Assinatura Facilmente","description":"Aprenda a alterar facilmente seu plano de assinatura. Atualize ou reduza sem perder os dias restantes. Siga nosso guia passo a passo para uma transi\u00e7\u00e3o suave.","robots":{"index":"index","follow":"follow","max-snippet":"max-snippet:-1","max-image-preview":"max-image-preview:large","max-video-preview":"max-video-preview:-1"},"canonical":"https:\/\/hand2noteguide.com\/guide\/upgrade-subscription\/","og_locale":"pt_PT","og_type":"article","og_title":"Atualize ou Reduza Seu Plano de Assinatura Facilmente","og_description":"Aprenda a alterar facilmente seu plano de assinatura. Atualize ou reduza sem perder os dias restantes. Siga nosso guia passo a passo para uma transi\u00e7\u00e3o suave.","og_url":"https:\/\/hand2noteguide.com\/guide\/upgrade-subscription\/","og_site_name":"Hand2Note Guide","article_modified_time":"2025-06-04T16:02:21+00:00","twitter_card":"summary_large_image","twitter_misc":{"Est. reading time":"4 minutes"},"schema":{"@context":"https:\/\/schema.org","@graph":[]}},"jetpack_sharing_enabled":false,"_links":{"self":[{"href":"https:\/\/hand2noteguide.com\/pt\/wp-json\/wp\/v2\/pages\/296","targetHints":{"allow":["GET"]}}],"collection":[{"href":"https:\/\/hand2noteguide.com\/pt\/wp-json\/wp\/v2\/pages"}],"about":[{"href":"https:\/\/hand2noteguide.com\/pt\/wp-json\/wp\/v2\/types\/page"}],"author":[{"embeddable":true,"href":"https:\/\/hand2noteguide.com\/pt\/wp-json\/wp\/v2\/users\/1"}],"replies":[{"embeddable":true,"href":"https:\/\/hand2noteguide.com\/pt\/wp-json\/wp\/v2\/comments?post=296"}],"version-history":[{"count":12,"href":"https:\/\/hand2noteguide.com\/pt\/wp-json\/wp\/v2\/pages\/296\/revisions"}],"predecessor-version":[{"id":13538,"href":"https:\/\/hand2noteguide.com\/pt\/wp-json\/wp\/v2\/pages\/296\/revisions\/13538"}],"up":[{"embeddable":true,"href":"https:\/\/hand2noteguide.com\/pt\/wp-json\/wp\/v2\/pages\/74"}],"wp:attachment":[{"href":"https:\/\/hand2noteguide.com\/pt\/wp-json\/wp\/v2\/media?parent=296"}],"curies":[{"name":"wp","href":"https:\/\/api.w.org\/{rel}","templated":true}]}}