{"id":324,"date":"2018-08-04T12:21:08","date_gmt":"2018-08-04T09:21:08","guid":{"rendered":"https:\/\/h2n312.wordpress.com\/?page_id=324"},"modified":"2025-06-04T19:00:02","modified_gmt":"2025-06-04T16:00:02","slug":"crash-when-entering-reports","status":"publish","type":"page","link":"https:\/\/hand2noteguide.com\/pt\/issues-resolving\/crash-when-entering-reports\/","title":{"rendered":"Hand2Note trava ao entrar em Sessions\/Reports"},"content":{"rendered":"<p>Se o Hand2Note trava com um erro cr\u00edtico <em>System.InvalidOperationException<\/em> ao tentar entrar na se\u00e7\u00e3o Reports ou Sessions, na maioria das vezes esse problema pode ser resolvido por uma simples <a href=\"https:\/\/hand2noteguide.com\/pt\/guide\/rebuild-stats\/\">reconstru\u00e7\u00e3o das estat\u00edsticas<\/a>. Clique em \u00ab<em>Clear stats<\/em>\u00bb, depois em \u00ab<em>Build stats<\/em>\u00bb na janela principal e aguarde o t\u00e9rmino do processo.<\/p>\n<p><img loading=\"lazy\" decoding=\"async\" class=\"alignnone size-full wp-image-651\" src=\"https:\/\/hand2noteguide.com\/wp-content\/uploads\/2018\/11\/hand2note-rebuild-stats.png\" alt=\"Hand2Note rebuild stats\" width=\"477\" height=\"120\" srcset=\"https:\/\/hand2noteguide.com\/wp-content\/uploads\/2018\/11\/hand2note-rebuild-stats.png 477w, https:\/\/hand2noteguide.com\/wp-content\/uploads\/2018\/11\/hand2note-rebuild-stats-300x75.png 300w\" sizes=\"auto, (max-width: 477px) 100vw, 477px\" \/><\/p>\n<p>Se o problema persistir, tente <a href=\"https:\/\/hand2noteguide.com\/pt\/guide\/database\/create-database\/\">criar um novo banco de dados<\/a> e importar as m\u00e3os necess\u00e1rias nele. Se isso tamb\u00e9m n\u00e3o ajudar, tente <a href=\"https:\/\/hand2noteguide.com\/pt\/issues-resolving\/reinstall\/\">reinstalar o programa<\/a> de acordo com as instru\u00e7\u00f5es.<\/p>\n<p>Caso nenhuma das medidas acima funcione, entre em contato com o <a href=\"https:\/\/hand2noteguide.com\/pt\/hand2note-official-support\/\">servi\u00e7o de suporte<\/a>.<\/p>\n","protected":false},"excerpt":{"rendered":"<p>Se o Hand2Note trava com um erro cr\u00edtico System.InvalidOperationException ao tentar entrar na se\u00e7\u00e3o Reports ou Sessions, na maioria das vezes esse problema pode ser resolvido por uma simples reconstru\u00e7\u00e3o das estat\u00edsticas. Clique em \u00abClear stats\u00bb, depois em \u00abBuild stats\u00bb na janela principal e aguarde o t\u00e9rmino do processo. Se o problema persistir, tente criar &hellip; <a href=\"https:\/\/hand2noteguide.com\/pt\/issues-resolving\/crash-when-entering-reports\/\" class=\"more-link\">Continue reading <span class=\"screen-reader-text\">Hand2Note trava ao entrar em Sessions\/Reports<\/span><\/a><\/p>\n","protected":false},"author":1,"featured_media":0,"parent":236,"menu_order":5,"comment_status":"closed","ping_status":"closed","template":"page-templates\/full-width-page.php","meta":{"footnotes":""},"class_list":["post-324","page","type-page","status-publish","hentry"],"translation":{"provider":"WPGlobus","version":"3.0.2","language":"pt","enabled_languages":["en","ru","pt","zh","es","fr","de","it","ja"],"languages":{"en":{"title":true,"content":true,"excerpt":false},"ru":{"title":true,"content":true,"excerpt":false},"pt":{"title":true,"content":true,"excerpt":false},"zh":{"title":true,"content":true,"excerpt":false},"es":{"title":true,"content":true,"excerpt":false},"fr":{"title":true,"content":true,"excerpt":false},"de":{"title":true,"content":true,"excerpt":false},"it":{"title":true,"content":true,"excerpt":false},"ja":{"title":true,"content":true,"excerpt":false}}},"yoast_head":"<!-- This site is optimized with the Yoast SEO plugin v27.0 - https:\/\/yoast.com\/product\/yoast-seo-wordpress\/ -->\n<title>Corrija travamentos do Hand2Note em Sessions ou Reports facilmente<\/title>\n<meta name=\"description\" content=\"Aprenda a resolver travamentos do Hand2Note em Sessions ou Reports com passos simples. Reconstrua estat\u00edsticas, crie um novo banco de dados ou reinstale o programa.\" \/>\n<meta name=\"robots\" content=\"index, follow, max-snippet:-1, max-image-preview:large, max-video-preview:-1\" \/>\n<link rel=\"canonical\" href=\"https:\/\/hand2noteguide.com\/issues-resolving\/crash-when-entering-reports\/\" \/>\n<meta property=\"og:locale\" content=\"pt_PT\" \/>\n<meta property=\"og:type\" content=\"article\" \/>\n<meta property=\"og:title\" content=\"Corrija travamentos do Hand2Note em Sessions ou Reports facilmente\" \/>\n<meta property=\"og:description\" content=\"Aprenda a resolver travamentos do Hand2Note em Sessions ou Reports com passos simples. Reconstrua estat\u00edsticas, crie um novo banco de dados ou reinstale o programa.\" \/>\n<meta property=\"og:url\" content=\"https:\/\/hand2noteguide.com\/issues-resolving\/crash-when-entering-reports\/\" \/>\n<meta property=\"og:site_name\" content=\"Hand2Note Guide\" \/>\n<meta property=\"article:modified_time\" content=\"2025-06-04T16:00:02+00:00\" \/>\n<meta property=\"og:image\" content=\"https:\/\/hand2noteguide.com\/wp-content\/uploads\/2018\/08\/hand2note-d0bfd0b5d180d0b5d181d182d180d0bed0b8d182d18c-d181d182d0b0d182d0b8d181d182d0b8d0bad183.png\" \/>\n<meta name=\"twitter:card\" content=\"summary_large_image\" \/>\n<meta name=\"twitter:label1\" content=\"Est. reading time\" \/>\n\t<meta name=\"twitter:data1\" content=\"3 minutes\" \/>\n<!-- \/ Yoast SEO plugin. -->","yoast_head_json":{"title":"Corrija travamentos do Hand2Note em Sessions ou Reports facilmente","description":"Aprenda a resolver travamentos do Hand2Note em Sessions ou Reports com passos simples. Reconstrua estat\u00edsticas, crie um novo banco de dados ou reinstale o programa.","robots":{"index":"index","follow":"follow","max-snippet":"max-snippet:-1","max-image-preview":"max-image-preview:large","max-video-preview":"max-video-preview:-1"},"canonical":"https:\/\/hand2noteguide.com\/issues-resolving\/crash-when-entering-reports\/","og_locale":"pt_PT","og_type":"article","og_title":"Corrija travamentos do Hand2Note em Sessions ou Reports facilmente","og_description":"Aprenda a resolver travamentos do Hand2Note em Sessions ou Reports com passos simples. Reconstrua estat\u00edsticas, crie um novo banco de dados ou reinstale o programa.","og_url":"https:\/\/hand2noteguide.com\/issues-resolving\/crash-when-entering-reports\/","og_site_name":"Hand2Note Guide","article_modified_time":"2025-06-04T16:00:02+00:00","og_image":[{"url":"https:\/\/hand2noteguide.com\/wp-content\/uploads\/2018\/08\/hand2note-d0bfd0b5d180d0b5d181d182d180d0bed0b8d182d18c-d181d182d0b0d182d0b8d181d182d0b8d0bad183.png","type":"","width":"","height":""}],"twitter_card":"summary_large_image","twitter_misc":{"Est. reading time":"3 minutes"},"schema":{"@context":"https:\/\/schema.org","@graph":[]}},"jetpack_sharing_enabled":false,"_links":{"self":[{"href":"https:\/\/hand2noteguide.com\/pt\/wp-json\/wp\/v2\/pages\/324","targetHints":{"allow":["GET"]}}],"collection":[{"href":"https:\/\/hand2noteguide.com\/pt\/wp-json\/wp\/v2\/pages"}],"about":[{"href":"https:\/\/hand2noteguide.com\/pt\/wp-json\/wp\/v2\/types\/page"}],"author":[{"embeddable":true,"href":"https:\/\/hand2noteguide.com\/pt\/wp-json\/wp\/v2\/users\/1"}],"replies":[{"embeddable":true,"href":"https:\/\/hand2noteguide.com\/pt\/wp-json\/wp\/v2\/comments?post=324"}],"version-history":[{"count":13,"href":"https:\/\/hand2noteguide.com\/pt\/wp-json\/wp\/v2\/pages\/324\/revisions"}],"predecessor-version":[{"id":13535,"href":"https:\/\/hand2noteguide.com\/pt\/wp-json\/wp\/v2\/pages\/324\/revisions\/13535"}],"up":[{"embeddable":true,"href":"https:\/\/hand2noteguide.com\/pt\/wp-json\/wp\/v2\/pages\/236"}],"wp:attachment":[{"href":"https:\/\/hand2noteguide.com\/pt\/wp-json\/wp\/v2\/media?parent=324"}],"curies":[{"name":"wp","href":"https:\/\/api.w.org\/{rel}","templated":true}]}}