{"id":3334,"date":"2020-07-14T07:17:17","date_gmt":"2020-07-14T04:17:17","guid":{"rendered":"http:\/\/hand2noteguide.com\/?page_id=3334"},"modified":"2026-02-21T21:01:32","modified_gmt":"2026-02-21T18:01:32","slug":"hud-not-showing","status":"publish","type":"page","link":"https:\/\/hand2noteguide.com\/pt\/issues-resolving\/hud-not-showing\/","title":{"rendered":"O HUD n\u00e3o est\u00e1 aparecendo. O que fazer?"},"content":{"rendered":"<div class=\"wp-block-h2n-alert h2n-alert h2n-alert--danger\"><div class=\"h2n-alert__icon\" aria-hidden=\"true\"><svg width=\"22\" height=\"22\" viewBox=\"0 0 24 24\" fill=\"none\" stroke=\"currentColor\" stroke-width=\"2\" stroke-linecap=\"round\" stroke-linejoin=\"round\"><polygon points=\"7.86 2 16.14 2 22 7.86 22 16.14 16.14 22 7.86 22 2 16.14 2 7.86 7.86 2\"\/><line x1=\"12\" y1=\"8\" x2=\"12\" y2=\"12\"\/><circle cx=\"12\" cy=\"16\" r=\"1\" fill=\"currentColor\" stroke=\"none\"\/><\/svg><\/div><div class=\"h2n-alert__content\">Este \u00e9 um guia de solu\u00e7\u00e3o de problemas para o Hand2Note 3, que agora est\u00e1 desatualizado. Para as instru\u00e7\u00f5es mais recentes de solu\u00e7\u00e3o de problemas de HUD no <strong>Hand2Note 4<\/strong>, consulte nosso <a href=\"https:\/\/hand2noteguide.com\/pt\/user-manual\/hand2note4-hud-problem\/\">guia de solu\u00e7\u00e3o de problemas de HUD no Hand2Note 4<\/a>.<\/div><\/div>\n\n\n<p>Normalmente, o HUD aparece automaticamente quando voc\u00ea executa o Hand2Note e o aplicativo da sala de poker simultaneamente. Mas o que fazer se o HUD do Hand2Note n\u00e3o estiver aparecendo por algum motivo? Vamos fornecer um guia passo a passo para resolver o problema do HUD neste artigo.<\/p>\n\n\n\n<figure class=\"wp-block-image size-large\"><img loading=\"lazy\" decoding=\"async\" width=\"913\" height=\"608\" src=\"https:\/\/hand2noteguide.com\/wp-content\/uploads\/2020\/07\/hand2note-hud-not-showing.png\" alt=\"hand2note hud not showing\" class=\"wp-image-3365\" srcset=\"https:\/\/hand2noteguide.com\/wp-content\/uploads\/2020\/07\/hand2note-hud-not-showing.png 913w, https:\/\/hand2noteguide.com\/wp-content\/uploads\/2020\/07\/hand2note-hud-not-showing-300x200.png 300w, https:\/\/hand2noteguide.com\/wp-content\/uploads\/2020\/07\/hand2note-hud-not-showing-768x511.png 768w, https:\/\/hand2noteguide.com\/wp-content\/uploads\/2020\/07\/hand2note-hud-not-showing-772x514.png 772w, https:\/\/hand2noteguide.com\/wp-content\/uploads\/2020\/07\/hand2note-hud-not-showing-624x416.png 624w\" sizes=\"auto, (max-width: 913px) 100vw, 913px\" \/><figcaption class=\"wp-element-caption\">Hand2Note e a sala de poker est\u00e3o abertos, mas o HUD n\u00e3o funciona<\/figcaption><\/figure>\n\n\n\n<p>Ent\u00e3o, vamos resolver isso. Nosso guia incluir\u00e1 passos simples (n\u00e3o os pule, eles podem ajudar!), e tamb\u00e9m alguns mais espec\u00edficos.<\/p>\n\n\n\n<h2 class=\"wp-block-heading\">1. Certifique-se de que voc\u00ea est\u00e1 executando um aplicativo suportado<\/h2>\n\n\n\n<p>Se voc\u00ea est\u00e1 tentando obter o HUD nos sites mais populares como <a href=\"https:\/\/hand2noteguide.com\/pt\/pokerstars-hud\/\">PokerStars<\/a>, pode prosseguir para o pr\u00f3ximo passo. Mas se for uma sala menos popular, voc\u00ea precisa garantir que ela seja suportada pelo Hand2Note. D\u00ea uma olhada na lista de <a href=\"https:\/\/hand2note.com\/Help\/pages\/SupportedRooms\/\">aplicativos suportados<\/a> e verifique. (H\u00e1 uma lista separada de <a href=\"https:\/\/hand2noteguide.com\/pt\/asian\/\">salas asi\u00e1ticas suportadas<\/a>). Se o seu aplicativo n\u00e3o estiver na lista, obviamente o HUD do Hand2Note n\u00e3o funcionar\u00e1 l\u00e1.<\/p>\n\n\n\n<h2 class=\"wp-block-heading\">2. Atualize o Hand2Note para a vers\u00e3o mais recente<\/h2>\n\n\n\n<p>\u00c9 melhor manter o software Hand2Note atualizado, pois a vers\u00e3o mais recente pode conter corre\u00e7\u00f5es para os problemas com a sua sala. Ent\u00e3o, se voc\u00ea vir a inscri\u00e7\u00e3o Atualiza\u00e7\u00f5es em vermelho, clique nela e instale todas as atualiza\u00e7\u00f5es dispon\u00edveis.<\/p>\n\n\n\n<figure class=\"wp-block-image size-large\"><img loading=\"lazy\" decoding=\"async\" width=\"514\" height=\"248\" src=\"https:\/\/hand2noteguide.com\/wp-content\/uploads\/2020\/07\/hand2note-update.png\" alt=\"\" class=\"wp-image-3368\" srcset=\"https:\/\/hand2noteguide.com\/wp-content\/uploads\/2020\/07\/hand2note-update.png 514w, https:\/\/hand2noteguide.com\/wp-content\/uploads\/2020\/07\/hand2note-update-300x145.png 300w\" sizes=\"auto, (max-width: 514px) 100vw, 514px\" \/><figcaption class=\"wp-element-caption\">Atualize o Hand2Note para fazer o HUD funcionar<\/figcaption><\/figure>\n\n\n\n<h2 class=\"wp-block-heading\">3. Instale as atualiza\u00e7\u00f5es do Windows OS<\/h2>\n\n\n\n<p>Recomendamos instalar todas as atualiza\u00e7\u00f5es dispon\u00edveis do Windows tamb\u00e9m. Em alguns casos, isso pode ajudar a resolver o problema do HUD do Hand2Note. Mas mesmo que n\u00e3o ajude com esse problema no seu caso, ainda \u00e9 \u00fatil para uma opera\u00e7\u00e3o mais est\u00e1vel do software Hand2Note.<\/p>\n\n\n\n<figure class=\"wp-block-image size-large\"><img loading=\"lazy\" decoding=\"async\" width=\"700\" height=\"278\" src=\"https:\/\/hand2noteguide.com\/wp-content\/uploads\/2020\/07\/windows-update.png\" alt=\"\" class=\"wp-image-3370\" srcset=\"https:\/\/hand2noteguide.com\/wp-content\/uploads\/2020\/07\/windows-update.png 700w, https:\/\/hand2noteguide.com\/wp-content\/uploads\/2020\/07\/windows-update-300x119.png 300w, https:\/\/hand2noteguide.com\/wp-content\/uploads\/2020\/07\/windows-update-624x248.png 624w\" sizes=\"auto, (max-width: 700px) 100vw, 700px\" \/><figcaption class=\"wp-element-caption\">Atualizar o Windows tamb\u00e9m pode ser \u00fatil<\/figcaption><\/figure>\n\n\n\n<h2 class=\"wp-block-heading\">4. Execute todos os aplicativos como administrador<\/h2>\n\n\n\n<p>O Hand2Note \u00e9 executado como administrador por padr\u00e3o. Mas o aplicativo da sua sala de poker pode n\u00e3o fazer o mesmo. Ent\u00e3o, quando voc\u00ea abrir sua sala, clique com o bot\u00e3o direito no atalho e selecione &#8220;Executar como administrador&#8221;. Se voc\u00ea joga em aplicativos asi\u00e1ticos atrav\u00e9s do emulador Android, pode pular esta etapa.<\/p>\n\n\n\n<figure class=\"wp-block-image size-large\"><img loading=\"lazy\" decoding=\"async\" width=\"393\" height=\"273\" src=\"https:\/\/hand2noteguide.com\/wp-content\/uploads\/2020\/07\/pokerstars-admin.png\" alt=\"\" class=\"wp-image-3372\" srcset=\"https:\/\/hand2noteguide.com\/wp-content\/uploads\/2020\/07\/pokerstars-admin.png 393w, https:\/\/hand2noteguide.com\/wp-content\/uploads\/2020\/07\/pokerstars-admin-300x208.png 300w\" sizes=\"auto, (max-width: 393px) 100vw, 393px\" \/><figcaption class=\"wp-element-caption\">Execute o aplicativo da sala de poker como administrador<\/figcaption><\/figure>\n\n\n\n<h2 class=\"wp-block-heading\">5. Verifique se sua licen\u00e7a do Hand2Note est\u00e1 ativa<\/h2>\n\n\n\n<p>Se voc\u00ea deseja exibir o HUD em uma das salas europeias ou americanas, a <a href=\"https:\/\/hand2noteguide.com\/pt\/hand2note-for-free\/\">vers\u00e3o gratuita do Hand2Note<\/a> \u00e9 adequada para voc\u00ea. Ent\u00e3o, voc\u00ea pode pular essa etapa. Mas se voc\u00ea est\u00e1 tentando usar o HUD no <a href=\"https:\/\/hand2noteguide.com\/pt\/pokerbros-hud\/\">PokerBros<\/a>, <a href=\"https:\/\/hand2noteguide.com\/pt\/pppoker-hud\/\">PPPoker<\/a>, ou em algum outro aplicativo asi\u00e1tico, voc\u00ea precisa ter uma licen\u00e7a ativa. Pode ser um per\u00edodo de teste gratuito para salas asi\u00e1ticas, ou uma assinatura ASIA ou PRO. Se voc\u00ea n\u00e3o a tiver, pode <a href=\"https:\/\/hand2noteguide.com\/pt\/promo\/\">compr\u00e1-la com desconto<\/a> com nosso c\u00f3digo promocional. Recomendamos escolher a vers\u00e3o PRO, pois ela cont\u00e9m <a href=\"https:\/\/hand2noteguide.com\/pt\/why-purchase-hand2note\/\">todos os recursos avan\u00e7ados<\/a> do software.<\/p>\n\n\n\n<figure class=\"wp-block-image size-large\"><img loading=\"lazy\" decoding=\"async\" width=\"445\" height=\"445\" src=\"https:\/\/hand2noteguide.com\/wp-content\/uploads\/2020\/07\/hand2note-range-pro.png\" alt=\"\" class=\"wp-image-3376\" srcset=\"https:\/\/hand2noteguide.com\/wp-content\/uploads\/2020\/07\/hand2note-range-pro.png 445w, https:\/\/hand2noteguide.com\/wp-content\/uploads\/2020\/07\/hand2note-range-pro-300x300.png 300w, https:\/\/hand2noteguide.com\/wp-content\/uploads\/2020\/07\/hand2note-range-pro-150x150.png 150w, https:\/\/hand2noteguide.com\/wp-content\/uploads\/2020\/07\/hand2note-range-pro-96x96.png 96w\" sizes=\"auto, (max-width: 445px) 100vw, 445px\" \/><figcaption class=\"wp-element-caption\">Diagramas de range de m\u00e3os de poker fazem parte da vers\u00e3o PRO do Hand2Note<\/figcaption><\/figure>\n\n\n\n<h2 class=\"wp-block-heading\">6. Apenas espere<\/h2>\n\n\n\n<p>O HUD pode n\u00e3o aparecer instantaneamente se voc\u00ea come\u00e7ar a usar o Hand2Note na sala pela primeira vez. Ent\u00e3o, tente apenas esperar alguns minutos. Observe que voc\u00ea n\u00e3o precisa estar sentado \u00e0 mesa para obter o HUD. O Hand2Note deve mostrar o HUD nos oponentes mesmo se voc\u00ea estiver apenas observando o jogo.<\/p>\n\n\n\n<figure class=\"wp-block-image size-large\"><img loading=\"lazy\" decoding=\"async\" width=\"650\" height=\"476\" src=\"https:\/\/hand2noteguide.com\/wp-content\/uploads\/2020\/07\/hand2note-pokerstars-hud.png\" alt=\"\" class=\"wp-image-3374\" srcset=\"https:\/\/hand2noteguide.com\/wp-content\/uploads\/2020\/07\/hand2note-pokerstars-hud.png 650w, https:\/\/hand2noteguide.com\/wp-content\/uploads\/2020\/07\/hand2note-pokerstars-hud-300x220.png 300w, https:\/\/hand2noteguide.com\/wp-content\/uploads\/2020\/07\/hand2note-pokerstars-hud-624x457.png 624w\" sizes=\"auto, (max-width: 650px) 100vw, 650px\" \/><figcaption class=\"wp-element-caption\">O HUD do Hand2Note \u00e9 exibido no modo observador no PokerStars<\/figcaption><\/figure>\n\n\n\n<h2 class=\"wp-block-heading\">7. Reinicie tudo duas vezes<\/h2>\n\n\n\n<p>\u00c9 \u00f3bvio, mas em um n\u00famero consider\u00e1vel de casos, isso pode ajudar. Ent\u00e3o, tente reiniciar:<\/p>\n\n\n\n<ul class=\"wp-block-list\">\n<li>seu PC;<\/li>\n\n\n\n<li>roteador WiFi;<\/li>\n\n\n\n<li>Hand2Note;<\/li>\n\n\n\n<li>aplicativo da sala de poker.<\/li>\n<\/ul>\n\n\n\n<p>Voc\u00ea n\u00e3o precisar\u00e1 fazer isso toda vez. \u00c9 necess\u00e1rio apenas uma vez para que o Hand2Note capture o tr\u00e1fego do seu aplicativo.<\/p>\n\n\n\n<h2 class=\"wp-block-heading\">8. E se nada ajudou?<\/h2>\n\n\n\n<p>Se voc\u00ea completou todas as etapas, mas ainda n\u00e3o h\u00e1 HUD nas mesas, talvez haja um problema espec\u00edfico na sua configura\u00e7\u00e3o. Ou tamb\u00e9m pode ser um problema geral do Hand2Note ap\u00f3s a atualiza\u00e7\u00e3o de um aplicativo de sala espec\u00edfico. Por favor, entre em contato com a <a href=\"https:\/\/hand2noteguide.com\/pt\/hand2note-official-support\/\">equipe de suporte do Hand2Note<\/a>. Eles fornecer\u00e3o as informa\u00e7\u00f5es mais recentes sobre certas salas e ajudar\u00e3o a obter o HUD se tudo estiver bem do lado do Hand2Note.<\/p>\n\n\n\n<p style=\"margin-top:24px\"><a style=\"font-weight:bold !important\" href=\"\/pt\/hand2note-official-support\/\" class=\"article-action-link\">Entre em contato com a equipe de suporte do Hand2Note \u2192<\/a><\/p>\n","protected":false},"excerpt":{"rendered":"<p>Normalmente, o HUD aparece automaticamente quando voc\u00ea executa o Hand2Note e o aplicativo da sala de poker simultaneamente. Mas o que fazer se o HUD do Hand2Note n\u00e3o estiver aparecendo por algum motivo? Vamos fornecer um guia passo a passo para resolver o problema do HUD neste artigo. Ent\u00e3o, vamos resolver isso. Nosso guia incluir\u00e1 &hellip; <a href=\"https:\/\/hand2noteguide.com\/pt\/issues-resolving\/hud-not-showing\/\" class=\"more-link\">Continue reading <span class=\"screen-reader-text\">O HUD n\u00e3o est\u00e1 aparecendo. O que fazer?<\/span><\/a><\/p>\n","protected":false},"author":1,"featured_media":0,"parent":236,"menu_order":0,"comment_status":"closed","ping_status":"closed","template":"","meta":{"footnotes":""},"class_list":["post-3334","page","type-page","status-publish","hentry"],"translation":{"provider":"WPGlobus","version":"3.0.2","language":"pt","enabled_languages":["en","ru","pt","zh","es","fr","de","it","ja"],"languages":{"en":{"title":true,"content":true,"excerpt":false},"ru":{"title":true,"content":true,"excerpt":false},"pt":{"title":true,"content":true,"excerpt":false},"zh":{"title":true,"content":true,"excerpt":false},"es":{"title":true,"content":true,"excerpt":false},"fr":{"title":true,"content":true,"excerpt":false},"de":{"title":true,"content":true,"excerpt":false},"it":{"title":true,"content":true,"excerpt":false},"ja":{"title":true,"content":true,"excerpt":false}}},"yoast_head":"<!-- This site is optimized with the Yoast SEO plugin v27.0 - https:\/\/yoast.com\/product\/yoast-seo-wordpress\/ -->\n<title>O HUD do Hand2Note n\u00e3o funciona? 7 passos para resolver o problema<\/title>\n<meta name=\"description\" content=\"Se o HUD do Hand2Note n\u00e3o funcionar por algum motivo, n\u00e3o se preocupe. Fornecemos um guia passo a passo sobre como resolver o problema do HUD. Voc\u00ea ter\u00e1 o HUD na sua sala de poker.\" \/>\n<meta name=\"robots\" content=\"index, follow, max-snippet:-1, max-image-preview:large, max-video-preview:-1\" \/>\n<link rel=\"canonical\" href=\"https:\/\/hand2noteguide.com\/issues-resolving\/hud-not-showing\/\" \/>\n<meta property=\"og:locale\" content=\"pt_PT\" \/>\n<meta property=\"og:type\" content=\"article\" \/>\n<meta property=\"og:title\" content=\"O HUD do Hand2Note n\u00e3o funciona? 7 passos para resolver o problema\" \/>\n<meta property=\"og:description\" content=\"Se o HUD do Hand2Note n\u00e3o funcionar por algum motivo, n\u00e3o se preocupe. Fornecemos um guia passo a passo sobre como resolver o problema do HUD. Voc\u00ea ter\u00e1 o HUD na sua sala de poker.\" \/>\n<meta property=\"og:url\" content=\"https:\/\/hand2noteguide.com\/issues-resolving\/hud-not-showing\/\" \/>\n<meta property=\"og:site_name\" content=\"Hand2Note Guide\" \/>\n<meta property=\"article:modified_time\" content=\"2026-02-21T18:01:32+00:00\" \/>\n<meta property=\"og:image\" content=\"https:\/\/hand2noteguide.com\/wp-content\/uploads\/2020\/07\/hand2note-hud-not-showing.png\" \/>\n<meta name=\"twitter:card\" content=\"summary_large_image\" \/>\n<meta name=\"twitter:label1\" content=\"Est. reading time\" \/>\n\t<meta name=\"twitter:data1\" content=\"23 minutes\" \/>\n<!-- \/ Yoast SEO plugin. -->","yoast_head_json":{"title":"O HUD do Hand2Note n\u00e3o funciona? 7 passos para resolver o problema","description":"Se o HUD do Hand2Note n\u00e3o funcionar por algum motivo, n\u00e3o se preocupe. Fornecemos um guia passo a passo sobre como resolver o problema do HUD. Voc\u00ea ter\u00e1 o HUD na sua sala de poker.","robots":{"index":"index","follow":"follow","max-snippet":"max-snippet:-1","max-image-preview":"max-image-preview:large","max-video-preview":"max-video-preview:-1"},"canonical":"https:\/\/hand2noteguide.com\/issues-resolving\/hud-not-showing\/","og_locale":"pt_PT","og_type":"article","og_title":"O HUD do Hand2Note n\u00e3o funciona? 7 passos para resolver o problema","og_description":"Se o HUD do Hand2Note n\u00e3o funcionar por algum motivo, n\u00e3o se preocupe. Fornecemos um guia passo a passo sobre como resolver o problema do HUD. Voc\u00ea ter\u00e1 o HUD na sua sala de poker.","og_url":"https:\/\/hand2noteguide.com\/issues-resolving\/hud-not-showing\/","og_site_name":"Hand2Note Guide","article_modified_time":"2026-02-21T18:01:32+00:00","og_image":[{"url":"https:\/\/hand2noteguide.com\/wp-content\/uploads\/2020\/07\/hand2note-hud-not-showing.png","type":"","width":"","height":""}],"twitter_card":"summary_large_image","twitter_misc":{"Est. reading time":"23 minutes"},"schema":{"@context":"https:\/\/schema.org","@graph":[]}},"jetpack_sharing_enabled":true,"_links":{"self":[{"href":"https:\/\/hand2noteguide.com\/pt\/wp-json\/wp\/v2\/pages\/3334","targetHints":{"allow":["GET"]}}],"collection":[{"href":"https:\/\/hand2noteguide.com\/pt\/wp-json\/wp\/v2\/pages"}],"about":[{"href":"https:\/\/hand2noteguide.com\/pt\/wp-json\/wp\/v2\/types\/page"}],"author":[{"embeddable":true,"href":"https:\/\/hand2noteguide.com\/pt\/wp-json\/wp\/v2\/users\/1"}],"replies":[{"embeddable":true,"href":"https:\/\/hand2noteguide.com\/pt\/wp-json\/wp\/v2\/comments?post=3334"}],"version-history":[{"count":60,"href":"https:\/\/hand2noteguide.com\/pt\/wp-json\/wp\/v2\/pages\/3334\/revisions"}],"predecessor-version":[{"id":13498,"href":"https:\/\/hand2noteguide.com\/pt\/wp-json\/wp\/v2\/pages\/3334\/revisions\/13498"}],"up":[{"embeddable":true,"href":"https:\/\/hand2noteguide.com\/pt\/wp-json\/wp\/v2\/pages\/236"}],"wp:attachment":[{"href":"https:\/\/hand2noteguide.com\/pt\/wp-json\/wp\/v2\/media?parent=3334"}],"curies":[{"name":"wp","href":"https:\/\/api.w.org\/{rel}","templated":true}]}}