{"id":3424,"date":"2020-07-15T21:57:55","date_gmt":"2020-07-15T18:57:55","guid":{"rendered":"http:\/\/hand2noteguide.com\/?page_id=3424"},"modified":"2026-02-21T20:59:35","modified_gmt":"2026-02-21T17:59:35","slug":"range-research","status":"publish","type":"page","link":"https:\/\/hand2noteguide.com\/pt\/guide\/range-research\/","title":{"rendered":"Range Research (Poker MDA)"},"content":{"rendered":"<div class=\"wp-block-h2n-alert h2n-alert h2n-alert--danger\"><div class=\"h2n-alert__icon\" aria-hidden=\"true\"><svg width=\"22\" height=\"22\" viewBox=\"0 0 24 24\" fill=\"none\" stroke=\"currentColor\" stroke-width=\"2\" stroke-linecap=\"round\" stroke-linejoin=\"round\"><polygon points=\"7.86 2 16.14 2 22 7.86 22 16.14 16.14 22 7.86 22 2 16.14 2 7.86 7.86 2\"\/><line x1=\"12\" y1=\"8\" x2=\"12\" y2=\"12\"\/><circle cx=\"12\" cy=\"16\" r=\"1\" fill=\"currentColor\" stroke=\"none\"\/><\/svg><\/div><div class=\"h2n-alert__content\">Range Research \u00e9 uma funcionalidade legada do Hand2Note 3, que agora est\u00e1 desatualizado. Na vers\u00e3o mais recente, Hand2Note 4, o Range Research foi substitu\u00eddo pelo <strong>Multiple Player Reports<\/strong>. Confira nosso <a href=\"https:\/\/hand2noteguide.com\/pt\/user-manual\/the-multiple-players-tool-in-hand2note-range-research\/\">guia sobre a ferramenta Multiple Player Reports<\/a>.<\/div><\/div>\n\n\n<p>Range Research \u00e9 uma ferramenta de poker do <a href=\"https:\/\/hand2note.com\/pt\/\" target=\"_blank\" aria-label=\"undefined (abre em uma nova aba)\" rel=\"noreferrer noopener\">Hand2Note<\/a> que permite explorar as tend\u00eancias do pool de jogadores. \u00c9 uma das fun\u00e7\u00f5es mais poderosas do Hand2Note. O Range Research est\u00e1 dispon\u00edvel apenas nos planos de assinatura PRO ou EDGE. Se voc\u00ea ainda n\u00e3o tem uma licen\u00e7a, pode <a href=\"https:\/\/hand2noteguide.com\/pt\/promo\/\">compr\u00e1-la com desconto usando nosso cupom Hand2Note<\/a>.<\/p>\n\n\n\n<p>A fun\u00e7\u00e3o Range Research oferece possibilidades incr\u00edveis para investigar minuciosamente o jogo do seu oponente. Voc\u00ea pode descobrir:<\/p>\n\n\n\n<ul class=\"wp-block-list\">\n<li>quais frequ\u00eancias e ranges os melhores regulares utilizam;<\/li>\n\n\n\n<li>como os fishes agressivos fazem overbet no <a href=\"https:\/\/hand2noteguide.com\/pt\/poker\/poker-streets\/\">river<\/a> em texturas espec\u00edficas de board;<\/li>\n\n\n\n<li>qu\u00e3o tight os regulares fazem 4bet no preflop em <a href=\"https:\/\/hand2noteguide.com\/pt\/poker\/poker-positions\/\">posi\u00e7\u00f5es<\/a> espec\u00edficas;<\/li>\n\n\n\n<li>e muitos outros.<\/li>\n<\/ul>\n\n\n\n<figure class=\"wp-block-image size-large\"><img loading=\"lazy\" decoding=\"async\" width=\"1024\" height=\"566\" src=\"https:\/\/hand2noteguide.com\/wp-content\/uploads\/2020\/07\/Hand2Note-Range-Research-1024x566.png\" alt=\"Hand2Note Range Research\" class=\"wp-image-3459\" srcset=\"https:\/\/hand2noteguide.com\/wp-content\/uploads\/2020\/07\/Hand2Note-Range-Research-1024x566.png 1024w, https:\/\/hand2noteguide.com\/wp-content\/uploads\/2020\/07\/Hand2Note-Range-Research-300x166.png 300w, https:\/\/hand2noteguide.com\/wp-content\/uploads\/2020\/07\/Hand2Note-Range-Research-768x424.png 768w, https:\/\/hand2noteguide.com\/wp-content\/uploads\/2020\/07\/Hand2Note-Range-Research-772x426.png 772w, https:\/\/hand2noteguide.com\/wp-content\/uploads\/2020\/07\/Hand2Note-Range-Research-624x345.png 624w, https:\/\/hand2noteguide.com\/wp-content\/uploads\/2020\/07\/Hand2Note-Range-Research.png 1249w\" sizes=\"auto, (max-width: 1024px) 100vw, 1024px\" \/><figcaption class=\"wp-element-caption\">Janela inicial do Range Research<\/figcaption><\/figure>\n\n\n\n<p>Assim, voc\u00ea pode adquirir conhecimento sobre como jogadores de poker com crit\u00e9rios espec\u00edficos jogam em todos os poss\u00edveis cen\u00e1rios de jogo.<\/p>\n\n\n\n<h2 class=\"wp-block-heading\">Como usar o Range Research?<\/h2>\n\n\n\n<p>O princ\u00edpio b\u00e1sico de funcionamento desta ferramenta \u00e9 o seguinte:<\/p>\n\n\n\n<ol class=\"wp-block-list\">\n<li>Voc\u00ea define os par\u00e2metros do relat\u00f3rio e crit\u00e9rios espec\u00edficos para filtrar os jogadores.<\/li>\n\n\n\n<li>O Hand2Note escaneia seu banco de dados e encontra todos os jogadores cujas estat\u00edsticas se encaixam nos par\u00e2metros especificados.<\/li>\n\n\n\n<li>Voc\u00ea v\u00ea o popup com uma amostra combinada de todos os jogadores encontrados.<\/li>\n<\/ol>\n\n\n\n<p>Por exemplo, vamos criar um relat\u00f3rio simples para jogadores regulares. Abra o Range Research, crie um novo relat\u00f3rio e nomeie-o &#8220;Todos os regs&#8221;. Selecione seu tipo de jogo e defina o filtro &#8220;\u00c9 reg&#8221; no bloco Base Stats. Em seguida, clique em &#8220;Build&#8221;.<\/p>\n\n\n\n<figure class=\"wp-block-image size-large\"><img loading=\"lazy\" decoding=\"async\" width=\"1024\" height=\"594\" src=\"https:\/\/hand2noteguide.com\/wp-content\/uploads\/2020\/07\/range-research-regs-report-1024x594.png\" alt=\"Relat\u00f3rio do Range Research para jogadores regulares\" class=\"wp-image-3473\" srcset=\"https:\/\/hand2noteguide.com\/wp-content\/uploads\/2020\/07\/range-research-regs-report-1024x594.png 1024w, https:\/\/hand2noteguide.com\/wp-content\/uploads\/2020\/07\/range-research-regs-report-300x174.png 300w, https:\/\/hand2noteguide.com\/wp-content\/uploads\/2020\/07\/range-research-regs-report-768x446.png 768w, https:\/\/hand2noteguide.com\/wp-content\/uploads\/2020\/07\/range-research-regs-report-772x448.png 772w, https:\/\/hand2noteguide.com\/wp-content\/uploads\/2020\/07\/range-research-regs-report-624x362.png 624w, https:\/\/hand2noteguide.com\/wp-content\/uploads\/2020\/07\/range-research-regs-report.png 1125w\" sizes=\"auto, (max-width: 1024px) 100vw, 1024px\" \/><figcaption class=\"wp-element-caption\">Configurando o relat\u00f3rio do Range Research para jogadores regulares<\/figcaption><\/figure>\n\n\n\n<p>Como resultado, obtivemos o popup geral com estat\u00edsticas resumidas de todos os regs do banco de dados. Podemos investigar suas frequ\u00eancias e composi\u00e7\u00f5es de ranges em diferentes situa\u00e7\u00f5es de jogo.<\/p>\n\n\n\n<figure class=\"wp-block-image size-large\"><img loading=\"lazy\" decoding=\"async\" width=\"1024\" height=\"639\" src=\"https:\/\/hand2noteguide.com\/wp-content\/uploads\/2020\/07\/range-research-result-1024x639.png\" alt=\"Resultados do Range Research\" class=\"wp-image-3475\" srcset=\"https:\/\/hand2noteguide.com\/wp-content\/uploads\/2020\/07\/range-research-result-1024x639.png 1024w, https:\/\/hand2noteguide.com\/wp-content\/uploads\/2020\/07\/range-research-result-300x187.png 300w, https:\/\/hand2noteguide.com\/wp-content\/uploads\/2020\/07\/range-research-result-768x479.png 768w, https:\/\/hand2noteguide.com\/wp-content\/uploads\/2020\/07\/range-research-result-772x482.png 772w, https:\/\/hand2noteguide.com\/wp-content\/uploads\/2020\/07\/range-research-result-624x389.png 624w, https:\/\/hand2noteguide.com\/wp-content\/uploads\/2020\/07\/range-research-result.png 1154w\" sizes=\"auto, (max-width: 1024px) 100vw, 1024px\" \/><figcaption class=\"wp-element-caption\">Popup resultante com amostra combinada de todos os regulares<\/figcaption><\/figure>\n\n\n\n<p>Em nosso exemplo, usamos a configura\u00e7\u00e3o padr\u00e3o, ent\u00e3o obtivemos o popup geral padr\u00e3o como resultado do nosso relat\u00f3rio. Mas voc\u00ea tamb\u00e9m pode usar popups mais avan\u00e7ados para investigar minuciosamente todas as poss\u00edveis linhas, tamanhos e texturas de board.<\/p>\n\n\n\n<p>D\u00ea uma olhada nos pacotes especiais de <a aria-label=\"undefined (abre em uma nova aba)\" href=\"https:\/\/hand2noteguide.com\/pt\/hud-store\/#package_tank_mda\" target=\"_blank\" rel=\"noreferrer noopener\">popups de Range Research<\/a> em nossa loja.<\/p>\n\n\n\n<figure class=\"wp-block-image size-large\"><img loading=\"lazy\" decoding=\"async\" width=\"1024\" height=\"951\" src=\"http:\/\/hand2noteguide.com\/wp-content\/uploads\/2020\/08\/3a-preflop-Overall-1024x951.png\" alt=\"\" class=\"wp-image-3636\" srcset=\"https:\/\/hand2noteguide.com\/wp-content\/uploads\/2020\/08\/3a-preflop-Overall-1024x951.png 1024w, https:\/\/hand2noteguide.com\/wp-content\/uploads\/2020\/08\/3a-preflop-Overall-300x279.png 300w, https:\/\/hand2noteguide.com\/wp-content\/uploads\/2020\/08\/3a-preflop-Overall-768x714.png 768w, https:\/\/hand2noteguide.com\/wp-content\/uploads\/2020\/08\/3a-preflop-Overall-772x717.png 772w, https:\/\/hand2noteguide.com\/wp-content\/uploads\/2020\/08\/3a-preflop-Overall-624x580.png 624w, https:\/\/hand2noteguide.com\/wp-content\/uploads\/2020\/08\/3a-preflop-Overall.png 1158w\" sizes=\"auto, (max-width: 1024px) 100vw, 1024px\" \/><figcaption class=\"wp-element-caption\">Este popup \u00e9 parte do pacote <a href=\"https:\/\/hand2noteguide.com\/pt\/hud-store\/tank-mda\/\" target=\"_blank\" aria-label=\"undefined (abre em uma nova aba)\" rel=\"noreferrer noopener\">TANK MDA<\/a><\/figcaption><\/figure>\n\n\n\n<h2 class=\"wp-block-heading\">Quero aprender mais<\/h2>\n\n\n\n<p>Se voc\u00ea quer estudar todas as capacidades do Hand2Note e do Range Research, preste aten\u00e7\u00e3o ao meu <a href=\"https:\/\/hand2noteguide.com\/pt\/video-course\/\">curso em v\u00eddeo<\/a>.<\/p>\n\n\n\n<figure class=\"wp-block-image size-large\"><a href=\"https:\/\/nickjames.teachable.com\/courses\/hand2note-professional-usage\/lectures\/14423550?utm_source=hand2noteguide.com&amp;utm_medium=referral&amp;utm_campaign=hand2noteguide.com\" target=\"_blank\" rel=\"noopener noreferrer\"><img loading=\"lazy\" decoding=\"async\" width=\"954\" height=\"652\" src=\"http:\/\/hand2noteguide.com\/wp-content\/uploads\/2020\/09\/hand2note-video-course-2.png\" alt=\"\" class=\"wp-image-4040\" srcset=\"https:\/\/hand2noteguide.com\/wp-content\/uploads\/2020\/09\/hand2note-video-course-2.png 954w, https:\/\/hand2noteguide.com\/wp-content\/uploads\/2020\/09\/hand2note-video-course-2-300x205.png 300w, https:\/\/hand2noteguide.com\/wp-content\/uploads\/2020\/09\/hand2note-video-course-2-768x525.png 768w, https:\/\/hand2noteguide.com\/wp-content\/uploads\/2020\/09\/hand2note-video-course-2-772x528.png 772w, https:\/\/hand2noteguide.com\/wp-content\/uploads\/2020\/09\/hand2note-video-course-2-624x426.png 624w\" sizes=\"auto, (max-width: 954px) 100vw, 954px\" \/><\/a><figcaption class=\"wp-element-caption\">Uma parte do <a href=\"https:\/\/hand2noteguide.com\/pt\/video-course\/\">curso em v\u00eddeo do Hand2Note<\/a><\/figcaption><\/figure>\n\n\n\n<p>\u00c9 um curso completo que cobre todas as funcionalidades do Hand2Note. Mas mesmo que voc\u00ea queira aprender apenas o Range Research, ainda recomendo que complete o curso inteiro. Existem muitos t\u00f3picos paralelos que podem melhorar significativamente seu trabalho com o Range Research e a efici\u00eancia de sua an\u00e1lise em geral:<\/p>\n\n\n\n<ul class=\"wp-block-list\">\n<li>Sistema de reconhecimento de Reg\/Fish<\/li>\n\n\n\n<li>Estat\u00edsticas Plain e Expression no Hand2Note<\/li>\n\n\n\n<li>Popup estendido sobre estat\u00edsticas (incluindo diagramas preflop e postflop)<\/li>\n\n\n\n<li>Customiza\u00e7\u00e3o de texturas de board<\/li>\n\n\n\n<li>etc.<\/li>\n<\/ul>\n\n\n\n<p>Ap\u00f3s completar o curso, voc\u00ea ter\u00e1 todo o conhecimento necess\u00e1rio para trabalhar profissionalmente com o Range Research e o Hand2Note em geral.<\/p>\n\n\n\n<p>Como alternativa, voc\u00ea pode usar <a href=\"https:\/\/hand2noteguide.com\/pt\/training\/\">sess\u00f5es de coaching<\/a>. Pode ser uma op\u00e7\u00e3o decente se voc\u00ea tiver um conjunto de perguntas espec\u00edficas e estiver procurando uma abordagem mais personalizada.<\/p>\n","protected":false},"excerpt":{"rendered":"<p>Range Research \u00e9 uma ferramenta de poker do Hand2Note que permite explorar as tend\u00eancias do pool de jogadores. \u00c9 uma das fun\u00e7\u00f5es mais poderosas do Hand2Note. O Range Research est\u00e1 dispon\u00edvel apenas nos planos de assinatura PRO ou EDGE. Se voc\u00ea ainda n\u00e3o tem uma licen\u00e7a, pode compr\u00e1-la com desconto usando nosso cupom Hand2Note. A &hellip; <a href=\"https:\/\/hand2noteguide.com\/pt\/guide\/range-research\/\" class=\"more-link\">Continue reading <span class=\"screen-reader-text\">Range Research (Poker MDA)<\/span><\/a><\/p>\n","protected":false},"author":1,"featured_media":0,"parent":74,"menu_order":0,"comment_status":"closed","ping_status":"closed","template":"","meta":{"footnotes":""},"class_list":["post-3424","page","type-page","status-publish","hentry"],"translation":{"provider":"WPGlobus","version":"3.0.2","language":"pt","enabled_languages":["en","ru","pt","zh","es","fr","de","it","ja"],"languages":{"en":{"title":true,"content":true,"excerpt":false},"ru":{"title":true,"content":true,"excerpt":false},"pt":{"title":true,"content":true,"excerpt":false},"zh":{"title":true,"content":true,"excerpt":false},"es":{"title":true,"content":true,"excerpt":false},"fr":{"title":true,"content":true,"excerpt":false},"de":{"title":true,"content":true,"excerpt":false},"it":{"title":true,"content":true,"excerpt":false},"ja":{"title":true,"content":true,"excerpt":false}}},"yoast_head":"<!-- This site is optimized with the Yoast SEO plugin v27.0 - https:\/\/yoast.com\/product\/yoast-seo-wordpress\/ -->\n<title>Range Research no Hand2Note: analise estat\u00edsticas da pool com MDA<\/title>\n<meta name=\"description\" content=\"Aprenda a usar o Range Research no Hand2Note para estudar tend\u00eancias da pool. Crie relat\u00f3rios personalizados e melhore sua estrat\u00e9gia com MDA.\" \/>\n<meta name=\"robots\" content=\"index, follow, max-snippet:-1, max-image-preview:large, max-video-preview:-1\" \/>\n<link rel=\"canonical\" href=\"https:\/\/hand2noteguide.com\/guide\/range-research\/\" \/>\n<meta property=\"og:locale\" content=\"pt_PT\" \/>\n<meta property=\"og:type\" content=\"article\" \/>\n<meta property=\"og:title\" content=\"Range Research no Hand2Note: analise estat\u00edsticas da pool com MDA\" \/>\n<meta property=\"og:description\" content=\"Aprenda a usar o Range Research no Hand2Note para estudar tend\u00eancias da pool. Crie relat\u00f3rios personalizados e melhore sua estrat\u00e9gia com MDA.\" \/>\n<meta property=\"og:url\" content=\"https:\/\/hand2noteguide.com\/guide\/range-research\/\" \/>\n<meta property=\"og:site_name\" content=\"Hand2Note Guide\" \/>\n<meta property=\"article:modified_time\" content=\"2026-02-21T17:59:35+00:00\" \/>\n<meta property=\"og:image\" content=\"https:\/\/hand2noteguide.com\/wp-content\/uploads\/2020\/07\/Hand2Note-Range-Research-1024x566.png\" \/>\n<meta name=\"twitter:card\" content=\"summary_large_image\" \/>\n<meta name=\"twitter:label1\" content=\"Est. reading time\" \/>\n\t<meta name=\"twitter:data1\" content=\"17 minutes\" \/>\n<!-- \/ Yoast SEO plugin. -->","yoast_head_json":{"title":"Range Research no Hand2Note: analise estat\u00edsticas da pool com MDA","description":"Aprenda a usar o Range Research no Hand2Note para estudar tend\u00eancias da pool. Crie relat\u00f3rios personalizados e melhore sua estrat\u00e9gia com MDA.","robots":{"index":"index","follow":"follow","max-snippet":"max-snippet:-1","max-image-preview":"max-image-preview:large","max-video-preview":"max-video-preview:-1"},"canonical":"https:\/\/hand2noteguide.com\/guide\/range-research\/","og_locale":"pt_PT","og_type":"article","og_title":"Range Research no Hand2Note: analise estat\u00edsticas da pool com MDA","og_description":"Aprenda a usar o Range Research no Hand2Note para estudar tend\u00eancias da pool. Crie relat\u00f3rios personalizados e melhore sua estrat\u00e9gia com MDA.","og_url":"https:\/\/hand2noteguide.com\/guide\/range-research\/","og_site_name":"Hand2Note Guide","article_modified_time":"2026-02-21T17:59:35+00:00","og_image":[{"url":"https:\/\/hand2noteguide.com\/wp-content\/uploads\/2020\/07\/Hand2Note-Range-Research-1024x566.png","type":"","width":"","height":""}],"twitter_card":"summary_large_image","twitter_misc":{"Est. reading time":"17 minutes"},"schema":{"@context":"https:\/\/schema.org","@graph":[]}},"jetpack_sharing_enabled":true,"_links":{"self":[{"href":"https:\/\/hand2noteguide.com\/pt\/wp-json\/wp\/v2\/pages\/3424","targetHints":{"allow":["GET"]}}],"collection":[{"href":"https:\/\/hand2noteguide.com\/pt\/wp-json\/wp\/v2\/pages"}],"about":[{"href":"https:\/\/hand2noteguide.com\/pt\/wp-json\/wp\/v2\/types\/page"}],"author":[{"embeddable":true,"href":"https:\/\/hand2noteguide.com\/pt\/wp-json\/wp\/v2\/users\/1"}],"replies":[{"embeddable":true,"href":"https:\/\/hand2noteguide.com\/pt\/wp-json\/wp\/v2\/comments?post=3424"}],"version-history":[{"count":51,"href":"https:\/\/hand2noteguide.com\/pt\/wp-json\/wp\/v2\/pages\/3424\/revisions"}],"predecessor-version":[{"id":15254,"href":"https:\/\/hand2noteguide.com\/pt\/wp-json\/wp\/v2\/pages\/3424\/revisions\/15254"}],"up":[{"embeddable":true,"href":"https:\/\/hand2noteguide.com\/pt\/wp-json\/wp\/v2\/pages\/74"}],"wp:attachment":[{"href":"https:\/\/hand2noteguide.com\/pt\/wp-json\/wp\/v2\/media?parent=3424"}],"curies":[{"name":"wp","href":"https:\/\/api.w.org\/{rel}","templated":true}]}}